{"id":9660,"date":"2024-02-01T12:20:56","date_gmt":"2024-02-01T12:20:56","guid":{"rendered":"https:\/\/sunfixmobile.ee\/toode\/samsung-galaxy-s24-ultra-blue-star-uv-kaitseklaas\/"},"modified":"2025-07-31T00:00:18","modified_gmt":"2025-07-31T00:00:18","slug":"samsung-galaxy-s24-ultra-blue-star-uv-kaitseklaas","status":"publish","type":"product","link":"https:\/\/sunfixmobile.ee\/ru\/tovar\/samsung-galaxy-s24-ultra-blue-star-uv-kaitseklaas\/","title":{"rendered":"Samsung Galaxy S24 Ultra Blue Star UV kaitseklaas"},"content":{"rendered":"<p>UV-liimiga kokku pandud kvaliteetne karastatud klaas. Klaas kleepub ideaalselt<br \/>kogu ekraani pinnale.<\/p>\n<p>Liim tagab 100% ekraani l\u00e4bipaistvuse ega m\u00f5juta puuteomadusi. Komplekt sisaldab k\u00f5iki montaa\u017ei osi, sisaldab UV lampi.<\/p>\n<p>Rahuldava efekti saavutamiseks kasutage paigaldamiseks kogu torust saadud liimi ettevaatlikult<br \/>selle \u00f5igest jaotusest. Standardne s\u00e4riaeg on umbes 60 sekundit.<\/p>\n<p>Olge liimi pealekandmisel eriti ettevaatlik, et v\u00e4ltida mikrofoni ja k\u00f5larite \u00fcleujutamist.<\/p>\n<p>S10 mudelis kasutatava s\u00f5rmej\u00e4ljelugeja t\u00fc\u00fcbi t\u00f5ttu v\u00f5ib p\u00e4rast kaitseklaasi paigaldamist tekkida probleeme selle toimimisega.<\/p>\n","protected":false},"excerpt":{"rendered":"<p>UV-liimiga kokku pandud kvaliteetne karastatud klaas. Klaas kleepub ideaalseltkogu ekraani pinnale. Liim tagab 100% ekraani l\u00e4bipaistvuse ega m\u00f5juta puuteomadusi. Komplekt sisaldab k\u00f5iki montaa\u017ei osi, sisaldab UV lampi. Rahuldava efekti saavutamiseks kasutage paigaldamiseks kogu torust saadud liimi ettevaatlikultselle \u00f5igest jaotusest. Standardne s\u00e4riaeg on umbes 60 sekundit. Olge liimi pealekandmisel eriti ettevaatlik, et v\u00e4ltida mikrofoni ja k\u00f5larite&#8230;<\/p>\n","protected":false},"featured_media":9654,"template":"","meta":[],"product_brand":[],"product_cat":[1255],"product_tag":[1311],"class_list":{"0":"post-9660","1":"product","2":"type-product","3":"status-publish","4":"has-post-thumbnail","6":"product_cat-kaitseklaasid","7":"product_tag-samsung-galaxy-s24-ultra","9":"first","10":"instock","11":"taxable","12":"shipping-taxable","13":"purchasable","14":"product-type-simple"},"yoast_head":"<!-- This site is optimized with the Yoast SEO plugin v27.2 - https:\/\/yoast.com\/product\/yoast-seo-wordpress\/ -->\n<title>Samsung Galaxy S24 Ultra Blue Star UV kaitseklaas - CompanySun<\/title>\n<meta name=\"robots\" content=\"index, follow, max-snippet:-1, max-image-preview:large, max-video-preview:-1\" \/>\n<link rel=\"canonical\" href=\"https:\/\/sunfixmobile.ee\/toode\/samsung-galaxy-s24-ultra-blue-star-uv-kaitseklaas\/\" \/>\n<meta property=\"og:locale\" content=\"ru_RU\" \/>\n<meta property=\"og:type\" content=\"article\" \/>\n<meta property=\"og:title\" content=\"Samsung Galaxy S24 Ultra Blue Star UV kaitseklaas - CompanySun\" \/>\n<meta property=\"og:description\" content=\"UV-liimiga kokku pandud kvaliteetne karastatud klaas. Klaas kleepub ideaalseltkogu ekraani pinnale. Liim tagab 100% ekraani l\u00e4bipaistvuse ega m\u00f5juta puuteomadusi. Komplekt sisaldab k\u00f5iki montaa\u017ei osi, sisaldab UV lampi. Rahuldava efekti saavutamiseks kasutage paigaldamiseks kogu torust saadud liimi ettevaatlikultselle \u00f5igest jaotusest. Standardne s\u00e4riaeg on umbes 60 sekundit. Olge liimi pealekandmisel eriti ettevaatlik, et v\u00e4ltida mikrofoni ja k\u00f5larite...\" \/>\n<meta property=\"og:url\" content=\"https:\/\/sunfixmobile.ee\/toode\/samsung-galaxy-s24-ultra-blue-star-uv-kaitseklaas\/\" \/>\n<meta property=\"og:site_name\" content=\"CompanySun\" \/>\n<meta property=\"article:publisher\" content=\"https:\/\/www.facebook.com\/sunfixtallinn\" \/>\n<meta property=\"article:modified_time\" content=\"2025-07-31T00:00:18+00:00\" \/>\n<meta property=\"og:image\" content=\"https:\/\/sunfixmobile.ee\/wp-content\/uploads\/2022\/05\/1.jpg\" \/>\n\t<meta property=\"og:image:width\" content=\"2000\" \/>\n\t<meta property=\"og:image:height\" content=\"1335\" \/>\n\t<meta property=\"og:image:type\" content=\"image\/jpeg\" \/>\n<meta name=\"twitter:card\" content=\"summary_large_image\" \/>\n<meta name=\"twitter:label1\" content=\"\u0426\u0435\u043d\u0430\" \/>\n\t<meta name=\"twitter:data1\" content=\"22,90&nbsp;&euro;\" \/>\n\t<meta name=\"twitter:label2\" content=\"\u0414\u043e\u0441\u0442\u0443\u043f\u043d\u043e\u0441\u0442\u044c\" \/>\n\t<meta name=\"twitter:data2\" content=\"\u0412 \u043d\u0430\u043b\u0438\u0447\u0438\u0438\" \/>\n<script type=\"application\/ld+json\" class=\"yoast-schema-graph\">{\"@context\":\"https:\/\/schema.org\",\"@graph\":[{\"@type\":\"WebPage\",\"@id\":\"https:\/\/sunfixmobile.ee\/toode\/samsung-galaxy-s24-ultra-blue-star-uv-kaitseklaas\/\",\"url\":\"https:\/\/sunfixmobile.ee\/toode\/samsung-galaxy-s24-ultra-blue-star-uv-kaitseklaas\/\",\"name\":\"Samsung Galaxy S24 Ultra Blue Star UV kaitseklaas - CompanySun\",\"isPartOf\":{\"@id\":\"https:\/\/sunfixmobile.ee\/#website\"},\"primaryImageOfPage\":{\"@id\":\"https:\/\/sunfixmobile.ee\/toode\/samsung-galaxy-s24-ultra-blue-star-uv-kaitseklaas\/#primaryimage\"},\"image\":{\"@id\":\"https:\/\/sunfixmobile.ee\/toode\/samsung-galaxy-s24-ultra-blue-star-uv-kaitseklaas\/#primaryimage\"},\"thumbnailUrl\":\"https:\/\/sunfixmobile.ee\/wp-content\/uploads\/2024\/02\/d850e3df7f1be5060bb82d51478679d2-3.webp\",\"datePublished\":\"2024-02-01T12:20:56+00:00\",\"dateModified\":\"2025-07-31T00:00:18+00:00\",\"breadcrumb\":{\"@id\":\"https:\/\/sunfixmobile.ee\/toode\/samsung-galaxy-s24-ultra-blue-star-uv-kaitseklaas\/#breadcrumb\"},\"inLanguage\":\"ru-RU\",\"potentialAction\":[{\"@type\":\"ReadAction\",\"target\":[\"https:\/\/sunfixmobile.ee\/toode\/samsung-galaxy-s24-ultra-blue-star-uv-kaitseklaas\/\"]}]},{\"@type\":\"ImageObject\",\"inLanguage\":\"ru-RU\",\"@id\":\"https:\/\/sunfixmobile.ee\/toode\/samsung-galaxy-s24-ultra-blue-star-uv-kaitseklaas\/#primaryimage\",\"url\":\"https:\/\/sunfixmobile.ee\/wp-content\/uploads\/2024\/02\/d850e3df7f1be5060bb82d51478679d2-3.webp\",\"contentUrl\":\"https:\/\/sunfixmobile.ee\/wp-content\/uploads\/2024\/02\/d850e3df7f1be5060bb82d51478679d2-3.webp\",\"width\":1000,\"height\":1000,\"caption\":\"d850e3df7f1be5060bb82d51478679d2-3.\"},{\"@type\":\"BreadcrumbList\",\"@id\":\"https:\/\/sunfixmobile.ee\/toode\/samsung-galaxy-s24-ultra-blue-star-uv-kaitseklaas\/#breadcrumb\",\"itemListElement\":[{\"@type\":\"ListItem\",\"position\":1,\"name\":\"Home\",\"item\":\"https:\/\/sunfixmobile.ee\/ru\/\"},{\"@type\":\"ListItem\",\"position\":2,\"name\":\"\u0412\u0441\u0435 \u0442\u043e\u0432\u0430\u0440\u044b\",\"item\":\"https:\/\/sunfixmobile.ee\/ru\/magazin\/\"},{\"@type\":\"ListItem\",\"position\":3,\"name\":\"Samsung Galaxy S24 Ultra Blue Star UV kaitseklaas\"}]},{\"@type\":\"WebSite\",\"@id\":\"https:\/\/sunfixmobile.ee\/#website\",\"url\":\"https:\/\/sunfixmobile.ee\/\",\"name\":\"CompanySun\",\"description\":\"\",\"publisher\":{\"@id\":\"https:\/\/sunfixmobile.ee\/#organization\"},\"potentialAction\":[{\"@type\":\"SearchAction\",\"target\":{\"@type\":\"EntryPoint\",\"urlTemplate\":\"https:\/\/sunfixmobile.ee\/?s={search_term_string}\"},\"query-input\":{\"@type\":\"PropertyValueSpecification\",\"valueRequired\":true,\"valueName\":\"search_term_string\"}}],\"inLanguage\":\"ru-RU\"},{\"@type\":\"Organization\",\"@id\":\"https:\/\/sunfixmobile.ee\/#organization\",\"name\":\"CompanySun O\u00dc\",\"url\":\"https:\/\/sunfixmobile.ee\/\",\"logo\":{\"@type\":\"ImageObject\",\"inLanguage\":\"ru-RU\",\"@id\":\"https:\/\/sunfixmobile.ee\/#\/schema\/logo\/image\/\",\"url\":\"https:\/\/sunfixmobile.ee\/wp-content\/uploads\/2022\/05\/logo.png\",\"contentUrl\":\"https:\/\/sunfixmobile.ee\/wp-content\/uploads\/2022\/05\/logo.png\",\"width\":257,\"height\":85,\"caption\":\"CompanySun O\u00dc\"},\"image\":{\"@id\":\"https:\/\/sunfixmobile.ee\/#\/schema\/logo\/image\/\"},\"sameAs\":[\"https:\/\/www.facebook.com\/sunfixtallinn\",\"https:\/\/www.instagram.com\/sunfix_eesti\/\"]}]}<\/script>\n<meta property=\"product:price:amount\" content=\"22.90\" \/>\n<meta property=\"product:price:currency\" content=\"EUR\" \/>\n<meta property=\"og:availability\" content=\"instock\" \/>\n<meta property=\"product:availability\" content=\"instock\" \/>\n<meta property=\"product:retailer_item_id\" content=\"5903396236563\" \/>\n<meta property=\"product:condition\" content=\"new\" \/>\n<!-- \/ Yoast SEO plugin. -->","yoast_head_json":{"title":"Samsung Galaxy S24 Ultra Blue Star UV kaitseklaas - CompanySun","robots":{"index":"index","follow":"follow","max-snippet":"max-snippet:-1","max-image-preview":"max-image-preview:large","max-video-preview":"max-video-preview:-1"},"canonical":"https:\/\/sunfixmobile.ee\/toode\/samsung-galaxy-s24-ultra-blue-star-uv-kaitseklaas\/","og_locale":"ru_RU","og_type":"article","og_title":"Samsung Galaxy S24 Ultra Blue Star UV kaitseklaas - CompanySun","og_description":"UV-liimiga kokku pandud kvaliteetne karastatud klaas. Klaas kleepub ideaalseltkogu ekraani pinnale. Liim tagab 100% ekraani l\u00e4bipaistvuse ega m\u00f5juta puuteomadusi. Komplekt sisaldab k\u00f5iki montaa\u017ei osi, sisaldab UV lampi. Rahuldava efekti saavutamiseks kasutage paigaldamiseks kogu torust saadud liimi ettevaatlikultselle \u00f5igest jaotusest. Standardne s\u00e4riaeg on umbes 60 sekundit. Olge liimi pealekandmisel eriti ettevaatlik, et v\u00e4ltida mikrofoni ja k\u00f5larite...","og_url":"https:\/\/sunfixmobile.ee\/toode\/samsung-galaxy-s24-ultra-blue-star-uv-kaitseklaas\/","og_site_name":"CompanySun","article_publisher":"https:\/\/www.facebook.com\/sunfixtallinn","article_modified_time":"2025-07-31T00:00:18+00:00","og_image":[{"width":2000,"height":1335,"url":"https:\/\/sunfixmobile.ee\/wp-content\/uploads\/2022\/05\/1.jpg","type":"image\/jpeg"}],"twitter_card":"summary_large_image","twitter_misc":{"\u0426\u0435\u043d\u0430":"22,90&nbsp;&euro;","\u0414\u043e\u0441\u0442\u0443\u043f\u043d\u043e\u0441\u0442\u044c":"\u0412 \u043d\u0430\u043b\u0438\u0447\u0438\u0438"},"schema":{"@context":"https:\/\/schema.org","@graph":[{"@type":"WebPage","@id":"https:\/\/sunfixmobile.ee\/toode\/samsung-galaxy-s24-ultra-blue-star-uv-kaitseklaas\/","url":"https:\/\/sunfixmobile.ee\/toode\/samsung-galaxy-s24-ultra-blue-star-uv-kaitseklaas\/","name":"Samsung Galaxy S24 Ultra Blue Star UV kaitseklaas - CompanySun","isPartOf":{"@id":"https:\/\/sunfixmobile.ee\/#website"},"primaryImageOfPage":{"@id":"https:\/\/sunfixmobile.ee\/toode\/samsung-galaxy-s24-ultra-blue-star-uv-kaitseklaas\/#primaryimage"},"image":{"@id":"https:\/\/sunfixmobile.ee\/toode\/samsung-galaxy-s24-ultra-blue-star-uv-kaitseklaas\/#primaryimage"},"thumbnailUrl":"https:\/\/sunfixmobile.ee\/wp-content\/uploads\/2024\/02\/d850e3df7f1be5060bb82d51478679d2-3.webp","datePublished":"2024-02-01T12:20:56+00:00","dateModified":"2025-07-31T00:00:18+00:00","breadcrumb":{"@id":"https:\/\/sunfixmobile.ee\/toode\/samsung-galaxy-s24-ultra-blue-star-uv-kaitseklaas\/#breadcrumb"},"inLanguage":"ru-RU","potentialAction":[{"@type":"ReadAction","target":["https:\/\/sunfixmobile.ee\/toode\/samsung-galaxy-s24-ultra-blue-star-uv-kaitseklaas\/"]}]},{"@type":"ImageObject","inLanguage":"ru-RU","@id":"https:\/\/sunfixmobile.ee\/toode\/samsung-galaxy-s24-ultra-blue-star-uv-kaitseklaas\/#primaryimage","url":"https:\/\/sunfixmobile.ee\/wp-content\/uploads\/2024\/02\/d850e3df7f1be5060bb82d51478679d2-3.webp","contentUrl":"https:\/\/sunfixmobile.ee\/wp-content\/uploads\/2024\/02\/d850e3df7f1be5060bb82d51478679d2-3.webp","width":1000,"height":1000,"caption":"d850e3df7f1be5060bb82d51478679d2-3."},{"@type":"BreadcrumbList","@id":"https:\/\/sunfixmobile.ee\/toode\/samsung-galaxy-s24-ultra-blue-star-uv-kaitseklaas\/#breadcrumb","itemListElement":[{"@type":"ListItem","position":1,"name":"Home","item":"https:\/\/sunfixmobile.ee\/ru\/"},{"@type":"ListItem","position":2,"name":"\u0412\u0441\u0435 \u0442\u043e\u0432\u0430\u0440\u044b","item":"https:\/\/sunfixmobile.ee\/ru\/magazin\/"},{"@type":"ListItem","position":3,"name":"Samsung Galaxy S24 Ultra Blue Star UV kaitseklaas"}]},{"@type":"WebSite","@id":"https:\/\/sunfixmobile.ee\/#website","url":"https:\/\/sunfixmobile.ee\/","name":"CompanySun","description":"","publisher":{"@id":"https:\/\/sunfixmobile.ee\/#organization"},"potentialAction":[{"@type":"SearchAction","target":{"@type":"EntryPoint","urlTemplate":"https:\/\/sunfixmobile.ee\/?s={search_term_string}"},"query-input":{"@type":"PropertyValueSpecification","valueRequired":true,"valueName":"search_term_string"}}],"inLanguage":"ru-RU"},{"@type":"Organization","@id":"https:\/\/sunfixmobile.ee\/#organization","name":"CompanySun O\u00dc","url":"https:\/\/sunfixmobile.ee\/","logo":{"@type":"ImageObject","inLanguage":"ru-RU","@id":"https:\/\/sunfixmobile.ee\/#\/schema\/logo\/image\/","url":"https:\/\/sunfixmobile.ee\/wp-content\/uploads\/2022\/05\/logo.png","contentUrl":"https:\/\/sunfixmobile.ee\/wp-content\/uploads\/2022\/05\/logo.png","width":257,"height":85,"caption":"CompanySun O\u00dc"},"image":{"@id":"https:\/\/sunfixmobile.ee\/#\/schema\/logo\/image\/"},"sameAs":["https:\/\/www.facebook.com\/sunfixtallinn","https:\/\/www.instagram.com\/sunfix_eesti\/"]}]},"product_price_amount":"22.90","product_price_currency":"EUR","og_availability":"instock","product_availability":"instock","product_retailer_item_id":"5903396236563","product_condition":"new"},"_links":{"self":[{"href":"https:\/\/sunfixmobile.ee\/ru\/wp-json\/wp\/v2\/product\/9660","targetHints":{"allow":["GET"]}}],"collection":[{"href":"https:\/\/sunfixmobile.ee\/ru\/wp-json\/wp\/v2\/product"}],"about":[{"href":"https:\/\/sunfixmobile.ee\/ru\/wp-json\/wp\/v2\/types\/product"}],"wp:featuredmedia":[{"embeddable":true,"href":"https:\/\/sunfixmobile.ee\/ru\/wp-json\/wp\/v2\/media\/9654"}],"wp:attachment":[{"href":"https:\/\/sunfixmobile.ee\/ru\/wp-json\/wp\/v2\/media?parent=9660"}],"wp:term":[{"taxonomy":"product_brand","embeddable":true,"href":"https:\/\/sunfixmobile.ee\/ru\/wp-json\/wp\/v2\/product_brand?post=9660"},{"taxonomy":"product_cat","embeddable":true,"href":"https:\/\/sunfixmobile.ee\/ru\/wp-json\/wp\/v2\/product_cat?post=9660"},{"taxonomy":"product_tag","embeddable":true,"href":"https:\/\/sunfixmobile.ee\/ru\/wp-json\/wp\/v2\/product_tag?post=9660"}],"curies":[{"name":"wp","href":"https:\/\/api.w.org\/{rel}","templated":true}]}}