{"id":8761,"date":"2024-01-22T15:57:57","date_gmt":"2024-01-22T15:57:57","guid":{"rendered":"https:\/\/sunfixmobile.ee\/toode\/xiaomi-redmi-note-11-pro-razor-raamatu-umbris-must\/"},"modified":"2025-07-03T10:04:11","modified_gmt":"2025-07-03T10:04:11","slug":"xiaomi-redmi-note-11-pro-razor-raamatu-umbris-must","status":"publish","type":"product","link":"https:\/\/sunfixmobile.ee\/ru\/tovar\/xiaomi-redmi-note-11-pro-razor-raamatu-umbris-must\/","title":{"rendered":"Xiaomi Redmi Note 11 Pro Razor raamatu \u00fcmbris must"},"content":{"rendered":"<p>Luksuslik Razor Book on mainekas stiilis telefoni turvalisuse tagatis. Tugevdatud veljed, pehme sisematerjal ja magnetklamber kaitsevad seadet kriimustuste ja l\u00f6\u00f6kide eest.<\/p>\n<p>Ohutus k\u00f5ikjal<br \/>Ainulaadne Razor \u00fcmbris on teie nutitelefonile t\u00e4iuslik t\u00e4iendus igas olukorras. Tugevdatud veljed, kaamera lisakaitse ja magnetklamber tagavad, et seade p\u00fcsib ohutuna ega kuku olenemata asjaoludest hoidikust v\u00e4lja.<\/p>\n<p>Funktsionaalne interj\u00f6\u00f6r<br \/>Kate on m\u00f5eldud mugavaks hoidmiseks mitte ainult nutitelefoni, vaid ka sageli kasutatavate dokumentide jaoks. Sisetaskusse mahub krediitkaart, ID v\u00f5i v\u00e4ike paberit\u00fckk, nt. ostunimekirja, nii et te ei pea kogu rahakotti k\u00f5ikjale kaasa v\u00f5tma.<\/p>\n<p>Eksklusiivne v\u00e4limus<br \/>S\u00fcsinik, tumedat v\u00e4rvi kate viitab sportautode disainile ja annab seadmele elegantse iseloomu. Sisematerjal on nii pehme, et kaitseb lisaks ekraani kahjustuste eest, samal ajal kui k\u00e4rgmuster telefoni toetaval kummiosal t\u00f5stab esile kogu korpuse esteetika.<\/p>\n<p>Materjal: PU-nahk (v\u00e4lisk\u00fclg), mikrokiud (sisemine pool taskuga), TPU (telefoni toetav sisek\u00fclg)<\/p>\n","protected":false},"excerpt":{"rendered":"<p>Luksuslik Razor Book on mainekas stiilis telefoni turvalisuse tagatis. Tugevdatud veljed, pehme sisematerjal ja magnetklamber kaitsevad seadet kriimustuste ja l\u00f6\u00f6kide eest. Ohutus k\u00f5ikjalAinulaadne Razor \u00fcmbris on teie nutitelefonile t\u00e4iuslik t\u00e4iendus igas olukorras. Tugevdatud veljed, kaamera lisakaitse ja magnetklamber tagavad, et seade p\u00fcsib ohutuna ega kuku olenemata asjaoludest hoidikust v\u00e4lja. Funktsionaalne interj\u00f6\u00f6rKate on m\u00f5eldud mugavaks hoidmiseks&#8230;<\/p>\n","protected":false},"featured_media":9287,"template":"","meta":[],"product_brand":[],"product_cat":[1258],"product_tag":[1339],"class_list":{"0":"post-8761","1":"product","2":"type-product","3":"status-publish","4":"has-post-thumbnail","6":"product_cat-umbrised","7":"product_tag-xiaomi-redmi-note-11-pro-11-pro-5g","9":"first","10":"instock","11":"taxable","12":"shipping-taxable","13":"purchasable","14":"product-type-simple"},"yoast_head":"<!-- This site is optimized with the Yoast SEO plugin v27.2 - https:\/\/yoast.com\/product\/yoast-seo-wordpress\/ -->\n<title>Xiaomi Redmi Note 11 Pro Razor raamatu \u00fcmbris must - CompanySun<\/title>\n<meta name=\"robots\" content=\"index, follow, max-snippet:-1, max-image-preview:large, max-video-preview:-1\" \/>\n<link rel=\"canonical\" href=\"https:\/\/sunfixmobile.ee\/toode\/xiaomi-redmi-note-11-pro-razor-raamatu-umbris-must\/\" \/>\n<meta property=\"og:locale\" content=\"ru_RU\" \/>\n<meta property=\"og:type\" content=\"article\" \/>\n<meta property=\"og:title\" content=\"Xiaomi Redmi Note 11 Pro Razor raamatu \u00fcmbris must - CompanySun\" \/>\n<meta property=\"og:description\" content=\"Luksuslik Razor Book on mainekas stiilis telefoni turvalisuse tagatis. Tugevdatud veljed, pehme sisematerjal ja magnetklamber kaitsevad seadet kriimustuste ja l\u00f6\u00f6kide eest. Ohutus k\u00f5ikjalAinulaadne Razor \u00fcmbris on teie nutitelefonile t\u00e4iuslik t\u00e4iendus igas olukorras. Tugevdatud veljed, kaamera lisakaitse ja magnetklamber tagavad, et seade p\u00fcsib ohutuna ega kuku olenemata asjaoludest hoidikust v\u00e4lja. Funktsionaalne interj\u00f6\u00f6rKate on m\u00f5eldud mugavaks hoidmiseks...\" \/>\n<meta property=\"og:url\" content=\"https:\/\/sunfixmobile.ee\/toode\/xiaomi-redmi-note-11-pro-razor-raamatu-umbris-must\/\" \/>\n<meta property=\"og:site_name\" content=\"CompanySun\" \/>\n<meta property=\"article:publisher\" content=\"https:\/\/www.facebook.com\/sunfixtallinn\" \/>\n<meta property=\"article:modified_time\" content=\"2025-07-03T10:04:11+00:00\" \/>\n<meta property=\"og:image\" content=\"https:\/\/sunfixmobile.ee\/wp-content\/uploads\/2022\/05\/1.jpg\" \/>\n\t<meta property=\"og:image:width\" content=\"2000\" \/>\n\t<meta property=\"og:image:height\" content=\"1335\" \/>\n\t<meta property=\"og:image:type\" content=\"image\/jpeg\" \/>\n<meta name=\"twitter:card\" content=\"summary_large_image\" \/>\n<meta name=\"twitter:label1\" content=\"\u0426\u0435\u043d\u0430\" \/>\n\t<meta name=\"twitter:data1\" content=\"18,90&nbsp;&euro;\" \/>\n\t<meta name=\"twitter:label2\" content=\"\u0414\u043e\u0441\u0442\u0443\u043f\u043d\u043e\u0441\u0442\u044c\" \/>\n\t<meta name=\"twitter:data2\" content=\"\u0412 \u043d\u0430\u043b\u0438\u0447\u0438\u0438\" \/>\n<script type=\"application\/ld+json\" class=\"yoast-schema-graph\">{\"@context\":\"https:\/\/schema.org\",\"@graph\":[{\"@type\":\"WebPage\",\"@id\":\"https:\/\/sunfixmobile.ee\/toode\/xiaomi-redmi-note-11-pro-razor-raamatu-umbris-must\/\",\"url\":\"https:\/\/sunfixmobile.ee\/toode\/xiaomi-redmi-note-11-pro-razor-raamatu-umbris-must\/\",\"name\":\"Xiaomi Redmi Note 11 Pro Razor raamatu \u00fcmbris must - CompanySun\",\"isPartOf\":{\"@id\":\"https:\/\/sunfixmobile.ee\/#website\"},\"primaryImageOfPage\":{\"@id\":\"https:\/\/sunfixmobile.ee\/toode\/xiaomi-redmi-note-11-pro-razor-raamatu-umbris-must\/#primaryimage\"},\"image\":{\"@id\":\"https:\/\/sunfixmobile.ee\/toode\/xiaomi-redmi-note-11-pro-razor-raamatu-umbris-must\/#primaryimage\"},\"thumbnailUrl\":\"https:\/\/sunfixmobile.ee\/wp-content\/uploads\/2024\/01\/9c4f6b22347640c3fffa5eedfe1acbc9-2.webp\",\"datePublished\":\"2024-01-22T15:57:57+00:00\",\"dateModified\":\"2025-07-03T10:04:11+00:00\",\"breadcrumb\":{\"@id\":\"https:\/\/sunfixmobile.ee\/toode\/xiaomi-redmi-note-11-pro-razor-raamatu-umbris-must\/#breadcrumb\"},\"inLanguage\":\"ru-RU\",\"potentialAction\":[{\"@type\":\"ReadAction\",\"target\":[\"https:\/\/sunfixmobile.ee\/toode\/xiaomi-redmi-note-11-pro-razor-raamatu-umbris-must\/\"]}]},{\"@type\":\"ImageObject\",\"inLanguage\":\"ru-RU\",\"@id\":\"https:\/\/sunfixmobile.ee\/toode\/xiaomi-redmi-note-11-pro-razor-raamatu-umbris-must\/#primaryimage\",\"url\":\"https:\/\/sunfixmobile.ee\/wp-content\/uploads\/2024\/01\/9c4f6b22347640c3fffa5eedfe1acbc9-2.webp\",\"contentUrl\":\"https:\/\/sunfixmobile.ee\/wp-content\/uploads\/2024\/01\/9c4f6b22347640c3fffa5eedfe1acbc9-2.webp\",\"width\":1000,\"height\":1000,\"caption\":\"9c4f6b22347640c3fffa5eedfe1acbc9-2.\"},{\"@type\":\"BreadcrumbList\",\"@id\":\"https:\/\/sunfixmobile.ee\/toode\/xiaomi-redmi-note-11-pro-razor-raamatu-umbris-must\/#breadcrumb\",\"itemListElement\":[{\"@type\":\"ListItem\",\"position\":1,\"name\":\"Home\",\"item\":\"https:\/\/sunfixmobile.ee\/ru\/\"},{\"@type\":\"ListItem\",\"position\":2,\"name\":\"\u0412\u0441\u0435 \u0442\u043e\u0432\u0430\u0440\u044b\",\"item\":\"https:\/\/sunfixmobile.ee\/ru\/magazin\/\"},{\"@type\":\"ListItem\",\"position\":3,\"name\":\"Xiaomi Redmi Note 11 Pro Razor raamatu \u00fcmbris must\"}]},{\"@type\":\"WebSite\",\"@id\":\"https:\/\/sunfixmobile.ee\/#website\",\"url\":\"https:\/\/sunfixmobile.ee\/\",\"name\":\"CompanySun\",\"description\":\"\",\"publisher\":{\"@id\":\"https:\/\/sunfixmobile.ee\/#organization\"},\"potentialAction\":[{\"@type\":\"SearchAction\",\"target\":{\"@type\":\"EntryPoint\",\"urlTemplate\":\"https:\/\/sunfixmobile.ee\/?s={search_term_string}\"},\"query-input\":{\"@type\":\"PropertyValueSpecification\",\"valueRequired\":true,\"valueName\":\"search_term_string\"}}],\"inLanguage\":\"ru-RU\"},{\"@type\":\"Organization\",\"@id\":\"https:\/\/sunfixmobile.ee\/#organization\",\"name\":\"CompanySun O\u00dc\",\"url\":\"https:\/\/sunfixmobile.ee\/\",\"logo\":{\"@type\":\"ImageObject\",\"inLanguage\":\"ru-RU\",\"@id\":\"https:\/\/sunfixmobile.ee\/#\/schema\/logo\/image\/\",\"url\":\"https:\/\/sunfixmobile.ee\/wp-content\/uploads\/2022\/05\/logo.png\",\"contentUrl\":\"https:\/\/sunfixmobile.ee\/wp-content\/uploads\/2022\/05\/logo.png\",\"width\":257,\"height\":85,\"caption\":\"CompanySun O\u00dc\"},\"image\":{\"@id\":\"https:\/\/sunfixmobile.ee\/#\/schema\/logo\/image\/\"},\"sameAs\":[\"https:\/\/www.facebook.com\/sunfixtallinn\",\"https:\/\/www.instagram.com\/sunfix_eesti\/\"]}]}<\/script>\n<meta property=\"product:price:amount\" content=\"18.90\" \/>\n<meta property=\"product:price:currency\" content=\"EUR\" \/>\n<meta property=\"og:availability\" content=\"instock\" \/>\n<meta property=\"product:availability\" content=\"instock\" \/>\n<meta property=\"product:retailer_item_id\" content=\"5903396157417\" \/>\n<meta property=\"product:condition\" content=\"new\" \/>\n<!-- \/ Yoast SEO plugin. -->","yoast_head_json":{"title":"Xiaomi Redmi Note 11 Pro Razor raamatu \u00fcmbris must - CompanySun","robots":{"index":"index","follow":"follow","max-snippet":"max-snippet:-1","max-image-preview":"max-image-preview:large","max-video-preview":"max-video-preview:-1"},"canonical":"https:\/\/sunfixmobile.ee\/toode\/xiaomi-redmi-note-11-pro-razor-raamatu-umbris-must\/","og_locale":"ru_RU","og_type":"article","og_title":"Xiaomi Redmi Note 11 Pro Razor raamatu \u00fcmbris must - CompanySun","og_description":"Luksuslik Razor Book on mainekas stiilis telefoni turvalisuse tagatis. Tugevdatud veljed, pehme sisematerjal ja magnetklamber kaitsevad seadet kriimustuste ja l\u00f6\u00f6kide eest. Ohutus k\u00f5ikjalAinulaadne Razor \u00fcmbris on teie nutitelefonile t\u00e4iuslik t\u00e4iendus igas olukorras. Tugevdatud veljed, kaamera lisakaitse ja magnetklamber tagavad, et seade p\u00fcsib ohutuna ega kuku olenemata asjaoludest hoidikust v\u00e4lja. Funktsionaalne interj\u00f6\u00f6rKate on m\u00f5eldud mugavaks hoidmiseks...","og_url":"https:\/\/sunfixmobile.ee\/toode\/xiaomi-redmi-note-11-pro-razor-raamatu-umbris-must\/","og_site_name":"CompanySun","article_publisher":"https:\/\/www.facebook.com\/sunfixtallinn","article_modified_time":"2025-07-03T10:04:11+00:00","og_image":[{"width":2000,"height":1335,"url":"https:\/\/sunfixmobile.ee\/wp-content\/uploads\/2022\/05\/1.jpg","type":"image\/jpeg"}],"twitter_card":"summary_large_image","twitter_misc":{"\u0426\u0435\u043d\u0430":"18,90&nbsp;&euro;","\u0414\u043e\u0441\u0442\u0443\u043f\u043d\u043e\u0441\u0442\u044c":"\u0412 \u043d\u0430\u043b\u0438\u0447\u0438\u0438"},"schema":{"@context":"https:\/\/schema.org","@graph":[{"@type":"WebPage","@id":"https:\/\/sunfixmobile.ee\/toode\/xiaomi-redmi-note-11-pro-razor-raamatu-umbris-must\/","url":"https:\/\/sunfixmobile.ee\/toode\/xiaomi-redmi-note-11-pro-razor-raamatu-umbris-must\/","name":"Xiaomi Redmi Note 11 Pro Razor raamatu \u00fcmbris must - CompanySun","isPartOf":{"@id":"https:\/\/sunfixmobile.ee\/#website"},"primaryImageOfPage":{"@id":"https:\/\/sunfixmobile.ee\/toode\/xiaomi-redmi-note-11-pro-razor-raamatu-umbris-must\/#primaryimage"},"image":{"@id":"https:\/\/sunfixmobile.ee\/toode\/xiaomi-redmi-note-11-pro-razor-raamatu-umbris-must\/#primaryimage"},"thumbnailUrl":"https:\/\/sunfixmobile.ee\/wp-content\/uploads\/2024\/01\/9c4f6b22347640c3fffa5eedfe1acbc9-2.webp","datePublished":"2024-01-22T15:57:57+00:00","dateModified":"2025-07-03T10:04:11+00:00","breadcrumb":{"@id":"https:\/\/sunfixmobile.ee\/toode\/xiaomi-redmi-note-11-pro-razor-raamatu-umbris-must\/#breadcrumb"},"inLanguage":"ru-RU","potentialAction":[{"@type":"ReadAction","target":["https:\/\/sunfixmobile.ee\/toode\/xiaomi-redmi-note-11-pro-razor-raamatu-umbris-must\/"]}]},{"@type":"ImageObject","inLanguage":"ru-RU","@id":"https:\/\/sunfixmobile.ee\/toode\/xiaomi-redmi-note-11-pro-razor-raamatu-umbris-must\/#primaryimage","url":"https:\/\/sunfixmobile.ee\/wp-content\/uploads\/2024\/01\/9c4f6b22347640c3fffa5eedfe1acbc9-2.webp","contentUrl":"https:\/\/sunfixmobile.ee\/wp-content\/uploads\/2024\/01\/9c4f6b22347640c3fffa5eedfe1acbc9-2.webp","width":1000,"height":1000,"caption":"9c4f6b22347640c3fffa5eedfe1acbc9-2."},{"@type":"BreadcrumbList","@id":"https:\/\/sunfixmobile.ee\/toode\/xiaomi-redmi-note-11-pro-razor-raamatu-umbris-must\/#breadcrumb","itemListElement":[{"@type":"ListItem","position":1,"name":"Home","item":"https:\/\/sunfixmobile.ee\/ru\/"},{"@type":"ListItem","position":2,"name":"\u0412\u0441\u0435 \u0442\u043e\u0432\u0430\u0440\u044b","item":"https:\/\/sunfixmobile.ee\/ru\/magazin\/"},{"@type":"ListItem","position":3,"name":"Xiaomi Redmi Note 11 Pro Razor raamatu \u00fcmbris must"}]},{"@type":"WebSite","@id":"https:\/\/sunfixmobile.ee\/#website","url":"https:\/\/sunfixmobile.ee\/","name":"CompanySun","description":"","publisher":{"@id":"https:\/\/sunfixmobile.ee\/#organization"},"potentialAction":[{"@type":"SearchAction","target":{"@type":"EntryPoint","urlTemplate":"https:\/\/sunfixmobile.ee\/?s={search_term_string}"},"query-input":{"@type":"PropertyValueSpecification","valueRequired":true,"valueName":"search_term_string"}}],"inLanguage":"ru-RU"},{"@type":"Organization","@id":"https:\/\/sunfixmobile.ee\/#organization","name":"CompanySun O\u00dc","url":"https:\/\/sunfixmobile.ee\/","logo":{"@type":"ImageObject","inLanguage":"ru-RU","@id":"https:\/\/sunfixmobile.ee\/#\/schema\/logo\/image\/","url":"https:\/\/sunfixmobile.ee\/wp-content\/uploads\/2022\/05\/logo.png","contentUrl":"https:\/\/sunfixmobile.ee\/wp-content\/uploads\/2022\/05\/logo.png","width":257,"height":85,"caption":"CompanySun O\u00dc"},"image":{"@id":"https:\/\/sunfixmobile.ee\/#\/schema\/logo\/image\/"},"sameAs":["https:\/\/www.facebook.com\/sunfixtallinn","https:\/\/www.instagram.com\/sunfix_eesti\/"]}]},"product_price_amount":"18.90","product_price_currency":"EUR","og_availability":"instock","product_availability":"instock","product_retailer_item_id":"5903396157417","product_condition":"new"},"_links":{"self":[{"href":"https:\/\/sunfixmobile.ee\/ru\/wp-json\/wp\/v2\/product\/8761","targetHints":{"allow":["GET"]}}],"collection":[{"href":"https:\/\/sunfixmobile.ee\/ru\/wp-json\/wp\/v2\/product"}],"about":[{"href":"https:\/\/sunfixmobile.ee\/ru\/wp-json\/wp\/v2\/types\/product"}],"wp:featuredmedia":[{"embeddable":true,"href":"https:\/\/sunfixmobile.ee\/ru\/wp-json\/wp\/v2\/media\/9287"}],"wp:attachment":[{"href":"https:\/\/sunfixmobile.ee\/ru\/wp-json\/wp\/v2\/media?parent=8761"}],"wp:term":[{"taxonomy":"product_brand","embeddable":true,"href":"https:\/\/sunfixmobile.ee\/ru\/wp-json\/wp\/v2\/product_brand?post=8761"},{"taxonomy":"product_cat","embeddable":true,"href":"https:\/\/sunfixmobile.ee\/ru\/wp-json\/wp\/v2\/product_cat?post=8761"},{"taxonomy":"product_tag","embeddable":true,"href":"https:\/\/sunfixmobile.ee\/ru\/wp-json\/wp\/v2\/product_tag?post=8761"}],"curies":[{"name":"wp","href":"https:\/\/api.w.org\/{rel}","templated":true}]}}