{"id":8750,"date":"2024-01-22T15:57:55","date_gmt":"2024-01-22T15:57:55","guid":{"rendered":"https:\/\/sunfixmobile.ee\/toode\/samsung-s24-plus-simplyroar-must-umbris\/"},"modified":"2025-07-03T10:04:47","modified_gmt":"2025-07-03T10:04:47","slug":"samsung-s24-plus-simplyroar-must-umbris","status":"publish","type":"product","link":"https:\/\/sunfixmobile.ee\/ru\/tovar\/samsung-s24-plus-simplyroar-must-umbris\/","title":{"rendered":"Samsung S24 Plus SimplyRoar must \u00fcmbris"},"content":{"rendered":"<p>Hoidke oma telefon turvalisena ja stiilse \u00f5hukese Roar Luna \u00fcmbrisega. Elastne pastellv\u00e4rvi ja mati viimistlusega kate tagab seadme t\u00e4ieliku kaitse kriimustuste eest. Toode toetab juhtmevaba laadimist.<\/p>\n<p>Roar Luna pole mitte ainult h\u00e4sti esitletud nutitelefoni tarvik, vaid ka k\u00f5ikeh\u00f5lmav seadme kate. Paindlikust vastupidavast TPU-st valmistatud \u00fcmbris kaitseb telefoni suurep\u00e4raselt kahjustuste v\u00f5i kriimustuste eest ning t\u00e4psed v\u00e4ljal\u00f5iked tagavad, et isegi kaamerad j\u00e4\u00e4vad terveks.<\/p>\n<p>Korpuse pind on katsudes pehme, mis t\u00e4hendab kasutusmugavust. Kaetud nupud reageerivad lihtsalt vajutamisele, piiramata nutitelefoni funktsionaalsust ning t\u00e4nu induktiivse laadimise toele saate energiat vabalt t\u00e4iendada ilma kaabliteta.<\/p>\n<p>Stiilne, pastelsetes toonides matt viimistlus toimib esteetilise lisandina teistele aksessuaaridele.<\/p>\n","protected":false},"excerpt":{"rendered":"<p>Hoidke oma telefon turvalisena ja stiilse \u00f5hukese Roar Luna \u00fcmbrisega. Elastne pastellv\u00e4rvi ja mati viimistlusega kate tagab seadme t\u00e4ieliku kaitse kriimustuste eest. Toode toetab juhtmevaba laadimist. Roar Luna pole mitte ainult h\u00e4sti esitletud nutitelefoni tarvik, vaid ka k\u00f5ikeh\u00f5lmav seadme kate. Paindlikust vastupidavast TPU-st valmistatud \u00fcmbris kaitseb telefoni suurep\u00e4raselt kahjustuste v\u00f5i kriimustuste eest ning t\u00e4psed v\u00e4ljal\u00f5iked&#8230;<\/p>\n","protected":false},"featured_media":8989,"template":"","meta":[],"product_brand":[],"product_cat":[1258],"product_tag":[1310],"class_list":{"0":"post-8750","1":"product","2":"type-product","3":"status-publish","4":"has-post-thumbnail","6":"product_cat-umbrised","7":"product_tag-samsung-galaxy-s24-plus","9":"first","10":"instock","11":"taxable","12":"shipping-taxable","13":"purchasable","14":"product-type-simple"},"yoast_head":"<!-- This site is optimized with the Yoast SEO plugin v27.2 - https:\/\/yoast.com\/product\/yoast-seo-wordpress\/ -->\n<title>Samsung S24 Plus SimplyRoar must \u00fcmbris - CompanySun<\/title>\n<meta name=\"robots\" content=\"index, follow, max-snippet:-1, max-image-preview:large, max-video-preview:-1\" \/>\n<link rel=\"canonical\" href=\"https:\/\/sunfixmobile.ee\/toode\/samsung-s24-plus-simplyroar-must-umbris\/\" \/>\n<meta property=\"og:locale\" content=\"ru_RU\" \/>\n<meta property=\"og:type\" content=\"article\" \/>\n<meta property=\"og:title\" content=\"Samsung S24 Plus SimplyRoar must \u00fcmbris - CompanySun\" \/>\n<meta property=\"og:description\" content=\"Hoidke oma telefon turvalisena ja stiilse \u00f5hukese Roar Luna \u00fcmbrisega. Elastne pastellv\u00e4rvi ja mati viimistlusega kate tagab seadme t\u00e4ieliku kaitse kriimustuste eest. Toode toetab juhtmevaba laadimist. Roar Luna pole mitte ainult h\u00e4sti esitletud nutitelefoni tarvik, vaid ka k\u00f5ikeh\u00f5lmav seadme kate. Paindlikust vastupidavast TPU-st valmistatud \u00fcmbris kaitseb telefoni suurep\u00e4raselt kahjustuste v\u00f5i kriimustuste eest ning t\u00e4psed v\u00e4ljal\u00f5iked...\" \/>\n<meta property=\"og:url\" content=\"https:\/\/sunfixmobile.ee\/toode\/samsung-s24-plus-simplyroar-must-umbris\/\" \/>\n<meta property=\"og:site_name\" content=\"CompanySun\" \/>\n<meta property=\"article:publisher\" content=\"https:\/\/www.facebook.com\/sunfixtallinn\" \/>\n<meta property=\"article:modified_time\" content=\"2025-07-03T10:04:47+00:00\" \/>\n<meta property=\"og:image\" content=\"https:\/\/sunfixmobile.ee\/wp-content\/uploads\/2022\/05\/1.jpg\" \/>\n\t<meta property=\"og:image:width\" content=\"2000\" \/>\n\t<meta property=\"og:image:height\" content=\"1335\" \/>\n\t<meta property=\"og:image:type\" content=\"image\/jpeg\" \/>\n<meta name=\"twitter:card\" content=\"summary_large_image\" \/>\n<meta name=\"twitter:label1\" content=\"\u0426\u0435\u043d\u0430\" \/>\n\t<meta name=\"twitter:data1\" content=\"14,90&nbsp;&euro;\" \/>\n\t<meta name=\"twitter:label2\" content=\"\u0414\u043e\u0441\u0442\u0443\u043f\u043d\u043e\u0441\u0442\u044c\" \/>\n\t<meta name=\"twitter:data2\" content=\"\u0412 \u043d\u0430\u043b\u0438\u0447\u0438\u0438\" \/>\n<script type=\"application\/ld+json\" class=\"yoast-schema-graph\">{\"@context\":\"https:\/\/schema.org\",\"@graph\":[{\"@type\":\"WebPage\",\"@id\":\"https:\/\/sunfixmobile.ee\/toode\/samsung-s24-plus-simplyroar-must-umbris\/\",\"url\":\"https:\/\/sunfixmobile.ee\/toode\/samsung-s24-plus-simplyroar-must-umbris\/\",\"name\":\"Samsung S24 Plus SimplyRoar must \u00fcmbris - CompanySun\",\"isPartOf\":{\"@id\":\"https:\/\/sunfixmobile.ee\/#website\"},\"primaryImageOfPage\":{\"@id\":\"https:\/\/sunfixmobile.ee\/toode\/samsung-s24-plus-simplyroar-must-umbris\/#primaryimage\"},\"image\":{\"@id\":\"https:\/\/sunfixmobile.ee\/toode\/samsung-s24-plus-simplyroar-must-umbris\/#primaryimage\"},\"thumbnailUrl\":\"https:\/\/sunfixmobile.ee\/wp-content\/uploads\/2024\/01\/42d133c43bd669649b55e3c1220bf789.webp\",\"datePublished\":\"2024-01-22T15:57:55+00:00\",\"dateModified\":\"2025-07-03T10:04:47+00:00\",\"breadcrumb\":{\"@id\":\"https:\/\/sunfixmobile.ee\/toode\/samsung-s24-plus-simplyroar-must-umbris\/#breadcrumb\"},\"inLanguage\":\"ru-RU\",\"potentialAction\":[{\"@type\":\"ReadAction\",\"target\":[\"https:\/\/sunfixmobile.ee\/toode\/samsung-s24-plus-simplyroar-must-umbris\/\"]}]},{\"@type\":\"ImageObject\",\"inLanguage\":\"ru-RU\",\"@id\":\"https:\/\/sunfixmobile.ee\/toode\/samsung-s24-plus-simplyroar-must-umbris\/#primaryimage\",\"url\":\"https:\/\/sunfixmobile.ee\/wp-content\/uploads\/2024\/01\/42d133c43bd669649b55e3c1220bf789.webp\",\"contentUrl\":\"https:\/\/sunfixmobile.ee\/wp-content\/uploads\/2024\/01\/42d133c43bd669649b55e3c1220bf789.webp\",\"width\":1000,\"height\":1000,\"caption\":\"42d133c43bd669649b55e3c1220bf789.\"},{\"@type\":\"BreadcrumbList\",\"@id\":\"https:\/\/sunfixmobile.ee\/toode\/samsung-s24-plus-simplyroar-must-umbris\/#breadcrumb\",\"itemListElement\":[{\"@type\":\"ListItem\",\"position\":1,\"name\":\"Home\",\"item\":\"https:\/\/sunfixmobile.ee\/ru\/\"},{\"@type\":\"ListItem\",\"position\":2,\"name\":\"\u0412\u0441\u0435 \u0442\u043e\u0432\u0430\u0440\u044b\",\"item\":\"https:\/\/sunfixmobile.ee\/ru\/magazin\/\"},{\"@type\":\"ListItem\",\"position\":3,\"name\":\"Samsung S24 Plus SimplyRoar must \u00fcmbris\"}]},{\"@type\":\"WebSite\",\"@id\":\"https:\/\/sunfixmobile.ee\/#website\",\"url\":\"https:\/\/sunfixmobile.ee\/\",\"name\":\"CompanySun\",\"description\":\"\",\"publisher\":{\"@id\":\"https:\/\/sunfixmobile.ee\/#organization\"},\"potentialAction\":[{\"@type\":\"SearchAction\",\"target\":{\"@type\":\"EntryPoint\",\"urlTemplate\":\"https:\/\/sunfixmobile.ee\/?s={search_term_string}\"},\"query-input\":{\"@type\":\"PropertyValueSpecification\",\"valueRequired\":true,\"valueName\":\"search_term_string\"}}],\"inLanguage\":\"ru-RU\"},{\"@type\":\"Organization\",\"@id\":\"https:\/\/sunfixmobile.ee\/#organization\",\"name\":\"CompanySun O\u00dc\",\"url\":\"https:\/\/sunfixmobile.ee\/\",\"logo\":{\"@type\":\"ImageObject\",\"inLanguage\":\"ru-RU\",\"@id\":\"https:\/\/sunfixmobile.ee\/#\/schema\/logo\/image\/\",\"url\":\"https:\/\/sunfixmobile.ee\/wp-content\/uploads\/2022\/05\/logo.png\",\"contentUrl\":\"https:\/\/sunfixmobile.ee\/wp-content\/uploads\/2022\/05\/logo.png\",\"width\":257,\"height\":85,\"caption\":\"CompanySun O\u00dc\"},\"image\":{\"@id\":\"https:\/\/sunfixmobile.ee\/#\/schema\/logo\/image\/\"},\"sameAs\":[\"https:\/\/www.facebook.com\/sunfixtallinn\",\"https:\/\/www.instagram.com\/sunfix_eesti\/\"]}]}<\/script>\n<meta property=\"product:price:amount\" content=\"14.90\" \/>\n<meta property=\"product:price:currency\" content=\"EUR\" \/>\n<meta property=\"og:availability\" content=\"instock\" \/>\n<meta property=\"product:availability\" content=\"instock\" \/>\n<meta property=\"product:retailer_item_id\" content=\"5903396242465\" \/>\n<meta property=\"product:condition\" content=\"new\" \/>\n<!-- \/ Yoast SEO plugin. -->","yoast_head_json":{"title":"Samsung S24 Plus SimplyRoar must \u00fcmbris - CompanySun","robots":{"index":"index","follow":"follow","max-snippet":"max-snippet:-1","max-image-preview":"max-image-preview:large","max-video-preview":"max-video-preview:-1"},"canonical":"https:\/\/sunfixmobile.ee\/toode\/samsung-s24-plus-simplyroar-must-umbris\/","og_locale":"ru_RU","og_type":"article","og_title":"Samsung S24 Plus SimplyRoar must \u00fcmbris - CompanySun","og_description":"Hoidke oma telefon turvalisena ja stiilse \u00f5hukese Roar Luna \u00fcmbrisega. Elastne pastellv\u00e4rvi ja mati viimistlusega kate tagab seadme t\u00e4ieliku kaitse kriimustuste eest. Toode toetab juhtmevaba laadimist. Roar Luna pole mitte ainult h\u00e4sti esitletud nutitelefoni tarvik, vaid ka k\u00f5ikeh\u00f5lmav seadme kate. Paindlikust vastupidavast TPU-st valmistatud \u00fcmbris kaitseb telefoni suurep\u00e4raselt kahjustuste v\u00f5i kriimustuste eest ning t\u00e4psed v\u00e4ljal\u00f5iked...","og_url":"https:\/\/sunfixmobile.ee\/toode\/samsung-s24-plus-simplyroar-must-umbris\/","og_site_name":"CompanySun","article_publisher":"https:\/\/www.facebook.com\/sunfixtallinn","article_modified_time":"2025-07-03T10:04:47+00:00","og_image":[{"width":2000,"height":1335,"url":"https:\/\/sunfixmobile.ee\/wp-content\/uploads\/2022\/05\/1.jpg","type":"image\/jpeg"}],"twitter_card":"summary_large_image","twitter_misc":{"\u0426\u0435\u043d\u0430":"14,90&nbsp;&euro;","\u0414\u043e\u0441\u0442\u0443\u043f\u043d\u043e\u0441\u0442\u044c":"\u0412 \u043d\u0430\u043b\u0438\u0447\u0438\u0438"},"schema":{"@context":"https:\/\/schema.org","@graph":[{"@type":"WebPage","@id":"https:\/\/sunfixmobile.ee\/toode\/samsung-s24-plus-simplyroar-must-umbris\/","url":"https:\/\/sunfixmobile.ee\/toode\/samsung-s24-plus-simplyroar-must-umbris\/","name":"Samsung S24 Plus SimplyRoar must \u00fcmbris - CompanySun","isPartOf":{"@id":"https:\/\/sunfixmobile.ee\/#website"},"primaryImageOfPage":{"@id":"https:\/\/sunfixmobile.ee\/toode\/samsung-s24-plus-simplyroar-must-umbris\/#primaryimage"},"image":{"@id":"https:\/\/sunfixmobile.ee\/toode\/samsung-s24-plus-simplyroar-must-umbris\/#primaryimage"},"thumbnailUrl":"https:\/\/sunfixmobile.ee\/wp-content\/uploads\/2024\/01\/42d133c43bd669649b55e3c1220bf789.webp","datePublished":"2024-01-22T15:57:55+00:00","dateModified":"2025-07-03T10:04:47+00:00","breadcrumb":{"@id":"https:\/\/sunfixmobile.ee\/toode\/samsung-s24-plus-simplyroar-must-umbris\/#breadcrumb"},"inLanguage":"ru-RU","potentialAction":[{"@type":"ReadAction","target":["https:\/\/sunfixmobile.ee\/toode\/samsung-s24-plus-simplyroar-must-umbris\/"]}]},{"@type":"ImageObject","inLanguage":"ru-RU","@id":"https:\/\/sunfixmobile.ee\/toode\/samsung-s24-plus-simplyroar-must-umbris\/#primaryimage","url":"https:\/\/sunfixmobile.ee\/wp-content\/uploads\/2024\/01\/42d133c43bd669649b55e3c1220bf789.webp","contentUrl":"https:\/\/sunfixmobile.ee\/wp-content\/uploads\/2024\/01\/42d133c43bd669649b55e3c1220bf789.webp","width":1000,"height":1000,"caption":"42d133c43bd669649b55e3c1220bf789."},{"@type":"BreadcrumbList","@id":"https:\/\/sunfixmobile.ee\/toode\/samsung-s24-plus-simplyroar-must-umbris\/#breadcrumb","itemListElement":[{"@type":"ListItem","position":1,"name":"Home","item":"https:\/\/sunfixmobile.ee\/ru\/"},{"@type":"ListItem","position":2,"name":"\u0412\u0441\u0435 \u0442\u043e\u0432\u0430\u0440\u044b","item":"https:\/\/sunfixmobile.ee\/ru\/magazin\/"},{"@type":"ListItem","position":3,"name":"Samsung S24 Plus SimplyRoar must \u00fcmbris"}]},{"@type":"WebSite","@id":"https:\/\/sunfixmobile.ee\/#website","url":"https:\/\/sunfixmobile.ee\/","name":"CompanySun","description":"","publisher":{"@id":"https:\/\/sunfixmobile.ee\/#organization"},"potentialAction":[{"@type":"SearchAction","target":{"@type":"EntryPoint","urlTemplate":"https:\/\/sunfixmobile.ee\/?s={search_term_string}"},"query-input":{"@type":"PropertyValueSpecification","valueRequired":true,"valueName":"search_term_string"}}],"inLanguage":"ru-RU"},{"@type":"Organization","@id":"https:\/\/sunfixmobile.ee\/#organization","name":"CompanySun O\u00dc","url":"https:\/\/sunfixmobile.ee\/","logo":{"@type":"ImageObject","inLanguage":"ru-RU","@id":"https:\/\/sunfixmobile.ee\/#\/schema\/logo\/image\/","url":"https:\/\/sunfixmobile.ee\/wp-content\/uploads\/2022\/05\/logo.png","contentUrl":"https:\/\/sunfixmobile.ee\/wp-content\/uploads\/2022\/05\/logo.png","width":257,"height":85,"caption":"CompanySun O\u00dc"},"image":{"@id":"https:\/\/sunfixmobile.ee\/#\/schema\/logo\/image\/"},"sameAs":["https:\/\/www.facebook.com\/sunfixtallinn","https:\/\/www.instagram.com\/sunfix_eesti\/"]}]},"product_price_amount":"14.90","product_price_currency":"EUR","og_availability":"instock","product_availability":"instock","product_retailer_item_id":"5903396242465","product_condition":"new"},"_links":{"self":[{"href":"https:\/\/sunfixmobile.ee\/ru\/wp-json\/wp\/v2\/product\/8750","targetHints":{"allow":["GET"]}}],"collection":[{"href":"https:\/\/sunfixmobile.ee\/ru\/wp-json\/wp\/v2\/product"}],"about":[{"href":"https:\/\/sunfixmobile.ee\/ru\/wp-json\/wp\/v2\/types\/product"}],"wp:featuredmedia":[{"embeddable":true,"href":"https:\/\/sunfixmobile.ee\/ru\/wp-json\/wp\/v2\/media\/8989"}],"wp:attachment":[{"href":"https:\/\/sunfixmobile.ee\/ru\/wp-json\/wp\/v2\/media?parent=8750"}],"wp:term":[{"taxonomy":"product_brand","embeddable":true,"href":"https:\/\/sunfixmobile.ee\/ru\/wp-json\/wp\/v2\/product_brand?post=8750"},{"taxonomy":"product_cat","embeddable":true,"href":"https:\/\/sunfixmobile.ee\/ru\/wp-json\/wp\/v2\/product_cat?post=8750"},{"taxonomy":"product_tag","embeddable":true,"href":"https:\/\/sunfixmobile.ee\/ru\/wp-json\/wp\/v2\/product_tag?post=8750"}],"curies":[{"name":"wp","href":"https:\/\/api.w.org\/{rel}","templated":true}]}}