{"id":8706,"date":"2024-01-22T15:57:48","date_gmt":"2024-01-22T15:57:48","guid":{"rendered":"https:\/\/sunfixmobile.ee\/toode\/samsung-a13-5g-a04s-slide-must-umbris\/"},"modified":"2025-07-03T10:05:06","modified_gmt":"2025-07-03T10:05:06","slug":"samsung-a13-5g-a04s-slide-must-umbris","status":"publish","type":"product","link":"https:\/\/sunfixmobile.ee\/ru\/tovar\/samsung-a13-5g-a04s-slide-must-umbris\/","title":{"rendered":"Samsung A13 5G\/A04s slide must \u00fcmbris"},"content":{"rendered":"<p>Slide Case tagab telefoni ohutuse igas olukorras. See on valmistatud pehmest painduvast materjalist ning sellel on abistav liugur, mis katab kaamera ja tagab privaatsuse.<\/p>\n<p>Slide Case on ettepanek neile, kes hoolivad seadme t\u00e4iuslikust kaitsest ja otsivad stiilset tarvikut. Korpus on valmistatud kvaliteetsest puutetundlikust TPU-st, t\u00e4nu millele see ei deformeeru ja s\u00e4ilitab kasutusk\u00f5lblikkuse pikka aega. Materjal on l\u00f6\u00f6gikindel.<\/p>\n<p>Korpusel on sisseehitatud liugur kaamera katmiseks, kui seda ei kasutata, mis tagab privaatsuse ja kaamera kaitse allakukkumise korral purunemise v\u00f5i kriimustuste eest.<\/p>\n","protected":false},"excerpt":{"rendered":"<p>Slide Case tagab telefoni ohutuse igas olukorras. See on valmistatud pehmest painduvast materjalist ning sellel on abistav liugur, mis katab kaamera ja tagab privaatsuse. Slide Case on ettepanek neile, kes hoolivad seadme t\u00e4iuslikust kaitsest ja otsivad stiilset tarvikut. Korpus on valmistatud kvaliteetsest puutetundlikust TPU-st, t\u00e4nu millele see ei deformeeru ja s\u00e4ilitab kasutusk\u00f5lblikkuse pikka aega. Materjal&#8230;<\/p>\n","protected":false},"featured_media":10677,"template":"","meta":[],"product_brand":[],"product_cat":[1258],"product_tag":[1467],"class_list":{"0":"post-8706","1":"product","2":"type-product","3":"status-publish","4":"has-post-thumbnail","6":"product_cat-umbrised","7":"product_tag-samsung-galaxy-a13-5g-a04s","9":"first","10":"instock","11":"taxable","12":"shipping-taxable","13":"purchasable","14":"product-type-simple"},"yoast_head":"<!-- This site is optimized with the Yoast SEO plugin v27.2 - https:\/\/yoast.com\/product\/yoast-seo-wordpress\/ -->\n<title>Samsung A13 5G\/A04s slide must \u00fcmbris - CompanySun<\/title>\n<meta name=\"robots\" content=\"index, follow, max-snippet:-1, max-image-preview:large, max-video-preview:-1\" \/>\n<link rel=\"canonical\" href=\"https:\/\/sunfixmobile.ee\/toode\/samsung-a13-5g-a04s-slide-must-umbris\/\" \/>\n<meta property=\"og:locale\" content=\"ru_RU\" \/>\n<meta property=\"og:type\" content=\"article\" \/>\n<meta property=\"og:title\" content=\"Samsung A13 5G\/A04s slide must \u00fcmbris - CompanySun\" \/>\n<meta property=\"og:description\" content=\"Slide Case tagab telefoni ohutuse igas olukorras. See on valmistatud pehmest painduvast materjalist ning sellel on abistav liugur, mis katab kaamera ja tagab privaatsuse. Slide Case on ettepanek neile, kes hoolivad seadme t\u00e4iuslikust kaitsest ja otsivad stiilset tarvikut. Korpus on valmistatud kvaliteetsest puutetundlikust TPU-st, t\u00e4nu millele see ei deformeeru ja s\u00e4ilitab kasutusk\u00f5lblikkuse pikka aega. Materjal...\" \/>\n<meta property=\"og:url\" content=\"https:\/\/sunfixmobile.ee\/toode\/samsung-a13-5g-a04s-slide-must-umbris\/\" \/>\n<meta property=\"og:site_name\" content=\"CompanySun\" \/>\n<meta property=\"article:publisher\" content=\"https:\/\/www.facebook.com\/sunfixtallinn\" \/>\n<meta property=\"article:modified_time\" content=\"2025-07-03T10:05:06+00:00\" \/>\n<meta property=\"og:image\" content=\"https:\/\/sunfixmobile.ee\/wp-content\/uploads\/2022\/05\/1.jpg\" \/>\n\t<meta property=\"og:image:width\" content=\"2000\" \/>\n\t<meta property=\"og:image:height\" content=\"1335\" \/>\n\t<meta property=\"og:image:type\" content=\"image\/jpeg\" \/>\n<meta name=\"twitter:card\" content=\"summary_large_image\" \/>\n<meta name=\"twitter:label1\" content=\"\u0426\u0435\u043d\u0430\" \/>\n\t<meta name=\"twitter:data1\" content=\"14,90&nbsp;&euro;\" \/>\n\t<meta name=\"twitter:label2\" content=\"\u0414\u043e\u0441\u0442\u0443\u043f\u043d\u043e\u0441\u0442\u044c\" \/>\n\t<meta name=\"twitter:data2\" content=\"\u0412 \u043d\u0430\u043b\u0438\u0447\u0438\u0438\" \/>\n<script type=\"application\/ld+json\" class=\"yoast-schema-graph\">{\"@context\":\"https:\/\/schema.org\",\"@graph\":[{\"@type\":\"WebPage\",\"@id\":\"https:\/\/sunfixmobile.ee\/toode\/samsung-a13-5g-a04s-slide-must-umbris\/\",\"url\":\"https:\/\/sunfixmobile.ee\/toode\/samsung-a13-5g-a04s-slide-must-umbris\/\",\"name\":\"Samsung A13 5G\/A04s slide must \u00fcmbris - CompanySun\",\"isPartOf\":{\"@id\":\"https:\/\/sunfixmobile.ee\/#website\"},\"primaryImageOfPage\":{\"@id\":\"https:\/\/sunfixmobile.ee\/toode\/samsung-a13-5g-a04s-slide-must-umbris\/#primaryimage\"},\"image\":{\"@id\":\"https:\/\/sunfixmobile.ee\/toode\/samsung-a13-5g-a04s-slide-must-umbris\/#primaryimage\"},\"thumbnailUrl\":\"https:\/\/sunfixmobile.ee\/wp-content\/uploads\/2024\/02\/acaac1a502ae4fae2bf74e107c2c037e.webp\",\"datePublished\":\"2024-01-22T15:57:48+00:00\",\"dateModified\":\"2025-07-03T10:05:06+00:00\",\"breadcrumb\":{\"@id\":\"https:\/\/sunfixmobile.ee\/toode\/samsung-a13-5g-a04s-slide-must-umbris\/#breadcrumb\"},\"inLanguage\":\"ru-RU\",\"potentialAction\":[{\"@type\":\"ReadAction\",\"target\":[\"https:\/\/sunfixmobile.ee\/toode\/samsung-a13-5g-a04s-slide-must-umbris\/\"]}]},{\"@type\":\"ImageObject\",\"inLanguage\":\"ru-RU\",\"@id\":\"https:\/\/sunfixmobile.ee\/toode\/samsung-a13-5g-a04s-slide-must-umbris\/#primaryimage\",\"url\":\"https:\/\/sunfixmobile.ee\/wp-content\/uploads\/2024\/02\/acaac1a502ae4fae2bf74e107c2c037e.webp\",\"contentUrl\":\"https:\/\/sunfixmobile.ee\/wp-content\/uploads\/2024\/02\/acaac1a502ae4fae2bf74e107c2c037e.webp\",\"width\":1000,\"height\":1000,\"caption\":\"acaac1a502ae4fae2bf74e107c2c037e.\"},{\"@type\":\"BreadcrumbList\",\"@id\":\"https:\/\/sunfixmobile.ee\/toode\/samsung-a13-5g-a04s-slide-must-umbris\/#breadcrumb\",\"itemListElement\":[{\"@type\":\"ListItem\",\"position\":1,\"name\":\"Home\",\"item\":\"https:\/\/sunfixmobile.ee\/ru\/\"},{\"@type\":\"ListItem\",\"position\":2,\"name\":\"\u0412\u0441\u0435 \u0442\u043e\u0432\u0430\u0440\u044b\",\"item\":\"https:\/\/sunfixmobile.ee\/ru\/magazin\/\"},{\"@type\":\"ListItem\",\"position\":3,\"name\":\"Samsung A13 5G\/A04s slide must \u00fcmbris\"}]},{\"@type\":\"WebSite\",\"@id\":\"https:\/\/sunfixmobile.ee\/#website\",\"url\":\"https:\/\/sunfixmobile.ee\/\",\"name\":\"CompanySun\",\"description\":\"\",\"publisher\":{\"@id\":\"https:\/\/sunfixmobile.ee\/#organization\"},\"potentialAction\":[{\"@type\":\"SearchAction\",\"target\":{\"@type\":\"EntryPoint\",\"urlTemplate\":\"https:\/\/sunfixmobile.ee\/?s={search_term_string}\"},\"query-input\":{\"@type\":\"PropertyValueSpecification\",\"valueRequired\":true,\"valueName\":\"search_term_string\"}}],\"inLanguage\":\"ru-RU\"},{\"@type\":\"Organization\",\"@id\":\"https:\/\/sunfixmobile.ee\/#organization\",\"name\":\"CompanySun O\u00dc\",\"url\":\"https:\/\/sunfixmobile.ee\/\",\"logo\":{\"@type\":\"ImageObject\",\"inLanguage\":\"ru-RU\",\"@id\":\"https:\/\/sunfixmobile.ee\/#\/schema\/logo\/image\/\",\"url\":\"https:\/\/sunfixmobile.ee\/wp-content\/uploads\/2022\/05\/logo.png\",\"contentUrl\":\"https:\/\/sunfixmobile.ee\/wp-content\/uploads\/2022\/05\/logo.png\",\"width\":257,\"height\":85,\"caption\":\"CompanySun O\u00dc\"},\"image\":{\"@id\":\"https:\/\/sunfixmobile.ee\/#\/schema\/logo\/image\/\"},\"sameAs\":[\"https:\/\/www.facebook.com\/sunfixtallinn\",\"https:\/\/www.instagram.com\/sunfix_eesti\/\"]}]}<\/script>\n<meta property=\"product:price:amount\" content=\"14.90\" \/>\n<meta property=\"product:price:currency\" content=\"EUR\" \/>\n<meta property=\"og:availability\" content=\"instock\" \/>\n<meta property=\"product:availability\" content=\"instock\" \/>\n<meta property=\"product:retailer_item_id\" content=\"5903396184277\" \/>\n<meta property=\"product:condition\" content=\"new\" \/>\n<!-- \/ Yoast SEO plugin. -->","yoast_head_json":{"title":"Samsung A13 5G\/A04s slide must \u00fcmbris - CompanySun","robots":{"index":"index","follow":"follow","max-snippet":"max-snippet:-1","max-image-preview":"max-image-preview:large","max-video-preview":"max-video-preview:-1"},"canonical":"https:\/\/sunfixmobile.ee\/toode\/samsung-a13-5g-a04s-slide-must-umbris\/","og_locale":"ru_RU","og_type":"article","og_title":"Samsung A13 5G\/A04s slide must \u00fcmbris - CompanySun","og_description":"Slide Case tagab telefoni ohutuse igas olukorras. See on valmistatud pehmest painduvast materjalist ning sellel on abistav liugur, mis katab kaamera ja tagab privaatsuse. Slide Case on ettepanek neile, kes hoolivad seadme t\u00e4iuslikust kaitsest ja otsivad stiilset tarvikut. Korpus on valmistatud kvaliteetsest puutetundlikust TPU-st, t\u00e4nu millele see ei deformeeru ja s\u00e4ilitab kasutusk\u00f5lblikkuse pikka aega. Materjal...","og_url":"https:\/\/sunfixmobile.ee\/toode\/samsung-a13-5g-a04s-slide-must-umbris\/","og_site_name":"CompanySun","article_publisher":"https:\/\/www.facebook.com\/sunfixtallinn","article_modified_time":"2025-07-03T10:05:06+00:00","og_image":[{"width":2000,"height":1335,"url":"https:\/\/sunfixmobile.ee\/wp-content\/uploads\/2022\/05\/1.jpg","type":"image\/jpeg"}],"twitter_card":"summary_large_image","twitter_misc":{"\u0426\u0435\u043d\u0430":"14,90&nbsp;&euro;","\u0414\u043e\u0441\u0442\u0443\u043f\u043d\u043e\u0441\u0442\u044c":"\u0412 \u043d\u0430\u043b\u0438\u0447\u0438\u0438"},"schema":{"@context":"https:\/\/schema.org","@graph":[{"@type":"WebPage","@id":"https:\/\/sunfixmobile.ee\/toode\/samsung-a13-5g-a04s-slide-must-umbris\/","url":"https:\/\/sunfixmobile.ee\/toode\/samsung-a13-5g-a04s-slide-must-umbris\/","name":"Samsung A13 5G\/A04s slide must \u00fcmbris - CompanySun","isPartOf":{"@id":"https:\/\/sunfixmobile.ee\/#website"},"primaryImageOfPage":{"@id":"https:\/\/sunfixmobile.ee\/toode\/samsung-a13-5g-a04s-slide-must-umbris\/#primaryimage"},"image":{"@id":"https:\/\/sunfixmobile.ee\/toode\/samsung-a13-5g-a04s-slide-must-umbris\/#primaryimage"},"thumbnailUrl":"https:\/\/sunfixmobile.ee\/wp-content\/uploads\/2024\/02\/acaac1a502ae4fae2bf74e107c2c037e.webp","datePublished":"2024-01-22T15:57:48+00:00","dateModified":"2025-07-03T10:05:06+00:00","breadcrumb":{"@id":"https:\/\/sunfixmobile.ee\/toode\/samsung-a13-5g-a04s-slide-must-umbris\/#breadcrumb"},"inLanguage":"ru-RU","potentialAction":[{"@type":"ReadAction","target":["https:\/\/sunfixmobile.ee\/toode\/samsung-a13-5g-a04s-slide-must-umbris\/"]}]},{"@type":"ImageObject","inLanguage":"ru-RU","@id":"https:\/\/sunfixmobile.ee\/toode\/samsung-a13-5g-a04s-slide-must-umbris\/#primaryimage","url":"https:\/\/sunfixmobile.ee\/wp-content\/uploads\/2024\/02\/acaac1a502ae4fae2bf74e107c2c037e.webp","contentUrl":"https:\/\/sunfixmobile.ee\/wp-content\/uploads\/2024\/02\/acaac1a502ae4fae2bf74e107c2c037e.webp","width":1000,"height":1000,"caption":"acaac1a502ae4fae2bf74e107c2c037e."},{"@type":"BreadcrumbList","@id":"https:\/\/sunfixmobile.ee\/toode\/samsung-a13-5g-a04s-slide-must-umbris\/#breadcrumb","itemListElement":[{"@type":"ListItem","position":1,"name":"Home","item":"https:\/\/sunfixmobile.ee\/ru\/"},{"@type":"ListItem","position":2,"name":"\u0412\u0441\u0435 \u0442\u043e\u0432\u0430\u0440\u044b","item":"https:\/\/sunfixmobile.ee\/ru\/magazin\/"},{"@type":"ListItem","position":3,"name":"Samsung A13 5G\/A04s slide must \u00fcmbris"}]},{"@type":"WebSite","@id":"https:\/\/sunfixmobile.ee\/#website","url":"https:\/\/sunfixmobile.ee\/","name":"CompanySun","description":"","publisher":{"@id":"https:\/\/sunfixmobile.ee\/#organization"},"potentialAction":[{"@type":"SearchAction","target":{"@type":"EntryPoint","urlTemplate":"https:\/\/sunfixmobile.ee\/?s={search_term_string}"},"query-input":{"@type":"PropertyValueSpecification","valueRequired":true,"valueName":"search_term_string"}}],"inLanguage":"ru-RU"},{"@type":"Organization","@id":"https:\/\/sunfixmobile.ee\/#organization","name":"CompanySun O\u00dc","url":"https:\/\/sunfixmobile.ee\/","logo":{"@type":"ImageObject","inLanguage":"ru-RU","@id":"https:\/\/sunfixmobile.ee\/#\/schema\/logo\/image\/","url":"https:\/\/sunfixmobile.ee\/wp-content\/uploads\/2022\/05\/logo.png","contentUrl":"https:\/\/sunfixmobile.ee\/wp-content\/uploads\/2022\/05\/logo.png","width":257,"height":85,"caption":"CompanySun O\u00dc"},"image":{"@id":"https:\/\/sunfixmobile.ee\/#\/schema\/logo\/image\/"},"sameAs":["https:\/\/www.facebook.com\/sunfixtallinn","https:\/\/www.instagram.com\/sunfix_eesti\/"]}]},"product_price_amount":"14.90","product_price_currency":"EUR","og_availability":"instock","product_availability":"instock","product_retailer_item_id":"5903396184277","product_condition":"new"},"_links":{"self":[{"href":"https:\/\/sunfixmobile.ee\/ru\/wp-json\/wp\/v2\/product\/8706","targetHints":{"allow":["GET"]}}],"collection":[{"href":"https:\/\/sunfixmobile.ee\/ru\/wp-json\/wp\/v2\/product"}],"about":[{"href":"https:\/\/sunfixmobile.ee\/ru\/wp-json\/wp\/v2\/types\/product"}],"wp:featuredmedia":[{"embeddable":true,"href":"https:\/\/sunfixmobile.ee\/ru\/wp-json\/wp\/v2\/media\/10677"}],"wp:attachment":[{"href":"https:\/\/sunfixmobile.ee\/ru\/wp-json\/wp\/v2\/media?parent=8706"}],"wp:term":[{"taxonomy":"product_brand","embeddable":true,"href":"https:\/\/sunfixmobile.ee\/ru\/wp-json\/wp\/v2\/product_brand?post=8706"},{"taxonomy":"product_cat","embeddable":true,"href":"https:\/\/sunfixmobile.ee\/ru\/wp-json\/wp\/v2\/product_cat?post=8706"},{"taxonomy":"product_tag","embeddable":true,"href":"https:\/\/sunfixmobile.ee\/ru\/wp-json\/wp\/v2\/product_tag?post=8706"}],"curies":[{"name":"wp","href":"https:\/\/api.w.org\/{rel}","templated":true}]}}