{"id":8345,"date":"2024-01-22T15:56:51","date_gmt":"2024-01-22T15:56:51","guid":{"rendered":"https:\/\/sunfixmobile.ee\/toode\/hoolduskruvikeerajate-komplekt-ss115in1\/"},"modified":"2025-07-03T10:05:02","modified_gmt":"2025-07-03T10:05:02","slug":"hoolduskruvikeerajate-komplekt-ss115in1","status":"publish","type":"product","link":"https:\/\/sunfixmobile.ee\/ru\/tovar\/hoolduskruvikeerajate-komplekt-ss115in1\/","title":{"rendered":"Hoolduskruvikeerajate komplekt SS115IN1"},"content":{"rendered":"<p>See mitmek\u00fclgne 115-\u00fches t\u00e4ppiskruvikeerajate komplekt on oluline t\u00f6\u00f6riist igale isetegemise entusiastile ja professionaalile. Varustatud k\u00f5igi erinevateks t\u00f6\u00f6deks vajalike t\u00f6\u00f6riistadega, sobib see suurep\u00e4raselt s\u00fclearvutite, mobiilseadmete ja \u00f5rnade esemete (nt kellad ja prillid) parandamiseks. Selle kerge kaal ja kompaktne disain tagavad mugava kasutamise.<\/p>\n<p>Kruvikeerajate komplekt sisaldab kvaliteetsetest materjalidest valmistatud t\u00f6\u00f6riistu. Kruvikeeraja v\u00f5ll on valmistatud kroom-vanaadiumi sulamist, mis parandab selle vastupidavust roostele ja v\u00f5imaldab kanda suuremaid koormusi. Lisaks on kruvikeeraja otsikud magnetilised ja valmistatud l\u00f6\u00f6gikindlast kroom-vanaadiumi terasest, mis muudab need t\u00f6\u00f6riistad vastupidavaks ja kasutamisel t\u00f5husaks.<\/p>\n<p>Komplekt on varustatud tugeva magnetotsaga, mis h\u00f5lbustab kolmem\u00f5\u00f5tmelist t\u00f6\u00f6d ning tagab kruvide ja poltide kindla haarde. Lisaks saab painduvat v\u00f5lli reguleerida 60 mm pikkuseks, mis v\u00f5imaldab juurdep\u00e4\u00e4su raskesti ligip\u00e4\u00e4setavatele kohtadele.<\/p>\n<p>Komplekt on ideaalne t\u00f6\u00f6riist iPadi, iPhone&#8217;i, tahvelarvuti, s\u00fclearvuti, arvuti, nutitelefoni, k\u00e4ekella, prillide, kaamera, PS4, kontrolleri ja muude elektroonikaseadmete parandamiseks. See s\u00e4\u00e4stab teie aega ja energiat, nii et saate hoolduse ajal kruvisid kinni keerata, parandades oma seadmete t\u00f5husust.<\/p>\n<p>Nimekiri 98 bitist, 28 mm pikk:<\/p>\n<p>12 isast Phillipsi\/ristpistikupesa (+): PH0000, PH000, PH00, PH0, PH1, PH2<br \/>12 Lamepealised pistikupesad: SL1.0, SL1.3, SL1.5(2tk), SL2.0(2tk), SL2.5(2tk), SL3.0(2tk), SL3.5, SL4. 0<br \/>16 Torxi pistikupesa: T1, T2(2tk), T3(2tk), T4(2tk), T5(2tk), T6, T7, T8, T9, T10, T15, T20<br \/>8 Torxi pesa koos kaitsega (turvatud): T6H, T7H, T8H, T9H, T10H, T15H, T20H, T25H<br \/>2 SIME ject Biti pesa (\u00fcmmargune sirge tihvt): 0,8, 1,0 mm<br \/>5 U-t\u00fc\u00fcpi mutriv\u00f5tmepesa: U2.6(2tk), U3.0(2tk), U8<br \/>4 t\u00e4iskolmnurkset pistikupesa: 2,0, 2,3, 2,6, 3,0 mm<br \/>5 kolmepunktilist pistikupesa (kolmekordne \u00f5lg): Y0,6 (2 tk), Y2,0, Y2,5, Y3,0<br \/>4 pesa (viie kodaraga) \u2013 P2 0,8 mm, P5 1,2 mm, P6 1,5 mm, P8 2,0 mm,<br \/>5 Pozidriv lisaseadet: PZ000, PZ00, PZ0, PZ1, PZ2<br \/>2 keskmise laua kinnitust: W2.0, W2.5<br \/>3 t\u00e4isruudukujulist pesa: S0, S1, S2<br \/>12 kuuskantpesa: H0,7, H0,9, H1,3, H1,5, H2,0, H2,5, H3,0, H3,5, H4,0, H4,5, H5,0, H6. 0<br \/>7 sisemist keeratavat korki (kuusnurk): M2,5 M3,0 M3,5 M4,0 M4,5 M5,0 M5,5<br \/>1 PH2 kork (negatiivne)<\/p>\n<p>14 t\u00e4iendava t\u00f6\u00f6riista loend:<\/p>\n<p>1 kerge otsakuhoidja, pikkus 12 cm<br \/>1 sirge pikendus 115 mm<br \/>1 painduv pikendus 130 mm<br \/>1 t\u00e4pne ESD pintsett, painutatud, 12 cm pikk<br \/>2 plastikust korpuse avajat<br \/>1 klahv SIM-kaardi eemaldamiseks<br \/>1 magnetiseerija\/demagnetiseerija bittide jaoks<br \/>1 iminapp 35 mm<br \/>6 kuubikest korpuste avamiseks<br \/>1 magnetadapter kruvikeeraja otsikutele \u2013 6 mm<br \/>1 praktiline kahepoolne \u00fcmbris<\/p>\n<p>Spetsifikatsioon:<br \/>Materjal: kroom-vanaadiumiteras CR-V S2 + alumiiniumsulam + ABS + kumm<br \/>Elementide arv: 115 tk<br \/>Bittide arv: 98 t\u00fckki<br \/>M\u00f5\u00f5dud: 17 \u00d7 13 \u00d7 6 cm<br \/>Kaal: 500 g<\/p>\n","protected":false},"excerpt":{"rendered":"<p>See mitmek\u00fclgne 115-\u00fches t\u00e4ppiskruvikeerajate komplekt on oluline t\u00f6\u00f6riist igale isetegemise entusiastile ja professionaalile. Varustatud k\u00f5igi erinevateks t\u00f6\u00f6deks vajalike t\u00f6\u00f6riistadega, sobib see suurep\u00e4raselt s\u00fclearvutite, mobiilseadmete ja \u00f5rnade esemete (nt kellad ja prillid) parandamiseks. Selle kerge kaal ja kompaktne disain tagavad mugava kasutamise. Kruvikeerajate komplekt sisaldab kvaliteetsetest materjalidest valmistatud t\u00f6\u00f6riistu. Kruvikeeraja v\u00f5ll on valmistatud kroom-vanaadiumi sulamist, mis&#8230;<\/p>\n","protected":false},"featured_media":9095,"template":"","meta":[],"product_brand":[],"product_cat":[1246],"product_tag":[],"class_list":{"0":"post-8345","1":"product","2":"type-product","3":"status-publish","4":"has-post-thumbnail","6":"product_cat-tooriistad-ja-materjalid","8":"first","9":"instock","10":"taxable","11":"shipping-taxable","12":"purchasable","13":"product-type-simple"},"yoast_head":"<!-- This site is optimized with the Yoast SEO plugin v27.2 - https:\/\/yoast.com\/product\/yoast-seo-wordpress\/ -->\n<title>Hoolduskruvikeerajate komplekt SS115IN1 - CompanySun<\/title>\n<meta name=\"robots\" content=\"index, follow, max-snippet:-1, max-image-preview:large, max-video-preview:-1\" \/>\n<link rel=\"canonical\" href=\"https:\/\/sunfixmobile.ee\/toode\/hoolduskruvikeerajate-komplekt-ss115in1\/\" \/>\n<meta property=\"og:locale\" content=\"ru_RU\" \/>\n<meta property=\"og:type\" content=\"article\" \/>\n<meta property=\"og:title\" content=\"Hoolduskruvikeerajate komplekt SS115IN1 - CompanySun\" \/>\n<meta property=\"og:description\" content=\"See mitmek\u00fclgne 115-\u00fches t\u00e4ppiskruvikeerajate komplekt on oluline t\u00f6\u00f6riist igale isetegemise entusiastile ja professionaalile. Varustatud k\u00f5igi erinevateks t\u00f6\u00f6deks vajalike t\u00f6\u00f6riistadega, sobib see suurep\u00e4raselt s\u00fclearvutite, mobiilseadmete ja \u00f5rnade esemete (nt kellad ja prillid) parandamiseks. Selle kerge kaal ja kompaktne disain tagavad mugava kasutamise. Kruvikeerajate komplekt sisaldab kvaliteetsetest materjalidest valmistatud t\u00f6\u00f6riistu. Kruvikeeraja v\u00f5ll on valmistatud kroom-vanaadiumi sulamist, mis...\" \/>\n<meta property=\"og:url\" content=\"https:\/\/sunfixmobile.ee\/toode\/hoolduskruvikeerajate-komplekt-ss115in1\/\" \/>\n<meta property=\"og:site_name\" content=\"CompanySun\" \/>\n<meta property=\"article:publisher\" content=\"https:\/\/www.facebook.com\/sunfixtallinn\" \/>\n<meta property=\"article:modified_time\" content=\"2025-07-03T10:05:02+00:00\" \/>\n<meta property=\"og:image\" content=\"https:\/\/sunfixmobile.ee\/wp-content\/uploads\/2024\/01\/347e7daa8db213eb8af7b0284efcfca4.webp\" \/>\n\t<meta property=\"og:image:width\" content=\"1000\" \/>\n\t<meta property=\"og:image:height\" content=\"1000\" \/>\n\t<meta property=\"og:image:type\" content=\"image\/webp\" \/>\n<meta name=\"twitter:card\" content=\"summary_large_image\" \/>\n<meta name=\"twitter:label1\" content=\"\u0426\u0435\u043d\u0430\" \/>\n\t<meta name=\"twitter:data1\" content=\"27,90&nbsp;&euro;\" \/>\n\t<meta name=\"twitter:label2\" content=\"\u0414\u043e\u0441\u0442\u0443\u043f\u043d\u043e\u0441\u0442\u044c\" \/>\n\t<meta name=\"twitter:data2\" content=\"\u0412 \u043d\u0430\u043b\u0438\u0447\u0438\u0438\" \/>\n<script type=\"application\/ld+json\" class=\"yoast-schema-graph\">{\"@context\":\"https:\/\/schema.org\",\"@graph\":[{\"@type\":\"WebPage\",\"@id\":\"https:\/\/sunfixmobile.ee\/toode\/hoolduskruvikeerajate-komplekt-ss115in1\/\",\"url\":\"https:\/\/sunfixmobile.ee\/toode\/hoolduskruvikeerajate-komplekt-ss115in1\/\",\"name\":\"Hoolduskruvikeerajate komplekt SS115IN1 - CompanySun\",\"isPartOf\":{\"@id\":\"https:\/\/sunfixmobile.ee\/#website\"},\"primaryImageOfPage\":{\"@id\":\"https:\/\/sunfixmobile.ee\/toode\/hoolduskruvikeerajate-komplekt-ss115in1\/#primaryimage\"},\"image\":{\"@id\":\"https:\/\/sunfixmobile.ee\/toode\/hoolduskruvikeerajate-komplekt-ss115in1\/#primaryimage\"},\"thumbnailUrl\":\"https:\/\/sunfixmobile.ee\/wp-content\/uploads\/2024\/01\/347e7daa8db213eb8af7b0284efcfca4.webp\",\"datePublished\":\"2024-01-22T15:56:51+00:00\",\"dateModified\":\"2025-07-03T10:05:02+00:00\",\"breadcrumb\":{\"@id\":\"https:\/\/sunfixmobile.ee\/toode\/hoolduskruvikeerajate-komplekt-ss115in1\/#breadcrumb\"},\"inLanguage\":\"ru-RU\",\"potentialAction\":[{\"@type\":\"ReadAction\",\"target\":[\"https:\/\/sunfixmobile.ee\/toode\/hoolduskruvikeerajate-komplekt-ss115in1\/\"]}]},{\"@type\":\"ImageObject\",\"inLanguage\":\"ru-RU\",\"@id\":\"https:\/\/sunfixmobile.ee\/toode\/hoolduskruvikeerajate-komplekt-ss115in1\/#primaryimage\",\"url\":\"https:\/\/sunfixmobile.ee\/wp-content\/uploads\/2024\/01\/347e7daa8db213eb8af7b0284efcfca4.webp\",\"contentUrl\":\"https:\/\/sunfixmobile.ee\/wp-content\/uploads\/2024\/01\/347e7daa8db213eb8af7b0284efcfca4.webp\",\"width\":1000,\"height\":1000,\"caption\":\"347e7daa8db213eb8af7b0284efcfca4.\"},{\"@type\":\"BreadcrumbList\",\"@id\":\"https:\/\/sunfixmobile.ee\/toode\/hoolduskruvikeerajate-komplekt-ss115in1\/#breadcrumb\",\"itemListElement\":[{\"@type\":\"ListItem\",\"position\":1,\"name\":\"Home\",\"item\":\"https:\/\/sunfixmobile.ee\/ru\/\"},{\"@type\":\"ListItem\",\"position\":2,\"name\":\"\u0412\u0441\u0435 \u0442\u043e\u0432\u0430\u0440\u044b\",\"item\":\"https:\/\/sunfixmobile.ee\/ru\/magazin\/\"},{\"@type\":\"ListItem\",\"position\":3,\"name\":\"Hoolduskruvikeerajate komplekt SS115IN1\"}]},{\"@type\":\"WebSite\",\"@id\":\"https:\/\/sunfixmobile.ee\/#website\",\"url\":\"https:\/\/sunfixmobile.ee\/\",\"name\":\"CompanySun\",\"description\":\"\",\"publisher\":{\"@id\":\"https:\/\/sunfixmobile.ee\/#organization\"},\"potentialAction\":[{\"@type\":\"SearchAction\",\"target\":{\"@type\":\"EntryPoint\",\"urlTemplate\":\"https:\/\/sunfixmobile.ee\/?s={search_term_string}\"},\"query-input\":{\"@type\":\"PropertyValueSpecification\",\"valueRequired\":true,\"valueName\":\"search_term_string\"}}],\"inLanguage\":\"ru-RU\"},{\"@type\":\"Organization\",\"@id\":\"https:\/\/sunfixmobile.ee\/#organization\",\"name\":\"CompanySun O\u00dc\",\"url\":\"https:\/\/sunfixmobile.ee\/\",\"logo\":{\"@type\":\"ImageObject\",\"inLanguage\":\"ru-RU\",\"@id\":\"https:\/\/sunfixmobile.ee\/#\/schema\/logo\/image\/\",\"url\":\"https:\/\/sunfixmobile.ee\/wp-content\/uploads\/2022\/05\/logo.png\",\"contentUrl\":\"https:\/\/sunfixmobile.ee\/wp-content\/uploads\/2022\/05\/logo.png\",\"width\":257,\"height\":85,\"caption\":\"CompanySun O\u00dc\"},\"image\":{\"@id\":\"https:\/\/sunfixmobile.ee\/#\/schema\/logo\/image\/\"},\"sameAs\":[\"https:\/\/www.facebook.com\/sunfixtallinn\",\"https:\/\/www.instagram.com\/sunfix_eesti\/\"]}]}<\/script>\n<meta property=\"product:price:amount\" content=\"27.90\" \/>\n<meta property=\"product:price:currency\" content=\"EUR\" \/>\n<meta property=\"og:availability\" content=\"instock\" \/>\n<meta property=\"product:availability\" content=\"instock\" \/>\n<meta property=\"product:retailer_item_id\" content=\"5903396223600\" \/>\n<meta property=\"product:condition\" content=\"new\" \/>\n<!-- \/ Yoast SEO plugin. -->","yoast_head_json":{"title":"Hoolduskruvikeerajate komplekt SS115IN1 - CompanySun","robots":{"index":"index","follow":"follow","max-snippet":"max-snippet:-1","max-image-preview":"max-image-preview:large","max-video-preview":"max-video-preview:-1"},"canonical":"https:\/\/sunfixmobile.ee\/toode\/hoolduskruvikeerajate-komplekt-ss115in1\/","og_locale":"ru_RU","og_type":"article","og_title":"Hoolduskruvikeerajate komplekt SS115IN1 - CompanySun","og_description":"See mitmek\u00fclgne 115-\u00fches t\u00e4ppiskruvikeerajate komplekt on oluline t\u00f6\u00f6riist igale isetegemise entusiastile ja professionaalile. Varustatud k\u00f5igi erinevateks t\u00f6\u00f6deks vajalike t\u00f6\u00f6riistadega, sobib see suurep\u00e4raselt s\u00fclearvutite, mobiilseadmete ja \u00f5rnade esemete (nt kellad ja prillid) parandamiseks. Selle kerge kaal ja kompaktne disain tagavad mugava kasutamise. Kruvikeerajate komplekt sisaldab kvaliteetsetest materjalidest valmistatud t\u00f6\u00f6riistu. Kruvikeeraja v\u00f5ll on valmistatud kroom-vanaadiumi sulamist, mis...","og_url":"https:\/\/sunfixmobile.ee\/toode\/hoolduskruvikeerajate-komplekt-ss115in1\/","og_site_name":"CompanySun","article_publisher":"https:\/\/www.facebook.com\/sunfixtallinn","article_modified_time":"2025-07-03T10:05:02+00:00","og_image":[{"width":1000,"height":1000,"url":"https:\/\/sunfixmobile.ee\/wp-content\/uploads\/2024\/01\/347e7daa8db213eb8af7b0284efcfca4.webp","type":"image\/webp"}],"twitter_card":"summary_large_image","twitter_misc":{"\u0426\u0435\u043d\u0430":"27,90&nbsp;&euro;","\u0414\u043e\u0441\u0442\u0443\u043f\u043d\u043e\u0441\u0442\u044c":"\u0412 \u043d\u0430\u043b\u0438\u0447\u0438\u0438"},"schema":{"@context":"https:\/\/schema.org","@graph":[{"@type":"WebPage","@id":"https:\/\/sunfixmobile.ee\/toode\/hoolduskruvikeerajate-komplekt-ss115in1\/","url":"https:\/\/sunfixmobile.ee\/toode\/hoolduskruvikeerajate-komplekt-ss115in1\/","name":"Hoolduskruvikeerajate komplekt SS115IN1 - CompanySun","isPartOf":{"@id":"https:\/\/sunfixmobile.ee\/#website"},"primaryImageOfPage":{"@id":"https:\/\/sunfixmobile.ee\/toode\/hoolduskruvikeerajate-komplekt-ss115in1\/#primaryimage"},"image":{"@id":"https:\/\/sunfixmobile.ee\/toode\/hoolduskruvikeerajate-komplekt-ss115in1\/#primaryimage"},"thumbnailUrl":"https:\/\/sunfixmobile.ee\/wp-content\/uploads\/2024\/01\/347e7daa8db213eb8af7b0284efcfca4.webp","datePublished":"2024-01-22T15:56:51+00:00","dateModified":"2025-07-03T10:05:02+00:00","breadcrumb":{"@id":"https:\/\/sunfixmobile.ee\/toode\/hoolduskruvikeerajate-komplekt-ss115in1\/#breadcrumb"},"inLanguage":"ru-RU","potentialAction":[{"@type":"ReadAction","target":["https:\/\/sunfixmobile.ee\/toode\/hoolduskruvikeerajate-komplekt-ss115in1\/"]}]},{"@type":"ImageObject","inLanguage":"ru-RU","@id":"https:\/\/sunfixmobile.ee\/toode\/hoolduskruvikeerajate-komplekt-ss115in1\/#primaryimage","url":"https:\/\/sunfixmobile.ee\/wp-content\/uploads\/2024\/01\/347e7daa8db213eb8af7b0284efcfca4.webp","contentUrl":"https:\/\/sunfixmobile.ee\/wp-content\/uploads\/2024\/01\/347e7daa8db213eb8af7b0284efcfca4.webp","width":1000,"height":1000,"caption":"347e7daa8db213eb8af7b0284efcfca4."},{"@type":"BreadcrumbList","@id":"https:\/\/sunfixmobile.ee\/toode\/hoolduskruvikeerajate-komplekt-ss115in1\/#breadcrumb","itemListElement":[{"@type":"ListItem","position":1,"name":"Home","item":"https:\/\/sunfixmobile.ee\/ru\/"},{"@type":"ListItem","position":2,"name":"\u0412\u0441\u0435 \u0442\u043e\u0432\u0430\u0440\u044b","item":"https:\/\/sunfixmobile.ee\/ru\/magazin\/"},{"@type":"ListItem","position":3,"name":"Hoolduskruvikeerajate komplekt SS115IN1"}]},{"@type":"WebSite","@id":"https:\/\/sunfixmobile.ee\/#website","url":"https:\/\/sunfixmobile.ee\/","name":"CompanySun","description":"","publisher":{"@id":"https:\/\/sunfixmobile.ee\/#organization"},"potentialAction":[{"@type":"SearchAction","target":{"@type":"EntryPoint","urlTemplate":"https:\/\/sunfixmobile.ee\/?s={search_term_string}"},"query-input":{"@type":"PropertyValueSpecification","valueRequired":true,"valueName":"search_term_string"}}],"inLanguage":"ru-RU"},{"@type":"Organization","@id":"https:\/\/sunfixmobile.ee\/#organization","name":"CompanySun O\u00dc","url":"https:\/\/sunfixmobile.ee\/","logo":{"@type":"ImageObject","inLanguage":"ru-RU","@id":"https:\/\/sunfixmobile.ee\/#\/schema\/logo\/image\/","url":"https:\/\/sunfixmobile.ee\/wp-content\/uploads\/2022\/05\/logo.png","contentUrl":"https:\/\/sunfixmobile.ee\/wp-content\/uploads\/2022\/05\/logo.png","width":257,"height":85,"caption":"CompanySun O\u00dc"},"image":{"@id":"https:\/\/sunfixmobile.ee\/#\/schema\/logo\/image\/"},"sameAs":["https:\/\/www.facebook.com\/sunfixtallinn","https:\/\/www.instagram.com\/sunfix_eesti\/"]}]},"product_price_amount":"27.90","product_price_currency":"EUR","og_availability":"instock","product_availability":"instock","product_retailer_item_id":"5903396223600","product_condition":"new"},"_links":{"self":[{"href":"https:\/\/sunfixmobile.ee\/ru\/wp-json\/wp\/v2\/product\/8345","targetHints":{"allow":["GET"]}}],"collection":[{"href":"https:\/\/sunfixmobile.ee\/ru\/wp-json\/wp\/v2\/product"}],"about":[{"href":"https:\/\/sunfixmobile.ee\/ru\/wp-json\/wp\/v2\/types\/product"}],"wp:featuredmedia":[{"embeddable":true,"href":"https:\/\/sunfixmobile.ee\/ru\/wp-json\/wp\/v2\/media\/9095"}],"wp:attachment":[{"href":"https:\/\/sunfixmobile.ee\/ru\/wp-json\/wp\/v2\/media?parent=8345"}],"wp:term":[{"taxonomy":"product_brand","embeddable":true,"href":"https:\/\/sunfixmobile.ee\/ru\/wp-json\/wp\/v2\/product_brand?post=8345"},{"taxonomy":"product_cat","embeddable":true,"href":"https:\/\/sunfixmobile.ee\/ru\/wp-json\/wp\/v2\/product_cat?post=8345"},{"taxonomy":"product_tag","embeddable":true,"href":"https:\/\/sunfixmobile.ee\/ru\/wp-json\/wp\/v2\/product_tag?post=8345"}],"curies":[{"name":"wp","href":"https:\/\/api.w.org\/{rel}","templated":true}]}}