{"id":8321,"date":"2024-01-22T15:56:48","date_gmt":"2024-01-22T15:56:48","guid":{"rendered":"https:\/\/sunfixmobile.ee\/toode\/samsung-a51-canvas-raamatu-umbris-must\/"},"modified":"2025-07-03T10:04:22","modified_gmt":"2025-07-03T10:04:22","slug":"samsung-a51-canvas-raamatu-umbris-must","status":"publish","type":"product","link":"https:\/\/sunfixmobile.ee\/ru\/tovar\/samsung-a51-canvas-raamatu-umbris-must\/","title":{"rendered":"Samsung A51 Canvas raamatu \u00fcmbris must"},"content":{"rendered":"<p>Kaasaegne ja originaalne \u00fcmbris. Stiilsed \u00f5mmeldud ja elegantsed v\u00e4rvikombinatsioonid muudavad selle suurep\u00e4raselt esile telefoni paigutuse ja annavad selle kasutamise vabaduse.<\/p>\n<p>Korpus on valmistatud s\u00f5bralikest materjalidest stiilsetes v\u00e4rvikombinatsioonides. Elegantsete \u00f5mblustega nii seest kui v\u00e4ljast. Korpuse sisemus on viimistletud kaunistuse v\u00e4rvi materjaliga, mis imiteerib ideaalselt nahka.<\/p>\n<p>Korpusel on mugav magnetklamber ja see laguneb raamatu asendisse. Sees on praktilised taskud dokumentide jaoks, sealhulgas \u00fcks suurem, mis mahutab rohkem m\u00e4rkmeid ja arveid.<\/p>\n<p>Telefon asetseb kindlalt silikoonist sisendisse, mis on sellega ideaalselt sobitatud<br \/>spetsiaalne seadmemudel, millel on vajalikud v\u00e4ljal\u00f5iked laadija, helitugevusnuppude ja muude funktsiooniklahvide ning k\u00f5larite ja kaamera objektiivi jaoks.<\/p>\n<p>Korpusel on TV-aluse konstruktsioon, mis h\u00f5lbustab nt. filmide vaatamine ja Interneti sirvimine.<\/p>\n<p>Materjal: teksaseid imiteeriv materjal ja \u00f6konahk ja TPU<\/p>\n","protected":false},"excerpt":{"rendered":"<p>Kaasaegne ja originaalne \u00fcmbris. Stiilsed \u00f5mmeldud ja elegantsed v\u00e4rvikombinatsioonid muudavad selle suurep\u00e4raselt esile telefoni paigutuse ja annavad selle kasutamise vabaduse. Korpus on valmistatud s\u00f5bralikest materjalidest stiilsetes v\u00e4rvikombinatsioonides. Elegantsete \u00f5mblustega nii seest kui v\u00e4ljast. Korpuse sisemus on viimistletud kaunistuse v\u00e4rvi materjaliga, mis imiteerib ideaalselt nahka. Korpusel on mugav magnetklamber ja see laguneb raamatu asendisse. Sees on&#8230;<\/p>\n","protected":false},"featured_media":9241,"template":"","meta":[],"product_brand":[],"product_cat":[1258],"product_tag":[1334],"class_list":{"0":"post-8321","1":"product","2":"type-product","3":"status-publish","4":"has-post-thumbnail","6":"product_cat-umbrised","7":"product_tag-samsung-galaxy-a51","9":"first","10":"instock","11":"taxable","12":"shipping-taxable","13":"purchasable","14":"product-type-simple"},"yoast_head":"<!-- This site is optimized with the Yoast SEO plugin v27.2 - https:\/\/yoast.com\/product\/yoast-seo-wordpress\/ -->\n<title>Samsung A51 Canvas raamatu \u00fcmbris must - CompanySun<\/title>\n<meta name=\"robots\" content=\"index, follow, max-snippet:-1, max-image-preview:large, max-video-preview:-1\" \/>\n<link rel=\"canonical\" href=\"https:\/\/sunfixmobile.ee\/toode\/samsung-a51-canvas-raamatu-umbris-must\/\" \/>\n<meta property=\"og:locale\" content=\"ru_RU\" \/>\n<meta property=\"og:type\" content=\"article\" \/>\n<meta property=\"og:title\" content=\"Samsung A51 Canvas raamatu \u00fcmbris must - CompanySun\" \/>\n<meta property=\"og:description\" content=\"Kaasaegne ja originaalne \u00fcmbris. Stiilsed \u00f5mmeldud ja elegantsed v\u00e4rvikombinatsioonid muudavad selle suurep\u00e4raselt esile telefoni paigutuse ja annavad selle kasutamise vabaduse. Korpus on valmistatud s\u00f5bralikest materjalidest stiilsetes v\u00e4rvikombinatsioonides. Elegantsete \u00f5mblustega nii seest kui v\u00e4ljast. Korpuse sisemus on viimistletud kaunistuse v\u00e4rvi materjaliga, mis imiteerib ideaalselt nahka. Korpusel on mugav magnetklamber ja see laguneb raamatu asendisse. Sees on...\" \/>\n<meta property=\"og:url\" content=\"https:\/\/sunfixmobile.ee\/toode\/samsung-a51-canvas-raamatu-umbris-must\/\" \/>\n<meta property=\"og:site_name\" content=\"CompanySun\" \/>\n<meta property=\"article:publisher\" content=\"https:\/\/www.facebook.com\/sunfixtallinn\" \/>\n<meta property=\"article:modified_time\" content=\"2025-07-03T10:04:22+00:00\" \/>\n<meta property=\"og:image\" content=\"https:\/\/sunfixmobile.ee\/wp-content\/uploads\/2022\/05\/1.jpg\" \/>\n\t<meta property=\"og:image:width\" content=\"2000\" \/>\n\t<meta property=\"og:image:height\" content=\"1335\" \/>\n\t<meta property=\"og:image:type\" content=\"image\/jpeg\" \/>\n<meta name=\"twitter:card\" content=\"summary_large_image\" \/>\n<meta name=\"twitter:label1\" content=\"\u0426\u0435\u043d\u0430\" \/>\n\t<meta name=\"twitter:data1\" content=\"18,90&nbsp;&euro;\" \/>\n\t<meta name=\"twitter:label2\" content=\"\u0414\u043e\u0441\u0442\u0443\u043f\u043d\u043e\u0441\u0442\u044c\" \/>\n\t<meta name=\"twitter:data2\" content=\"\u0412 \u043d\u0430\u043b\u0438\u0447\u0438\u0438\" \/>\n<script type=\"application\/ld+json\" class=\"yoast-schema-graph\">{\"@context\":\"https:\/\/schema.org\",\"@graph\":[{\"@type\":\"WebPage\",\"@id\":\"https:\/\/sunfixmobile.ee\/toode\/samsung-a51-canvas-raamatu-umbris-must\/\",\"url\":\"https:\/\/sunfixmobile.ee\/toode\/samsung-a51-canvas-raamatu-umbris-must\/\",\"name\":\"Samsung A51 Canvas raamatu \u00fcmbris must - CompanySun\",\"isPartOf\":{\"@id\":\"https:\/\/sunfixmobile.ee\/#website\"},\"primaryImageOfPage\":{\"@id\":\"https:\/\/sunfixmobile.ee\/toode\/samsung-a51-canvas-raamatu-umbris-must\/#primaryimage\"},\"image\":{\"@id\":\"https:\/\/sunfixmobile.ee\/toode\/samsung-a51-canvas-raamatu-umbris-must\/#primaryimage\"},\"thumbnailUrl\":\"https:\/\/sunfixmobile.ee\/wp-content\/uploads\/2024\/01\/2b579c53adf7bb9c5758a21250a4b6c6.webp\",\"datePublished\":\"2024-01-22T15:56:48+00:00\",\"dateModified\":\"2025-07-03T10:04:22+00:00\",\"breadcrumb\":{\"@id\":\"https:\/\/sunfixmobile.ee\/toode\/samsung-a51-canvas-raamatu-umbris-must\/#breadcrumb\"},\"inLanguage\":\"ru-RU\",\"potentialAction\":[{\"@type\":\"ReadAction\",\"target\":[\"https:\/\/sunfixmobile.ee\/toode\/samsung-a51-canvas-raamatu-umbris-must\/\"]}]},{\"@type\":\"ImageObject\",\"inLanguage\":\"ru-RU\",\"@id\":\"https:\/\/sunfixmobile.ee\/toode\/samsung-a51-canvas-raamatu-umbris-must\/#primaryimage\",\"url\":\"https:\/\/sunfixmobile.ee\/wp-content\/uploads\/2024\/01\/2b579c53adf7bb9c5758a21250a4b6c6.webp\",\"contentUrl\":\"https:\/\/sunfixmobile.ee\/wp-content\/uploads\/2024\/01\/2b579c53adf7bb9c5758a21250a4b6c6.webp\",\"width\":1000,\"height\":1000,\"caption\":\"2b579c53adf7bb9c5758a21250a4b6c6.\"},{\"@type\":\"BreadcrumbList\",\"@id\":\"https:\/\/sunfixmobile.ee\/toode\/samsung-a51-canvas-raamatu-umbris-must\/#breadcrumb\",\"itemListElement\":[{\"@type\":\"ListItem\",\"position\":1,\"name\":\"Home\",\"item\":\"https:\/\/sunfixmobile.ee\/ru\/\"},{\"@type\":\"ListItem\",\"position\":2,\"name\":\"\u0412\u0441\u0435 \u0442\u043e\u0432\u0430\u0440\u044b\",\"item\":\"https:\/\/sunfixmobile.ee\/ru\/magazin\/\"},{\"@type\":\"ListItem\",\"position\":3,\"name\":\"Samsung A51 Canvas raamatu \u00fcmbris must\"}]},{\"@type\":\"WebSite\",\"@id\":\"https:\/\/sunfixmobile.ee\/#website\",\"url\":\"https:\/\/sunfixmobile.ee\/\",\"name\":\"CompanySun\",\"description\":\"\",\"publisher\":{\"@id\":\"https:\/\/sunfixmobile.ee\/#organization\"},\"potentialAction\":[{\"@type\":\"SearchAction\",\"target\":{\"@type\":\"EntryPoint\",\"urlTemplate\":\"https:\/\/sunfixmobile.ee\/?s={search_term_string}\"},\"query-input\":{\"@type\":\"PropertyValueSpecification\",\"valueRequired\":true,\"valueName\":\"search_term_string\"}}],\"inLanguage\":\"ru-RU\"},{\"@type\":\"Organization\",\"@id\":\"https:\/\/sunfixmobile.ee\/#organization\",\"name\":\"CompanySun O\u00dc\",\"url\":\"https:\/\/sunfixmobile.ee\/\",\"logo\":{\"@type\":\"ImageObject\",\"inLanguage\":\"ru-RU\",\"@id\":\"https:\/\/sunfixmobile.ee\/#\/schema\/logo\/image\/\",\"url\":\"https:\/\/sunfixmobile.ee\/wp-content\/uploads\/2022\/05\/logo.png\",\"contentUrl\":\"https:\/\/sunfixmobile.ee\/wp-content\/uploads\/2022\/05\/logo.png\",\"width\":257,\"height\":85,\"caption\":\"CompanySun O\u00dc\"},\"image\":{\"@id\":\"https:\/\/sunfixmobile.ee\/#\/schema\/logo\/image\/\"},\"sameAs\":[\"https:\/\/www.facebook.com\/sunfixtallinn\",\"https:\/\/www.instagram.com\/sunfix_eesti\/\"]}]}<\/script>\n<meta property=\"product:price:amount\" content=\"18.90\" \/>\n<meta property=\"product:price:currency\" content=\"EUR\" \/>\n<meta property=\"og:availability\" content=\"instock\" \/>\n<meta property=\"product:availability\" content=\"instock\" \/>\n<meta property=\"product:retailer_item_id\" content=\"5903396052408\" \/>\n<meta property=\"product:condition\" content=\"new\" \/>\n<!-- \/ Yoast SEO plugin. -->","yoast_head_json":{"title":"Samsung A51 Canvas raamatu \u00fcmbris must - CompanySun","robots":{"index":"index","follow":"follow","max-snippet":"max-snippet:-1","max-image-preview":"max-image-preview:large","max-video-preview":"max-video-preview:-1"},"canonical":"https:\/\/sunfixmobile.ee\/toode\/samsung-a51-canvas-raamatu-umbris-must\/","og_locale":"ru_RU","og_type":"article","og_title":"Samsung A51 Canvas raamatu \u00fcmbris must - CompanySun","og_description":"Kaasaegne ja originaalne \u00fcmbris. Stiilsed \u00f5mmeldud ja elegantsed v\u00e4rvikombinatsioonid muudavad selle suurep\u00e4raselt esile telefoni paigutuse ja annavad selle kasutamise vabaduse. Korpus on valmistatud s\u00f5bralikest materjalidest stiilsetes v\u00e4rvikombinatsioonides. Elegantsete \u00f5mblustega nii seest kui v\u00e4ljast. Korpuse sisemus on viimistletud kaunistuse v\u00e4rvi materjaliga, mis imiteerib ideaalselt nahka. Korpusel on mugav magnetklamber ja see laguneb raamatu asendisse. Sees on...","og_url":"https:\/\/sunfixmobile.ee\/toode\/samsung-a51-canvas-raamatu-umbris-must\/","og_site_name":"CompanySun","article_publisher":"https:\/\/www.facebook.com\/sunfixtallinn","article_modified_time":"2025-07-03T10:04:22+00:00","og_image":[{"width":2000,"height":1335,"url":"https:\/\/sunfixmobile.ee\/wp-content\/uploads\/2022\/05\/1.jpg","type":"image\/jpeg"}],"twitter_card":"summary_large_image","twitter_misc":{"\u0426\u0435\u043d\u0430":"18,90&nbsp;&euro;","\u0414\u043e\u0441\u0442\u0443\u043f\u043d\u043e\u0441\u0442\u044c":"\u0412 \u043d\u0430\u043b\u0438\u0447\u0438\u0438"},"schema":{"@context":"https:\/\/schema.org","@graph":[{"@type":"WebPage","@id":"https:\/\/sunfixmobile.ee\/toode\/samsung-a51-canvas-raamatu-umbris-must\/","url":"https:\/\/sunfixmobile.ee\/toode\/samsung-a51-canvas-raamatu-umbris-must\/","name":"Samsung A51 Canvas raamatu \u00fcmbris must - CompanySun","isPartOf":{"@id":"https:\/\/sunfixmobile.ee\/#website"},"primaryImageOfPage":{"@id":"https:\/\/sunfixmobile.ee\/toode\/samsung-a51-canvas-raamatu-umbris-must\/#primaryimage"},"image":{"@id":"https:\/\/sunfixmobile.ee\/toode\/samsung-a51-canvas-raamatu-umbris-must\/#primaryimage"},"thumbnailUrl":"https:\/\/sunfixmobile.ee\/wp-content\/uploads\/2024\/01\/2b579c53adf7bb9c5758a21250a4b6c6.webp","datePublished":"2024-01-22T15:56:48+00:00","dateModified":"2025-07-03T10:04:22+00:00","breadcrumb":{"@id":"https:\/\/sunfixmobile.ee\/toode\/samsung-a51-canvas-raamatu-umbris-must\/#breadcrumb"},"inLanguage":"ru-RU","potentialAction":[{"@type":"ReadAction","target":["https:\/\/sunfixmobile.ee\/toode\/samsung-a51-canvas-raamatu-umbris-must\/"]}]},{"@type":"ImageObject","inLanguage":"ru-RU","@id":"https:\/\/sunfixmobile.ee\/toode\/samsung-a51-canvas-raamatu-umbris-must\/#primaryimage","url":"https:\/\/sunfixmobile.ee\/wp-content\/uploads\/2024\/01\/2b579c53adf7bb9c5758a21250a4b6c6.webp","contentUrl":"https:\/\/sunfixmobile.ee\/wp-content\/uploads\/2024\/01\/2b579c53adf7bb9c5758a21250a4b6c6.webp","width":1000,"height":1000,"caption":"2b579c53adf7bb9c5758a21250a4b6c6."},{"@type":"BreadcrumbList","@id":"https:\/\/sunfixmobile.ee\/toode\/samsung-a51-canvas-raamatu-umbris-must\/#breadcrumb","itemListElement":[{"@type":"ListItem","position":1,"name":"Home","item":"https:\/\/sunfixmobile.ee\/ru\/"},{"@type":"ListItem","position":2,"name":"\u0412\u0441\u0435 \u0442\u043e\u0432\u0430\u0440\u044b","item":"https:\/\/sunfixmobile.ee\/ru\/magazin\/"},{"@type":"ListItem","position":3,"name":"Samsung A51 Canvas raamatu \u00fcmbris must"}]},{"@type":"WebSite","@id":"https:\/\/sunfixmobile.ee\/#website","url":"https:\/\/sunfixmobile.ee\/","name":"CompanySun","description":"","publisher":{"@id":"https:\/\/sunfixmobile.ee\/#organization"},"potentialAction":[{"@type":"SearchAction","target":{"@type":"EntryPoint","urlTemplate":"https:\/\/sunfixmobile.ee\/?s={search_term_string}"},"query-input":{"@type":"PropertyValueSpecification","valueRequired":true,"valueName":"search_term_string"}}],"inLanguage":"ru-RU"},{"@type":"Organization","@id":"https:\/\/sunfixmobile.ee\/#organization","name":"CompanySun O\u00dc","url":"https:\/\/sunfixmobile.ee\/","logo":{"@type":"ImageObject","inLanguage":"ru-RU","@id":"https:\/\/sunfixmobile.ee\/#\/schema\/logo\/image\/","url":"https:\/\/sunfixmobile.ee\/wp-content\/uploads\/2022\/05\/logo.png","contentUrl":"https:\/\/sunfixmobile.ee\/wp-content\/uploads\/2022\/05\/logo.png","width":257,"height":85,"caption":"CompanySun O\u00dc"},"image":{"@id":"https:\/\/sunfixmobile.ee\/#\/schema\/logo\/image\/"},"sameAs":["https:\/\/www.facebook.com\/sunfixtallinn","https:\/\/www.instagram.com\/sunfix_eesti\/"]}]},"product_price_amount":"18.90","product_price_currency":"EUR","og_availability":"instock","product_availability":"instock","product_retailer_item_id":"5903396052408","product_condition":"new"},"_links":{"self":[{"href":"https:\/\/sunfixmobile.ee\/ru\/wp-json\/wp\/v2\/product\/8321","targetHints":{"allow":["GET"]}}],"collection":[{"href":"https:\/\/sunfixmobile.ee\/ru\/wp-json\/wp\/v2\/product"}],"about":[{"href":"https:\/\/sunfixmobile.ee\/ru\/wp-json\/wp\/v2\/types\/product"}],"wp:featuredmedia":[{"embeddable":true,"href":"https:\/\/sunfixmobile.ee\/ru\/wp-json\/wp\/v2\/media\/9241"}],"wp:attachment":[{"href":"https:\/\/sunfixmobile.ee\/ru\/wp-json\/wp\/v2\/media?parent=8321"}],"wp:term":[{"taxonomy":"product_brand","embeddable":true,"href":"https:\/\/sunfixmobile.ee\/ru\/wp-json\/wp\/v2\/product_brand?post=8321"},{"taxonomy":"product_cat","embeddable":true,"href":"https:\/\/sunfixmobile.ee\/ru\/wp-json\/wp\/v2\/product_cat?post=8321"},{"taxonomy":"product_tag","embeddable":true,"href":"https:\/\/sunfixmobile.ee\/ru\/wp-json\/wp\/v2\/product_tag?post=8321"}],"curies":[{"name":"wp","href":"https:\/\/api.w.org\/{rel}","templated":true}]}}