{"id":8192,"date":"2024-01-22T15:56:25","date_gmt":"2024-01-22T15:56:25","guid":{"rendered":"https:\/\/sunfixmobile.ee\/toode\/samsung-a13-5g-a04s-card-sinine-umbris\/"},"modified":"2025-07-03T10:03:57","modified_gmt":"2025-07-03T10:03:57","slug":"samsung-a13-5g-a04s-card-sinine-umbris","status":"publish","type":"product","link":"https:\/\/sunfixmobile.ee\/ru\/tovar\/samsung-a13-5g-a04s-card-sinine-umbris\/","title":{"rendered":"Samsung A13 5G\/A04s card sinine \u00fcmbris"},"content":{"rendered":"<p>Kaardi silikoonist \u00fcmbris koos kohaga krediitkaardi jaoks annab lihtsa juurdep\u00e4\u00e4su krediitkaardile ja ID-le, mida tegelikult kasutate.<\/p>\n<p>Teie telefon ja krediitkaardid on alati k\u00e4ep\u00e4rast<br \/>Valdav enamus turul saadaolevatest telefoni\u00fcmbristest ei paku kaartide v\u00f5i dokumentide hoidmise v\u00f5imalust. Teisest k\u00fcljest on rahakoti\u00fcmbris lahendus, mis k\u00f5igile ei meeldi. Kaart on \u00fcmbris, t\u00e4nu millele on telefon ja kaart alati k\u00e4ep\u00e4rast.<\/p>\n<p>Igap\u00e4evane kaitse<br \/>Kaardi\u00fcmbris kaitseb telefoni tagak\u00fclge, servi ja tagak\u00fclge kriimustuste ja kahjustuste eest. Pole enam kriimustusi, isegi kui asetate v\u00f5tmed ja telefoni samasse taskusse. Nutitelefon ei kuku enam juhuslikult k\u00e4est \u2013 see on v\u00f5imalik t\u00e4nu libisemisvastasele kattele. Kaart pakub ka kaitset s\u00f5rmej\u00e4lgede eest.<\/p>\n<p>100% sobiv<br \/>Korpus on valmistatud painduvast silikoonist. Selline materjal tagab, et \u00fcmbris sobib ideaalselt seadmega. Lisaks on k\u00f5ik v\u00e4ljal\u00f5iked ja nupud ideaalselt telefonimudelisse integreeritud.<\/p>\n<p>Induktiivne laadimine t\u00f6\u00f6tab l\u00e4bi kaardi\u00fcmbrise. Telefoni juhtmevabaks laadimiseks ei pea te \u00fcmbrist eemaldama (soovitame siiski enne laadimist kaardi \u00fcmbrisest eemaldada).<br \/>\u200b<\/p>\n","protected":false},"excerpt":{"rendered":"<p>Kaardi silikoonist \u00fcmbris koos kohaga krediitkaardi jaoks annab lihtsa juurdep\u00e4\u00e4su krediitkaardile ja ID-le, mida tegelikult kasutate. Teie telefon ja krediitkaardid on alati k\u00e4ep\u00e4rastValdav enamus turul saadaolevatest telefoni\u00fcmbristest ei paku kaartide v\u00f5i dokumentide hoidmise v\u00f5imalust. Teisest k\u00fcljest on rahakoti\u00fcmbris lahendus, mis k\u00f5igile ei meeldi. Kaart on \u00fcmbris, t\u00e4nu millele on telefon ja kaart alati k\u00e4ep\u00e4rast. Igap\u00e4evane&#8230;<\/p>\n","protected":false},"featured_media":10663,"template":"","meta":[],"product_brand":[],"product_cat":[1258],"product_tag":[1467],"class_list":{"0":"post-8192","1":"product","2":"type-product","3":"status-publish","4":"has-post-thumbnail","6":"product_cat-umbrised","7":"product_tag-samsung-galaxy-a13-5g-a04s","9":"first","10":"instock","11":"taxable","12":"shipping-taxable","13":"purchasable","14":"product-type-simple"},"yoast_head":"<!-- This site is optimized with the Yoast SEO plugin v27.2 - https:\/\/yoast.com\/product\/yoast-seo-wordpress\/ -->\n<title>Samsung A13 5G\/A04s card sinine \u00fcmbris - CompanySun<\/title>\n<meta name=\"robots\" content=\"index, follow, max-snippet:-1, max-image-preview:large, max-video-preview:-1\" \/>\n<link rel=\"canonical\" href=\"https:\/\/sunfixmobile.ee\/toode\/samsung-a13-5g-a04s-card-sinine-umbris\/\" \/>\n<meta property=\"og:locale\" content=\"ru_RU\" \/>\n<meta property=\"og:type\" content=\"article\" \/>\n<meta property=\"og:title\" content=\"Samsung A13 5G\/A04s card sinine \u00fcmbris - CompanySun\" \/>\n<meta property=\"og:description\" content=\"Kaardi silikoonist \u00fcmbris koos kohaga krediitkaardi jaoks annab lihtsa juurdep\u00e4\u00e4su krediitkaardile ja ID-le, mida tegelikult kasutate. Teie telefon ja krediitkaardid on alati k\u00e4ep\u00e4rastValdav enamus turul saadaolevatest telefoni\u00fcmbristest ei paku kaartide v\u00f5i dokumentide hoidmise v\u00f5imalust. Teisest k\u00fcljest on rahakoti\u00fcmbris lahendus, mis k\u00f5igile ei meeldi. Kaart on \u00fcmbris, t\u00e4nu millele on telefon ja kaart alati k\u00e4ep\u00e4rast. Igap\u00e4evane...\" \/>\n<meta property=\"og:url\" content=\"https:\/\/sunfixmobile.ee\/toode\/samsung-a13-5g-a04s-card-sinine-umbris\/\" \/>\n<meta property=\"og:site_name\" content=\"CompanySun\" \/>\n<meta property=\"article:publisher\" content=\"https:\/\/www.facebook.com\/sunfixtallinn\" \/>\n<meta property=\"article:modified_time\" content=\"2025-07-03T10:03:57+00:00\" \/>\n<meta property=\"og:image\" content=\"https:\/\/sunfixmobile.ee\/wp-content\/uploads\/2022\/05\/1.jpg\" \/>\n\t<meta property=\"og:image:width\" content=\"2000\" \/>\n\t<meta property=\"og:image:height\" content=\"1335\" \/>\n\t<meta property=\"og:image:type\" content=\"image\/jpeg\" \/>\n<meta name=\"twitter:card\" content=\"summary_large_image\" \/>\n<meta name=\"twitter:label1\" content=\"\u0426\u0435\u043d\u0430\" \/>\n\t<meta name=\"twitter:data1\" content=\"14,90&nbsp;&euro;\" \/>\n\t<meta name=\"twitter:label2\" content=\"\u0414\u043e\u0441\u0442\u0443\u043f\u043d\u043e\u0441\u0442\u044c\" \/>\n\t<meta name=\"twitter:data2\" content=\"\u0412 \u043d\u0430\u043b\u0438\u0447\u0438\u0438\" \/>\n<script type=\"application\/ld+json\" class=\"yoast-schema-graph\">{\"@context\":\"https:\/\/schema.org\",\"@graph\":[{\"@type\":\"WebPage\",\"@id\":\"https:\/\/sunfixmobile.ee\/toode\/samsung-a13-5g-a04s-card-sinine-umbris\/\",\"url\":\"https:\/\/sunfixmobile.ee\/toode\/samsung-a13-5g-a04s-card-sinine-umbris\/\",\"name\":\"Samsung A13 5G\/A04s card sinine \u00fcmbris - CompanySun\",\"isPartOf\":{\"@id\":\"https:\/\/sunfixmobile.ee\/#website\"},\"primaryImageOfPage\":{\"@id\":\"https:\/\/sunfixmobile.ee\/toode\/samsung-a13-5g-a04s-card-sinine-umbris\/#primaryimage\"},\"image\":{\"@id\":\"https:\/\/sunfixmobile.ee\/toode\/samsung-a13-5g-a04s-card-sinine-umbris\/#primaryimage\"},\"thumbnailUrl\":\"https:\/\/sunfixmobile.ee\/wp-content\/uploads\/2024\/02\/ef48a7f29a93678bdcc1fec5abf9de02.webp\",\"datePublished\":\"2024-01-22T15:56:25+00:00\",\"dateModified\":\"2025-07-03T10:03:57+00:00\",\"breadcrumb\":{\"@id\":\"https:\/\/sunfixmobile.ee\/toode\/samsung-a13-5g-a04s-card-sinine-umbris\/#breadcrumb\"},\"inLanguage\":\"ru-RU\",\"potentialAction\":[{\"@type\":\"ReadAction\",\"target\":[\"https:\/\/sunfixmobile.ee\/toode\/samsung-a13-5g-a04s-card-sinine-umbris\/\"]}]},{\"@type\":\"ImageObject\",\"inLanguage\":\"ru-RU\",\"@id\":\"https:\/\/sunfixmobile.ee\/toode\/samsung-a13-5g-a04s-card-sinine-umbris\/#primaryimage\",\"url\":\"https:\/\/sunfixmobile.ee\/wp-content\/uploads\/2024\/02\/ef48a7f29a93678bdcc1fec5abf9de02.webp\",\"contentUrl\":\"https:\/\/sunfixmobile.ee\/wp-content\/uploads\/2024\/02\/ef48a7f29a93678bdcc1fec5abf9de02.webp\",\"width\":1000,\"height\":1000,\"caption\":\"ef48a7f29a93678bdcc1fec5abf9de02.\"},{\"@type\":\"BreadcrumbList\",\"@id\":\"https:\/\/sunfixmobile.ee\/toode\/samsung-a13-5g-a04s-card-sinine-umbris\/#breadcrumb\",\"itemListElement\":[{\"@type\":\"ListItem\",\"position\":1,\"name\":\"Home\",\"item\":\"https:\/\/sunfixmobile.ee\/ru\/\"},{\"@type\":\"ListItem\",\"position\":2,\"name\":\"\u0412\u0441\u0435 \u0442\u043e\u0432\u0430\u0440\u044b\",\"item\":\"https:\/\/sunfixmobile.ee\/ru\/magazin\/\"},{\"@type\":\"ListItem\",\"position\":3,\"name\":\"Samsung A13 5G\/A04s card sinine \u00fcmbris\"}]},{\"@type\":\"WebSite\",\"@id\":\"https:\/\/sunfixmobile.ee\/#website\",\"url\":\"https:\/\/sunfixmobile.ee\/\",\"name\":\"CompanySun\",\"description\":\"\",\"publisher\":{\"@id\":\"https:\/\/sunfixmobile.ee\/#organization\"},\"potentialAction\":[{\"@type\":\"SearchAction\",\"target\":{\"@type\":\"EntryPoint\",\"urlTemplate\":\"https:\/\/sunfixmobile.ee\/?s={search_term_string}\"},\"query-input\":{\"@type\":\"PropertyValueSpecification\",\"valueRequired\":true,\"valueName\":\"search_term_string\"}}],\"inLanguage\":\"ru-RU\"},{\"@type\":\"Organization\",\"@id\":\"https:\/\/sunfixmobile.ee\/#organization\",\"name\":\"CompanySun O\u00dc\",\"url\":\"https:\/\/sunfixmobile.ee\/\",\"logo\":{\"@type\":\"ImageObject\",\"inLanguage\":\"ru-RU\",\"@id\":\"https:\/\/sunfixmobile.ee\/#\/schema\/logo\/image\/\",\"url\":\"https:\/\/sunfixmobile.ee\/wp-content\/uploads\/2022\/05\/logo.png\",\"contentUrl\":\"https:\/\/sunfixmobile.ee\/wp-content\/uploads\/2022\/05\/logo.png\",\"width\":257,\"height\":85,\"caption\":\"CompanySun O\u00dc\"},\"image\":{\"@id\":\"https:\/\/sunfixmobile.ee\/#\/schema\/logo\/image\/\"},\"sameAs\":[\"https:\/\/www.facebook.com\/sunfixtallinn\",\"https:\/\/www.instagram.com\/sunfix_eesti\/\"]}]}<\/script>\n<meta property=\"product:price:amount\" content=\"14.90\" \/>\n<meta property=\"product:price:currency\" content=\"EUR\" \/>\n<meta property=\"og:availability\" content=\"instock\" \/>\n<meta property=\"product:availability\" content=\"instock\" \/>\n<meta property=\"product:retailer_item_id\" content=\"5903396159565\" \/>\n<meta property=\"product:condition\" content=\"new\" \/>\n<!-- \/ Yoast SEO plugin. -->","yoast_head_json":{"title":"Samsung A13 5G\/A04s card sinine \u00fcmbris - CompanySun","robots":{"index":"index","follow":"follow","max-snippet":"max-snippet:-1","max-image-preview":"max-image-preview:large","max-video-preview":"max-video-preview:-1"},"canonical":"https:\/\/sunfixmobile.ee\/toode\/samsung-a13-5g-a04s-card-sinine-umbris\/","og_locale":"ru_RU","og_type":"article","og_title":"Samsung A13 5G\/A04s card sinine \u00fcmbris - CompanySun","og_description":"Kaardi silikoonist \u00fcmbris koos kohaga krediitkaardi jaoks annab lihtsa juurdep\u00e4\u00e4su krediitkaardile ja ID-le, mida tegelikult kasutate. Teie telefon ja krediitkaardid on alati k\u00e4ep\u00e4rastValdav enamus turul saadaolevatest telefoni\u00fcmbristest ei paku kaartide v\u00f5i dokumentide hoidmise v\u00f5imalust. Teisest k\u00fcljest on rahakoti\u00fcmbris lahendus, mis k\u00f5igile ei meeldi. Kaart on \u00fcmbris, t\u00e4nu millele on telefon ja kaart alati k\u00e4ep\u00e4rast. Igap\u00e4evane...","og_url":"https:\/\/sunfixmobile.ee\/toode\/samsung-a13-5g-a04s-card-sinine-umbris\/","og_site_name":"CompanySun","article_publisher":"https:\/\/www.facebook.com\/sunfixtallinn","article_modified_time":"2025-07-03T10:03:57+00:00","og_image":[{"width":2000,"height":1335,"url":"https:\/\/sunfixmobile.ee\/wp-content\/uploads\/2022\/05\/1.jpg","type":"image\/jpeg"}],"twitter_card":"summary_large_image","twitter_misc":{"\u0426\u0435\u043d\u0430":"14,90&nbsp;&euro;","\u0414\u043e\u0441\u0442\u0443\u043f\u043d\u043e\u0441\u0442\u044c":"\u0412 \u043d\u0430\u043b\u0438\u0447\u0438\u0438"},"schema":{"@context":"https:\/\/schema.org","@graph":[{"@type":"WebPage","@id":"https:\/\/sunfixmobile.ee\/toode\/samsung-a13-5g-a04s-card-sinine-umbris\/","url":"https:\/\/sunfixmobile.ee\/toode\/samsung-a13-5g-a04s-card-sinine-umbris\/","name":"Samsung A13 5G\/A04s card sinine \u00fcmbris - CompanySun","isPartOf":{"@id":"https:\/\/sunfixmobile.ee\/#website"},"primaryImageOfPage":{"@id":"https:\/\/sunfixmobile.ee\/toode\/samsung-a13-5g-a04s-card-sinine-umbris\/#primaryimage"},"image":{"@id":"https:\/\/sunfixmobile.ee\/toode\/samsung-a13-5g-a04s-card-sinine-umbris\/#primaryimage"},"thumbnailUrl":"https:\/\/sunfixmobile.ee\/wp-content\/uploads\/2024\/02\/ef48a7f29a93678bdcc1fec5abf9de02.webp","datePublished":"2024-01-22T15:56:25+00:00","dateModified":"2025-07-03T10:03:57+00:00","breadcrumb":{"@id":"https:\/\/sunfixmobile.ee\/toode\/samsung-a13-5g-a04s-card-sinine-umbris\/#breadcrumb"},"inLanguage":"ru-RU","potentialAction":[{"@type":"ReadAction","target":["https:\/\/sunfixmobile.ee\/toode\/samsung-a13-5g-a04s-card-sinine-umbris\/"]}]},{"@type":"ImageObject","inLanguage":"ru-RU","@id":"https:\/\/sunfixmobile.ee\/toode\/samsung-a13-5g-a04s-card-sinine-umbris\/#primaryimage","url":"https:\/\/sunfixmobile.ee\/wp-content\/uploads\/2024\/02\/ef48a7f29a93678bdcc1fec5abf9de02.webp","contentUrl":"https:\/\/sunfixmobile.ee\/wp-content\/uploads\/2024\/02\/ef48a7f29a93678bdcc1fec5abf9de02.webp","width":1000,"height":1000,"caption":"ef48a7f29a93678bdcc1fec5abf9de02."},{"@type":"BreadcrumbList","@id":"https:\/\/sunfixmobile.ee\/toode\/samsung-a13-5g-a04s-card-sinine-umbris\/#breadcrumb","itemListElement":[{"@type":"ListItem","position":1,"name":"Home","item":"https:\/\/sunfixmobile.ee\/ru\/"},{"@type":"ListItem","position":2,"name":"\u0412\u0441\u0435 \u0442\u043e\u0432\u0430\u0440\u044b","item":"https:\/\/sunfixmobile.ee\/ru\/magazin\/"},{"@type":"ListItem","position":3,"name":"Samsung A13 5G\/A04s card sinine \u00fcmbris"}]},{"@type":"WebSite","@id":"https:\/\/sunfixmobile.ee\/#website","url":"https:\/\/sunfixmobile.ee\/","name":"CompanySun","description":"","publisher":{"@id":"https:\/\/sunfixmobile.ee\/#organization"},"potentialAction":[{"@type":"SearchAction","target":{"@type":"EntryPoint","urlTemplate":"https:\/\/sunfixmobile.ee\/?s={search_term_string}"},"query-input":{"@type":"PropertyValueSpecification","valueRequired":true,"valueName":"search_term_string"}}],"inLanguage":"ru-RU"},{"@type":"Organization","@id":"https:\/\/sunfixmobile.ee\/#organization","name":"CompanySun O\u00dc","url":"https:\/\/sunfixmobile.ee\/","logo":{"@type":"ImageObject","inLanguage":"ru-RU","@id":"https:\/\/sunfixmobile.ee\/#\/schema\/logo\/image\/","url":"https:\/\/sunfixmobile.ee\/wp-content\/uploads\/2022\/05\/logo.png","contentUrl":"https:\/\/sunfixmobile.ee\/wp-content\/uploads\/2022\/05\/logo.png","width":257,"height":85,"caption":"CompanySun O\u00dc"},"image":{"@id":"https:\/\/sunfixmobile.ee\/#\/schema\/logo\/image\/"},"sameAs":["https:\/\/www.facebook.com\/sunfixtallinn","https:\/\/www.instagram.com\/sunfix_eesti\/"]}]},"product_price_amount":"14.90","product_price_currency":"EUR","og_availability":"instock","product_availability":"instock","product_retailer_item_id":"5903396159565","product_condition":"new"},"_links":{"self":[{"href":"https:\/\/sunfixmobile.ee\/ru\/wp-json\/wp\/v2\/product\/8192","targetHints":{"allow":["GET"]}}],"collection":[{"href":"https:\/\/sunfixmobile.ee\/ru\/wp-json\/wp\/v2\/product"}],"about":[{"href":"https:\/\/sunfixmobile.ee\/ru\/wp-json\/wp\/v2\/types\/product"}],"wp:featuredmedia":[{"embeddable":true,"href":"https:\/\/sunfixmobile.ee\/ru\/wp-json\/wp\/v2\/media\/10663"}],"wp:attachment":[{"href":"https:\/\/sunfixmobile.ee\/ru\/wp-json\/wp\/v2\/media?parent=8192"}],"wp:term":[{"taxonomy":"product_brand","embeddable":true,"href":"https:\/\/sunfixmobile.ee\/ru\/wp-json\/wp\/v2\/product_brand?post=8192"},{"taxonomy":"product_cat","embeddable":true,"href":"https:\/\/sunfixmobile.ee\/ru\/wp-json\/wp\/v2\/product_cat?post=8192"},{"taxonomy":"product_tag","embeddable":true,"href":"https:\/\/sunfixmobile.ee\/ru\/wp-json\/wp\/v2\/product_tag?post=8192"}],"curies":[{"name":"wp","href":"https:\/\/api.w.org\/{rel}","templated":true}]}}