{"id":7972,"date":"2024-01-22T15:55:53","date_gmt":"2024-01-22T15:55:53","guid":{"rendered":"https:\/\/sunfixmobile.ee\/toode\/huawei-honor-70-bluestar-kaitseklaas\/"},"modified":"2025-07-03T10:04:56","modified_gmt":"2025-07-03T10:04:56","slug":"huawei-honor-70-bluestar-kaitseklaas","status":"publish","type":"product","link":"https:\/\/sunfixmobile.ee\/ru\/tovar\/huawei-honor-70-bluestar-kaitseklaas\/","title":{"rendered":"Huawei Honor 70 BlueStar kaitseklaas"},"content":{"rendered":"<p>Karastatud klaas Blue Star 5D Full Glue kaitseb ideaalselt teie mobiiltelefoni ekraani \u00fclemisest servast allapoole. 5D-tehnoloogia tulemuseks on kogu ekraani katmine, sealhulgas ekraani \u00fcmardamine. See k\u00fclgneb v\u00e4ga h\u00e4sti, nii et mustusele ja tolmule pole kohta.<\/p>\n<p>T\u00e4nu \u00fclimadalale 0,3 mm paksusele on see t\u00e4iesti tuvastamatu ja n\u00e4htamatu. Pakub 100% puudutusv\u00e4\u00e4rtust ja kasutusvabadust. Klaas kaitseb ekraani pragude, kriimustuste ja kahjustuste eest. Oleofoobne kate tagab ekraani selguse ja vastupidavuse s\u00f5rmej\u00e4lgedele ja mustusele.<\/p>\n<p>Klaas sisaldas ise kokkupanemiseks vajalikke elemente spetsiaalsete kleebistega, mis h\u00f5lbustavad klaasi \u00f5iget paigutust. P\u00e4rast pealekandmist kleepub klaas h\u00e4sti ekraanile, ei j\u00e4ta \u00f5humulle ja mittekleepuv koostis h\u00f5lbustab klaasi kujutist j\u00e4lgi j\u00e4tmata.<\/p>\n<p>Klaasi servad on \u00fcmarad \u2013 ohutus garanteeritud.<\/p>\n<p>Omadused:<br \/>Liim: kogu pinnale<br \/>Paksus: 0,3 mm<br \/>Materjal: karastatud klaas<br \/>Kaitsetase: k\u00f5rge<br \/>V\u00e4limus: telefoni mudeliga \u00fchilduvad v\u00e4rvielemendid<\/p>\n<p>Komplekt sisaldab:<br \/>&#8212; film<br \/>&#8212; lapp tolmu eemaldamiseks p\u00fchkige ekraani rasva\u00e4rastus,<br \/>&#8212; puhastuslapp \u00f5humullide eemaldamiseks<br \/>&#8212; kleebiste komplekt, et v\u00f5imaldada klaasi t\u00e4pset positsioneerimist ekraanil<\/p>\n","protected":false},"excerpt":{"rendered":"<p>Karastatud klaas Blue Star 5D Full Glue kaitseb ideaalselt teie mobiiltelefoni ekraani \u00fclemisest servast allapoole. 5D-tehnoloogia tulemuseks on kogu ekraani katmine, sealhulgas ekraani \u00fcmardamine. See k\u00fclgneb v\u00e4ga h\u00e4sti, nii et mustusele ja tolmule pole kohta. T\u00e4nu \u00fclimadalale 0,3 mm paksusele on see t\u00e4iesti tuvastamatu ja n\u00e4htamatu. Pakub 100% puudutusv\u00e4\u00e4rtust ja kasutusvabadust. Klaas kaitseb ekraani pragude,&#8230;<\/p>\n","protected":false},"featured_media":7970,"template":"","meta":[],"product_brand":[],"product_cat":[1255],"product_tag":[1277],"class_list":{"0":"post-7972","1":"product","2":"type-product","3":"status-publish","4":"has-post-thumbnail","6":"product_cat-kaitseklaasid","7":"product_tag-huawei-honor-70","9":"first","10":"instock","11":"taxable","12":"shipping-taxable","13":"purchasable","14":"product-type-simple"},"yoast_head":"<!-- This site is optimized with the Yoast SEO plugin v27.2 - https:\/\/yoast.com\/product\/yoast-seo-wordpress\/ -->\n<title>Huawei Honor 70 BlueStar kaitseklaas - CompanySun<\/title>\n<meta name=\"robots\" content=\"index, follow, max-snippet:-1, max-image-preview:large, max-video-preview:-1\" \/>\n<link rel=\"canonical\" href=\"https:\/\/sunfixmobile.ee\/toode\/huawei-honor-70-bluestar-kaitseklaas\/\" \/>\n<meta property=\"og:locale\" content=\"ru_RU\" \/>\n<meta property=\"og:type\" content=\"article\" \/>\n<meta property=\"og:title\" content=\"Huawei Honor 70 BlueStar kaitseklaas - CompanySun\" \/>\n<meta property=\"og:description\" content=\"Karastatud klaas Blue Star 5D Full Glue kaitseb ideaalselt teie mobiiltelefoni ekraani \u00fclemisest servast allapoole. 5D-tehnoloogia tulemuseks on kogu ekraani katmine, sealhulgas ekraani \u00fcmardamine. See k\u00fclgneb v\u00e4ga h\u00e4sti, nii et mustusele ja tolmule pole kohta. T\u00e4nu \u00fclimadalale 0,3 mm paksusele on see t\u00e4iesti tuvastamatu ja n\u00e4htamatu. Pakub 100% puudutusv\u00e4\u00e4rtust ja kasutusvabadust. Klaas kaitseb ekraani pragude,...\" \/>\n<meta property=\"og:url\" content=\"https:\/\/sunfixmobile.ee\/toode\/huawei-honor-70-bluestar-kaitseklaas\/\" \/>\n<meta property=\"og:site_name\" content=\"CompanySun\" \/>\n<meta property=\"article:publisher\" content=\"https:\/\/www.facebook.com\/sunfixtallinn\" \/>\n<meta property=\"article:modified_time\" content=\"2025-07-03T10:04:56+00:00\" \/>\n<meta property=\"og:image\" content=\"https:\/\/sunfixmobile.ee\/wp-content\/uploads\/2022\/05\/1.jpg\" \/>\n\t<meta property=\"og:image:width\" content=\"2000\" \/>\n\t<meta property=\"og:image:height\" content=\"1335\" \/>\n\t<meta property=\"og:image:type\" content=\"image\/jpeg\" \/>\n<meta name=\"twitter:card\" content=\"summary_large_image\" \/>\n<meta name=\"twitter:label1\" content=\"\u0426\u0435\u043d\u0430\" \/>\n\t<meta name=\"twitter:data1\" content=\"19,90&nbsp;&euro;\" \/>\n\t<meta name=\"twitter:label2\" content=\"\u0414\u043e\u0441\u0442\u0443\u043f\u043d\u043e\u0441\u0442\u044c\" \/>\n\t<meta name=\"twitter:data2\" content=\"\u0412 \u043d\u0430\u043b\u0438\u0447\u0438\u0438\" \/>\n<script type=\"application\/ld+json\" class=\"yoast-schema-graph\">{\"@context\":\"https:\/\/schema.org\",\"@graph\":[{\"@type\":\"WebPage\",\"@id\":\"https:\/\/sunfixmobile.ee\/toode\/huawei-honor-70-bluestar-kaitseklaas\/\",\"url\":\"https:\/\/sunfixmobile.ee\/toode\/huawei-honor-70-bluestar-kaitseklaas\/\",\"name\":\"Huawei Honor 70 BlueStar kaitseklaas - CompanySun\",\"isPartOf\":{\"@id\":\"https:\/\/sunfixmobile.ee\/#website\"},\"primaryImageOfPage\":{\"@id\":\"https:\/\/sunfixmobile.ee\/toode\/huawei-honor-70-bluestar-kaitseklaas\/#primaryimage\"},\"image\":{\"@id\":\"https:\/\/sunfixmobile.ee\/toode\/huawei-honor-70-bluestar-kaitseklaas\/#primaryimage\"},\"thumbnailUrl\":\"https:\/\/sunfixmobile.ee\/wp-content\/uploads\/2024\/01\/904ab3cbe3da7730b1787e5184ee8f77.webp\",\"datePublished\":\"2024-01-22T15:55:53+00:00\",\"dateModified\":\"2025-07-03T10:04:56+00:00\",\"breadcrumb\":{\"@id\":\"https:\/\/sunfixmobile.ee\/toode\/huawei-honor-70-bluestar-kaitseklaas\/#breadcrumb\"},\"inLanguage\":\"ru-RU\",\"potentialAction\":[{\"@type\":\"ReadAction\",\"target\":[\"https:\/\/sunfixmobile.ee\/toode\/huawei-honor-70-bluestar-kaitseklaas\/\"]}]},{\"@type\":\"ImageObject\",\"inLanguage\":\"ru-RU\",\"@id\":\"https:\/\/sunfixmobile.ee\/toode\/huawei-honor-70-bluestar-kaitseklaas\/#primaryimage\",\"url\":\"https:\/\/sunfixmobile.ee\/wp-content\/uploads\/2024\/01\/904ab3cbe3da7730b1787e5184ee8f77.webp\",\"contentUrl\":\"https:\/\/sunfixmobile.ee\/wp-content\/uploads\/2024\/01\/904ab3cbe3da7730b1787e5184ee8f77.webp\",\"width\":1000,\"height\":1000,\"caption\":\"904ab3cbe3da7730b1787e5184ee8f77.\"},{\"@type\":\"BreadcrumbList\",\"@id\":\"https:\/\/sunfixmobile.ee\/toode\/huawei-honor-70-bluestar-kaitseklaas\/#breadcrumb\",\"itemListElement\":[{\"@type\":\"ListItem\",\"position\":1,\"name\":\"Home\",\"item\":\"https:\/\/sunfixmobile.ee\/ru\/\"},{\"@type\":\"ListItem\",\"position\":2,\"name\":\"\u0412\u0441\u0435 \u0442\u043e\u0432\u0430\u0440\u044b\",\"item\":\"https:\/\/sunfixmobile.ee\/ru\/magazin\/\"},{\"@type\":\"ListItem\",\"position\":3,\"name\":\"Huawei Honor 70 BlueStar kaitseklaas\"}]},{\"@type\":\"WebSite\",\"@id\":\"https:\/\/sunfixmobile.ee\/#website\",\"url\":\"https:\/\/sunfixmobile.ee\/\",\"name\":\"CompanySun\",\"description\":\"\",\"publisher\":{\"@id\":\"https:\/\/sunfixmobile.ee\/#organization\"},\"potentialAction\":[{\"@type\":\"SearchAction\",\"target\":{\"@type\":\"EntryPoint\",\"urlTemplate\":\"https:\/\/sunfixmobile.ee\/?s={search_term_string}\"},\"query-input\":{\"@type\":\"PropertyValueSpecification\",\"valueRequired\":true,\"valueName\":\"search_term_string\"}}],\"inLanguage\":\"ru-RU\"},{\"@type\":\"Organization\",\"@id\":\"https:\/\/sunfixmobile.ee\/#organization\",\"name\":\"CompanySun O\u00dc\",\"url\":\"https:\/\/sunfixmobile.ee\/\",\"logo\":{\"@type\":\"ImageObject\",\"inLanguage\":\"ru-RU\",\"@id\":\"https:\/\/sunfixmobile.ee\/#\/schema\/logo\/image\/\",\"url\":\"https:\/\/sunfixmobile.ee\/wp-content\/uploads\/2022\/05\/logo.png\",\"contentUrl\":\"https:\/\/sunfixmobile.ee\/wp-content\/uploads\/2022\/05\/logo.png\",\"width\":257,\"height\":85,\"caption\":\"CompanySun O\u00dc\"},\"image\":{\"@id\":\"https:\/\/sunfixmobile.ee\/#\/schema\/logo\/image\/\"},\"sameAs\":[\"https:\/\/www.facebook.com\/sunfixtallinn\",\"https:\/\/www.instagram.com\/sunfix_eesti\/\"]}]}<\/script>\n<meta property=\"product:price:amount\" content=\"19.90\" \/>\n<meta property=\"product:price:currency\" content=\"EUR\" \/>\n<meta property=\"og:availability\" content=\"instock\" \/>\n<meta property=\"product:availability\" content=\"instock\" \/>\n<meta property=\"product:retailer_item_id\" content=\"5903396204456\" \/>\n<meta property=\"product:condition\" content=\"new\" \/>\n<!-- \/ Yoast SEO plugin. -->","yoast_head_json":{"title":"Huawei Honor 70 BlueStar kaitseklaas - CompanySun","robots":{"index":"index","follow":"follow","max-snippet":"max-snippet:-1","max-image-preview":"max-image-preview:large","max-video-preview":"max-video-preview:-1"},"canonical":"https:\/\/sunfixmobile.ee\/toode\/huawei-honor-70-bluestar-kaitseklaas\/","og_locale":"ru_RU","og_type":"article","og_title":"Huawei Honor 70 BlueStar kaitseklaas - CompanySun","og_description":"Karastatud klaas Blue Star 5D Full Glue kaitseb ideaalselt teie mobiiltelefoni ekraani \u00fclemisest servast allapoole. 5D-tehnoloogia tulemuseks on kogu ekraani katmine, sealhulgas ekraani \u00fcmardamine. See k\u00fclgneb v\u00e4ga h\u00e4sti, nii et mustusele ja tolmule pole kohta. T\u00e4nu \u00fclimadalale 0,3 mm paksusele on see t\u00e4iesti tuvastamatu ja n\u00e4htamatu. Pakub 100% puudutusv\u00e4\u00e4rtust ja kasutusvabadust. Klaas kaitseb ekraani pragude,...","og_url":"https:\/\/sunfixmobile.ee\/toode\/huawei-honor-70-bluestar-kaitseklaas\/","og_site_name":"CompanySun","article_publisher":"https:\/\/www.facebook.com\/sunfixtallinn","article_modified_time":"2025-07-03T10:04:56+00:00","og_image":[{"width":2000,"height":1335,"url":"https:\/\/sunfixmobile.ee\/wp-content\/uploads\/2022\/05\/1.jpg","type":"image\/jpeg"}],"twitter_card":"summary_large_image","twitter_misc":{"\u0426\u0435\u043d\u0430":"19,90&nbsp;&euro;","\u0414\u043e\u0441\u0442\u0443\u043f\u043d\u043e\u0441\u0442\u044c":"\u0412 \u043d\u0430\u043b\u0438\u0447\u0438\u0438"},"schema":{"@context":"https:\/\/schema.org","@graph":[{"@type":"WebPage","@id":"https:\/\/sunfixmobile.ee\/toode\/huawei-honor-70-bluestar-kaitseklaas\/","url":"https:\/\/sunfixmobile.ee\/toode\/huawei-honor-70-bluestar-kaitseklaas\/","name":"Huawei Honor 70 BlueStar kaitseklaas - CompanySun","isPartOf":{"@id":"https:\/\/sunfixmobile.ee\/#website"},"primaryImageOfPage":{"@id":"https:\/\/sunfixmobile.ee\/toode\/huawei-honor-70-bluestar-kaitseklaas\/#primaryimage"},"image":{"@id":"https:\/\/sunfixmobile.ee\/toode\/huawei-honor-70-bluestar-kaitseklaas\/#primaryimage"},"thumbnailUrl":"https:\/\/sunfixmobile.ee\/wp-content\/uploads\/2024\/01\/904ab3cbe3da7730b1787e5184ee8f77.webp","datePublished":"2024-01-22T15:55:53+00:00","dateModified":"2025-07-03T10:04:56+00:00","breadcrumb":{"@id":"https:\/\/sunfixmobile.ee\/toode\/huawei-honor-70-bluestar-kaitseklaas\/#breadcrumb"},"inLanguage":"ru-RU","potentialAction":[{"@type":"ReadAction","target":["https:\/\/sunfixmobile.ee\/toode\/huawei-honor-70-bluestar-kaitseklaas\/"]}]},{"@type":"ImageObject","inLanguage":"ru-RU","@id":"https:\/\/sunfixmobile.ee\/toode\/huawei-honor-70-bluestar-kaitseklaas\/#primaryimage","url":"https:\/\/sunfixmobile.ee\/wp-content\/uploads\/2024\/01\/904ab3cbe3da7730b1787e5184ee8f77.webp","contentUrl":"https:\/\/sunfixmobile.ee\/wp-content\/uploads\/2024\/01\/904ab3cbe3da7730b1787e5184ee8f77.webp","width":1000,"height":1000,"caption":"904ab3cbe3da7730b1787e5184ee8f77."},{"@type":"BreadcrumbList","@id":"https:\/\/sunfixmobile.ee\/toode\/huawei-honor-70-bluestar-kaitseklaas\/#breadcrumb","itemListElement":[{"@type":"ListItem","position":1,"name":"Home","item":"https:\/\/sunfixmobile.ee\/ru\/"},{"@type":"ListItem","position":2,"name":"\u0412\u0441\u0435 \u0442\u043e\u0432\u0430\u0440\u044b","item":"https:\/\/sunfixmobile.ee\/ru\/magazin\/"},{"@type":"ListItem","position":3,"name":"Huawei Honor 70 BlueStar kaitseklaas"}]},{"@type":"WebSite","@id":"https:\/\/sunfixmobile.ee\/#website","url":"https:\/\/sunfixmobile.ee\/","name":"CompanySun","description":"","publisher":{"@id":"https:\/\/sunfixmobile.ee\/#organization"},"potentialAction":[{"@type":"SearchAction","target":{"@type":"EntryPoint","urlTemplate":"https:\/\/sunfixmobile.ee\/?s={search_term_string}"},"query-input":{"@type":"PropertyValueSpecification","valueRequired":true,"valueName":"search_term_string"}}],"inLanguage":"ru-RU"},{"@type":"Organization","@id":"https:\/\/sunfixmobile.ee\/#organization","name":"CompanySun O\u00dc","url":"https:\/\/sunfixmobile.ee\/","logo":{"@type":"ImageObject","inLanguage":"ru-RU","@id":"https:\/\/sunfixmobile.ee\/#\/schema\/logo\/image\/","url":"https:\/\/sunfixmobile.ee\/wp-content\/uploads\/2022\/05\/logo.png","contentUrl":"https:\/\/sunfixmobile.ee\/wp-content\/uploads\/2022\/05\/logo.png","width":257,"height":85,"caption":"CompanySun O\u00dc"},"image":{"@id":"https:\/\/sunfixmobile.ee\/#\/schema\/logo\/image\/"},"sameAs":["https:\/\/www.facebook.com\/sunfixtallinn","https:\/\/www.instagram.com\/sunfix_eesti\/"]}]},"product_price_amount":"19.90","product_price_currency":"EUR","og_availability":"instock","product_availability":"instock","product_retailer_item_id":"5903396204456","product_condition":"new"},"_links":{"self":[{"href":"https:\/\/sunfixmobile.ee\/ru\/wp-json\/wp\/v2\/product\/7972","targetHints":{"allow":["GET"]}}],"collection":[{"href":"https:\/\/sunfixmobile.ee\/ru\/wp-json\/wp\/v2\/product"}],"about":[{"href":"https:\/\/sunfixmobile.ee\/ru\/wp-json\/wp\/v2\/types\/product"}],"wp:featuredmedia":[{"embeddable":true,"href":"https:\/\/sunfixmobile.ee\/ru\/wp-json\/wp\/v2\/media\/7970"}],"wp:attachment":[{"href":"https:\/\/sunfixmobile.ee\/ru\/wp-json\/wp\/v2\/media?parent=7972"}],"wp:term":[{"taxonomy":"product_brand","embeddable":true,"href":"https:\/\/sunfixmobile.ee\/ru\/wp-json\/wp\/v2\/product_brand?post=7972"},{"taxonomy":"product_cat","embeddable":true,"href":"https:\/\/sunfixmobile.ee\/ru\/wp-json\/wp\/v2\/product_cat?post=7972"},{"taxonomy":"product_tag","embeddable":true,"href":"https:\/\/sunfixmobile.ee\/ru\/wp-json\/wp\/v2\/product_tag?post=7972"}],"curies":[{"name":"wp","href":"https:\/\/api.w.org\/{rel}","templated":true}]}}