{"id":7897,"date":"2024-01-22T15:55:42","date_gmt":"2024-01-22T15:55:42","guid":{"rendered":"https:\/\/sunfixmobile.ee\/toode\/samsung-note-10-uv-kaitseklaas\/"},"modified":"2025-07-03T10:04:36","modified_gmt":"2025-07-03T10:04:36","slug":"samsung-note-10-uv-kaitseklaas","status":"publish","type":"product","link":"https:\/\/sunfixmobile.ee\/ru\/tovar\/samsung-note-10-uv-kaitseklaas\/","title":{"rendered":"Samsung Note 10 UV Kaitseklaas"},"content":{"rendered":"<p>Superpaindlik h\u00fcbriidklaas Bestsuitilt professionaalidele. Paigaldamine UV-liimiga tagab t\u00e4ieliku nakkumise kogu pinna ulatuses ja annab 100% puutetundlikkuse. Hot Bending tehnoloogiaga karastatud, t\u00f6\u00f6tab see suurep\u00e4raselt koos s\u00f5rmej\u00e4ljelugejaga.<\/p>\n<p>Ainulaadne 0,38 mm paksuse karastatud klaasi ja PET-kile kombinatsioon muudab klaasi nii k\u00f5vaks kui painduvaks \u2013 seda saab painutada kuni 180 kraadi! T\u00e4nu sellele paindlikkusele klaasi servad ei rikne ega purune, pikendades selle eluiga.<\/p>\n<p>Klaas on toodetud Hot Bending tehnoloogias \u2013 klaasi kumerused on kuumvormitud, t\u00e4nu millele taasesitab klaas pilti veelgi paremini ja v\u00e4hendab v\u00f5imalikke moonutusi. Klaasi servad on \u00fcmarad, mis tagab ohutu kasutamise. Klaas ei paksenda telefoni . K\u00f5rge l\u00e4bipaistvus tagab pildi t\u00e4iusliku selguse ja oleofoobne kate takistab s\u00f5rmej\u00e4lgede teket.<\/p>\n<p>T\u00f6\u00f6tab suurep\u00e4raselt s\u00f5rmej\u00e4ljelugejaga mudelites nagu nt. Samsung S20, S21, Note 10, Note 20 mis muudab klaasi kasutamise veelgi mugavamaks ja mugavamaks.<\/p>\n<p>Komplekti kuulub k\u00f5rgeima kvaliteediga Jaapani Nano UV liim.<\/p>\n<p>T\u00c4HELEPANU! Rahuldava efekti saavutamiseks kandke liim \u00fchtlaselt \u00fcle kogu pinna (\u00fclemine, keskmine, alumine) ja kiiritage k\u00f5iki neid osi 2 minutit, kuni vaik on k\u00f5venenud. Vajadusel eemalda liigne liim kuiva lapiga enne UV-lambiga kuumutamist.<\/p>\n<p>Omadused:<br \/>Ekraani katvus: katab kogu ekraani, sealhulgas ekraani kumeruse<br \/>Materjal: karastatud klaasi ja PET-kile h\u00fcbriid<br \/>Paksus: 0,38 mm<br \/>V\u00e4limus: saadaval musta raamiga<br \/>Oleofoobne kate: jah<br \/>Kuumpainutamise tehnoloogia, kaasas kvaliteetne UV-liim, t\u00e4iuslik pildi taasesitus, t\u00f6\u00f6tab s\u00f5rmej\u00e4ljelugejaga<\/p>\n<p>Komplektis:<br \/>&#8212; karastatud klaas<br \/>&#8212; m\u00e4rg riie<br \/>&#8212; kuiv riie<br \/>&#8212; tolmuvastased kleebised<br \/>&#8212; klaasi pinda siluv spaatliga<br \/>&#8212; nanokattekihiga riie<br \/>&#8212; UV lamp<\/p>\n","protected":false},"excerpt":{"rendered":"<p>Superpaindlik h\u00fcbriidklaas Bestsuitilt professionaalidele. Paigaldamine UV-liimiga tagab t\u00e4ieliku nakkumise kogu pinna ulatuses ja annab 100% puutetundlikkuse. Hot Bending tehnoloogiaga karastatud, t\u00f6\u00f6tab see suurep\u00e4raselt koos s\u00f5rmej\u00e4ljelugejaga. Ainulaadne 0,38 mm paksuse karastatud klaasi ja PET-kile kombinatsioon muudab klaasi nii k\u00f5vaks kui painduvaks \u2013 seda saab painutada kuni 180 kraadi! T\u00e4nu sellele paindlikkusele klaasi servad ei rikne ega&#8230;<\/p>\n","protected":false},"featured_media":9426,"template":"","meta":[],"product_brand":[],"product_cat":[1255],"product_tag":[1345],"class_list":{"0":"post-7897","1":"product","2":"type-product","3":"status-publish","4":"has-post-thumbnail","6":"product_cat-kaitseklaasid","7":"product_tag-samsung-galaxy-note-10","9":"first","10":"instock","11":"taxable","12":"shipping-taxable","13":"purchasable","14":"product-type-simple"},"yoast_head":"<!-- This site is optimized with the Yoast SEO plugin v27.2 - https:\/\/yoast.com\/product\/yoast-seo-wordpress\/ -->\n<title>Samsung Note 10 UV Kaitseklaas - CompanySun<\/title>\n<meta name=\"robots\" content=\"index, follow, max-snippet:-1, max-image-preview:large, max-video-preview:-1\" \/>\n<link rel=\"canonical\" href=\"https:\/\/sunfixmobile.ee\/toode\/samsung-note-10-uv-kaitseklaas\/\" \/>\n<meta property=\"og:locale\" content=\"ru_RU\" \/>\n<meta property=\"og:type\" content=\"article\" \/>\n<meta property=\"og:title\" content=\"Samsung Note 10 UV Kaitseklaas - CompanySun\" \/>\n<meta property=\"og:description\" content=\"Superpaindlik h\u00fcbriidklaas Bestsuitilt professionaalidele. Paigaldamine UV-liimiga tagab t\u00e4ieliku nakkumise kogu pinna ulatuses ja annab 100% puutetundlikkuse. Hot Bending tehnoloogiaga karastatud, t\u00f6\u00f6tab see suurep\u00e4raselt koos s\u00f5rmej\u00e4ljelugejaga. Ainulaadne 0,38 mm paksuse karastatud klaasi ja PET-kile kombinatsioon muudab klaasi nii k\u00f5vaks kui painduvaks \u2013 seda saab painutada kuni 180 kraadi! T\u00e4nu sellele paindlikkusele klaasi servad ei rikne ega...\" \/>\n<meta property=\"og:url\" content=\"https:\/\/sunfixmobile.ee\/toode\/samsung-note-10-uv-kaitseklaas\/\" \/>\n<meta property=\"og:site_name\" content=\"CompanySun\" \/>\n<meta property=\"article:publisher\" content=\"https:\/\/www.facebook.com\/sunfixtallinn\" \/>\n<meta property=\"article:modified_time\" content=\"2025-07-03T10:04:36+00:00\" \/>\n<meta property=\"og:image\" content=\"https:\/\/sunfixmobile.ee\/wp-content\/uploads\/2022\/05\/1.jpg\" \/>\n\t<meta property=\"og:image:width\" content=\"2000\" \/>\n\t<meta property=\"og:image:height\" content=\"1335\" \/>\n\t<meta property=\"og:image:type\" content=\"image\/jpeg\" \/>\n<meta name=\"twitter:card\" content=\"summary_large_image\" \/>\n<meta name=\"twitter:label1\" content=\"\u0426\u0435\u043d\u0430\" \/>\n\t<meta name=\"twitter:data1\" content=\"22,90&nbsp;&euro;\" \/>\n\t<meta name=\"twitter:label2\" content=\"\u0414\u043e\u0441\u0442\u0443\u043f\u043d\u043e\u0441\u0442\u044c\" \/>\n\t<meta name=\"twitter:data2\" content=\"\u0412 \u043d\u0430\u043b\u0438\u0447\u0438\u0438\" \/>\n<script type=\"application\/ld+json\" class=\"yoast-schema-graph\">{\"@context\":\"https:\/\/schema.org\",\"@graph\":[{\"@type\":\"WebPage\",\"@id\":\"https:\/\/sunfixmobile.ee\/toode\/samsung-note-10-uv-kaitseklaas\/\",\"url\":\"https:\/\/sunfixmobile.ee\/toode\/samsung-note-10-uv-kaitseklaas\/\",\"name\":\"Samsung Note 10 UV Kaitseklaas - CompanySun\",\"isPartOf\":{\"@id\":\"https:\/\/sunfixmobile.ee\/#website\"},\"primaryImageOfPage\":{\"@id\":\"https:\/\/sunfixmobile.ee\/toode\/samsung-note-10-uv-kaitseklaas\/#primaryimage\"},\"image\":{\"@id\":\"https:\/\/sunfixmobile.ee\/toode\/samsung-note-10-uv-kaitseklaas\/#primaryimage\"},\"thumbnailUrl\":\"https:\/\/sunfixmobile.ee\/wp-content\/uploads\/2024\/01\/e4c8ad1cb792d76f6f4bdb53ec7a8b9a.webp\",\"datePublished\":\"2024-01-22T15:55:42+00:00\",\"dateModified\":\"2025-07-03T10:04:36+00:00\",\"breadcrumb\":{\"@id\":\"https:\/\/sunfixmobile.ee\/toode\/samsung-note-10-uv-kaitseklaas\/#breadcrumb\"},\"inLanguage\":\"ru-RU\",\"potentialAction\":[{\"@type\":\"ReadAction\",\"target\":[\"https:\/\/sunfixmobile.ee\/toode\/samsung-note-10-uv-kaitseklaas\/\"]}]},{\"@type\":\"ImageObject\",\"inLanguage\":\"ru-RU\",\"@id\":\"https:\/\/sunfixmobile.ee\/toode\/samsung-note-10-uv-kaitseklaas\/#primaryimage\",\"url\":\"https:\/\/sunfixmobile.ee\/wp-content\/uploads\/2024\/01\/e4c8ad1cb792d76f6f4bdb53ec7a8b9a.webp\",\"contentUrl\":\"https:\/\/sunfixmobile.ee\/wp-content\/uploads\/2024\/01\/e4c8ad1cb792d76f6f4bdb53ec7a8b9a.webp\",\"width\":1000,\"height\":1000,\"caption\":\"e4c8ad1cb792d76f6f4bdb53ec7a8b9a.\"},{\"@type\":\"BreadcrumbList\",\"@id\":\"https:\/\/sunfixmobile.ee\/toode\/samsung-note-10-uv-kaitseklaas\/#breadcrumb\",\"itemListElement\":[{\"@type\":\"ListItem\",\"position\":1,\"name\":\"Home\",\"item\":\"https:\/\/sunfixmobile.ee\/ru\/\"},{\"@type\":\"ListItem\",\"position\":2,\"name\":\"\u0412\u0441\u0435 \u0442\u043e\u0432\u0430\u0440\u044b\",\"item\":\"https:\/\/sunfixmobile.ee\/ru\/magazin\/\"},{\"@type\":\"ListItem\",\"position\":3,\"name\":\"Samsung Note 10 UV Kaitseklaas\"}]},{\"@type\":\"WebSite\",\"@id\":\"https:\/\/sunfixmobile.ee\/#website\",\"url\":\"https:\/\/sunfixmobile.ee\/\",\"name\":\"CompanySun\",\"description\":\"\",\"publisher\":{\"@id\":\"https:\/\/sunfixmobile.ee\/#organization\"},\"potentialAction\":[{\"@type\":\"SearchAction\",\"target\":{\"@type\":\"EntryPoint\",\"urlTemplate\":\"https:\/\/sunfixmobile.ee\/?s={search_term_string}\"},\"query-input\":{\"@type\":\"PropertyValueSpecification\",\"valueRequired\":true,\"valueName\":\"search_term_string\"}}],\"inLanguage\":\"ru-RU\"},{\"@type\":\"Organization\",\"@id\":\"https:\/\/sunfixmobile.ee\/#organization\",\"name\":\"CompanySun O\u00dc\",\"url\":\"https:\/\/sunfixmobile.ee\/\",\"logo\":{\"@type\":\"ImageObject\",\"inLanguage\":\"ru-RU\",\"@id\":\"https:\/\/sunfixmobile.ee\/#\/schema\/logo\/image\/\",\"url\":\"https:\/\/sunfixmobile.ee\/wp-content\/uploads\/2022\/05\/logo.png\",\"contentUrl\":\"https:\/\/sunfixmobile.ee\/wp-content\/uploads\/2022\/05\/logo.png\",\"width\":257,\"height\":85,\"caption\":\"CompanySun O\u00dc\"},\"image\":{\"@id\":\"https:\/\/sunfixmobile.ee\/#\/schema\/logo\/image\/\"},\"sameAs\":[\"https:\/\/www.facebook.com\/sunfixtallinn\",\"https:\/\/www.instagram.com\/sunfix_eesti\/\"]}]}<\/script>\n<meta property=\"product:price:amount\" content=\"22.90\" \/>\n<meta property=\"product:price:currency\" content=\"EUR\" \/>\n<meta property=\"og:availability\" content=\"instock\" \/>\n<meta property=\"product:availability\" content=\"instock\" \/>\n<meta property=\"product:retailer_item_id\" content=\"5903396022180\" \/>\n<meta property=\"product:condition\" content=\"new\" \/>\n<!-- \/ Yoast SEO plugin. -->","yoast_head_json":{"title":"Samsung Note 10 UV Kaitseklaas - CompanySun","robots":{"index":"index","follow":"follow","max-snippet":"max-snippet:-1","max-image-preview":"max-image-preview:large","max-video-preview":"max-video-preview:-1"},"canonical":"https:\/\/sunfixmobile.ee\/toode\/samsung-note-10-uv-kaitseklaas\/","og_locale":"ru_RU","og_type":"article","og_title":"Samsung Note 10 UV Kaitseklaas - CompanySun","og_description":"Superpaindlik h\u00fcbriidklaas Bestsuitilt professionaalidele. Paigaldamine UV-liimiga tagab t\u00e4ieliku nakkumise kogu pinna ulatuses ja annab 100% puutetundlikkuse. Hot Bending tehnoloogiaga karastatud, t\u00f6\u00f6tab see suurep\u00e4raselt koos s\u00f5rmej\u00e4ljelugejaga. Ainulaadne 0,38 mm paksuse karastatud klaasi ja PET-kile kombinatsioon muudab klaasi nii k\u00f5vaks kui painduvaks \u2013 seda saab painutada kuni 180 kraadi! T\u00e4nu sellele paindlikkusele klaasi servad ei rikne ega...","og_url":"https:\/\/sunfixmobile.ee\/toode\/samsung-note-10-uv-kaitseklaas\/","og_site_name":"CompanySun","article_publisher":"https:\/\/www.facebook.com\/sunfixtallinn","article_modified_time":"2025-07-03T10:04:36+00:00","og_image":[{"width":2000,"height":1335,"url":"https:\/\/sunfixmobile.ee\/wp-content\/uploads\/2022\/05\/1.jpg","type":"image\/jpeg"}],"twitter_card":"summary_large_image","twitter_misc":{"\u0426\u0435\u043d\u0430":"22,90&nbsp;&euro;","\u0414\u043e\u0441\u0442\u0443\u043f\u043d\u043e\u0441\u0442\u044c":"\u0412 \u043d\u0430\u043b\u0438\u0447\u0438\u0438"},"schema":{"@context":"https:\/\/schema.org","@graph":[{"@type":"WebPage","@id":"https:\/\/sunfixmobile.ee\/toode\/samsung-note-10-uv-kaitseklaas\/","url":"https:\/\/sunfixmobile.ee\/toode\/samsung-note-10-uv-kaitseklaas\/","name":"Samsung Note 10 UV Kaitseklaas - CompanySun","isPartOf":{"@id":"https:\/\/sunfixmobile.ee\/#website"},"primaryImageOfPage":{"@id":"https:\/\/sunfixmobile.ee\/toode\/samsung-note-10-uv-kaitseklaas\/#primaryimage"},"image":{"@id":"https:\/\/sunfixmobile.ee\/toode\/samsung-note-10-uv-kaitseklaas\/#primaryimage"},"thumbnailUrl":"https:\/\/sunfixmobile.ee\/wp-content\/uploads\/2024\/01\/e4c8ad1cb792d76f6f4bdb53ec7a8b9a.webp","datePublished":"2024-01-22T15:55:42+00:00","dateModified":"2025-07-03T10:04:36+00:00","breadcrumb":{"@id":"https:\/\/sunfixmobile.ee\/toode\/samsung-note-10-uv-kaitseklaas\/#breadcrumb"},"inLanguage":"ru-RU","potentialAction":[{"@type":"ReadAction","target":["https:\/\/sunfixmobile.ee\/toode\/samsung-note-10-uv-kaitseklaas\/"]}]},{"@type":"ImageObject","inLanguage":"ru-RU","@id":"https:\/\/sunfixmobile.ee\/toode\/samsung-note-10-uv-kaitseklaas\/#primaryimage","url":"https:\/\/sunfixmobile.ee\/wp-content\/uploads\/2024\/01\/e4c8ad1cb792d76f6f4bdb53ec7a8b9a.webp","contentUrl":"https:\/\/sunfixmobile.ee\/wp-content\/uploads\/2024\/01\/e4c8ad1cb792d76f6f4bdb53ec7a8b9a.webp","width":1000,"height":1000,"caption":"e4c8ad1cb792d76f6f4bdb53ec7a8b9a."},{"@type":"BreadcrumbList","@id":"https:\/\/sunfixmobile.ee\/toode\/samsung-note-10-uv-kaitseklaas\/#breadcrumb","itemListElement":[{"@type":"ListItem","position":1,"name":"Home","item":"https:\/\/sunfixmobile.ee\/ru\/"},{"@type":"ListItem","position":2,"name":"\u0412\u0441\u0435 \u0442\u043e\u0432\u0430\u0440\u044b","item":"https:\/\/sunfixmobile.ee\/ru\/magazin\/"},{"@type":"ListItem","position":3,"name":"Samsung Note 10 UV Kaitseklaas"}]},{"@type":"WebSite","@id":"https:\/\/sunfixmobile.ee\/#website","url":"https:\/\/sunfixmobile.ee\/","name":"CompanySun","description":"","publisher":{"@id":"https:\/\/sunfixmobile.ee\/#organization"},"potentialAction":[{"@type":"SearchAction","target":{"@type":"EntryPoint","urlTemplate":"https:\/\/sunfixmobile.ee\/?s={search_term_string}"},"query-input":{"@type":"PropertyValueSpecification","valueRequired":true,"valueName":"search_term_string"}}],"inLanguage":"ru-RU"},{"@type":"Organization","@id":"https:\/\/sunfixmobile.ee\/#organization","name":"CompanySun O\u00dc","url":"https:\/\/sunfixmobile.ee\/","logo":{"@type":"ImageObject","inLanguage":"ru-RU","@id":"https:\/\/sunfixmobile.ee\/#\/schema\/logo\/image\/","url":"https:\/\/sunfixmobile.ee\/wp-content\/uploads\/2022\/05\/logo.png","contentUrl":"https:\/\/sunfixmobile.ee\/wp-content\/uploads\/2022\/05\/logo.png","width":257,"height":85,"caption":"CompanySun O\u00dc"},"image":{"@id":"https:\/\/sunfixmobile.ee\/#\/schema\/logo\/image\/"},"sameAs":["https:\/\/www.facebook.com\/sunfixtallinn","https:\/\/www.instagram.com\/sunfix_eesti\/"]}]},"product_price_amount":"22.90","product_price_currency":"EUR","og_availability":"instock","product_availability":"instock","product_retailer_item_id":"5903396022180","product_condition":"new"},"_links":{"self":[{"href":"https:\/\/sunfixmobile.ee\/ru\/wp-json\/wp\/v2\/product\/7897","targetHints":{"allow":["GET"]}}],"collection":[{"href":"https:\/\/sunfixmobile.ee\/ru\/wp-json\/wp\/v2\/product"}],"about":[{"href":"https:\/\/sunfixmobile.ee\/ru\/wp-json\/wp\/v2\/types\/product"}],"wp:featuredmedia":[{"embeddable":true,"href":"https:\/\/sunfixmobile.ee\/ru\/wp-json\/wp\/v2\/media\/9426"}],"wp:attachment":[{"href":"https:\/\/sunfixmobile.ee\/ru\/wp-json\/wp\/v2\/media?parent=7897"}],"wp:term":[{"taxonomy":"product_brand","embeddable":true,"href":"https:\/\/sunfixmobile.ee\/ru\/wp-json\/wp\/v2\/product_brand?post=7897"},{"taxonomy":"product_cat","embeddable":true,"href":"https:\/\/sunfixmobile.ee\/ru\/wp-json\/wp\/v2\/product_cat?post=7897"},{"taxonomy":"product_tag","embeddable":true,"href":"https:\/\/sunfixmobile.ee\/ru\/wp-json\/wp\/v2\/product_tag?post=7897"}],"curies":[{"name":"wp","href":"https:\/\/api.w.org\/{rel}","templated":true}]}}