{"id":7847,"date":"2024-01-22T15:55:36","date_gmt":"2024-01-22T15:55:36","guid":{"rendered":"https:\/\/sunfixmobile.ee\/toode\/samsung-a13-5g-a04s-smart-view-magnet-must\/"},"modified":"2025-07-03T10:04:42","modified_gmt":"2025-07-03T10:04:42","slug":"samsung-a13-5g-a04s-smart-view-magnet-must","status":"publish","type":"product","link":"https:\/\/sunfixmobile.ee\/ru\/tovar\/samsung-a13-5g-a04s-smart-view-magnet-must\/","title":{"rendered":"Samsung A13 5G\/A04s Smart view magnet must"},"content":{"rendered":"<p>Kabuur SMART VIEW tehnoloogia ja seadme \u00e4ratus-\/uinutamisfunktsiooniga. P\u00fchendatud Android-telefonidele. Sellel on spetsiaalne aken, kus kuvatakse kuup\u00e4ev ja kellaaeg. Magnetiga suletud.<\/p>\n<p>Korpus on varustatud \u00f5hukese paneeliga, mis v\u00f5imaldab p\u00e4rast klapi sulgemist kuvada kuup\u00e4eva ja kellaaega. Komplektis on QR-koodiga kaart, millega saab alla laadida selle funktsiooni k\u00e4ivitamiseks vajaliku rakenduse ning unikaalne kood, t\u00e4nu millele saab korpust oma seadmega seadistada.<\/p>\n<p>Korpus pakub suurep\u00e4rast kaitset kogu seadmele, kaitstes seda kahjustuste, kriimustuste ja mustuse eest ning tagab lihtsa juurdep\u00e4\u00e4su k\u00f5ikidele nuppudele ja portidele. Lisaks on korpusel spetsiaalne auk valjuh\u00e4\u00e4ldi jaoks, mis v\u00f5imaldab p\u00e4rast sulgemist vabalt r\u00e4\u00e4kida.<\/p>\n<p>Kabuuri saab kasutada ka alusena. See v\u00f5imaldab teil vaevata filme vaadata ja telefoni sisu sirvida. Lisaks on korpusel sissel\u00fclitamise \/ automaatse magamisseadme funktsioon. Korpuse avamine \u00e4ratab seadme, klapi sulgemine aga paneb nutitelefoni magama, mis v\u00e4hendab oluliselt akukulu; seda k\u00f5ike t\u00e4nu korpusesse paigutatud spetsiaalsetele magnetitele.<\/p>\n","protected":false},"excerpt":{"rendered":"<p>Kabuur SMART VIEW tehnoloogia ja seadme \u00e4ratus-\/uinutamisfunktsiooniga. P\u00fchendatud Android-telefonidele. Sellel on spetsiaalne aken, kus kuvatakse kuup\u00e4ev ja kellaaeg. Magnetiga suletud. Korpus on varustatud \u00f5hukese paneeliga, mis v\u00f5imaldab p\u00e4rast klapi sulgemist kuvada kuup\u00e4eva ja kellaaega. Komplektis on QR-koodiga kaart, millega saab alla laadida selle funktsiooni k\u00e4ivitamiseks vajaliku rakenduse ning unikaalne kood, t\u00e4nu millele saab korpust oma&#8230;<\/p>\n","protected":false},"featured_media":10169,"template":"","meta":[],"product_brand":[],"product_cat":[1258],"product_tag":[1412],"class_list":{"0":"post-7847","1":"product","2":"type-product","3":"status-publish","4":"has-post-thumbnail","6":"product_cat-umbrised","7":"product_tag-samsung-galaxy-a13-5g","9":"first","10":"instock","11":"taxable","12":"shipping-taxable","13":"purchasable","14":"product-type-simple"},"yoast_head":"<!-- This site is optimized with the Yoast SEO plugin v27.2 - https:\/\/yoast.com\/product\/yoast-seo-wordpress\/ -->\n<title>Samsung A13 5G\/A04s Smart view magnet must - CompanySun<\/title>\n<meta name=\"robots\" content=\"index, follow, max-snippet:-1, max-image-preview:large, max-video-preview:-1\" \/>\n<link rel=\"canonical\" href=\"https:\/\/sunfixmobile.ee\/toode\/samsung-a13-5g-a04s-smart-view-magnet-must\/\" \/>\n<meta property=\"og:locale\" content=\"ru_RU\" \/>\n<meta property=\"og:type\" content=\"article\" \/>\n<meta property=\"og:title\" content=\"Samsung A13 5G\/A04s Smart view magnet must - CompanySun\" \/>\n<meta property=\"og:description\" content=\"Kabuur SMART VIEW tehnoloogia ja seadme \u00e4ratus-\/uinutamisfunktsiooniga. P\u00fchendatud Android-telefonidele. Sellel on spetsiaalne aken, kus kuvatakse kuup\u00e4ev ja kellaaeg. Magnetiga suletud. Korpus on varustatud \u00f5hukese paneeliga, mis v\u00f5imaldab p\u00e4rast klapi sulgemist kuvada kuup\u00e4eva ja kellaaega. Komplektis on QR-koodiga kaart, millega saab alla laadida selle funktsiooni k\u00e4ivitamiseks vajaliku rakenduse ning unikaalne kood, t\u00e4nu millele saab korpust oma...\" \/>\n<meta property=\"og:url\" content=\"https:\/\/sunfixmobile.ee\/toode\/samsung-a13-5g-a04s-smart-view-magnet-must\/\" \/>\n<meta property=\"og:site_name\" content=\"CompanySun\" \/>\n<meta property=\"article:publisher\" content=\"https:\/\/www.facebook.com\/sunfixtallinn\" \/>\n<meta property=\"article:modified_time\" content=\"2025-07-03T10:04:42+00:00\" \/>\n<meta property=\"og:image\" content=\"https:\/\/sunfixmobile.ee\/wp-content\/uploads\/2022\/05\/1.jpg\" \/>\n\t<meta property=\"og:image:width\" content=\"2000\" \/>\n\t<meta property=\"og:image:height\" content=\"1335\" \/>\n\t<meta property=\"og:image:type\" content=\"image\/jpeg\" \/>\n<meta name=\"twitter:card\" content=\"summary_large_image\" \/>\n<meta name=\"twitter:label1\" content=\"\u0426\u0435\u043d\u0430\" \/>\n\t<meta name=\"twitter:data1\" content=\"18,90&nbsp;&euro;\" \/>\n\t<meta name=\"twitter:label2\" content=\"\u0414\u043e\u0441\u0442\u0443\u043f\u043d\u043e\u0441\u0442\u044c\" \/>\n\t<meta name=\"twitter:data2\" content=\"\u0412 \u043d\u0430\u043b\u0438\u0447\u0438\u0438\" \/>\n<script type=\"application\/ld+json\" class=\"yoast-schema-graph\">{\"@context\":\"https:\/\/schema.org\",\"@graph\":[{\"@type\":\"WebPage\",\"@id\":\"https:\/\/sunfixmobile.ee\/toode\/samsung-a13-5g-a04s-smart-view-magnet-must\/\",\"url\":\"https:\/\/sunfixmobile.ee\/toode\/samsung-a13-5g-a04s-smart-view-magnet-must\/\",\"name\":\"Samsung A13 5G\/A04s Smart view magnet must - CompanySun\",\"isPartOf\":{\"@id\":\"https:\/\/sunfixmobile.ee\/#website\"},\"primaryImageOfPage\":{\"@id\":\"https:\/\/sunfixmobile.ee\/toode\/samsung-a13-5g-a04s-smart-view-magnet-must\/#primaryimage\"},\"image\":{\"@id\":\"https:\/\/sunfixmobile.ee\/toode\/samsung-a13-5g-a04s-smart-view-magnet-must\/#primaryimage\"},\"thumbnailUrl\":\"https:\/\/sunfixmobile.ee\/wp-content\/uploads\/2024\/02\/4750a1710a9a9e83da150bcd9137440d.webp\",\"datePublished\":\"2024-01-22T15:55:36+00:00\",\"dateModified\":\"2025-07-03T10:04:42+00:00\",\"breadcrumb\":{\"@id\":\"https:\/\/sunfixmobile.ee\/toode\/samsung-a13-5g-a04s-smart-view-magnet-must\/#breadcrumb\"},\"inLanguage\":\"ru-RU\",\"potentialAction\":[{\"@type\":\"ReadAction\",\"target\":[\"https:\/\/sunfixmobile.ee\/toode\/samsung-a13-5g-a04s-smart-view-magnet-must\/\"]}]},{\"@type\":\"ImageObject\",\"inLanguage\":\"ru-RU\",\"@id\":\"https:\/\/sunfixmobile.ee\/toode\/samsung-a13-5g-a04s-smart-view-magnet-must\/#primaryimage\",\"url\":\"https:\/\/sunfixmobile.ee\/wp-content\/uploads\/2024\/02\/4750a1710a9a9e83da150bcd9137440d.webp\",\"contentUrl\":\"https:\/\/sunfixmobile.ee\/wp-content\/uploads\/2024\/02\/4750a1710a9a9e83da150bcd9137440d.webp\",\"width\":1000,\"height\":1000,\"caption\":\"4750a1710a9a9e83da150bcd9137440d.\"},{\"@type\":\"BreadcrumbList\",\"@id\":\"https:\/\/sunfixmobile.ee\/toode\/samsung-a13-5g-a04s-smart-view-magnet-must\/#breadcrumb\",\"itemListElement\":[{\"@type\":\"ListItem\",\"position\":1,\"name\":\"Home\",\"item\":\"https:\/\/sunfixmobile.ee\/ru\/\"},{\"@type\":\"ListItem\",\"position\":2,\"name\":\"\u0412\u0441\u0435 \u0442\u043e\u0432\u0430\u0440\u044b\",\"item\":\"https:\/\/sunfixmobile.ee\/ru\/magazin\/\"},{\"@type\":\"ListItem\",\"position\":3,\"name\":\"Samsung A13 5G\/A04s Smart view magnet must\"}]},{\"@type\":\"WebSite\",\"@id\":\"https:\/\/sunfixmobile.ee\/#website\",\"url\":\"https:\/\/sunfixmobile.ee\/\",\"name\":\"CompanySun\",\"description\":\"\",\"publisher\":{\"@id\":\"https:\/\/sunfixmobile.ee\/#organization\"},\"potentialAction\":[{\"@type\":\"SearchAction\",\"target\":{\"@type\":\"EntryPoint\",\"urlTemplate\":\"https:\/\/sunfixmobile.ee\/?s={search_term_string}\"},\"query-input\":{\"@type\":\"PropertyValueSpecification\",\"valueRequired\":true,\"valueName\":\"search_term_string\"}}],\"inLanguage\":\"ru-RU\"},{\"@type\":\"Organization\",\"@id\":\"https:\/\/sunfixmobile.ee\/#organization\",\"name\":\"CompanySun O\u00dc\",\"url\":\"https:\/\/sunfixmobile.ee\/\",\"logo\":{\"@type\":\"ImageObject\",\"inLanguage\":\"ru-RU\",\"@id\":\"https:\/\/sunfixmobile.ee\/#\/schema\/logo\/image\/\",\"url\":\"https:\/\/sunfixmobile.ee\/wp-content\/uploads\/2022\/05\/logo.png\",\"contentUrl\":\"https:\/\/sunfixmobile.ee\/wp-content\/uploads\/2022\/05\/logo.png\",\"width\":257,\"height\":85,\"caption\":\"CompanySun O\u00dc\"},\"image\":{\"@id\":\"https:\/\/sunfixmobile.ee\/#\/schema\/logo\/image\/\"},\"sameAs\":[\"https:\/\/www.facebook.com\/sunfixtallinn\",\"https:\/\/www.instagram.com\/sunfix_eesti\/\"]}]}<\/script>\n<meta property=\"product:price:amount\" content=\"18.90\" \/>\n<meta property=\"product:price:currency\" content=\"EUR\" \/>\n<meta property=\"og:availability\" content=\"instock\" \/>\n<meta property=\"product:availability\" content=\"instock\" \/>\n<meta property=\"product:retailer_item_id\" content=\"5903396149542\" \/>\n<meta property=\"product:condition\" content=\"new\" \/>\n<!-- \/ Yoast SEO plugin. -->","yoast_head_json":{"title":"Samsung A13 5G\/A04s Smart view magnet must - CompanySun","robots":{"index":"index","follow":"follow","max-snippet":"max-snippet:-1","max-image-preview":"max-image-preview:large","max-video-preview":"max-video-preview:-1"},"canonical":"https:\/\/sunfixmobile.ee\/toode\/samsung-a13-5g-a04s-smart-view-magnet-must\/","og_locale":"ru_RU","og_type":"article","og_title":"Samsung A13 5G\/A04s Smart view magnet must - CompanySun","og_description":"Kabuur SMART VIEW tehnoloogia ja seadme \u00e4ratus-\/uinutamisfunktsiooniga. P\u00fchendatud Android-telefonidele. Sellel on spetsiaalne aken, kus kuvatakse kuup\u00e4ev ja kellaaeg. Magnetiga suletud. Korpus on varustatud \u00f5hukese paneeliga, mis v\u00f5imaldab p\u00e4rast klapi sulgemist kuvada kuup\u00e4eva ja kellaaega. Komplektis on QR-koodiga kaart, millega saab alla laadida selle funktsiooni k\u00e4ivitamiseks vajaliku rakenduse ning unikaalne kood, t\u00e4nu millele saab korpust oma...","og_url":"https:\/\/sunfixmobile.ee\/toode\/samsung-a13-5g-a04s-smart-view-magnet-must\/","og_site_name":"CompanySun","article_publisher":"https:\/\/www.facebook.com\/sunfixtallinn","article_modified_time":"2025-07-03T10:04:42+00:00","og_image":[{"width":2000,"height":1335,"url":"https:\/\/sunfixmobile.ee\/wp-content\/uploads\/2022\/05\/1.jpg","type":"image\/jpeg"}],"twitter_card":"summary_large_image","twitter_misc":{"\u0426\u0435\u043d\u0430":"18,90&nbsp;&euro;","\u0414\u043e\u0441\u0442\u0443\u043f\u043d\u043e\u0441\u0442\u044c":"\u0412 \u043d\u0430\u043b\u0438\u0447\u0438\u0438"},"schema":{"@context":"https:\/\/schema.org","@graph":[{"@type":"WebPage","@id":"https:\/\/sunfixmobile.ee\/toode\/samsung-a13-5g-a04s-smart-view-magnet-must\/","url":"https:\/\/sunfixmobile.ee\/toode\/samsung-a13-5g-a04s-smart-view-magnet-must\/","name":"Samsung A13 5G\/A04s Smart view magnet must - CompanySun","isPartOf":{"@id":"https:\/\/sunfixmobile.ee\/#website"},"primaryImageOfPage":{"@id":"https:\/\/sunfixmobile.ee\/toode\/samsung-a13-5g-a04s-smart-view-magnet-must\/#primaryimage"},"image":{"@id":"https:\/\/sunfixmobile.ee\/toode\/samsung-a13-5g-a04s-smart-view-magnet-must\/#primaryimage"},"thumbnailUrl":"https:\/\/sunfixmobile.ee\/wp-content\/uploads\/2024\/02\/4750a1710a9a9e83da150bcd9137440d.webp","datePublished":"2024-01-22T15:55:36+00:00","dateModified":"2025-07-03T10:04:42+00:00","breadcrumb":{"@id":"https:\/\/sunfixmobile.ee\/toode\/samsung-a13-5g-a04s-smart-view-magnet-must\/#breadcrumb"},"inLanguage":"ru-RU","potentialAction":[{"@type":"ReadAction","target":["https:\/\/sunfixmobile.ee\/toode\/samsung-a13-5g-a04s-smart-view-magnet-must\/"]}]},{"@type":"ImageObject","inLanguage":"ru-RU","@id":"https:\/\/sunfixmobile.ee\/toode\/samsung-a13-5g-a04s-smart-view-magnet-must\/#primaryimage","url":"https:\/\/sunfixmobile.ee\/wp-content\/uploads\/2024\/02\/4750a1710a9a9e83da150bcd9137440d.webp","contentUrl":"https:\/\/sunfixmobile.ee\/wp-content\/uploads\/2024\/02\/4750a1710a9a9e83da150bcd9137440d.webp","width":1000,"height":1000,"caption":"4750a1710a9a9e83da150bcd9137440d."},{"@type":"BreadcrumbList","@id":"https:\/\/sunfixmobile.ee\/toode\/samsung-a13-5g-a04s-smart-view-magnet-must\/#breadcrumb","itemListElement":[{"@type":"ListItem","position":1,"name":"Home","item":"https:\/\/sunfixmobile.ee\/ru\/"},{"@type":"ListItem","position":2,"name":"\u0412\u0441\u0435 \u0442\u043e\u0432\u0430\u0440\u044b","item":"https:\/\/sunfixmobile.ee\/ru\/magazin\/"},{"@type":"ListItem","position":3,"name":"Samsung A13 5G\/A04s Smart view magnet must"}]},{"@type":"WebSite","@id":"https:\/\/sunfixmobile.ee\/#website","url":"https:\/\/sunfixmobile.ee\/","name":"CompanySun","description":"","publisher":{"@id":"https:\/\/sunfixmobile.ee\/#organization"},"potentialAction":[{"@type":"SearchAction","target":{"@type":"EntryPoint","urlTemplate":"https:\/\/sunfixmobile.ee\/?s={search_term_string}"},"query-input":{"@type":"PropertyValueSpecification","valueRequired":true,"valueName":"search_term_string"}}],"inLanguage":"ru-RU"},{"@type":"Organization","@id":"https:\/\/sunfixmobile.ee\/#organization","name":"CompanySun O\u00dc","url":"https:\/\/sunfixmobile.ee\/","logo":{"@type":"ImageObject","inLanguage":"ru-RU","@id":"https:\/\/sunfixmobile.ee\/#\/schema\/logo\/image\/","url":"https:\/\/sunfixmobile.ee\/wp-content\/uploads\/2022\/05\/logo.png","contentUrl":"https:\/\/sunfixmobile.ee\/wp-content\/uploads\/2022\/05\/logo.png","width":257,"height":85,"caption":"CompanySun O\u00dc"},"image":{"@id":"https:\/\/sunfixmobile.ee\/#\/schema\/logo\/image\/"},"sameAs":["https:\/\/www.facebook.com\/sunfixtallinn","https:\/\/www.instagram.com\/sunfix_eesti\/"]}]},"product_price_amount":"18.90","product_price_currency":"EUR","og_availability":"instock","product_availability":"instock","product_retailer_item_id":"5903396149542","product_condition":"new"},"_links":{"self":[{"href":"https:\/\/sunfixmobile.ee\/ru\/wp-json\/wp\/v2\/product\/7847","targetHints":{"allow":["GET"]}}],"collection":[{"href":"https:\/\/sunfixmobile.ee\/ru\/wp-json\/wp\/v2\/product"}],"about":[{"href":"https:\/\/sunfixmobile.ee\/ru\/wp-json\/wp\/v2\/types\/product"}],"wp:featuredmedia":[{"embeddable":true,"href":"https:\/\/sunfixmobile.ee\/ru\/wp-json\/wp\/v2\/media\/10169"}],"wp:attachment":[{"href":"https:\/\/sunfixmobile.ee\/ru\/wp-json\/wp\/v2\/media?parent=7847"}],"wp:term":[{"taxonomy":"product_brand","embeddable":true,"href":"https:\/\/sunfixmobile.ee\/ru\/wp-json\/wp\/v2\/product_brand?post=7847"},{"taxonomy":"product_cat","embeddable":true,"href":"https:\/\/sunfixmobile.ee\/ru\/wp-json\/wp\/v2\/product_cat?post=7847"},{"taxonomy":"product_tag","embeddable":true,"href":"https:\/\/sunfixmobile.ee\/ru\/wp-json\/wp\/v2\/product_tag?post=7847"}],"curies":[{"name":"wp","href":"https:\/\/api.w.org\/{rel}","templated":true}]}}