{"id":7786,"date":"2024-01-22T15:55:24","date_gmt":"2024-01-22T15:55:24","guid":{"rendered":"https:\/\/sunfixmobile.ee\/toode\/apple-watch-6-40mm-bestsuit-kaitseklaas\/"},"modified":"2025-09-25T00:00:14","modified_gmt":"2025-09-25T00:00:14","slug":"apple-watch-6-40mm-bestsuit-kaitseklaas","status":"publish","type":"product","link":"https:\/\/sunfixmobile.ee\/ru\/tovar\/apple-watch-6-40mm-bestsuit-kaitseklaas\/","title":{"rendered":"Apple watch 6 40mm Bestsuit kaitseklaas"},"content":{"rendered":"<p>K\u00f5rgekvaliteedilise veekindlusega karastatud klaas nutikellale. Selle kogu pinnal on liim. \u00dclimadal paksus muudab klaasi m\u00e4rkamatuks ja tagab t\u00e4ieliku puudutuse t\u00e4psuse.<\/p>\n<p>Unikaalne 0,20 mm paksuse karastatud klaasi ja PET-kile kombinatsioon muudab klaasi praktiliseks m\u00e4rkamatuks ja n\u00e4htamatuks. T\u00e4iuslik nakkuvus t\u00e4nu liimile kogu pinnal hoiab \u00e4ra tolmu ja mustuse kogunemise fooliumi alla. L\u00e4bipaistev kate tagab kella kasutamise mugavuse ning oleofoobne kate takistab s\u00f5rmej\u00e4lgede teket.<\/p>\n<p>Klaas sisaldab endas kokkupanemiseks vajalikke elemente. Peale pealekandmist kleepub klaas ideaalselt kella esik\u00fcljele, j\u00e4tmata \u00f5humulle.<\/p>\n<p>Omadused:<br \/>Liim: kogu pinnale<br \/>Materjal: karastatud klaasi ja PET-kile h\u00fcbriid<br \/>Paksus: 0,20 mm<br \/>V\u00e4limus: musta raamiga<br \/>Oleofoobne kate: jah<\/p>\n<p>Eriomadused: k\u00f5rge veekindlusklass, t\u00e4ielik puutetundlikkus, v\u00e4ike paksus<\/p>\n<p>Komplektis:<br \/>&#8212; karastatud klaas<br \/>&#8212; m\u00e4rg riie<br \/>&#8212; kuiv riie<br \/>&#8212; rasva\u00e4rastuskleebised<\/p>\n","protected":false},"excerpt":{"rendered":"<p>K\u00f5rgekvaliteedilise veekindlusega karastatud klaas nutikellale. Selle kogu pinnal on liim. \u00dclimadal paksus muudab klaasi m\u00e4rkamatuks ja tagab t\u00e4ieliku puudutuse t\u00e4psuse. Unikaalne 0,20 mm paksuse karastatud klaasi ja PET-kile kombinatsioon muudab klaasi praktiliseks m\u00e4rkamatuks ja n\u00e4htamatuks. T\u00e4iuslik nakkuvus t\u00e4nu liimile kogu pinnal hoiab \u00e4ra tolmu ja mustuse kogunemise fooliumi alla. L\u00e4bipaistev kate tagab kella kasutamise mugavuse&#8230;<\/p>\n","protected":false},"featured_media":10597,"template":"","meta":[],"product_brand":[],"product_cat":[1255],"product_tag":[1451],"class_list":{"0":"post-7786","1":"product","2":"type-product","3":"status-publish","4":"has-post-thumbnail","6":"product_cat-kaitseklaasid","7":"product_tag-apple-watch-6-40mm","9":"first","10":"instock","11":"taxable","12":"shipping-taxable","13":"purchasable","14":"product-type-simple"},"yoast_head":"<!-- This site is optimized with the Yoast SEO plugin v27.2 - https:\/\/yoast.com\/product\/yoast-seo-wordpress\/ -->\n<title>Apple watch 6 40mm Bestsuit kaitseklaas - CompanySun<\/title>\n<meta name=\"robots\" content=\"index, follow, max-snippet:-1, max-image-preview:large, max-video-preview:-1\" \/>\n<link rel=\"canonical\" href=\"https:\/\/sunfixmobile.ee\/toode\/apple-watch-6-40mm-bestsuit-kaitseklaas\/\" \/>\n<meta property=\"og:locale\" content=\"ru_RU\" \/>\n<meta property=\"og:type\" content=\"article\" \/>\n<meta property=\"og:title\" content=\"Apple watch 6 40mm Bestsuit kaitseklaas - CompanySun\" \/>\n<meta property=\"og:description\" content=\"K\u00f5rgekvaliteedilise veekindlusega karastatud klaas nutikellale. Selle kogu pinnal on liim. \u00dclimadal paksus muudab klaasi m\u00e4rkamatuks ja tagab t\u00e4ieliku puudutuse t\u00e4psuse. Unikaalne 0,20 mm paksuse karastatud klaasi ja PET-kile kombinatsioon muudab klaasi praktiliseks m\u00e4rkamatuks ja n\u00e4htamatuks. T\u00e4iuslik nakkuvus t\u00e4nu liimile kogu pinnal hoiab \u00e4ra tolmu ja mustuse kogunemise fooliumi alla. L\u00e4bipaistev kate tagab kella kasutamise mugavuse...\" \/>\n<meta property=\"og:url\" content=\"https:\/\/sunfixmobile.ee\/toode\/apple-watch-6-40mm-bestsuit-kaitseklaas\/\" \/>\n<meta property=\"og:site_name\" content=\"CompanySun\" \/>\n<meta property=\"article:publisher\" content=\"https:\/\/www.facebook.com\/sunfixtallinn\" \/>\n<meta property=\"article:modified_time\" content=\"2025-09-25T00:00:14+00:00\" \/>\n<meta property=\"og:image\" content=\"https:\/\/sunfixmobile.ee\/wp-content\/uploads\/2022\/05\/1.jpg\" \/>\n\t<meta property=\"og:image:width\" content=\"2000\" \/>\n\t<meta property=\"og:image:height\" content=\"1335\" \/>\n\t<meta property=\"og:image:type\" content=\"image\/jpeg\" \/>\n<meta name=\"twitter:card\" content=\"summary_large_image\" \/>\n<meta name=\"twitter:label1\" content=\"\u0426\u0435\u043d\u0430\" \/>\n\t<meta name=\"twitter:data1\" content=\"16,90&nbsp;&euro;\" \/>\n\t<meta name=\"twitter:label2\" content=\"\u0414\u043e\u0441\u0442\u0443\u043f\u043d\u043e\u0441\u0442\u044c\" \/>\n\t<meta name=\"twitter:data2\" content=\"\u0412 \u043d\u0430\u043b\u0438\u0447\u0438\u0438\" \/>\n<script type=\"application\/ld+json\" class=\"yoast-schema-graph\">{\"@context\":\"https:\/\/schema.org\",\"@graph\":[{\"@type\":\"WebPage\",\"@id\":\"https:\/\/sunfixmobile.ee\/toode\/apple-watch-6-40mm-bestsuit-kaitseklaas\/\",\"url\":\"https:\/\/sunfixmobile.ee\/toode\/apple-watch-6-40mm-bestsuit-kaitseklaas\/\",\"name\":\"Apple watch 6 40mm Bestsuit kaitseklaas - CompanySun\",\"isPartOf\":{\"@id\":\"https:\/\/sunfixmobile.ee\/#website\"},\"primaryImageOfPage\":{\"@id\":\"https:\/\/sunfixmobile.ee\/toode\/apple-watch-6-40mm-bestsuit-kaitseklaas\/#primaryimage\"},\"image\":{\"@id\":\"https:\/\/sunfixmobile.ee\/toode\/apple-watch-6-40mm-bestsuit-kaitseklaas\/#primaryimage\"},\"thumbnailUrl\":\"https:\/\/sunfixmobile.ee\/wp-content\/uploads\/2024\/02\/b8d9bce82094c151b2539f109df121b4-2.webp\",\"datePublished\":\"2024-01-22T15:55:24+00:00\",\"dateModified\":\"2025-09-25T00:00:14+00:00\",\"breadcrumb\":{\"@id\":\"https:\/\/sunfixmobile.ee\/toode\/apple-watch-6-40mm-bestsuit-kaitseklaas\/#breadcrumb\"},\"inLanguage\":\"ru-RU\",\"potentialAction\":[{\"@type\":\"ReadAction\",\"target\":[\"https:\/\/sunfixmobile.ee\/toode\/apple-watch-6-40mm-bestsuit-kaitseklaas\/\"]}]},{\"@type\":\"ImageObject\",\"inLanguage\":\"ru-RU\",\"@id\":\"https:\/\/sunfixmobile.ee\/toode\/apple-watch-6-40mm-bestsuit-kaitseklaas\/#primaryimage\",\"url\":\"https:\/\/sunfixmobile.ee\/wp-content\/uploads\/2024\/02\/b8d9bce82094c151b2539f109df121b4-2.webp\",\"contentUrl\":\"https:\/\/sunfixmobile.ee\/wp-content\/uploads\/2024\/02\/b8d9bce82094c151b2539f109df121b4-2.webp\",\"width\":1000,\"height\":1000,\"caption\":\"b8d9bce82094c151b2539f109df121b4-2.\"},{\"@type\":\"BreadcrumbList\",\"@id\":\"https:\/\/sunfixmobile.ee\/toode\/apple-watch-6-40mm-bestsuit-kaitseklaas\/#breadcrumb\",\"itemListElement\":[{\"@type\":\"ListItem\",\"position\":1,\"name\":\"Home\",\"item\":\"https:\/\/sunfixmobile.ee\/ru\/\"},{\"@type\":\"ListItem\",\"position\":2,\"name\":\"\u0412\u0441\u0435 \u0442\u043e\u0432\u0430\u0440\u044b\",\"item\":\"https:\/\/sunfixmobile.ee\/ru\/magazin\/\"},{\"@type\":\"ListItem\",\"position\":3,\"name\":\"Apple watch 6 40mm Bestsuit kaitseklaas\"}]},{\"@type\":\"WebSite\",\"@id\":\"https:\/\/sunfixmobile.ee\/#website\",\"url\":\"https:\/\/sunfixmobile.ee\/\",\"name\":\"CompanySun\",\"description\":\"\",\"publisher\":{\"@id\":\"https:\/\/sunfixmobile.ee\/#organization\"},\"potentialAction\":[{\"@type\":\"SearchAction\",\"target\":{\"@type\":\"EntryPoint\",\"urlTemplate\":\"https:\/\/sunfixmobile.ee\/?s={search_term_string}\"},\"query-input\":{\"@type\":\"PropertyValueSpecification\",\"valueRequired\":true,\"valueName\":\"search_term_string\"}}],\"inLanguage\":\"ru-RU\"},{\"@type\":\"Organization\",\"@id\":\"https:\/\/sunfixmobile.ee\/#organization\",\"name\":\"CompanySun O\u00dc\",\"url\":\"https:\/\/sunfixmobile.ee\/\",\"logo\":{\"@type\":\"ImageObject\",\"inLanguage\":\"ru-RU\",\"@id\":\"https:\/\/sunfixmobile.ee\/#\/schema\/logo\/image\/\",\"url\":\"https:\/\/sunfixmobile.ee\/wp-content\/uploads\/2022\/05\/logo.png\",\"contentUrl\":\"https:\/\/sunfixmobile.ee\/wp-content\/uploads\/2022\/05\/logo.png\",\"width\":257,\"height\":85,\"caption\":\"CompanySun O\u00dc\"},\"image\":{\"@id\":\"https:\/\/sunfixmobile.ee\/#\/schema\/logo\/image\/\"},\"sameAs\":[\"https:\/\/www.facebook.com\/sunfixtallinn\",\"https:\/\/www.instagram.com\/sunfix_eesti\/\"]}]}<\/script>\n<meta property=\"product:price:amount\" content=\"16.90\" \/>\n<meta property=\"product:price:currency\" content=\"EUR\" \/>\n<meta property=\"og:availability\" content=\"instock\" \/>\n<meta property=\"product:availability\" content=\"instock\" \/>\n<meta property=\"product:retailer_item_id\" content=\"5903396079399\" \/>\n<meta property=\"product:condition\" content=\"new\" \/>\n<!-- \/ Yoast SEO plugin. -->","yoast_head_json":{"title":"Apple watch 6 40mm Bestsuit kaitseklaas - CompanySun","robots":{"index":"index","follow":"follow","max-snippet":"max-snippet:-1","max-image-preview":"max-image-preview:large","max-video-preview":"max-video-preview:-1"},"canonical":"https:\/\/sunfixmobile.ee\/toode\/apple-watch-6-40mm-bestsuit-kaitseklaas\/","og_locale":"ru_RU","og_type":"article","og_title":"Apple watch 6 40mm Bestsuit kaitseklaas - CompanySun","og_description":"K\u00f5rgekvaliteedilise veekindlusega karastatud klaas nutikellale. Selle kogu pinnal on liim. \u00dclimadal paksus muudab klaasi m\u00e4rkamatuks ja tagab t\u00e4ieliku puudutuse t\u00e4psuse. Unikaalne 0,20 mm paksuse karastatud klaasi ja PET-kile kombinatsioon muudab klaasi praktiliseks m\u00e4rkamatuks ja n\u00e4htamatuks. T\u00e4iuslik nakkuvus t\u00e4nu liimile kogu pinnal hoiab \u00e4ra tolmu ja mustuse kogunemise fooliumi alla. L\u00e4bipaistev kate tagab kella kasutamise mugavuse...","og_url":"https:\/\/sunfixmobile.ee\/toode\/apple-watch-6-40mm-bestsuit-kaitseklaas\/","og_site_name":"CompanySun","article_publisher":"https:\/\/www.facebook.com\/sunfixtallinn","article_modified_time":"2025-09-25T00:00:14+00:00","og_image":[{"width":2000,"height":1335,"url":"https:\/\/sunfixmobile.ee\/wp-content\/uploads\/2022\/05\/1.jpg","type":"image\/jpeg"}],"twitter_card":"summary_large_image","twitter_misc":{"\u0426\u0435\u043d\u0430":"16,90&nbsp;&euro;","\u0414\u043e\u0441\u0442\u0443\u043f\u043d\u043e\u0441\u0442\u044c":"\u0412 \u043d\u0430\u043b\u0438\u0447\u0438\u0438"},"schema":{"@context":"https:\/\/schema.org","@graph":[{"@type":"WebPage","@id":"https:\/\/sunfixmobile.ee\/toode\/apple-watch-6-40mm-bestsuit-kaitseklaas\/","url":"https:\/\/sunfixmobile.ee\/toode\/apple-watch-6-40mm-bestsuit-kaitseklaas\/","name":"Apple watch 6 40mm Bestsuit kaitseklaas - CompanySun","isPartOf":{"@id":"https:\/\/sunfixmobile.ee\/#website"},"primaryImageOfPage":{"@id":"https:\/\/sunfixmobile.ee\/toode\/apple-watch-6-40mm-bestsuit-kaitseklaas\/#primaryimage"},"image":{"@id":"https:\/\/sunfixmobile.ee\/toode\/apple-watch-6-40mm-bestsuit-kaitseklaas\/#primaryimage"},"thumbnailUrl":"https:\/\/sunfixmobile.ee\/wp-content\/uploads\/2024\/02\/b8d9bce82094c151b2539f109df121b4-2.webp","datePublished":"2024-01-22T15:55:24+00:00","dateModified":"2025-09-25T00:00:14+00:00","breadcrumb":{"@id":"https:\/\/sunfixmobile.ee\/toode\/apple-watch-6-40mm-bestsuit-kaitseklaas\/#breadcrumb"},"inLanguage":"ru-RU","potentialAction":[{"@type":"ReadAction","target":["https:\/\/sunfixmobile.ee\/toode\/apple-watch-6-40mm-bestsuit-kaitseklaas\/"]}]},{"@type":"ImageObject","inLanguage":"ru-RU","@id":"https:\/\/sunfixmobile.ee\/toode\/apple-watch-6-40mm-bestsuit-kaitseklaas\/#primaryimage","url":"https:\/\/sunfixmobile.ee\/wp-content\/uploads\/2024\/02\/b8d9bce82094c151b2539f109df121b4-2.webp","contentUrl":"https:\/\/sunfixmobile.ee\/wp-content\/uploads\/2024\/02\/b8d9bce82094c151b2539f109df121b4-2.webp","width":1000,"height":1000,"caption":"b8d9bce82094c151b2539f109df121b4-2."},{"@type":"BreadcrumbList","@id":"https:\/\/sunfixmobile.ee\/toode\/apple-watch-6-40mm-bestsuit-kaitseklaas\/#breadcrumb","itemListElement":[{"@type":"ListItem","position":1,"name":"Home","item":"https:\/\/sunfixmobile.ee\/ru\/"},{"@type":"ListItem","position":2,"name":"\u0412\u0441\u0435 \u0442\u043e\u0432\u0430\u0440\u044b","item":"https:\/\/sunfixmobile.ee\/ru\/magazin\/"},{"@type":"ListItem","position":3,"name":"Apple watch 6 40mm Bestsuit kaitseklaas"}]},{"@type":"WebSite","@id":"https:\/\/sunfixmobile.ee\/#website","url":"https:\/\/sunfixmobile.ee\/","name":"CompanySun","description":"","publisher":{"@id":"https:\/\/sunfixmobile.ee\/#organization"},"potentialAction":[{"@type":"SearchAction","target":{"@type":"EntryPoint","urlTemplate":"https:\/\/sunfixmobile.ee\/?s={search_term_string}"},"query-input":{"@type":"PropertyValueSpecification","valueRequired":true,"valueName":"search_term_string"}}],"inLanguage":"ru-RU"},{"@type":"Organization","@id":"https:\/\/sunfixmobile.ee\/#organization","name":"CompanySun O\u00dc","url":"https:\/\/sunfixmobile.ee\/","logo":{"@type":"ImageObject","inLanguage":"ru-RU","@id":"https:\/\/sunfixmobile.ee\/#\/schema\/logo\/image\/","url":"https:\/\/sunfixmobile.ee\/wp-content\/uploads\/2022\/05\/logo.png","contentUrl":"https:\/\/sunfixmobile.ee\/wp-content\/uploads\/2022\/05\/logo.png","width":257,"height":85,"caption":"CompanySun O\u00dc"},"image":{"@id":"https:\/\/sunfixmobile.ee\/#\/schema\/logo\/image\/"},"sameAs":["https:\/\/www.facebook.com\/sunfixtallinn","https:\/\/www.instagram.com\/sunfix_eesti\/"]}]},"product_price_amount":"16.90","product_price_currency":"EUR","og_availability":"instock","product_availability":"instock","product_retailer_item_id":"5903396079399","product_condition":"new"},"_links":{"self":[{"href":"https:\/\/sunfixmobile.ee\/ru\/wp-json\/wp\/v2\/product\/7786","targetHints":{"allow":["GET"]}}],"collection":[{"href":"https:\/\/sunfixmobile.ee\/ru\/wp-json\/wp\/v2\/product"}],"about":[{"href":"https:\/\/sunfixmobile.ee\/ru\/wp-json\/wp\/v2\/types\/product"}],"wp:featuredmedia":[{"embeddable":true,"href":"https:\/\/sunfixmobile.ee\/ru\/wp-json\/wp\/v2\/media\/10597"}],"wp:attachment":[{"href":"https:\/\/sunfixmobile.ee\/ru\/wp-json\/wp\/v2\/media?parent=7786"}],"wp:term":[{"taxonomy":"product_brand","embeddable":true,"href":"https:\/\/sunfixmobile.ee\/ru\/wp-json\/wp\/v2\/product_brand?post=7786"},{"taxonomy":"product_cat","embeddable":true,"href":"https:\/\/sunfixmobile.ee\/ru\/wp-json\/wp\/v2\/product_cat?post=7786"},{"taxonomy":"product_tag","embeddable":true,"href":"https:\/\/sunfixmobile.ee\/ru\/wp-json\/wp\/v2\/product_tag?post=7786"}],"curies":[{"name":"wp","href":"https:\/\/api.w.org\/{rel}","templated":true}]}}