{"id":7780,"date":"2024-01-22T15:55:24","date_gmt":"2024-01-22T15:55:24","guid":{"rendered":"https:\/\/sunfixmobile.ee\/toode\/hiirepadi-250x230x25mm\/"},"modified":"2025-07-03T10:03:48","modified_gmt":"2025-07-03T10:03:48","slug":"hiirepadi-250x230x25mm","status":"publish","type":"product","link":"https:\/\/sunfixmobile.ee\/ru\/tovar\/hiirepadi-250x230x25mm\/","title":{"rendered":"Hiirepadi 250x230x25mm"},"content":{"rendered":"<p>Mugav tugi teie randmetele<\/p>\n<p>Hiirepadjal ja randmel on Memory Foam t\u00e4idis, mis pakub randmetele mugavat tuge. See sobib kergesti k\u00e4e kujuga ning randmed annavad piisava ja pehme toe. T\u00e4nu hiirele ja randmepadjale muutub igap\u00e4evane arvutit\u00f6\u00f6 mugavamaks ja ohutumaks teie liigestele, randmetele ja k\u00fc\u00fcnarnukkidele. Libisemiskindel kummip\u00f5hi ei lase padjal laual libiseda.<\/p>\n<p>T\u00f6\u00f6tab suurep\u00e4raselt igat t\u00fc\u00fcpi hiireanduritega: optiliste ja laseranduritega. Seda on lihtne puhastada.<\/p>\n<p>Toote spetsifikatsioon:<br \/>Materjal: Memory Foam, libisemisvastane kummist alus<br \/>Suurus: 350 \u00d7 250 \u00d7 3 mm<br \/>V\u00e4rv: must, ilma tr\u00fckita<\/p>\n","protected":false},"excerpt":{"rendered":"<p>Mugav tugi teie randmetele Hiirepadjal ja randmel on Memory Foam t\u00e4idis, mis pakub randmetele mugavat tuge. See sobib kergesti k\u00e4e kujuga ning randmed annavad piisava ja pehme toe. T\u00e4nu hiirele ja randmepadjale muutub igap\u00e4evane arvutit\u00f6\u00f6 mugavamaks ja ohutumaks teie liigestele, randmetele ja k\u00fc\u00fcnarnukkidele. Libisemiskindel kummip\u00f5hi ei lase padjal laual libiseda. T\u00f6\u00f6tab suurep\u00e4raselt igat t\u00fc\u00fcpi hiireanduritega:&#8230;<\/p>\n","protected":false},"featured_media":10141,"template":"","meta":[],"product_brand":[],"product_cat":[1247],"product_tag":[],"class_list":{"0":"post-7780","1":"product","2":"type-product","3":"status-publish","4":"has-post-thumbnail","6":"product_cat-arvutitarvikud","8":"first","9":"instock","10":"taxable","11":"shipping-taxable","12":"purchasable","13":"product-type-simple"},"yoast_head":"<!-- This site is optimized with the Yoast SEO plugin v27.2 - https:\/\/yoast.com\/product\/yoast-seo-wordpress\/ -->\n<title>Hiirepadi 250x230x25mm - CompanySun<\/title>\n<meta name=\"robots\" content=\"index, follow, max-snippet:-1, max-image-preview:large, max-video-preview:-1\" \/>\n<link rel=\"canonical\" href=\"https:\/\/sunfixmobile.ee\/toode\/hiirepadi-250x230x25mm\/\" \/>\n<meta property=\"og:locale\" content=\"ru_RU\" \/>\n<meta property=\"og:type\" content=\"article\" \/>\n<meta property=\"og:title\" content=\"Hiirepadi 250x230x25mm - CompanySun\" \/>\n<meta property=\"og:description\" content=\"Mugav tugi teie randmetele Hiirepadjal ja randmel on Memory Foam t\u00e4idis, mis pakub randmetele mugavat tuge. See sobib kergesti k\u00e4e kujuga ning randmed annavad piisava ja pehme toe. T\u00e4nu hiirele ja randmepadjale muutub igap\u00e4evane arvutit\u00f6\u00f6 mugavamaks ja ohutumaks teie liigestele, randmetele ja k\u00fc\u00fcnarnukkidele. Libisemiskindel kummip\u00f5hi ei lase padjal laual libiseda. T\u00f6\u00f6tab suurep\u00e4raselt igat t\u00fc\u00fcpi hiireanduritega:...\" \/>\n<meta property=\"og:url\" content=\"https:\/\/sunfixmobile.ee\/toode\/hiirepadi-250x230x25mm\/\" \/>\n<meta property=\"og:site_name\" content=\"CompanySun\" \/>\n<meta property=\"article:publisher\" content=\"https:\/\/www.facebook.com\/sunfixtallinn\" \/>\n<meta property=\"article:modified_time\" content=\"2025-07-03T10:03:48+00:00\" \/>\n<meta property=\"og:image\" content=\"https:\/\/sunfixmobile.ee\/wp-content\/uploads\/2022\/05\/1.jpg\" \/>\n\t<meta property=\"og:image:width\" content=\"2000\" \/>\n\t<meta property=\"og:image:height\" content=\"1335\" \/>\n\t<meta property=\"og:image:type\" content=\"image\/jpeg\" \/>\n<meta name=\"twitter:card\" content=\"summary_large_image\" \/>\n<meta name=\"twitter:label1\" content=\"\u0426\u0435\u043d\u0430\" \/>\n\t<meta name=\"twitter:data1\" content=\"15,90&nbsp;&euro;\" \/>\n\t<meta name=\"twitter:label2\" content=\"\u0414\u043e\u0441\u0442\u0443\u043f\u043d\u043e\u0441\u0442\u044c\" \/>\n\t<meta name=\"twitter:data2\" content=\"\u0412 \u043d\u0430\u043b\u0438\u0447\u0438\u0438\" \/>\n<script type=\"application\/ld+json\" class=\"yoast-schema-graph\">{\"@context\":\"https:\/\/schema.org\",\"@graph\":[{\"@type\":\"WebPage\",\"@id\":\"https:\/\/sunfixmobile.ee\/toode\/hiirepadi-250x230x25mm\/\",\"url\":\"https:\/\/sunfixmobile.ee\/toode\/hiirepadi-250x230x25mm\/\",\"name\":\"Hiirepadi 250x230x25mm - CompanySun\",\"isPartOf\":{\"@id\":\"https:\/\/sunfixmobile.ee\/#website\"},\"primaryImageOfPage\":{\"@id\":\"https:\/\/sunfixmobile.ee\/toode\/hiirepadi-250x230x25mm\/#primaryimage\"},\"image\":{\"@id\":\"https:\/\/sunfixmobile.ee\/toode\/hiirepadi-250x230x25mm\/#primaryimage\"},\"thumbnailUrl\":\"https:\/\/sunfixmobile.ee\/wp-content\/uploads\/2024\/02\/a193367c9351b4f889fdc96444b37e58.webp\",\"datePublished\":\"2024-01-22T15:55:24+00:00\",\"dateModified\":\"2025-07-03T10:03:48+00:00\",\"breadcrumb\":{\"@id\":\"https:\/\/sunfixmobile.ee\/toode\/hiirepadi-250x230x25mm\/#breadcrumb\"},\"inLanguage\":\"ru-RU\",\"potentialAction\":[{\"@type\":\"ReadAction\",\"target\":[\"https:\/\/sunfixmobile.ee\/toode\/hiirepadi-250x230x25mm\/\"]}]},{\"@type\":\"ImageObject\",\"inLanguage\":\"ru-RU\",\"@id\":\"https:\/\/sunfixmobile.ee\/toode\/hiirepadi-250x230x25mm\/#primaryimage\",\"url\":\"https:\/\/sunfixmobile.ee\/wp-content\/uploads\/2024\/02\/a193367c9351b4f889fdc96444b37e58.webp\",\"contentUrl\":\"https:\/\/sunfixmobile.ee\/wp-content\/uploads\/2024\/02\/a193367c9351b4f889fdc96444b37e58.webp\",\"width\":1000,\"height\":1000,\"caption\":\"a193367c9351b4f889fdc96444b37e58.\"},{\"@type\":\"BreadcrumbList\",\"@id\":\"https:\/\/sunfixmobile.ee\/toode\/hiirepadi-250x230x25mm\/#breadcrumb\",\"itemListElement\":[{\"@type\":\"ListItem\",\"position\":1,\"name\":\"Home\",\"item\":\"https:\/\/sunfixmobile.ee\/ru\/\"},{\"@type\":\"ListItem\",\"position\":2,\"name\":\"\u0412\u0441\u0435 \u0442\u043e\u0432\u0430\u0440\u044b\",\"item\":\"https:\/\/sunfixmobile.ee\/ru\/magazin\/\"},{\"@type\":\"ListItem\",\"position\":3,\"name\":\"Hiirepadi 250x230x25mm\"}]},{\"@type\":\"WebSite\",\"@id\":\"https:\/\/sunfixmobile.ee\/#website\",\"url\":\"https:\/\/sunfixmobile.ee\/\",\"name\":\"CompanySun\",\"description\":\"\",\"publisher\":{\"@id\":\"https:\/\/sunfixmobile.ee\/#organization\"},\"potentialAction\":[{\"@type\":\"SearchAction\",\"target\":{\"@type\":\"EntryPoint\",\"urlTemplate\":\"https:\/\/sunfixmobile.ee\/?s={search_term_string}\"},\"query-input\":{\"@type\":\"PropertyValueSpecification\",\"valueRequired\":true,\"valueName\":\"search_term_string\"}}],\"inLanguage\":\"ru-RU\"},{\"@type\":\"Organization\",\"@id\":\"https:\/\/sunfixmobile.ee\/#organization\",\"name\":\"CompanySun O\u00dc\",\"url\":\"https:\/\/sunfixmobile.ee\/\",\"logo\":{\"@type\":\"ImageObject\",\"inLanguage\":\"ru-RU\",\"@id\":\"https:\/\/sunfixmobile.ee\/#\/schema\/logo\/image\/\",\"url\":\"https:\/\/sunfixmobile.ee\/wp-content\/uploads\/2022\/05\/logo.png\",\"contentUrl\":\"https:\/\/sunfixmobile.ee\/wp-content\/uploads\/2022\/05\/logo.png\",\"width\":257,\"height\":85,\"caption\":\"CompanySun O\u00dc\"},\"image\":{\"@id\":\"https:\/\/sunfixmobile.ee\/#\/schema\/logo\/image\/\"},\"sameAs\":[\"https:\/\/www.facebook.com\/sunfixtallinn\",\"https:\/\/www.instagram.com\/sunfix_eesti\/\"]}]}<\/script>\n<meta property=\"product:price:amount\" content=\"15.90\" \/>\n<meta property=\"product:price:currency\" content=\"EUR\" \/>\n<meta property=\"og:availability\" content=\"instock\" \/>\n<meta property=\"product:availability\" content=\"instock\" \/>\n<meta property=\"product:retailer_item_id\" content=\"5901737891174\" \/>\n<meta property=\"product:condition\" content=\"new\" \/>\n<!-- \/ Yoast SEO plugin. -->","yoast_head_json":{"title":"Hiirepadi 250x230x25mm - CompanySun","robots":{"index":"index","follow":"follow","max-snippet":"max-snippet:-1","max-image-preview":"max-image-preview:large","max-video-preview":"max-video-preview:-1"},"canonical":"https:\/\/sunfixmobile.ee\/toode\/hiirepadi-250x230x25mm\/","og_locale":"ru_RU","og_type":"article","og_title":"Hiirepadi 250x230x25mm - CompanySun","og_description":"Mugav tugi teie randmetele Hiirepadjal ja randmel on Memory Foam t\u00e4idis, mis pakub randmetele mugavat tuge. See sobib kergesti k\u00e4e kujuga ning randmed annavad piisava ja pehme toe. T\u00e4nu hiirele ja randmepadjale muutub igap\u00e4evane arvutit\u00f6\u00f6 mugavamaks ja ohutumaks teie liigestele, randmetele ja k\u00fc\u00fcnarnukkidele. Libisemiskindel kummip\u00f5hi ei lase padjal laual libiseda. T\u00f6\u00f6tab suurep\u00e4raselt igat t\u00fc\u00fcpi hiireanduritega:...","og_url":"https:\/\/sunfixmobile.ee\/toode\/hiirepadi-250x230x25mm\/","og_site_name":"CompanySun","article_publisher":"https:\/\/www.facebook.com\/sunfixtallinn","article_modified_time":"2025-07-03T10:03:48+00:00","og_image":[{"width":2000,"height":1335,"url":"https:\/\/sunfixmobile.ee\/wp-content\/uploads\/2022\/05\/1.jpg","type":"image\/jpeg"}],"twitter_card":"summary_large_image","twitter_misc":{"\u0426\u0435\u043d\u0430":"15,90&nbsp;&euro;","\u0414\u043e\u0441\u0442\u0443\u043f\u043d\u043e\u0441\u0442\u044c":"\u0412 \u043d\u0430\u043b\u0438\u0447\u0438\u0438"},"schema":{"@context":"https:\/\/schema.org","@graph":[{"@type":"WebPage","@id":"https:\/\/sunfixmobile.ee\/toode\/hiirepadi-250x230x25mm\/","url":"https:\/\/sunfixmobile.ee\/toode\/hiirepadi-250x230x25mm\/","name":"Hiirepadi 250x230x25mm - CompanySun","isPartOf":{"@id":"https:\/\/sunfixmobile.ee\/#website"},"primaryImageOfPage":{"@id":"https:\/\/sunfixmobile.ee\/toode\/hiirepadi-250x230x25mm\/#primaryimage"},"image":{"@id":"https:\/\/sunfixmobile.ee\/toode\/hiirepadi-250x230x25mm\/#primaryimage"},"thumbnailUrl":"https:\/\/sunfixmobile.ee\/wp-content\/uploads\/2024\/02\/a193367c9351b4f889fdc96444b37e58.webp","datePublished":"2024-01-22T15:55:24+00:00","dateModified":"2025-07-03T10:03:48+00:00","breadcrumb":{"@id":"https:\/\/sunfixmobile.ee\/toode\/hiirepadi-250x230x25mm\/#breadcrumb"},"inLanguage":"ru-RU","potentialAction":[{"@type":"ReadAction","target":["https:\/\/sunfixmobile.ee\/toode\/hiirepadi-250x230x25mm\/"]}]},{"@type":"ImageObject","inLanguage":"ru-RU","@id":"https:\/\/sunfixmobile.ee\/toode\/hiirepadi-250x230x25mm\/#primaryimage","url":"https:\/\/sunfixmobile.ee\/wp-content\/uploads\/2024\/02\/a193367c9351b4f889fdc96444b37e58.webp","contentUrl":"https:\/\/sunfixmobile.ee\/wp-content\/uploads\/2024\/02\/a193367c9351b4f889fdc96444b37e58.webp","width":1000,"height":1000,"caption":"a193367c9351b4f889fdc96444b37e58."},{"@type":"BreadcrumbList","@id":"https:\/\/sunfixmobile.ee\/toode\/hiirepadi-250x230x25mm\/#breadcrumb","itemListElement":[{"@type":"ListItem","position":1,"name":"Home","item":"https:\/\/sunfixmobile.ee\/ru\/"},{"@type":"ListItem","position":2,"name":"\u0412\u0441\u0435 \u0442\u043e\u0432\u0430\u0440\u044b","item":"https:\/\/sunfixmobile.ee\/ru\/magazin\/"},{"@type":"ListItem","position":3,"name":"Hiirepadi 250x230x25mm"}]},{"@type":"WebSite","@id":"https:\/\/sunfixmobile.ee\/#website","url":"https:\/\/sunfixmobile.ee\/","name":"CompanySun","description":"","publisher":{"@id":"https:\/\/sunfixmobile.ee\/#organization"},"potentialAction":[{"@type":"SearchAction","target":{"@type":"EntryPoint","urlTemplate":"https:\/\/sunfixmobile.ee\/?s={search_term_string}"},"query-input":{"@type":"PropertyValueSpecification","valueRequired":true,"valueName":"search_term_string"}}],"inLanguage":"ru-RU"},{"@type":"Organization","@id":"https:\/\/sunfixmobile.ee\/#organization","name":"CompanySun O\u00dc","url":"https:\/\/sunfixmobile.ee\/","logo":{"@type":"ImageObject","inLanguage":"ru-RU","@id":"https:\/\/sunfixmobile.ee\/#\/schema\/logo\/image\/","url":"https:\/\/sunfixmobile.ee\/wp-content\/uploads\/2022\/05\/logo.png","contentUrl":"https:\/\/sunfixmobile.ee\/wp-content\/uploads\/2022\/05\/logo.png","width":257,"height":85,"caption":"CompanySun O\u00dc"},"image":{"@id":"https:\/\/sunfixmobile.ee\/#\/schema\/logo\/image\/"},"sameAs":["https:\/\/www.facebook.com\/sunfixtallinn","https:\/\/www.instagram.com\/sunfix_eesti\/"]}]},"product_price_amount":"15.90","product_price_currency":"EUR","og_availability":"instock","product_availability":"instock","product_retailer_item_id":"5901737891174","product_condition":"new"},"_links":{"self":[{"href":"https:\/\/sunfixmobile.ee\/ru\/wp-json\/wp\/v2\/product\/7780","targetHints":{"allow":["GET"]}}],"collection":[{"href":"https:\/\/sunfixmobile.ee\/ru\/wp-json\/wp\/v2\/product"}],"about":[{"href":"https:\/\/sunfixmobile.ee\/ru\/wp-json\/wp\/v2\/types\/product"}],"wp:featuredmedia":[{"embeddable":true,"href":"https:\/\/sunfixmobile.ee\/ru\/wp-json\/wp\/v2\/media\/10141"}],"wp:attachment":[{"href":"https:\/\/sunfixmobile.ee\/ru\/wp-json\/wp\/v2\/media?parent=7780"}],"wp:term":[{"taxonomy":"product_brand","embeddable":true,"href":"https:\/\/sunfixmobile.ee\/ru\/wp-json\/wp\/v2\/product_brand?post=7780"},{"taxonomy":"product_cat","embeddable":true,"href":"https:\/\/sunfixmobile.ee\/ru\/wp-json\/wp\/v2\/product_cat?post=7780"},{"taxonomy":"product_tag","embeddable":true,"href":"https:\/\/sunfixmobile.ee\/ru\/wp-json\/wp\/v2\/product_tag?post=7780"}],"curies":[{"name":"wp","href":"https:\/\/api.w.org\/{rel}","templated":true}]}}