{"id":7558,"date":"2024-01-22T15:54:46","date_gmt":"2024-01-22T15:54:46","guid":{"rendered":"https:\/\/sunfixmobile.ee\/toode\/hoco-y14-nutikas-kaekell\/"},"modified":"2025-07-03T10:04:44","modified_gmt":"2025-07-03T10:04:44","slug":"hoco-y14-nutikas-kaekell","status":"publish","type":"product","link":"https:\/\/sunfixmobile.ee\/ru\/tovar\/hoco-y14-nutikas-kaekell\/","title":{"rendered":"Hoco Y14 Nutikas k\u00e4ekell"},"content":{"rendered":"<p>Elegantne, veekindel naiste nutikell Hoco Y14 tuleb kasuks t\u00f6\u00f6l, kodus, reisil v\u00f5i treeningul. Sellel on v\u00e4rviline ekraan, mitme spordi re\u017eiimid, s\u00fcda\/k\u00fcllastus\/uni. See v\u00f5imaldab teil helistada, k\u00f5nesid hallata. vaadake kontakte, lugege s\u00f5numeid ja teatisi ning vastake neile.<\/p>\n<p>Nutikell Hoco on loodud aktiivsetele inimestele. Stiilne disain sobib igale randmele.<\/p>\n<p>Seadet on mugav kasutada t\u00e4nu v\u00e4rvilisele TFT-ekraanile diagonaaliga 1,32\u201d, eraldusv\u00f5imega 360 \u00d7 360 px ja men\u00fc\u00fc toele 21 keeles. Seade v\u00f5ib \u00fche laadimisega t\u00f6\u00f6tada kuni 7 p\u00e4eva.<\/p>\n<p>Nutikellal on sisseehitatud k\u00f5lar ja mikrofon, mis v\u00f5imaldab kella abil k\u00f5nedele vastata ja helistada ilma, et peaksite seda tegema. v\u00f5ttes oma telefoni taskust v\u00e4lja. Samuti v\u00f5imaldab see lugeda s\u00f5numeid ja teatisi ning neile vastata.<\/p>\n<p>Nutikell kontrollib f\u00fc\u00fcsilist aktiivsust, m\u00f5\u00f5tes pulssi, hapnikuk\u00fcllastust ja j\u00e4lgides und. T\u00e4nu 11 mitmespordire\u017eiimile v\u00f5imaldab see treeningu edenemist kontrollida.<\/p>\n<p>See toode t\u00f6\u00f6tab iOS-i ja Android-seadmetega. Sellel on IP68 veekindluse klass.<\/p>\n<p>Spetsifikatsioon:<br \/>Mudel: Hoco Y14<br \/>Ekraan: TFT mahtuvuslik puuteekraan 1,32\u201d, 360 \u00d7 360 px<br \/>Protsessor: Realtek 8762DT<br \/>M\u00e4lu: 128 MB<br \/>\u00dchenduvus: Bluetooth v5.0 (kuni 10 m)<br \/>Aku kestvus: umbes 5-7 p\u00e4eva \u00fche Bluetooth-\u00fchendusega \/ umbes 3 p\u00e4eva kahekordse Bluetooth-\u00fchendusega (vajalik helistamise funktsiooni jaoks)<br \/>Ooteaeg: umbes 15 p\u00e4eva<br \/>Aku: 200 mAh<br \/>Laadimise t\u00fc\u00fcp: magnetiline<br \/>Kaabel kaasas: jah (laadimine)<br \/>Veekindlusklass: IP68<br \/>\u00dchilduvus: iOS ja Android seadmed<br \/>Keel: 21 keelt (hiina, inglise, vene, araabia, vietnami, taani, tai, poola, p\u00e4rsia, hispaania, malai, kreeka, prantsuse, itaalia, saksa, portugali, t\u00fcrgi, ladina, rumeenia, heebrea, birma)<br \/>Funktsioonid: Bluetoothi k\u00f5ne, teavitus, k\u00f5ne tagasil\u00fckkamine, s\u00f5numi meeldetuletus, k\u00f5ne meeldetuletus, pulsim\u00f5\u00f5tja, istumise meeldetuletus, vere hapnikum\u00f5\u00f5tja, verer\u00f5hum\u00f5\u00f5tja, unemonitor, 11 mitme spordi re\u017eiimi, sammude arv, kalorid, vahemaa, kaugpildistamine, muusika juhtimine, \u00e4ratuskell, stopper, ilman\u00e4idik, mitte segada re\u017eiim ja muu<\/p>\n","protected":false},"excerpt":{"rendered":"<p>Elegantne, veekindel naiste nutikell Hoco Y14 tuleb kasuks t\u00f6\u00f6l, kodus, reisil v\u00f5i treeningul. Sellel on v\u00e4rviline ekraan, mitme spordi re\u017eiimid, s\u00fcda\/k\u00fcllastus\/uni. See v\u00f5imaldab teil helistada, k\u00f5nesid hallata. vaadake kontakte, lugege s\u00f5numeid ja teatisi ning vastake neile. Nutikell Hoco on loodud aktiivsetele inimestele. Stiilne disain sobib igale randmele. Seadet on mugav kasutada t\u00e4nu v\u00e4rvilisele TFT-ekraanile diagonaaliga&#8230;<\/p>\n","protected":false},"featured_media":9500,"template":"","meta":[],"product_brand":[],"product_cat":[1256],"product_tag":[],"class_list":{"0":"post-7558","1":"product","2":"type-product","3":"status-publish","4":"has-post-thumbnail","6":"product_cat-nutikellad","8":"first","9":"instock","10":"taxable","11":"shipping-taxable","12":"purchasable","13":"product-type-simple"},"yoast_head":"<!-- This site is optimized with the Yoast SEO plugin v27.2 - https:\/\/yoast.com\/product\/yoast-seo-wordpress\/ -->\n<title>Hoco Y14 Nutikas k\u00e4ekell - CompanySun<\/title>\n<meta name=\"robots\" content=\"index, follow, max-snippet:-1, max-image-preview:large, max-video-preview:-1\" \/>\n<link rel=\"canonical\" href=\"https:\/\/sunfixmobile.ee\/toode\/hoco-y14-nutikas-kaekell\/\" \/>\n<meta property=\"og:locale\" content=\"ru_RU\" \/>\n<meta property=\"og:type\" content=\"article\" \/>\n<meta property=\"og:title\" content=\"Hoco Y14 Nutikas k\u00e4ekell - CompanySun\" \/>\n<meta property=\"og:description\" content=\"Elegantne, veekindel naiste nutikell Hoco Y14 tuleb kasuks t\u00f6\u00f6l, kodus, reisil v\u00f5i treeningul. Sellel on v\u00e4rviline ekraan, mitme spordi re\u017eiimid, s\u00fcda\/k\u00fcllastus\/uni. See v\u00f5imaldab teil helistada, k\u00f5nesid hallata. vaadake kontakte, lugege s\u00f5numeid ja teatisi ning vastake neile. Nutikell Hoco on loodud aktiivsetele inimestele. Stiilne disain sobib igale randmele. Seadet on mugav kasutada t\u00e4nu v\u00e4rvilisele TFT-ekraanile diagonaaliga...\" \/>\n<meta property=\"og:url\" content=\"https:\/\/sunfixmobile.ee\/toode\/hoco-y14-nutikas-kaekell\/\" \/>\n<meta property=\"og:site_name\" content=\"CompanySun\" \/>\n<meta property=\"article:publisher\" content=\"https:\/\/www.facebook.com\/sunfixtallinn\" \/>\n<meta property=\"article:modified_time\" content=\"2025-07-03T10:04:44+00:00\" \/>\n<meta property=\"og:image\" content=\"https:\/\/sunfixmobile.ee\/wp-content\/uploads\/2022\/05\/1.jpg\" \/>\n\t<meta property=\"og:image:width\" content=\"2000\" \/>\n\t<meta property=\"og:image:height\" content=\"1335\" \/>\n\t<meta property=\"og:image:type\" content=\"image\/jpeg\" \/>\n<meta name=\"twitter:card\" content=\"summary_large_image\" \/>\n<meta name=\"twitter:label1\" content=\"\u0426\u0435\u043d\u0430\" \/>\n\t<meta name=\"twitter:data1\" content=\"59,90&nbsp;&euro;\" \/>\n\t<meta name=\"twitter:label2\" content=\"\u0414\u043e\u0441\u0442\u0443\u043f\u043d\u043e\u0441\u0442\u044c\" \/>\n\t<meta name=\"twitter:data2\" content=\"\u0412 \u043d\u0430\u043b\u0438\u0447\u0438\u0438\" \/>\n<script type=\"application\/ld+json\" class=\"yoast-schema-graph\">{\"@context\":\"https:\/\/schema.org\",\"@graph\":[{\"@type\":\"WebPage\",\"@id\":\"https:\/\/sunfixmobile.ee\/toode\/hoco-y14-nutikas-kaekell\/\",\"url\":\"https:\/\/sunfixmobile.ee\/toode\/hoco-y14-nutikas-kaekell\/\",\"name\":\"Hoco Y14 Nutikas k\u00e4ekell - CompanySun\",\"isPartOf\":{\"@id\":\"https:\/\/sunfixmobile.ee\/#website\"},\"primaryImageOfPage\":{\"@id\":\"https:\/\/sunfixmobile.ee\/toode\/hoco-y14-nutikas-kaekell\/#primaryimage\"},\"image\":{\"@id\":\"https:\/\/sunfixmobile.ee\/toode\/hoco-y14-nutikas-kaekell\/#primaryimage\"},\"thumbnailUrl\":\"https:\/\/sunfixmobile.ee\/wp-content\/uploads\/2024\/01\/df939560ce7ba0a9a4f9023713b66490.webp\",\"datePublished\":\"2024-01-22T15:54:46+00:00\",\"dateModified\":\"2025-07-03T10:04:44+00:00\",\"breadcrumb\":{\"@id\":\"https:\/\/sunfixmobile.ee\/toode\/hoco-y14-nutikas-kaekell\/#breadcrumb\"},\"inLanguage\":\"ru-RU\",\"potentialAction\":[{\"@type\":\"ReadAction\",\"target\":[\"https:\/\/sunfixmobile.ee\/toode\/hoco-y14-nutikas-kaekell\/\"]}]},{\"@type\":\"ImageObject\",\"inLanguage\":\"ru-RU\",\"@id\":\"https:\/\/sunfixmobile.ee\/toode\/hoco-y14-nutikas-kaekell\/#primaryimage\",\"url\":\"https:\/\/sunfixmobile.ee\/wp-content\/uploads\/2024\/01\/df939560ce7ba0a9a4f9023713b66490.webp\",\"contentUrl\":\"https:\/\/sunfixmobile.ee\/wp-content\/uploads\/2024\/01\/df939560ce7ba0a9a4f9023713b66490.webp\",\"width\":1000,\"height\":1000,\"caption\":\"df939560ce7ba0a9a4f9023713b66490.\"},{\"@type\":\"BreadcrumbList\",\"@id\":\"https:\/\/sunfixmobile.ee\/toode\/hoco-y14-nutikas-kaekell\/#breadcrumb\",\"itemListElement\":[{\"@type\":\"ListItem\",\"position\":1,\"name\":\"Home\",\"item\":\"https:\/\/sunfixmobile.ee\/ru\/\"},{\"@type\":\"ListItem\",\"position\":2,\"name\":\"\u0412\u0441\u0435 \u0442\u043e\u0432\u0430\u0440\u044b\",\"item\":\"https:\/\/sunfixmobile.ee\/ru\/magazin\/\"},{\"@type\":\"ListItem\",\"position\":3,\"name\":\"Hoco Y14 Nutikas k\u00e4ekell\"}]},{\"@type\":\"WebSite\",\"@id\":\"https:\/\/sunfixmobile.ee\/#website\",\"url\":\"https:\/\/sunfixmobile.ee\/\",\"name\":\"CompanySun\",\"description\":\"\",\"publisher\":{\"@id\":\"https:\/\/sunfixmobile.ee\/#organization\"},\"potentialAction\":[{\"@type\":\"SearchAction\",\"target\":{\"@type\":\"EntryPoint\",\"urlTemplate\":\"https:\/\/sunfixmobile.ee\/?s={search_term_string}\"},\"query-input\":{\"@type\":\"PropertyValueSpecification\",\"valueRequired\":true,\"valueName\":\"search_term_string\"}}],\"inLanguage\":\"ru-RU\"},{\"@type\":\"Organization\",\"@id\":\"https:\/\/sunfixmobile.ee\/#organization\",\"name\":\"CompanySun O\u00dc\",\"url\":\"https:\/\/sunfixmobile.ee\/\",\"logo\":{\"@type\":\"ImageObject\",\"inLanguage\":\"ru-RU\",\"@id\":\"https:\/\/sunfixmobile.ee\/#\/schema\/logo\/image\/\",\"url\":\"https:\/\/sunfixmobile.ee\/wp-content\/uploads\/2022\/05\/logo.png\",\"contentUrl\":\"https:\/\/sunfixmobile.ee\/wp-content\/uploads\/2022\/05\/logo.png\",\"width\":257,\"height\":85,\"caption\":\"CompanySun O\u00dc\"},\"image\":{\"@id\":\"https:\/\/sunfixmobile.ee\/#\/schema\/logo\/image\/\"},\"sameAs\":[\"https:\/\/www.facebook.com\/sunfixtallinn\",\"https:\/\/www.instagram.com\/sunfix_eesti\/\"]}]}<\/script>\n<meta property=\"product:price:amount\" content=\"59.90\" \/>\n<meta property=\"product:price:currency\" content=\"EUR\" \/>\n<meta property=\"og:availability\" content=\"instock\" \/>\n<meta property=\"product:availability\" content=\"instock\" \/>\n<meta property=\"product:retailer_item_id\" content=\"6931474798923\" \/>\n<meta property=\"product:condition\" content=\"new\" \/>\n<!-- \/ Yoast SEO plugin. -->","yoast_head_json":{"title":"Hoco Y14 Nutikas k\u00e4ekell - CompanySun","robots":{"index":"index","follow":"follow","max-snippet":"max-snippet:-1","max-image-preview":"max-image-preview:large","max-video-preview":"max-video-preview:-1"},"canonical":"https:\/\/sunfixmobile.ee\/toode\/hoco-y14-nutikas-kaekell\/","og_locale":"ru_RU","og_type":"article","og_title":"Hoco Y14 Nutikas k\u00e4ekell - CompanySun","og_description":"Elegantne, veekindel naiste nutikell Hoco Y14 tuleb kasuks t\u00f6\u00f6l, kodus, reisil v\u00f5i treeningul. Sellel on v\u00e4rviline ekraan, mitme spordi re\u017eiimid, s\u00fcda\/k\u00fcllastus\/uni. See v\u00f5imaldab teil helistada, k\u00f5nesid hallata. vaadake kontakte, lugege s\u00f5numeid ja teatisi ning vastake neile. Nutikell Hoco on loodud aktiivsetele inimestele. Stiilne disain sobib igale randmele. Seadet on mugav kasutada t\u00e4nu v\u00e4rvilisele TFT-ekraanile diagonaaliga...","og_url":"https:\/\/sunfixmobile.ee\/toode\/hoco-y14-nutikas-kaekell\/","og_site_name":"CompanySun","article_publisher":"https:\/\/www.facebook.com\/sunfixtallinn","article_modified_time":"2025-07-03T10:04:44+00:00","og_image":[{"width":2000,"height":1335,"url":"https:\/\/sunfixmobile.ee\/wp-content\/uploads\/2022\/05\/1.jpg","type":"image\/jpeg"}],"twitter_card":"summary_large_image","twitter_misc":{"\u0426\u0435\u043d\u0430":"59,90&nbsp;&euro;","\u0414\u043e\u0441\u0442\u0443\u043f\u043d\u043e\u0441\u0442\u044c":"\u0412 \u043d\u0430\u043b\u0438\u0447\u0438\u0438"},"schema":{"@context":"https:\/\/schema.org","@graph":[{"@type":"WebPage","@id":"https:\/\/sunfixmobile.ee\/toode\/hoco-y14-nutikas-kaekell\/","url":"https:\/\/sunfixmobile.ee\/toode\/hoco-y14-nutikas-kaekell\/","name":"Hoco Y14 Nutikas k\u00e4ekell - CompanySun","isPartOf":{"@id":"https:\/\/sunfixmobile.ee\/#website"},"primaryImageOfPage":{"@id":"https:\/\/sunfixmobile.ee\/toode\/hoco-y14-nutikas-kaekell\/#primaryimage"},"image":{"@id":"https:\/\/sunfixmobile.ee\/toode\/hoco-y14-nutikas-kaekell\/#primaryimage"},"thumbnailUrl":"https:\/\/sunfixmobile.ee\/wp-content\/uploads\/2024\/01\/df939560ce7ba0a9a4f9023713b66490.webp","datePublished":"2024-01-22T15:54:46+00:00","dateModified":"2025-07-03T10:04:44+00:00","breadcrumb":{"@id":"https:\/\/sunfixmobile.ee\/toode\/hoco-y14-nutikas-kaekell\/#breadcrumb"},"inLanguage":"ru-RU","potentialAction":[{"@type":"ReadAction","target":["https:\/\/sunfixmobile.ee\/toode\/hoco-y14-nutikas-kaekell\/"]}]},{"@type":"ImageObject","inLanguage":"ru-RU","@id":"https:\/\/sunfixmobile.ee\/toode\/hoco-y14-nutikas-kaekell\/#primaryimage","url":"https:\/\/sunfixmobile.ee\/wp-content\/uploads\/2024\/01\/df939560ce7ba0a9a4f9023713b66490.webp","contentUrl":"https:\/\/sunfixmobile.ee\/wp-content\/uploads\/2024\/01\/df939560ce7ba0a9a4f9023713b66490.webp","width":1000,"height":1000,"caption":"df939560ce7ba0a9a4f9023713b66490."},{"@type":"BreadcrumbList","@id":"https:\/\/sunfixmobile.ee\/toode\/hoco-y14-nutikas-kaekell\/#breadcrumb","itemListElement":[{"@type":"ListItem","position":1,"name":"Home","item":"https:\/\/sunfixmobile.ee\/ru\/"},{"@type":"ListItem","position":2,"name":"\u0412\u0441\u0435 \u0442\u043e\u0432\u0430\u0440\u044b","item":"https:\/\/sunfixmobile.ee\/ru\/magazin\/"},{"@type":"ListItem","position":3,"name":"Hoco Y14 Nutikas k\u00e4ekell"}]},{"@type":"WebSite","@id":"https:\/\/sunfixmobile.ee\/#website","url":"https:\/\/sunfixmobile.ee\/","name":"CompanySun","description":"","publisher":{"@id":"https:\/\/sunfixmobile.ee\/#organization"},"potentialAction":[{"@type":"SearchAction","target":{"@type":"EntryPoint","urlTemplate":"https:\/\/sunfixmobile.ee\/?s={search_term_string}"},"query-input":{"@type":"PropertyValueSpecification","valueRequired":true,"valueName":"search_term_string"}}],"inLanguage":"ru-RU"},{"@type":"Organization","@id":"https:\/\/sunfixmobile.ee\/#organization","name":"CompanySun O\u00dc","url":"https:\/\/sunfixmobile.ee\/","logo":{"@type":"ImageObject","inLanguage":"ru-RU","@id":"https:\/\/sunfixmobile.ee\/#\/schema\/logo\/image\/","url":"https:\/\/sunfixmobile.ee\/wp-content\/uploads\/2022\/05\/logo.png","contentUrl":"https:\/\/sunfixmobile.ee\/wp-content\/uploads\/2022\/05\/logo.png","width":257,"height":85,"caption":"CompanySun O\u00dc"},"image":{"@id":"https:\/\/sunfixmobile.ee\/#\/schema\/logo\/image\/"},"sameAs":["https:\/\/www.facebook.com\/sunfixtallinn","https:\/\/www.instagram.com\/sunfix_eesti\/"]}]},"product_price_amount":"59.90","product_price_currency":"EUR","og_availability":"instock","product_availability":"instock","product_retailer_item_id":"6931474798923","product_condition":"new"},"_links":{"self":[{"href":"https:\/\/sunfixmobile.ee\/ru\/wp-json\/wp\/v2\/product\/7558","targetHints":{"allow":["GET"]}}],"collection":[{"href":"https:\/\/sunfixmobile.ee\/ru\/wp-json\/wp\/v2\/product"}],"about":[{"href":"https:\/\/sunfixmobile.ee\/ru\/wp-json\/wp\/v2\/types\/product"}],"wp:featuredmedia":[{"embeddable":true,"href":"https:\/\/sunfixmobile.ee\/ru\/wp-json\/wp\/v2\/media\/9500"}],"wp:attachment":[{"href":"https:\/\/sunfixmobile.ee\/ru\/wp-json\/wp\/v2\/media?parent=7558"}],"wp:term":[{"taxonomy":"product_brand","embeddable":true,"href":"https:\/\/sunfixmobile.ee\/ru\/wp-json\/wp\/v2\/product_brand?post=7558"},{"taxonomy":"product_cat","embeddable":true,"href":"https:\/\/sunfixmobile.ee\/ru\/wp-json\/wp\/v2\/product_cat?post=7558"},{"taxonomy":"product_tag","embeddable":true,"href":"https:\/\/sunfixmobile.ee\/ru\/wp-json\/wp\/v2\/product_tag?post=7558"}],"curies":[{"name":"wp","href":"https:\/\/api.w.org\/{rel}","templated":true}]}}