{"id":7549,"date":"2024-01-22T15:54:43","date_gmt":"2024-01-22T15:54:43","guid":{"rendered":"https:\/\/sunfixmobile.ee\/toode\/durgod-taurus-k320-mehaaniline-klaviatuur\/"},"modified":"2025-07-03T10:04:54","modified_gmt":"2025-07-03T10:04:54","slug":"durgod-taurus-k320-mehaaniline-klaviatuur","status":"publish","type":"product","link":"https:\/\/sunfixmobile.ee\/ru\/tovar\/durgod-taurus-k320-mehaaniline-klaviatuur\/","title":{"rendered":"Durgod Taurus K320 mehaaniline klaviatuur"},"content":{"rendered":"<p>87 klahvi, topeltl\u00f6\u00f6giga PBT-klahvistikud ; Ansi USA rahvusvaheline paigutus ; Cherry MX l\u00fclitid<br \/>Durgod K320-l on vastupidav reguleeritavate jalgadega \u00fcmbris, nii et saate klaviatuuri randme leevendamiseks nurga all \u00fcles toetada. (2 positsiooni)<br \/>Toetab DURGOD Zeus Engine&#8217;i tarkvara: (Uuendage oma klaviatuuri p\u00fcsivara liikvel olles ja seadistage keerukaid makrosid v\u00f5i siduge v\u00f5tmed uuesti, kui soovite)<br \/>Kaks erinevat kaablit: C-t\u00fc\u00fcpi C-t\u00fc\u00fcpi USB-kaabel-3,3FT (1M) ja C-t\u00fc\u00fcpi A-t\u00fc\u00fcpi USB-kaabel 5,9FT\/ (1,8M) ; Kaasas logokleebis ja klahvi t\u00f5mbaja.<br \/>\u00dchilduvus Maci ja Windowsiga: \u00fchildub operatsioonis\u00fcsteemidega Windows 10, Win 8, Win 7, Win Vista, Windows XP ja Mac OS (v\u00f5ib-olla tuleb m\u00f5ni v\u00f5ti tarkvara kaudu \u00fcmber kaardistada) ; Klaviatuur on kohandatud kasutamiseks igas keskkonnas, kodus ja kontoris.<\/p>\n","protected":false},"excerpt":{"rendered":"<p>87 klahvi, topeltl\u00f6\u00f6giga PBT-klahvistikud ; Ansi USA rahvusvaheline paigutus ; Cherry MX l\u00fclitidDurgod K320-l on vastupidav reguleeritavate jalgadega \u00fcmbris, nii et saate klaviatuuri randme leevendamiseks nurga all \u00fcles toetada. (2 positsiooni)Toetab DURGOD Zeus Engine&#8217;i tarkvara: (Uuendage oma klaviatuuri p\u00fcsivara liikvel olles ja seadistage keerukaid makrosid v\u00f5i siduge v\u00f5tmed uuesti, kui soovite)Kaks erinevat kaablit: C-t\u00fc\u00fcpi C-t\u00fc\u00fcpi&#8230;<\/p>\n","protected":false},"featured_media":10681,"template":"","meta":[],"product_brand":[],"product_cat":[1247],"product_tag":[],"class_list":{"0":"post-7549","1":"product","2":"type-product","3":"status-publish","4":"has-post-thumbnail","6":"product_cat-arvutitarvikud","8":"first","9":"instock","10":"taxable","11":"shipping-taxable","12":"purchasable","13":"product-type-simple"},"yoast_head":"<!-- This site is optimized with the Yoast SEO plugin v27.2 - https:\/\/yoast.com\/product\/yoast-seo-wordpress\/ -->\n<title>Durgod Taurus K320 mehaaniline klaviatuur - CompanySun<\/title>\n<meta name=\"robots\" content=\"index, follow, max-snippet:-1, max-image-preview:large, max-video-preview:-1\" \/>\n<link rel=\"canonical\" href=\"https:\/\/sunfixmobile.ee\/toode\/durgod-taurus-k320-mehaaniline-klaviatuur\/\" \/>\n<meta property=\"og:locale\" content=\"ru_RU\" \/>\n<meta property=\"og:type\" content=\"article\" \/>\n<meta property=\"og:title\" content=\"Durgod Taurus K320 mehaaniline klaviatuur - CompanySun\" \/>\n<meta property=\"og:description\" content=\"87 klahvi, topeltl\u00f6\u00f6giga PBT-klahvistikud ; Ansi USA rahvusvaheline paigutus ; Cherry MX l\u00fclitidDurgod K320-l on vastupidav reguleeritavate jalgadega \u00fcmbris, nii et saate klaviatuuri randme leevendamiseks nurga all \u00fcles toetada. (2 positsiooni)Toetab DURGOD Zeus Engine&#8217;i tarkvara: (Uuendage oma klaviatuuri p\u00fcsivara liikvel olles ja seadistage keerukaid makrosid v\u00f5i siduge v\u00f5tmed uuesti, kui soovite)Kaks erinevat kaablit: C-t\u00fc\u00fcpi C-t\u00fc\u00fcpi...\" \/>\n<meta property=\"og:url\" content=\"https:\/\/sunfixmobile.ee\/toode\/durgod-taurus-k320-mehaaniline-klaviatuur\/\" \/>\n<meta property=\"og:site_name\" content=\"CompanySun\" \/>\n<meta property=\"article:publisher\" content=\"https:\/\/www.facebook.com\/sunfixtallinn\" \/>\n<meta property=\"article:modified_time\" content=\"2025-07-03T10:04:54+00:00\" \/>\n<meta property=\"og:image\" content=\"https:\/\/sunfixmobile.ee\/wp-content\/uploads\/2024\/02\/71rmvtt1x6l.jpg\" \/>\n\t<meta property=\"og:image:width\" content=\"1000\" \/>\n\t<meta property=\"og:image:height\" content=\"666\" \/>\n\t<meta property=\"og:image:type\" content=\"image\/jpeg\" \/>\n<meta name=\"twitter:card\" content=\"summary_large_image\" \/>\n<meta name=\"twitter:label1\" content=\"\u0426\u0435\u043d\u0430\" \/>\n\t<meta name=\"twitter:data1\" content=\"89,00&nbsp;&euro;\" \/>\n\t<meta name=\"twitter:label2\" content=\"\u0414\u043e\u0441\u0442\u0443\u043f\u043d\u043e\u0441\u0442\u044c\" \/>\n\t<meta name=\"twitter:data2\" content=\"\u0412 \u043d\u0430\u043b\u0438\u0447\u0438\u0438\" \/>\n<script type=\"application\/ld+json\" class=\"yoast-schema-graph\">{\"@context\":\"https:\/\/schema.org\",\"@graph\":[{\"@type\":\"WebPage\",\"@id\":\"https:\/\/sunfixmobile.ee\/toode\/durgod-taurus-k320-mehaaniline-klaviatuur\/\",\"url\":\"https:\/\/sunfixmobile.ee\/toode\/durgod-taurus-k320-mehaaniline-klaviatuur\/\",\"name\":\"Durgod Taurus K320 mehaaniline klaviatuur - CompanySun\",\"isPartOf\":{\"@id\":\"https:\/\/sunfixmobile.ee\/#website\"},\"primaryImageOfPage\":{\"@id\":\"https:\/\/sunfixmobile.ee\/toode\/durgod-taurus-k320-mehaaniline-klaviatuur\/#primaryimage\"},\"image\":{\"@id\":\"https:\/\/sunfixmobile.ee\/toode\/durgod-taurus-k320-mehaaniline-klaviatuur\/#primaryimage\"},\"thumbnailUrl\":\"https:\/\/sunfixmobile.ee\/wp-content\/uploads\/2024\/02\/71rmvtt1x6l.jpg\",\"datePublished\":\"2024-01-22T15:54:43+00:00\",\"dateModified\":\"2025-07-03T10:04:54+00:00\",\"breadcrumb\":{\"@id\":\"https:\/\/sunfixmobile.ee\/toode\/durgod-taurus-k320-mehaaniline-klaviatuur\/#breadcrumb\"},\"inLanguage\":\"ru-RU\",\"potentialAction\":[{\"@type\":\"ReadAction\",\"target\":[\"https:\/\/sunfixmobile.ee\/toode\/durgod-taurus-k320-mehaaniline-klaviatuur\/\"]}]},{\"@type\":\"ImageObject\",\"inLanguage\":\"ru-RU\",\"@id\":\"https:\/\/sunfixmobile.ee\/toode\/durgod-taurus-k320-mehaaniline-klaviatuur\/#primaryimage\",\"url\":\"https:\/\/sunfixmobile.ee\/wp-content\/uploads\/2024\/02\/71rmvtt1x6l.jpg\",\"contentUrl\":\"https:\/\/sunfixmobile.ee\/wp-content\/uploads\/2024\/02\/71rmvtt1x6l.jpg\",\"width\":1000,\"height\":666,\"caption\":\"71rMVtT1X6L\"},{\"@type\":\"BreadcrumbList\",\"@id\":\"https:\/\/sunfixmobile.ee\/toode\/durgod-taurus-k320-mehaaniline-klaviatuur\/#breadcrumb\",\"itemListElement\":[{\"@type\":\"ListItem\",\"position\":1,\"name\":\"Home\",\"item\":\"https:\/\/sunfixmobile.ee\/ru\/\"},{\"@type\":\"ListItem\",\"position\":2,\"name\":\"\u0412\u0441\u0435 \u0442\u043e\u0432\u0430\u0440\u044b\",\"item\":\"https:\/\/sunfixmobile.ee\/ru\/magazin\/\"},{\"@type\":\"ListItem\",\"position\":3,\"name\":\"Durgod Taurus K320 mehaaniline klaviatuur\"}]},{\"@type\":\"WebSite\",\"@id\":\"https:\/\/sunfixmobile.ee\/#website\",\"url\":\"https:\/\/sunfixmobile.ee\/\",\"name\":\"CompanySun\",\"description\":\"\",\"publisher\":{\"@id\":\"https:\/\/sunfixmobile.ee\/#organization\"},\"potentialAction\":[{\"@type\":\"SearchAction\",\"target\":{\"@type\":\"EntryPoint\",\"urlTemplate\":\"https:\/\/sunfixmobile.ee\/?s={search_term_string}\"},\"query-input\":{\"@type\":\"PropertyValueSpecification\",\"valueRequired\":true,\"valueName\":\"search_term_string\"}}],\"inLanguage\":\"ru-RU\"},{\"@type\":\"Organization\",\"@id\":\"https:\/\/sunfixmobile.ee\/#organization\",\"name\":\"CompanySun O\u00dc\",\"url\":\"https:\/\/sunfixmobile.ee\/\",\"logo\":{\"@type\":\"ImageObject\",\"inLanguage\":\"ru-RU\",\"@id\":\"https:\/\/sunfixmobile.ee\/#\/schema\/logo\/image\/\",\"url\":\"https:\/\/sunfixmobile.ee\/wp-content\/uploads\/2022\/05\/logo.png\",\"contentUrl\":\"https:\/\/sunfixmobile.ee\/wp-content\/uploads\/2022\/05\/logo.png\",\"width\":257,\"height\":85,\"caption\":\"CompanySun O\u00dc\"},\"image\":{\"@id\":\"https:\/\/sunfixmobile.ee\/#\/schema\/logo\/image\/\"},\"sameAs\":[\"https:\/\/www.facebook.com\/sunfixtallinn\",\"https:\/\/www.instagram.com\/sunfix_eesti\/\"]}]}<\/script>\n<meta property=\"product:price:amount\" content=\"89.00\" \/>\n<meta property=\"product:price:currency\" content=\"EUR\" \/>\n<meta property=\"og:availability\" content=\"instock\" \/>\n<meta property=\"product:availability\" content=\"instock\" \/>\n<meta property=\"product:retailer_item_id\" content=\"LPNHE657853921\" \/>\n<meta property=\"product:condition\" content=\"new\" \/>\n<!-- \/ Yoast SEO plugin. -->","yoast_head_json":{"title":"Durgod Taurus K320 mehaaniline klaviatuur - CompanySun","robots":{"index":"index","follow":"follow","max-snippet":"max-snippet:-1","max-image-preview":"max-image-preview:large","max-video-preview":"max-video-preview:-1"},"canonical":"https:\/\/sunfixmobile.ee\/toode\/durgod-taurus-k320-mehaaniline-klaviatuur\/","og_locale":"ru_RU","og_type":"article","og_title":"Durgod Taurus K320 mehaaniline klaviatuur - CompanySun","og_description":"87 klahvi, topeltl\u00f6\u00f6giga PBT-klahvistikud ; Ansi USA rahvusvaheline paigutus ; Cherry MX l\u00fclitidDurgod K320-l on vastupidav reguleeritavate jalgadega \u00fcmbris, nii et saate klaviatuuri randme leevendamiseks nurga all \u00fcles toetada. (2 positsiooni)Toetab DURGOD Zeus Engine&#8217;i tarkvara: (Uuendage oma klaviatuuri p\u00fcsivara liikvel olles ja seadistage keerukaid makrosid v\u00f5i siduge v\u00f5tmed uuesti, kui soovite)Kaks erinevat kaablit: C-t\u00fc\u00fcpi C-t\u00fc\u00fcpi...","og_url":"https:\/\/sunfixmobile.ee\/toode\/durgod-taurus-k320-mehaaniline-klaviatuur\/","og_site_name":"CompanySun","article_publisher":"https:\/\/www.facebook.com\/sunfixtallinn","article_modified_time":"2025-07-03T10:04:54+00:00","og_image":[{"width":1000,"height":666,"url":"https:\/\/sunfixmobile.ee\/wp-content\/uploads\/2024\/02\/71rmvtt1x6l.jpg","type":"image\/jpeg"}],"twitter_card":"summary_large_image","twitter_misc":{"\u0426\u0435\u043d\u0430":"89,00&nbsp;&euro;","\u0414\u043e\u0441\u0442\u0443\u043f\u043d\u043e\u0441\u0442\u044c":"\u0412 \u043d\u0430\u043b\u0438\u0447\u0438\u0438"},"schema":{"@context":"https:\/\/schema.org","@graph":[{"@type":"WebPage","@id":"https:\/\/sunfixmobile.ee\/toode\/durgod-taurus-k320-mehaaniline-klaviatuur\/","url":"https:\/\/sunfixmobile.ee\/toode\/durgod-taurus-k320-mehaaniline-klaviatuur\/","name":"Durgod Taurus K320 mehaaniline klaviatuur - CompanySun","isPartOf":{"@id":"https:\/\/sunfixmobile.ee\/#website"},"primaryImageOfPage":{"@id":"https:\/\/sunfixmobile.ee\/toode\/durgod-taurus-k320-mehaaniline-klaviatuur\/#primaryimage"},"image":{"@id":"https:\/\/sunfixmobile.ee\/toode\/durgod-taurus-k320-mehaaniline-klaviatuur\/#primaryimage"},"thumbnailUrl":"https:\/\/sunfixmobile.ee\/wp-content\/uploads\/2024\/02\/71rmvtt1x6l.jpg","datePublished":"2024-01-22T15:54:43+00:00","dateModified":"2025-07-03T10:04:54+00:00","breadcrumb":{"@id":"https:\/\/sunfixmobile.ee\/toode\/durgod-taurus-k320-mehaaniline-klaviatuur\/#breadcrumb"},"inLanguage":"ru-RU","potentialAction":[{"@type":"ReadAction","target":["https:\/\/sunfixmobile.ee\/toode\/durgod-taurus-k320-mehaaniline-klaviatuur\/"]}]},{"@type":"ImageObject","inLanguage":"ru-RU","@id":"https:\/\/sunfixmobile.ee\/toode\/durgod-taurus-k320-mehaaniline-klaviatuur\/#primaryimage","url":"https:\/\/sunfixmobile.ee\/wp-content\/uploads\/2024\/02\/71rmvtt1x6l.jpg","contentUrl":"https:\/\/sunfixmobile.ee\/wp-content\/uploads\/2024\/02\/71rmvtt1x6l.jpg","width":1000,"height":666,"caption":"71rMVtT1X6L"},{"@type":"BreadcrumbList","@id":"https:\/\/sunfixmobile.ee\/toode\/durgod-taurus-k320-mehaaniline-klaviatuur\/#breadcrumb","itemListElement":[{"@type":"ListItem","position":1,"name":"Home","item":"https:\/\/sunfixmobile.ee\/ru\/"},{"@type":"ListItem","position":2,"name":"\u0412\u0441\u0435 \u0442\u043e\u0432\u0430\u0440\u044b","item":"https:\/\/sunfixmobile.ee\/ru\/magazin\/"},{"@type":"ListItem","position":3,"name":"Durgod Taurus K320 mehaaniline klaviatuur"}]},{"@type":"WebSite","@id":"https:\/\/sunfixmobile.ee\/#website","url":"https:\/\/sunfixmobile.ee\/","name":"CompanySun","description":"","publisher":{"@id":"https:\/\/sunfixmobile.ee\/#organization"},"potentialAction":[{"@type":"SearchAction","target":{"@type":"EntryPoint","urlTemplate":"https:\/\/sunfixmobile.ee\/?s={search_term_string}"},"query-input":{"@type":"PropertyValueSpecification","valueRequired":true,"valueName":"search_term_string"}}],"inLanguage":"ru-RU"},{"@type":"Organization","@id":"https:\/\/sunfixmobile.ee\/#organization","name":"CompanySun O\u00dc","url":"https:\/\/sunfixmobile.ee\/","logo":{"@type":"ImageObject","inLanguage":"ru-RU","@id":"https:\/\/sunfixmobile.ee\/#\/schema\/logo\/image\/","url":"https:\/\/sunfixmobile.ee\/wp-content\/uploads\/2022\/05\/logo.png","contentUrl":"https:\/\/sunfixmobile.ee\/wp-content\/uploads\/2022\/05\/logo.png","width":257,"height":85,"caption":"CompanySun O\u00dc"},"image":{"@id":"https:\/\/sunfixmobile.ee\/#\/schema\/logo\/image\/"},"sameAs":["https:\/\/www.facebook.com\/sunfixtallinn","https:\/\/www.instagram.com\/sunfix_eesti\/"]}]},"product_price_amount":"89.00","product_price_currency":"EUR","og_availability":"instock","product_availability":"instock","product_retailer_item_id":"LPNHE657853921","product_condition":"new"},"_links":{"self":[{"href":"https:\/\/sunfixmobile.ee\/ru\/wp-json\/wp\/v2\/product\/7549","targetHints":{"allow":["GET"]}}],"collection":[{"href":"https:\/\/sunfixmobile.ee\/ru\/wp-json\/wp\/v2\/product"}],"about":[{"href":"https:\/\/sunfixmobile.ee\/ru\/wp-json\/wp\/v2\/types\/product"}],"wp:featuredmedia":[{"embeddable":true,"href":"https:\/\/sunfixmobile.ee\/ru\/wp-json\/wp\/v2\/media\/10681"}],"wp:attachment":[{"href":"https:\/\/sunfixmobile.ee\/ru\/wp-json\/wp\/v2\/media?parent=7549"}],"wp:term":[{"taxonomy":"product_brand","embeddable":true,"href":"https:\/\/sunfixmobile.ee\/ru\/wp-json\/wp\/v2\/product_brand?post=7549"},{"taxonomy":"product_cat","embeddable":true,"href":"https:\/\/sunfixmobile.ee\/ru\/wp-json\/wp\/v2\/product_cat?post=7549"},{"taxonomy":"product_tag","embeddable":true,"href":"https:\/\/sunfixmobile.ee\/ru\/wp-json\/wp\/v2\/product_tag?post=7549"}],"curies":[{"name":"wp","href":"https:\/\/api.w.org\/{rel}","templated":true}]}}