{"id":17772,"date":"2026-01-19T11:19:38","date_gmt":"2026-01-19T11:19:38","guid":{"rendered":"https:\/\/sunfixmobile.ee\/toode\/veger-l20s-powerbank-20-000-mah-pd-qc3-0-must\/"},"modified":"2026-02-07T00:00:17","modified_gmt":"2026-02-07T00:00:17","slug":"veger-l20s-powerbank-20-000-mah-pd-qc3-0-must","status":"publish","type":"product","link":"https:\/\/sunfixmobile.ee\/ru\/tovar\/veger-l20s-powerbank-20-000-mah-pd-qc3-0-must\/","title":{"rendered":"Veger L20S powerbank 20 000 mAh, PD\/QC3.0, must"},"content":{"rendered":"<p><strong>Veger L20S (VP2039PD \/ W2039PD) powerbank, 20 000 mAh, PD &amp; QC3.0, must<\/strong><\/p>\n<p><strong>Veger L20S<\/strong> powerbank mahutavusega 20 000 mAh tagab kiirlaadimise igal ajal ja igas kohas.<\/p>\n<hr>\n<h3>Peamised omadused:<\/h3>\n<p><strong>Mugav laadimine:<\/strong><br \/>Liitium-pol\u00fcmeer aku tagab aeglase t\u00fchjenemise. 20 000 mAh mahutavus v\u00f5imaldab mitu korda telefoni energiat t\u00e4iendada, muutes seadme eriti kasulikuks reisil, kus puudub pidev juurdep\u00e4\u00e4s pistikutele.<\/p>\n<p><strong>Mitme seadme samaaegne laadimine:<\/strong><br \/>Neli porti \u2013 micro USB, USB-C ja kaks USB-A \u2013 toetavad <strong>Power Delivery (20 W)<\/strong> ja <strong>Quick Charge 3.0<\/strong> tehnoloogiaid. Saate laadida korraga kahte seadet, n\u00e4iteks nutitelefoni, tahvelarvutit, k\u00e4sikonsooli v\u00f5i TWS-k\u00f5rvaklappe. USB-C port v\u00f5imaldab mugavalt \u00fchendada ka uusimaid seadmeid.<\/p>\n<p><strong>Kaasaskantav ja praktiline:<\/strong><br \/>Minimalistlik, \u00f5huke disain ja v\u00e4ike kaal teevad powerbanki sobivaks reisile kaasa v\u00f5tmiseks. LED-ekraan n\u00e4itab laadimise taset.<\/p>\n<hr>\n<h3>Tehnilised andmed:<\/h3>\n<p><strong>Aku mahutavus:<\/strong> 20 000 mAh<\/p>\n<p><strong>Aku pinge:<\/strong> 3,7 V<\/p>\n<p><strong>Maksimaalne v\u00e4ljund:<\/strong> 5V\/2A<\/p>\n<p><strong>V\u00f5imsus:<\/strong> 20 W<\/p>\n<p><strong>Materjal:<\/strong> Plastik<\/p>\n<p><strong>Pordid:<\/strong> 2\u00d7 USB-A, USB-C, micro USB<\/p>\n<p><strong>Kaal (toode):<\/strong> 412 g<\/p>\n<p><strong>Kaal (pakend):<\/strong> 480 g<\/p>\n<p><strong>Toote m\u00f5\u00f5tmed:<\/strong> 149,2 \u00d7 69,1 \u00d7 27,6 mm<\/p>\n<p><strong>Pakendi m\u00f5\u00f5tmed:<\/strong> 18,8 \u00d7 10,8 \u00d7 3,5 cm<\/p>\n<p><strong>Kaabel:<\/strong> USB-A \u2013 USB-C<\/p>\n<p><strong>Kiirlaadimise tugi:<\/strong> Power Delivery (20 W), Quick Charge 3.0<\/p>\n","protected":false},"excerpt":{"rendered":"<p>Veger L20S (VP2039PD \/ W2039PD) powerbank, 20 000 mAh, PD &amp; QC3.0, must Veger L20S powerbank mahutavusega 20 000 mAh tagab kiirlaadimise igal ajal ja igas kohas. Peamised omadused: Mugav laadimine:Liitium-pol\u00fcmeer aku tagab aeglase t\u00fchjenemise. 20 000 mAh mahutavus v\u00f5imaldab mitu korda telefoni energiat t\u00e4iendada, muutes seadme eriti kasulikuks reisil, kus puudub pidev juurdep\u00e4\u00e4s pistikutele&#8230;.<\/p>\n","protected":false},"featured_media":17770,"template":"","meta":[],"product_brand":[],"product_cat":[1242],"product_tag":[],"class_list":{"0":"post-17772","1":"product","2":"type-product","3":"status-publish","4":"has-post-thumbnail","6":"product_cat-akupangad","8":"first","9":"instock","10":"taxable","11":"shipping-taxable","12":"purchasable","13":"product-type-simple"},"yoast_head":"<!-- This site is optimized with the Yoast SEO plugin v27.2 - https:\/\/yoast.com\/product\/yoast-seo-wordpress\/ -->\n<title>Veger L20S powerbank 20 000 mAh, PD\/QC3.0, must - CompanySun<\/title>\n<meta name=\"robots\" content=\"index, follow, max-snippet:-1, max-image-preview:large, max-video-preview:-1\" \/>\n<link rel=\"canonical\" href=\"https:\/\/sunfixmobile.ee\/toode\/veger-l20s-powerbank-20-000-mah-pd-qc3-0-must\/\" \/>\n<meta property=\"og:locale\" content=\"ru_RU\" \/>\n<meta property=\"og:type\" content=\"article\" \/>\n<meta property=\"og:title\" content=\"Veger L20S powerbank 20 000 mAh, PD\/QC3.0, must - CompanySun\" \/>\n<meta property=\"og:description\" content=\"Veger L20S (VP2039PD \/ W2039PD) powerbank, 20 000 mAh, PD &amp; QC3.0, must Veger L20S powerbank mahutavusega 20 000 mAh tagab kiirlaadimise igal ajal ja igas kohas. Peamised omadused: Mugav laadimine:Liitium-pol\u00fcmeer aku tagab aeglase t\u00fchjenemise. 20 000 mAh mahutavus v\u00f5imaldab mitu korda telefoni energiat t\u00e4iendada, muutes seadme eriti kasulikuks reisil, kus puudub pidev juurdep\u00e4\u00e4s pistikutele....\" \/>\n<meta property=\"og:url\" content=\"https:\/\/sunfixmobile.ee\/toode\/veger-l20s-powerbank-20-000-mah-pd-qc3-0-must\/\" \/>\n<meta property=\"og:site_name\" content=\"CompanySun\" \/>\n<meta property=\"article:publisher\" content=\"https:\/\/www.facebook.com\/sunfixtallinn\" \/>\n<meta property=\"article:modified_time\" content=\"2026-02-07T00:00:17+00:00\" \/>\n<meta property=\"og:image\" content=\"https:\/\/sunfixmobile.ee\/wp-content\/uploads\/2022\/05\/1.jpg\" \/>\n\t<meta property=\"og:image:width\" content=\"2000\" \/>\n\t<meta property=\"og:image:height\" content=\"1335\" \/>\n\t<meta property=\"og:image:type\" content=\"image\/jpeg\" \/>\n<meta name=\"twitter:card\" content=\"summary_large_image\" \/>\n<meta name=\"twitter:label1\" content=\"\u0426\u0435\u043d\u0430\" \/>\n\t<meta name=\"twitter:data1\" content=\"39,90&nbsp;&euro;\" \/>\n\t<meta name=\"twitter:label2\" content=\"\u0414\u043e\u0441\u0442\u0443\u043f\u043d\u043e\u0441\u0442\u044c\" \/>\n\t<meta name=\"twitter:data2\" content=\"\u0412 \u043d\u0430\u043b\u0438\u0447\u0438\u0438\" \/>\n<script type=\"application\/ld+json\" class=\"yoast-schema-graph\">{\"@context\":\"https:\/\/schema.org\",\"@graph\":[{\"@type\":\"WebPage\",\"@id\":\"https:\/\/sunfixmobile.ee\/toode\/veger-l20s-powerbank-20-000-mah-pd-qc3-0-must\/\",\"url\":\"https:\/\/sunfixmobile.ee\/toode\/veger-l20s-powerbank-20-000-mah-pd-qc3-0-must\/\",\"name\":\"Veger L20S powerbank 20 000 mAh, PD\/QC3.0, must - CompanySun\",\"isPartOf\":{\"@id\":\"https:\/\/sunfixmobile.ee\/#website\"},\"primaryImageOfPage\":{\"@id\":\"https:\/\/sunfixmobile.ee\/toode\/veger-l20s-powerbank-20-000-mah-pd-qc3-0-must\/#primaryimage\"},\"image\":{\"@id\":\"https:\/\/sunfixmobile.ee\/toode\/veger-l20s-powerbank-20-000-mah-pd-qc3-0-must\/#primaryimage\"},\"thumbnailUrl\":\"https:\/\/sunfixmobile.ee\/wp-content\/uploads\/2026\/01\/4830b50a516167400975389df4b5eb63.webp\",\"datePublished\":\"2026-01-19T11:19:38+00:00\",\"dateModified\":\"2026-02-07T00:00:17+00:00\",\"breadcrumb\":{\"@id\":\"https:\/\/sunfixmobile.ee\/toode\/veger-l20s-powerbank-20-000-mah-pd-qc3-0-must\/#breadcrumb\"},\"inLanguage\":\"ru-RU\",\"potentialAction\":[{\"@type\":\"ReadAction\",\"target\":[\"https:\/\/sunfixmobile.ee\/toode\/veger-l20s-powerbank-20-000-mah-pd-qc3-0-must\/\"]}]},{\"@type\":\"ImageObject\",\"inLanguage\":\"ru-RU\",\"@id\":\"https:\/\/sunfixmobile.ee\/toode\/veger-l20s-powerbank-20-000-mah-pd-qc3-0-must\/#primaryimage\",\"url\":\"https:\/\/sunfixmobile.ee\/wp-content\/uploads\/2026\/01\/4830b50a516167400975389df4b5eb63.webp\",\"contentUrl\":\"https:\/\/sunfixmobile.ee\/wp-content\/uploads\/2026\/01\/4830b50a516167400975389df4b5eb63.webp\",\"width\":1000,\"height\":1000,\"caption\":\"4830b50a516167400975389df4b5eb63.\"},{\"@type\":\"BreadcrumbList\",\"@id\":\"https:\/\/sunfixmobile.ee\/toode\/veger-l20s-powerbank-20-000-mah-pd-qc3-0-must\/#breadcrumb\",\"itemListElement\":[{\"@type\":\"ListItem\",\"position\":1,\"name\":\"Home\",\"item\":\"https:\/\/sunfixmobile.ee\/ru\/\"},{\"@type\":\"ListItem\",\"position\":2,\"name\":\"\u0412\u0441\u0435 \u0442\u043e\u0432\u0430\u0440\u044b\",\"item\":\"https:\/\/sunfixmobile.ee\/ru\/magazin\/\"},{\"@type\":\"ListItem\",\"position\":3,\"name\":\"Veger L20S powerbank 20 000 mAh, PD\/QC3.0, must\"}]},{\"@type\":\"WebSite\",\"@id\":\"https:\/\/sunfixmobile.ee\/#website\",\"url\":\"https:\/\/sunfixmobile.ee\/\",\"name\":\"CompanySun\",\"description\":\"\",\"publisher\":{\"@id\":\"https:\/\/sunfixmobile.ee\/#organization\"},\"potentialAction\":[{\"@type\":\"SearchAction\",\"target\":{\"@type\":\"EntryPoint\",\"urlTemplate\":\"https:\/\/sunfixmobile.ee\/?s={search_term_string}\"},\"query-input\":{\"@type\":\"PropertyValueSpecification\",\"valueRequired\":true,\"valueName\":\"search_term_string\"}}],\"inLanguage\":\"ru-RU\"},{\"@type\":\"Organization\",\"@id\":\"https:\/\/sunfixmobile.ee\/#organization\",\"name\":\"CompanySun O\u00dc\",\"url\":\"https:\/\/sunfixmobile.ee\/\",\"logo\":{\"@type\":\"ImageObject\",\"inLanguage\":\"ru-RU\",\"@id\":\"https:\/\/sunfixmobile.ee\/#\/schema\/logo\/image\/\",\"url\":\"https:\/\/sunfixmobile.ee\/wp-content\/uploads\/2022\/05\/logo.png\",\"contentUrl\":\"https:\/\/sunfixmobile.ee\/wp-content\/uploads\/2022\/05\/logo.png\",\"width\":257,\"height\":85,\"caption\":\"CompanySun O\u00dc\"},\"image\":{\"@id\":\"https:\/\/sunfixmobile.ee\/#\/schema\/logo\/image\/\"},\"sameAs\":[\"https:\/\/www.facebook.com\/sunfixtallinn\",\"https:\/\/www.instagram.com\/sunfix_eesti\/\"]}]}<\/script>\n<meta property=\"product:price:amount\" content=\"39.90\" \/>\n<meta property=\"product:price:currency\" content=\"EUR\" \/>\n<meta property=\"og:availability\" content=\"instock\" \/>\n<meta property=\"product:availability\" content=\"instock\" \/>\n<meta property=\"product:retailer_item_id\" content=\"6970453555362\" \/>\n<meta property=\"product:condition\" content=\"new\" \/>\n<!-- \/ Yoast SEO plugin. -->","yoast_head_json":{"title":"Veger L20S powerbank 20 000 mAh, PD\/QC3.0, must - CompanySun","robots":{"index":"index","follow":"follow","max-snippet":"max-snippet:-1","max-image-preview":"max-image-preview:large","max-video-preview":"max-video-preview:-1"},"canonical":"https:\/\/sunfixmobile.ee\/toode\/veger-l20s-powerbank-20-000-mah-pd-qc3-0-must\/","og_locale":"ru_RU","og_type":"article","og_title":"Veger L20S powerbank 20 000 mAh, PD\/QC3.0, must - CompanySun","og_description":"Veger L20S (VP2039PD \/ W2039PD) powerbank, 20 000 mAh, PD &amp; QC3.0, must Veger L20S powerbank mahutavusega 20 000 mAh tagab kiirlaadimise igal ajal ja igas kohas. Peamised omadused: Mugav laadimine:Liitium-pol\u00fcmeer aku tagab aeglase t\u00fchjenemise. 20 000 mAh mahutavus v\u00f5imaldab mitu korda telefoni energiat t\u00e4iendada, muutes seadme eriti kasulikuks reisil, kus puudub pidev juurdep\u00e4\u00e4s pistikutele....","og_url":"https:\/\/sunfixmobile.ee\/toode\/veger-l20s-powerbank-20-000-mah-pd-qc3-0-must\/","og_site_name":"CompanySun","article_publisher":"https:\/\/www.facebook.com\/sunfixtallinn","article_modified_time":"2026-02-07T00:00:17+00:00","og_image":[{"width":2000,"height":1335,"url":"https:\/\/sunfixmobile.ee\/wp-content\/uploads\/2022\/05\/1.jpg","type":"image\/jpeg"}],"twitter_card":"summary_large_image","twitter_misc":{"\u0426\u0435\u043d\u0430":"39,90&nbsp;&euro;","\u0414\u043e\u0441\u0442\u0443\u043f\u043d\u043e\u0441\u0442\u044c":"\u0412 \u043d\u0430\u043b\u0438\u0447\u0438\u0438"},"schema":{"@context":"https:\/\/schema.org","@graph":[{"@type":"WebPage","@id":"https:\/\/sunfixmobile.ee\/toode\/veger-l20s-powerbank-20-000-mah-pd-qc3-0-must\/","url":"https:\/\/sunfixmobile.ee\/toode\/veger-l20s-powerbank-20-000-mah-pd-qc3-0-must\/","name":"Veger L20S powerbank 20 000 mAh, PD\/QC3.0, must - CompanySun","isPartOf":{"@id":"https:\/\/sunfixmobile.ee\/#website"},"primaryImageOfPage":{"@id":"https:\/\/sunfixmobile.ee\/toode\/veger-l20s-powerbank-20-000-mah-pd-qc3-0-must\/#primaryimage"},"image":{"@id":"https:\/\/sunfixmobile.ee\/toode\/veger-l20s-powerbank-20-000-mah-pd-qc3-0-must\/#primaryimage"},"thumbnailUrl":"https:\/\/sunfixmobile.ee\/wp-content\/uploads\/2026\/01\/4830b50a516167400975389df4b5eb63.webp","datePublished":"2026-01-19T11:19:38+00:00","dateModified":"2026-02-07T00:00:17+00:00","breadcrumb":{"@id":"https:\/\/sunfixmobile.ee\/toode\/veger-l20s-powerbank-20-000-mah-pd-qc3-0-must\/#breadcrumb"},"inLanguage":"ru-RU","potentialAction":[{"@type":"ReadAction","target":["https:\/\/sunfixmobile.ee\/toode\/veger-l20s-powerbank-20-000-mah-pd-qc3-0-must\/"]}]},{"@type":"ImageObject","inLanguage":"ru-RU","@id":"https:\/\/sunfixmobile.ee\/toode\/veger-l20s-powerbank-20-000-mah-pd-qc3-0-must\/#primaryimage","url":"https:\/\/sunfixmobile.ee\/wp-content\/uploads\/2026\/01\/4830b50a516167400975389df4b5eb63.webp","contentUrl":"https:\/\/sunfixmobile.ee\/wp-content\/uploads\/2026\/01\/4830b50a516167400975389df4b5eb63.webp","width":1000,"height":1000,"caption":"4830b50a516167400975389df4b5eb63."},{"@type":"BreadcrumbList","@id":"https:\/\/sunfixmobile.ee\/toode\/veger-l20s-powerbank-20-000-mah-pd-qc3-0-must\/#breadcrumb","itemListElement":[{"@type":"ListItem","position":1,"name":"Home","item":"https:\/\/sunfixmobile.ee\/ru\/"},{"@type":"ListItem","position":2,"name":"\u0412\u0441\u0435 \u0442\u043e\u0432\u0430\u0440\u044b","item":"https:\/\/sunfixmobile.ee\/ru\/magazin\/"},{"@type":"ListItem","position":3,"name":"Veger L20S powerbank 20 000 mAh, PD\/QC3.0, must"}]},{"@type":"WebSite","@id":"https:\/\/sunfixmobile.ee\/#website","url":"https:\/\/sunfixmobile.ee\/","name":"CompanySun","description":"","publisher":{"@id":"https:\/\/sunfixmobile.ee\/#organization"},"potentialAction":[{"@type":"SearchAction","target":{"@type":"EntryPoint","urlTemplate":"https:\/\/sunfixmobile.ee\/?s={search_term_string}"},"query-input":{"@type":"PropertyValueSpecification","valueRequired":true,"valueName":"search_term_string"}}],"inLanguage":"ru-RU"},{"@type":"Organization","@id":"https:\/\/sunfixmobile.ee\/#organization","name":"CompanySun O\u00dc","url":"https:\/\/sunfixmobile.ee\/","logo":{"@type":"ImageObject","inLanguage":"ru-RU","@id":"https:\/\/sunfixmobile.ee\/#\/schema\/logo\/image\/","url":"https:\/\/sunfixmobile.ee\/wp-content\/uploads\/2022\/05\/logo.png","contentUrl":"https:\/\/sunfixmobile.ee\/wp-content\/uploads\/2022\/05\/logo.png","width":257,"height":85,"caption":"CompanySun O\u00dc"},"image":{"@id":"https:\/\/sunfixmobile.ee\/#\/schema\/logo\/image\/"},"sameAs":["https:\/\/www.facebook.com\/sunfixtallinn","https:\/\/www.instagram.com\/sunfix_eesti\/"]}]},"product_price_amount":"39.90","product_price_currency":"EUR","og_availability":"instock","product_availability":"instock","product_retailer_item_id":"6970453555362","product_condition":"new"},"_links":{"self":[{"href":"https:\/\/sunfixmobile.ee\/ru\/wp-json\/wp\/v2\/product\/17772","targetHints":{"allow":["GET"]}}],"collection":[{"href":"https:\/\/sunfixmobile.ee\/ru\/wp-json\/wp\/v2\/product"}],"about":[{"href":"https:\/\/sunfixmobile.ee\/ru\/wp-json\/wp\/v2\/types\/product"}],"wp:featuredmedia":[{"embeddable":true,"href":"https:\/\/sunfixmobile.ee\/ru\/wp-json\/wp\/v2\/media\/17770"}],"wp:attachment":[{"href":"https:\/\/sunfixmobile.ee\/ru\/wp-json\/wp\/v2\/media?parent=17772"}],"wp:term":[{"taxonomy":"product_brand","embeddable":true,"href":"https:\/\/sunfixmobile.ee\/ru\/wp-json\/wp\/v2\/product_brand?post=17772"},{"taxonomy":"product_cat","embeddable":true,"href":"https:\/\/sunfixmobile.ee\/ru\/wp-json\/wp\/v2\/product_cat?post=17772"},{"taxonomy":"product_tag","embeddable":true,"href":"https:\/\/sunfixmobile.ee\/ru\/wp-json\/wp\/v2\/product_tag?post=17772"}],"curies":[{"name":"wp","href":"https:\/\/api.w.org\/{rel}","templated":true}]}}