{"id":17766,"date":"2026-01-19T11:19:37","date_gmt":"2026-01-19T11:19:37","guid":{"rendered":"https:\/\/sunfixmobile.ee\/toode\/hoco-gm111-3-uhes-tahvelarvuti-puutepliiats-passiivne-valge\/"},"modified":"2026-03-25T00:00:19","modified_gmt":"2026-03-25T00:00:19","slug":"hoco-gm111-3-uhes-tahvelarvuti-puutepliiats-passiivne-valge","status":"publish","type":"product","link":"https:\/\/sunfixmobile.ee\/ru\/tovar\/hoco-gm111-3-uhes-tahvelarvuti-puutepliiats-passiivne-valge\/","title":{"rendered":"Hoco GM111 3-\u00fches tahvelarvuti puutepliiats, passiivne, valge"},"content":{"rendered":"<p><strong>Hoco GM111 3-\u00fches passiivne tahvelarvuti puutepliiats, valge<\/strong><\/p>\n<p><strong>Hoco GM111<\/strong> 3-\u00fches passiivne stylus on mitmek\u00fclgne t\u00f6\u00f6riist, mis \u00fchendab puutetundliku pliiatsi ja tavalise pastapliiatsi funktsioonid. T\u00e4nu vahetatavatele otsikutele saab seda kasutada nii elektrooniliste seadmete ekraanidel kui ka paberil kirjutamiseks.<\/p>\n<p><strong>Kvaliteetne materjal ja disain:<\/strong> kest on valmistatud vastupidavast alumiiniumisulamist ja l\u00e4binud v\u00e4rvimise ning oks\u00fcdeerimise protsessi, tagades elegantse v\u00e4limuse ja kahjustuskindluse.<\/p>\n<p><strong>Kolm vahetatavat otsikut:<\/strong><\/p>\n<p>Klassikaline pastapliiatsi otsik<\/p>\n<p>Silikoonketas (ekraanidele)<\/p>\n<p>H\u00f5bedane nano-mesh otsik<br \/>K\u00f5ik otsikud \u00fchilduvad 95% turul olevatest kapatsiitsetest ekraanidest.<\/p>\n<p><strong>T\u00e4psus ja loomulik libisemine:<\/strong> silikoonketas tagab t\u00e4pse kirjutamise ja joonistamise ekraanil, nano-mesh otsik tagab sujuva libisemise ja loomuliku tunde.<\/p>\n<p><strong>Mugav vahetada:<\/strong> otsikuid saab vastavalt vajadusele lihtsalt vahetada, muutes styluse ideaalseks nii igap\u00e4evaseks kasutamiseks kui ka loovt\u00f6\u00f6deks.<\/p>\n<hr>\n<h3>Tehnilised andmed:<\/h3>\n<p><strong>Materjal:<\/strong> alumiiniumisulam + silikoonketas + h\u00f5bedane nano-mesh otsik<\/p>\n<p><strong>Protsess:<\/strong> v\u00e4rvimine + oks\u00fcdeerimine<\/p>\n<p><strong>Otsiku t\u00fc\u00fcbid:<\/strong> silikoonketas (ekraanidele), pastapliiats (standard), h\u00f5bedane nano-mesh otsik<\/p>\n<p><strong>\u00dchilduvus:<\/strong> 95% kapatsiitsetest ekraanidest<\/p>\n<p><strong>Vahetatavad otsikud:<\/strong> k\u00f5ik kolm otsikut on vahetatavad<\/p>\n","protected":false},"excerpt":{"rendered":"<p>Hoco GM111 3-\u00fches passiivne tahvelarvuti puutepliiats, valge Hoco GM111 3-\u00fches passiivne stylus on mitmek\u00fclgne t\u00f6\u00f6riist, mis \u00fchendab puutetundliku pliiatsi ja tavalise pastapliiatsi funktsioonid. T\u00e4nu vahetatavatele otsikutele saab seda kasutada nii elektrooniliste seadmete ekraanidel kui ka paberil kirjutamiseks. Kvaliteetne materjal ja disain: kest on valmistatud vastupidavast alumiiniumisulamist ja l\u00e4binud v\u00e4rvimise ning oks\u00fcdeerimise protsessi, tagades elegantse v\u00e4limuse&#8230;<\/p>\n","protected":false},"featured_media":17764,"template":"","meta":[],"product_brand":[],"product_cat":[1243],"product_tag":[],"class_list":{"0":"post-17766","1":"product","2":"type-product","3":"status-publish","4":"has-post-thumbnail","6":"product_cat-muu-elektroonika","8":"first","9":"instock","10":"taxable","11":"shipping-taxable","12":"purchasable","13":"product-type-simple"},"yoast_head":"<!-- This site is optimized with the Yoast SEO plugin v27.2 - https:\/\/yoast.com\/product\/yoast-seo-wordpress\/ -->\n<title>Hoco GM111 3-\u00fches tahvelarvuti puutepliiats, passiivne, valge - CompanySun<\/title>\n<meta name=\"robots\" content=\"index, follow, max-snippet:-1, max-image-preview:large, max-video-preview:-1\" \/>\n<link rel=\"canonical\" href=\"https:\/\/sunfixmobile.ee\/toode\/hoco-gm111-3-uhes-tahvelarvuti-puutepliiats-passiivne-valge\/\" \/>\n<meta property=\"og:locale\" content=\"ru_RU\" \/>\n<meta property=\"og:type\" content=\"article\" \/>\n<meta property=\"og:title\" content=\"Hoco GM111 3-\u00fches tahvelarvuti puutepliiats, passiivne, valge - CompanySun\" \/>\n<meta property=\"og:description\" content=\"Hoco GM111 3-\u00fches passiivne tahvelarvuti puutepliiats, valge Hoco GM111 3-\u00fches passiivne stylus on mitmek\u00fclgne t\u00f6\u00f6riist, mis \u00fchendab puutetundliku pliiatsi ja tavalise pastapliiatsi funktsioonid. T\u00e4nu vahetatavatele otsikutele saab seda kasutada nii elektrooniliste seadmete ekraanidel kui ka paberil kirjutamiseks. Kvaliteetne materjal ja disain: kest on valmistatud vastupidavast alumiiniumisulamist ja l\u00e4binud v\u00e4rvimise ning oks\u00fcdeerimise protsessi, tagades elegantse v\u00e4limuse...\" \/>\n<meta property=\"og:url\" content=\"https:\/\/sunfixmobile.ee\/toode\/hoco-gm111-3-uhes-tahvelarvuti-puutepliiats-passiivne-valge\/\" \/>\n<meta property=\"og:site_name\" content=\"CompanySun\" \/>\n<meta property=\"article:publisher\" content=\"https:\/\/www.facebook.com\/sunfixtallinn\" \/>\n<meta property=\"article:modified_time\" content=\"2026-03-25T00:00:19+00:00\" \/>\n<meta property=\"og:image\" content=\"https:\/\/sunfixmobile.ee\/wp-content\/uploads\/2022\/05\/1.jpg\" \/>\n\t<meta property=\"og:image:width\" content=\"2000\" \/>\n\t<meta property=\"og:image:height\" content=\"1335\" \/>\n\t<meta property=\"og:image:type\" content=\"image\/jpeg\" \/>\n<meta name=\"twitter:card\" content=\"summary_large_image\" \/>\n<meta name=\"twitter:label1\" content=\"\u0426\u0435\u043d\u0430\" \/>\n\t<meta name=\"twitter:data1\" content=\"15,90&nbsp;&euro;\" \/>\n\t<meta name=\"twitter:label2\" content=\"\u0414\u043e\u0441\u0442\u0443\u043f\u043d\u043e\u0441\u0442\u044c\" \/>\n\t<meta name=\"twitter:data2\" content=\"\u0412 \u043d\u0430\u043b\u0438\u0447\u0438\u0438\" \/>\n<script type=\"application\/ld+json\" class=\"yoast-schema-graph\">{\"@context\":\"https:\/\/schema.org\",\"@graph\":[{\"@type\":\"WebPage\",\"@id\":\"https:\/\/sunfixmobile.ee\/toode\/hoco-gm111-3-uhes-tahvelarvuti-puutepliiats-passiivne-valge\/\",\"url\":\"https:\/\/sunfixmobile.ee\/toode\/hoco-gm111-3-uhes-tahvelarvuti-puutepliiats-passiivne-valge\/\",\"name\":\"Hoco GM111 3-\u00fches tahvelarvuti puutepliiats, passiivne, valge - CompanySun\",\"isPartOf\":{\"@id\":\"https:\/\/sunfixmobile.ee\/#website\"},\"primaryImageOfPage\":{\"@id\":\"https:\/\/sunfixmobile.ee\/toode\/hoco-gm111-3-uhes-tahvelarvuti-puutepliiats-passiivne-valge\/#primaryimage\"},\"image\":{\"@id\":\"https:\/\/sunfixmobile.ee\/toode\/hoco-gm111-3-uhes-tahvelarvuti-puutepliiats-passiivne-valge\/#primaryimage\"},\"thumbnailUrl\":\"https:\/\/sunfixmobile.ee\/wp-content\/uploads\/2026\/01\/45d3ffb6cd71eb557a542a523ba33866.webp\",\"datePublished\":\"2026-01-19T11:19:37+00:00\",\"dateModified\":\"2026-03-25T00:00:19+00:00\",\"breadcrumb\":{\"@id\":\"https:\/\/sunfixmobile.ee\/toode\/hoco-gm111-3-uhes-tahvelarvuti-puutepliiats-passiivne-valge\/#breadcrumb\"},\"inLanguage\":\"ru-RU\",\"potentialAction\":[{\"@type\":\"ReadAction\",\"target\":[\"https:\/\/sunfixmobile.ee\/toode\/hoco-gm111-3-uhes-tahvelarvuti-puutepliiats-passiivne-valge\/\"]}]},{\"@type\":\"ImageObject\",\"inLanguage\":\"ru-RU\",\"@id\":\"https:\/\/sunfixmobile.ee\/toode\/hoco-gm111-3-uhes-tahvelarvuti-puutepliiats-passiivne-valge\/#primaryimage\",\"url\":\"https:\/\/sunfixmobile.ee\/wp-content\/uploads\/2026\/01\/45d3ffb6cd71eb557a542a523ba33866.webp\",\"contentUrl\":\"https:\/\/sunfixmobile.ee\/wp-content\/uploads\/2026\/01\/45d3ffb6cd71eb557a542a523ba33866.webp\",\"width\":1000,\"height\":1000,\"caption\":\"45d3ffb6cd71eb557a542a523ba33866.\"},{\"@type\":\"BreadcrumbList\",\"@id\":\"https:\/\/sunfixmobile.ee\/toode\/hoco-gm111-3-uhes-tahvelarvuti-puutepliiats-passiivne-valge\/#breadcrumb\",\"itemListElement\":[{\"@type\":\"ListItem\",\"position\":1,\"name\":\"Home\",\"item\":\"https:\/\/sunfixmobile.ee\/ru\/\"},{\"@type\":\"ListItem\",\"position\":2,\"name\":\"\u0412\u0441\u0435 \u0442\u043e\u0432\u0430\u0440\u044b\",\"item\":\"https:\/\/sunfixmobile.ee\/ru\/magazin\/\"},{\"@type\":\"ListItem\",\"position\":3,\"name\":\"Hoco GM111 3-\u00fches tahvelarvuti puutepliiats, passiivne, valge\"}]},{\"@type\":\"WebSite\",\"@id\":\"https:\/\/sunfixmobile.ee\/#website\",\"url\":\"https:\/\/sunfixmobile.ee\/\",\"name\":\"CompanySun\",\"description\":\"\",\"publisher\":{\"@id\":\"https:\/\/sunfixmobile.ee\/#organization\"},\"potentialAction\":[{\"@type\":\"SearchAction\",\"target\":{\"@type\":\"EntryPoint\",\"urlTemplate\":\"https:\/\/sunfixmobile.ee\/?s={search_term_string}\"},\"query-input\":{\"@type\":\"PropertyValueSpecification\",\"valueRequired\":true,\"valueName\":\"search_term_string\"}}],\"inLanguage\":\"ru-RU\"},{\"@type\":\"Organization\",\"@id\":\"https:\/\/sunfixmobile.ee\/#organization\",\"name\":\"CompanySun O\u00dc\",\"url\":\"https:\/\/sunfixmobile.ee\/\",\"logo\":{\"@type\":\"ImageObject\",\"inLanguage\":\"ru-RU\",\"@id\":\"https:\/\/sunfixmobile.ee\/#\/schema\/logo\/image\/\",\"url\":\"https:\/\/sunfixmobile.ee\/wp-content\/uploads\/2022\/05\/logo.png\",\"contentUrl\":\"https:\/\/sunfixmobile.ee\/wp-content\/uploads\/2022\/05\/logo.png\",\"width\":257,\"height\":85,\"caption\":\"CompanySun O\u00dc\"},\"image\":{\"@id\":\"https:\/\/sunfixmobile.ee\/#\/schema\/logo\/image\/\"},\"sameAs\":[\"https:\/\/www.facebook.com\/sunfixtallinn\",\"https:\/\/www.instagram.com\/sunfix_eesti\/\"]}]}<\/script>\n<meta property=\"product:price:amount\" content=\"15.90\" \/>\n<meta property=\"product:price:currency\" content=\"EUR\" \/>\n<meta property=\"og:availability\" content=\"instock\" \/>\n<meta property=\"product:availability\" content=\"instock\" \/>\n<meta property=\"product:retailer_item_id\" content=\"6942007619394\" \/>\n<meta property=\"product:condition\" content=\"new\" \/>\n<!-- \/ Yoast SEO plugin. -->","yoast_head_json":{"title":"Hoco GM111 3-\u00fches tahvelarvuti puutepliiats, passiivne, valge - CompanySun","robots":{"index":"index","follow":"follow","max-snippet":"max-snippet:-1","max-image-preview":"max-image-preview:large","max-video-preview":"max-video-preview:-1"},"canonical":"https:\/\/sunfixmobile.ee\/toode\/hoco-gm111-3-uhes-tahvelarvuti-puutepliiats-passiivne-valge\/","og_locale":"ru_RU","og_type":"article","og_title":"Hoco GM111 3-\u00fches tahvelarvuti puutepliiats, passiivne, valge - CompanySun","og_description":"Hoco GM111 3-\u00fches passiivne tahvelarvuti puutepliiats, valge Hoco GM111 3-\u00fches passiivne stylus on mitmek\u00fclgne t\u00f6\u00f6riist, mis \u00fchendab puutetundliku pliiatsi ja tavalise pastapliiatsi funktsioonid. T\u00e4nu vahetatavatele otsikutele saab seda kasutada nii elektrooniliste seadmete ekraanidel kui ka paberil kirjutamiseks. Kvaliteetne materjal ja disain: kest on valmistatud vastupidavast alumiiniumisulamist ja l\u00e4binud v\u00e4rvimise ning oks\u00fcdeerimise protsessi, tagades elegantse v\u00e4limuse...","og_url":"https:\/\/sunfixmobile.ee\/toode\/hoco-gm111-3-uhes-tahvelarvuti-puutepliiats-passiivne-valge\/","og_site_name":"CompanySun","article_publisher":"https:\/\/www.facebook.com\/sunfixtallinn","article_modified_time":"2026-03-25T00:00:19+00:00","og_image":[{"width":2000,"height":1335,"url":"https:\/\/sunfixmobile.ee\/wp-content\/uploads\/2022\/05\/1.jpg","type":"image\/jpeg"}],"twitter_card":"summary_large_image","twitter_misc":{"\u0426\u0435\u043d\u0430":"15,90&nbsp;&euro;","\u0414\u043e\u0441\u0442\u0443\u043f\u043d\u043e\u0441\u0442\u044c":"\u0412 \u043d\u0430\u043b\u0438\u0447\u0438\u0438"},"schema":{"@context":"https:\/\/schema.org","@graph":[{"@type":"WebPage","@id":"https:\/\/sunfixmobile.ee\/toode\/hoco-gm111-3-uhes-tahvelarvuti-puutepliiats-passiivne-valge\/","url":"https:\/\/sunfixmobile.ee\/toode\/hoco-gm111-3-uhes-tahvelarvuti-puutepliiats-passiivne-valge\/","name":"Hoco GM111 3-\u00fches tahvelarvuti puutepliiats, passiivne, valge - CompanySun","isPartOf":{"@id":"https:\/\/sunfixmobile.ee\/#website"},"primaryImageOfPage":{"@id":"https:\/\/sunfixmobile.ee\/toode\/hoco-gm111-3-uhes-tahvelarvuti-puutepliiats-passiivne-valge\/#primaryimage"},"image":{"@id":"https:\/\/sunfixmobile.ee\/toode\/hoco-gm111-3-uhes-tahvelarvuti-puutepliiats-passiivne-valge\/#primaryimage"},"thumbnailUrl":"https:\/\/sunfixmobile.ee\/wp-content\/uploads\/2026\/01\/45d3ffb6cd71eb557a542a523ba33866.webp","datePublished":"2026-01-19T11:19:37+00:00","dateModified":"2026-03-25T00:00:19+00:00","breadcrumb":{"@id":"https:\/\/sunfixmobile.ee\/toode\/hoco-gm111-3-uhes-tahvelarvuti-puutepliiats-passiivne-valge\/#breadcrumb"},"inLanguage":"ru-RU","potentialAction":[{"@type":"ReadAction","target":["https:\/\/sunfixmobile.ee\/toode\/hoco-gm111-3-uhes-tahvelarvuti-puutepliiats-passiivne-valge\/"]}]},{"@type":"ImageObject","inLanguage":"ru-RU","@id":"https:\/\/sunfixmobile.ee\/toode\/hoco-gm111-3-uhes-tahvelarvuti-puutepliiats-passiivne-valge\/#primaryimage","url":"https:\/\/sunfixmobile.ee\/wp-content\/uploads\/2026\/01\/45d3ffb6cd71eb557a542a523ba33866.webp","contentUrl":"https:\/\/sunfixmobile.ee\/wp-content\/uploads\/2026\/01\/45d3ffb6cd71eb557a542a523ba33866.webp","width":1000,"height":1000,"caption":"45d3ffb6cd71eb557a542a523ba33866."},{"@type":"BreadcrumbList","@id":"https:\/\/sunfixmobile.ee\/toode\/hoco-gm111-3-uhes-tahvelarvuti-puutepliiats-passiivne-valge\/#breadcrumb","itemListElement":[{"@type":"ListItem","position":1,"name":"Home","item":"https:\/\/sunfixmobile.ee\/ru\/"},{"@type":"ListItem","position":2,"name":"\u0412\u0441\u0435 \u0442\u043e\u0432\u0430\u0440\u044b","item":"https:\/\/sunfixmobile.ee\/ru\/magazin\/"},{"@type":"ListItem","position":3,"name":"Hoco GM111 3-\u00fches tahvelarvuti puutepliiats, passiivne, valge"}]},{"@type":"WebSite","@id":"https:\/\/sunfixmobile.ee\/#website","url":"https:\/\/sunfixmobile.ee\/","name":"CompanySun","description":"","publisher":{"@id":"https:\/\/sunfixmobile.ee\/#organization"},"potentialAction":[{"@type":"SearchAction","target":{"@type":"EntryPoint","urlTemplate":"https:\/\/sunfixmobile.ee\/?s={search_term_string}"},"query-input":{"@type":"PropertyValueSpecification","valueRequired":true,"valueName":"search_term_string"}}],"inLanguage":"ru-RU"},{"@type":"Organization","@id":"https:\/\/sunfixmobile.ee\/#organization","name":"CompanySun O\u00dc","url":"https:\/\/sunfixmobile.ee\/","logo":{"@type":"ImageObject","inLanguage":"ru-RU","@id":"https:\/\/sunfixmobile.ee\/#\/schema\/logo\/image\/","url":"https:\/\/sunfixmobile.ee\/wp-content\/uploads\/2022\/05\/logo.png","contentUrl":"https:\/\/sunfixmobile.ee\/wp-content\/uploads\/2022\/05\/logo.png","width":257,"height":85,"caption":"CompanySun O\u00dc"},"image":{"@id":"https:\/\/sunfixmobile.ee\/#\/schema\/logo\/image\/"},"sameAs":["https:\/\/www.facebook.com\/sunfixtallinn","https:\/\/www.instagram.com\/sunfix_eesti\/"]}]},"product_price_amount":"15.90","product_price_currency":"EUR","og_availability":"instock","product_availability":"instock","product_retailer_item_id":"6942007619394","product_condition":"new"},"_links":{"self":[{"href":"https:\/\/sunfixmobile.ee\/ru\/wp-json\/wp\/v2\/product\/17766","targetHints":{"allow":["GET"]}}],"collection":[{"href":"https:\/\/sunfixmobile.ee\/ru\/wp-json\/wp\/v2\/product"}],"about":[{"href":"https:\/\/sunfixmobile.ee\/ru\/wp-json\/wp\/v2\/types\/product"}],"wp:featuredmedia":[{"embeddable":true,"href":"https:\/\/sunfixmobile.ee\/ru\/wp-json\/wp\/v2\/media\/17764"}],"wp:attachment":[{"href":"https:\/\/sunfixmobile.ee\/ru\/wp-json\/wp\/v2\/media?parent=17766"}],"wp:term":[{"taxonomy":"product_brand","embeddable":true,"href":"https:\/\/sunfixmobile.ee\/ru\/wp-json\/wp\/v2\/product_brand?post=17766"},{"taxonomy":"product_cat","embeddable":true,"href":"https:\/\/sunfixmobile.ee\/ru\/wp-json\/wp\/v2\/product_cat?post=17766"},{"taxonomy":"product_tag","embeddable":true,"href":"https:\/\/sunfixmobile.ee\/ru\/wp-json\/wp\/v2\/product_tag?post=17766"}],"curies":[{"name":"wp","href":"https:\/\/api.w.org\/{rel}","templated":true}]}}