{"id":17728,"date":"2026-01-19T10:19:41","date_gmt":"2026-01-19T10:19:41","guid":{"rendered":"https:\/\/sunfixmobile.ee\/toode\/hoco-ca82-autotelefonihoidik-tuuleklaasile-armatuurlauale-must\/"},"modified":"2026-01-20T00:00:13","modified_gmt":"2026-01-20T00:00:13","slug":"hoco-ca82-autotelefonihoidik-tuuleklaasile-armatuurlauale-must","status":"publish","type":"product","link":"https:\/\/sunfixmobile.ee\/ru\/tovar\/hoco-ca82-autotelefonihoidik-tuuleklaasile-armatuurlauale-must\/","title":{"rendered":"Hoco CA82 autotelefonihoidik tuuleklaasile \/ armatuurlauale, must"},"content":{"rendered":"<h3>Lihtne kasutada<\/h3>\n<p>Seadme paigaldamine on kiire ja mugav: asetage telefon hoidikusse ning <strong>k\u00f5rvaosad kohanduvad automaatselt seadmega<\/strong>. Hoidiku 360\u00b0 p\u00f6\u00f6ramine v\u00f5imaldab <strong>reguleerida telefoni sobivasse asendisse<\/strong>, samas kui <strong>reguleeritavad k\u00e4ed<\/strong> sobivad enamikele seadmetele. Hoidiku k\u00e4pad on kaetud materjaliga, mis <strong>hoiab \u00e4ra telefoni korpuse kriimustamise<\/strong>.<\/p>\n<hr>\n<h3>Tehnilised andmed:<\/h3>\n<p><strong>Materjal:<\/strong> ABS + PC<\/p>\n<p><strong>M\u00f5\u00f5tmed:<\/strong> 65 \u00d7 100 \u00d7 130 mm<\/p>\n<p><strong>Kaal:<\/strong> 137 g<\/p>\n<p><strong>Kinnituse vahemik:<\/strong> 55\u2013100 mm<\/p>\n<p><strong>Paigalduskoht:<\/strong> armatuurlaud, tuuleklaas<\/p>\n<p><strong>Sobivad seadmed:<\/strong> 4,5\u201d\u20136,5\u201d nutitelefonid<\/p>\n","protected":false},"excerpt":{"rendered":"<p>Lihtne kasutada Seadme paigaldamine on kiire ja mugav: asetage telefon hoidikusse ning k\u00f5rvaosad kohanduvad automaatselt seadmega. Hoidiku 360\u00b0 p\u00f6\u00f6ramine v\u00f5imaldab reguleerida telefoni sobivasse asendisse, samas kui reguleeritavad k\u00e4ed sobivad enamikele seadmetele. Hoidiku k\u00e4pad on kaetud materjaliga, mis hoiab \u00e4ra telefoni korpuse kriimustamise. Tehnilised andmed: Materjal: ABS + PC M\u00f5\u00f5tmed: 65 \u00d7 100 \u00d7 130 mm&#8230;<\/p>\n","protected":false},"featured_media":17726,"template":"","meta":[],"product_brand":[],"product_cat":[1244],"product_tag":[],"class_list":{"0":"post-17728","1":"product","2":"type-product","3":"status-publish","4":"has-post-thumbnail","6":"product_cat-hoidjad","8":"first","9":"instock","10":"taxable","11":"shipping-taxable","12":"purchasable","13":"product-type-simple"},"yoast_head":"<!-- This site is optimized with the Yoast SEO plugin v27.2 - https:\/\/yoast.com\/product\/yoast-seo-wordpress\/ -->\n<title>Hoco CA82 autotelefonihoidik tuuleklaasile \/ armatuurlauale, must - CompanySun<\/title>\n<meta name=\"robots\" content=\"index, follow, max-snippet:-1, max-image-preview:large, max-video-preview:-1\" \/>\n<link rel=\"canonical\" href=\"https:\/\/sunfixmobile.ee\/toode\/hoco-ca82-autotelefonihoidik-tuuleklaasile-armatuurlauale-must\/\" \/>\n<meta property=\"og:locale\" content=\"ru_RU\" \/>\n<meta property=\"og:type\" content=\"article\" \/>\n<meta property=\"og:title\" content=\"Hoco CA82 autotelefonihoidik tuuleklaasile \/ armatuurlauale, must - CompanySun\" \/>\n<meta property=\"og:description\" content=\"Lihtne kasutada Seadme paigaldamine on kiire ja mugav: asetage telefon hoidikusse ning k\u00f5rvaosad kohanduvad automaatselt seadmega. Hoidiku 360\u00b0 p\u00f6\u00f6ramine v\u00f5imaldab reguleerida telefoni sobivasse asendisse, samas kui reguleeritavad k\u00e4ed sobivad enamikele seadmetele. Hoidiku k\u00e4pad on kaetud materjaliga, mis hoiab \u00e4ra telefoni korpuse kriimustamise. Tehnilised andmed: Materjal: ABS + PC M\u00f5\u00f5tmed: 65 \u00d7 100 \u00d7 130 mm...\" \/>\n<meta property=\"og:url\" content=\"https:\/\/sunfixmobile.ee\/toode\/hoco-ca82-autotelefonihoidik-tuuleklaasile-armatuurlauale-must\/\" \/>\n<meta property=\"og:site_name\" content=\"CompanySun\" \/>\n<meta property=\"article:publisher\" content=\"https:\/\/www.facebook.com\/sunfixtallinn\" \/>\n<meta property=\"article:modified_time\" content=\"2026-01-20T00:00:13+00:00\" \/>\n<meta property=\"og:image\" content=\"https:\/\/sunfixmobile.ee\/wp-content\/uploads\/2022\/05\/1.jpg\" \/>\n\t<meta property=\"og:image:width\" content=\"2000\" \/>\n\t<meta property=\"og:image:height\" content=\"1335\" \/>\n\t<meta property=\"og:image:type\" content=\"image\/jpeg\" \/>\n<meta name=\"twitter:card\" content=\"summary_large_image\" \/>\n<meta name=\"twitter:label1\" content=\"\u0426\u0435\u043d\u0430\" \/>\n\t<meta name=\"twitter:data1\" content=\"18,90&nbsp;&euro;\" \/>\n\t<meta name=\"twitter:label2\" content=\"\u0414\u043e\u0441\u0442\u0443\u043f\u043d\u043e\u0441\u0442\u044c\" \/>\n\t<meta name=\"twitter:data2\" content=\"\u0412 \u043d\u0430\u043b\u0438\u0447\u0438\u0438\" \/>\n<script type=\"application\/ld+json\" class=\"yoast-schema-graph\">{\"@context\":\"https:\/\/schema.org\",\"@graph\":[{\"@type\":\"WebPage\",\"@id\":\"https:\/\/sunfixmobile.ee\/toode\/hoco-ca82-autotelefonihoidik-tuuleklaasile-armatuurlauale-must\/\",\"url\":\"https:\/\/sunfixmobile.ee\/toode\/hoco-ca82-autotelefonihoidik-tuuleklaasile-armatuurlauale-must\/\",\"name\":\"Hoco CA82 autotelefonihoidik tuuleklaasile \/ armatuurlauale, must - CompanySun\",\"isPartOf\":{\"@id\":\"https:\/\/sunfixmobile.ee\/#website\"},\"primaryImageOfPage\":{\"@id\":\"https:\/\/sunfixmobile.ee\/toode\/hoco-ca82-autotelefonihoidik-tuuleklaasile-armatuurlauale-must\/#primaryimage\"},\"image\":{\"@id\":\"https:\/\/sunfixmobile.ee\/toode\/hoco-ca82-autotelefonihoidik-tuuleklaasile-armatuurlauale-must\/#primaryimage\"},\"thumbnailUrl\":\"https:\/\/sunfixmobile.ee\/wp-content\/uploads\/2026\/01\/f04f836d5f6cf14e232968af1cf89413.webp\",\"datePublished\":\"2026-01-19T10:19:41+00:00\",\"dateModified\":\"2026-01-20T00:00:13+00:00\",\"breadcrumb\":{\"@id\":\"https:\/\/sunfixmobile.ee\/toode\/hoco-ca82-autotelefonihoidik-tuuleklaasile-armatuurlauale-must\/#breadcrumb\"},\"inLanguage\":\"ru-RU\",\"potentialAction\":[{\"@type\":\"ReadAction\",\"target\":[\"https:\/\/sunfixmobile.ee\/toode\/hoco-ca82-autotelefonihoidik-tuuleklaasile-armatuurlauale-must\/\"]}]},{\"@type\":\"ImageObject\",\"inLanguage\":\"ru-RU\",\"@id\":\"https:\/\/sunfixmobile.ee\/toode\/hoco-ca82-autotelefonihoidik-tuuleklaasile-armatuurlauale-must\/#primaryimage\",\"url\":\"https:\/\/sunfixmobile.ee\/wp-content\/uploads\/2026\/01\/f04f836d5f6cf14e232968af1cf89413.webp\",\"contentUrl\":\"https:\/\/sunfixmobile.ee\/wp-content\/uploads\/2026\/01\/f04f836d5f6cf14e232968af1cf89413.webp\",\"width\":1000,\"height\":1000,\"caption\":\"f04f836d5f6cf14e232968af1cf89413.\"},{\"@type\":\"BreadcrumbList\",\"@id\":\"https:\/\/sunfixmobile.ee\/toode\/hoco-ca82-autotelefonihoidik-tuuleklaasile-armatuurlauale-must\/#breadcrumb\",\"itemListElement\":[{\"@type\":\"ListItem\",\"position\":1,\"name\":\"Home\",\"item\":\"https:\/\/sunfixmobile.ee\/ru\/\"},{\"@type\":\"ListItem\",\"position\":2,\"name\":\"\u0412\u0441\u0435 \u0442\u043e\u0432\u0430\u0440\u044b\",\"item\":\"https:\/\/sunfixmobile.ee\/ru\/magazin\/\"},{\"@type\":\"ListItem\",\"position\":3,\"name\":\"Hoco CA82 autotelefonihoidik tuuleklaasile \/ armatuurlauale, must\"}]},{\"@type\":\"WebSite\",\"@id\":\"https:\/\/sunfixmobile.ee\/#website\",\"url\":\"https:\/\/sunfixmobile.ee\/\",\"name\":\"CompanySun\",\"description\":\"\",\"publisher\":{\"@id\":\"https:\/\/sunfixmobile.ee\/#organization\"},\"potentialAction\":[{\"@type\":\"SearchAction\",\"target\":{\"@type\":\"EntryPoint\",\"urlTemplate\":\"https:\/\/sunfixmobile.ee\/?s={search_term_string}\"},\"query-input\":{\"@type\":\"PropertyValueSpecification\",\"valueRequired\":true,\"valueName\":\"search_term_string\"}}],\"inLanguage\":\"ru-RU\"},{\"@type\":\"Organization\",\"@id\":\"https:\/\/sunfixmobile.ee\/#organization\",\"name\":\"CompanySun O\u00dc\",\"url\":\"https:\/\/sunfixmobile.ee\/\",\"logo\":{\"@type\":\"ImageObject\",\"inLanguage\":\"ru-RU\",\"@id\":\"https:\/\/sunfixmobile.ee\/#\/schema\/logo\/image\/\",\"url\":\"https:\/\/sunfixmobile.ee\/wp-content\/uploads\/2022\/05\/logo.png\",\"contentUrl\":\"https:\/\/sunfixmobile.ee\/wp-content\/uploads\/2022\/05\/logo.png\",\"width\":257,\"height\":85,\"caption\":\"CompanySun O\u00dc\"},\"image\":{\"@id\":\"https:\/\/sunfixmobile.ee\/#\/schema\/logo\/image\/\"},\"sameAs\":[\"https:\/\/www.facebook.com\/sunfixtallinn\",\"https:\/\/www.instagram.com\/sunfix_eesti\/\"]}]}<\/script>\n<meta property=\"product:price:amount\" content=\"18.90\" \/>\n<meta property=\"product:price:currency\" content=\"EUR\" \/>\n<meta property=\"og:availability\" content=\"instock\" \/>\n<meta property=\"product:availability\" content=\"instock\" \/>\n<meta property=\"product:retailer_item_id\" content=\"6931474745767\" \/>\n<meta property=\"product:condition\" content=\"new\" \/>\n<!-- \/ Yoast SEO plugin. -->","yoast_head_json":{"title":"Hoco CA82 autotelefonihoidik tuuleklaasile \/ armatuurlauale, must - CompanySun","robots":{"index":"index","follow":"follow","max-snippet":"max-snippet:-1","max-image-preview":"max-image-preview:large","max-video-preview":"max-video-preview:-1"},"canonical":"https:\/\/sunfixmobile.ee\/toode\/hoco-ca82-autotelefonihoidik-tuuleklaasile-armatuurlauale-must\/","og_locale":"ru_RU","og_type":"article","og_title":"Hoco CA82 autotelefonihoidik tuuleklaasile \/ armatuurlauale, must - CompanySun","og_description":"Lihtne kasutada Seadme paigaldamine on kiire ja mugav: asetage telefon hoidikusse ning k\u00f5rvaosad kohanduvad automaatselt seadmega. Hoidiku 360\u00b0 p\u00f6\u00f6ramine v\u00f5imaldab reguleerida telefoni sobivasse asendisse, samas kui reguleeritavad k\u00e4ed sobivad enamikele seadmetele. Hoidiku k\u00e4pad on kaetud materjaliga, mis hoiab \u00e4ra telefoni korpuse kriimustamise. Tehnilised andmed: Materjal: ABS + PC M\u00f5\u00f5tmed: 65 \u00d7 100 \u00d7 130 mm...","og_url":"https:\/\/sunfixmobile.ee\/toode\/hoco-ca82-autotelefonihoidik-tuuleklaasile-armatuurlauale-must\/","og_site_name":"CompanySun","article_publisher":"https:\/\/www.facebook.com\/sunfixtallinn","article_modified_time":"2026-01-20T00:00:13+00:00","og_image":[{"width":2000,"height":1335,"url":"https:\/\/sunfixmobile.ee\/wp-content\/uploads\/2022\/05\/1.jpg","type":"image\/jpeg"}],"twitter_card":"summary_large_image","twitter_misc":{"\u0426\u0435\u043d\u0430":"18,90&nbsp;&euro;","\u0414\u043e\u0441\u0442\u0443\u043f\u043d\u043e\u0441\u0442\u044c":"\u0412 \u043d\u0430\u043b\u0438\u0447\u0438\u0438"},"schema":{"@context":"https:\/\/schema.org","@graph":[{"@type":"WebPage","@id":"https:\/\/sunfixmobile.ee\/toode\/hoco-ca82-autotelefonihoidik-tuuleklaasile-armatuurlauale-must\/","url":"https:\/\/sunfixmobile.ee\/toode\/hoco-ca82-autotelefonihoidik-tuuleklaasile-armatuurlauale-must\/","name":"Hoco CA82 autotelefonihoidik tuuleklaasile \/ armatuurlauale, must - CompanySun","isPartOf":{"@id":"https:\/\/sunfixmobile.ee\/#website"},"primaryImageOfPage":{"@id":"https:\/\/sunfixmobile.ee\/toode\/hoco-ca82-autotelefonihoidik-tuuleklaasile-armatuurlauale-must\/#primaryimage"},"image":{"@id":"https:\/\/sunfixmobile.ee\/toode\/hoco-ca82-autotelefonihoidik-tuuleklaasile-armatuurlauale-must\/#primaryimage"},"thumbnailUrl":"https:\/\/sunfixmobile.ee\/wp-content\/uploads\/2026\/01\/f04f836d5f6cf14e232968af1cf89413.webp","datePublished":"2026-01-19T10:19:41+00:00","dateModified":"2026-01-20T00:00:13+00:00","breadcrumb":{"@id":"https:\/\/sunfixmobile.ee\/toode\/hoco-ca82-autotelefonihoidik-tuuleklaasile-armatuurlauale-must\/#breadcrumb"},"inLanguage":"ru-RU","potentialAction":[{"@type":"ReadAction","target":["https:\/\/sunfixmobile.ee\/toode\/hoco-ca82-autotelefonihoidik-tuuleklaasile-armatuurlauale-must\/"]}]},{"@type":"ImageObject","inLanguage":"ru-RU","@id":"https:\/\/sunfixmobile.ee\/toode\/hoco-ca82-autotelefonihoidik-tuuleklaasile-armatuurlauale-must\/#primaryimage","url":"https:\/\/sunfixmobile.ee\/wp-content\/uploads\/2026\/01\/f04f836d5f6cf14e232968af1cf89413.webp","contentUrl":"https:\/\/sunfixmobile.ee\/wp-content\/uploads\/2026\/01\/f04f836d5f6cf14e232968af1cf89413.webp","width":1000,"height":1000,"caption":"f04f836d5f6cf14e232968af1cf89413."},{"@type":"BreadcrumbList","@id":"https:\/\/sunfixmobile.ee\/toode\/hoco-ca82-autotelefonihoidik-tuuleklaasile-armatuurlauale-must\/#breadcrumb","itemListElement":[{"@type":"ListItem","position":1,"name":"Home","item":"https:\/\/sunfixmobile.ee\/ru\/"},{"@type":"ListItem","position":2,"name":"\u0412\u0441\u0435 \u0442\u043e\u0432\u0430\u0440\u044b","item":"https:\/\/sunfixmobile.ee\/ru\/magazin\/"},{"@type":"ListItem","position":3,"name":"Hoco CA82 autotelefonihoidik tuuleklaasile \/ armatuurlauale, must"}]},{"@type":"WebSite","@id":"https:\/\/sunfixmobile.ee\/#website","url":"https:\/\/sunfixmobile.ee\/","name":"CompanySun","description":"","publisher":{"@id":"https:\/\/sunfixmobile.ee\/#organization"},"potentialAction":[{"@type":"SearchAction","target":{"@type":"EntryPoint","urlTemplate":"https:\/\/sunfixmobile.ee\/?s={search_term_string}"},"query-input":{"@type":"PropertyValueSpecification","valueRequired":true,"valueName":"search_term_string"}}],"inLanguage":"ru-RU"},{"@type":"Organization","@id":"https:\/\/sunfixmobile.ee\/#organization","name":"CompanySun O\u00dc","url":"https:\/\/sunfixmobile.ee\/","logo":{"@type":"ImageObject","inLanguage":"ru-RU","@id":"https:\/\/sunfixmobile.ee\/#\/schema\/logo\/image\/","url":"https:\/\/sunfixmobile.ee\/wp-content\/uploads\/2022\/05\/logo.png","contentUrl":"https:\/\/sunfixmobile.ee\/wp-content\/uploads\/2022\/05\/logo.png","width":257,"height":85,"caption":"CompanySun O\u00dc"},"image":{"@id":"https:\/\/sunfixmobile.ee\/#\/schema\/logo\/image\/"},"sameAs":["https:\/\/www.facebook.com\/sunfixtallinn","https:\/\/www.instagram.com\/sunfix_eesti\/"]}]},"product_price_amount":"18.90","product_price_currency":"EUR","og_availability":"instock","product_availability":"instock","product_retailer_item_id":"6931474745767","product_condition":"new"},"_links":{"self":[{"href":"https:\/\/sunfixmobile.ee\/ru\/wp-json\/wp\/v2\/product\/17728","targetHints":{"allow":["GET"]}}],"collection":[{"href":"https:\/\/sunfixmobile.ee\/ru\/wp-json\/wp\/v2\/product"}],"about":[{"href":"https:\/\/sunfixmobile.ee\/ru\/wp-json\/wp\/v2\/types\/product"}],"wp:featuredmedia":[{"embeddable":true,"href":"https:\/\/sunfixmobile.ee\/ru\/wp-json\/wp\/v2\/media\/17726"}],"wp:attachment":[{"href":"https:\/\/sunfixmobile.ee\/ru\/wp-json\/wp\/v2\/media?parent=17728"}],"wp:term":[{"taxonomy":"product_brand","embeddable":true,"href":"https:\/\/sunfixmobile.ee\/ru\/wp-json\/wp\/v2\/product_brand?post=17728"},{"taxonomy":"product_cat","embeddable":true,"href":"https:\/\/sunfixmobile.ee\/ru\/wp-json\/wp\/v2\/product_cat?post=17728"},{"taxonomy":"product_tag","embeddable":true,"href":"https:\/\/sunfixmobile.ee\/ru\/wp-json\/wp\/v2\/product_tag?post=17728"}],"curies":[{"name":"wp","href":"https:\/\/api.w.org\/{rel}","templated":true}]}}