{"id":17720,"date":"2026-01-19T10:19:39","date_gmt":"2026-01-19T10:19:39","guid":{"rendered":"https:\/\/sunfixmobile.ee\/toode\/hoco-hd10-reguleeritav-lauale-kinnitatav-telefonihoidik-klambriga-must-varv\/"},"modified":"2026-01-20T00:00:13","modified_gmt":"2026-01-20T00:00:13","slug":"hoco-hd10-reguleeritav-lauale-kinnitatav-telefonihoidik-klambriga-must-varv","status":"publish","type":"product","link":"https:\/\/sunfixmobile.ee\/ru\/tovar\/hoco-hd10-reguleeritav-lauale-kinnitatav-telefonihoidik-klambriga-must-varv\/","title":{"rendered":"Hoco HD10 reguleeritav lauale kinnitatav telefonihoidik klambriga, must v\u00e4rv"},"content":{"rendered":"<p><strong>Hoco HD10 bambusest klambriga lauahoidik (Lazy Stand)<\/strong> on universaalne hoidik, m\u00f5eldud mobiilseadmetele, nagu nutitelefonid ja tahvelarvutid. Valmistatud kvaliteetsetest materjalidest, sealhulgas <strong>ABS, silikoon ja painduv alumiiniumisulamist toruosa<\/strong>, tagades vastupidavuse ja stabiilsuse kasutamisel.<\/p>\n<p>Reguleeritav disain v\u00f5imaldab <strong>kohandada k\u00f5rgust ja nurka<\/strong>, v\u00f5imaldades seadmeid mugavalt kasutada erinevates asendites. Hoidik sobib <strong>telefonidele suurusega 4,5\u20137 tolli<\/strong> ja <strong>tahvelarvutitele 8\u201313 tolli<\/strong>, muutes selle mitmek\u00fclgseks tarvikuks igap\u00e4evaseks kasutamiseks kodus v\u00f5i kontoris.<\/p>\n<hr>\n<h3>Tehnilised andmed:<\/h3>\n<p><strong>Materjal:<\/strong> ABS, silikoon, alumiiniumisulamist toruosa<\/p>\n<p><strong>M\u00f5\u00f5dud:<\/strong> 133,5 \u00d7 67 \u00d7 985 mm<\/p>\n<p><strong>Kaal:<\/strong> 405 g<\/p>\n<p><strong>\u00dchilduvus:<\/strong><\/p>\n<p>Telefonid: 4,5\u20137 tolli<\/p>\n<p>Tahvelarvutid: 8\u201313 tolli<\/p>\n<p><strong>Klambrilaiuse vahemik:<\/strong> 105\u2013235 mm<\/p>\n<p><strong>Sobiv paksus:<\/strong> 0\u20136 cm<\/p>\n<p><strong>Kasutusvaldkond:<\/strong> magamistuba, elutuba, s\u00f6\u00f6gituba jne.<\/p>\n<p><strong>Reguleerimine:<\/strong> k\u00f5rgus ja nurk<\/p>\n","protected":false},"excerpt":{"rendered":"<p>Hoco HD10 bambusest klambriga lauahoidik (Lazy Stand) on universaalne hoidik, m\u00f5eldud mobiilseadmetele, nagu nutitelefonid ja tahvelarvutid. Valmistatud kvaliteetsetest materjalidest, sealhulgas ABS, silikoon ja painduv alumiiniumisulamist toruosa, tagades vastupidavuse ja stabiilsuse kasutamisel. Reguleeritav disain v\u00f5imaldab kohandada k\u00f5rgust ja nurka, v\u00f5imaldades seadmeid mugavalt kasutada erinevates asendites. Hoidik sobib telefonidele suurusega 4,5\u20137 tolli ja tahvelarvutitele 8\u201313 tolli, muutes&#8230;<\/p>\n","protected":false},"featured_media":17714,"template":"","meta":[],"product_brand":[],"product_cat":[1244],"product_tag":[],"class_list":{"0":"post-17720","1":"product","2":"type-product","3":"status-publish","4":"has-post-thumbnail","6":"product_cat-hoidjad","8":"first","9":"instock","10":"taxable","11":"shipping-taxable","12":"purchasable","13":"product-type-simple"},"yoast_head":"<!-- This site is optimized with the Yoast SEO plugin v27.2 - https:\/\/yoast.com\/product\/yoast-seo-wordpress\/ -->\n<title>Hoco HD10 reguleeritav lauale kinnitatav telefonihoidik klambriga, must v\u00e4rv - CompanySun<\/title>\n<meta name=\"robots\" content=\"index, follow, max-snippet:-1, max-image-preview:large, max-video-preview:-1\" \/>\n<link rel=\"canonical\" href=\"https:\/\/sunfixmobile.ee\/toode\/hoco-hd10-reguleeritav-lauale-kinnitatav-telefonihoidik-klambriga-must-varv\/\" \/>\n<meta property=\"og:locale\" content=\"ru_RU\" \/>\n<meta property=\"og:type\" content=\"article\" \/>\n<meta property=\"og:title\" content=\"Hoco HD10 reguleeritav lauale kinnitatav telefonihoidik klambriga, must v\u00e4rv - CompanySun\" \/>\n<meta property=\"og:description\" content=\"Hoco HD10 bambusest klambriga lauahoidik (Lazy Stand) on universaalne hoidik, m\u00f5eldud mobiilseadmetele, nagu nutitelefonid ja tahvelarvutid. Valmistatud kvaliteetsetest materjalidest, sealhulgas ABS, silikoon ja painduv alumiiniumisulamist toruosa, tagades vastupidavuse ja stabiilsuse kasutamisel. Reguleeritav disain v\u00f5imaldab kohandada k\u00f5rgust ja nurka, v\u00f5imaldades seadmeid mugavalt kasutada erinevates asendites. Hoidik sobib telefonidele suurusega 4,5\u20137 tolli ja tahvelarvutitele 8\u201313 tolli, muutes...\" \/>\n<meta property=\"og:url\" content=\"https:\/\/sunfixmobile.ee\/toode\/hoco-hd10-reguleeritav-lauale-kinnitatav-telefonihoidik-klambriga-must-varv\/\" \/>\n<meta property=\"og:site_name\" content=\"CompanySun\" \/>\n<meta property=\"article:publisher\" content=\"https:\/\/www.facebook.com\/sunfixtallinn\" \/>\n<meta property=\"article:modified_time\" content=\"2026-01-20T00:00:13+00:00\" \/>\n<meta property=\"og:image\" content=\"https:\/\/sunfixmobile.ee\/wp-content\/uploads\/2022\/05\/1.jpg\" \/>\n\t<meta property=\"og:image:width\" content=\"2000\" \/>\n\t<meta property=\"og:image:height\" content=\"1335\" \/>\n\t<meta property=\"og:image:type\" content=\"image\/jpeg\" \/>\n<meta name=\"twitter:card\" content=\"summary_large_image\" \/>\n<meta name=\"twitter:label1\" content=\"\u0426\u0435\u043d\u0430\" \/>\n\t<meta name=\"twitter:data1\" content=\"22,90&nbsp;&euro;\" \/>\n\t<meta name=\"twitter:label2\" content=\"\u0414\u043e\u0441\u0442\u0443\u043f\u043d\u043e\u0441\u0442\u044c\" \/>\n\t<meta name=\"twitter:data2\" content=\"\u0412 \u043d\u0430\u043b\u0438\u0447\u0438\u0438\" \/>\n<script type=\"application\/ld+json\" class=\"yoast-schema-graph\">{\"@context\":\"https:\/\/schema.org\",\"@graph\":[{\"@type\":\"WebPage\",\"@id\":\"https:\/\/sunfixmobile.ee\/toode\/hoco-hd10-reguleeritav-lauale-kinnitatav-telefonihoidik-klambriga-must-varv\/\",\"url\":\"https:\/\/sunfixmobile.ee\/toode\/hoco-hd10-reguleeritav-lauale-kinnitatav-telefonihoidik-klambriga-must-varv\/\",\"name\":\"Hoco HD10 reguleeritav lauale kinnitatav telefonihoidik klambriga, must v\u00e4rv - CompanySun\",\"isPartOf\":{\"@id\":\"https:\/\/sunfixmobile.ee\/#website\"},\"primaryImageOfPage\":{\"@id\":\"https:\/\/sunfixmobile.ee\/toode\/hoco-hd10-reguleeritav-lauale-kinnitatav-telefonihoidik-klambriga-must-varv\/#primaryimage\"},\"image\":{\"@id\":\"https:\/\/sunfixmobile.ee\/toode\/hoco-hd10-reguleeritav-lauale-kinnitatav-telefonihoidik-klambriga-must-varv\/#primaryimage\"},\"thumbnailUrl\":\"https:\/\/sunfixmobile.ee\/wp-content\/uploads\/2026\/01\/a69f6a2bb5442152e154c96c5ebafad7.webp\",\"datePublished\":\"2026-01-19T10:19:39+00:00\",\"dateModified\":\"2026-01-20T00:00:13+00:00\",\"breadcrumb\":{\"@id\":\"https:\/\/sunfixmobile.ee\/toode\/hoco-hd10-reguleeritav-lauale-kinnitatav-telefonihoidik-klambriga-must-varv\/#breadcrumb\"},\"inLanguage\":\"ru-RU\",\"potentialAction\":[{\"@type\":\"ReadAction\",\"target\":[\"https:\/\/sunfixmobile.ee\/toode\/hoco-hd10-reguleeritav-lauale-kinnitatav-telefonihoidik-klambriga-must-varv\/\"]}]},{\"@type\":\"ImageObject\",\"inLanguage\":\"ru-RU\",\"@id\":\"https:\/\/sunfixmobile.ee\/toode\/hoco-hd10-reguleeritav-lauale-kinnitatav-telefonihoidik-klambriga-must-varv\/#primaryimage\",\"url\":\"https:\/\/sunfixmobile.ee\/wp-content\/uploads\/2026\/01\/a69f6a2bb5442152e154c96c5ebafad7.webp\",\"contentUrl\":\"https:\/\/sunfixmobile.ee\/wp-content\/uploads\/2026\/01\/a69f6a2bb5442152e154c96c5ebafad7.webp\",\"width\":1000,\"height\":1000,\"caption\":\"a69f6a2bb5442152e154c96c5ebafad7.\"},{\"@type\":\"BreadcrumbList\",\"@id\":\"https:\/\/sunfixmobile.ee\/toode\/hoco-hd10-reguleeritav-lauale-kinnitatav-telefonihoidik-klambriga-must-varv\/#breadcrumb\",\"itemListElement\":[{\"@type\":\"ListItem\",\"position\":1,\"name\":\"Home\",\"item\":\"https:\/\/sunfixmobile.ee\/ru\/\"},{\"@type\":\"ListItem\",\"position\":2,\"name\":\"\u0412\u0441\u0435 \u0442\u043e\u0432\u0430\u0440\u044b\",\"item\":\"https:\/\/sunfixmobile.ee\/ru\/magazin\/\"},{\"@type\":\"ListItem\",\"position\":3,\"name\":\"Hoco HD10 reguleeritav lauale kinnitatav telefonihoidik klambriga, must v\u00e4rv\"}]},{\"@type\":\"WebSite\",\"@id\":\"https:\/\/sunfixmobile.ee\/#website\",\"url\":\"https:\/\/sunfixmobile.ee\/\",\"name\":\"CompanySun\",\"description\":\"\",\"publisher\":{\"@id\":\"https:\/\/sunfixmobile.ee\/#organization\"},\"potentialAction\":[{\"@type\":\"SearchAction\",\"target\":{\"@type\":\"EntryPoint\",\"urlTemplate\":\"https:\/\/sunfixmobile.ee\/?s={search_term_string}\"},\"query-input\":{\"@type\":\"PropertyValueSpecification\",\"valueRequired\":true,\"valueName\":\"search_term_string\"}}],\"inLanguage\":\"ru-RU\"},{\"@type\":\"Organization\",\"@id\":\"https:\/\/sunfixmobile.ee\/#organization\",\"name\":\"CompanySun O\u00dc\",\"url\":\"https:\/\/sunfixmobile.ee\/\",\"logo\":{\"@type\":\"ImageObject\",\"inLanguage\":\"ru-RU\",\"@id\":\"https:\/\/sunfixmobile.ee\/#\/schema\/logo\/image\/\",\"url\":\"https:\/\/sunfixmobile.ee\/wp-content\/uploads\/2022\/05\/logo.png\",\"contentUrl\":\"https:\/\/sunfixmobile.ee\/wp-content\/uploads\/2022\/05\/logo.png\",\"width\":257,\"height\":85,\"caption\":\"CompanySun O\u00dc\"},\"image\":{\"@id\":\"https:\/\/sunfixmobile.ee\/#\/schema\/logo\/image\/\"},\"sameAs\":[\"https:\/\/www.facebook.com\/sunfixtallinn\",\"https:\/\/www.instagram.com\/sunfix_eesti\/\"]}]}<\/script>\n<meta property=\"product:price:amount\" content=\"22.90\" \/>\n<meta property=\"product:price:currency\" content=\"EUR\" \/>\n<meta property=\"og:availability\" content=\"instock\" \/>\n<meta property=\"product:availability\" content=\"instock\" \/>\n<meta property=\"product:retailer_item_id\" content=\"6942007639224\" \/>\n<meta property=\"product:condition\" content=\"new\" \/>\n<!-- \/ Yoast SEO plugin. -->","yoast_head_json":{"title":"Hoco HD10 reguleeritav lauale kinnitatav telefonihoidik klambriga, must v\u00e4rv - CompanySun","robots":{"index":"index","follow":"follow","max-snippet":"max-snippet:-1","max-image-preview":"max-image-preview:large","max-video-preview":"max-video-preview:-1"},"canonical":"https:\/\/sunfixmobile.ee\/toode\/hoco-hd10-reguleeritav-lauale-kinnitatav-telefonihoidik-klambriga-must-varv\/","og_locale":"ru_RU","og_type":"article","og_title":"Hoco HD10 reguleeritav lauale kinnitatav telefonihoidik klambriga, must v\u00e4rv - CompanySun","og_description":"Hoco HD10 bambusest klambriga lauahoidik (Lazy Stand) on universaalne hoidik, m\u00f5eldud mobiilseadmetele, nagu nutitelefonid ja tahvelarvutid. Valmistatud kvaliteetsetest materjalidest, sealhulgas ABS, silikoon ja painduv alumiiniumisulamist toruosa, tagades vastupidavuse ja stabiilsuse kasutamisel. Reguleeritav disain v\u00f5imaldab kohandada k\u00f5rgust ja nurka, v\u00f5imaldades seadmeid mugavalt kasutada erinevates asendites. Hoidik sobib telefonidele suurusega 4,5\u20137 tolli ja tahvelarvutitele 8\u201313 tolli, muutes...","og_url":"https:\/\/sunfixmobile.ee\/toode\/hoco-hd10-reguleeritav-lauale-kinnitatav-telefonihoidik-klambriga-must-varv\/","og_site_name":"CompanySun","article_publisher":"https:\/\/www.facebook.com\/sunfixtallinn","article_modified_time":"2026-01-20T00:00:13+00:00","og_image":[{"width":2000,"height":1335,"url":"https:\/\/sunfixmobile.ee\/wp-content\/uploads\/2022\/05\/1.jpg","type":"image\/jpeg"}],"twitter_card":"summary_large_image","twitter_misc":{"\u0426\u0435\u043d\u0430":"22,90&nbsp;&euro;","\u0414\u043e\u0441\u0442\u0443\u043f\u043d\u043e\u0441\u0442\u044c":"\u0412 \u043d\u0430\u043b\u0438\u0447\u0438\u0438"},"schema":{"@context":"https:\/\/schema.org","@graph":[{"@type":"WebPage","@id":"https:\/\/sunfixmobile.ee\/toode\/hoco-hd10-reguleeritav-lauale-kinnitatav-telefonihoidik-klambriga-must-varv\/","url":"https:\/\/sunfixmobile.ee\/toode\/hoco-hd10-reguleeritav-lauale-kinnitatav-telefonihoidik-klambriga-must-varv\/","name":"Hoco HD10 reguleeritav lauale kinnitatav telefonihoidik klambriga, must v\u00e4rv - CompanySun","isPartOf":{"@id":"https:\/\/sunfixmobile.ee\/#website"},"primaryImageOfPage":{"@id":"https:\/\/sunfixmobile.ee\/toode\/hoco-hd10-reguleeritav-lauale-kinnitatav-telefonihoidik-klambriga-must-varv\/#primaryimage"},"image":{"@id":"https:\/\/sunfixmobile.ee\/toode\/hoco-hd10-reguleeritav-lauale-kinnitatav-telefonihoidik-klambriga-must-varv\/#primaryimage"},"thumbnailUrl":"https:\/\/sunfixmobile.ee\/wp-content\/uploads\/2026\/01\/a69f6a2bb5442152e154c96c5ebafad7.webp","datePublished":"2026-01-19T10:19:39+00:00","dateModified":"2026-01-20T00:00:13+00:00","breadcrumb":{"@id":"https:\/\/sunfixmobile.ee\/toode\/hoco-hd10-reguleeritav-lauale-kinnitatav-telefonihoidik-klambriga-must-varv\/#breadcrumb"},"inLanguage":"ru-RU","potentialAction":[{"@type":"ReadAction","target":["https:\/\/sunfixmobile.ee\/toode\/hoco-hd10-reguleeritav-lauale-kinnitatav-telefonihoidik-klambriga-must-varv\/"]}]},{"@type":"ImageObject","inLanguage":"ru-RU","@id":"https:\/\/sunfixmobile.ee\/toode\/hoco-hd10-reguleeritav-lauale-kinnitatav-telefonihoidik-klambriga-must-varv\/#primaryimage","url":"https:\/\/sunfixmobile.ee\/wp-content\/uploads\/2026\/01\/a69f6a2bb5442152e154c96c5ebafad7.webp","contentUrl":"https:\/\/sunfixmobile.ee\/wp-content\/uploads\/2026\/01\/a69f6a2bb5442152e154c96c5ebafad7.webp","width":1000,"height":1000,"caption":"a69f6a2bb5442152e154c96c5ebafad7."},{"@type":"BreadcrumbList","@id":"https:\/\/sunfixmobile.ee\/toode\/hoco-hd10-reguleeritav-lauale-kinnitatav-telefonihoidik-klambriga-must-varv\/#breadcrumb","itemListElement":[{"@type":"ListItem","position":1,"name":"Home","item":"https:\/\/sunfixmobile.ee\/ru\/"},{"@type":"ListItem","position":2,"name":"\u0412\u0441\u0435 \u0442\u043e\u0432\u0430\u0440\u044b","item":"https:\/\/sunfixmobile.ee\/ru\/magazin\/"},{"@type":"ListItem","position":3,"name":"Hoco HD10 reguleeritav lauale kinnitatav telefonihoidik klambriga, must v\u00e4rv"}]},{"@type":"WebSite","@id":"https:\/\/sunfixmobile.ee\/#website","url":"https:\/\/sunfixmobile.ee\/","name":"CompanySun","description":"","publisher":{"@id":"https:\/\/sunfixmobile.ee\/#organization"},"potentialAction":[{"@type":"SearchAction","target":{"@type":"EntryPoint","urlTemplate":"https:\/\/sunfixmobile.ee\/?s={search_term_string}"},"query-input":{"@type":"PropertyValueSpecification","valueRequired":true,"valueName":"search_term_string"}}],"inLanguage":"ru-RU"},{"@type":"Organization","@id":"https:\/\/sunfixmobile.ee\/#organization","name":"CompanySun O\u00dc","url":"https:\/\/sunfixmobile.ee\/","logo":{"@type":"ImageObject","inLanguage":"ru-RU","@id":"https:\/\/sunfixmobile.ee\/#\/schema\/logo\/image\/","url":"https:\/\/sunfixmobile.ee\/wp-content\/uploads\/2022\/05\/logo.png","contentUrl":"https:\/\/sunfixmobile.ee\/wp-content\/uploads\/2022\/05\/logo.png","width":257,"height":85,"caption":"CompanySun O\u00dc"},"image":{"@id":"https:\/\/sunfixmobile.ee\/#\/schema\/logo\/image\/"},"sameAs":["https:\/\/www.facebook.com\/sunfixtallinn","https:\/\/www.instagram.com\/sunfix_eesti\/"]}]},"product_price_amount":"22.90","product_price_currency":"EUR","og_availability":"instock","product_availability":"instock","product_retailer_item_id":"6942007639224","product_condition":"new"},"_links":{"self":[{"href":"https:\/\/sunfixmobile.ee\/ru\/wp-json\/wp\/v2\/product\/17720","targetHints":{"allow":["GET"]}}],"collection":[{"href":"https:\/\/sunfixmobile.ee\/ru\/wp-json\/wp\/v2\/product"}],"about":[{"href":"https:\/\/sunfixmobile.ee\/ru\/wp-json\/wp\/v2\/types\/product"}],"wp:featuredmedia":[{"embeddable":true,"href":"https:\/\/sunfixmobile.ee\/ru\/wp-json\/wp\/v2\/media\/17714"}],"wp:attachment":[{"href":"https:\/\/sunfixmobile.ee\/ru\/wp-json\/wp\/v2\/media?parent=17720"}],"wp:term":[{"taxonomy":"product_brand","embeddable":true,"href":"https:\/\/sunfixmobile.ee\/ru\/wp-json\/wp\/v2\/product_brand?post=17720"},{"taxonomy":"product_cat","embeddable":true,"href":"https:\/\/sunfixmobile.ee\/ru\/wp-json\/wp\/v2\/product_cat?post=17720"},{"taxonomy":"product_tag","embeddable":true,"href":"https:\/\/sunfixmobile.ee\/ru\/wp-json\/wp\/v2\/product_tag?post=17720"}],"curies":[{"name":"wp","href":"https:\/\/api.w.org\/{rel}","templated":true}]}}