{"id":17558,"date":"2025-11-20T08:17:39","date_gmt":"2025-11-20T08:17:39","guid":{"rendered":"https:\/\/sunfixmobile.ee\/toode\/ssd-kovaketas-crucial-sise-ssd-bx500-1tb-25-tolli-ct1000bx500ssd1\/"},"modified":"2026-02-03T09:03:55","modified_gmt":"2026-02-03T09:03:55","slug":"ssd-kovaketas-crucial-sise-ssd-bx500-1tb-25-tolli-ct1000bx500ssd1","status":"publish","type":"product","link":"https:\/\/sunfixmobile.ee\/ru\/tovar\/ssd-kovaketas-crucial-sise-ssd-bx500-1tb-25-tolli-ct1000bx500ssd1\/","title":{"rendered":"SSD k\u00f5vaketas CRUCIAL &#8212; Sise SSD &#8212; BX500 &#8212; 1TB &#8212; 2,5&#8243; tolli (CT1000BX500SSD1)"},"content":{"rendered":"<p style=\"margin-left:0px\">&nbsp;<\/p>\n<figure class=\"table\">\n<table>\n<tbody>\n<tr>\n<td style=\"padding:0px;vertical-align:top\">\n<p style=\"margin-left:0px\"><strong>Seadme paigaldus<\/strong><\/p>\n<\/td>\n<td style=\"padding:0px;vertical-align:top\">Internal<\/td>\n<\/tr>\n<tr>\n<td style=\"padding:0px;vertical-align:top\">\n<p style=\"margin-left:0px\"><strong>Kujutegur<\/strong><\/p>\n<\/td>\n<td style=\"padding:0px;vertical-align:top\">2.5&#8243; 7mm<\/td>\n<\/tr>\n<tr>\n<td style=\"padding:0px;vertical-align:top\">\n<p style=\"margin-left:0px\"><strong>Salvestusm\u00e4lu maht<\/strong><\/p>\n<\/td>\n<td style=\"padding:0px;vertical-align:top\">1 TB<\/td>\n<\/tr>\n<tr>\n<td style=\"padding:0px;vertical-align:top\">\n<p style=\"margin-left:0px\"><strong>Toetab andmekanalit<\/strong><\/p>\n<\/td>\n<td style=\"padding:0px;vertical-align:top\">SATA III-600<\/td>\n<\/tr>\n<tr>\n<td style=\"padding:0px;vertical-align:top\">\n<p style=\"margin-left:0px\"><strong>V\u00e4liste andmete bitikiirus<\/strong><\/p>\n<\/td>\n<td style=\"padding:0px;vertical-align:top\">6 Gbps<\/td>\n<\/tr>\n<tr>\n<td style=\"padding:0px;vertical-align:top\">\n<p style=\"margin-left:0px\"><strong>M\u00e4lutehnoloogia<\/strong><\/p>\n<\/td>\n<td style=\"padding:0px;vertical-align:top\">NAND Flash<\/td>\n<\/tr>\n<tr>\n<td style=\"padding:0px;vertical-align:top\">\n<p style=\"margin-left:0px\"><strong>V\u00e4line v\u00e4rv<\/strong><\/p>\n<\/td>\n<td style=\"padding:0px;vertical-align:top\">Must<\/td>\n<\/tr>\n<tr>\n<td style=\"padding:0px;vertical-align:top\">\n<p style=\"margin-left:0px\"><strong>Maksimaalne j\u00e4rjestikune lugemiskiirus<\/strong><\/p>\n<\/td>\n<td style=\"padding:0px;vertical-align:top\">540 MB\/s<\/td>\n<\/tr>\n<tr>\n<td style=\"padding:0px;vertical-align:top\">\n<p style=\"margin-left:0px\"><strong>Maksimaalne j\u00e4rjestikuse kirjutamise kiirus<\/strong><\/p>\n<\/td>\n<td style=\"padding:0px;vertical-align:top\">500 MB\/s<\/td>\n<\/tr>\n<tr>\n<td style=\"padding:0px;vertical-align:top\">\n<p style=\"margin-left:0px\"><strong>SATA III portide arv<\/strong><\/p>\n<\/td>\n<td style=\"padding:0px;vertical-align:top\">1<\/td>\n<\/tr>\n<tr>\n<td style=\"padding:0px;vertical-align:top\">\n<p style=\"margin-left:0px\"><strong>K\u00f5rgus (mm)<\/strong><\/p>\n<\/td>\n<td style=\"padding:0px;vertical-align:top\">7 mm<\/td>\n<\/tr>\n<tr>\n<td style=\"padding:0px;vertical-align:top\">\n<p style=\"margin-left:0px\"><strong>Garantii kehtivusaeg (kuud)<\/strong><\/p>\n<\/td>\n<td style=\"padding:0px;vertical-align:top\">36 month(s)<\/td>\n<\/tr>\n<tr>\n<td style=\"padding:0px;vertical-align:top\">\n<p style=\"margin-left:0px\"><strong>Garantii kehtvusekinnitus<\/strong><\/p>\n<\/td>\n<td style=\"padding:0px;vertical-align:top\">Serial Number<\/td>\n<\/tr>\n<tr>\n<td style=\"padding:0px;vertical-align:top\">\n<p style=\"margin-left:0px\"><strong>Karbi pikkus (mm)<\/strong><\/p>\n<\/td>\n<td style=\"padding:0px;vertical-align:top\">13.2 mm<\/td>\n<\/tr>\n<tr>\n<td style=\"padding:0px;vertical-align:top\">\n<p style=\"margin-left:0px\"><strong>Karbi laius (mm)<\/strong><\/p>\n<\/td>\n<td style=\"padding:0px;vertical-align:top\">97 mm<\/td>\n<\/tr>\n<tr>\n<td style=\"padding:0px;vertical-align:top\">\n<p style=\"margin-left:0px\"><strong>Karbi k\u00f5rgus (mm)<\/strong><\/p>\n<\/td>\n<td style=\"padding:0px;vertical-align:top\">159.3 mm<\/td>\n<\/tr>\n<tr>\n<td style=\"padding:0px;vertical-align:top\">\n<p style=\"margin-left:0px\"><strong>Karbi brutokaal (kg)<\/strong><\/p>\n<\/td>\n<td style=\"padding:0px;vertical-align:top\">0.32 kg<\/td>\n<\/tr>\n<tr>\n<td style=\"padding:0px;vertical-align:top\">\n<p style=\"margin-left:0px\"><strong>Pakendi t\u00fc\u00fcp<\/strong><\/p>\n<\/td>\n<td style=\"padding:0px;vertical-align:top\">Retail<\/td>\n<\/tr>\n<\/tbody>\n<\/table>\n<\/figure>\n","protected":false},"excerpt":{"rendered":"<p>&nbsp; Seadme paigaldus Internal Kujutegur 2.5&#8243; 7mm Salvestusm\u00e4lu maht 1 TB Toetab andmekanalit SATA III-600 V\u00e4liste andmete bitikiirus 6 Gbps M\u00e4lutehnoloogia NAND Flash V\u00e4line v\u00e4rv Must Maksimaalne j\u00e4rjestikune lugemiskiirus 540 MB\/s Maksimaalne j\u00e4rjestikuse kirjutamise kiirus 500 MB\/s SATA III portide arv 1 K\u00f5rgus (mm) 7 mm Garantii kehtivusaeg (kuud) 36 month(s) Garantii kehtvusekinnitus Serial Number&#8230;<\/p>\n","protected":false},"featured_media":17550,"template":"","meta":[],"product_brand":[],"product_cat":[1251],"product_tag":[],"class_list":{"0":"post-17558","1":"product","2":"type-product","3":"status-publish","4":"has-post-thumbnail","6":"product_cat-malupulgad","8":"first","9":"instock","10":"taxable","11":"shipping-taxable","12":"purchasable","13":"product-type-simple"},"yoast_head":"<!-- This site is optimized with the Yoast SEO plugin v27.2 - https:\/\/yoast.com\/product\/yoast-seo-wordpress\/ -->\n<title>SSD k\u00f5vaketas CRUCIAL - Sise SSD - BX500 - 1TB - 2,5&quot; tolli (CT1000BX500SSD1) - CompanySun<\/title>\n<meta name=\"robots\" content=\"index, follow, max-snippet:-1, max-image-preview:large, max-video-preview:-1\" \/>\n<link rel=\"canonical\" href=\"https:\/\/sunfixmobile.ee\/toode\/ssd-kovaketas-crucial-sise-ssd-bx500-1tb-25-tolli-ct1000bx500ssd1\/\" \/>\n<meta property=\"og:locale\" content=\"ru_RU\" \/>\n<meta property=\"og:type\" content=\"article\" \/>\n<meta property=\"og:title\" content=\"SSD k\u00f5vaketas CRUCIAL - Sise SSD - BX500 - 1TB - 2,5&quot; tolli (CT1000BX500SSD1) - CompanySun\" \/>\n<meta property=\"og:description\" content=\"&nbsp; Seadme paigaldus Internal Kujutegur 2.5&#8243; 7mm Salvestusm\u00e4lu maht 1 TB Toetab andmekanalit SATA III-600 V\u00e4liste andmete bitikiirus 6 Gbps M\u00e4lutehnoloogia NAND Flash V\u00e4line v\u00e4rv Must Maksimaalne j\u00e4rjestikune lugemiskiirus 540 MB\/s Maksimaalne j\u00e4rjestikuse kirjutamise kiirus 500 MB\/s SATA III portide arv 1 K\u00f5rgus (mm) 7 mm Garantii kehtivusaeg (kuud) 36 month(s) Garantii kehtvusekinnitus Serial Number...\" \/>\n<meta property=\"og:url\" content=\"https:\/\/sunfixmobile.ee\/toode\/ssd-kovaketas-crucial-sise-ssd-bx500-1tb-25-tolli-ct1000bx500ssd1\/\" \/>\n<meta property=\"og:site_name\" content=\"CompanySun\" \/>\n<meta property=\"article:publisher\" content=\"https:\/\/www.facebook.com\/sunfixtallinn\" \/>\n<meta property=\"article:modified_time\" content=\"2026-02-03T09:03:55+00:00\" \/>\n<meta property=\"og:image\" content=\"https:\/\/sunfixmobile.ee\/wp-content\/uploads\/2025\/11\/display-3-3.jpg\" \/>\n\t<meta property=\"og:image:width\" content=\"1000\" \/>\n\t<meta property=\"og:image:height\" content=\"1000\" \/>\n\t<meta property=\"og:image:type\" content=\"image\/jpeg\" \/>\n<meta name=\"twitter:card\" content=\"summary_large_image\" \/>\n<meta name=\"twitter:label1\" content=\"\u0426\u0435\u043d\u0430\" \/>\n\t<meta name=\"twitter:data1\" content=\"120,00&nbsp;&euro;\" \/>\n\t<meta name=\"twitter:label2\" content=\"\u0414\u043e\u0441\u0442\u0443\u043f\u043d\u043e\u0441\u0442\u044c\" \/>\n\t<meta name=\"twitter:data2\" content=\"\u0412 \u043d\u0430\u043b\u0438\u0447\u0438\u0438\" \/>\n<script type=\"application\/ld+json\" class=\"yoast-schema-graph\">{\"@context\":\"https:\/\/schema.org\",\"@graph\":[{\"@type\":\"WebPage\",\"@id\":\"https:\/\/sunfixmobile.ee\/toode\/ssd-kovaketas-crucial-sise-ssd-bx500-1tb-25-tolli-ct1000bx500ssd1\/\",\"url\":\"https:\/\/sunfixmobile.ee\/toode\/ssd-kovaketas-crucial-sise-ssd-bx500-1tb-25-tolli-ct1000bx500ssd1\/\",\"name\":\"SSD k\u00f5vaketas CRUCIAL - Sise SSD - BX500 - 1TB - 2,5\\\" tolli (CT1000BX500SSD1) - CompanySun\",\"isPartOf\":{\"@id\":\"https:\/\/sunfixmobile.ee\/#website\"},\"primaryImageOfPage\":{\"@id\":\"https:\/\/sunfixmobile.ee\/toode\/ssd-kovaketas-crucial-sise-ssd-bx500-1tb-25-tolli-ct1000bx500ssd1\/#primaryimage\"},\"image\":{\"@id\":\"https:\/\/sunfixmobile.ee\/toode\/ssd-kovaketas-crucial-sise-ssd-bx500-1tb-25-tolli-ct1000bx500ssd1\/#primaryimage\"},\"thumbnailUrl\":\"https:\/\/sunfixmobile.ee\/wp-content\/uploads\/2025\/11\/display-3-3.jpg\",\"datePublished\":\"2025-11-20T08:17:39+00:00\",\"dateModified\":\"2026-02-03T09:03:55+00:00\",\"breadcrumb\":{\"@id\":\"https:\/\/sunfixmobile.ee\/toode\/ssd-kovaketas-crucial-sise-ssd-bx500-1tb-25-tolli-ct1000bx500ssd1\/#breadcrumb\"},\"inLanguage\":\"ru-RU\",\"potentialAction\":[{\"@type\":\"ReadAction\",\"target\":[\"https:\/\/sunfixmobile.ee\/toode\/ssd-kovaketas-crucial-sise-ssd-bx500-1tb-25-tolli-ct1000bx500ssd1\/\"]}]},{\"@type\":\"ImageObject\",\"inLanguage\":\"ru-RU\",\"@id\":\"https:\/\/sunfixmobile.ee\/toode\/ssd-kovaketas-crucial-sise-ssd-bx500-1tb-25-tolli-ct1000bx500ssd1\/#primaryimage\",\"url\":\"https:\/\/sunfixmobile.ee\/wp-content\/uploads\/2025\/11\/display-3-3.jpg\",\"contentUrl\":\"https:\/\/sunfixmobile.ee\/wp-content\/uploads\/2025\/11\/display-3-3.jpg\",\"width\":1000,\"height\":1000,\"caption\":\"display-3-3\"},{\"@type\":\"BreadcrumbList\",\"@id\":\"https:\/\/sunfixmobile.ee\/toode\/ssd-kovaketas-crucial-sise-ssd-bx500-1tb-25-tolli-ct1000bx500ssd1\/#breadcrumb\",\"itemListElement\":[{\"@type\":\"ListItem\",\"position\":1,\"name\":\"Home\",\"item\":\"https:\/\/sunfixmobile.ee\/ru\/\"},{\"@type\":\"ListItem\",\"position\":2,\"name\":\"\u0412\u0441\u0435 \u0442\u043e\u0432\u0430\u0440\u044b\",\"item\":\"https:\/\/sunfixmobile.ee\/ru\/magazin\/\"},{\"@type\":\"ListItem\",\"position\":3,\"name\":\"SSD k\u00f5vaketas CRUCIAL &#8211; Sise SSD &#8211; BX500 &#8211; 1TB &#8211; 2,5&#8243; tolli (CT1000BX500SSD1)\"}]},{\"@type\":\"WebSite\",\"@id\":\"https:\/\/sunfixmobile.ee\/#website\",\"url\":\"https:\/\/sunfixmobile.ee\/\",\"name\":\"CompanySun\",\"description\":\"\",\"publisher\":{\"@id\":\"https:\/\/sunfixmobile.ee\/#organization\"},\"potentialAction\":[{\"@type\":\"SearchAction\",\"target\":{\"@type\":\"EntryPoint\",\"urlTemplate\":\"https:\/\/sunfixmobile.ee\/?s={search_term_string}\"},\"query-input\":{\"@type\":\"PropertyValueSpecification\",\"valueRequired\":true,\"valueName\":\"search_term_string\"}}],\"inLanguage\":\"ru-RU\"},{\"@type\":\"Organization\",\"@id\":\"https:\/\/sunfixmobile.ee\/#organization\",\"name\":\"CompanySun O\u00dc\",\"url\":\"https:\/\/sunfixmobile.ee\/\",\"logo\":{\"@type\":\"ImageObject\",\"inLanguage\":\"ru-RU\",\"@id\":\"https:\/\/sunfixmobile.ee\/#\/schema\/logo\/image\/\",\"url\":\"https:\/\/sunfixmobile.ee\/wp-content\/uploads\/2022\/05\/logo.png\",\"contentUrl\":\"https:\/\/sunfixmobile.ee\/wp-content\/uploads\/2022\/05\/logo.png\",\"width\":257,\"height\":85,\"caption\":\"CompanySun O\u00dc\"},\"image\":{\"@id\":\"https:\/\/sunfixmobile.ee\/#\/schema\/logo\/image\/\"},\"sameAs\":[\"https:\/\/www.facebook.com\/sunfixtallinn\",\"https:\/\/www.instagram.com\/sunfix_eesti\/\"]}]}<\/script>\n<meta property=\"product:price:amount\" content=\"120.00\" \/>\n<meta property=\"product:price:currency\" content=\"EUR\" \/>\n<meta property=\"og:availability\" content=\"instock\" \/>\n<meta property=\"product:availability\" content=\"instock\" \/>\n<meta property=\"product:retailer_item_id\" content=\"649528821553\" \/>\n<meta property=\"product:condition\" content=\"new\" \/>\n<!-- \/ Yoast SEO plugin. -->","yoast_head_json":{"title":"SSD k\u00f5vaketas CRUCIAL - Sise SSD - BX500 - 1TB - 2,5\" tolli (CT1000BX500SSD1) - CompanySun","robots":{"index":"index","follow":"follow","max-snippet":"max-snippet:-1","max-image-preview":"max-image-preview:large","max-video-preview":"max-video-preview:-1"},"canonical":"https:\/\/sunfixmobile.ee\/toode\/ssd-kovaketas-crucial-sise-ssd-bx500-1tb-25-tolli-ct1000bx500ssd1\/","og_locale":"ru_RU","og_type":"article","og_title":"SSD k\u00f5vaketas CRUCIAL - Sise SSD - BX500 - 1TB - 2,5\" tolli (CT1000BX500SSD1) - CompanySun","og_description":"&nbsp; Seadme paigaldus Internal Kujutegur 2.5&#8243; 7mm Salvestusm\u00e4lu maht 1 TB Toetab andmekanalit SATA III-600 V\u00e4liste andmete bitikiirus 6 Gbps M\u00e4lutehnoloogia NAND Flash V\u00e4line v\u00e4rv Must Maksimaalne j\u00e4rjestikune lugemiskiirus 540 MB\/s Maksimaalne j\u00e4rjestikuse kirjutamise kiirus 500 MB\/s SATA III portide arv 1 K\u00f5rgus (mm) 7 mm Garantii kehtivusaeg (kuud) 36 month(s) Garantii kehtvusekinnitus Serial Number...","og_url":"https:\/\/sunfixmobile.ee\/toode\/ssd-kovaketas-crucial-sise-ssd-bx500-1tb-25-tolli-ct1000bx500ssd1\/","og_site_name":"CompanySun","article_publisher":"https:\/\/www.facebook.com\/sunfixtallinn","article_modified_time":"2026-02-03T09:03:55+00:00","og_image":[{"width":1000,"height":1000,"url":"https:\/\/sunfixmobile.ee\/wp-content\/uploads\/2025\/11\/display-3-3.jpg","type":"image\/jpeg"}],"twitter_card":"summary_large_image","twitter_misc":{"\u0426\u0435\u043d\u0430":"120,00&nbsp;&euro;","\u0414\u043e\u0441\u0442\u0443\u043f\u043d\u043e\u0441\u0442\u044c":"\u0412 \u043d\u0430\u043b\u0438\u0447\u0438\u0438"},"schema":{"@context":"https:\/\/schema.org","@graph":[{"@type":"WebPage","@id":"https:\/\/sunfixmobile.ee\/toode\/ssd-kovaketas-crucial-sise-ssd-bx500-1tb-25-tolli-ct1000bx500ssd1\/","url":"https:\/\/sunfixmobile.ee\/toode\/ssd-kovaketas-crucial-sise-ssd-bx500-1tb-25-tolli-ct1000bx500ssd1\/","name":"SSD k\u00f5vaketas CRUCIAL - Sise SSD - BX500 - 1TB - 2,5\" tolli (CT1000BX500SSD1) - CompanySun","isPartOf":{"@id":"https:\/\/sunfixmobile.ee\/#website"},"primaryImageOfPage":{"@id":"https:\/\/sunfixmobile.ee\/toode\/ssd-kovaketas-crucial-sise-ssd-bx500-1tb-25-tolli-ct1000bx500ssd1\/#primaryimage"},"image":{"@id":"https:\/\/sunfixmobile.ee\/toode\/ssd-kovaketas-crucial-sise-ssd-bx500-1tb-25-tolli-ct1000bx500ssd1\/#primaryimage"},"thumbnailUrl":"https:\/\/sunfixmobile.ee\/wp-content\/uploads\/2025\/11\/display-3-3.jpg","datePublished":"2025-11-20T08:17:39+00:00","dateModified":"2026-02-03T09:03:55+00:00","breadcrumb":{"@id":"https:\/\/sunfixmobile.ee\/toode\/ssd-kovaketas-crucial-sise-ssd-bx500-1tb-25-tolli-ct1000bx500ssd1\/#breadcrumb"},"inLanguage":"ru-RU","potentialAction":[{"@type":"ReadAction","target":["https:\/\/sunfixmobile.ee\/toode\/ssd-kovaketas-crucial-sise-ssd-bx500-1tb-25-tolli-ct1000bx500ssd1\/"]}]},{"@type":"ImageObject","inLanguage":"ru-RU","@id":"https:\/\/sunfixmobile.ee\/toode\/ssd-kovaketas-crucial-sise-ssd-bx500-1tb-25-tolli-ct1000bx500ssd1\/#primaryimage","url":"https:\/\/sunfixmobile.ee\/wp-content\/uploads\/2025\/11\/display-3-3.jpg","contentUrl":"https:\/\/sunfixmobile.ee\/wp-content\/uploads\/2025\/11\/display-3-3.jpg","width":1000,"height":1000,"caption":"display-3-3"},{"@type":"BreadcrumbList","@id":"https:\/\/sunfixmobile.ee\/toode\/ssd-kovaketas-crucial-sise-ssd-bx500-1tb-25-tolli-ct1000bx500ssd1\/#breadcrumb","itemListElement":[{"@type":"ListItem","position":1,"name":"Home","item":"https:\/\/sunfixmobile.ee\/ru\/"},{"@type":"ListItem","position":2,"name":"\u0412\u0441\u0435 \u0442\u043e\u0432\u0430\u0440\u044b","item":"https:\/\/sunfixmobile.ee\/ru\/magazin\/"},{"@type":"ListItem","position":3,"name":"SSD k\u00f5vaketas CRUCIAL &#8211; Sise SSD &#8211; BX500 &#8211; 1TB &#8211; 2,5&#8243; tolli (CT1000BX500SSD1)"}]},{"@type":"WebSite","@id":"https:\/\/sunfixmobile.ee\/#website","url":"https:\/\/sunfixmobile.ee\/","name":"CompanySun","description":"","publisher":{"@id":"https:\/\/sunfixmobile.ee\/#organization"},"potentialAction":[{"@type":"SearchAction","target":{"@type":"EntryPoint","urlTemplate":"https:\/\/sunfixmobile.ee\/?s={search_term_string}"},"query-input":{"@type":"PropertyValueSpecification","valueRequired":true,"valueName":"search_term_string"}}],"inLanguage":"ru-RU"},{"@type":"Organization","@id":"https:\/\/sunfixmobile.ee\/#organization","name":"CompanySun O\u00dc","url":"https:\/\/sunfixmobile.ee\/","logo":{"@type":"ImageObject","inLanguage":"ru-RU","@id":"https:\/\/sunfixmobile.ee\/#\/schema\/logo\/image\/","url":"https:\/\/sunfixmobile.ee\/wp-content\/uploads\/2022\/05\/logo.png","contentUrl":"https:\/\/sunfixmobile.ee\/wp-content\/uploads\/2022\/05\/logo.png","width":257,"height":85,"caption":"CompanySun O\u00dc"},"image":{"@id":"https:\/\/sunfixmobile.ee\/#\/schema\/logo\/image\/"},"sameAs":["https:\/\/www.facebook.com\/sunfixtallinn","https:\/\/www.instagram.com\/sunfix_eesti\/"]}]},"product_price_amount":"120.00","product_price_currency":"EUR","og_availability":"instock","product_availability":"instock","product_retailer_item_id":"649528821553","product_condition":"new"},"_links":{"self":[{"href":"https:\/\/sunfixmobile.ee\/ru\/wp-json\/wp\/v2\/product\/17558","targetHints":{"allow":["GET"]}}],"collection":[{"href":"https:\/\/sunfixmobile.ee\/ru\/wp-json\/wp\/v2\/product"}],"about":[{"href":"https:\/\/sunfixmobile.ee\/ru\/wp-json\/wp\/v2\/types\/product"}],"wp:featuredmedia":[{"embeddable":true,"href":"https:\/\/sunfixmobile.ee\/ru\/wp-json\/wp\/v2\/media\/17550"}],"wp:attachment":[{"href":"https:\/\/sunfixmobile.ee\/ru\/wp-json\/wp\/v2\/media?parent=17558"}],"wp:term":[{"taxonomy":"product_brand","embeddable":true,"href":"https:\/\/sunfixmobile.ee\/ru\/wp-json\/wp\/v2\/product_brand?post=17558"},{"taxonomy":"product_cat","embeddable":true,"href":"https:\/\/sunfixmobile.ee\/ru\/wp-json\/wp\/v2\/product_cat?post=17558"},{"taxonomy":"product_tag","embeddable":true,"href":"https:\/\/sunfixmobile.ee\/ru\/wp-json\/wp\/v2\/product_tag?post=17558"}],"curies":[{"name":"wp","href":"https:\/\/api.w.org\/{rel}","templated":true}]}}