{"id":17522,"date":"2025-11-18T12:32:42","date_gmt":"2025-11-18T12:32:42","guid":{"rendered":"https:\/\/sunfixmobile.ee\/toode\/borofone-seinalaadija-bn14-royal-gan-usb-type-c-qc-3-0-pd-30w-type-c-lightning-kaabliga-must\/"},"modified":"2026-02-01T00:00:05","modified_gmt":"2026-02-01T00:00:05","slug":"borofone-seinalaadija-bn14-royal-gan-usb-type-c-qc-3-0-pd-30w-type-c-lightning-kaabliga-must","status":"publish","type":"product","link":"https:\/\/sunfixmobile.ee\/ru\/tovar\/borofone-seinalaadija-bn14-royal-gan-usb-type-c-qc-3-0-pd-30w-type-c-lightning-kaabliga-must\/","title":{"rendered":"Borofone seinalaadija BN14 Royal GaN \u2013 USB + Type-C, QC 3.0 PD 30W, Type-C\u2013Lightning kaabliga, must"},"content":{"rendered":"<p><strong>Borofone seinalaadija BN14 Royal GaN \u2013 USB + Type-C, QC 3.0 PD 30W, Type-C\u2013Lightning kaabliga, must<\/strong><\/p>\n<p><strong>Omadused:<\/strong><\/p>\n<p>Materjal: Leegiaeglustatud PC<\/p>\n<p>V\u00e4ljund:<\/p>\n<p>USB Type-C: 30W (PD\/PPS\/QC\/FCP\/AFC)<\/p>\n<p>USB-A: 30W (QC\/FCP\/AFC)<\/p>\n<p>Type-C + USB-A: 5V\/3A<\/p>\n<p>M\u00f5\u00f5tmed: 77 \u00d7 33 \u00d7 29 mm<\/p>\n<p>Kaal: 72 g<\/p>\n<p>Komplektis: 1 m USB-C\u2013Lightning kaabel<\/p>\n","protected":false},"excerpt":{"rendered":"<p>Borofone seinalaadija BN14 Royal GaN \u2013 USB + Type-C, QC 3.0 PD 30W, Type-C\u2013Lightning kaabliga, must Omadused: Materjal: Leegiaeglustatud PC V\u00e4ljund: USB Type-C: 30W (PD\/PPS\/QC\/FCP\/AFC) USB-A: 30W (QC\/FCP\/AFC) Type-C + USB-A: 5V\/3A M\u00f5\u00f5tmed: 77 \u00d7 33 \u00d7 29 mm Kaal: 72 g Komplektis: 1 m USB-C\u2013Lightning kaabel<\/p>\n","protected":false},"featured_media":17518,"template":"","meta":[],"product_brand":[],"product_cat":[1257],"product_tag":[],"class_list":{"0":"post-17522","1":"product","2":"type-product","3":"status-publish","4":"has-post-thumbnail","6":"product_cat-adapterid","8":"first","9":"instock","10":"taxable","11":"shipping-taxable","12":"purchasable","13":"product-type-simple"},"yoast_head":"<!-- This site is optimized with the Yoast SEO plugin v27.2 - https:\/\/yoast.com\/product\/yoast-seo-wordpress\/ -->\n<title>Borofone seinalaadija BN14 Royal GaN \u2013 USB + Type-C, QC 3.0 PD 30W, Type-C\u2013Lightning kaabliga, must - CompanySun<\/title>\n<meta name=\"robots\" content=\"index, follow, max-snippet:-1, max-image-preview:large, max-video-preview:-1\" \/>\n<link rel=\"canonical\" href=\"https:\/\/sunfixmobile.ee\/toode\/borofone-seinalaadija-bn14-royal-gan-usb-type-c-qc-3-0-pd-30w-type-c-lightning-kaabliga-must\/\" \/>\n<meta property=\"og:locale\" content=\"ru_RU\" \/>\n<meta property=\"og:type\" content=\"article\" \/>\n<meta property=\"og:title\" content=\"Borofone seinalaadija BN14 Royal GaN \u2013 USB + Type-C, QC 3.0 PD 30W, Type-C\u2013Lightning kaabliga, must - CompanySun\" \/>\n<meta property=\"og:description\" content=\"Borofone seinalaadija BN14 Royal GaN \u2013 USB + Type-C, QC 3.0 PD 30W, Type-C\u2013Lightning kaabliga, must Omadused: Materjal: Leegiaeglustatud PC V\u00e4ljund: USB Type-C: 30W (PD\/PPS\/QC\/FCP\/AFC) USB-A: 30W (QC\/FCP\/AFC) Type-C + USB-A: 5V\/3A M\u00f5\u00f5tmed: 77 \u00d7 33 \u00d7 29 mm Kaal: 72 g Komplektis: 1 m USB-C\u2013Lightning kaabel\" \/>\n<meta property=\"og:url\" content=\"https:\/\/sunfixmobile.ee\/toode\/borofone-seinalaadija-bn14-royal-gan-usb-type-c-qc-3-0-pd-30w-type-c-lightning-kaabliga-must\/\" \/>\n<meta property=\"og:site_name\" content=\"CompanySun\" \/>\n<meta property=\"article:publisher\" content=\"https:\/\/www.facebook.com\/sunfixtallinn\" \/>\n<meta property=\"article:modified_time\" content=\"2026-02-01T00:00:05+00:00\" \/>\n<meta property=\"og:image\" content=\"https:\/\/sunfixmobile.ee\/wp-content\/uploads\/2022\/05\/1.jpg\" \/>\n\t<meta property=\"og:image:width\" content=\"2000\" \/>\n\t<meta property=\"og:image:height\" content=\"1335\" \/>\n\t<meta property=\"og:image:type\" content=\"image\/jpeg\" \/>\n<meta name=\"twitter:card\" content=\"summary_large_image\" \/>\n<meta name=\"twitter:label1\" content=\"\u0426\u0435\u043d\u0430\" \/>\n\t<meta name=\"twitter:data1\" content=\"26,90&nbsp;&euro;\" \/>\n\t<meta name=\"twitter:label2\" content=\"\u0414\u043e\u0441\u0442\u0443\u043f\u043d\u043e\u0441\u0442\u044c\" \/>\n\t<meta name=\"twitter:data2\" content=\"\u0412 \u043d\u0430\u043b\u0438\u0447\u0438\u0438\" \/>\n<script type=\"application\/ld+json\" class=\"yoast-schema-graph\">{\"@context\":\"https:\/\/schema.org\",\"@graph\":[{\"@type\":\"WebPage\",\"@id\":\"https:\/\/sunfixmobile.ee\/toode\/borofone-seinalaadija-bn14-royal-gan-usb-type-c-qc-3-0-pd-30w-type-c-lightning-kaabliga-must\/\",\"url\":\"https:\/\/sunfixmobile.ee\/toode\/borofone-seinalaadija-bn14-royal-gan-usb-type-c-qc-3-0-pd-30w-type-c-lightning-kaabliga-must\/\",\"name\":\"Borofone seinalaadija BN14 Royal GaN \u2013 USB + Type-C, QC 3.0 PD 30W, Type-C\u2013Lightning kaabliga, must - CompanySun\",\"isPartOf\":{\"@id\":\"https:\/\/sunfixmobile.ee\/#website\"},\"primaryImageOfPage\":{\"@id\":\"https:\/\/sunfixmobile.ee\/toode\/borofone-seinalaadija-bn14-royal-gan-usb-type-c-qc-3-0-pd-30w-type-c-lightning-kaabliga-must\/#primaryimage\"},\"image\":{\"@id\":\"https:\/\/sunfixmobile.ee\/toode\/borofone-seinalaadija-bn14-royal-gan-usb-type-c-qc-3-0-pd-30w-type-c-lightning-kaabliga-must\/#primaryimage\"},\"thumbnailUrl\":\"https:\/\/sunfixmobile.ee\/wp-content\/uploads\/2025\/11\/toptel-photo-38-4.jpg\",\"datePublished\":\"2025-11-18T12:32:42+00:00\",\"dateModified\":\"2026-02-01T00:00:05+00:00\",\"breadcrumb\":{\"@id\":\"https:\/\/sunfixmobile.ee\/toode\/borofone-seinalaadija-bn14-royal-gan-usb-type-c-qc-3-0-pd-30w-type-c-lightning-kaabliga-must\/#breadcrumb\"},\"inLanguage\":\"ru-RU\",\"potentialAction\":[{\"@type\":\"ReadAction\",\"target\":[\"https:\/\/sunfixmobile.ee\/toode\/borofone-seinalaadija-bn14-royal-gan-usb-type-c-qc-3-0-pd-30w-type-c-lightning-kaabliga-must\/\"]}]},{\"@type\":\"ImageObject\",\"inLanguage\":\"ru-RU\",\"@id\":\"https:\/\/sunfixmobile.ee\/toode\/borofone-seinalaadija-bn14-royal-gan-usb-type-c-qc-3-0-pd-30w-type-c-lightning-kaabliga-must\/#primaryimage\",\"url\":\"https:\/\/sunfixmobile.ee\/wp-content\/uploads\/2025\/11\/toptel-photo-38-4.jpg\",\"contentUrl\":\"https:\/\/sunfixmobile.ee\/wp-content\/uploads\/2025\/11\/toptel-photo-38-4.jpg\",\"width\":800,\"height\":800,\"caption\":\"toptel-photo-38-4\"},{\"@type\":\"BreadcrumbList\",\"@id\":\"https:\/\/sunfixmobile.ee\/toode\/borofone-seinalaadija-bn14-royal-gan-usb-type-c-qc-3-0-pd-30w-type-c-lightning-kaabliga-must\/#breadcrumb\",\"itemListElement\":[{\"@type\":\"ListItem\",\"position\":1,\"name\":\"Home\",\"item\":\"https:\/\/sunfixmobile.ee\/ru\/\"},{\"@type\":\"ListItem\",\"position\":2,\"name\":\"\u0412\u0441\u0435 \u0442\u043e\u0432\u0430\u0440\u044b\",\"item\":\"https:\/\/sunfixmobile.ee\/ru\/magazin\/\"},{\"@type\":\"ListItem\",\"position\":3,\"name\":\"Borofone seinalaadija BN14 Royal GaN \u2013 USB + Type-C, QC 3.0 PD 30W, Type-C\u2013Lightning kaabliga, must\"}]},{\"@type\":\"WebSite\",\"@id\":\"https:\/\/sunfixmobile.ee\/#website\",\"url\":\"https:\/\/sunfixmobile.ee\/\",\"name\":\"CompanySun\",\"description\":\"\",\"publisher\":{\"@id\":\"https:\/\/sunfixmobile.ee\/#organization\"},\"potentialAction\":[{\"@type\":\"SearchAction\",\"target\":{\"@type\":\"EntryPoint\",\"urlTemplate\":\"https:\/\/sunfixmobile.ee\/?s={search_term_string}\"},\"query-input\":{\"@type\":\"PropertyValueSpecification\",\"valueRequired\":true,\"valueName\":\"search_term_string\"}}],\"inLanguage\":\"ru-RU\"},{\"@type\":\"Organization\",\"@id\":\"https:\/\/sunfixmobile.ee\/#organization\",\"name\":\"CompanySun O\u00dc\",\"url\":\"https:\/\/sunfixmobile.ee\/\",\"logo\":{\"@type\":\"ImageObject\",\"inLanguage\":\"ru-RU\",\"@id\":\"https:\/\/sunfixmobile.ee\/#\/schema\/logo\/image\/\",\"url\":\"https:\/\/sunfixmobile.ee\/wp-content\/uploads\/2022\/05\/logo.png\",\"contentUrl\":\"https:\/\/sunfixmobile.ee\/wp-content\/uploads\/2022\/05\/logo.png\",\"width\":257,\"height\":85,\"caption\":\"CompanySun O\u00dc\"},\"image\":{\"@id\":\"https:\/\/sunfixmobile.ee\/#\/schema\/logo\/image\/\"},\"sameAs\":[\"https:\/\/www.facebook.com\/sunfixtallinn\",\"https:\/\/www.instagram.com\/sunfix_eesti\/\"]}]}<\/script>\n<meta property=\"product:price:amount\" content=\"26.90\" \/>\n<meta property=\"product:price:currency\" content=\"EUR\" \/>\n<meta property=\"og:availability\" content=\"instock\" \/>\n<meta property=\"product:availability\" content=\"instock\" \/>\n<meta property=\"product:retailer_item_id\" content=\"6941991106866\" \/>\n<meta property=\"product:condition\" content=\"new\" \/>\n<!-- \/ Yoast SEO plugin. -->","yoast_head_json":{"title":"Borofone seinalaadija BN14 Royal GaN \u2013 USB + Type-C, QC 3.0 PD 30W, Type-C\u2013Lightning kaabliga, must - CompanySun","robots":{"index":"index","follow":"follow","max-snippet":"max-snippet:-1","max-image-preview":"max-image-preview:large","max-video-preview":"max-video-preview:-1"},"canonical":"https:\/\/sunfixmobile.ee\/toode\/borofone-seinalaadija-bn14-royal-gan-usb-type-c-qc-3-0-pd-30w-type-c-lightning-kaabliga-must\/","og_locale":"ru_RU","og_type":"article","og_title":"Borofone seinalaadija BN14 Royal GaN \u2013 USB + Type-C, QC 3.0 PD 30W, Type-C\u2013Lightning kaabliga, must - CompanySun","og_description":"Borofone seinalaadija BN14 Royal GaN \u2013 USB + Type-C, QC 3.0 PD 30W, Type-C\u2013Lightning kaabliga, must Omadused: Materjal: Leegiaeglustatud PC V\u00e4ljund: USB Type-C: 30W (PD\/PPS\/QC\/FCP\/AFC) USB-A: 30W (QC\/FCP\/AFC) Type-C + USB-A: 5V\/3A M\u00f5\u00f5tmed: 77 \u00d7 33 \u00d7 29 mm Kaal: 72 g Komplektis: 1 m USB-C\u2013Lightning kaabel","og_url":"https:\/\/sunfixmobile.ee\/toode\/borofone-seinalaadija-bn14-royal-gan-usb-type-c-qc-3-0-pd-30w-type-c-lightning-kaabliga-must\/","og_site_name":"CompanySun","article_publisher":"https:\/\/www.facebook.com\/sunfixtallinn","article_modified_time":"2026-02-01T00:00:05+00:00","og_image":[{"width":2000,"height":1335,"url":"https:\/\/sunfixmobile.ee\/wp-content\/uploads\/2022\/05\/1.jpg","type":"image\/jpeg"}],"twitter_card":"summary_large_image","twitter_misc":{"\u0426\u0435\u043d\u0430":"26,90&nbsp;&euro;","\u0414\u043e\u0441\u0442\u0443\u043f\u043d\u043e\u0441\u0442\u044c":"\u0412 \u043d\u0430\u043b\u0438\u0447\u0438\u0438"},"schema":{"@context":"https:\/\/schema.org","@graph":[{"@type":"WebPage","@id":"https:\/\/sunfixmobile.ee\/toode\/borofone-seinalaadija-bn14-royal-gan-usb-type-c-qc-3-0-pd-30w-type-c-lightning-kaabliga-must\/","url":"https:\/\/sunfixmobile.ee\/toode\/borofone-seinalaadija-bn14-royal-gan-usb-type-c-qc-3-0-pd-30w-type-c-lightning-kaabliga-must\/","name":"Borofone seinalaadija BN14 Royal GaN \u2013 USB + Type-C, QC 3.0 PD 30W, Type-C\u2013Lightning kaabliga, must - CompanySun","isPartOf":{"@id":"https:\/\/sunfixmobile.ee\/#website"},"primaryImageOfPage":{"@id":"https:\/\/sunfixmobile.ee\/toode\/borofone-seinalaadija-bn14-royal-gan-usb-type-c-qc-3-0-pd-30w-type-c-lightning-kaabliga-must\/#primaryimage"},"image":{"@id":"https:\/\/sunfixmobile.ee\/toode\/borofone-seinalaadija-bn14-royal-gan-usb-type-c-qc-3-0-pd-30w-type-c-lightning-kaabliga-must\/#primaryimage"},"thumbnailUrl":"https:\/\/sunfixmobile.ee\/wp-content\/uploads\/2025\/11\/toptel-photo-38-4.jpg","datePublished":"2025-11-18T12:32:42+00:00","dateModified":"2026-02-01T00:00:05+00:00","breadcrumb":{"@id":"https:\/\/sunfixmobile.ee\/toode\/borofone-seinalaadija-bn14-royal-gan-usb-type-c-qc-3-0-pd-30w-type-c-lightning-kaabliga-must\/#breadcrumb"},"inLanguage":"ru-RU","potentialAction":[{"@type":"ReadAction","target":["https:\/\/sunfixmobile.ee\/toode\/borofone-seinalaadija-bn14-royal-gan-usb-type-c-qc-3-0-pd-30w-type-c-lightning-kaabliga-must\/"]}]},{"@type":"ImageObject","inLanguage":"ru-RU","@id":"https:\/\/sunfixmobile.ee\/toode\/borofone-seinalaadija-bn14-royal-gan-usb-type-c-qc-3-0-pd-30w-type-c-lightning-kaabliga-must\/#primaryimage","url":"https:\/\/sunfixmobile.ee\/wp-content\/uploads\/2025\/11\/toptel-photo-38-4.jpg","contentUrl":"https:\/\/sunfixmobile.ee\/wp-content\/uploads\/2025\/11\/toptel-photo-38-4.jpg","width":800,"height":800,"caption":"toptel-photo-38-4"},{"@type":"BreadcrumbList","@id":"https:\/\/sunfixmobile.ee\/toode\/borofone-seinalaadija-bn14-royal-gan-usb-type-c-qc-3-0-pd-30w-type-c-lightning-kaabliga-must\/#breadcrumb","itemListElement":[{"@type":"ListItem","position":1,"name":"Home","item":"https:\/\/sunfixmobile.ee\/ru\/"},{"@type":"ListItem","position":2,"name":"\u0412\u0441\u0435 \u0442\u043e\u0432\u0430\u0440\u044b","item":"https:\/\/sunfixmobile.ee\/ru\/magazin\/"},{"@type":"ListItem","position":3,"name":"Borofone seinalaadija BN14 Royal GaN \u2013 USB + Type-C, QC 3.0 PD 30W, Type-C\u2013Lightning kaabliga, must"}]},{"@type":"WebSite","@id":"https:\/\/sunfixmobile.ee\/#website","url":"https:\/\/sunfixmobile.ee\/","name":"CompanySun","description":"","publisher":{"@id":"https:\/\/sunfixmobile.ee\/#organization"},"potentialAction":[{"@type":"SearchAction","target":{"@type":"EntryPoint","urlTemplate":"https:\/\/sunfixmobile.ee\/?s={search_term_string}"},"query-input":{"@type":"PropertyValueSpecification","valueRequired":true,"valueName":"search_term_string"}}],"inLanguage":"ru-RU"},{"@type":"Organization","@id":"https:\/\/sunfixmobile.ee\/#organization","name":"CompanySun O\u00dc","url":"https:\/\/sunfixmobile.ee\/","logo":{"@type":"ImageObject","inLanguage":"ru-RU","@id":"https:\/\/sunfixmobile.ee\/#\/schema\/logo\/image\/","url":"https:\/\/sunfixmobile.ee\/wp-content\/uploads\/2022\/05\/logo.png","contentUrl":"https:\/\/sunfixmobile.ee\/wp-content\/uploads\/2022\/05\/logo.png","width":257,"height":85,"caption":"CompanySun O\u00dc"},"image":{"@id":"https:\/\/sunfixmobile.ee\/#\/schema\/logo\/image\/"},"sameAs":["https:\/\/www.facebook.com\/sunfixtallinn","https:\/\/www.instagram.com\/sunfix_eesti\/"]}]},"product_price_amount":"26.90","product_price_currency":"EUR","og_availability":"instock","product_availability":"instock","product_retailer_item_id":"6941991106866","product_condition":"new"},"_links":{"self":[{"href":"https:\/\/sunfixmobile.ee\/ru\/wp-json\/wp\/v2\/product\/17522","targetHints":{"allow":["GET"]}}],"collection":[{"href":"https:\/\/sunfixmobile.ee\/ru\/wp-json\/wp\/v2\/product"}],"about":[{"href":"https:\/\/sunfixmobile.ee\/ru\/wp-json\/wp\/v2\/types\/product"}],"wp:featuredmedia":[{"embeddable":true,"href":"https:\/\/sunfixmobile.ee\/ru\/wp-json\/wp\/v2\/media\/17518"}],"wp:attachment":[{"href":"https:\/\/sunfixmobile.ee\/ru\/wp-json\/wp\/v2\/media?parent=17522"}],"wp:term":[{"taxonomy":"product_brand","embeddable":true,"href":"https:\/\/sunfixmobile.ee\/ru\/wp-json\/wp\/v2\/product_brand?post=17522"},{"taxonomy":"product_cat","embeddable":true,"href":"https:\/\/sunfixmobile.ee\/ru\/wp-json\/wp\/v2\/product_cat?post=17522"},{"taxonomy":"product_tag","embeddable":true,"href":"https:\/\/sunfixmobile.ee\/ru\/wp-json\/wp\/v2\/product_tag?post=17522"}],"curies":[{"name":"wp","href":"https:\/\/api.w.org\/{rel}","templated":true}]}}