{"id":17346,"date":"2025-11-12T09:10:36","date_gmt":"2025-11-12T09:10:36","guid":{"rendered":"https:\/\/sunfixmobile.ee\/toode\/auto-telefonialus-induktsioonlaadimisega-hoco-15w-ohuavasse-hw30-must\/"},"modified":"2026-04-08T03:00:11","modified_gmt":"2026-04-08T00:00:11","slug":"auto-telefonialus-induktsioonlaadimisega-hoco-15w-ohuavasse-hw30-must","status":"publish","type":"product","link":"https:\/\/sunfixmobile.ee\/ru\/tovar\/auto-telefonialus-induktsioonlaadimisega-hoco-15w-ohuavasse-hw30-must\/","title":{"rendered":"Auto telefonialus induktsioonlaadimisega Hoco 15W \u00f5huavasse HW30 must"},"content":{"rendered":"<p><strong>Hoco HW30 autohoidik induktsioonlaadimisega 15W<\/strong> on funktsionaalne aksessuaar paigaldamiseks auto \u00f5huavasse.<\/p>\n<p>See v\u00f5imaldab samal ajal nutitelefoni laadida ja mugavalt navigeerimist kasutada \u2013 ilma kaablite vajaduseta.<\/p>\n<p>Toetab kiiret juhtmevaba laadimist Qi standardi abil kuni 15W, automaatselt kohandades sobiva v\u00f5imsuse vastavalt telefoni mudelile. \u00dchilduv enamikus kaasaegsete nutitelefonidega, sealhulgas iPhone\u2019idega ja Android-seadmetega.<\/p>\n<p>Kompaktne disain ja k\u00e4te automaatne kinnituss\u00fcsteem tagavad telefoni stabiilse hoidmise isegi eba\u00fchtlasel teel s\u00f5ites. Hoiik kinnitub otse \u00f5huavasse \u2013 ei sega vaadet ja v\u00f5imaldab mugavat ligip\u00e4\u00e4su ekraanile.<\/p>\n<p><strong>Tehnilised andmed:<\/strong><\/p>\n<p><strong>Funktsioon:<\/strong> induktsioonlaadija + autohoidik<\/p>\n<p><strong>Laadimisv\u00f5imsus:<\/strong> kuni 15 W<\/p>\n<p><strong>\u00dchilduvus:<\/strong> Qi standardiga nutitelefonid (4,5\u20137,0 tolli)<\/p>\n<p><strong>Paigaldus:<\/strong> \u00f5huava<\/p>\n<p><strong>Mekanism:<\/strong> automaatne kinnitus<\/p>\n","protected":false},"excerpt":{"rendered":"<p>Hoco HW30 autohoidik induktsioonlaadimisega 15W on funktsionaalne aksessuaar paigaldamiseks auto \u00f5huavasse. See v\u00f5imaldab samal ajal nutitelefoni laadida ja mugavalt navigeerimist kasutada \u2013 ilma kaablite vajaduseta. Toetab kiiret juhtmevaba laadimist Qi standardi abil kuni 15W, automaatselt kohandades sobiva v\u00f5imsuse vastavalt telefoni mudelile. \u00dchilduv enamikus kaasaegsete nutitelefonidega, sealhulgas iPhone\u2019idega ja Android-seadmetega. Kompaktne disain ja k\u00e4te automaatne kinnituss\u00fcsteem&#8230;<\/p>\n","protected":false},"featured_media":17338,"template":"","meta":[],"product_brand":[],"product_cat":[1244],"product_tag":[],"class_list":{"0":"post-17346","1":"product","2":"type-product","3":"status-publish","4":"has-post-thumbnail","6":"product_cat-hoidjad","8":"first","9":"instock","10":"taxable","11":"shipping-taxable","12":"purchasable","13":"product-type-simple"},"yoast_head":"<!-- This site is optimized with the Yoast SEO plugin v27.2 - https:\/\/yoast.com\/product\/yoast-seo-wordpress\/ -->\n<title>Auto telefonialus induktsioonlaadimisega Hoco 15W \u00f5huavasse HW30 must - CompanySun<\/title>\n<meta name=\"robots\" content=\"index, follow, max-snippet:-1, max-image-preview:large, max-video-preview:-1\" \/>\n<link rel=\"canonical\" href=\"https:\/\/sunfixmobile.ee\/toode\/auto-telefonialus-induktsioonlaadimisega-hoco-15w-ohuavasse-hw30-must\/\" \/>\n<meta property=\"og:locale\" content=\"ru_RU\" \/>\n<meta property=\"og:type\" content=\"article\" \/>\n<meta property=\"og:title\" content=\"Auto telefonialus induktsioonlaadimisega Hoco 15W \u00f5huavasse HW30 must - CompanySun\" \/>\n<meta property=\"og:description\" content=\"Hoco HW30 autohoidik induktsioonlaadimisega 15W on funktsionaalne aksessuaar paigaldamiseks auto \u00f5huavasse. See v\u00f5imaldab samal ajal nutitelefoni laadida ja mugavalt navigeerimist kasutada \u2013 ilma kaablite vajaduseta. Toetab kiiret juhtmevaba laadimist Qi standardi abil kuni 15W, automaatselt kohandades sobiva v\u00f5imsuse vastavalt telefoni mudelile. \u00dchilduv enamikus kaasaegsete nutitelefonidega, sealhulgas iPhone\u2019idega ja Android-seadmetega. Kompaktne disain ja k\u00e4te automaatne kinnituss\u00fcsteem...\" \/>\n<meta property=\"og:url\" content=\"https:\/\/sunfixmobile.ee\/toode\/auto-telefonialus-induktsioonlaadimisega-hoco-15w-ohuavasse-hw30-must\/\" \/>\n<meta property=\"og:site_name\" content=\"CompanySun\" \/>\n<meta property=\"article:publisher\" content=\"https:\/\/www.facebook.com\/sunfixtallinn\" \/>\n<meta property=\"article:modified_time\" content=\"2026-04-08T00:00:11+00:00\" \/>\n<meta property=\"og:image\" content=\"https:\/\/sunfixmobile.ee\/wp-content\/uploads\/2022\/05\/1.jpg\" \/>\n\t<meta property=\"og:image:width\" content=\"2000\" \/>\n\t<meta property=\"og:image:height\" content=\"1335\" \/>\n\t<meta property=\"og:image:type\" content=\"image\/jpeg\" \/>\n<meta name=\"twitter:card\" content=\"summary_large_image\" \/>\n<meta name=\"twitter:label1\" content=\"\u0426\u0435\u043d\u0430\" \/>\n\t<meta name=\"twitter:data1\" content=\"25,90&nbsp;&euro;\" \/>\n\t<meta name=\"twitter:label2\" content=\"\u0414\u043e\u0441\u0442\u0443\u043f\u043d\u043e\u0441\u0442\u044c\" \/>\n\t<meta name=\"twitter:data2\" content=\"\u0412 \u043d\u0430\u043b\u0438\u0447\u0438\u0438\" \/>\n<script type=\"application\/ld+json\" class=\"yoast-schema-graph\">{\"@context\":\"https:\/\/schema.org\",\"@graph\":[{\"@type\":\"WebPage\",\"@id\":\"https:\/\/sunfixmobile.ee\/toode\/auto-telefonialus-induktsioonlaadimisega-hoco-15w-ohuavasse-hw30-must\/\",\"url\":\"https:\/\/sunfixmobile.ee\/toode\/auto-telefonialus-induktsioonlaadimisega-hoco-15w-ohuavasse-hw30-must\/\",\"name\":\"Auto telefonialus induktsioonlaadimisega Hoco 15W \u00f5huavasse HW30 must - CompanySun\",\"isPartOf\":{\"@id\":\"https:\/\/sunfixmobile.ee\/#website\"},\"primaryImageOfPage\":{\"@id\":\"https:\/\/sunfixmobile.ee\/toode\/auto-telefonialus-induktsioonlaadimisega-hoco-15w-ohuavasse-hw30-must\/#primaryimage\"},\"image\":{\"@id\":\"https:\/\/sunfixmobile.ee\/toode\/auto-telefonialus-induktsioonlaadimisega-hoco-15w-ohuavasse-hw30-must\/#primaryimage\"},\"thumbnailUrl\":\"https:\/\/sunfixmobile.ee\/wp-content\/uploads\/2025\/11\/f2741d54e5136e499c0ebbd7cce2c874.webp\",\"datePublished\":\"2025-11-12T09:10:36+00:00\",\"dateModified\":\"2026-04-08T00:00:11+00:00\",\"breadcrumb\":{\"@id\":\"https:\/\/sunfixmobile.ee\/toode\/auto-telefonialus-induktsioonlaadimisega-hoco-15w-ohuavasse-hw30-must\/#breadcrumb\"},\"inLanguage\":\"ru-RU\",\"potentialAction\":[{\"@type\":\"ReadAction\",\"target\":[\"https:\/\/sunfixmobile.ee\/toode\/auto-telefonialus-induktsioonlaadimisega-hoco-15w-ohuavasse-hw30-must\/\"]}]},{\"@type\":\"ImageObject\",\"inLanguage\":\"ru-RU\",\"@id\":\"https:\/\/sunfixmobile.ee\/toode\/auto-telefonialus-induktsioonlaadimisega-hoco-15w-ohuavasse-hw30-must\/#primaryimage\",\"url\":\"https:\/\/sunfixmobile.ee\/wp-content\/uploads\/2025\/11\/f2741d54e5136e499c0ebbd7cce2c874.webp\",\"contentUrl\":\"https:\/\/sunfixmobile.ee\/wp-content\/uploads\/2025\/11\/f2741d54e5136e499c0ebbd7cce2c874.webp\",\"width\":1000,\"height\":1000,\"caption\":\"f2741d54e5136e499c0ebbd7cce2c874.\"},{\"@type\":\"BreadcrumbList\",\"@id\":\"https:\/\/sunfixmobile.ee\/toode\/auto-telefonialus-induktsioonlaadimisega-hoco-15w-ohuavasse-hw30-must\/#breadcrumb\",\"itemListElement\":[{\"@type\":\"ListItem\",\"position\":1,\"name\":\"Home\",\"item\":\"https:\/\/sunfixmobile.ee\/ru\/\"},{\"@type\":\"ListItem\",\"position\":2,\"name\":\"\u0412\u0441\u0435 \u0442\u043e\u0432\u0430\u0440\u044b\",\"item\":\"https:\/\/sunfixmobile.ee\/ru\/magazin\/\"},{\"@type\":\"ListItem\",\"position\":3,\"name\":\"Auto telefonialus induktsioonlaadimisega Hoco 15W \u00f5huavasse HW30 must\"}]},{\"@type\":\"WebSite\",\"@id\":\"https:\/\/sunfixmobile.ee\/#website\",\"url\":\"https:\/\/sunfixmobile.ee\/\",\"name\":\"CompanySun\",\"description\":\"\",\"publisher\":{\"@id\":\"https:\/\/sunfixmobile.ee\/#organization\"},\"potentialAction\":[{\"@type\":\"SearchAction\",\"target\":{\"@type\":\"EntryPoint\",\"urlTemplate\":\"https:\/\/sunfixmobile.ee\/?s={search_term_string}\"},\"query-input\":{\"@type\":\"PropertyValueSpecification\",\"valueRequired\":true,\"valueName\":\"search_term_string\"}}],\"inLanguage\":\"ru-RU\"},{\"@type\":\"Organization\",\"@id\":\"https:\/\/sunfixmobile.ee\/#organization\",\"name\":\"CompanySun O\u00dc\",\"url\":\"https:\/\/sunfixmobile.ee\/\",\"logo\":{\"@type\":\"ImageObject\",\"inLanguage\":\"ru-RU\",\"@id\":\"https:\/\/sunfixmobile.ee\/#\/schema\/logo\/image\/\",\"url\":\"https:\/\/sunfixmobile.ee\/wp-content\/uploads\/2022\/05\/logo.png\",\"contentUrl\":\"https:\/\/sunfixmobile.ee\/wp-content\/uploads\/2022\/05\/logo.png\",\"width\":257,\"height\":85,\"caption\":\"CompanySun O\u00dc\"},\"image\":{\"@id\":\"https:\/\/sunfixmobile.ee\/#\/schema\/logo\/image\/\"},\"sameAs\":[\"https:\/\/www.facebook.com\/sunfixtallinn\",\"https:\/\/www.instagram.com\/sunfix_eesti\/\"]}]}<\/script>\n<meta property=\"product:price:amount\" content=\"25.90\" \/>\n<meta property=\"product:price:currency\" content=\"EUR\" \/>\n<meta property=\"og:availability\" content=\"instock\" \/>\n<meta property=\"product:availability\" content=\"instock\" \/>\n<meta property=\"product:retailer_item_id\" content=\"6942007646925\" \/>\n<meta property=\"product:condition\" content=\"new\" \/>\n<!-- \/ Yoast SEO plugin. -->","yoast_head_json":{"title":"Auto telefonialus induktsioonlaadimisega Hoco 15W \u00f5huavasse HW30 must - CompanySun","robots":{"index":"index","follow":"follow","max-snippet":"max-snippet:-1","max-image-preview":"max-image-preview:large","max-video-preview":"max-video-preview:-1"},"canonical":"https:\/\/sunfixmobile.ee\/toode\/auto-telefonialus-induktsioonlaadimisega-hoco-15w-ohuavasse-hw30-must\/","og_locale":"ru_RU","og_type":"article","og_title":"Auto telefonialus induktsioonlaadimisega Hoco 15W \u00f5huavasse HW30 must - CompanySun","og_description":"Hoco HW30 autohoidik induktsioonlaadimisega 15W on funktsionaalne aksessuaar paigaldamiseks auto \u00f5huavasse. See v\u00f5imaldab samal ajal nutitelefoni laadida ja mugavalt navigeerimist kasutada \u2013 ilma kaablite vajaduseta. Toetab kiiret juhtmevaba laadimist Qi standardi abil kuni 15W, automaatselt kohandades sobiva v\u00f5imsuse vastavalt telefoni mudelile. \u00dchilduv enamikus kaasaegsete nutitelefonidega, sealhulgas iPhone\u2019idega ja Android-seadmetega. Kompaktne disain ja k\u00e4te automaatne kinnituss\u00fcsteem...","og_url":"https:\/\/sunfixmobile.ee\/toode\/auto-telefonialus-induktsioonlaadimisega-hoco-15w-ohuavasse-hw30-must\/","og_site_name":"CompanySun","article_publisher":"https:\/\/www.facebook.com\/sunfixtallinn","article_modified_time":"2026-04-08T00:00:11+00:00","og_image":[{"width":2000,"height":1335,"url":"https:\/\/sunfixmobile.ee\/wp-content\/uploads\/2022\/05\/1.jpg","type":"image\/jpeg"}],"twitter_card":"summary_large_image","twitter_misc":{"\u0426\u0435\u043d\u0430":"25,90&nbsp;&euro;","\u0414\u043e\u0441\u0442\u0443\u043f\u043d\u043e\u0441\u0442\u044c":"\u0412 \u043d\u0430\u043b\u0438\u0447\u0438\u0438"},"schema":{"@context":"https:\/\/schema.org","@graph":[{"@type":"WebPage","@id":"https:\/\/sunfixmobile.ee\/toode\/auto-telefonialus-induktsioonlaadimisega-hoco-15w-ohuavasse-hw30-must\/","url":"https:\/\/sunfixmobile.ee\/toode\/auto-telefonialus-induktsioonlaadimisega-hoco-15w-ohuavasse-hw30-must\/","name":"Auto telefonialus induktsioonlaadimisega Hoco 15W \u00f5huavasse HW30 must - CompanySun","isPartOf":{"@id":"https:\/\/sunfixmobile.ee\/#website"},"primaryImageOfPage":{"@id":"https:\/\/sunfixmobile.ee\/toode\/auto-telefonialus-induktsioonlaadimisega-hoco-15w-ohuavasse-hw30-must\/#primaryimage"},"image":{"@id":"https:\/\/sunfixmobile.ee\/toode\/auto-telefonialus-induktsioonlaadimisega-hoco-15w-ohuavasse-hw30-must\/#primaryimage"},"thumbnailUrl":"https:\/\/sunfixmobile.ee\/wp-content\/uploads\/2025\/11\/f2741d54e5136e499c0ebbd7cce2c874.webp","datePublished":"2025-11-12T09:10:36+00:00","dateModified":"2026-04-08T00:00:11+00:00","breadcrumb":{"@id":"https:\/\/sunfixmobile.ee\/toode\/auto-telefonialus-induktsioonlaadimisega-hoco-15w-ohuavasse-hw30-must\/#breadcrumb"},"inLanguage":"ru-RU","potentialAction":[{"@type":"ReadAction","target":["https:\/\/sunfixmobile.ee\/toode\/auto-telefonialus-induktsioonlaadimisega-hoco-15w-ohuavasse-hw30-must\/"]}]},{"@type":"ImageObject","inLanguage":"ru-RU","@id":"https:\/\/sunfixmobile.ee\/toode\/auto-telefonialus-induktsioonlaadimisega-hoco-15w-ohuavasse-hw30-must\/#primaryimage","url":"https:\/\/sunfixmobile.ee\/wp-content\/uploads\/2025\/11\/f2741d54e5136e499c0ebbd7cce2c874.webp","contentUrl":"https:\/\/sunfixmobile.ee\/wp-content\/uploads\/2025\/11\/f2741d54e5136e499c0ebbd7cce2c874.webp","width":1000,"height":1000,"caption":"f2741d54e5136e499c0ebbd7cce2c874."},{"@type":"BreadcrumbList","@id":"https:\/\/sunfixmobile.ee\/toode\/auto-telefonialus-induktsioonlaadimisega-hoco-15w-ohuavasse-hw30-must\/#breadcrumb","itemListElement":[{"@type":"ListItem","position":1,"name":"Home","item":"https:\/\/sunfixmobile.ee\/ru\/"},{"@type":"ListItem","position":2,"name":"\u0412\u0441\u0435 \u0442\u043e\u0432\u0430\u0440\u044b","item":"https:\/\/sunfixmobile.ee\/ru\/magazin\/"},{"@type":"ListItem","position":3,"name":"Auto telefonialus induktsioonlaadimisega Hoco 15W \u00f5huavasse HW30 must"}]},{"@type":"WebSite","@id":"https:\/\/sunfixmobile.ee\/#website","url":"https:\/\/sunfixmobile.ee\/","name":"CompanySun","description":"","publisher":{"@id":"https:\/\/sunfixmobile.ee\/#organization"},"potentialAction":[{"@type":"SearchAction","target":{"@type":"EntryPoint","urlTemplate":"https:\/\/sunfixmobile.ee\/?s={search_term_string}"},"query-input":{"@type":"PropertyValueSpecification","valueRequired":true,"valueName":"search_term_string"}}],"inLanguage":"ru-RU"},{"@type":"Organization","@id":"https:\/\/sunfixmobile.ee\/#organization","name":"CompanySun O\u00dc","url":"https:\/\/sunfixmobile.ee\/","logo":{"@type":"ImageObject","inLanguage":"ru-RU","@id":"https:\/\/sunfixmobile.ee\/#\/schema\/logo\/image\/","url":"https:\/\/sunfixmobile.ee\/wp-content\/uploads\/2022\/05\/logo.png","contentUrl":"https:\/\/sunfixmobile.ee\/wp-content\/uploads\/2022\/05\/logo.png","width":257,"height":85,"caption":"CompanySun O\u00dc"},"image":{"@id":"https:\/\/sunfixmobile.ee\/#\/schema\/logo\/image\/"},"sameAs":["https:\/\/www.facebook.com\/sunfixtallinn","https:\/\/www.instagram.com\/sunfix_eesti\/"]}]},"product_price_amount":"25.90","product_price_currency":"EUR","og_availability":"instock","product_availability":"instock","product_retailer_item_id":"6942007646925","product_condition":"new"},"_links":{"self":[{"href":"https:\/\/sunfixmobile.ee\/ru\/wp-json\/wp\/v2\/product\/17346","targetHints":{"allow":["GET"]}}],"collection":[{"href":"https:\/\/sunfixmobile.ee\/ru\/wp-json\/wp\/v2\/product"}],"about":[{"href":"https:\/\/sunfixmobile.ee\/ru\/wp-json\/wp\/v2\/types\/product"}],"wp:featuredmedia":[{"embeddable":true,"href":"https:\/\/sunfixmobile.ee\/ru\/wp-json\/wp\/v2\/media\/17338"}],"wp:attachment":[{"href":"https:\/\/sunfixmobile.ee\/ru\/wp-json\/wp\/v2\/media?parent=17346"}],"wp:term":[{"taxonomy":"product_brand","embeddable":true,"href":"https:\/\/sunfixmobile.ee\/ru\/wp-json\/wp\/v2\/product_brand?post=17346"},{"taxonomy":"product_cat","embeddable":true,"href":"https:\/\/sunfixmobile.ee\/ru\/wp-json\/wp\/v2\/product_cat?post=17346"},{"taxonomy":"product_tag","embeddable":true,"href":"https:\/\/sunfixmobile.ee\/ru\/wp-json\/wp\/v2\/product_tag?post=17346"}],"curies":[{"name":"wp","href":"https:\/\/api.w.org\/{rel}","templated":true}]}}