{"id":17328,"date":"2025-11-12T09:10:31","date_gmt":"2025-11-12T09:10:31","guid":{"rendered":"https:\/\/sunfixmobile.ee\/toode\/juhtmevaba-carplay-adapter-hoco-usb-a-usb-c-hu1-must\/"},"modified":"2026-03-13T00:00:10","modified_gmt":"2026-03-13T00:00:10","slug":"juhtmevaba-carplay-adapter-hoco-usb-a-usb-c-hu1-must","status":"publish","type":"product","link":"https:\/\/sunfixmobile.ee\/ru\/tovar\/juhtmevaba-carplay-adapter-hoco-usb-a-usb-c-hu1-must\/","title":{"rendered":"Juhtmevaba CarPlay adapter Hoco USB-A \/ USB-C HU1 must"},"content":{"rendered":"<p><strong>Hoco CarPlay HU1 adapter USB-A ja USB-C \u00fchendustega<\/strong> on kaasaegne lahendus neile, kes soovivad kasutada juhtmevaba Apple CarPlay s\u00fcsteemi autodes, millel on tehasest paigaldatud juhtmega versioon. See v\u00f5imaldab nutitelefoni kiiret ja stabiilset \u00fchendamist auto multimeedias\u00fcsteemiga \u2013 ilma kaablit kasutamata.<\/p>\n<p>Kerge, kompaktne ja diskreetne \u2013 v\u00e4ikesed m\u00f5\u00f5tmed (62 \u00d7 9 \u00d7 44,5 mm) ja 85 \u00d7 5 mm kaabli pikkus t\u00e4hendavad, et see ei v\u00f5ta palju ruumi ja on lihtne kaasas kanda. Vastupidav alumiinium-magneesiumsulamist ja klaasist korpus r\u00f5hutab seadme modernset disaini.<\/p>\n<p>Adapter t\u00f6\u00f6tab iPhone 6 ja uuemate mudelitega, millel on iOS 10 v\u00f5i uuem versioon, ning on m\u00f5eldud s\u00f5idukitele, millel on tehasest juhtmega CarPlay. \u00dchendamisel muudab see juhtmega \u00fchenduse juhtmevabaks, edastades andmeid suurel kiirusel Wi-Fi kaudu.<\/p>\n<p>Komplekti kuulub USB-A\u2013USB-C adapter, mis muudab seadme \u00fchilduvaks erinevat t\u00fc\u00fcpi auto pistikutega.<\/p>\n<p><strong>Tehnilised andmed:<\/strong><\/p>\n<p><strong>\u00dchendused:<\/strong> USB-A \/ USB-C (adapter kaasas)<\/p>\n<p><strong>Funktsioon:<\/strong> muudab juhtmega CarPlay juhtmevabaks (Wi-Fi)<\/p>\n<p><strong>Telefonide \u00fchilduvus:<\/strong> iPhone 6 ja uuemad, iOS 10 v\u00f5i k\u00f5rgem<\/p>\n<p><strong>Autode \u00fchilduvus:<\/strong> mudelid, millel on tehasest juhtmega CarPlay<\/p>\n<p><strong>Materjal:<\/strong> alumiinium-magneesiumsulam + klaas<\/p>\n<p><strong>M\u00f5\u00f5tmed:<\/strong> 62 \u00d7 9 \u00d7 44,5 mm<\/p>\n<p><strong>Kaabli pikkus:<\/strong> 85 mm<\/p>\n<p><strong>Kaal:<\/strong> 44 g<\/p>\n<p>&nbsp;<\/p>\n","protected":false},"excerpt":{"rendered":"<p>Hoco CarPlay HU1 adapter USB-A ja USB-C \u00fchendustega on kaasaegne lahendus neile, kes soovivad kasutada juhtmevaba Apple CarPlay s\u00fcsteemi autodes, millel on tehasest paigaldatud juhtmega versioon. See v\u00f5imaldab nutitelefoni kiiret ja stabiilset \u00fchendamist auto multimeedias\u00fcsteemiga \u2013 ilma kaablit kasutamata. Kerge, kompaktne ja diskreetne \u2013 v\u00e4ikesed m\u00f5\u00f5tmed (62 \u00d7 9 \u00d7 44,5 mm) ja 85 \u00d7&#8230;<\/p>\n","protected":false},"featured_media":17322,"template":"","meta":[],"product_brand":[],"product_cat":[1264],"product_tag":[],"class_list":{"0":"post-17328","1":"product","2":"type-product","3":"status-publish","4":"has-post-thumbnail","6":"product_cat-audio-ja-video-juhtmed","8":"first","9":"instock","10":"taxable","11":"shipping-taxable","12":"purchasable","13":"product-type-simple"},"yoast_head":"<!-- This site is optimized with the Yoast SEO plugin v27.2 - https:\/\/yoast.com\/product\/yoast-seo-wordpress\/ -->\n<title>Juhtmevaba CarPlay adapter Hoco USB-A \/ USB-C HU1 must - CompanySun<\/title>\n<meta name=\"robots\" content=\"index, follow, max-snippet:-1, max-image-preview:large, max-video-preview:-1\" \/>\n<link rel=\"canonical\" href=\"https:\/\/sunfixmobile.ee\/toode\/juhtmevaba-carplay-adapter-hoco-usb-a-usb-c-hu1-must\/\" \/>\n<meta property=\"og:locale\" content=\"ru_RU\" \/>\n<meta property=\"og:type\" content=\"article\" \/>\n<meta property=\"og:title\" content=\"Juhtmevaba CarPlay adapter Hoco USB-A \/ USB-C HU1 must - CompanySun\" \/>\n<meta property=\"og:description\" content=\"Hoco CarPlay HU1 adapter USB-A ja USB-C \u00fchendustega on kaasaegne lahendus neile, kes soovivad kasutada juhtmevaba Apple CarPlay s\u00fcsteemi autodes, millel on tehasest paigaldatud juhtmega versioon. See v\u00f5imaldab nutitelefoni kiiret ja stabiilset \u00fchendamist auto multimeedias\u00fcsteemiga \u2013 ilma kaablit kasutamata. Kerge, kompaktne ja diskreetne \u2013 v\u00e4ikesed m\u00f5\u00f5tmed (62 \u00d7 9 \u00d7 44,5 mm) ja 85 \u00d7...\" \/>\n<meta property=\"og:url\" content=\"https:\/\/sunfixmobile.ee\/toode\/juhtmevaba-carplay-adapter-hoco-usb-a-usb-c-hu1-must\/\" \/>\n<meta property=\"og:site_name\" content=\"CompanySun\" \/>\n<meta property=\"article:publisher\" content=\"https:\/\/www.facebook.com\/sunfixtallinn\" \/>\n<meta property=\"article:modified_time\" content=\"2026-03-13T00:00:10+00:00\" \/>\n<meta property=\"og:image\" content=\"https:\/\/sunfixmobile.ee\/wp-content\/uploads\/2022\/05\/1.jpg\" \/>\n\t<meta property=\"og:image:width\" content=\"2000\" \/>\n\t<meta property=\"og:image:height\" content=\"1335\" \/>\n\t<meta property=\"og:image:type\" content=\"image\/jpeg\" \/>\n<meta name=\"twitter:card\" content=\"summary_large_image\" \/>\n<meta name=\"twitter:label1\" content=\"\u0426\u0435\u043d\u0430\" \/>\n\t<meta name=\"twitter:data1\" content=\"45,90&nbsp;&euro;\" \/>\n\t<meta name=\"twitter:label2\" content=\"\u0414\u043e\u0441\u0442\u0443\u043f\u043d\u043e\u0441\u0442\u044c\" \/>\n\t<meta name=\"twitter:data2\" content=\"\u0412 \u043d\u0430\u043b\u0438\u0447\u0438\u0438\" \/>\n<script type=\"application\/ld+json\" class=\"yoast-schema-graph\">{\"@context\":\"https:\/\/schema.org\",\"@graph\":[{\"@type\":\"WebPage\",\"@id\":\"https:\/\/sunfixmobile.ee\/toode\/juhtmevaba-carplay-adapter-hoco-usb-a-usb-c-hu1-must\/\",\"url\":\"https:\/\/sunfixmobile.ee\/toode\/juhtmevaba-carplay-adapter-hoco-usb-a-usb-c-hu1-must\/\",\"name\":\"Juhtmevaba CarPlay adapter Hoco USB-A \/ USB-C HU1 must - CompanySun\",\"isPartOf\":{\"@id\":\"https:\/\/sunfixmobile.ee\/#website\"},\"primaryImageOfPage\":{\"@id\":\"https:\/\/sunfixmobile.ee\/toode\/juhtmevaba-carplay-adapter-hoco-usb-a-usb-c-hu1-must\/#primaryimage\"},\"image\":{\"@id\":\"https:\/\/sunfixmobile.ee\/toode\/juhtmevaba-carplay-adapter-hoco-usb-a-usb-c-hu1-must\/#primaryimage\"},\"thumbnailUrl\":\"https:\/\/sunfixmobile.ee\/wp-content\/uploads\/2025\/11\/a31555af06d4db87e865d75d91787578.webp\",\"datePublished\":\"2025-11-12T09:10:31+00:00\",\"dateModified\":\"2026-03-13T00:00:10+00:00\",\"breadcrumb\":{\"@id\":\"https:\/\/sunfixmobile.ee\/toode\/juhtmevaba-carplay-adapter-hoco-usb-a-usb-c-hu1-must\/#breadcrumb\"},\"inLanguage\":\"ru-RU\",\"potentialAction\":[{\"@type\":\"ReadAction\",\"target\":[\"https:\/\/sunfixmobile.ee\/toode\/juhtmevaba-carplay-adapter-hoco-usb-a-usb-c-hu1-must\/\"]}]},{\"@type\":\"ImageObject\",\"inLanguage\":\"ru-RU\",\"@id\":\"https:\/\/sunfixmobile.ee\/toode\/juhtmevaba-carplay-adapter-hoco-usb-a-usb-c-hu1-must\/#primaryimage\",\"url\":\"https:\/\/sunfixmobile.ee\/wp-content\/uploads\/2025\/11\/a31555af06d4db87e865d75d91787578.webp\",\"contentUrl\":\"https:\/\/sunfixmobile.ee\/wp-content\/uploads\/2025\/11\/a31555af06d4db87e865d75d91787578.webp\",\"width\":1000,\"height\":1000,\"caption\":\"a31555af06d4db87e865d75d91787578.\"},{\"@type\":\"BreadcrumbList\",\"@id\":\"https:\/\/sunfixmobile.ee\/toode\/juhtmevaba-carplay-adapter-hoco-usb-a-usb-c-hu1-must\/#breadcrumb\",\"itemListElement\":[{\"@type\":\"ListItem\",\"position\":1,\"name\":\"Home\",\"item\":\"https:\/\/sunfixmobile.ee\/ru\/\"},{\"@type\":\"ListItem\",\"position\":2,\"name\":\"\u0412\u0441\u0435 \u0442\u043e\u0432\u0430\u0440\u044b\",\"item\":\"https:\/\/sunfixmobile.ee\/ru\/magazin\/\"},{\"@type\":\"ListItem\",\"position\":3,\"name\":\"Juhtmevaba CarPlay adapter Hoco USB-A \/ USB-C HU1 must\"}]},{\"@type\":\"WebSite\",\"@id\":\"https:\/\/sunfixmobile.ee\/#website\",\"url\":\"https:\/\/sunfixmobile.ee\/\",\"name\":\"CompanySun\",\"description\":\"\",\"publisher\":{\"@id\":\"https:\/\/sunfixmobile.ee\/#organization\"},\"potentialAction\":[{\"@type\":\"SearchAction\",\"target\":{\"@type\":\"EntryPoint\",\"urlTemplate\":\"https:\/\/sunfixmobile.ee\/?s={search_term_string}\"},\"query-input\":{\"@type\":\"PropertyValueSpecification\",\"valueRequired\":true,\"valueName\":\"search_term_string\"}}],\"inLanguage\":\"ru-RU\"},{\"@type\":\"Organization\",\"@id\":\"https:\/\/sunfixmobile.ee\/#organization\",\"name\":\"CompanySun O\u00dc\",\"url\":\"https:\/\/sunfixmobile.ee\/\",\"logo\":{\"@type\":\"ImageObject\",\"inLanguage\":\"ru-RU\",\"@id\":\"https:\/\/sunfixmobile.ee\/#\/schema\/logo\/image\/\",\"url\":\"https:\/\/sunfixmobile.ee\/wp-content\/uploads\/2022\/05\/logo.png\",\"contentUrl\":\"https:\/\/sunfixmobile.ee\/wp-content\/uploads\/2022\/05\/logo.png\",\"width\":257,\"height\":85,\"caption\":\"CompanySun O\u00dc\"},\"image\":{\"@id\":\"https:\/\/sunfixmobile.ee\/#\/schema\/logo\/image\/\"},\"sameAs\":[\"https:\/\/www.facebook.com\/sunfixtallinn\",\"https:\/\/www.instagram.com\/sunfix_eesti\/\"]}]}<\/script>\n<meta property=\"product:price:amount\" content=\"45.90\" \/>\n<meta property=\"product:price:currency\" content=\"EUR\" \/>\n<meta property=\"og:availability\" content=\"instock\" \/>\n<meta property=\"product:availability\" content=\"instock\" \/>\n<meta property=\"product:retailer_item_id\" content=\"6942007623674\" \/>\n<meta property=\"product:condition\" content=\"new\" \/>\n<!-- \/ Yoast SEO plugin. -->","yoast_head_json":{"title":"Juhtmevaba CarPlay adapter Hoco USB-A \/ USB-C HU1 must - CompanySun","robots":{"index":"index","follow":"follow","max-snippet":"max-snippet:-1","max-image-preview":"max-image-preview:large","max-video-preview":"max-video-preview:-1"},"canonical":"https:\/\/sunfixmobile.ee\/toode\/juhtmevaba-carplay-adapter-hoco-usb-a-usb-c-hu1-must\/","og_locale":"ru_RU","og_type":"article","og_title":"Juhtmevaba CarPlay adapter Hoco USB-A \/ USB-C HU1 must - CompanySun","og_description":"Hoco CarPlay HU1 adapter USB-A ja USB-C \u00fchendustega on kaasaegne lahendus neile, kes soovivad kasutada juhtmevaba Apple CarPlay s\u00fcsteemi autodes, millel on tehasest paigaldatud juhtmega versioon. See v\u00f5imaldab nutitelefoni kiiret ja stabiilset \u00fchendamist auto multimeedias\u00fcsteemiga \u2013 ilma kaablit kasutamata. Kerge, kompaktne ja diskreetne \u2013 v\u00e4ikesed m\u00f5\u00f5tmed (62 \u00d7 9 \u00d7 44,5 mm) ja 85 \u00d7...","og_url":"https:\/\/sunfixmobile.ee\/toode\/juhtmevaba-carplay-adapter-hoco-usb-a-usb-c-hu1-must\/","og_site_name":"CompanySun","article_publisher":"https:\/\/www.facebook.com\/sunfixtallinn","article_modified_time":"2026-03-13T00:00:10+00:00","og_image":[{"width":2000,"height":1335,"url":"https:\/\/sunfixmobile.ee\/wp-content\/uploads\/2022\/05\/1.jpg","type":"image\/jpeg"}],"twitter_card":"summary_large_image","twitter_misc":{"\u0426\u0435\u043d\u0430":"45,90&nbsp;&euro;","\u0414\u043e\u0441\u0442\u0443\u043f\u043d\u043e\u0441\u0442\u044c":"\u0412 \u043d\u0430\u043b\u0438\u0447\u0438\u0438"},"schema":{"@context":"https:\/\/schema.org","@graph":[{"@type":"WebPage","@id":"https:\/\/sunfixmobile.ee\/toode\/juhtmevaba-carplay-adapter-hoco-usb-a-usb-c-hu1-must\/","url":"https:\/\/sunfixmobile.ee\/toode\/juhtmevaba-carplay-adapter-hoco-usb-a-usb-c-hu1-must\/","name":"Juhtmevaba CarPlay adapter Hoco USB-A \/ USB-C HU1 must - CompanySun","isPartOf":{"@id":"https:\/\/sunfixmobile.ee\/#website"},"primaryImageOfPage":{"@id":"https:\/\/sunfixmobile.ee\/toode\/juhtmevaba-carplay-adapter-hoco-usb-a-usb-c-hu1-must\/#primaryimage"},"image":{"@id":"https:\/\/sunfixmobile.ee\/toode\/juhtmevaba-carplay-adapter-hoco-usb-a-usb-c-hu1-must\/#primaryimage"},"thumbnailUrl":"https:\/\/sunfixmobile.ee\/wp-content\/uploads\/2025\/11\/a31555af06d4db87e865d75d91787578.webp","datePublished":"2025-11-12T09:10:31+00:00","dateModified":"2026-03-13T00:00:10+00:00","breadcrumb":{"@id":"https:\/\/sunfixmobile.ee\/toode\/juhtmevaba-carplay-adapter-hoco-usb-a-usb-c-hu1-must\/#breadcrumb"},"inLanguage":"ru-RU","potentialAction":[{"@type":"ReadAction","target":["https:\/\/sunfixmobile.ee\/toode\/juhtmevaba-carplay-adapter-hoco-usb-a-usb-c-hu1-must\/"]}]},{"@type":"ImageObject","inLanguage":"ru-RU","@id":"https:\/\/sunfixmobile.ee\/toode\/juhtmevaba-carplay-adapter-hoco-usb-a-usb-c-hu1-must\/#primaryimage","url":"https:\/\/sunfixmobile.ee\/wp-content\/uploads\/2025\/11\/a31555af06d4db87e865d75d91787578.webp","contentUrl":"https:\/\/sunfixmobile.ee\/wp-content\/uploads\/2025\/11\/a31555af06d4db87e865d75d91787578.webp","width":1000,"height":1000,"caption":"a31555af06d4db87e865d75d91787578."},{"@type":"BreadcrumbList","@id":"https:\/\/sunfixmobile.ee\/toode\/juhtmevaba-carplay-adapter-hoco-usb-a-usb-c-hu1-must\/#breadcrumb","itemListElement":[{"@type":"ListItem","position":1,"name":"Home","item":"https:\/\/sunfixmobile.ee\/ru\/"},{"@type":"ListItem","position":2,"name":"\u0412\u0441\u0435 \u0442\u043e\u0432\u0430\u0440\u044b","item":"https:\/\/sunfixmobile.ee\/ru\/magazin\/"},{"@type":"ListItem","position":3,"name":"Juhtmevaba CarPlay adapter Hoco USB-A \/ USB-C HU1 must"}]},{"@type":"WebSite","@id":"https:\/\/sunfixmobile.ee\/#website","url":"https:\/\/sunfixmobile.ee\/","name":"CompanySun","description":"","publisher":{"@id":"https:\/\/sunfixmobile.ee\/#organization"},"potentialAction":[{"@type":"SearchAction","target":{"@type":"EntryPoint","urlTemplate":"https:\/\/sunfixmobile.ee\/?s={search_term_string}"},"query-input":{"@type":"PropertyValueSpecification","valueRequired":true,"valueName":"search_term_string"}}],"inLanguage":"ru-RU"},{"@type":"Organization","@id":"https:\/\/sunfixmobile.ee\/#organization","name":"CompanySun O\u00dc","url":"https:\/\/sunfixmobile.ee\/","logo":{"@type":"ImageObject","inLanguage":"ru-RU","@id":"https:\/\/sunfixmobile.ee\/#\/schema\/logo\/image\/","url":"https:\/\/sunfixmobile.ee\/wp-content\/uploads\/2022\/05\/logo.png","contentUrl":"https:\/\/sunfixmobile.ee\/wp-content\/uploads\/2022\/05\/logo.png","width":257,"height":85,"caption":"CompanySun O\u00dc"},"image":{"@id":"https:\/\/sunfixmobile.ee\/#\/schema\/logo\/image\/"},"sameAs":["https:\/\/www.facebook.com\/sunfixtallinn","https:\/\/www.instagram.com\/sunfix_eesti\/"]}]},"product_price_amount":"45.90","product_price_currency":"EUR","og_availability":"instock","product_availability":"instock","product_retailer_item_id":"6942007623674","product_condition":"new"},"_links":{"self":[{"href":"https:\/\/sunfixmobile.ee\/ru\/wp-json\/wp\/v2\/product\/17328","targetHints":{"allow":["GET"]}}],"collection":[{"href":"https:\/\/sunfixmobile.ee\/ru\/wp-json\/wp\/v2\/product"}],"about":[{"href":"https:\/\/sunfixmobile.ee\/ru\/wp-json\/wp\/v2\/types\/product"}],"wp:featuredmedia":[{"embeddable":true,"href":"https:\/\/sunfixmobile.ee\/ru\/wp-json\/wp\/v2\/media\/17322"}],"wp:attachment":[{"href":"https:\/\/sunfixmobile.ee\/ru\/wp-json\/wp\/v2\/media?parent=17328"}],"wp:term":[{"taxonomy":"product_brand","embeddable":true,"href":"https:\/\/sunfixmobile.ee\/ru\/wp-json\/wp\/v2\/product_brand?post=17328"},{"taxonomy":"product_cat","embeddable":true,"href":"https:\/\/sunfixmobile.ee\/ru\/wp-json\/wp\/v2\/product_cat?post=17328"},{"taxonomy":"product_tag","embeddable":true,"href":"https:\/\/sunfixmobile.ee\/ru\/wp-json\/wp\/v2\/product_tag?post=17328"}],"curies":[{"name":"wp","href":"https:\/\/api.w.org\/{rel}","templated":true}]}}