{"id":17123,"date":"2025-09-19T09:12:31","date_gmt":"2025-09-19T09:12:31","guid":{"rendered":"https:\/\/sunfixmobile.ee\/toode\/sandisk-extreme-pro-uhs-i-microsd-512-gb-malukaart-ja-adapter\/"},"modified":"2025-09-20T00:00:50","modified_gmt":"2025-09-20T00:00:50","slug":"sandisk-extreme-pro-uhs-i-microsd-512-gb-malukaart-ja-adapter","status":"publish","type":"product","link":"https:\/\/sunfixmobile.ee\/ru\/tovar\/sandisk-extreme-pro-uhs-i-microsd-512-gb-malukaart-ja-adapter\/","title":{"rendered":"SanDisk Extreme Pro UHS-I, microSD, 512 GB \u2013 m\u00e4lukaart ja adapter"},"content":{"rendered":"<p>Kasuta erakordset kiirust andmete kiireks \u00fclekandeks, rakenduste j\u00f5udluseks ja 4K UHD video jaoks. Muljetavaldavalt kiire SanDisk Extreme\u00ae PRO microSDXC\u2122 m\u00e4lukaart loeb andmeid kiirusega kuni 200 MB\/s ning kirjutamisel saavutab kiiruse kuni 140 MB\/s. Selle A2 kiirusklass tagab suurep\u00e4rase rakenduste j\u00f5udluse, muutes nutitelefoni kasutamise veelgi mugavamaks.<\/p>\n<p>\u2022 Komplektis microSDXC to SD adapter<\/p>\n<p>\u2022 A2 \/ Video klass V30 \/ UHS-I U3 \/ Klass 10 \u2013 microSDXC UHS-I<\/p>\n","protected":false},"excerpt":{"rendered":"<p>Kasuta erakordset kiirust andmete kiireks \u00fclekandeks, rakenduste j\u00f5udluseks ja 4K UHD video jaoks. Muljetavaldavalt kiire SanDisk Extreme\u00ae PRO microSDXC\u2122 m\u00e4lukaart loeb andmeid kiirusega kuni 200 MB\/s ning kirjutamisel saavutab kiiruse kuni 140 MB\/s. Selle A2 kiirusklass tagab suurep\u00e4rase rakenduste j\u00f5udluse, muutes nutitelefoni kasutamise veelgi mugavamaks. \u2022 Komplektis microSDXC to SD adapter \u2022 A2 \/ Video&#8230;<\/p>\n","protected":false},"featured_media":17121,"template":"","meta":[],"product_brand":[],"product_cat":[1251],"product_tag":[],"class_list":{"0":"post-17123","1":"product","2":"type-product","3":"status-publish","4":"has-post-thumbnail","6":"product_cat-malupulgad","8":"first","9":"instock","10":"taxable","11":"shipping-taxable","12":"purchasable","13":"product-type-simple"},"yoast_head":"<!-- This site is optimized with the Yoast SEO plugin v27.2 - https:\/\/yoast.com\/product\/yoast-seo-wordpress\/ -->\n<title>SanDisk Extreme Pro UHS-I, microSD, 512 GB \u2013 m\u00e4lukaart ja adapter - CompanySun<\/title>\n<meta name=\"robots\" content=\"index, follow, max-snippet:-1, max-image-preview:large, max-video-preview:-1\" \/>\n<link rel=\"canonical\" href=\"https:\/\/sunfixmobile.ee\/toode\/sandisk-extreme-pro-uhs-i-microsd-512-gb-malukaart-ja-adapter\/\" \/>\n<meta property=\"og:locale\" content=\"ru_RU\" \/>\n<meta property=\"og:type\" content=\"article\" \/>\n<meta property=\"og:title\" content=\"SanDisk Extreme Pro UHS-I, microSD, 512 GB \u2013 m\u00e4lukaart ja adapter - CompanySun\" \/>\n<meta property=\"og:description\" content=\"Kasuta erakordset kiirust andmete kiireks \u00fclekandeks, rakenduste j\u00f5udluseks ja 4K UHD video jaoks. Muljetavaldavalt kiire SanDisk Extreme\u00ae PRO microSDXC\u2122 m\u00e4lukaart loeb andmeid kiirusega kuni 200 MB\/s ning kirjutamisel saavutab kiiruse kuni 140 MB\/s. Selle A2 kiirusklass tagab suurep\u00e4rase rakenduste j\u00f5udluse, muutes nutitelefoni kasutamise veelgi mugavamaks. \u2022 Komplektis microSDXC to SD adapter \u2022 A2 \/ Video...\" \/>\n<meta property=\"og:url\" content=\"https:\/\/sunfixmobile.ee\/toode\/sandisk-extreme-pro-uhs-i-microsd-512-gb-malukaart-ja-adapter\/\" \/>\n<meta property=\"og:site_name\" content=\"CompanySun\" \/>\n<meta property=\"article:publisher\" content=\"https:\/\/www.facebook.com\/sunfixtallinn\" \/>\n<meta property=\"article:modified_time\" content=\"2025-09-20T00:00:50+00:00\" \/>\n<meta property=\"og:image\" content=\"https:\/\/sunfixmobile.ee\/wp-content\/uploads\/2022\/05\/1.jpg\" \/>\n\t<meta property=\"og:image:width\" content=\"2000\" \/>\n\t<meta property=\"og:image:height\" content=\"1335\" \/>\n\t<meta property=\"og:image:type\" content=\"image\/jpeg\" \/>\n<meta name=\"twitter:card\" content=\"summary_large_image\" \/>\n<meta name=\"twitter:label1\" content=\"\u0426\u0435\u043d\u0430\" \/>\n\t<meta name=\"twitter:data1\" content=\"79,90&nbsp;&euro;\" \/>\n\t<meta name=\"twitter:label2\" content=\"\u0414\u043e\u0441\u0442\u0443\u043f\u043d\u043e\u0441\u0442\u044c\" \/>\n\t<meta name=\"twitter:data2\" content=\"\u0412 \u043d\u0430\u043b\u0438\u0447\u0438\u0438\" \/>\n<script type=\"application\/ld+json\" class=\"yoast-schema-graph\">{\"@context\":\"https:\/\/schema.org\",\"@graph\":[{\"@type\":\"WebPage\",\"@id\":\"https:\/\/sunfixmobile.ee\/toode\/sandisk-extreme-pro-uhs-i-microsd-512-gb-malukaart-ja-adapter\/\",\"url\":\"https:\/\/sunfixmobile.ee\/toode\/sandisk-extreme-pro-uhs-i-microsd-512-gb-malukaart-ja-adapter\/\",\"name\":\"SanDisk Extreme Pro UHS-I, microSD, 512 GB \u2013 m\u00e4lukaart ja adapter - CompanySun\",\"isPartOf\":{\"@id\":\"https:\/\/sunfixmobile.ee\/#website\"},\"primaryImageOfPage\":{\"@id\":\"https:\/\/sunfixmobile.ee\/toode\/sandisk-extreme-pro-uhs-i-microsd-512-gb-malukaart-ja-adapter\/#primaryimage\"},\"image\":{\"@id\":\"https:\/\/sunfixmobile.ee\/toode\/sandisk-extreme-pro-uhs-i-microsd-512-gb-malukaart-ja-adapter\/#primaryimage\"},\"thumbnailUrl\":\"https:\/\/sunfixmobile.ee\/wp-content\/uploads\/2025\/09\/sm-k-1-sdsqxcd-512g-gn6ma.jpg\",\"datePublished\":\"2025-09-19T09:12:31+00:00\",\"dateModified\":\"2025-09-20T00:00:50+00:00\",\"breadcrumb\":{\"@id\":\"https:\/\/sunfixmobile.ee\/toode\/sandisk-extreme-pro-uhs-i-microsd-512-gb-malukaart-ja-adapter\/#breadcrumb\"},\"inLanguage\":\"ru-RU\",\"potentialAction\":[{\"@type\":\"ReadAction\",\"target\":[\"https:\/\/sunfixmobile.ee\/toode\/sandisk-extreme-pro-uhs-i-microsd-512-gb-malukaart-ja-adapter\/\"]}]},{\"@type\":\"ImageObject\",\"inLanguage\":\"ru-RU\",\"@id\":\"https:\/\/sunfixmobile.ee\/toode\/sandisk-extreme-pro-uhs-i-microsd-512-gb-malukaart-ja-adapter\/#primaryimage\",\"url\":\"https:\/\/sunfixmobile.ee\/wp-content\/uploads\/2025\/09\/sm-k-1-sdsqxcd-512g-gn6ma.jpg\",\"contentUrl\":\"https:\/\/sunfixmobile.ee\/wp-content\/uploads\/2025\/09\/sm-k-1-sdsqxcd-512g-gn6ma.jpg\",\"width\":999,\"height\":999,\"caption\":\"sm-k-1-sdsqxcd-512g-gn6ma\"},{\"@type\":\"BreadcrumbList\",\"@id\":\"https:\/\/sunfixmobile.ee\/toode\/sandisk-extreme-pro-uhs-i-microsd-512-gb-malukaart-ja-adapter\/#breadcrumb\",\"itemListElement\":[{\"@type\":\"ListItem\",\"position\":1,\"name\":\"Home\",\"item\":\"https:\/\/sunfixmobile.ee\/ru\/\"},{\"@type\":\"ListItem\",\"position\":2,\"name\":\"\u0412\u0441\u0435 \u0442\u043e\u0432\u0430\u0440\u044b\",\"item\":\"https:\/\/sunfixmobile.ee\/ru\/magazin\/\"},{\"@type\":\"ListItem\",\"position\":3,\"name\":\"SanDisk Extreme Pro UHS-I, microSD, 512 GB \u2013 m\u00e4lukaart ja adapter\"}]},{\"@type\":\"WebSite\",\"@id\":\"https:\/\/sunfixmobile.ee\/#website\",\"url\":\"https:\/\/sunfixmobile.ee\/\",\"name\":\"CompanySun\",\"description\":\"\",\"publisher\":{\"@id\":\"https:\/\/sunfixmobile.ee\/#organization\"},\"potentialAction\":[{\"@type\":\"SearchAction\",\"target\":{\"@type\":\"EntryPoint\",\"urlTemplate\":\"https:\/\/sunfixmobile.ee\/?s={search_term_string}\"},\"query-input\":{\"@type\":\"PropertyValueSpecification\",\"valueRequired\":true,\"valueName\":\"search_term_string\"}}],\"inLanguage\":\"ru-RU\"},{\"@type\":\"Organization\",\"@id\":\"https:\/\/sunfixmobile.ee\/#organization\",\"name\":\"CompanySun O\u00dc\",\"url\":\"https:\/\/sunfixmobile.ee\/\",\"logo\":{\"@type\":\"ImageObject\",\"inLanguage\":\"ru-RU\",\"@id\":\"https:\/\/sunfixmobile.ee\/#\/schema\/logo\/image\/\",\"url\":\"https:\/\/sunfixmobile.ee\/wp-content\/uploads\/2022\/05\/logo.png\",\"contentUrl\":\"https:\/\/sunfixmobile.ee\/wp-content\/uploads\/2022\/05\/logo.png\",\"width\":257,\"height\":85,\"caption\":\"CompanySun O\u00dc\"},\"image\":{\"@id\":\"https:\/\/sunfixmobile.ee\/#\/schema\/logo\/image\/\"},\"sameAs\":[\"https:\/\/www.facebook.com\/sunfixtallinn\",\"https:\/\/www.instagram.com\/sunfix_eesti\/\"]}]}<\/script>\n<meta property=\"product:price:amount\" content=\"79.90\" \/>\n<meta property=\"product:price:currency\" content=\"EUR\" \/>\n<meta property=\"og:availability\" content=\"instock\" \/>\n<meta property=\"product:availability\" content=\"instock\" \/>\n<meta property=\"product:retailer_item_id\" content=\"619659188566\" \/>\n<meta property=\"product:condition\" content=\"new\" \/>\n<!-- \/ Yoast SEO plugin. -->","yoast_head_json":{"title":"SanDisk Extreme Pro UHS-I, microSD, 512 GB \u2013 m\u00e4lukaart ja adapter - CompanySun","robots":{"index":"index","follow":"follow","max-snippet":"max-snippet:-1","max-image-preview":"max-image-preview:large","max-video-preview":"max-video-preview:-1"},"canonical":"https:\/\/sunfixmobile.ee\/toode\/sandisk-extreme-pro-uhs-i-microsd-512-gb-malukaart-ja-adapter\/","og_locale":"ru_RU","og_type":"article","og_title":"SanDisk Extreme Pro UHS-I, microSD, 512 GB \u2013 m\u00e4lukaart ja adapter - CompanySun","og_description":"Kasuta erakordset kiirust andmete kiireks \u00fclekandeks, rakenduste j\u00f5udluseks ja 4K UHD video jaoks. Muljetavaldavalt kiire SanDisk Extreme\u00ae PRO microSDXC\u2122 m\u00e4lukaart loeb andmeid kiirusega kuni 200 MB\/s ning kirjutamisel saavutab kiiruse kuni 140 MB\/s. Selle A2 kiirusklass tagab suurep\u00e4rase rakenduste j\u00f5udluse, muutes nutitelefoni kasutamise veelgi mugavamaks. \u2022 Komplektis microSDXC to SD adapter \u2022 A2 \/ Video...","og_url":"https:\/\/sunfixmobile.ee\/toode\/sandisk-extreme-pro-uhs-i-microsd-512-gb-malukaart-ja-adapter\/","og_site_name":"CompanySun","article_publisher":"https:\/\/www.facebook.com\/sunfixtallinn","article_modified_time":"2025-09-20T00:00:50+00:00","og_image":[{"width":2000,"height":1335,"url":"https:\/\/sunfixmobile.ee\/wp-content\/uploads\/2022\/05\/1.jpg","type":"image\/jpeg"}],"twitter_card":"summary_large_image","twitter_misc":{"\u0426\u0435\u043d\u0430":"79,90&nbsp;&euro;","\u0414\u043e\u0441\u0442\u0443\u043f\u043d\u043e\u0441\u0442\u044c":"\u0412 \u043d\u0430\u043b\u0438\u0447\u0438\u0438"},"schema":{"@context":"https:\/\/schema.org","@graph":[{"@type":"WebPage","@id":"https:\/\/sunfixmobile.ee\/toode\/sandisk-extreme-pro-uhs-i-microsd-512-gb-malukaart-ja-adapter\/","url":"https:\/\/sunfixmobile.ee\/toode\/sandisk-extreme-pro-uhs-i-microsd-512-gb-malukaart-ja-adapter\/","name":"SanDisk Extreme Pro UHS-I, microSD, 512 GB \u2013 m\u00e4lukaart ja adapter - CompanySun","isPartOf":{"@id":"https:\/\/sunfixmobile.ee\/#website"},"primaryImageOfPage":{"@id":"https:\/\/sunfixmobile.ee\/toode\/sandisk-extreme-pro-uhs-i-microsd-512-gb-malukaart-ja-adapter\/#primaryimage"},"image":{"@id":"https:\/\/sunfixmobile.ee\/toode\/sandisk-extreme-pro-uhs-i-microsd-512-gb-malukaart-ja-adapter\/#primaryimage"},"thumbnailUrl":"https:\/\/sunfixmobile.ee\/wp-content\/uploads\/2025\/09\/sm-k-1-sdsqxcd-512g-gn6ma.jpg","datePublished":"2025-09-19T09:12:31+00:00","dateModified":"2025-09-20T00:00:50+00:00","breadcrumb":{"@id":"https:\/\/sunfixmobile.ee\/toode\/sandisk-extreme-pro-uhs-i-microsd-512-gb-malukaart-ja-adapter\/#breadcrumb"},"inLanguage":"ru-RU","potentialAction":[{"@type":"ReadAction","target":["https:\/\/sunfixmobile.ee\/toode\/sandisk-extreme-pro-uhs-i-microsd-512-gb-malukaart-ja-adapter\/"]}]},{"@type":"ImageObject","inLanguage":"ru-RU","@id":"https:\/\/sunfixmobile.ee\/toode\/sandisk-extreme-pro-uhs-i-microsd-512-gb-malukaart-ja-adapter\/#primaryimage","url":"https:\/\/sunfixmobile.ee\/wp-content\/uploads\/2025\/09\/sm-k-1-sdsqxcd-512g-gn6ma.jpg","contentUrl":"https:\/\/sunfixmobile.ee\/wp-content\/uploads\/2025\/09\/sm-k-1-sdsqxcd-512g-gn6ma.jpg","width":999,"height":999,"caption":"sm-k-1-sdsqxcd-512g-gn6ma"},{"@type":"BreadcrumbList","@id":"https:\/\/sunfixmobile.ee\/toode\/sandisk-extreme-pro-uhs-i-microsd-512-gb-malukaart-ja-adapter\/#breadcrumb","itemListElement":[{"@type":"ListItem","position":1,"name":"Home","item":"https:\/\/sunfixmobile.ee\/ru\/"},{"@type":"ListItem","position":2,"name":"\u0412\u0441\u0435 \u0442\u043e\u0432\u0430\u0440\u044b","item":"https:\/\/sunfixmobile.ee\/ru\/magazin\/"},{"@type":"ListItem","position":3,"name":"SanDisk Extreme Pro UHS-I, microSD, 512 GB \u2013 m\u00e4lukaart ja adapter"}]},{"@type":"WebSite","@id":"https:\/\/sunfixmobile.ee\/#website","url":"https:\/\/sunfixmobile.ee\/","name":"CompanySun","description":"","publisher":{"@id":"https:\/\/sunfixmobile.ee\/#organization"},"potentialAction":[{"@type":"SearchAction","target":{"@type":"EntryPoint","urlTemplate":"https:\/\/sunfixmobile.ee\/?s={search_term_string}"},"query-input":{"@type":"PropertyValueSpecification","valueRequired":true,"valueName":"search_term_string"}}],"inLanguage":"ru-RU"},{"@type":"Organization","@id":"https:\/\/sunfixmobile.ee\/#organization","name":"CompanySun O\u00dc","url":"https:\/\/sunfixmobile.ee\/","logo":{"@type":"ImageObject","inLanguage":"ru-RU","@id":"https:\/\/sunfixmobile.ee\/#\/schema\/logo\/image\/","url":"https:\/\/sunfixmobile.ee\/wp-content\/uploads\/2022\/05\/logo.png","contentUrl":"https:\/\/sunfixmobile.ee\/wp-content\/uploads\/2022\/05\/logo.png","width":257,"height":85,"caption":"CompanySun O\u00dc"},"image":{"@id":"https:\/\/sunfixmobile.ee\/#\/schema\/logo\/image\/"},"sameAs":["https:\/\/www.facebook.com\/sunfixtallinn","https:\/\/www.instagram.com\/sunfix_eesti\/"]}]},"product_price_amount":"79.90","product_price_currency":"EUR","og_availability":"instock","product_availability":"instock","product_retailer_item_id":"619659188566","product_condition":"new"},"_links":{"self":[{"href":"https:\/\/sunfixmobile.ee\/ru\/wp-json\/wp\/v2\/product\/17123","targetHints":{"allow":["GET"]}}],"collection":[{"href":"https:\/\/sunfixmobile.ee\/ru\/wp-json\/wp\/v2\/product"}],"about":[{"href":"https:\/\/sunfixmobile.ee\/ru\/wp-json\/wp\/v2\/types\/product"}],"wp:featuredmedia":[{"embeddable":true,"href":"https:\/\/sunfixmobile.ee\/ru\/wp-json\/wp\/v2\/media\/17121"}],"wp:attachment":[{"href":"https:\/\/sunfixmobile.ee\/ru\/wp-json\/wp\/v2\/media?parent=17123"}],"wp:term":[{"taxonomy":"product_brand","embeddable":true,"href":"https:\/\/sunfixmobile.ee\/ru\/wp-json\/wp\/v2\/product_brand?post=17123"},{"taxonomy":"product_cat","embeddable":true,"href":"https:\/\/sunfixmobile.ee\/ru\/wp-json\/wp\/v2\/product_cat?post=17123"},{"taxonomy":"product_tag","embeddable":true,"href":"https:\/\/sunfixmobile.ee\/ru\/wp-json\/wp\/v2\/product_tag?post=17123"}],"curies":[{"name":"wp","href":"https:\/\/api.w.org\/{rel}","templated":true}]}}