{"id":16918,"date":"2025-09-02T07:45:45","date_gmt":"2025-09-02T07:45:45","guid":{"rendered":"https:\/\/sunfixmobile.ee\/toode\/hoco-reisilaadija-usb-a-usb-a-lightning-kaabel-2a-n2-valge\/"},"modified":"2026-04-12T03:00:09","modified_gmt":"2026-04-12T00:00:09","slug":"hoco-reisilaadija-usb-a-usb-a-lightning-kaabel-2a-n2-valge","status":"publish","type":"product","link":"https:\/\/sunfixmobile.ee\/ru\/tovar\/hoco-reisilaadija-usb-a-usb-a-lightning-kaabel-2a-n2-valge\/","title":{"rendered":"HOCO reisilaadija USB A + USB A &#8212; Lightning kaabel 2A N2, valge"},"content":{"rendered":"<p><strong>Kaasaegne seinalaadija eemaldatava kaabliga<\/strong><\/p>\n<p>V\u00f5imaldab seadmeid kiiresti ja turvaliselt laadida.<\/p>\n<p>Kompaktne ja mugav \u2013 HOCO N2 seinalaadija on v\u00e4ike ja lihtsasti kaasaskantav ning sobib h\u00e4sti hoiustamiseks.<\/p>\n<p>2A koguv\u00f5imsus v\u00f5imaldab seadmeid kiirelt laadida. Sisseehitatud turvas\u00fcsteem ja vastupidavad, tulekindlad materjalid tagavad laadimise ajal ohutuse.<\/p>\n<p>Komplektis on eemaldatav laadimisjuhe: USB-C, Micro USB v\u00f5i Lightning.<\/p>\n<hr>\n<p><strong>Tehnilised andmed:<\/strong><\/p>\n<p><strong>V\u00e4ljund:<\/strong> USB 5V-2A<\/p>\n<p><strong>Koguv\u00f5imsus:<\/strong> 5V-2A<\/p>\n<p><strong>Pistik:<\/strong> EU<\/p>\n<p><strong>Materjal:<\/strong> PC (plast)<\/p>\n<p><strong>M\u00f5\u00f5tmed:<\/strong> 83 \u00d7 42 \u00d7 25 mm<\/p>\n<p><strong>Kaal:<\/strong> 41 g<\/p>\n","protected":false},"excerpt":{"rendered":"<p>Kaasaegne seinalaadija eemaldatava kaabliga V\u00f5imaldab seadmeid kiiresti ja turvaliselt laadida. Kompaktne ja mugav \u2013 HOCO N2 seinalaadija on v\u00e4ike ja lihtsasti kaasaskantav ning sobib h\u00e4sti hoiustamiseks. 2A koguv\u00f5imsus v\u00f5imaldab seadmeid kiirelt laadida. Sisseehitatud turvas\u00fcsteem ja vastupidavad, tulekindlad materjalid tagavad laadimise ajal ohutuse. Komplektis on eemaldatav laadimisjuhe: USB-C, Micro USB v\u00f5i Lightning. Tehnilised andmed: V\u00e4ljund: USB&#8230;<\/p>\n","protected":false},"featured_media":16910,"template":"","meta":[],"product_brand":[],"product_cat":[1250],"product_tag":[],"class_list":{"0":"post-16918","1":"product","2":"type-product","3":"status-publish","4":"has-post-thumbnail","6":"product_cat-laadijad","8":"first","9":"instock","10":"taxable","11":"shipping-taxable","12":"purchasable","13":"product-type-simple"},"yoast_head":"<!-- This site is optimized with the Yoast SEO plugin v27.2 - https:\/\/yoast.com\/product\/yoast-seo-wordpress\/ -->\n<title>HOCO reisilaadija USB A + USB A - Lightning kaabel 2A N2, valge - CompanySun<\/title>\n<meta name=\"robots\" content=\"index, follow, max-snippet:-1, max-image-preview:large, max-video-preview:-1\" \/>\n<link rel=\"canonical\" href=\"https:\/\/sunfixmobile.ee\/toode\/hoco-reisilaadija-usb-a-usb-a-lightning-kaabel-2a-n2-valge\/\" \/>\n<meta property=\"og:locale\" content=\"ru_RU\" \/>\n<meta property=\"og:type\" content=\"article\" \/>\n<meta property=\"og:title\" content=\"HOCO reisilaadija USB A + USB A - Lightning kaabel 2A N2, valge - CompanySun\" \/>\n<meta property=\"og:description\" content=\"Kaasaegne seinalaadija eemaldatava kaabliga V\u00f5imaldab seadmeid kiiresti ja turvaliselt laadida. Kompaktne ja mugav \u2013 HOCO N2 seinalaadija on v\u00e4ike ja lihtsasti kaasaskantav ning sobib h\u00e4sti hoiustamiseks. 2A koguv\u00f5imsus v\u00f5imaldab seadmeid kiirelt laadida. Sisseehitatud turvas\u00fcsteem ja vastupidavad, tulekindlad materjalid tagavad laadimise ajal ohutuse. Komplektis on eemaldatav laadimisjuhe: USB-C, Micro USB v\u00f5i Lightning. Tehnilised andmed: V\u00e4ljund: USB...\" \/>\n<meta property=\"og:url\" content=\"https:\/\/sunfixmobile.ee\/toode\/hoco-reisilaadija-usb-a-usb-a-lightning-kaabel-2a-n2-valge\/\" \/>\n<meta property=\"og:site_name\" content=\"CompanySun\" \/>\n<meta property=\"article:publisher\" content=\"https:\/\/www.facebook.com\/sunfixtallinn\" \/>\n<meta property=\"article:modified_time\" content=\"2026-04-12T00:00:09+00:00\" \/>\n<meta property=\"og:image\" content=\"https:\/\/sunfixmobile.ee\/wp-content\/uploads\/2022\/05\/1.jpg\" \/>\n\t<meta property=\"og:image:width\" content=\"2000\" \/>\n\t<meta property=\"og:image:height\" content=\"1335\" \/>\n\t<meta property=\"og:image:type\" content=\"image\/jpeg\" \/>\n<meta name=\"twitter:card\" content=\"summary_large_image\" \/>\n<meta name=\"twitter:label1\" content=\"\u0426\u0435\u043d\u0430\" \/>\n\t<meta name=\"twitter:data1\" content=\"15,90&nbsp;&euro;\" \/>\n\t<meta name=\"twitter:label2\" content=\"\u0414\u043e\u0441\u0442\u0443\u043f\u043d\u043e\u0441\u0442\u044c\" \/>\n\t<meta name=\"twitter:data2\" content=\"\u0412 \u043d\u0430\u043b\u0438\u0447\u0438\u0438\" \/>\n<script type=\"application\/ld+json\" class=\"yoast-schema-graph\">{\"@context\":\"https:\/\/schema.org\",\"@graph\":[{\"@type\":\"WebPage\",\"@id\":\"https:\/\/sunfixmobile.ee\/toode\/hoco-reisilaadija-usb-a-usb-a-lightning-kaabel-2a-n2-valge\/\",\"url\":\"https:\/\/sunfixmobile.ee\/toode\/hoco-reisilaadija-usb-a-usb-a-lightning-kaabel-2a-n2-valge\/\",\"name\":\"HOCO reisilaadija USB A + USB A - Lightning kaabel 2A N2, valge - CompanySun\",\"isPartOf\":{\"@id\":\"https:\/\/sunfixmobile.ee\/#website\"},\"primaryImageOfPage\":{\"@id\":\"https:\/\/sunfixmobile.ee\/toode\/hoco-reisilaadija-usb-a-usb-a-lightning-kaabel-2a-n2-valge\/#primaryimage\"},\"image\":{\"@id\":\"https:\/\/sunfixmobile.ee\/toode\/hoco-reisilaadija-usb-a-usb-a-lightning-kaabel-2a-n2-valge\/#primaryimage\"},\"thumbnailUrl\":\"https:\/\/sunfixmobile.ee\/wp-content\/uploads\/2025\/09\/28c2bbc26231224043fd8d815ae72d89.webp\",\"datePublished\":\"2025-09-02T07:45:45+00:00\",\"dateModified\":\"2026-04-12T00:00:09+00:00\",\"breadcrumb\":{\"@id\":\"https:\/\/sunfixmobile.ee\/toode\/hoco-reisilaadija-usb-a-usb-a-lightning-kaabel-2a-n2-valge\/#breadcrumb\"},\"inLanguage\":\"ru-RU\",\"potentialAction\":[{\"@type\":\"ReadAction\",\"target\":[\"https:\/\/sunfixmobile.ee\/toode\/hoco-reisilaadija-usb-a-usb-a-lightning-kaabel-2a-n2-valge\/\"]}]},{\"@type\":\"ImageObject\",\"inLanguage\":\"ru-RU\",\"@id\":\"https:\/\/sunfixmobile.ee\/toode\/hoco-reisilaadija-usb-a-usb-a-lightning-kaabel-2a-n2-valge\/#primaryimage\",\"url\":\"https:\/\/sunfixmobile.ee\/wp-content\/uploads\/2025\/09\/28c2bbc26231224043fd8d815ae72d89.webp\",\"contentUrl\":\"https:\/\/sunfixmobile.ee\/wp-content\/uploads\/2025\/09\/28c2bbc26231224043fd8d815ae72d89.webp\",\"width\":1000,\"height\":1000,\"caption\":\"28c2bbc26231224043fd8d815ae72d89.\"},{\"@type\":\"BreadcrumbList\",\"@id\":\"https:\/\/sunfixmobile.ee\/toode\/hoco-reisilaadija-usb-a-usb-a-lightning-kaabel-2a-n2-valge\/#breadcrumb\",\"itemListElement\":[{\"@type\":\"ListItem\",\"position\":1,\"name\":\"Home\",\"item\":\"https:\/\/sunfixmobile.ee\/ru\/\"},{\"@type\":\"ListItem\",\"position\":2,\"name\":\"\u0412\u0441\u0435 \u0442\u043e\u0432\u0430\u0440\u044b\",\"item\":\"https:\/\/sunfixmobile.ee\/ru\/magazin\/\"},{\"@type\":\"ListItem\",\"position\":3,\"name\":\"HOCO reisilaadija USB A + USB A &#8211; Lightning kaabel 2A N2, valge\"}]},{\"@type\":\"WebSite\",\"@id\":\"https:\/\/sunfixmobile.ee\/#website\",\"url\":\"https:\/\/sunfixmobile.ee\/\",\"name\":\"CompanySun\",\"description\":\"\",\"publisher\":{\"@id\":\"https:\/\/sunfixmobile.ee\/#organization\"},\"potentialAction\":[{\"@type\":\"SearchAction\",\"target\":{\"@type\":\"EntryPoint\",\"urlTemplate\":\"https:\/\/sunfixmobile.ee\/?s={search_term_string}\"},\"query-input\":{\"@type\":\"PropertyValueSpecification\",\"valueRequired\":true,\"valueName\":\"search_term_string\"}}],\"inLanguage\":\"ru-RU\"},{\"@type\":\"Organization\",\"@id\":\"https:\/\/sunfixmobile.ee\/#organization\",\"name\":\"CompanySun O\u00dc\",\"url\":\"https:\/\/sunfixmobile.ee\/\",\"logo\":{\"@type\":\"ImageObject\",\"inLanguage\":\"ru-RU\",\"@id\":\"https:\/\/sunfixmobile.ee\/#\/schema\/logo\/image\/\",\"url\":\"https:\/\/sunfixmobile.ee\/wp-content\/uploads\/2022\/05\/logo.png\",\"contentUrl\":\"https:\/\/sunfixmobile.ee\/wp-content\/uploads\/2022\/05\/logo.png\",\"width\":257,\"height\":85,\"caption\":\"CompanySun O\u00dc\"},\"image\":{\"@id\":\"https:\/\/sunfixmobile.ee\/#\/schema\/logo\/image\/\"},\"sameAs\":[\"https:\/\/www.facebook.com\/sunfixtallinn\",\"https:\/\/www.instagram.com\/sunfix_eesti\/\"]}]}<\/script>\n<meta property=\"product:price:amount\" content=\"15.90\" \/>\n<meta property=\"product:price:currency\" content=\"EUR\" \/>\n<meta property=\"og:availability\" content=\"instock\" \/>\n<meta property=\"product:availability\" content=\"instock\" \/>\n<meta property=\"product:retailer_item_id\" content=\"6931474746122\" \/>\n<meta property=\"product:condition\" content=\"new\" \/>\n<!-- \/ Yoast SEO plugin. -->","yoast_head_json":{"title":"HOCO reisilaadija USB A + USB A - Lightning kaabel 2A N2, valge - CompanySun","robots":{"index":"index","follow":"follow","max-snippet":"max-snippet:-1","max-image-preview":"max-image-preview:large","max-video-preview":"max-video-preview:-1"},"canonical":"https:\/\/sunfixmobile.ee\/toode\/hoco-reisilaadija-usb-a-usb-a-lightning-kaabel-2a-n2-valge\/","og_locale":"ru_RU","og_type":"article","og_title":"HOCO reisilaadija USB A + USB A - Lightning kaabel 2A N2, valge - CompanySun","og_description":"Kaasaegne seinalaadija eemaldatava kaabliga V\u00f5imaldab seadmeid kiiresti ja turvaliselt laadida. Kompaktne ja mugav \u2013 HOCO N2 seinalaadija on v\u00e4ike ja lihtsasti kaasaskantav ning sobib h\u00e4sti hoiustamiseks. 2A koguv\u00f5imsus v\u00f5imaldab seadmeid kiirelt laadida. Sisseehitatud turvas\u00fcsteem ja vastupidavad, tulekindlad materjalid tagavad laadimise ajal ohutuse. Komplektis on eemaldatav laadimisjuhe: USB-C, Micro USB v\u00f5i Lightning. Tehnilised andmed: V\u00e4ljund: USB...","og_url":"https:\/\/sunfixmobile.ee\/toode\/hoco-reisilaadija-usb-a-usb-a-lightning-kaabel-2a-n2-valge\/","og_site_name":"CompanySun","article_publisher":"https:\/\/www.facebook.com\/sunfixtallinn","article_modified_time":"2026-04-12T00:00:09+00:00","og_image":[{"width":2000,"height":1335,"url":"https:\/\/sunfixmobile.ee\/wp-content\/uploads\/2022\/05\/1.jpg","type":"image\/jpeg"}],"twitter_card":"summary_large_image","twitter_misc":{"\u0426\u0435\u043d\u0430":"15,90&nbsp;&euro;","\u0414\u043e\u0441\u0442\u0443\u043f\u043d\u043e\u0441\u0442\u044c":"\u0412 \u043d\u0430\u043b\u0438\u0447\u0438\u0438"},"schema":{"@context":"https:\/\/schema.org","@graph":[{"@type":"WebPage","@id":"https:\/\/sunfixmobile.ee\/toode\/hoco-reisilaadija-usb-a-usb-a-lightning-kaabel-2a-n2-valge\/","url":"https:\/\/sunfixmobile.ee\/toode\/hoco-reisilaadija-usb-a-usb-a-lightning-kaabel-2a-n2-valge\/","name":"HOCO reisilaadija USB A + USB A - Lightning kaabel 2A N2, valge - CompanySun","isPartOf":{"@id":"https:\/\/sunfixmobile.ee\/#website"},"primaryImageOfPage":{"@id":"https:\/\/sunfixmobile.ee\/toode\/hoco-reisilaadija-usb-a-usb-a-lightning-kaabel-2a-n2-valge\/#primaryimage"},"image":{"@id":"https:\/\/sunfixmobile.ee\/toode\/hoco-reisilaadija-usb-a-usb-a-lightning-kaabel-2a-n2-valge\/#primaryimage"},"thumbnailUrl":"https:\/\/sunfixmobile.ee\/wp-content\/uploads\/2025\/09\/28c2bbc26231224043fd8d815ae72d89.webp","datePublished":"2025-09-02T07:45:45+00:00","dateModified":"2026-04-12T00:00:09+00:00","breadcrumb":{"@id":"https:\/\/sunfixmobile.ee\/toode\/hoco-reisilaadija-usb-a-usb-a-lightning-kaabel-2a-n2-valge\/#breadcrumb"},"inLanguage":"ru-RU","potentialAction":[{"@type":"ReadAction","target":["https:\/\/sunfixmobile.ee\/toode\/hoco-reisilaadija-usb-a-usb-a-lightning-kaabel-2a-n2-valge\/"]}]},{"@type":"ImageObject","inLanguage":"ru-RU","@id":"https:\/\/sunfixmobile.ee\/toode\/hoco-reisilaadija-usb-a-usb-a-lightning-kaabel-2a-n2-valge\/#primaryimage","url":"https:\/\/sunfixmobile.ee\/wp-content\/uploads\/2025\/09\/28c2bbc26231224043fd8d815ae72d89.webp","contentUrl":"https:\/\/sunfixmobile.ee\/wp-content\/uploads\/2025\/09\/28c2bbc26231224043fd8d815ae72d89.webp","width":1000,"height":1000,"caption":"28c2bbc26231224043fd8d815ae72d89."},{"@type":"BreadcrumbList","@id":"https:\/\/sunfixmobile.ee\/toode\/hoco-reisilaadija-usb-a-usb-a-lightning-kaabel-2a-n2-valge\/#breadcrumb","itemListElement":[{"@type":"ListItem","position":1,"name":"Home","item":"https:\/\/sunfixmobile.ee\/ru\/"},{"@type":"ListItem","position":2,"name":"\u0412\u0441\u0435 \u0442\u043e\u0432\u0430\u0440\u044b","item":"https:\/\/sunfixmobile.ee\/ru\/magazin\/"},{"@type":"ListItem","position":3,"name":"HOCO reisilaadija USB A + USB A &#8211; Lightning kaabel 2A N2, valge"}]},{"@type":"WebSite","@id":"https:\/\/sunfixmobile.ee\/#website","url":"https:\/\/sunfixmobile.ee\/","name":"CompanySun","description":"","publisher":{"@id":"https:\/\/sunfixmobile.ee\/#organization"},"potentialAction":[{"@type":"SearchAction","target":{"@type":"EntryPoint","urlTemplate":"https:\/\/sunfixmobile.ee\/?s={search_term_string}"},"query-input":{"@type":"PropertyValueSpecification","valueRequired":true,"valueName":"search_term_string"}}],"inLanguage":"ru-RU"},{"@type":"Organization","@id":"https:\/\/sunfixmobile.ee\/#organization","name":"CompanySun O\u00dc","url":"https:\/\/sunfixmobile.ee\/","logo":{"@type":"ImageObject","inLanguage":"ru-RU","@id":"https:\/\/sunfixmobile.ee\/#\/schema\/logo\/image\/","url":"https:\/\/sunfixmobile.ee\/wp-content\/uploads\/2022\/05\/logo.png","contentUrl":"https:\/\/sunfixmobile.ee\/wp-content\/uploads\/2022\/05\/logo.png","width":257,"height":85,"caption":"CompanySun O\u00dc"},"image":{"@id":"https:\/\/sunfixmobile.ee\/#\/schema\/logo\/image\/"},"sameAs":["https:\/\/www.facebook.com\/sunfixtallinn","https:\/\/www.instagram.com\/sunfix_eesti\/"]}]},"product_price_amount":"15.90","product_price_currency":"EUR","og_availability":"instock","product_availability":"instock","product_retailer_item_id":"6931474746122","product_condition":"new"},"_links":{"self":[{"href":"https:\/\/sunfixmobile.ee\/ru\/wp-json\/wp\/v2\/product\/16918","targetHints":{"allow":["GET"]}}],"collection":[{"href":"https:\/\/sunfixmobile.ee\/ru\/wp-json\/wp\/v2\/product"}],"about":[{"href":"https:\/\/sunfixmobile.ee\/ru\/wp-json\/wp\/v2\/types\/product"}],"wp:featuredmedia":[{"embeddable":true,"href":"https:\/\/sunfixmobile.ee\/ru\/wp-json\/wp\/v2\/media\/16910"}],"wp:attachment":[{"href":"https:\/\/sunfixmobile.ee\/ru\/wp-json\/wp\/v2\/media?parent=16918"}],"wp:term":[{"taxonomy":"product_brand","embeddable":true,"href":"https:\/\/sunfixmobile.ee\/ru\/wp-json\/wp\/v2\/product_brand?post=16918"},{"taxonomy":"product_cat","embeddable":true,"href":"https:\/\/sunfixmobile.ee\/ru\/wp-json\/wp\/v2\/product_cat?post=16918"},{"taxonomy":"product_tag","embeddable":true,"href":"https:\/\/sunfixmobile.ee\/ru\/wp-json\/wp\/v2\/product_tag?post=16918"}],"curies":[{"name":"wp","href":"https:\/\/api.w.org\/{rel}","templated":true}]}}