{"id":16906,"date":"2025-09-02T07:45:42","date_gmt":"2025-09-02T07:45:42","guid":{"rendered":"https:\/\/sunfixmobile.ee\/toode\/hoco-seinalaadija-usb-a-type-c-pd-qc3-0-3a-20w-n52-valge\/"},"modified":"2026-02-07T00:00:17","modified_gmt":"2026-02-07T00:00:17","slug":"hoco-seinalaadija-usb-a-type-c-pd-qc3-0-3a-20w-n52-valge","status":"publish","type":"product","link":"https:\/\/sunfixmobile.ee\/ru\/tovar\/hoco-seinalaadija-usb-a-type-c-pd-qc3-0-3a-20w-n52-valge\/","title":{"rendered":"HOCO seinalaadija USB A + Type C PD QC3.0 3A 20W N52, valge"},"content":{"rendered":"<p><strong>Hoco N52 v\u00f5rgulaadija kiire laadimise funktsiooniga ja kahe v\u00e4ljundiga<\/strong><\/p>\n<p>V\u00f5imaldab mobiilseadmete kiiret laadimist.<\/p>\n<p>Laadijal on kaks v\u00e4ljundit: USB-C (20 W) ja USB-A (18 W), mis v\u00f5imaldavad laadida korraga kahte seadet.<\/p>\n<p>Toode toetab kiiret laadimist PD, QC 3.0, FCP, AFC ja teisi kiire laadimise tehnoloogiaid.<\/p>\n<p>Valmistatud vastupidavast PC-materjalist, mis on tulekindel ja vastupidav kahjustustele. Nutikas seadmete tuvastamine v\u00f5imaldab kohandada voolu vastavalt seadmele, tagades ohutu kasutuse.<\/p>\n<hr>\n<p><strong>Tehnilised andmed:<\/strong><\/p>\n<p><strong>Pordid:<\/strong> USB-C, USB-A<\/p>\n<p><strong>Koguv\u00f5imsus:<\/strong> 5 V \/ 3 A<\/p>\n<p><strong>V\u00f5imsus:<\/strong><\/p>\n<p>USB-C 20 W (PD, QC 3.0, FCP, AFC)<\/p>\n<p>USB-A 18 W (QC 3.0, FCP, AFC)<\/p>\n<p><strong>Materjal:<\/strong> PC (tulekindel)<\/p>\n<p><strong>Kaabel:<\/strong> puudub<\/p>\n<p><strong>Pistik:<\/strong> EU<\/p>\n<p><strong>M\u00f5\u00f5tmed:<\/strong> 83 \u00d7 39,5 \u00d7 26,5 mm<\/p>\n<p><strong>Kaal:<\/strong> 50 g<\/p>\n<p><strong>Toetatud kiire laadimise tehnoloogiad:<\/strong> PD, QC 3.0, FCP, AFC<\/p>\n","protected":false},"excerpt":{"rendered":"<p>Hoco N52 v\u00f5rgulaadija kiire laadimise funktsiooniga ja kahe v\u00e4ljundiga V\u00f5imaldab mobiilseadmete kiiret laadimist. Laadijal on kaks v\u00e4ljundit: USB-C (20 W) ja USB-A (18 W), mis v\u00f5imaldavad laadida korraga kahte seadet. Toode toetab kiiret laadimist PD, QC 3.0, FCP, AFC ja teisi kiire laadimise tehnoloogiaid. Valmistatud vastupidavast PC-materjalist, mis on tulekindel ja vastupidav kahjustustele. Nutikas seadmete&#8230;<\/p>\n","protected":false},"featured_media":16898,"template":"","meta":[],"product_brand":[],"product_cat":[1257],"product_tag":[],"class_list":{"0":"post-16906","1":"product","2":"type-product","3":"status-publish","4":"has-post-thumbnail","6":"product_cat-adapterid","8":"first","9":"instock","10":"taxable","11":"shipping-taxable","12":"purchasable","13":"product-type-simple"},"yoast_head":"<!-- This site is optimized with the Yoast SEO plugin v27.2 - https:\/\/yoast.com\/product\/yoast-seo-wordpress\/ -->\n<title>HOCO seinalaadija USB A + Type C PD QC3.0 3A 20W N52, valge - CompanySun<\/title>\n<meta name=\"robots\" content=\"index, follow, max-snippet:-1, max-image-preview:large, max-video-preview:-1\" \/>\n<link rel=\"canonical\" href=\"https:\/\/sunfixmobile.ee\/toode\/hoco-seinalaadija-usb-a-type-c-pd-qc3-0-3a-20w-n52-valge\/\" \/>\n<meta property=\"og:locale\" content=\"ru_RU\" \/>\n<meta property=\"og:type\" content=\"article\" \/>\n<meta property=\"og:title\" content=\"HOCO seinalaadija USB A + Type C PD QC3.0 3A 20W N52, valge - CompanySun\" \/>\n<meta property=\"og:description\" content=\"Hoco N52 v\u00f5rgulaadija kiire laadimise funktsiooniga ja kahe v\u00e4ljundiga V\u00f5imaldab mobiilseadmete kiiret laadimist. Laadijal on kaks v\u00e4ljundit: USB-C (20 W) ja USB-A (18 W), mis v\u00f5imaldavad laadida korraga kahte seadet. Toode toetab kiiret laadimist PD, QC 3.0, FCP, AFC ja teisi kiire laadimise tehnoloogiaid. Valmistatud vastupidavast PC-materjalist, mis on tulekindel ja vastupidav kahjustustele. Nutikas seadmete...\" \/>\n<meta property=\"og:url\" content=\"https:\/\/sunfixmobile.ee\/toode\/hoco-seinalaadija-usb-a-type-c-pd-qc3-0-3a-20w-n52-valge\/\" \/>\n<meta property=\"og:site_name\" content=\"CompanySun\" \/>\n<meta property=\"article:publisher\" content=\"https:\/\/www.facebook.com\/sunfixtallinn\" \/>\n<meta property=\"article:modified_time\" content=\"2026-02-07T00:00:17+00:00\" \/>\n<meta property=\"og:image\" content=\"https:\/\/sunfixmobile.ee\/wp-content\/uploads\/2022\/05\/1.jpg\" \/>\n\t<meta property=\"og:image:width\" content=\"2000\" \/>\n\t<meta property=\"og:image:height\" content=\"1335\" \/>\n\t<meta property=\"og:image:type\" content=\"image\/jpeg\" \/>\n<meta name=\"twitter:card\" content=\"summary_large_image\" \/>\n<meta name=\"twitter:label1\" content=\"\u0426\u0435\u043d\u0430\" \/>\n\t<meta name=\"twitter:data1\" content=\"22,90&nbsp;&euro;\" \/>\n\t<meta name=\"twitter:label2\" content=\"\u0414\u043e\u0441\u0442\u0443\u043f\u043d\u043e\u0441\u0442\u044c\" \/>\n\t<meta name=\"twitter:data2\" content=\"\u0412 \u043d\u0430\u043b\u0438\u0447\u0438\u0438\" \/>\n<script type=\"application\/ld+json\" class=\"yoast-schema-graph\">{\"@context\":\"https:\/\/schema.org\",\"@graph\":[{\"@type\":\"WebPage\",\"@id\":\"https:\/\/sunfixmobile.ee\/toode\/hoco-seinalaadija-usb-a-type-c-pd-qc3-0-3a-20w-n52-valge\/\",\"url\":\"https:\/\/sunfixmobile.ee\/toode\/hoco-seinalaadija-usb-a-type-c-pd-qc3-0-3a-20w-n52-valge\/\",\"name\":\"HOCO seinalaadija USB A + Type C PD QC3.0 3A 20W N52, valge - CompanySun\",\"isPartOf\":{\"@id\":\"https:\/\/sunfixmobile.ee\/#website\"},\"primaryImageOfPage\":{\"@id\":\"https:\/\/sunfixmobile.ee\/toode\/hoco-seinalaadija-usb-a-type-c-pd-qc3-0-3a-20w-n52-valge\/#primaryimage\"},\"image\":{\"@id\":\"https:\/\/sunfixmobile.ee\/toode\/hoco-seinalaadija-usb-a-type-c-pd-qc3-0-3a-20w-n52-valge\/#primaryimage\"},\"thumbnailUrl\":\"https:\/\/sunfixmobile.ee\/wp-content\/uploads\/2025\/09\/8702233ea160b21acdf35e880892ac9b.webp\",\"datePublished\":\"2025-09-02T07:45:42+00:00\",\"dateModified\":\"2026-02-07T00:00:17+00:00\",\"breadcrumb\":{\"@id\":\"https:\/\/sunfixmobile.ee\/toode\/hoco-seinalaadija-usb-a-type-c-pd-qc3-0-3a-20w-n52-valge\/#breadcrumb\"},\"inLanguage\":\"ru-RU\",\"potentialAction\":[{\"@type\":\"ReadAction\",\"target\":[\"https:\/\/sunfixmobile.ee\/toode\/hoco-seinalaadija-usb-a-type-c-pd-qc3-0-3a-20w-n52-valge\/\"]}]},{\"@type\":\"ImageObject\",\"inLanguage\":\"ru-RU\",\"@id\":\"https:\/\/sunfixmobile.ee\/toode\/hoco-seinalaadija-usb-a-type-c-pd-qc3-0-3a-20w-n52-valge\/#primaryimage\",\"url\":\"https:\/\/sunfixmobile.ee\/wp-content\/uploads\/2025\/09\/8702233ea160b21acdf35e880892ac9b.webp\",\"contentUrl\":\"https:\/\/sunfixmobile.ee\/wp-content\/uploads\/2025\/09\/8702233ea160b21acdf35e880892ac9b.webp\",\"width\":1000,\"height\":1000,\"caption\":\"8702233ea160b21acdf35e880892ac9b.\"},{\"@type\":\"BreadcrumbList\",\"@id\":\"https:\/\/sunfixmobile.ee\/toode\/hoco-seinalaadija-usb-a-type-c-pd-qc3-0-3a-20w-n52-valge\/#breadcrumb\",\"itemListElement\":[{\"@type\":\"ListItem\",\"position\":1,\"name\":\"Home\",\"item\":\"https:\/\/sunfixmobile.ee\/ru\/\"},{\"@type\":\"ListItem\",\"position\":2,\"name\":\"\u0412\u0441\u0435 \u0442\u043e\u0432\u0430\u0440\u044b\",\"item\":\"https:\/\/sunfixmobile.ee\/ru\/magazin\/\"},{\"@type\":\"ListItem\",\"position\":3,\"name\":\"HOCO seinalaadija USB A + Type C PD QC3.0 3A 20W N52, valge\"}]},{\"@type\":\"WebSite\",\"@id\":\"https:\/\/sunfixmobile.ee\/#website\",\"url\":\"https:\/\/sunfixmobile.ee\/\",\"name\":\"CompanySun\",\"description\":\"\",\"publisher\":{\"@id\":\"https:\/\/sunfixmobile.ee\/#organization\"},\"potentialAction\":[{\"@type\":\"SearchAction\",\"target\":{\"@type\":\"EntryPoint\",\"urlTemplate\":\"https:\/\/sunfixmobile.ee\/?s={search_term_string}\"},\"query-input\":{\"@type\":\"PropertyValueSpecification\",\"valueRequired\":true,\"valueName\":\"search_term_string\"}}],\"inLanguage\":\"ru-RU\"},{\"@type\":\"Organization\",\"@id\":\"https:\/\/sunfixmobile.ee\/#organization\",\"name\":\"CompanySun O\u00dc\",\"url\":\"https:\/\/sunfixmobile.ee\/\",\"logo\":{\"@type\":\"ImageObject\",\"inLanguage\":\"ru-RU\",\"@id\":\"https:\/\/sunfixmobile.ee\/#\/schema\/logo\/image\/\",\"url\":\"https:\/\/sunfixmobile.ee\/wp-content\/uploads\/2022\/05\/logo.png\",\"contentUrl\":\"https:\/\/sunfixmobile.ee\/wp-content\/uploads\/2022\/05\/logo.png\",\"width\":257,\"height\":85,\"caption\":\"CompanySun O\u00dc\"},\"image\":{\"@id\":\"https:\/\/sunfixmobile.ee\/#\/schema\/logo\/image\/\"},\"sameAs\":[\"https:\/\/www.facebook.com\/sunfixtallinn\",\"https:\/\/www.instagram.com\/sunfix_eesti\/\"]}]}<\/script>\n<meta property=\"product:price:amount\" content=\"22.90\" \/>\n<meta property=\"product:price:currency\" content=\"EUR\" \/>\n<meta property=\"og:availability\" content=\"instock\" \/>\n<meta property=\"product:availability\" content=\"instock\" \/>\n<meta property=\"product:retailer_item_id\" content=\"6942007659192\" \/>\n<meta property=\"product:condition\" content=\"new\" \/>\n<!-- \/ Yoast SEO plugin. -->","yoast_head_json":{"title":"HOCO seinalaadija USB A + Type C PD QC3.0 3A 20W N52, valge - CompanySun","robots":{"index":"index","follow":"follow","max-snippet":"max-snippet:-1","max-image-preview":"max-image-preview:large","max-video-preview":"max-video-preview:-1"},"canonical":"https:\/\/sunfixmobile.ee\/toode\/hoco-seinalaadija-usb-a-type-c-pd-qc3-0-3a-20w-n52-valge\/","og_locale":"ru_RU","og_type":"article","og_title":"HOCO seinalaadija USB A + Type C PD QC3.0 3A 20W N52, valge - CompanySun","og_description":"Hoco N52 v\u00f5rgulaadija kiire laadimise funktsiooniga ja kahe v\u00e4ljundiga V\u00f5imaldab mobiilseadmete kiiret laadimist. Laadijal on kaks v\u00e4ljundit: USB-C (20 W) ja USB-A (18 W), mis v\u00f5imaldavad laadida korraga kahte seadet. Toode toetab kiiret laadimist PD, QC 3.0, FCP, AFC ja teisi kiire laadimise tehnoloogiaid. Valmistatud vastupidavast PC-materjalist, mis on tulekindel ja vastupidav kahjustustele. Nutikas seadmete...","og_url":"https:\/\/sunfixmobile.ee\/toode\/hoco-seinalaadija-usb-a-type-c-pd-qc3-0-3a-20w-n52-valge\/","og_site_name":"CompanySun","article_publisher":"https:\/\/www.facebook.com\/sunfixtallinn","article_modified_time":"2026-02-07T00:00:17+00:00","og_image":[{"width":2000,"height":1335,"url":"https:\/\/sunfixmobile.ee\/wp-content\/uploads\/2022\/05\/1.jpg","type":"image\/jpeg"}],"twitter_card":"summary_large_image","twitter_misc":{"\u0426\u0435\u043d\u0430":"22,90&nbsp;&euro;","\u0414\u043e\u0441\u0442\u0443\u043f\u043d\u043e\u0441\u0442\u044c":"\u0412 \u043d\u0430\u043b\u0438\u0447\u0438\u0438"},"schema":{"@context":"https:\/\/schema.org","@graph":[{"@type":"WebPage","@id":"https:\/\/sunfixmobile.ee\/toode\/hoco-seinalaadija-usb-a-type-c-pd-qc3-0-3a-20w-n52-valge\/","url":"https:\/\/sunfixmobile.ee\/toode\/hoco-seinalaadija-usb-a-type-c-pd-qc3-0-3a-20w-n52-valge\/","name":"HOCO seinalaadija USB A + Type C PD QC3.0 3A 20W N52, valge - CompanySun","isPartOf":{"@id":"https:\/\/sunfixmobile.ee\/#website"},"primaryImageOfPage":{"@id":"https:\/\/sunfixmobile.ee\/toode\/hoco-seinalaadija-usb-a-type-c-pd-qc3-0-3a-20w-n52-valge\/#primaryimage"},"image":{"@id":"https:\/\/sunfixmobile.ee\/toode\/hoco-seinalaadija-usb-a-type-c-pd-qc3-0-3a-20w-n52-valge\/#primaryimage"},"thumbnailUrl":"https:\/\/sunfixmobile.ee\/wp-content\/uploads\/2025\/09\/8702233ea160b21acdf35e880892ac9b.webp","datePublished":"2025-09-02T07:45:42+00:00","dateModified":"2026-02-07T00:00:17+00:00","breadcrumb":{"@id":"https:\/\/sunfixmobile.ee\/toode\/hoco-seinalaadija-usb-a-type-c-pd-qc3-0-3a-20w-n52-valge\/#breadcrumb"},"inLanguage":"ru-RU","potentialAction":[{"@type":"ReadAction","target":["https:\/\/sunfixmobile.ee\/toode\/hoco-seinalaadija-usb-a-type-c-pd-qc3-0-3a-20w-n52-valge\/"]}]},{"@type":"ImageObject","inLanguage":"ru-RU","@id":"https:\/\/sunfixmobile.ee\/toode\/hoco-seinalaadija-usb-a-type-c-pd-qc3-0-3a-20w-n52-valge\/#primaryimage","url":"https:\/\/sunfixmobile.ee\/wp-content\/uploads\/2025\/09\/8702233ea160b21acdf35e880892ac9b.webp","contentUrl":"https:\/\/sunfixmobile.ee\/wp-content\/uploads\/2025\/09\/8702233ea160b21acdf35e880892ac9b.webp","width":1000,"height":1000,"caption":"8702233ea160b21acdf35e880892ac9b."},{"@type":"BreadcrumbList","@id":"https:\/\/sunfixmobile.ee\/toode\/hoco-seinalaadija-usb-a-type-c-pd-qc3-0-3a-20w-n52-valge\/#breadcrumb","itemListElement":[{"@type":"ListItem","position":1,"name":"Home","item":"https:\/\/sunfixmobile.ee\/ru\/"},{"@type":"ListItem","position":2,"name":"\u0412\u0441\u0435 \u0442\u043e\u0432\u0430\u0440\u044b","item":"https:\/\/sunfixmobile.ee\/ru\/magazin\/"},{"@type":"ListItem","position":3,"name":"HOCO seinalaadija USB A + Type C PD QC3.0 3A 20W N52, valge"}]},{"@type":"WebSite","@id":"https:\/\/sunfixmobile.ee\/#website","url":"https:\/\/sunfixmobile.ee\/","name":"CompanySun","description":"","publisher":{"@id":"https:\/\/sunfixmobile.ee\/#organization"},"potentialAction":[{"@type":"SearchAction","target":{"@type":"EntryPoint","urlTemplate":"https:\/\/sunfixmobile.ee\/?s={search_term_string}"},"query-input":{"@type":"PropertyValueSpecification","valueRequired":true,"valueName":"search_term_string"}}],"inLanguage":"ru-RU"},{"@type":"Organization","@id":"https:\/\/sunfixmobile.ee\/#organization","name":"CompanySun O\u00dc","url":"https:\/\/sunfixmobile.ee\/","logo":{"@type":"ImageObject","inLanguage":"ru-RU","@id":"https:\/\/sunfixmobile.ee\/#\/schema\/logo\/image\/","url":"https:\/\/sunfixmobile.ee\/wp-content\/uploads\/2022\/05\/logo.png","contentUrl":"https:\/\/sunfixmobile.ee\/wp-content\/uploads\/2022\/05\/logo.png","width":257,"height":85,"caption":"CompanySun O\u00dc"},"image":{"@id":"https:\/\/sunfixmobile.ee\/#\/schema\/logo\/image\/"},"sameAs":["https:\/\/www.facebook.com\/sunfixtallinn","https:\/\/www.instagram.com\/sunfix_eesti\/"]}]},"product_price_amount":"22.90","product_price_currency":"EUR","og_availability":"instock","product_availability":"instock","product_retailer_item_id":"6942007659192","product_condition":"new"},"_links":{"self":[{"href":"https:\/\/sunfixmobile.ee\/ru\/wp-json\/wp\/v2\/product\/16906","targetHints":{"allow":["GET"]}}],"collection":[{"href":"https:\/\/sunfixmobile.ee\/ru\/wp-json\/wp\/v2\/product"}],"about":[{"href":"https:\/\/sunfixmobile.ee\/ru\/wp-json\/wp\/v2\/types\/product"}],"wp:featuredmedia":[{"embeddable":true,"href":"https:\/\/sunfixmobile.ee\/ru\/wp-json\/wp\/v2\/media\/16898"}],"wp:attachment":[{"href":"https:\/\/sunfixmobile.ee\/ru\/wp-json\/wp\/v2\/media?parent=16906"}],"wp:term":[{"taxonomy":"product_brand","embeddable":true,"href":"https:\/\/sunfixmobile.ee\/ru\/wp-json\/wp\/v2\/product_brand?post=16906"},{"taxonomy":"product_cat","embeddable":true,"href":"https:\/\/sunfixmobile.ee\/ru\/wp-json\/wp\/v2\/product_cat?post=16906"},{"taxonomy":"product_tag","embeddable":true,"href":"https:\/\/sunfixmobile.ee\/ru\/wp-json\/wp\/v2\/product_tag?post=16906"}],"curies":[{"name":"wp","href":"https:\/\/api.w.org\/{rel}","templated":true}]}}