{"id":16874,"date":"2025-09-02T07:30:48","date_gmt":"2025-09-02T07:30:48","guid":{"rendered":"https:\/\/sunfixmobile.ee\/toode\/hoco-juhtmevabad-korvaklapid-bluetooth-tws-ew203-valge\/"},"modified":"2025-09-02T09:49:44","modified_gmt":"2025-09-02T09:49:44","slug":"hoco-juhtmevabad-korvaklapid-bluetooth-tws-ew203-valge","status":"publish","type":"product","link":"https:\/\/sunfixmobile.ee\/ru\/tovar\/hoco-juhtmevabad-korvaklapid-bluetooth-tws-ew203-valge\/","title":{"rendered":"HOCO juhtmevabad k\u00f5rvaklapid Bluetooth TWS EW203 valge"},"content":{"rendered":"<p><strong>\u00c4ra loobu oma lemmikmuusikast \u2013 kasuta HOCO TWS juhtmevabasid k\u00f5rvaklappe laadimiskarbiga.<\/strong><\/p>\n<p>Need mugavad ja kasutajas\u00f5bralikud TWS k\u00f5rvaklapid sobituvad h\u00e4sti k\u00f5rva ning ei tekita ebamugavust isegi p\u00e4rast mitmetunnist kasutamist. Bluetooth-\u00fchenduse abil saad kuulata muusikat, audioraamatuid v\u00f5i pidada telefonik\u00f5nesid t\u00e4nu sisseehitatud mikrofonile. Kaasaskantav laadimiskarbiga vutlar tagab, et k\u00f5rvaklapid on alati laetud. Kompaktne disain v\u00f5imaldab neid k\u00f5ikjale kaasa v\u00f5tta ja turvaliselt hoiustada.<\/p>\n<p><strong>Tehnilised andmed:<\/strong><\/p>\n<p><strong>Bluetooth versioon:<\/strong> 5.4<\/p>\n<p><strong>Kiip:<\/strong> JL AC6973<\/p>\n<p><strong>Aku mahtuvus:<\/strong> 400 mAh (laadimiskarp), 40 mAh (k\u00f5rvaklapid)<\/p>\n<p><strong>T\u00f6\u00f6aeg:<\/strong> kuni 7 tundi<\/p>\n<p><strong>M\u00f5\u00f5dud:<\/strong> 63 \u00d7 51 \u00d7 34 mm<\/p>\n<p><strong>Kaal:<\/strong> 51,5 g<\/p>\n<p><strong>Lisafunktsioonid:<\/strong><\/p>\n<p>Bluetooth 5.4, kiip: JL AC6973<\/p>\n<p>Aku: laadimiskarp 400 mAh, klapid 40 mAh<\/p>\n<p>Kasutusaeg: kuni 7 tundi<\/p>\n<p>Suurus: 63,5 \u00d7 51 \u00d7 34 mm; kogukaal: 51,5 g<\/p>\n<p>Kaane avamisel l\u00fclituvad k\u00f5rvaklapid automaatselt sisse. Toetab master-slave vahetust, loo vahetamist, Siri aktiveerimist ja muid funktsioone<\/p>\n","protected":false},"excerpt":{"rendered":"<p>\u00c4ra loobu oma lemmikmuusikast \u2013 kasuta HOCO TWS juhtmevabasid k\u00f5rvaklappe laadimiskarbiga. Need mugavad ja kasutajas\u00f5bralikud TWS k\u00f5rvaklapid sobituvad h\u00e4sti k\u00f5rva ning ei tekita ebamugavust isegi p\u00e4rast mitmetunnist kasutamist. Bluetooth-\u00fchenduse abil saad kuulata muusikat, audioraamatuid v\u00f5i pidada telefonik\u00f5nesid t\u00e4nu sisseehitatud mikrofonile. Kaasaskantav laadimiskarbiga vutlar tagab, et k\u00f5rvaklapid on alati laetud. Kompaktne disain v\u00f5imaldab neid k\u00f5ikjale kaasa&#8230;<\/p>\n","protected":false},"featured_media":16866,"template":"","meta":[],"product_brand":[],"product_cat":[1254],"product_tag":[],"class_list":{"0":"post-16874","1":"product","2":"type-product","3":"status-publish","4":"has-post-thumbnail","6":"product_cat-korvaklapid","8":"first","9":"instock","10":"taxable","11":"shipping-taxable","12":"purchasable","13":"product-type-simple"},"yoast_head":"<!-- This site is optimized with the Yoast SEO plugin v27.2 - https:\/\/yoast.com\/product\/yoast-seo-wordpress\/ -->\n<title>HOCO juhtmevabad k\u00f5rvaklapid Bluetooth TWS EW203 valge - CompanySun<\/title>\n<meta name=\"robots\" content=\"index, follow, max-snippet:-1, max-image-preview:large, max-video-preview:-1\" \/>\n<link rel=\"canonical\" href=\"https:\/\/sunfixmobile.ee\/toode\/hoco-juhtmevabad-korvaklapid-bluetooth-tws-ew203-valge\/\" \/>\n<meta property=\"og:locale\" content=\"ru_RU\" \/>\n<meta property=\"og:type\" content=\"article\" \/>\n<meta property=\"og:title\" content=\"HOCO juhtmevabad k\u00f5rvaklapid Bluetooth TWS EW203 valge - CompanySun\" \/>\n<meta property=\"og:description\" content=\"\u00c4ra loobu oma lemmikmuusikast \u2013 kasuta HOCO TWS juhtmevabasid k\u00f5rvaklappe laadimiskarbiga. Need mugavad ja kasutajas\u00f5bralikud TWS k\u00f5rvaklapid sobituvad h\u00e4sti k\u00f5rva ning ei tekita ebamugavust isegi p\u00e4rast mitmetunnist kasutamist. Bluetooth-\u00fchenduse abil saad kuulata muusikat, audioraamatuid v\u00f5i pidada telefonik\u00f5nesid t\u00e4nu sisseehitatud mikrofonile. Kaasaskantav laadimiskarbiga vutlar tagab, et k\u00f5rvaklapid on alati laetud. Kompaktne disain v\u00f5imaldab neid k\u00f5ikjale kaasa...\" \/>\n<meta property=\"og:url\" content=\"https:\/\/sunfixmobile.ee\/toode\/hoco-juhtmevabad-korvaklapid-bluetooth-tws-ew203-valge\/\" \/>\n<meta property=\"og:site_name\" content=\"CompanySun\" \/>\n<meta property=\"article:publisher\" content=\"https:\/\/www.facebook.com\/sunfixtallinn\" \/>\n<meta property=\"article:modified_time\" content=\"2025-09-02T09:49:44+00:00\" \/>\n<meta property=\"og:image\" content=\"https:\/\/sunfixmobile.ee\/wp-content\/uploads\/2022\/05\/1.jpg\" \/>\n\t<meta property=\"og:image:width\" content=\"2000\" \/>\n\t<meta property=\"og:image:height\" content=\"1335\" \/>\n\t<meta property=\"og:image:type\" content=\"image\/jpeg\" \/>\n<meta name=\"twitter:card\" content=\"summary_large_image\" \/>\n<meta name=\"twitter:label1\" content=\"\u0426\u0435\u043d\u0430\" \/>\n\t<meta name=\"twitter:data1\" content=\"34,90&nbsp;&euro;\" \/>\n\t<meta name=\"twitter:label2\" content=\"\u0414\u043e\u0441\u0442\u0443\u043f\u043d\u043e\u0441\u0442\u044c\" \/>\n\t<meta name=\"twitter:data2\" content=\"\u0412 \u043d\u0430\u043b\u0438\u0447\u0438\u0438\" \/>\n<script type=\"application\/ld+json\" class=\"yoast-schema-graph\">{\"@context\":\"https:\/\/schema.org\",\"@graph\":[{\"@type\":\"WebPage\",\"@id\":\"https:\/\/sunfixmobile.ee\/toode\/hoco-juhtmevabad-korvaklapid-bluetooth-tws-ew203-valge\/\",\"url\":\"https:\/\/sunfixmobile.ee\/toode\/hoco-juhtmevabad-korvaklapid-bluetooth-tws-ew203-valge\/\",\"name\":\"HOCO juhtmevabad k\u00f5rvaklapid Bluetooth TWS EW203 valge - CompanySun\",\"isPartOf\":{\"@id\":\"https:\/\/sunfixmobile.ee\/#website\"},\"primaryImageOfPage\":{\"@id\":\"https:\/\/sunfixmobile.ee\/toode\/hoco-juhtmevabad-korvaklapid-bluetooth-tws-ew203-valge\/#primaryimage\"},\"image\":{\"@id\":\"https:\/\/sunfixmobile.ee\/toode\/hoco-juhtmevabad-korvaklapid-bluetooth-tws-ew203-valge\/#primaryimage\"},\"thumbnailUrl\":\"https:\/\/sunfixmobile.ee\/wp-content\/uploads\/2025\/09\/0ed13e152810fdba58e1e5de1597232b.webp\",\"datePublished\":\"2025-09-02T07:30:48+00:00\",\"dateModified\":\"2025-09-02T09:49:44+00:00\",\"breadcrumb\":{\"@id\":\"https:\/\/sunfixmobile.ee\/toode\/hoco-juhtmevabad-korvaklapid-bluetooth-tws-ew203-valge\/#breadcrumb\"},\"inLanguage\":\"ru-RU\",\"potentialAction\":[{\"@type\":\"ReadAction\",\"target\":[\"https:\/\/sunfixmobile.ee\/toode\/hoco-juhtmevabad-korvaklapid-bluetooth-tws-ew203-valge\/\"]}]},{\"@type\":\"ImageObject\",\"inLanguage\":\"ru-RU\",\"@id\":\"https:\/\/sunfixmobile.ee\/toode\/hoco-juhtmevabad-korvaklapid-bluetooth-tws-ew203-valge\/#primaryimage\",\"url\":\"https:\/\/sunfixmobile.ee\/wp-content\/uploads\/2025\/09\/0ed13e152810fdba58e1e5de1597232b.webp\",\"contentUrl\":\"https:\/\/sunfixmobile.ee\/wp-content\/uploads\/2025\/09\/0ed13e152810fdba58e1e5de1597232b.webp\",\"width\":1000,\"height\":1000,\"caption\":\"0ed13e152810fdba58e1e5de1597232b.\"},{\"@type\":\"BreadcrumbList\",\"@id\":\"https:\/\/sunfixmobile.ee\/toode\/hoco-juhtmevabad-korvaklapid-bluetooth-tws-ew203-valge\/#breadcrumb\",\"itemListElement\":[{\"@type\":\"ListItem\",\"position\":1,\"name\":\"Home\",\"item\":\"https:\/\/sunfixmobile.ee\/ru\/\"},{\"@type\":\"ListItem\",\"position\":2,\"name\":\"\u0412\u0441\u0435 \u0442\u043e\u0432\u0430\u0440\u044b\",\"item\":\"https:\/\/sunfixmobile.ee\/ru\/magazin\/\"},{\"@type\":\"ListItem\",\"position\":3,\"name\":\"HOCO juhtmevabad k\u00f5rvaklapid Bluetooth TWS EW203 valge\"}]},{\"@type\":\"WebSite\",\"@id\":\"https:\/\/sunfixmobile.ee\/#website\",\"url\":\"https:\/\/sunfixmobile.ee\/\",\"name\":\"CompanySun\",\"description\":\"\",\"publisher\":{\"@id\":\"https:\/\/sunfixmobile.ee\/#organization\"},\"potentialAction\":[{\"@type\":\"SearchAction\",\"target\":{\"@type\":\"EntryPoint\",\"urlTemplate\":\"https:\/\/sunfixmobile.ee\/?s={search_term_string}\"},\"query-input\":{\"@type\":\"PropertyValueSpecification\",\"valueRequired\":true,\"valueName\":\"search_term_string\"}}],\"inLanguage\":\"ru-RU\"},{\"@type\":\"Organization\",\"@id\":\"https:\/\/sunfixmobile.ee\/#organization\",\"name\":\"CompanySun O\u00dc\",\"url\":\"https:\/\/sunfixmobile.ee\/\",\"logo\":{\"@type\":\"ImageObject\",\"inLanguage\":\"ru-RU\",\"@id\":\"https:\/\/sunfixmobile.ee\/#\/schema\/logo\/image\/\",\"url\":\"https:\/\/sunfixmobile.ee\/wp-content\/uploads\/2022\/05\/logo.png\",\"contentUrl\":\"https:\/\/sunfixmobile.ee\/wp-content\/uploads\/2022\/05\/logo.png\",\"width\":257,\"height\":85,\"caption\":\"CompanySun O\u00dc\"},\"image\":{\"@id\":\"https:\/\/sunfixmobile.ee\/#\/schema\/logo\/image\/\"},\"sameAs\":[\"https:\/\/www.facebook.com\/sunfixtallinn\",\"https:\/\/www.instagram.com\/sunfix_eesti\/\"]}]}<\/script>\n<meta property=\"product:price:amount\" content=\"34.90\" \/>\n<meta property=\"product:price:currency\" content=\"EUR\" \/>\n<meta property=\"og:availability\" content=\"instock\" \/>\n<meta property=\"product:availability\" content=\"instock\" \/>\n<meta property=\"product:retailer_item_id\" content=\"6942007645034\" \/>\n<meta property=\"product:condition\" content=\"new\" \/>\n<!-- \/ Yoast SEO plugin. -->","yoast_head_json":{"title":"HOCO juhtmevabad k\u00f5rvaklapid Bluetooth TWS EW203 valge - CompanySun","robots":{"index":"index","follow":"follow","max-snippet":"max-snippet:-1","max-image-preview":"max-image-preview:large","max-video-preview":"max-video-preview:-1"},"canonical":"https:\/\/sunfixmobile.ee\/toode\/hoco-juhtmevabad-korvaklapid-bluetooth-tws-ew203-valge\/","og_locale":"ru_RU","og_type":"article","og_title":"HOCO juhtmevabad k\u00f5rvaklapid Bluetooth TWS EW203 valge - CompanySun","og_description":"\u00c4ra loobu oma lemmikmuusikast \u2013 kasuta HOCO TWS juhtmevabasid k\u00f5rvaklappe laadimiskarbiga. Need mugavad ja kasutajas\u00f5bralikud TWS k\u00f5rvaklapid sobituvad h\u00e4sti k\u00f5rva ning ei tekita ebamugavust isegi p\u00e4rast mitmetunnist kasutamist. Bluetooth-\u00fchenduse abil saad kuulata muusikat, audioraamatuid v\u00f5i pidada telefonik\u00f5nesid t\u00e4nu sisseehitatud mikrofonile. Kaasaskantav laadimiskarbiga vutlar tagab, et k\u00f5rvaklapid on alati laetud. Kompaktne disain v\u00f5imaldab neid k\u00f5ikjale kaasa...","og_url":"https:\/\/sunfixmobile.ee\/toode\/hoco-juhtmevabad-korvaklapid-bluetooth-tws-ew203-valge\/","og_site_name":"CompanySun","article_publisher":"https:\/\/www.facebook.com\/sunfixtallinn","article_modified_time":"2025-09-02T09:49:44+00:00","og_image":[{"width":2000,"height":1335,"url":"https:\/\/sunfixmobile.ee\/wp-content\/uploads\/2022\/05\/1.jpg","type":"image\/jpeg"}],"twitter_card":"summary_large_image","twitter_misc":{"\u0426\u0435\u043d\u0430":"34,90&nbsp;&euro;","\u0414\u043e\u0441\u0442\u0443\u043f\u043d\u043e\u0441\u0442\u044c":"\u0412 \u043d\u0430\u043b\u0438\u0447\u0438\u0438"},"schema":{"@context":"https:\/\/schema.org","@graph":[{"@type":"WebPage","@id":"https:\/\/sunfixmobile.ee\/toode\/hoco-juhtmevabad-korvaklapid-bluetooth-tws-ew203-valge\/","url":"https:\/\/sunfixmobile.ee\/toode\/hoco-juhtmevabad-korvaklapid-bluetooth-tws-ew203-valge\/","name":"HOCO juhtmevabad k\u00f5rvaklapid Bluetooth TWS EW203 valge - CompanySun","isPartOf":{"@id":"https:\/\/sunfixmobile.ee\/#website"},"primaryImageOfPage":{"@id":"https:\/\/sunfixmobile.ee\/toode\/hoco-juhtmevabad-korvaklapid-bluetooth-tws-ew203-valge\/#primaryimage"},"image":{"@id":"https:\/\/sunfixmobile.ee\/toode\/hoco-juhtmevabad-korvaklapid-bluetooth-tws-ew203-valge\/#primaryimage"},"thumbnailUrl":"https:\/\/sunfixmobile.ee\/wp-content\/uploads\/2025\/09\/0ed13e152810fdba58e1e5de1597232b.webp","datePublished":"2025-09-02T07:30:48+00:00","dateModified":"2025-09-02T09:49:44+00:00","breadcrumb":{"@id":"https:\/\/sunfixmobile.ee\/toode\/hoco-juhtmevabad-korvaklapid-bluetooth-tws-ew203-valge\/#breadcrumb"},"inLanguage":"ru-RU","potentialAction":[{"@type":"ReadAction","target":["https:\/\/sunfixmobile.ee\/toode\/hoco-juhtmevabad-korvaklapid-bluetooth-tws-ew203-valge\/"]}]},{"@type":"ImageObject","inLanguage":"ru-RU","@id":"https:\/\/sunfixmobile.ee\/toode\/hoco-juhtmevabad-korvaklapid-bluetooth-tws-ew203-valge\/#primaryimage","url":"https:\/\/sunfixmobile.ee\/wp-content\/uploads\/2025\/09\/0ed13e152810fdba58e1e5de1597232b.webp","contentUrl":"https:\/\/sunfixmobile.ee\/wp-content\/uploads\/2025\/09\/0ed13e152810fdba58e1e5de1597232b.webp","width":1000,"height":1000,"caption":"0ed13e152810fdba58e1e5de1597232b."},{"@type":"BreadcrumbList","@id":"https:\/\/sunfixmobile.ee\/toode\/hoco-juhtmevabad-korvaklapid-bluetooth-tws-ew203-valge\/#breadcrumb","itemListElement":[{"@type":"ListItem","position":1,"name":"Home","item":"https:\/\/sunfixmobile.ee\/ru\/"},{"@type":"ListItem","position":2,"name":"\u0412\u0441\u0435 \u0442\u043e\u0432\u0430\u0440\u044b","item":"https:\/\/sunfixmobile.ee\/ru\/magazin\/"},{"@type":"ListItem","position":3,"name":"HOCO juhtmevabad k\u00f5rvaklapid Bluetooth TWS EW203 valge"}]},{"@type":"WebSite","@id":"https:\/\/sunfixmobile.ee\/#website","url":"https:\/\/sunfixmobile.ee\/","name":"CompanySun","description":"","publisher":{"@id":"https:\/\/sunfixmobile.ee\/#organization"},"potentialAction":[{"@type":"SearchAction","target":{"@type":"EntryPoint","urlTemplate":"https:\/\/sunfixmobile.ee\/?s={search_term_string}"},"query-input":{"@type":"PropertyValueSpecification","valueRequired":true,"valueName":"search_term_string"}}],"inLanguage":"ru-RU"},{"@type":"Organization","@id":"https:\/\/sunfixmobile.ee\/#organization","name":"CompanySun O\u00dc","url":"https:\/\/sunfixmobile.ee\/","logo":{"@type":"ImageObject","inLanguage":"ru-RU","@id":"https:\/\/sunfixmobile.ee\/#\/schema\/logo\/image\/","url":"https:\/\/sunfixmobile.ee\/wp-content\/uploads\/2022\/05\/logo.png","contentUrl":"https:\/\/sunfixmobile.ee\/wp-content\/uploads\/2022\/05\/logo.png","width":257,"height":85,"caption":"CompanySun O\u00dc"},"image":{"@id":"https:\/\/sunfixmobile.ee\/#\/schema\/logo\/image\/"},"sameAs":["https:\/\/www.facebook.com\/sunfixtallinn","https:\/\/www.instagram.com\/sunfix_eesti\/"]}]},"product_price_amount":"34.90","product_price_currency":"EUR","og_availability":"instock","product_availability":"instock","product_retailer_item_id":"6942007645034","product_condition":"new"},"_links":{"self":[{"href":"https:\/\/sunfixmobile.ee\/ru\/wp-json\/wp\/v2\/product\/16874","targetHints":{"allow":["GET"]}}],"collection":[{"href":"https:\/\/sunfixmobile.ee\/ru\/wp-json\/wp\/v2\/product"}],"about":[{"href":"https:\/\/sunfixmobile.ee\/ru\/wp-json\/wp\/v2\/types\/product"}],"wp:featuredmedia":[{"embeddable":true,"href":"https:\/\/sunfixmobile.ee\/ru\/wp-json\/wp\/v2\/media\/16866"}],"wp:attachment":[{"href":"https:\/\/sunfixmobile.ee\/ru\/wp-json\/wp\/v2\/media?parent=16874"}],"wp:term":[{"taxonomy":"product_brand","embeddable":true,"href":"https:\/\/sunfixmobile.ee\/ru\/wp-json\/wp\/v2\/product_brand?post=16874"},{"taxonomy":"product_cat","embeddable":true,"href":"https:\/\/sunfixmobile.ee\/ru\/wp-json\/wp\/v2\/product_cat?post=16874"},{"taxonomy":"product_tag","embeddable":true,"href":"https:\/\/sunfixmobile.ee\/ru\/wp-json\/wp\/v2\/product_tag?post=16874"}],"curies":[{"name":"wp","href":"https:\/\/api.w.org\/{rel}","templated":true}]}}