{"id":16808,"date":"2025-08-14T08:47:24","date_gmt":"2025-08-14T08:47:24","guid":{"rendered":"https:\/\/sunfixmobile.ee\/toode\/veger-powerbank-10000-mah-traadita-laadimisega-uhilduv-magsafei-pd-qc3-0-2a-20w-magon-vp1151-w1151-must\/"},"modified":"2026-04-21T03:00:11","modified_gmt":"2026-04-21T00:00:11","slug":"veger-powerbank-10000-mah-traadita-laadimisega-uhilduv-magsafei-pd-qc3-0-2a-20w-magon-vp1151-w1151-must","status":"publish","type":"product","link":"https:\/\/sunfixmobile.ee\/ru\/tovar\/veger-powerbank-10000-mah-traadita-laadimisega-uhilduv-magsafei-pd-qc3-0-2a-20w-magon-vp1151-w1151-must\/","title":{"rendered":"VEGER powerbank 10000 mAh traadita laadimisega, \u00fchilduv MagSafe\u2019i, PD QC3.0 2A, 20W MagOn (VP1151 \/ W1151), must"},"content":{"rendered":"<p><strong>Veger MagOn powerbank 10 000 mAh traadita laadimisega, \u00fchilduv MagSafe, PD QC3.0 2A 20W<\/strong><br \/>Veger MagOn powerbank mahutavusega 10 000 mAh tagab kiire laadimise igal ajal ja igas kohas.<\/p>\n<h3><strong>Mugav laadimine<\/strong><\/h3>\n<p>Turu poolt hinnatud liitium-pol\u00fcmeeraku tagab powerbanki aeglasema t\u00fchjenemise. 10 000 mAh mahutavus v\u00f5imaldab telefonil aku isegi kaks korda t\u00e4is laadida (s\u00f5ltuvalt iPhone&#8217;i akust), olles kasulik teel olles, kui pistikupesad ei ole pidevalt kergesti kergesti kergesti ligip\u00e4\u00e4setavad.<\/p>\n<h3><strong>Induktiivne ja traditsiooniline laadimine<\/strong><\/h3>\n<p>USB-C ja Lightning port toetavad Power Delivery (22.5W) ja Quick Charge 3.0 tehnoloogiaid, mis v\u00f5imaldavad teie nutitelefoni akut v\u00e4ga l\u00fchikese aja jooksul t\u00e4is laadida (0\u201350% isegi 30 minutiga). Kui kaablit ei ole k\u00e4ep\u00e4rast, saate kasutada lihtsalt traadita laadimisfunktsiooni MagSafe tehnoloogia abil. See t\u00f6\u00f6tab ka erinevate juhtumite kaudu.<\/p>\n<h3><strong>V\u00f5ta seda k\u00f5ikjal, kuhu vajad<\/strong><\/h3>\n<p>Minimalistlik, \u00f5huke disain ja v\u00e4ike kaal muudavad selle mugavaks kasutamiseks reisidel ning 5 LED-dioodi annavad teavet powerbanki laadimise taseme kohta.<\/p>\n<h3><strong>Spetsifikatsioonid:<\/strong><\/h3>\n<p>Aku maht: 10 000 mAh<\/p>\n<p>Aku pinge: 3,85 V<\/p>\n<p>Maksimaalne pinge: 5V\/2A<\/p>\n<p>V\u00f5imsus: 22,5 W<\/p>\n<p>Materjal: plast<\/p>\n<p>Pordid: USB-C, Lightning<\/p>\n<p>Toote netokaal: 170 g<\/p>\n<p>Pakendi kaal: 215 g<\/p>\n<p>Toote m\u00f5\u00f5dud: 110 \u00d7 68,6 \u00d7 16 mm<\/p>\n<p>Pakendi m\u00f5\u00f5dud: 13,3 \u00d7 11,7 \u00d7 2,4 cm<\/p>\n<p>Kaabel: USB-A \u2013 USB-C<\/p>\n<p>Toetatud tehnoloogiad: Power Delivery (22,5 W) ja Quick Charge 3.0<\/p>\n<p>&nbsp;<\/p>\n","protected":false},"excerpt":{"rendered":"<p>Veger MagOn powerbank 10 000 mAh traadita laadimisega, \u00fchilduv MagSafe, PD QC3.0 2A 20WVeger MagOn powerbank mahutavusega 10 000 mAh tagab kiire laadimise igal ajal ja igas kohas. Mugav laadimine Turu poolt hinnatud liitium-pol\u00fcmeeraku tagab powerbanki aeglasema t\u00fchjenemise. 10 000 mAh mahutavus v\u00f5imaldab telefonil aku isegi kaks korda t\u00e4is laadida (s\u00f5ltuvalt iPhone&#8217;i akust), olles kasulik&#8230;<\/p>\n","protected":false},"featured_media":16800,"template":"","meta":[],"product_brand":[],"product_cat":[1242],"product_tag":[],"class_list":{"0":"post-16808","1":"product","2":"type-product","3":"status-publish","4":"has-post-thumbnail","6":"product_cat-akupangad","8":"first","9":"instock","10":"taxable","11":"shipping-taxable","12":"purchasable","13":"product-type-simple"},"yoast_head":"<!-- This site is optimized with the Yoast SEO plugin v27.2 - https:\/\/yoast.com\/product\/yoast-seo-wordpress\/ -->\n<title>VEGER powerbank 10000 mAh traadita laadimisega, \u00fchilduv MagSafe\u2019i, PD QC3.0 2A, 20W MagOn (VP1151 \/ W1151), must - CompanySun<\/title>\n<meta name=\"robots\" content=\"index, follow, max-snippet:-1, max-image-preview:large, max-video-preview:-1\" \/>\n<link rel=\"canonical\" href=\"https:\/\/sunfixmobile.ee\/toode\/veger-powerbank-10000-mah-traadita-laadimisega-uhilduv-magsafei-pd-qc3-0-2a-20w-magon-vp1151-w1151-must\/\" \/>\n<meta property=\"og:locale\" content=\"ru_RU\" \/>\n<meta property=\"og:type\" content=\"article\" \/>\n<meta property=\"og:title\" content=\"VEGER powerbank 10000 mAh traadita laadimisega, \u00fchilduv MagSafe\u2019i, PD QC3.0 2A, 20W MagOn (VP1151 \/ W1151), must - CompanySun\" \/>\n<meta property=\"og:description\" content=\"Veger MagOn powerbank 10 000 mAh traadita laadimisega, \u00fchilduv MagSafe, PD QC3.0 2A 20WVeger MagOn powerbank mahutavusega 10 000 mAh tagab kiire laadimise igal ajal ja igas kohas. Mugav laadimine Turu poolt hinnatud liitium-pol\u00fcmeeraku tagab powerbanki aeglasema t\u00fchjenemise. 10 000 mAh mahutavus v\u00f5imaldab telefonil aku isegi kaks korda t\u00e4is laadida (s\u00f5ltuvalt iPhone&#8217;i akust), olles kasulik...\" \/>\n<meta property=\"og:url\" content=\"https:\/\/sunfixmobile.ee\/toode\/veger-powerbank-10000-mah-traadita-laadimisega-uhilduv-magsafei-pd-qc3-0-2a-20w-magon-vp1151-w1151-must\/\" \/>\n<meta property=\"og:site_name\" content=\"CompanySun\" \/>\n<meta property=\"article:publisher\" content=\"https:\/\/www.facebook.com\/sunfixtallinn\" \/>\n<meta property=\"article:modified_time\" content=\"2026-04-21T00:00:11+00:00\" \/>\n<meta property=\"og:image\" content=\"https:\/\/sunfixmobile.ee\/wp-content\/uploads\/2025\/08\/bd306e3ac735743b1fd4e4db2d7a3f20.webp\" \/>\n\t<meta property=\"og:image:width\" content=\"1000\" \/>\n\t<meta property=\"og:image:height\" content=\"1000\" \/>\n\t<meta property=\"og:image:type\" content=\"image\/webp\" \/>\n<meta name=\"twitter:card\" content=\"summary_large_image\" \/>\n<meta name=\"twitter:label1\" content=\"\u0426\u0435\u043d\u0430\" \/>\n\t<meta name=\"twitter:data1\" content=\"39,90&nbsp;&euro;\" \/>\n\t<meta name=\"twitter:label2\" content=\"\u0414\u043e\u0441\u0442\u0443\u043f\u043d\u043e\u0441\u0442\u044c\" \/>\n\t<meta name=\"twitter:data2\" content=\"\u0412 \u043d\u0430\u043b\u0438\u0447\u0438\u0438\" \/>\n<script type=\"application\/ld+json\" class=\"yoast-schema-graph\">{\"@context\":\"https:\/\/schema.org\",\"@graph\":[{\"@type\":\"WebPage\",\"@id\":\"https:\/\/sunfixmobile.ee\/toode\/veger-powerbank-10000-mah-traadita-laadimisega-uhilduv-magsafei-pd-qc3-0-2a-20w-magon-vp1151-w1151-must\/\",\"url\":\"https:\/\/sunfixmobile.ee\/toode\/veger-powerbank-10000-mah-traadita-laadimisega-uhilduv-magsafei-pd-qc3-0-2a-20w-magon-vp1151-w1151-must\/\",\"name\":\"VEGER powerbank 10000 mAh traadita laadimisega, \u00fchilduv MagSafe\u2019i, PD QC3.0 2A, 20W MagOn (VP1151 \/ W1151), must - CompanySun\",\"isPartOf\":{\"@id\":\"https:\/\/sunfixmobile.ee\/#website\"},\"primaryImageOfPage\":{\"@id\":\"https:\/\/sunfixmobile.ee\/toode\/veger-powerbank-10000-mah-traadita-laadimisega-uhilduv-magsafei-pd-qc3-0-2a-20w-magon-vp1151-w1151-must\/#primaryimage\"},\"image\":{\"@id\":\"https:\/\/sunfixmobile.ee\/toode\/veger-powerbank-10000-mah-traadita-laadimisega-uhilduv-magsafei-pd-qc3-0-2a-20w-magon-vp1151-w1151-must\/#primaryimage\"},\"thumbnailUrl\":\"https:\/\/sunfixmobile.ee\/wp-content\/uploads\/2025\/08\/bd306e3ac735743b1fd4e4db2d7a3f20.webp\",\"datePublished\":\"2025-08-14T08:47:24+00:00\",\"dateModified\":\"2026-04-21T00:00:11+00:00\",\"breadcrumb\":{\"@id\":\"https:\/\/sunfixmobile.ee\/toode\/veger-powerbank-10000-mah-traadita-laadimisega-uhilduv-magsafei-pd-qc3-0-2a-20w-magon-vp1151-w1151-must\/#breadcrumb\"},\"inLanguage\":\"ru-RU\",\"potentialAction\":[{\"@type\":\"ReadAction\",\"target\":[\"https:\/\/sunfixmobile.ee\/toode\/veger-powerbank-10000-mah-traadita-laadimisega-uhilduv-magsafei-pd-qc3-0-2a-20w-magon-vp1151-w1151-must\/\"]}]},{\"@type\":\"ImageObject\",\"inLanguage\":\"ru-RU\",\"@id\":\"https:\/\/sunfixmobile.ee\/toode\/veger-powerbank-10000-mah-traadita-laadimisega-uhilduv-magsafei-pd-qc3-0-2a-20w-magon-vp1151-w1151-must\/#primaryimage\",\"url\":\"https:\/\/sunfixmobile.ee\/wp-content\/uploads\/2025\/08\/bd306e3ac735743b1fd4e4db2d7a3f20.webp\",\"contentUrl\":\"https:\/\/sunfixmobile.ee\/wp-content\/uploads\/2025\/08\/bd306e3ac735743b1fd4e4db2d7a3f20.webp\",\"width\":1000,\"height\":1000,\"caption\":\"bd306e3ac735743b1fd4e4db2d7a3f20.\"},{\"@type\":\"BreadcrumbList\",\"@id\":\"https:\/\/sunfixmobile.ee\/toode\/veger-powerbank-10000-mah-traadita-laadimisega-uhilduv-magsafei-pd-qc3-0-2a-20w-magon-vp1151-w1151-must\/#breadcrumb\",\"itemListElement\":[{\"@type\":\"ListItem\",\"position\":1,\"name\":\"Home\",\"item\":\"https:\/\/sunfixmobile.ee\/ru\/\"},{\"@type\":\"ListItem\",\"position\":2,\"name\":\"\u0412\u0441\u0435 \u0442\u043e\u0432\u0430\u0440\u044b\",\"item\":\"https:\/\/sunfixmobile.ee\/ru\/magazin\/\"},{\"@type\":\"ListItem\",\"position\":3,\"name\":\"VEGER powerbank 10000 mAh traadita laadimisega, \u00fchilduv MagSafe\u2019i, PD QC3.0 2A, 20W MagOn (VP1151 \/ W1151), must\"}]},{\"@type\":\"WebSite\",\"@id\":\"https:\/\/sunfixmobile.ee\/#website\",\"url\":\"https:\/\/sunfixmobile.ee\/\",\"name\":\"CompanySun\",\"description\":\"\",\"publisher\":{\"@id\":\"https:\/\/sunfixmobile.ee\/#organization\"},\"potentialAction\":[{\"@type\":\"SearchAction\",\"target\":{\"@type\":\"EntryPoint\",\"urlTemplate\":\"https:\/\/sunfixmobile.ee\/?s={search_term_string}\"},\"query-input\":{\"@type\":\"PropertyValueSpecification\",\"valueRequired\":true,\"valueName\":\"search_term_string\"}}],\"inLanguage\":\"ru-RU\"},{\"@type\":\"Organization\",\"@id\":\"https:\/\/sunfixmobile.ee\/#organization\",\"name\":\"CompanySun O\u00dc\",\"url\":\"https:\/\/sunfixmobile.ee\/\",\"logo\":{\"@type\":\"ImageObject\",\"inLanguage\":\"ru-RU\",\"@id\":\"https:\/\/sunfixmobile.ee\/#\/schema\/logo\/image\/\",\"url\":\"https:\/\/sunfixmobile.ee\/wp-content\/uploads\/2022\/05\/logo.png\",\"contentUrl\":\"https:\/\/sunfixmobile.ee\/wp-content\/uploads\/2022\/05\/logo.png\",\"width\":257,\"height\":85,\"caption\":\"CompanySun O\u00dc\"},\"image\":{\"@id\":\"https:\/\/sunfixmobile.ee\/#\/schema\/logo\/image\/\"},\"sameAs\":[\"https:\/\/www.facebook.com\/sunfixtallinn\",\"https:\/\/www.instagram.com\/sunfix_eesti\/\"]}]}<\/script>\n<meta property=\"product:price:amount\" content=\"39.90\" \/>\n<meta property=\"product:price:currency\" content=\"EUR\" \/>\n<meta property=\"og:availability\" content=\"instock\" \/>\n<meta property=\"product:availability\" content=\"instock\" \/>\n<meta property=\"product:retailer_item_id\" content=\"6970453555812\" \/>\n<meta property=\"product:condition\" content=\"new\" \/>\n<!-- \/ Yoast SEO plugin. -->","yoast_head_json":{"title":"VEGER powerbank 10000 mAh traadita laadimisega, \u00fchilduv MagSafe\u2019i, PD QC3.0 2A, 20W MagOn (VP1151 \/ W1151), must - CompanySun","robots":{"index":"index","follow":"follow","max-snippet":"max-snippet:-1","max-image-preview":"max-image-preview:large","max-video-preview":"max-video-preview:-1"},"canonical":"https:\/\/sunfixmobile.ee\/toode\/veger-powerbank-10000-mah-traadita-laadimisega-uhilduv-magsafei-pd-qc3-0-2a-20w-magon-vp1151-w1151-must\/","og_locale":"ru_RU","og_type":"article","og_title":"VEGER powerbank 10000 mAh traadita laadimisega, \u00fchilduv MagSafe\u2019i, PD QC3.0 2A, 20W MagOn (VP1151 \/ W1151), must - CompanySun","og_description":"Veger MagOn powerbank 10 000 mAh traadita laadimisega, \u00fchilduv MagSafe, PD QC3.0 2A 20WVeger MagOn powerbank mahutavusega 10 000 mAh tagab kiire laadimise igal ajal ja igas kohas. Mugav laadimine Turu poolt hinnatud liitium-pol\u00fcmeeraku tagab powerbanki aeglasema t\u00fchjenemise. 10 000 mAh mahutavus v\u00f5imaldab telefonil aku isegi kaks korda t\u00e4is laadida (s\u00f5ltuvalt iPhone&#8217;i akust), olles kasulik...","og_url":"https:\/\/sunfixmobile.ee\/toode\/veger-powerbank-10000-mah-traadita-laadimisega-uhilduv-magsafei-pd-qc3-0-2a-20w-magon-vp1151-w1151-must\/","og_site_name":"CompanySun","article_publisher":"https:\/\/www.facebook.com\/sunfixtallinn","article_modified_time":"2026-04-21T00:00:11+00:00","og_image":[{"width":1000,"height":1000,"url":"https:\/\/sunfixmobile.ee\/wp-content\/uploads\/2025\/08\/bd306e3ac735743b1fd4e4db2d7a3f20.webp","type":"image\/webp"}],"twitter_card":"summary_large_image","twitter_misc":{"\u0426\u0435\u043d\u0430":"39,90&nbsp;&euro;","\u0414\u043e\u0441\u0442\u0443\u043f\u043d\u043e\u0441\u0442\u044c":"\u0412 \u043d\u0430\u043b\u0438\u0447\u0438\u0438"},"schema":{"@context":"https:\/\/schema.org","@graph":[{"@type":"WebPage","@id":"https:\/\/sunfixmobile.ee\/toode\/veger-powerbank-10000-mah-traadita-laadimisega-uhilduv-magsafei-pd-qc3-0-2a-20w-magon-vp1151-w1151-must\/","url":"https:\/\/sunfixmobile.ee\/toode\/veger-powerbank-10000-mah-traadita-laadimisega-uhilduv-magsafei-pd-qc3-0-2a-20w-magon-vp1151-w1151-must\/","name":"VEGER powerbank 10000 mAh traadita laadimisega, \u00fchilduv MagSafe\u2019i, PD QC3.0 2A, 20W MagOn (VP1151 \/ W1151), must - CompanySun","isPartOf":{"@id":"https:\/\/sunfixmobile.ee\/#website"},"primaryImageOfPage":{"@id":"https:\/\/sunfixmobile.ee\/toode\/veger-powerbank-10000-mah-traadita-laadimisega-uhilduv-magsafei-pd-qc3-0-2a-20w-magon-vp1151-w1151-must\/#primaryimage"},"image":{"@id":"https:\/\/sunfixmobile.ee\/toode\/veger-powerbank-10000-mah-traadita-laadimisega-uhilduv-magsafei-pd-qc3-0-2a-20w-magon-vp1151-w1151-must\/#primaryimage"},"thumbnailUrl":"https:\/\/sunfixmobile.ee\/wp-content\/uploads\/2025\/08\/bd306e3ac735743b1fd4e4db2d7a3f20.webp","datePublished":"2025-08-14T08:47:24+00:00","dateModified":"2026-04-21T00:00:11+00:00","breadcrumb":{"@id":"https:\/\/sunfixmobile.ee\/toode\/veger-powerbank-10000-mah-traadita-laadimisega-uhilduv-magsafei-pd-qc3-0-2a-20w-magon-vp1151-w1151-must\/#breadcrumb"},"inLanguage":"ru-RU","potentialAction":[{"@type":"ReadAction","target":["https:\/\/sunfixmobile.ee\/toode\/veger-powerbank-10000-mah-traadita-laadimisega-uhilduv-magsafei-pd-qc3-0-2a-20w-magon-vp1151-w1151-must\/"]}]},{"@type":"ImageObject","inLanguage":"ru-RU","@id":"https:\/\/sunfixmobile.ee\/toode\/veger-powerbank-10000-mah-traadita-laadimisega-uhilduv-magsafei-pd-qc3-0-2a-20w-magon-vp1151-w1151-must\/#primaryimage","url":"https:\/\/sunfixmobile.ee\/wp-content\/uploads\/2025\/08\/bd306e3ac735743b1fd4e4db2d7a3f20.webp","contentUrl":"https:\/\/sunfixmobile.ee\/wp-content\/uploads\/2025\/08\/bd306e3ac735743b1fd4e4db2d7a3f20.webp","width":1000,"height":1000,"caption":"bd306e3ac735743b1fd4e4db2d7a3f20."},{"@type":"BreadcrumbList","@id":"https:\/\/sunfixmobile.ee\/toode\/veger-powerbank-10000-mah-traadita-laadimisega-uhilduv-magsafei-pd-qc3-0-2a-20w-magon-vp1151-w1151-must\/#breadcrumb","itemListElement":[{"@type":"ListItem","position":1,"name":"Home","item":"https:\/\/sunfixmobile.ee\/ru\/"},{"@type":"ListItem","position":2,"name":"\u0412\u0441\u0435 \u0442\u043e\u0432\u0430\u0440\u044b","item":"https:\/\/sunfixmobile.ee\/ru\/magazin\/"},{"@type":"ListItem","position":3,"name":"VEGER powerbank 10000 mAh traadita laadimisega, \u00fchilduv MagSafe\u2019i, PD QC3.0 2A, 20W MagOn (VP1151 \/ W1151), must"}]},{"@type":"WebSite","@id":"https:\/\/sunfixmobile.ee\/#website","url":"https:\/\/sunfixmobile.ee\/","name":"CompanySun","description":"","publisher":{"@id":"https:\/\/sunfixmobile.ee\/#organization"},"potentialAction":[{"@type":"SearchAction","target":{"@type":"EntryPoint","urlTemplate":"https:\/\/sunfixmobile.ee\/?s={search_term_string}"},"query-input":{"@type":"PropertyValueSpecification","valueRequired":true,"valueName":"search_term_string"}}],"inLanguage":"ru-RU"},{"@type":"Organization","@id":"https:\/\/sunfixmobile.ee\/#organization","name":"CompanySun O\u00dc","url":"https:\/\/sunfixmobile.ee\/","logo":{"@type":"ImageObject","inLanguage":"ru-RU","@id":"https:\/\/sunfixmobile.ee\/#\/schema\/logo\/image\/","url":"https:\/\/sunfixmobile.ee\/wp-content\/uploads\/2022\/05\/logo.png","contentUrl":"https:\/\/sunfixmobile.ee\/wp-content\/uploads\/2022\/05\/logo.png","width":257,"height":85,"caption":"CompanySun O\u00dc"},"image":{"@id":"https:\/\/sunfixmobile.ee\/#\/schema\/logo\/image\/"},"sameAs":["https:\/\/www.facebook.com\/sunfixtallinn","https:\/\/www.instagram.com\/sunfix_eesti\/"]}]},"product_price_amount":"39.90","product_price_currency":"EUR","og_availability":"instock","product_availability":"instock","product_retailer_item_id":"6970453555812","product_condition":"new"},"_links":{"self":[{"href":"https:\/\/sunfixmobile.ee\/ru\/wp-json\/wp\/v2\/product\/16808","targetHints":{"allow":["GET"]}}],"collection":[{"href":"https:\/\/sunfixmobile.ee\/ru\/wp-json\/wp\/v2\/product"}],"about":[{"href":"https:\/\/sunfixmobile.ee\/ru\/wp-json\/wp\/v2\/types\/product"}],"wp:featuredmedia":[{"embeddable":true,"href":"https:\/\/sunfixmobile.ee\/ru\/wp-json\/wp\/v2\/media\/16800"}],"wp:attachment":[{"href":"https:\/\/sunfixmobile.ee\/ru\/wp-json\/wp\/v2\/media?parent=16808"}],"wp:term":[{"taxonomy":"product_brand","embeddable":true,"href":"https:\/\/sunfixmobile.ee\/ru\/wp-json\/wp\/v2\/product_brand?post=16808"},{"taxonomy":"product_cat","embeddable":true,"href":"https:\/\/sunfixmobile.ee\/ru\/wp-json\/wp\/v2\/product_cat?post=16808"},{"taxonomy":"product_tag","embeddable":true,"href":"https:\/\/sunfixmobile.ee\/ru\/wp-json\/wp\/v2\/product_tag?post=16808"}],"curies":[{"name":"wp","href":"https:\/\/api.w.org\/{rel}","templated":true}]}}