{"id":16366,"date":"2025-07-25T12:44:45","date_gmt":"2025-07-25T12:44:45","guid":{"rendered":"https:\/\/sunfixmobile.ee\/toode\/juhtmevabad-korvaklapid-hoco-w64-mustad\/"},"modified":"2025-11-30T00:00:15","modified_gmt":"2025-11-30T00:00:15","slug":"juhtmevabad-korvaklapid-hoco-w64-mustad","status":"publish","type":"product","link":"https:\/\/sunfixmobile.ee\/ru\/tovar\/juhtmevabad-korvaklapid-hoco-w64-mustad\/","title":{"rendered":"Juhtmevabad k\u00f5rvaklapid Hoco W64 mustad"},"content":{"rendered":"<p>HOCO W64 kaasaskantavad Bluetooth-k\u00f5rvaklapid. Need pakuvad kvaliteetset ja selget heli s\u00fcgava bassiga.<\/p>\n<p>Juhtmevaba Bluetooth-voogedastus v\u00f5imaldab teil nautida oma lemmikmuusikat suurep\u00e4rase kvaliteediga ilma kaablita.<\/p>\n<p>Kokkupandav disain muudab k\u00f5rvaklappide kandmise ja hoiustamise seljakotis v\u00f5i kotis lihtsaks.<\/p>\n<p>Mugavad k\u00f5rvapadjad v\u00f5imaldavad teil tundide kaupa muusikat kuulata ilma ebamugavust tundmata.<\/p>\n<p>Reguleeritavad \u2013 k\u00f5rvaklappe saab h\u00f5lpsalt vastavalt individuaalsetele vajadustele reguleerida.<\/p>\n<p>Sisseehitatud nupp v\u00f5imaldab teil m\u00e4ngida m\u00e4ngitavat heli juhtida.<\/p>\n<p>Varustatud AUX-pesaga.<\/p>\n<p>Spetsifikatsioon:<br \/>Bluetoothi versioon: V5.4 JL JL7063F4<br \/>Laadimisaeg: umbes 1,5 h<br \/>Kasutusaeg: 32 h<br \/>Aku mahutavus: 300 mAh<br \/>Pistikud: USB-C, AUX<br \/>Suurus: 190 \u00d7 155 \u00d7 77 mm<br \/>Materjal: ABS + terasest kahvel + PU-nahk<br \/>Kaal: 180 g<\/p>\n","protected":false},"excerpt":{"rendered":"<p>HOCO W64 kaasaskantavad Bluetooth-k\u00f5rvaklapid. Need pakuvad kvaliteetset ja selget heli s\u00fcgava bassiga. Juhtmevaba Bluetooth-voogedastus v\u00f5imaldab teil nautida oma lemmikmuusikat suurep\u00e4rase kvaliteediga ilma kaablita. Kokkupandav disain muudab k\u00f5rvaklappide kandmise ja hoiustamise seljakotis v\u00f5i kotis lihtsaks. Mugavad k\u00f5rvapadjad v\u00f5imaldavad teil tundide kaupa muusikat kuulata ilma ebamugavust tundmata. Reguleeritavad \u2013 k\u00f5rvaklappe saab h\u00f5lpsalt vastavalt individuaalsetele vajadustele reguleerida. Sisseehitatud&#8230;<\/p>\n","protected":false},"featured_media":16358,"template":"","meta":[],"product_brand":[],"product_cat":[1254],"product_tag":[],"class_list":{"0":"post-16366","1":"product","2":"type-product","3":"status-publish","4":"has-post-thumbnail","6":"product_cat-korvaklapid","8":"first","9":"instock","10":"taxable","11":"shipping-taxable","12":"purchasable","13":"product-type-simple"},"yoast_head":"<!-- This site is optimized with the Yoast SEO plugin v27.2 - https:\/\/yoast.com\/product\/yoast-seo-wordpress\/ -->\n<title>Juhtmevabad k\u00f5rvaklapid Hoco W64 mustad - CompanySun<\/title>\n<meta name=\"robots\" content=\"index, follow, max-snippet:-1, max-image-preview:large, max-video-preview:-1\" \/>\n<link rel=\"canonical\" href=\"https:\/\/sunfixmobile.ee\/toode\/juhtmevabad-korvaklapid-hoco-w64-mustad\/\" \/>\n<meta property=\"og:locale\" content=\"ru_RU\" \/>\n<meta property=\"og:type\" content=\"article\" \/>\n<meta property=\"og:title\" content=\"Juhtmevabad k\u00f5rvaklapid Hoco W64 mustad - CompanySun\" \/>\n<meta property=\"og:description\" content=\"HOCO W64 kaasaskantavad Bluetooth-k\u00f5rvaklapid. Need pakuvad kvaliteetset ja selget heli s\u00fcgava bassiga. Juhtmevaba Bluetooth-voogedastus v\u00f5imaldab teil nautida oma lemmikmuusikat suurep\u00e4rase kvaliteediga ilma kaablita. Kokkupandav disain muudab k\u00f5rvaklappide kandmise ja hoiustamise seljakotis v\u00f5i kotis lihtsaks. Mugavad k\u00f5rvapadjad v\u00f5imaldavad teil tundide kaupa muusikat kuulata ilma ebamugavust tundmata. Reguleeritavad \u2013 k\u00f5rvaklappe saab h\u00f5lpsalt vastavalt individuaalsetele vajadustele reguleerida. Sisseehitatud...\" \/>\n<meta property=\"og:url\" content=\"https:\/\/sunfixmobile.ee\/toode\/juhtmevabad-korvaklapid-hoco-w64-mustad\/\" \/>\n<meta property=\"og:site_name\" content=\"CompanySun\" \/>\n<meta property=\"article:publisher\" content=\"https:\/\/www.facebook.com\/sunfixtallinn\" \/>\n<meta property=\"article:modified_time\" content=\"2025-11-30T00:00:15+00:00\" \/>\n<meta property=\"og:image\" content=\"https:\/\/sunfixmobile.ee\/wp-content\/uploads\/2022\/05\/1.jpg\" \/>\n\t<meta property=\"og:image:width\" content=\"2000\" \/>\n\t<meta property=\"og:image:height\" content=\"1335\" \/>\n\t<meta property=\"og:image:type\" content=\"image\/jpeg\" \/>\n<meta name=\"twitter:card\" content=\"summary_large_image\" \/>\n<meta name=\"twitter:label1\" content=\"\u0426\u0435\u043d\u0430\" \/>\n\t<meta name=\"twitter:data1\" content=\"32,90&nbsp;&euro;\" \/>\n\t<meta name=\"twitter:label2\" content=\"\u0414\u043e\u0441\u0442\u0443\u043f\u043d\u043e\u0441\u0442\u044c\" \/>\n\t<meta name=\"twitter:data2\" content=\"\u0412 \u043d\u0430\u043b\u0438\u0447\u0438\u0438\" \/>\n<script type=\"application\/ld+json\" class=\"yoast-schema-graph\">{\"@context\":\"https:\/\/schema.org\",\"@graph\":[{\"@type\":\"WebPage\",\"@id\":\"https:\/\/sunfixmobile.ee\/toode\/juhtmevabad-korvaklapid-hoco-w64-mustad\/\",\"url\":\"https:\/\/sunfixmobile.ee\/toode\/juhtmevabad-korvaklapid-hoco-w64-mustad\/\",\"name\":\"Juhtmevabad k\u00f5rvaklapid Hoco W64 mustad - CompanySun\",\"isPartOf\":{\"@id\":\"https:\/\/sunfixmobile.ee\/#website\"},\"primaryImageOfPage\":{\"@id\":\"https:\/\/sunfixmobile.ee\/toode\/juhtmevabad-korvaklapid-hoco-w64-mustad\/#primaryimage\"},\"image\":{\"@id\":\"https:\/\/sunfixmobile.ee\/toode\/juhtmevabad-korvaklapid-hoco-w64-mustad\/#primaryimage\"},\"thumbnailUrl\":\"https:\/\/sunfixmobile.ee\/wp-content\/uploads\/2025\/07\/0a9a80d4bfef3aff5f00a9f996db0681.webp\",\"datePublished\":\"2025-07-25T12:44:45+00:00\",\"dateModified\":\"2025-11-30T00:00:15+00:00\",\"breadcrumb\":{\"@id\":\"https:\/\/sunfixmobile.ee\/toode\/juhtmevabad-korvaklapid-hoco-w64-mustad\/#breadcrumb\"},\"inLanguage\":\"ru-RU\",\"potentialAction\":[{\"@type\":\"ReadAction\",\"target\":[\"https:\/\/sunfixmobile.ee\/toode\/juhtmevabad-korvaklapid-hoco-w64-mustad\/\"]}]},{\"@type\":\"ImageObject\",\"inLanguage\":\"ru-RU\",\"@id\":\"https:\/\/sunfixmobile.ee\/toode\/juhtmevabad-korvaklapid-hoco-w64-mustad\/#primaryimage\",\"url\":\"https:\/\/sunfixmobile.ee\/wp-content\/uploads\/2025\/07\/0a9a80d4bfef3aff5f00a9f996db0681.webp\",\"contentUrl\":\"https:\/\/sunfixmobile.ee\/wp-content\/uploads\/2025\/07\/0a9a80d4bfef3aff5f00a9f996db0681.webp\",\"width\":1000,\"height\":1000,\"caption\":\"0a9a80d4bfef3aff5f00a9f996db0681.\"},{\"@type\":\"BreadcrumbList\",\"@id\":\"https:\/\/sunfixmobile.ee\/toode\/juhtmevabad-korvaklapid-hoco-w64-mustad\/#breadcrumb\",\"itemListElement\":[{\"@type\":\"ListItem\",\"position\":1,\"name\":\"Home\",\"item\":\"https:\/\/sunfixmobile.ee\/ru\/\"},{\"@type\":\"ListItem\",\"position\":2,\"name\":\"\u0412\u0441\u0435 \u0442\u043e\u0432\u0430\u0440\u044b\",\"item\":\"https:\/\/sunfixmobile.ee\/ru\/magazin\/\"},{\"@type\":\"ListItem\",\"position\":3,\"name\":\"Juhtmevabad k\u00f5rvaklapid Hoco W64 mustad\"}]},{\"@type\":\"WebSite\",\"@id\":\"https:\/\/sunfixmobile.ee\/#website\",\"url\":\"https:\/\/sunfixmobile.ee\/\",\"name\":\"CompanySun\",\"description\":\"\",\"publisher\":{\"@id\":\"https:\/\/sunfixmobile.ee\/#organization\"},\"potentialAction\":[{\"@type\":\"SearchAction\",\"target\":{\"@type\":\"EntryPoint\",\"urlTemplate\":\"https:\/\/sunfixmobile.ee\/?s={search_term_string}\"},\"query-input\":{\"@type\":\"PropertyValueSpecification\",\"valueRequired\":true,\"valueName\":\"search_term_string\"}}],\"inLanguage\":\"ru-RU\"},{\"@type\":\"Organization\",\"@id\":\"https:\/\/sunfixmobile.ee\/#organization\",\"name\":\"CompanySun O\u00dc\",\"url\":\"https:\/\/sunfixmobile.ee\/\",\"logo\":{\"@type\":\"ImageObject\",\"inLanguage\":\"ru-RU\",\"@id\":\"https:\/\/sunfixmobile.ee\/#\/schema\/logo\/image\/\",\"url\":\"https:\/\/sunfixmobile.ee\/wp-content\/uploads\/2022\/05\/logo.png\",\"contentUrl\":\"https:\/\/sunfixmobile.ee\/wp-content\/uploads\/2022\/05\/logo.png\",\"width\":257,\"height\":85,\"caption\":\"CompanySun O\u00dc\"},\"image\":{\"@id\":\"https:\/\/sunfixmobile.ee\/#\/schema\/logo\/image\/\"},\"sameAs\":[\"https:\/\/www.facebook.com\/sunfixtallinn\",\"https:\/\/www.instagram.com\/sunfix_eesti\/\"]}]}<\/script>\n<meta property=\"product:price:amount\" content=\"32.90\" \/>\n<meta property=\"product:price:currency\" content=\"EUR\" \/>\n<meta property=\"og:availability\" content=\"instock\" \/>\n<meta property=\"product:availability\" content=\"instock\" \/>\n<meta property=\"product:retailer_item_id\" content=\"6942007658591\" \/>\n<meta property=\"product:condition\" content=\"new\" \/>\n<!-- \/ Yoast SEO plugin. -->","yoast_head_json":{"title":"Juhtmevabad k\u00f5rvaklapid Hoco W64 mustad - CompanySun","robots":{"index":"index","follow":"follow","max-snippet":"max-snippet:-1","max-image-preview":"max-image-preview:large","max-video-preview":"max-video-preview:-1"},"canonical":"https:\/\/sunfixmobile.ee\/toode\/juhtmevabad-korvaklapid-hoco-w64-mustad\/","og_locale":"ru_RU","og_type":"article","og_title":"Juhtmevabad k\u00f5rvaklapid Hoco W64 mustad - CompanySun","og_description":"HOCO W64 kaasaskantavad Bluetooth-k\u00f5rvaklapid. Need pakuvad kvaliteetset ja selget heli s\u00fcgava bassiga. Juhtmevaba Bluetooth-voogedastus v\u00f5imaldab teil nautida oma lemmikmuusikat suurep\u00e4rase kvaliteediga ilma kaablita. Kokkupandav disain muudab k\u00f5rvaklappide kandmise ja hoiustamise seljakotis v\u00f5i kotis lihtsaks. Mugavad k\u00f5rvapadjad v\u00f5imaldavad teil tundide kaupa muusikat kuulata ilma ebamugavust tundmata. Reguleeritavad \u2013 k\u00f5rvaklappe saab h\u00f5lpsalt vastavalt individuaalsetele vajadustele reguleerida. Sisseehitatud...","og_url":"https:\/\/sunfixmobile.ee\/toode\/juhtmevabad-korvaklapid-hoco-w64-mustad\/","og_site_name":"CompanySun","article_publisher":"https:\/\/www.facebook.com\/sunfixtallinn","article_modified_time":"2025-11-30T00:00:15+00:00","og_image":[{"width":2000,"height":1335,"url":"https:\/\/sunfixmobile.ee\/wp-content\/uploads\/2022\/05\/1.jpg","type":"image\/jpeg"}],"twitter_card":"summary_large_image","twitter_misc":{"\u0426\u0435\u043d\u0430":"32,90&nbsp;&euro;","\u0414\u043e\u0441\u0442\u0443\u043f\u043d\u043e\u0441\u0442\u044c":"\u0412 \u043d\u0430\u043b\u0438\u0447\u0438\u0438"},"schema":{"@context":"https:\/\/schema.org","@graph":[{"@type":"WebPage","@id":"https:\/\/sunfixmobile.ee\/toode\/juhtmevabad-korvaklapid-hoco-w64-mustad\/","url":"https:\/\/sunfixmobile.ee\/toode\/juhtmevabad-korvaklapid-hoco-w64-mustad\/","name":"Juhtmevabad k\u00f5rvaklapid Hoco W64 mustad - CompanySun","isPartOf":{"@id":"https:\/\/sunfixmobile.ee\/#website"},"primaryImageOfPage":{"@id":"https:\/\/sunfixmobile.ee\/toode\/juhtmevabad-korvaklapid-hoco-w64-mustad\/#primaryimage"},"image":{"@id":"https:\/\/sunfixmobile.ee\/toode\/juhtmevabad-korvaklapid-hoco-w64-mustad\/#primaryimage"},"thumbnailUrl":"https:\/\/sunfixmobile.ee\/wp-content\/uploads\/2025\/07\/0a9a80d4bfef3aff5f00a9f996db0681.webp","datePublished":"2025-07-25T12:44:45+00:00","dateModified":"2025-11-30T00:00:15+00:00","breadcrumb":{"@id":"https:\/\/sunfixmobile.ee\/toode\/juhtmevabad-korvaklapid-hoco-w64-mustad\/#breadcrumb"},"inLanguage":"ru-RU","potentialAction":[{"@type":"ReadAction","target":["https:\/\/sunfixmobile.ee\/toode\/juhtmevabad-korvaklapid-hoco-w64-mustad\/"]}]},{"@type":"ImageObject","inLanguage":"ru-RU","@id":"https:\/\/sunfixmobile.ee\/toode\/juhtmevabad-korvaklapid-hoco-w64-mustad\/#primaryimage","url":"https:\/\/sunfixmobile.ee\/wp-content\/uploads\/2025\/07\/0a9a80d4bfef3aff5f00a9f996db0681.webp","contentUrl":"https:\/\/sunfixmobile.ee\/wp-content\/uploads\/2025\/07\/0a9a80d4bfef3aff5f00a9f996db0681.webp","width":1000,"height":1000,"caption":"0a9a80d4bfef3aff5f00a9f996db0681."},{"@type":"BreadcrumbList","@id":"https:\/\/sunfixmobile.ee\/toode\/juhtmevabad-korvaklapid-hoco-w64-mustad\/#breadcrumb","itemListElement":[{"@type":"ListItem","position":1,"name":"Home","item":"https:\/\/sunfixmobile.ee\/ru\/"},{"@type":"ListItem","position":2,"name":"\u0412\u0441\u0435 \u0442\u043e\u0432\u0430\u0440\u044b","item":"https:\/\/sunfixmobile.ee\/ru\/magazin\/"},{"@type":"ListItem","position":3,"name":"Juhtmevabad k\u00f5rvaklapid Hoco W64 mustad"}]},{"@type":"WebSite","@id":"https:\/\/sunfixmobile.ee\/#website","url":"https:\/\/sunfixmobile.ee\/","name":"CompanySun","description":"","publisher":{"@id":"https:\/\/sunfixmobile.ee\/#organization"},"potentialAction":[{"@type":"SearchAction","target":{"@type":"EntryPoint","urlTemplate":"https:\/\/sunfixmobile.ee\/?s={search_term_string}"},"query-input":{"@type":"PropertyValueSpecification","valueRequired":true,"valueName":"search_term_string"}}],"inLanguage":"ru-RU"},{"@type":"Organization","@id":"https:\/\/sunfixmobile.ee\/#organization","name":"CompanySun O\u00dc","url":"https:\/\/sunfixmobile.ee\/","logo":{"@type":"ImageObject","inLanguage":"ru-RU","@id":"https:\/\/sunfixmobile.ee\/#\/schema\/logo\/image\/","url":"https:\/\/sunfixmobile.ee\/wp-content\/uploads\/2022\/05\/logo.png","contentUrl":"https:\/\/sunfixmobile.ee\/wp-content\/uploads\/2022\/05\/logo.png","width":257,"height":85,"caption":"CompanySun O\u00dc"},"image":{"@id":"https:\/\/sunfixmobile.ee\/#\/schema\/logo\/image\/"},"sameAs":["https:\/\/www.facebook.com\/sunfixtallinn","https:\/\/www.instagram.com\/sunfix_eesti\/"]}]},"product_price_amount":"32.90","product_price_currency":"EUR","og_availability":"instock","product_availability":"instock","product_retailer_item_id":"6942007658591","product_condition":"new"},"_links":{"self":[{"href":"https:\/\/sunfixmobile.ee\/ru\/wp-json\/wp\/v2\/product\/16366","targetHints":{"allow":["GET"]}}],"collection":[{"href":"https:\/\/sunfixmobile.ee\/ru\/wp-json\/wp\/v2\/product"}],"about":[{"href":"https:\/\/sunfixmobile.ee\/ru\/wp-json\/wp\/v2\/types\/product"}],"wp:featuredmedia":[{"embeddable":true,"href":"https:\/\/sunfixmobile.ee\/ru\/wp-json\/wp\/v2\/media\/16358"}],"wp:attachment":[{"href":"https:\/\/sunfixmobile.ee\/ru\/wp-json\/wp\/v2\/media?parent=16366"}],"wp:term":[{"taxonomy":"product_brand","embeddable":true,"href":"https:\/\/sunfixmobile.ee\/ru\/wp-json\/wp\/v2\/product_brand?post=16366"},{"taxonomy":"product_cat","embeddable":true,"href":"https:\/\/sunfixmobile.ee\/ru\/wp-json\/wp\/v2\/product_cat?post=16366"},{"taxonomy":"product_tag","embeddable":true,"href":"https:\/\/sunfixmobile.ee\/ru\/wp-json\/wp\/v2\/product_tag?post=16366"}],"curies":[{"name":"wp","href":"https:\/\/api.w.org\/{rel}","templated":true}]}}