{"id":16334,"date":"2025-07-25T12:29:44","date_gmt":"2025-07-25T12:29:44","guid":{"rendered":"https:\/\/sunfixmobile.ee\/toode\/hoco-juhtmevabad-korvaklapid-tws-ew200-lillad\/"},"modified":"2025-07-26T00:00:14","modified_gmt":"2025-07-26T00:00:14","slug":"hoco-juhtmevabad-korvaklapid-tws-ew200-lillad","status":"publish","type":"product","link":"https:\/\/sunfixmobile.ee\/ru\/tovar\/hoco-juhtmevabad-korvaklapid-tws-ew200-lillad\/","title":{"rendered":"HOCO juhtmevabad k\u00f5rvaklapid TWS EW200 lillad"},"content":{"rendered":"<p>Hoco EW200 on elegantsed True Wireless Stereo (TWS) k\u00f5rvaklapid, mis on loodud mugavuse tagamiseks nii magamise kui ka igap\u00e4evaste tegevuste ajal. Need on varustatud Bluetooth 5.4 tehnoloogiaga, mis tagab stabiilse \u00fchenduse ja kvaliteetse heli.<\/p>\n<p>Hoco EW200 k\u00f5rvaklapid pakuvad kandmismugavust t\u00e4nu kompaktsele disainile, mis sobib ideaalselt kasutamiseks une ajal. Bluetooth 5.4 tehnoloogia tagab stabiilse ja kiire \u00fchenduse seadmetega, samas kui aku v\u00f5imaldab kuni 4 tundi pidevat muusika esitamist. 400 mAh laadimis\u00fcmbris v\u00f5imaldab mitut laadimist ja sellel on aku laadimisn\u00e4idik. Lisaks toetavad k\u00f5rvaklapid selliseid funktsioone nagu master-slave vahetamine, lugude juhtimine ja h\u00e4\u00e4lassistendi aktiveerimine, muutes need mitmek\u00fclgseks igap\u00e4evaseks kasutamiseks.<\/p>\n<p>Spetsifikatsioon:<br \/>Mudel: Hoco EW200<br \/>T\u00fc\u00fcp: K\u00f5rvasisesed TWS-k\u00f5rvaklapid<br \/>Bluetoothi versioon: 5.4<br \/>Kiibistik: JL AC6973D4<br \/>T\u00f6\u00f6ulatus: Kuni 10 m<br \/>Aku mahtuvus:<br \/>Laadimis\u00fcmbris: 400 mAh<br \/>K\u00f5rvaklapid: 30 mAh<br \/>Kasutusaeg: Kuni 4 tundi<br \/>Laadimisaeg:<br \/>Laadimis\u00fcmbris: umbes 1,5 tundi<br \/>K\u00f5rvaklapid: umbes 1 tund<br \/>\u00dcmbrise m\u00f5\u00f5tmed: 52 \u00d7 46 \u00d7 27,5 mm<br \/>Kogukaal: 35,5 g<br \/>Lisafunktsioonid:<br \/>Master-slave l\u00fclituse tugi<br \/>Raja vahetamine<br \/>H\u00e4\u00e4lassistendi aktiveerimine (nt Siri)<br \/>Toiteindikaator<\/p>\n","protected":false},"excerpt":{"rendered":"<p>Hoco EW200 on elegantsed True Wireless Stereo (TWS) k\u00f5rvaklapid, mis on loodud mugavuse tagamiseks nii magamise kui ka igap\u00e4evaste tegevuste ajal. Need on varustatud Bluetooth 5.4 tehnoloogiaga, mis tagab stabiilse \u00fchenduse ja kvaliteetse heli. Hoco EW200 k\u00f5rvaklapid pakuvad kandmismugavust t\u00e4nu kompaktsele disainile, mis sobib ideaalselt kasutamiseks une ajal. Bluetooth 5.4 tehnoloogia tagab stabiilse ja kiire&#8230;<\/p>\n","protected":false},"featured_media":16326,"template":"","meta":[],"product_brand":[],"product_cat":[1254],"product_tag":[],"class_list":{"0":"post-16334","1":"product","2":"type-product","3":"status-publish","4":"has-post-thumbnail","6":"product_cat-korvaklapid","8":"first","9":"instock","10":"taxable","11":"shipping-taxable","12":"purchasable","13":"product-type-simple"},"yoast_head":"<!-- This site is optimized with the Yoast SEO plugin v27.2 - https:\/\/yoast.com\/product\/yoast-seo-wordpress\/ -->\n<title>HOCO juhtmevabad k\u00f5rvaklapid TWS EW200 lillad - CompanySun<\/title>\n<meta name=\"robots\" content=\"index, follow, max-snippet:-1, max-image-preview:large, max-video-preview:-1\" \/>\n<link rel=\"canonical\" href=\"https:\/\/sunfixmobile.ee\/toode\/hoco-juhtmevabad-korvaklapid-tws-ew200-lillad\/\" \/>\n<meta property=\"og:locale\" content=\"ru_RU\" \/>\n<meta property=\"og:type\" content=\"article\" \/>\n<meta property=\"og:title\" content=\"HOCO juhtmevabad k\u00f5rvaklapid TWS EW200 lillad - CompanySun\" \/>\n<meta property=\"og:description\" content=\"Hoco EW200 on elegantsed True Wireless Stereo (TWS) k\u00f5rvaklapid, mis on loodud mugavuse tagamiseks nii magamise kui ka igap\u00e4evaste tegevuste ajal. Need on varustatud Bluetooth 5.4 tehnoloogiaga, mis tagab stabiilse \u00fchenduse ja kvaliteetse heli. Hoco EW200 k\u00f5rvaklapid pakuvad kandmismugavust t\u00e4nu kompaktsele disainile, mis sobib ideaalselt kasutamiseks une ajal. Bluetooth 5.4 tehnoloogia tagab stabiilse ja kiire...\" \/>\n<meta property=\"og:url\" content=\"https:\/\/sunfixmobile.ee\/toode\/hoco-juhtmevabad-korvaklapid-tws-ew200-lillad\/\" \/>\n<meta property=\"og:site_name\" content=\"CompanySun\" \/>\n<meta property=\"article:publisher\" content=\"https:\/\/www.facebook.com\/sunfixtallinn\" \/>\n<meta property=\"article:modified_time\" content=\"2025-07-26T00:00:14+00:00\" \/>\n<meta property=\"og:image\" content=\"https:\/\/sunfixmobile.ee\/wp-content\/uploads\/2022\/05\/1.jpg\" \/>\n\t<meta property=\"og:image:width\" content=\"2000\" \/>\n\t<meta property=\"og:image:height\" content=\"1335\" \/>\n\t<meta property=\"og:image:type\" content=\"image\/jpeg\" \/>\n<meta name=\"twitter:card\" content=\"summary_large_image\" \/>\n<meta name=\"twitter:label1\" content=\"\u0426\u0435\u043d\u0430\" \/>\n\t<meta name=\"twitter:data1\" content=\"34,90&nbsp;&euro;\" \/>\n\t<meta name=\"twitter:label2\" content=\"\u0414\u043e\u0441\u0442\u0443\u043f\u043d\u043e\u0441\u0442\u044c\" \/>\n\t<meta name=\"twitter:data2\" content=\"\u0412 \u043d\u0430\u043b\u0438\u0447\u0438\u0438\" \/>\n<script type=\"application\/ld+json\" class=\"yoast-schema-graph\">{\"@context\":\"https:\/\/schema.org\",\"@graph\":[{\"@type\":\"WebPage\",\"@id\":\"https:\/\/sunfixmobile.ee\/toode\/hoco-juhtmevabad-korvaklapid-tws-ew200-lillad\/\",\"url\":\"https:\/\/sunfixmobile.ee\/toode\/hoco-juhtmevabad-korvaklapid-tws-ew200-lillad\/\",\"name\":\"HOCO juhtmevabad k\u00f5rvaklapid TWS EW200 lillad - CompanySun\",\"isPartOf\":{\"@id\":\"https:\/\/sunfixmobile.ee\/#website\"},\"primaryImageOfPage\":{\"@id\":\"https:\/\/sunfixmobile.ee\/toode\/hoco-juhtmevabad-korvaklapid-tws-ew200-lillad\/#primaryimage\"},\"image\":{\"@id\":\"https:\/\/sunfixmobile.ee\/toode\/hoco-juhtmevabad-korvaklapid-tws-ew200-lillad\/#primaryimage\"},\"thumbnailUrl\":\"https:\/\/sunfixmobile.ee\/wp-content\/uploads\/2025\/07\/8c46b666caf72a1b19d516e87b6901cd.webp\",\"datePublished\":\"2025-07-25T12:29:44+00:00\",\"dateModified\":\"2025-07-26T00:00:14+00:00\",\"breadcrumb\":{\"@id\":\"https:\/\/sunfixmobile.ee\/toode\/hoco-juhtmevabad-korvaklapid-tws-ew200-lillad\/#breadcrumb\"},\"inLanguage\":\"ru-RU\",\"potentialAction\":[{\"@type\":\"ReadAction\",\"target\":[\"https:\/\/sunfixmobile.ee\/toode\/hoco-juhtmevabad-korvaklapid-tws-ew200-lillad\/\"]}]},{\"@type\":\"ImageObject\",\"inLanguage\":\"ru-RU\",\"@id\":\"https:\/\/sunfixmobile.ee\/toode\/hoco-juhtmevabad-korvaklapid-tws-ew200-lillad\/#primaryimage\",\"url\":\"https:\/\/sunfixmobile.ee\/wp-content\/uploads\/2025\/07\/8c46b666caf72a1b19d516e87b6901cd.webp\",\"contentUrl\":\"https:\/\/sunfixmobile.ee\/wp-content\/uploads\/2025\/07\/8c46b666caf72a1b19d516e87b6901cd.webp\",\"width\":1000,\"height\":1000,\"caption\":\"8c46b666caf72a1b19d516e87b6901cd.\"},{\"@type\":\"BreadcrumbList\",\"@id\":\"https:\/\/sunfixmobile.ee\/toode\/hoco-juhtmevabad-korvaklapid-tws-ew200-lillad\/#breadcrumb\",\"itemListElement\":[{\"@type\":\"ListItem\",\"position\":1,\"name\":\"Home\",\"item\":\"https:\/\/sunfixmobile.ee\/ru\/\"},{\"@type\":\"ListItem\",\"position\":2,\"name\":\"\u0412\u0441\u0435 \u0442\u043e\u0432\u0430\u0440\u044b\",\"item\":\"https:\/\/sunfixmobile.ee\/ru\/magazin\/\"},{\"@type\":\"ListItem\",\"position\":3,\"name\":\"HOCO juhtmevabad k\u00f5rvaklapid TWS EW200 lillad\"}]},{\"@type\":\"WebSite\",\"@id\":\"https:\/\/sunfixmobile.ee\/#website\",\"url\":\"https:\/\/sunfixmobile.ee\/\",\"name\":\"CompanySun\",\"description\":\"\",\"publisher\":{\"@id\":\"https:\/\/sunfixmobile.ee\/#organization\"},\"potentialAction\":[{\"@type\":\"SearchAction\",\"target\":{\"@type\":\"EntryPoint\",\"urlTemplate\":\"https:\/\/sunfixmobile.ee\/?s={search_term_string}\"},\"query-input\":{\"@type\":\"PropertyValueSpecification\",\"valueRequired\":true,\"valueName\":\"search_term_string\"}}],\"inLanguage\":\"ru-RU\"},{\"@type\":\"Organization\",\"@id\":\"https:\/\/sunfixmobile.ee\/#organization\",\"name\":\"CompanySun O\u00dc\",\"url\":\"https:\/\/sunfixmobile.ee\/\",\"logo\":{\"@type\":\"ImageObject\",\"inLanguage\":\"ru-RU\",\"@id\":\"https:\/\/sunfixmobile.ee\/#\/schema\/logo\/image\/\",\"url\":\"https:\/\/sunfixmobile.ee\/wp-content\/uploads\/2022\/05\/logo.png\",\"contentUrl\":\"https:\/\/sunfixmobile.ee\/wp-content\/uploads\/2022\/05\/logo.png\",\"width\":257,\"height\":85,\"caption\":\"CompanySun O\u00dc\"},\"image\":{\"@id\":\"https:\/\/sunfixmobile.ee\/#\/schema\/logo\/image\/\"},\"sameAs\":[\"https:\/\/www.facebook.com\/sunfixtallinn\",\"https:\/\/www.instagram.com\/sunfix_eesti\/\"]}]}<\/script>\n<meta property=\"product:price:amount\" content=\"34.90\" \/>\n<meta property=\"product:price:currency\" content=\"EUR\" \/>\n<meta property=\"og:availability\" content=\"instock\" \/>\n<meta property=\"product:availability\" content=\"instock\" \/>\n<meta property=\"product:retailer_item_id\" content=\"6942007632669\" \/>\n<meta property=\"product:condition\" content=\"new\" \/>\n<!-- \/ Yoast SEO plugin. -->","yoast_head_json":{"title":"HOCO juhtmevabad k\u00f5rvaklapid TWS EW200 lillad - CompanySun","robots":{"index":"index","follow":"follow","max-snippet":"max-snippet:-1","max-image-preview":"max-image-preview:large","max-video-preview":"max-video-preview:-1"},"canonical":"https:\/\/sunfixmobile.ee\/toode\/hoco-juhtmevabad-korvaklapid-tws-ew200-lillad\/","og_locale":"ru_RU","og_type":"article","og_title":"HOCO juhtmevabad k\u00f5rvaklapid TWS EW200 lillad - CompanySun","og_description":"Hoco EW200 on elegantsed True Wireless Stereo (TWS) k\u00f5rvaklapid, mis on loodud mugavuse tagamiseks nii magamise kui ka igap\u00e4evaste tegevuste ajal. Need on varustatud Bluetooth 5.4 tehnoloogiaga, mis tagab stabiilse \u00fchenduse ja kvaliteetse heli. Hoco EW200 k\u00f5rvaklapid pakuvad kandmismugavust t\u00e4nu kompaktsele disainile, mis sobib ideaalselt kasutamiseks une ajal. Bluetooth 5.4 tehnoloogia tagab stabiilse ja kiire...","og_url":"https:\/\/sunfixmobile.ee\/toode\/hoco-juhtmevabad-korvaklapid-tws-ew200-lillad\/","og_site_name":"CompanySun","article_publisher":"https:\/\/www.facebook.com\/sunfixtallinn","article_modified_time":"2025-07-26T00:00:14+00:00","og_image":[{"width":2000,"height":1335,"url":"https:\/\/sunfixmobile.ee\/wp-content\/uploads\/2022\/05\/1.jpg","type":"image\/jpeg"}],"twitter_card":"summary_large_image","twitter_misc":{"\u0426\u0435\u043d\u0430":"34,90&nbsp;&euro;","\u0414\u043e\u0441\u0442\u0443\u043f\u043d\u043e\u0441\u0442\u044c":"\u0412 \u043d\u0430\u043b\u0438\u0447\u0438\u0438"},"schema":{"@context":"https:\/\/schema.org","@graph":[{"@type":"WebPage","@id":"https:\/\/sunfixmobile.ee\/toode\/hoco-juhtmevabad-korvaklapid-tws-ew200-lillad\/","url":"https:\/\/sunfixmobile.ee\/toode\/hoco-juhtmevabad-korvaklapid-tws-ew200-lillad\/","name":"HOCO juhtmevabad k\u00f5rvaklapid TWS EW200 lillad - CompanySun","isPartOf":{"@id":"https:\/\/sunfixmobile.ee\/#website"},"primaryImageOfPage":{"@id":"https:\/\/sunfixmobile.ee\/toode\/hoco-juhtmevabad-korvaklapid-tws-ew200-lillad\/#primaryimage"},"image":{"@id":"https:\/\/sunfixmobile.ee\/toode\/hoco-juhtmevabad-korvaklapid-tws-ew200-lillad\/#primaryimage"},"thumbnailUrl":"https:\/\/sunfixmobile.ee\/wp-content\/uploads\/2025\/07\/8c46b666caf72a1b19d516e87b6901cd.webp","datePublished":"2025-07-25T12:29:44+00:00","dateModified":"2025-07-26T00:00:14+00:00","breadcrumb":{"@id":"https:\/\/sunfixmobile.ee\/toode\/hoco-juhtmevabad-korvaklapid-tws-ew200-lillad\/#breadcrumb"},"inLanguage":"ru-RU","potentialAction":[{"@type":"ReadAction","target":["https:\/\/sunfixmobile.ee\/toode\/hoco-juhtmevabad-korvaklapid-tws-ew200-lillad\/"]}]},{"@type":"ImageObject","inLanguage":"ru-RU","@id":"https:\/\/sunfixmobile.ee\/toode\/hoco-juhtmevabad-korvaklapid-tws-ew200-lillad\/#primaryimage","url":"https:\/\/sunfixmobile.ee\/wp-content\/uploads\/2025\/07\/8c46b666caf72a1b19d516e87b6901cd.webp","contentUrl":"https:\/\/sunfixmobile.ee\/wp-content\/uploads\/2025\/07\/8c46b666caf72a1b19d516e87b6901cd.webp","width":1000,"height":1000,"caption":"8c46b666caf72a1b19d516e87b6901cd."},{"@type":"BreadcrumbList","@id":"https:\/\/sunfixmobile.ee\/toode\/hoco-juhtmevabad-korvaklapid-tws-ew200-lillad\/#breadcrumb","itemListElement":[{"@type":"ListItem","position":1,"name":"Home","item":"https:\/\/sunfixmobile.ee\/ru\/"},{"@type":"ListItem","position":2,"name":"\u0412\u0441\u0435 \u0442\u043e\u0432\u0430\u0440\u044b","item":"https:\/\/sunfixmobile.ee\/ru\/magazin\/"},{"@type":"ListItem","position":3,"name":"HOCO juhtmevabad k\u00f5rvaklapid TWS EW200 lillad"}]},{"@type":"WebSite","@id":"https:\/\/sunfixmobile.ee\/#website","url":"https:\/\/sunfixmobile.ee\/","name":"CompanySun","description":"","publisher":{"@id":"https:\/\/sunfixmobile.ee\/#organization"},"potentialAction":[{"@type":"SearchAction","target":{"@type":"EntryPoint","urlTemplate":"https:\/\/sunfixmobile.ee\/?s={search_term_string}"},"query-input":{"@type":"PropertyValueSpecification","valueRequired":true,"valueName":"search_term_string"}}],"inLanguage":"ru-RU"},{"@type":"Organization","@id":"https:\/\/sunfixmobile.ee\/#organization","name":"CompanySun O\u00dc","url":"https:\/\/sunfixmobile.ee\/","logo":{"@type":"ImageObject","inLanguage":"ru-RU","@id":"https:\/\/sunfixmobile.ee\/#\/schema\/logo\/image\/","url":"https:\/\/sunfixmobile.ee\/wp-content\/uploads\/2022\/05\/logo.png","contentUrl":"https:\/\/sunfixmobile.ee\/wp-content\/uploads\/2022\/05\/logo.png","width":257,"height":85,"caption":"CompanySun O\u00dc"},"image":{"@id":"https:\/\/sunfixmobile.ee\/#\/schema\/logo\/image\/"},"sameAs":["https:\/\/www.facebook.com\/sunfixtallinn","https:\/\/www.instagram.com\/sunfix_eesti\/"]}]},"product_price_amount":"34.90","product_price_currency":"EUR","og_availability":"instock","product_availability":"instock","product_retailer_item_id":"6942007632669","product_condition":"new"},"_links":{"self":[{"href":"https:\/\/sunfixmobile.ee\/ru\/wp-json\/wp\/v2\/product\/16334","targetHints":{"allow":["GET"]}}],"collection":[{"href":"https:\/\/sunfixmobile.ee\/ru\/wp-json\/wp\/v2\/product"}],"about":[{"href":"https:\/\/sunfixmobile.ee\/ru\/wp-json\/wp\/v2\/types\/product"}],"wp:featuredmedia":[{"embeddable":true,"href":"https:\/\/sunfixmobile.ee\/ru\/wp-json\/wp\/v2\/media\/16326"}],"wp:attachment":[{"href":"https:\/\/sunfixmobile.ee\/ru\/wp-json\/wp\/v2\/media?parent=16334"}],"wp:term":[{"taxonomy":"product_brand","embeddable":true,"href":"https:\/\/sunfixmobile.ee\/ru\/wp-json\/wp\/v2\/product_brand?post=16334"},{"taxonomy":"product_cat","embeddable":true,"href":"https:\/\/sunfixmobile.ee\/ru\/wp-json\/wp\/v2\/product_cat?post=16334"},{"taxonomy":"product_tag","embeddable":true,"href":"https:\/\/sunfixmobile.ee\/ru\/wp-json\/wp\/v2\/product_tag?post=16334"}],"curies":[{"name":"wp","href":"https:\/\/api.w.org\/{rel}","templated":true}]}}