{"id":16316,"date":"2025-07-25T12:29:40","date_gmt":"2025-07-25T12:29:40","guid":{"rendered":"https:\/\/sunfixmobile.ee\/toode\/juhtmevaba-hiir-hoco-24g-di04-valge\/"},"modified":"2026-04-17T03:00:09","modified_gmt":"2026-04-17T00:00:09","slug":"juhtmevaba-hiir-hoco-24g-di04-valge","status":"publish","type":"product","link":"https:\/\/sunfixmobile.ee\/ru\/tovar\/juhtmevaba-hiir-hoco-24g-di04-valge\/","title":{"rendered":"Juhtmevaba hiir Hoco 2,4G DI04 valge"},"content":{"rendered":"<p>HOCO DI04 juhtmevaba optiline hiir 1200 DPI sensoriga.<\/p>\n<p>M\u00f5eldud koduseks ja kontoriliseks kasutamiseks. Mugav juhtmevaba hiir v\u00f5imaldab mugavat kasutamist ilma kaabli piiranguteta. \u00dchildub Windows 98\/ME\/2000\/XP\/Vista\/8\/10\/11 operatsioonis\u00fcsteemidega.<\/p>\n<p>T\u00e4nu kahekanalilisele juhtmevabale \u00fchenduvusele: 2,4 GHz raadio ja Bluetooth v\u00f5imaldavad hiirel \u00fchenduda enamiku lauaarvutite, s\u00fclearvutite, mobiiltelefonide, tahvelarvutite ja nutiteleritega.<\/p>\n<p>Spetsifikatsioon:<br \/>Eraldusv\u00f5ime: 1200 DPI<br \/>\u00dchendus: juhtmevaba 2,4 GHz \/ Bluetooth 4.0 kuni 10 m<br \/>Liides: USB-A 2.0<br \/>Materjal: ABS<br \/>Suurus: 114 \u00d7 58 \u00d7 20 mm<br \/>Kaal: 46 g<br \/>\u00dchildub: enamiku lauaarvutite, s\u00fclearvutite, mobiiltelefonide, tahvelarvutite ja nutiteleritega<\/p>\n","protected":false},"excerpt":{"rendered":"<p>HOCO DI04 juhtmevaba optiline hiir 1200 DPI sensoriga. M\u00f5eldud koduseks ja kontoriliseks kasutamiseks. Mugav juhtmevaba hiir v\u00f5imaldab mugavat kasutamist ilma kaabli piiranguteta. \u00dchildub Windows 98\/ME\/2000\/XP\/Vista\/8\/10\/11 operatsioonis\u00fcsteemidega. T\u00e4nu kahekanalilisele juhtmevabale \u00fchenduvusele: 2,4 GHz raadio ja Bluetooth v\u00f5imaldavad hiirel \u00fchenduda enamiku lauaarvutite, s\u00fclearvutite, mobiiltelefonide, tahvelarvutite ja nutiteleritega. Spetsifikatsioon:Eraldusv\u00f5ime: 1200 DPI\u00dchendus: juhtmevaba 2,4 GHz \/ Bluetooth 4.0 kuni&#8230;<\/p>\n","protected":false},"featured_media":16308,"template":"","meta":[],"product_brand":[],"product_cat":[1266],"product_tag":[],"class_list":{"0":"post-16316","1":"product","2":"type-product","3":"status-publish","4":"has-post-thumbnail","6":"product_cat-hiired","8":"first","9":"instock","10":"taxable","11":"shipping-taxable","12":"purchasable","13":"product-type-simple"},"yoast_head":"<!-- This site is optimized with the Yoast SEO plugin v27.2 - https:\/\/yoast.com\/product\/yoast-seo-wordpress\/ -->\n<title>Juhtmevaba hiir Hoco 2,4G DI04 valge - CompanySun<\/title>\n<meta name=\"robots\" content=\"index, follow, max-snippet:-1, max-image-preview:large, max-video-preview:-1\" \/>\n<link rel=\"canonical\" href=\"https:\/\/sunfixmobile.ee\/toode\/juhtmevaba-hiir-hoco-24g-di04-valge\/\" \/>\n<meta property=\"og:locale\" content=\"ru_RU\" \/>\n<meta property=\"og:type\" content=\"article\" \/>\n<meta property=\"og:title\" content=\"Juhtmevaba hiir Hoco 2,4G DI04 valge - CompanySun\" \/>\n<meta property=\"og:description\" content=\"HOCO DI04 juhtmevaba optiline hiir 1200 DPI sensoriga. M\u00f5eldud koduseks ja kontoriliseks kasutamiseks. Mugav juhtmevaba hiir v\u00f5imaldab mugavat kasutamist ilma kaabli piiranguteta. \u00dchildub Windows 98\/ME\/2000\/XP\/Vista\/8\/10\/11 operatsioonis\u00fcsteemidega. T\u00e4nu kahekanalilisele juhtmevabale \u00fchenduvusele: 2,4 GHz raadio ja Bluetooth v\u00f5imaldavad hiirel \u00fchenduda enamiku lauaarvutite, s\u00fclearvutite, mobiiltelefonide, tahvelarvutite ja nutiteleritega. Spetsifikatsioon:Eraldusv\u00f5ime: 1200 DPI\u00dchendus: juhtmevaba 2,4 GHz \/ Bluetooth 4.0 kuni...\" \/>\n<meta property=\"og:url\" content=\"https:\/\/sunfixmobile.ee\/toode\/juhtmevaba-hiir-hoco-24g-di04-valge\/\" \/>\n<meta property=\"og:site_name\" content=\"CompanySun\" \/>\n<meta property=\"article:publisher\" content=\"https:\/\/www.facebook.com\/sunfixtallinn\" \/>\n<meta property=\"article:modified_time\" content=\"2026-04-17T00:00:09+00:00\" \/>\n<meta property=\"og:image\" content=\"https:\/\/sunfixmobile.ee\/wp-content\/uploads\/2022\/05\/1.jpg\" \/>\n\t<meta property=\"og:image:width\" content=\"2000\" \/>\n\t<meta property=\"og:image:height\" content=\"1335\" \/>\n\t<meta property=\"og:image:type\" content=\"image\/jpeg\" \/>\n<meta name=\"twitter:card\" content=\"summary_large_image\" \/>\n<meta name=\"twitter:label1\" content=\"\u0426\u0435\u043d\u0430\" \/>\n\t<meta name=\"twitter:data1\" content=\"20,90&nbsp;&euro;\" \/>\n\t<meta name=\"twitter:label2\" content=\"\u0414\u043e\u0441\u0442\u0443\u043f\u043d\u043e\u0441\u0442\u044c\" \/>\n\t<meta name=\"twitter:data2\" content=\"\u0412 \u043d\u0430\u043b\u0438\u0447\u0438\u0438\" \/>\n<script type=\"application\/ld+json\" class=\"yoast-schema-graph\">{\"@context\":\"https:\/\/schema.org\",\"@graph\":[{\"@type\":\"WebPage\",\"@id\":\"https:\/\/sunfixmobile.ee\/toode\/juhtmevaba-hiir-hoco-24g-di04-valge\/\",\"url\":\"https:\/\/sunfixmobile.ee\/toode\/juhtmevaba-hiir-hoco-24g-di04-valge\/\",\"name\":\"Juhtmevaba hiir Hoco 2,4G DI04 valge - CompanySun\",\"isPartOf\":{\"@id\":\"https:\/\/sunfixmobile.ee\/#website\"},\"primaryImageOfPage\":{\"@id\":\"https:\/\/sunfixmobile.ee\/toode\/juhtmevaba-hiir-hoco-24g-di04-valge\/#primaryimage\"},\"image\":{\"@id\":\"https:\/\/sunfixmobile.ee\/toode\/juhtmevaba-hiir-hoco-24g-di04-valge\/#primaryimage\"},\"thumbnailUrl\":\"https:\/\/sunfixmobile.ee\/wp-content\/uploads\/2025\/07\/342b4917c94d26074425fb6f9d1f1d44.webp\",\"datePublished\":\"2025-07-25T12:29:40+00:00\",\"dateModified\":\"2026-04-17T00:00:09+00:00\",\"breadcrumb\":{\"@id\":\"https:\/\/sunfixmobile.ee\/toode\/juhtmevaba-hiir-hoco-24g-di04-valge\/#breadcrumb\"},\"inLanguage\":\"ru-RU\",\"potentialAction\":[{\"@type\":\"ReadAction\",\"target\":[\"https:\/\/sunfixmobile.ee\/toode\/juhtmevaba-hiir-hoco-24g-di04-valge\/\"]}]},{\"@type\":\"ImageObject\",\"inLanguage\":\"ru-RU\",\"@id\":\"https:\/\/sunfixmobile.ee\/toode\/juhtmevaba-hiir-hoco-24g-di04-valge\/#primaryimage\",\"url\":\"https:\/\/sunfixmobile.ee\/wp-content\/uploads\/2025\/07\/342b4917c94d26074425fb6f9d1f1d44.webp\",\"contentUrl\":\"https:\/\/sunfixmobile.ee\/wp-content\/uploads\/2025\/07\/342b4917c94d26074425fb6f9d1f1d44.webp\",\"width\":1000,\"height\":1000,\"caption\":\"342b4917c94d26074425fb6f9d1f1d44.\"},{\"@type\":\"BreadcrumbList\",\"@id\":\"https:\/\/sunfixmobile.ee\/toode\/juhtmevaba-hiir-hoco-24g-di04-valge\/#breadcrumb\",\"itemListElement\":[{\"@type\":\"ListItem\",\"position\":1,\"name\":\"Home\",\"item\":\"https:\/\/sunfixmobile.ee\/ru\/\"},{\"@type\":\"ListItem\",\"position\":2,\"name\":\"\u0412\u0441\u0435 \u0442\u043e\u0432\u0430\u0440\u044b\",\"item\":\"https:\/\/sunfixmobile.ee\/ru\/magazin\/\"},{\"@type\":\"ListItem\",\"position\":3,\"name\":\"Juhtmevaba hiir Hoco 2,4G DI04 valge\"}]},{\"@type\":\"WebSite\",\"@id\":\"https:\/\/sunfixmobile.ee\/#website\",\"url\":\"https:\/\/sunfixmobile.ee\/\",\"name\":\"CompanySun\",\"description\":\"\",\"publisher\":{\"@id\":\"https:\/\/sunfixmobile.ee\/#organization\"},\"potentialAction\":[{\"@type\":\"SearchAction\",\"target\":{\"@type\":\"EntryPoint\",\"urlTemplate\":\"https:\/\/sunfixmobile.ee\/?s={search_term_string}\"},\"query-input\":{\"@type\":\"PropertyValueSpecification\",\"valueRequired\":true,\"valueName\":\"search_term_string\"}}],\"inLanguage\":\"ru-RU\"},{\"@type\":\"Organization\",\"@id\":\"https:\/\/sunfixmobile.ee\/#organization\",\"name\":\"CompanySun O\u00dc\",\"url\":\"https:\/\/sunfixmobile.ee\/\",\"logo\":{\"@type\":\"ImageObject\",\"inLanguage\":\"ru-RU\",\"@id\":\"https:\/\/sunfixmobile.ee\/#\/schema\/logo\/image\/\",\"url\":\"https:\/\/sunfixmobile.ee\/wp-content\/uploads\/2022\/05\/logo.png\",\"contentUrl\":\"https:\/\/sunfixmobile.ee\/wp-content\/uploads\/2022\/05\/logo.png\",\"width\":257,\"height\":85,\"caption\":\"CompanySun O\u00dc\"},\"image\":{\"@id\":\"https:\/\/sunfixmobile.ee\/#\/schema\/logo\/image\/\"},\"sameAs\":[\"https:\/\/www.facebook.com\/sunfixtallinn\",\"https:\/\/www.instagram.com\/sunfix_eesti\/\"]}]}<\/script>\n<meta property=\"product:price:amount\" content=\"20.90\" \/>\n<meta property=\"product:price:currency\" content=\"EUR\" \/>\n<meta property=\"og:availability\" content=\"instock\" \/>\n<meta property=\"product:availability\" content=\"instock\" \/>\n<meta property=\"product:retailer_item_id\" content=\"6942007611824\" \/>\n<meta property=\"product:condition\" content=\"new\" \/>\n<!-- \/ Yoast SEO plugin. -->","yoast_head_json":{"title":"Juhtmevaba hiir Hoco 2,4G DI04 valge - CompanySun","robots":{"index":"index","follow":"follow","max-snippet":"max-snippet:-1","max-image-preview":"max-image-preview:large","max-video-preview":"max-video-preview:-1"},"canonical":"https:\/\/sunfixmobile.ee\/toode\/juhtmevaba-hiir-hoco-24g-di04-valge\/","og_locale":"ru_RU","og_type":"article","og_title":"Juhtmevaba hiir Hoco 2,4G DI04 valge - CompanySun","og_description":"HOCO DI04 juhtmevaba optiline hiir 1200 DPI sensoriga. M\u00f5eldud koduseks ja kontoriliseks kasutamiseks. Mugav juhtmevaba hiir v\u00f5imaldab mugavat kasutamist ilma kaabli piiranguteta. \u00dchildub Windows 98\/ME\/2000\/XP\/Vista\/8\/10\/11 operatsioonis\u00fcsteemidega. T\u00e4nu kahekanalilisele juhtmevabale \u00fchenduvusele: 2,4 GHz raadio ja Bluetooth v\u00f5imaldavad hiirel \u00fchenduda enamiku lauaarvutite, s\u00fclearvutite, mobiiltelefonide, tahvelarvutite ja nutiteleritega. Spetsifikatsioon:Eraldusv\u00f5ime: 1200 DPI\u00dchendus: juhtmevaba 2,4 GHz \/ Bluetooth 4.0 kuni...","og_url":"https:\/\/sunfixmobile.ee\/toode\/juhtmevaba-hiir-hoco-24g-di04-valge\/","og_site_name":"CompanySun","article_publisher":"https:\/\/www.facebook.com\/sunfixtallinn","article_modified_time":"2026-04-17T00:00:09+00:00","og_image":[{"width":2000,"height":1335,"url":"https:\/\/sunfixmobile.ee\/wp-content\/uploads\/2022\/05\/1.jpg","type":"image\/jpeg"}],"twitter_card":"summary_large_image","twitter_misc":{"\u0426\u0435\u043d\u0430":"20,90&nbsp;&euro;","\u0414\u043e\u0441\u0442\u0443\u043f\u043d\u043e\u0441\u0442\u044c":"\u0412 \u043d\u0430\u043b\u0438\u0447\u0438\u0438"},"schema":{"@context":"https:\/\/schema.org","@graph":[{"@type":"WebPage","@id":"https:\/\/sunfixmobile.ee\/toode\/juhtmevaba-hiir-hoco-24g-di04-valge\/","url":"https:\/\/sunfixmobile.ee\/toode\/juhtmevaba-hiir-hoco-24g-di04-valge\/","name":"Juhtmevaba hiir Hoco 2,4G DI04 valge - CompanySun","isPartOf":{"@id":"https:\/\/sunfixmobile.ee\/#website"},"primaryImageOfPage":{"@id":"https:\/\/sunfixmobile.ee\/toode\/juhtmevaba-hiir-hoco-24g-di04-valge\/#primaryimage"},"image":{"@id":"https:\/\/sunfixmobile.ee\/toode\/juhtmevaba-hiir-hoco-24g-di04-valge\/#primaryimage"},"thumbnailUrl":"https:\/\/sunfixmobile.ee\/wp-content\/uploads\/2025\/07\/342b4917c94d26074425fb6f9d1f1d44.webp","datePublished":"2025-07-25T12:29:40+00:00","dateModified":"2026-04-17T00:00:09+00:00","breadcrumb":{"@id":"https:\/\/sunfixmobile.ee\/toode\/juhtmevaba-hiir-hoco-24g-di04-valge\/#breadcrumb"},"inLanguage":"ru-RU","potentialAction":[{"@type":"ReadAction","target":["https:\/\/sunfixmobile.ee\/toode\/juhtmevaba-hiir-hoco-24g-di04-valge\/"]}]},{"@type":"ImageObject","inLanguage":"ru-RU","@id":"https:\/\/sunfixmobile.ee\/toode\/juhtmevaba-hiir-hoco-24g-di04-valge\/#primaryimage","url":"https:\/\/sunfixmobile.ee\/wp-content\/uploads\/2025\/07\/342b4917c94d26074425fb6f9d1f1d44.webp","contentUrl":"https:\/\/sunfixmobile.ee\/wp-content\/uploads\/2025\/07\/342b4917c94d26074425fb6f9d1f1d44.webp","width":1000,"height":1000,"caption":"342b4917c94d26074425fb6f9d1f1d44."},{"@type":"BreadcrumbList","@id":"https:\/\/sunfixmobile.ee\/toode\/juhtmevaba-hiir-hoco-24g-di04-valge\/#breadcrumb","itemListElement":[{"@type":"ListItem","position":1,"name":"Home","item":"https:\/\/sunfixmobile.ee\/ru\/"},{"@type":"ListItem","position":2,"name":"\u0412\u0441\u0435 \u0442\u043e\u0432\u0430\u0440\u044b","item":"https:\/\/sunfixmobile.ee\/ru\/magazin\/"},{"@type":"ListItem","position":3,"name":"Juhtmevaba hiir Hoco 2,4G DI04 valge"}]},{"@type":"WebSite","@id":"https:\/\/sunfixmobile.ee\/#website","url":"https:\/\/sunfixmobile.ee\/","name":"CompanySun","description":"","publisher":{"@id":"https:\/\/sunfixmobile.ee\/#organization"},"potentialAction":[{"@type":"SearchAction","target":{"@type":"EntryPoint","urlTemplate":"https:\/\/sunfixmobile.ee\/?s={search_term_string}"},"query-input":{"@type":"PropertyValueSpecification","valueRequired":true,"valueName":"search_term_string"}}],"inLanguage":"ru-RU"},{"@type":"Organization","@id":"https:\/\/sunfixmobile.ee\/#organization","name":"CompanySun O\u00dc","url":"https:\/\/sunfixmobile.ee\/","logo":{"@type":"ImageObject","inLanguage":"ru-RU","@id":"https:\/\/sunfixmobile.ee\/#\/schema\/logo\/image\/","url":"https:\/\/sunfixmobile.ee\/wp-content\/uploads\/2022\/05\/logo.png","contentUrl":"https:\/\/sunfixmobile.ee\/wp-content\/uploads\/2022\/05\/logo.png","width":257,"height":85,"caption":"CompanySun O\u00dc"},"image":{"@id":"https:\/\/sunfixmobile.ee\/#\/schema\/logo\/image\/"},"sameAs":["https:\/\/www.facebook.com\/sunfixtallinn","https:\/\/www.instagram.com\/sunfix_eesti\/"]}]},"product_price_amount":"20.90","product_price_currency":"EUR","og_availability":"instock","product_availability":"instock","product_retailer_item_id":"6942007611824","product_condition":"new"},"_links":{"self":[{"href":"https:\/\/sunfixmobile.ee\/ru\/wp-json\/wp\/v2\/product\/16316","targetHints":{"allow":["GET"]}}],"collection":[{"href":"https:\/\/sunfixmobile.ee\/ru\/wp-json\/wp\/v2\/product"}],"about":[{"href":"https:\/\/sunfixmobile.ee\/ru\/wp-json\/wp\/v2\/types\/product"}],"wp:featuredmedia":[{"embeddable":true,"href":"https:\/\/sunfixmobile.ee\/ru\/wp-json\/wp\/v2\/media\/16308"}],"wp:attachment":[{"href":"https:\/\/sunfixmobile.ee\/ru\/wp-json\/wp\/v2\/media?parent=16316"}],"wp:term":[{"taxonomy":"product_brand","embeddable":true,"href":"https:\/\/sunfixmobile.ee\/ru\/wp-json\/wp\/v2\/product_brand?post=16316"},{"taxonomy":"product_cat","embeddable":true,"href":"https:\/\/sunfixmobile.ee\/ru\/wp-json\/wp\/v2\/product_cat?post=16316"},{"taxonomy":"product_tag","embeddable":true,"href":"https:\/\/sunfixmobile.ee\/ru\/wp-json\/wp\/v2\/product_tag?post=16316"}],"curies":[{"name":"wp","href":"https:\/\/api.w.org\/{rel}","templated":true}]}}