{"id":16229,"date":"2025-07-03T12:43:19","date_gmt":"2025-07-03T12:43:19","guid":{"rendered":"https:\/\/sunfixmobile.ee\/toode\/hoco-eq21-juhtmevaba-korvaklappid-valge\/"},"modified":"2025-07-04T00:06:08","modified_gmt":"2025-07-04T00:06:08","slug":"hoco-eq21-juhtmevaba-korvaklappid-valge","status":"publish","type":"product","link":"https:\/\/sunfixmobile.ee\/ru\/tovar\/hoco-eq21-juhtmevaba-korvaklappid-valge\/","title":{"rendered":"Hoco EQ21 juhtmevaba k\u00f5rvaklappid valge"},"content":{"rendered":"<p>\u00c4rge loobuge oma lemmikmuusikast t\u00e4nu Hoco juhtmevabadele k\u00f5rvaklappidele (TWS) koos laadimis\u00fcmbrisega, millel on LED-puutetundlik ekraan. Neil on aktiivse m\u00fcrasummutus- (ANC) ja keskkonnam\u00fcra v\u00e4hendamise (ENC) funktsioon.<\/p>\n<p>K\u00e4eshoitavad ja mugavad TWS-k\u00f5rvaklapid sobivad h\u00e4sti k\u00f5rvadesse, nii et isegi p\u00e4rast mitmetunnist kasutamist ei tunne te ebamugavust. Kasutage Bluetooth-\u00fchendust muusika v\u00f5i audioraamatute kuulamiseks ja vestluste pidamiseks, mis on v\u00f5imalik t\u00e4nu sisseehitatud mikrofonile. Kaasaskantav laadimis\u00fcmbris tagab, et teie k\u00f5rvaklapid on alati laetud, ja t\u00e4nu kompaktsele disainile saate neid k\u00f5ikjale kaasa v\u00f5tta ja turvaliselt hoiustada.<\/p>\n<p>K\u00f5rvaklappidel on aktiivne m\u00fcrasummutus- (ANC) ja keskkonnam\u00fcra v\u00e4hendamine (ENC), mis v\u00f5imaldavad teil suurendada muusika kuulamise v\u00f5i vestluste naudingut m\u00fcrarikkas keskkonnas, summutades monotoonseid madalsageduslikke helisid, nagu mootori m\u00fcra, ventilaatori m\u00fcra, lennuki m\u00fcra v\u00f5i r\u00e4ndlusm\u00fcra.<\/p>\n<p>Spetsifikatsioon:<br \/>Bluetoothi \u200b\u200bversioon: 5.4; Kiip: JL AC7003<br \/>Aku mahutavus: 400 mAh (laadimisjaam); 40 mAh (k\u00f5rvaklapid)<br \/>T\u00f6\u00f6aeg: 7 tundi (ANC-ga 6 tundi)<br \/>Ooteaeg: 180 tundi<br \/>Aktiivne m\u00fcrasummutus (ANC): jah<br \/>\u00dcmbritseva m\u00fcrasummutus (ENC): jah<br \/>M\u00f5\u00f5tmed: 60,6 \u00d7 45,2 \u00d7 21,7 mm<br \/>Kaal: 47,6 g<\/p>\n","protected":false},"excerpt":{"rendered":"<p>\u00c4rge loobuge oma lemmikmuusikast t\u00e4nu Hoco juhtmevabadele k\u00f5rvaklappidele (TWS) koos laadimis\u00fcmbrisega, millel on LED-puutetundlik ekraan. Neil on aktiivse m\u00fcrasummutus- (ANC) ja keskkonnam\u00fcra v\u00e4hendamise (ENC) funktsioon. K\u00e4eshoitavad ja mugavad TWS-k\u00f5rvaklapid sobivad h\u00e4sti k\u00f5rvadesse, nii et isegi p\u00e4rast mitmetunnist kasutamist ei tunne te ebamugavust. Kasutage Bluetooth-\u00fchendust muusika v\u00f5i audioraamatute kuulamiseks ja vestluste pidamiseks, mis on v\u00f5imalik t\u00e4nu&#8230;<\/p>\n","protected":false},"featured_media":16221,"template":"","meta":[],"product_brand":[],"product_cat":[1254],"product_tag":[],"class_list":{"0":"post-16229","1":"product","2":"type-product","3":"status-publish","4":"has-post-thumbnail","6":"product_cat-korvaklapid","8":"first","9":"instock","10":"taxable","11":"shipping-taxable","12":"purchasable","13":"product-type-simple"},"yoast_head":"<!-- This site is optimized with the Yoast SEO plugin v27.2 - https:\/\/yoast.com\/product\/yoast-seo-wordpress\/ -->\n<title>Hoco EQ21 juhtmevaba k\u00f5rvaklappid valge - CompanySun<\/title>\n<meta name=\"robots\" content=\"index, follow, max-snippet:-1, max-image-preview:large, max-video-preview:-1\" \/>\n<link rel=\"canonical\" href=\"https:\/\/sunfixmobile.ee\/toode\/hoco-eq21-juhtmevaba-korvaklappid-valge\/\" \/>\n<meta property=\"og:locale\" content=\"ru_RU\" \/>\n<meta property=\"og:type\" content=\"article\" \/>\n<meta property=\"og:title\" content=\"Hoco EQ21 juhtmevaba k\u00f5rvaklappid valge - CompanySun\" \/>\n<meta property=\"og:description\" content=\"\u00c4rge loobuge oma lemmikmuusikast t\u00e4nu Hoco juhtmevabadele k\u00f5rvaklappidele (TWS) koos laadimis\u00fcmbrisega, millel on LED-puutetundlik ekraan. Neil on aktiivse m\u00fcrasummutus- (ANC) ja keskkonnam\u00fcra v\u00e4hendamise (ENC) funktsioon. K\u00e4eshoitavad ja mugavad TWS-k\u00f5rvaklapid sobivad h\u00e4sti k\u00f5rvadesse, nii et isegi p\u00e4rast mitmetunnist kasutamist ei tunne te ebamugavust. Kasutage Bluetooth-\u00fchendust muusika v\u00f5i audioraamatute kuulamiseks ja vestluste pidamiseks, mis on v\u00f5imalik t\u00e4nu...\" \/>\n<meta property=\"og:url\" content=\"https:\/\/sunfixmobile.ee\/toode\/hoco-eq21-juhtmevaba-korvaklappid-valge\/\" \/>\n<meta property=\"og:site_name\" content=\"CompanySun\" \/>\n<meta property=\"article:publisher\" content=\"https:\/\/www.facebook.com\/sunfixtallinn\" \/>\n<meta property=\"article:modified_time\" content=\"2025-07-04T00:06:08+00:00\" \/>\n<meta property=\"og:image\" content=\"https:\/\/sunfixmobile.ee\/wp-content\/uploads\/2022\/05\/1.jpg\" \/>\n\t<meta property=\"og:image:width\" content=\"2000\" \/>\n\t<meta property=\"og:image:height\" content=\"1335\" \/>\n\t<meta property=\"og:image:type\" content=\"image\/jpeg\" \/>\n<meta name=\"twitter:card\" content=\"summary_large_image\" \/>\n<meta name=\"twitter:label1\" content=\"\u0426\u0435\u043d\u0430\" \/>\n\t<meta name=\"twitter:data1\" content=\"37,90&nbsp;&euro;\" \/>\n\t<meta name=\"twitter:label2\" content=\"\u0414\u043e\u0441\u0442\u0443\u043f\u043d\u043e\u0441\u0442\u044c\" \/>\n\t<meta name=\"twitter:data2\" content=\"\u0412 \u043d\u0430\u043b\u0438\u0447\u0438\u0438\" \/>\n<script type=\"application\/ld+json\" class=\"yoast-schema-graph\">{\"@context\":\"https:\/\/schema.org\",\"@graph\":[{\"@type\":\"WebPage\",\"@id\":\"https:\/\/sunfixmobile.ee\/toode\/hoco-eq21-juhtmevaba-korvaklappid-valge\/\",\"url\":\"https:\/\/sunfixmobile.ee\/toode\/hoco-eq21-juhtmevaba-korvaklappid-valge\/\",\"name\":\"Hoco EQ21 juhtmevaba k\u00f5rvaklappid valge - CompanySun\",\"isPartOf\":{\"@id\":\"https:\/\/sunfixmobile.ee\/#website\"},\"primaryImageOfPage\":{\"@id\":\"https:\/\/sunfixmobile.ee\/toode\/hoco-eq21-juhtmevaba-korvaklappid-valge\/#primaryimage\"},\"image\":{\"@id\":\"https:\/\/sunfixmobile.ee\/toode\/hoco-eq21-juhtmevaba-korvaklappid-valge\/#primaryimage\"},\"thumbnailUrl\":\"https:\/\/sunfixmobile.ee\/wp-content\/uploads\/2025\/07\/8bf748ed1306636a5cae61a72864d54e.webp\",\"datePublished\":\"2025-07-03T12:43:19+00:00\",\"dateModified\":\"2025-07-04T00:06:08+00:00\",\"breadcrumb\":{\"@id\":\"https:\/\/sunfixmobile.ee\/toode\/hoco-eq21-juhtmevaba-korvaklappid-valge\/#breadcrumb\"},\"inLanguage\":\"ru-RU\",\"potentialAction\":[{\"@type\":\"ReadAction\",\"target\":[\"https:\/\/sunfixmobile.ee\/toode\/hoco-eq21-juhtmevaba-korvaklappid-valge\/\"]}]},{\"@type\":\"ImageObject\",\"inLanguage\":\"ru-RU\",\"@id\":\"https:\/\/sunfixmobile.ee\/toode\/hoco-eq21-juhtmevaba-korvaklappid-valge\/#primaryimage\",\"url\":\"https:\/\/sunfixmobile.ee\/wp-content\/uploads\/2025\/07\/8bf748ed1306636a5cae61a72864d54e.webp\",\"contentUrl\":\"https:\/\/sunfixmobile.ee\/wp-content\/uploads\/2025\/07\/8bf748ed1306636a5cae61a72864d54e.webp\",\"width\":1000,\"height\":1000,\"caption\":\"8bf748ed1306636a5cae61a72864d54e.\"},{\"@type\":\"BreadcrumbList\",\"@id\":\"https:\/\/sunfixmobile.ee\/toode\/hoco-eq21-juhtmevaba-korvaklappid-valge\/#breadcrumb\",\"itemListElement\":[{\"@type\":\"ListItem\",\"position\":1,\"name\":\"Home\",\"item\":\"https:\/\/sunfixmobile.ee\/ru\/\"},{\"@type\":\"ListItem\",\"position\":2,\"name\":\"\u0412\u0441\u0435 \u0442\u043e\u0432\u0430\u0440\u044b\",\"item\":\"https:\/\/sunfixmobile.ee\/ru\/magazin\/\"},{\"@type\":\"ListItem\",\"position\":3,\"name\":\"Hoco EQ21 juhtmevaba k\u00f5rvaklappid valge\"}]},{\"@type\":\"WebSite\",\"@id\":\"https:\/\/sunfixmobile.ee\/#website\",\"url\":\"https:\/\/sunfixmobile.ee\/\",\"name\":\"CompanySun\",\"description\":\"\",\"publisher\":{\"@id\":\"https:\/\/sunfixmobile.ee\/#organization\"},\"potentialAction\":[{\"@type\":\"SearchAction\",\"target\":{\"@type\":\"EntryPoint\",\"urlTemplate\":\"https:\/\/sunfixmobile.ee\/?s={search_term_string}\"},\"query-input\":{\"@type\":\"PropertyValueSpecification\",\"valueRequired\":true,\"valueName\":\"search_term_string\"}}],\"inLanguage\":\"ru-RU\"},{\"@type\":\"Organization\",\"@id\":\"https:\/\/sunfixmobile.ee\/#organization\",\"name\":\"CompanySun O\u00dc\",\"url\":\"https:\/\/sunfixmobile.ee\/\",\"logo\":{\"@type\":\"ImageObject\",\"inLanguage\":\"ru-RU\",\"@id\":\"https:\/\/sunfixmobile.ee\/#\/schema\/logo\/image\/\",\"url\":\"https:\/\/sunfixmobile.ee\/wp-content\/uploads\/2022\/05\/logo.png\",\"contentUrl\":\"https:\/\/sunfixmobile.ee\/wp-content\/uploads\/2022\/05\/logo.png\",\"width\":257,\"height\":85,\"caption\":\"CompanySun O\u00dc\"},\"image\":{\"@id\":\"https:\/\/sunfixmobile.ee\/#\/schema\/logo\/image\/\"},\"sameAs\":[\"https:\/\/www.facebook.com\/sunfixtallinn\",\"https:\/\/www.instagram.com\/sunfix_eesti\/\"]}]}<\/script>\n<meta property=\"product:price:amount\" content=\"37.90\" \/>\n<meta property=\"product:price:currency\" content=\"EUR\" \/>\n<meta property=\"og:availability\" content=\"instock\" \/>\n<meta property=\"product:availability\" content=\"instock\" \/>\n<meta property=\"product:retailer_item_id\" content=\"6942007647427\" \/>\n<meta property=\"product:condition\" content=\"new\" \/>\n<!-- \/ Yoast SEO plugin. -->","yoast_head_json":{"title":"Hoco EQ21 juhtmevaba k\u00f5rvaklappid valge - CompanySun","robots":{"index":"index","follow":"follow","max-snippet":"max-snippet:-1","max-image-preview":"max-image-preview:large","max-video-preview":"max-video-preview:-1"},"canonical":"https:\/\/sunfixmobile.ee\/toode\/hoco-eq21-juhtmevaba-korvaklappid-valge\/","og_locale":"ru_RU","og_type":"article","og_title":"Hoco EQ21 juhtmevaba k\u00f5rvaklappid valge - CompanySun","og_description":"\u00c4rge loobuge oma lemmikmuusikast t\u00e4nu Hoco juhtmevabadele k\u00f5rvaklappidele (TWS) koos laadimis\u00fcmbrisega, millel on LED-puutetundlik ekraan. Neil on aktiivse m\u00fcrasummutus- (ANC) ja keskkonnam\u00fcra v\u00e4hendamise (ENC) funktsioon. K\u00e4eshoitavad ja mugavad TWS-k\u00f5rvaklapid sobivad h\u00e4sti k\u00f5rvadesse, nii et isegi p\u00e4rast mitmetunnist kasutamist ei tunne te ebamugavust. Kasutage Bluetooth-\u00fchendust muusika v\u00f5i audioraamatute kuulamiseks ja vestluste pidamiseks, mis on v\u00f5imalik t\u00e4nu...","og_url":"https:\/\/sunfixmobile.ee\/toode\/hoco-eq21-juhtmevaba-korvaklappid-valge\/","og_site_name":"CompanySun","article_publisher":"https:\/\/www.facebook.com\/sunfixtallinn","article_modified_time":"2025-07-04T00:06:08+00:00","og_image":[{"width":2000,"height":1335,"url":"https:\/\/sunfixmobile.ee\/wp-content\/uploads\/2022\/05\/1.jpg","type":"image\/jpeg"}],"twitter_card":"summary_large_image","twitter_misc":{"\u0426\u0435\u043d\u0430":"37,90&nbsp;&euro;","\u0414\u043e\u0441\u0442\u0443\u043f\u043d\u043e\u0441\u0442\u044c":"\u0412 \u043d\u0430\u043b\u0438\u0447\u0438\u0438"},"schema":{"@context":"https:\/\/schema.org","@graph":[{"@type":"WebPage","@id":"https:\/\/sunfixmobile.ee\/toode\/hoco-eq21-juhtmevaba-korvaklappid-valge\/","url":"https:\/\/sunfixmobile.ee\/toode\/hoco-eq21-juhtmevaba-korvaklappid-valge\/","name":"Hoco EQ21 juhtmevaba k\u00f5rvaklappid valge - CompanySun","isPartOf":{"@id":"https:\/\/sunfixmobile.ee\/#website"},"primaryImageOfPage":{"@id":"https:\/\/sunfixmobile.ee\/toode\/hoco-eq21-juhtmevaba-korvaklappid-valge\/#primaryimage"},"image":{"@id":"https:\/\/sunfixmobile.ee\/toode\/hoco-eq21-juhtmevaba-korvaklappid-valge\/#primaryimage"},"thumbnailUrl":"https:\/\/sunfixmobile.ee\/wp-content\/uploads\/2025\/07\/8bf748ed1306636a5cae61a72864d54e.webp","datePublished":"2025-07-03T12:43:19+00:00","dateModified":"2025-07-04T00:06:08+00:00","breadcrumb":{"@id":"https:\/\/sunfixmobile.ee\/toode\/hoco-eq21-juhtmevaba-korvaklappid-valge\/#breadcrumb"},"inLanguage":"ru-RU","potentialAction":[{"@type":"ReadAction","target":["https:\/\/sunfixmobile.ee\/toode\/hoco-eq21-juhtmevaba-korvaklappid-valge\/"]}]},{"@type":"ImageObject","inLanguage":"ru-RU","@id":"https:\/\/sunfixmobile.ee\/toode\/hoco-eq21-juhtmevaba-korvaklappid-valge\/#primaryimage","url":"https:\/\/sunfixmobile.ee\/wp-content\/uploads\/2025\/07\/8bf748ed1306636a5cae61a72864d54e.webp","contentUrl":"https:\/\/sunfixmobile.ee\/wp-content\/uploads\/2025\/07\/8bf748ed1306636a5cae61a72864d54e.webp","width":1000,"height":1000,"caption":"8bf748ed1306636a5cae61a72864d54e."},{"@type":"BreadcrumbList","@id":"https:\/\/sunfixmobile.ee\/toode\/hoco-eq21-juhtmevaba-korvaklappid-valge\/#breadcrumb","itemListElement":[{"@type":"ListItem","position":1,"name":"Home","item":"https:\/\/sunfixmobile.ee\/ru\/"},{"@type":"ListItem","position":2,"name":"\u0412\u0441\u0435 \u0442\u043e\u0432\u0430\u0440\u044b","item":"https:\/\/sunfixmobile.ee\/ru\/magazin\/"},{"@type":"ListItem","position":3,"name":"Hoco EQ21 juhtmevaba k\u00f5rvaklappid valge"}]},{"@type":"WebSite","@id":"https:\/\/sunfixmobile.ee\/#website","url":"https:\/\/sunfixmobile.ee\/","name":"CompanySun","description":"","publisher":{"@id":"https:\/\/sunfixmobile.ee\/#organization"},"potentialAction":[{"@type":"SearchAction","target":{"@type":"EntryPoint","urlTemplate":"https:\/\/sunfixmobile.ee\/?s={search_term_string}"},"query-input":{"@type":"PropertyValueSpecification","valueRequired":true,"valueName":"search_term_string"}}],"inLanguage":"ru-RU"},{"@type":"Organization","@id":"https:\/\/sunfixmobile.ee\/#organization","name":"CompanySun O\u00dc","url":"https:\/\/sunfixmobile.ee\/","logo":{"@type":"ImageObject","inLanguage":"ru-RU","@id":"https:\/\/sunfixmobile.ee\/#\/schema\/logo\/image\/","url":"https:\/\/sunfixmobile.ee\/wp-content\/uploads\/2022\/05\/logo.png","contentUrl":"https:\/\/sunfixmobile.ee\/wp-content\/uploads\/2022\/05\/logo.png","width":257,"height":85,"caption":"CompanySun O\u00dc"},"image":{"@id":"https:\/\/sunfixmobile.ee\/#\/schema\/logo\/image\/"},"sameAs":["https:\/\/www.facebook.com\/sunfixtallinn","https:\/\/www.instagram.com\/sunfix_eesti\/"]}]},"product_price_amount":"37.90","product_price_currency":"EUR","og_availability":"instock","product_availability":"instock","product_retailer_item_id":"6942007647427","product_condition":"new"},"_links":{"self":[{"href":"https:\/\/sunfixmobile.ee\/ru\/wp-json\/wp\/v2\/product\/16229","targetHints":{"allow":["GET"]}}],"collection":[{"href":"https:\/\/sunfixmobile.ee\/ru\/wp-json\/wp\/v2\/product"}],"about":[{"href":"https:\/\/sunfixmobile.ee\/ru\/wp-json\/wp\/v2\/types\/product"}],"wp:featuredmedia":[{"embeddable":true,"href":"https:\/\/sunfixmobile.ee\/ru\/wp-json\/wp\/v2\/media\/16221"}],"wp:attachment":[{"href":"https:\/\/sunfixmobile.ee\/ru\/wp-json\/wp\/v2\/media?parent=16229"}],"wp:term":[{"taxonomy":"product_brand","embeddable":true,"href":"https:\/\/sunfixmobile.ee\/ru\/wp-json\/wp\/v2\/product_brand?post=16229"},{"taxonomy":"product_cat","embeddable":true,"href":"https:\/\/sunfixmobile.ee\/ru\/wp-json\/wp\/v2\/product_cat?post=16229"},{"taxonomy":"product_tag","embeddable":true,"href":"https:\/\/sunfixmobile.ee\/ru\/wp-json\/wp\/v2\/product_tag?post=16229"}],"curies":[{"name":"wp","href":"https:\/\/api.w.org\/{rel}","templated":true}]}}