{"id":16038,"date":"2025-06-03T13:35:54","date_gmt":"2025-06-03T13:35:54","guid":{"rendered":"https:\/\/sunfixmobile.ee\/toode\/hoco-juhtmevabad-korvaklapid-puutetundliku-ekraaniga-tws-eq14-mustad\/"},"modified":"2025-07-03T10:04:40","modified_gmt":"2025-07-03T10:04:40","slug":"hoco-juhtmevabad-korvaklapid-puutetundliku-ekraaniga-tws-eq14-mustad","status":"publish","type":"product","link":"https:\/\/sunfixmobile.ee\/ru\/tovar\/hoco-juhtmevabad-korvaklapid-puutetundliku-ekraaniga-tws-eq14-mustad\/","title":{"rendered":"HOCO juhtmevabad k\u00f5rvaklapid puutetundliku ekraaniga TWS EQ14 mustad"},"content":{"rendered":"<p>Klassikalise musta v\u00e4rvi Hoco EQ14 k\u00f5rvaklapid \u00fchendavad stiili ja funktsionaalsuse. T\u00e4iustatud puutetundliku ekraani ja Bluetooth 5.3 tehnoloogiaga pakuvad need juhtmevaba vabadust ja suurep\u00e4rast helikvaliteeti, mis sobib ideaalselt igap\u00e4evaseks kasutamiseks.<\/p>\n<p>Peamised omadused:<br \/>T\u00e4pne heli \u2013 selged k\u00f5rged toonid, rikkalik bass ja s\u00fcgav heli \u00e4ratavad iga loo ellu.<\/p>\n<p>Puutejuhtimine \u2013 kiire ja mugav muusika ja k\u00f5nede haldamine ilma telefoni j\u00e4rele haaramata.<\/p>\n<p>Laadimis\u00fcmbris \u2013 kuni 20 tundi lisam\u00e4nguaega kompaktse ja h\u00f5lpsasti kasutatava \u00fcmbrisega.<\/p>\n<p>Bluetooth 5.3 \u2013 kiire ja stabiilne \u00fchendus ilma taasesituse viivitusteta.<\/p>\n<p>Sisseehitatud mikrofon \u2013 selged k\u00e4ed-vabad k\u00f5ned, ideaalne reisimiseks.<\/p>\n<p>Tehnilised andmed:<br \/>Bluetoothi \u200b\u200bversioon: 5.3<br \/>Aku t\u00f6\u00f6iga: kuni 7 tundi \u00fche laadimisega (kuni 20 tundi \u00fcmbrisega)<br \/>Aku mahtuvus (\u00fcmbris): 300 mAh<br \/>Juhtimine: puutetundlik<br \/>Ulatus: kuni 10 meetrit<br \/>V\u00e4rv: must<\/p>\n<p>Hoco EQ14 musta v\u00e4rvi k\u00f5rvaklapid on elegantsi ja moodsa tehnoloogia ideaalne segu. Olenemata sellest, kas l\u00f5\u00f5gastute muusikaga v\u00f5i vastate k\u00f5nedele, on need k\u00f5rvaklapid teie usaldusv\u00e4\u00e4rsed kaaslased.<\/p>\n<p>Avastage juhtmevaba kuulamise mugavus.<\/p>\n","protected":false},"excerpt":{"rendered":"<p>Klassikalise musta v\u00e4rvi Hoco EQ14 k\u00f5rvaklapid \u00fchendavad stiili ja funktsionaalsuse. T\u00e4iustatud puutetundliku ekraani ja Bluetooth 5.3 tehnoloogiaga pakuvad need juhtmevaba vabadust ja suurep\u00e4rast helikvaliteeti, mis sobib ideaalselt igap\u00e4evaseks kasutamiseks. Peamised omadused:T\u00e4pne heli \u2013 selged k\u00f5rged toonid, rikkalik bass ja s\u00fcgav heli \u00e4ratavad iga loo ellu. Puutejuhtimine \u2013 kiire ja mugav muusika ja k\u00f5nede haldamine ilma&#8230;<\/p>\n","protected":false},"featured_media":16030,"template":"","meta":[],"product_brand":[],"product_cat":[1254],"product_tag":[],"class_list":{"0":"post-16038","1":"product","2":"type-product","3":"status-publish","4":"has-post-thumbnail","6":"product_cat-korvaklapid","8":"first","9":"instock","10":"taxable","11":"shipping-taxable","12":"purchasable","13":"product-type-simple"},"yoast_head":"<!-- This site is optimized with the Yoast SEO plugin v27.2 - https:\/\/yoast.com\/product\/yoast-seo-wordpress\/ -->\n<title>HOCO juhtmevabad k\u00f5rvaklapid puutetundliku ekraaniga TWS EQ14 mustad - CompanySun<\/title>\n<meta name=\"robots\" content=\"index, follow, max-snippet:-1, max-image-preview:large, max-video-preview:-1\" \/>\n<link rel=\"canonical\" href=\"https:\/\/sunfixmobile.ee\/toode\/hoco-juhtmevabad-korvaklapid-puutetundliku-ekraaniga-tws-eq14-mustad\/\" \/>\n<meta property=\"og:locale\" content=\"ru_RU\" \/>\n<meta property=\"og:type\" content=\"article\" \/>\n<meta property=\"og:title\" content=\"HOCO juhtmevabad k\u00f5rvaklapid puutetundliku ekraaniga TWS EQ14 mustad - CompanySun\" \/>\n<meta property=\"og:description\" content=\"Klassikalise musta v\u00e4rvi Hoco EQ14 k\u00f5rvaklapid \u00fchendavad stiili ja funktsionaalsuse. T\u00e4iustatud puutetundliku ekraani ja Bluetooth 5.3 tehnoloogiaga pakuvad need juhtmevaba vabadust ja suurep\u00e4rast helikvaliteeti, mis sobib ideaalselt igap\u00e4evaseks kasutamiseks. Peamised omadused:T\u00e4pne heli \u2013 selged k\u00f5rged toonid, rikkalik bass ja s\u00fcgav heli \u00e4ratavad iga loo ellu. Puutejuhtimine \u2013 kiire ja mugav muusika ja k\u00f5nede haldamine ilma...\" \/>\n<meta property=\"og:url\" content=\"https:\/\/sunfixmobile.ee\/toode\/hoco-juhtmevabad-korvaklapid-puutetundliku-ekraaniga-tws-eq14-mustad\/\" \/>\n<meta property=\"og:site_name\" content=\"CompanySun\" \/>\n<meta property=\"article:publisher\" content=\"https:\/\/www.facebook.com\/sunfixtallinn\" \/>\n<meta property=\"article:modified_time\" content=\"2025-07-03T10:04:40+00:00\" \/>\n<meta property=\"og:image\" content=\"https:\/\/sunfixmobile.ee\/wp-content\/uploads\/2022\/05\/1.jpg\" \/>\n\t<meta property=\"og:image:width\" content=\"2000\" \/>\n\t<meta property=\"og:image:height\" content=\"1335\" \/>\n\t<meta property=\"og:image:type\" content=\"image\/jpeg\" \/>\n<meta name=\"twitter:card\" content=\"summary_large_image\" \/>\n<meta name=\"twitter:label1\" content=\"\u0426\u0435\u043d\u0430\" \/>\n\t<meta name=\"twitter:data1\" content=\"35,90&nbsp;&euro;\" \/>\n\t<meta name=\"twitter:label2\" content=\"\u0414\u043e\u0441\u0442\u0443\u043f\u043d\u043e\u0441\u0442\u044c\" \/>\n\t<meta name=\"twitter:data2\" content=\"\u0412 \u043d\u0430\u043b\u0438\u0447\u0438\u0438\" \/>\n<script type=\"application\/ld+json\" class=\"yoast-schema-graph\">{\"@context\":\"https:\/\/schema.org\",\"@graph\":[{\"@type\":\"WebPage\",\"@id\":\"https:\/\/sunfixmobile.ee\/toode\/hoco-juhtmevabad-korvaklapid-puutetundliku-ekraaniga-tws-eq14-mustad\/\",\"url\":\"https:\/\/sunfixmobile.ee\/toode\/hoco-juhtmevabad-korvaklapid-puutetundliku-ekraaniga-tws-eq14-mustad\/\",\"name\":\"HOCO juhtmevabad k\u00f5rvaklapid puutetundliku ekraaniga TWS EQ14 mustad - CompanySun\",\"isPartOf\":{\"@id\":\"https:\/\/sunfixmobile.ee\/#website\"},\"primaryImageOfPage\":{\"@id\":\"https:\/\/sunfixmobile.ee\/toode\/hoco-juhtmevabad-korvaklapid-puutetundliku-ekraaniga-tws-eq14-mustad\/#primaryimage\"},\"image\":{\"@id\":\"https:\/\/sunfixmobile.ee\/toode\/hoco-juhtmevabad-korvaklapid-puutetundliku-ekraaniga-tws-eq14-mustad\/#primaryimage\"},\"thumbnailUrl\":\"https:\/\/sunfixmobile.ee\/wp-content\/uploads\/2025\/06\/a318ac57ae09f59a1f5d3705b269d9ae.webp\",\"datePublished\":\"2025-06-03T13:35:54+00:00\",\"dateModified\":\"2025-07-03T10:04:40+00:00\",\"breadcrumb\":{\"@id\":\"https:\/\/sunfixmobile.ee\/toode\/hoco-juhtmevabad-korvaklapid-puutetundliku-ekraaniga-tws-eq14-mustad\/#breadcrumb\"},\"inLanguage\":\"ru-RU\",\"potentialAction\":[{\"@type\":\"ReadAction\",\"target\":[\"https:\/\/sunfixmobile.ee\/toode\/hoco-juhtmevabad-korvaklapid-puutetundliku-ekraaniga-tws-eq14-mustad\/\"]}]},{\"@type\":\"ImageObject\",\"inLanguage\":\"ru-RU\",\"@id\":\"https:\/\/sunfixmobile.ee\/toode\/hoco-juhtmevabad-korvaklapid-puutetundliku-ekraaniga-tws-eq14-mustad\/#primaryimage\",\"url\":\"https:\/\/sunfixmobile.ee\/wp-content\/uploads\/2025\/06\/a318ac57ae09f59a1f5d3705b269d9ae.webp\",\"contentUrl\":\"https:\/\/sunfixmobile.ee\/wp-content\/uploads\/2025\/06\/a318ac57ae09f59a1f5d3705b269d9ae.webp\",\"width\":1000,\"height\":1000,\"caption\":\"a318ac57ae09f59a1f5d3705b269d9ae.\"},{\"@type\":\"BreadcrumbList\",\"@id\":\"https:\/\/sunfixmobile.ee\/toode\/hoco-juhtmevabad-korvaklapid-puutetundliku-ekraaniga-tws-eq14-mustad\/#breadcrumb\",\"itemListElement\":[{\"@type\":\"ListItem\",\"position\":1,\"name\":\"Home\",\"item\":\"https:\/\/sunfixmobile.ee\/ru\/\"},{\"@type\":\"ListItem\",\"position\":2,\"name\":\"\u0412\u0441\u0435 \u0442\u043e\u0432\u0430\u0440\u044b\",\"item\":\"https:\/\/sunfixmobile.ee\/ru\/magazin\/\"},{\"@type\":\"ListItem\",\"position\":3,\"name\":\"HOCO juhtmevabad k\u00f5rvaklapid puutetundliku ekraaniga TWS EQ14 mustad\"}]},{\"@type\":\"WebSite\",\"@id\":\"https:\/\/sunfixmobile.ee\/#website\",\"url\":\"https:\/\/sunfixmobile.ee\/\",\"name\":\"CompanySun\",\"description\":\"\",\"publisher\":{\"@id\":\"https:\/\/sunfixmobile.ee\/#organization\"},\"potentialAction\":[{\"@type\":\"SearchAction\",\"target\":{\"@type\":\"EntryPoint\",\"urlTemplate\":\"https:\/\/sunfixmobile.ee\/?s={search_term_string}\"},\"query-input\":{\"@type\":\"PropertyValueSpecification\",\"valueRequired\":true,\"valueName\":\"search_term_string\"}}],\"inLanguage\":\"ru-RU\"},{\"@type\":\"Organization\",\"@id\":\"https:\/\/sunfixmobile.ee\/#organization\",\"name\":\"CompanySun O\u00dc\",\"url\":\"https:\/\/sunfixmobile.ee\/\",\"logo\":{\"@type\":\"ImageObject\",\"inLanguage\":\"ru-RU\",\"@id\":\"https:\/\/sunfixmobile.ee\/#\/schema\/logo\/image\/\",\"url\":\"https:\/\/sunfixmobile.ee\/wp-content\/uploads\/2022\/05\/logo.png\",\"contentUrl\":\"https:\/\/sunfixmobile.ee\/wp-content\/uploads\/2022\/05\/logo.png\",\"width\":257,\"height\":85,\"caption\":\"CompanySun O\u00dc\"},\"image\":{\"@id\":\"https:\/\/sunfixmobile.ee\/#\/schema\/logo\/image\/\"},\"sameAs\":[\"https:\/\/www.facebook.com\/sunfixtallinn\",\"https:\/\/www.instagram.com\/sunfix_eesti\/\"]}]}<\/script>\n<meta property=\"product:price:amount\" content=\"35.90\" \/>\n<meta property=\"product:price:currency\" content=\"EUR\" \/>\n<meta property=\"og:availability\" content=\"instock\" \/>\n<meta property=\"product:availability\" content=\"instock\" \/>\n<meta property=\"product:retailer_item_id\" content=\"6942007644105\" \/>\n<meta property=\"product:condition\" content=\"new\" \/>\n<!-- \/ Yoast SEO plugin. -->","yoast_head_json":{"title":"HOCO juhtmevabad k\u00f5rvaklapid puutetundliku ekraaniga TWS EQ14 mustad - CompanySun","robots":{"index":"index","follow":"follow","max-snippet":"max-snippet:-1","max-image-preview":"max-image-preview:large","max-video-preview":"max-video-preview:-1"},"canonical":"https:\/\/sunfixmobile.ee\/toode\/hoco-juhtmevabad-korvaklapid-puutetundliku-ekraaniga-tws-eq14-mustad\/","og_locale":"ru_RU","og_type":"article","og_title":"HOCO juhtmevabad k\u00f5rvaklapid puutetundliku ekraaniga TWS EQ14 mustad - CompanySun","og_description":"Klassikalise musta v\u00e4rvi Hoco EQ14 k\u00f5rvaklapid \u00fchendavad stiili ja funktsionaalsuse. T\u00e4iustatud puutetundliku ekraani ja Bluetooth 5.3 tehnoloogiaga pakuvad need juhtmevaba vabadust ja suurep\u00e4rast helikvaliteeti, mis sobib ideaalselt igap\u00e4evaseks kasutamiseks. Peamised omadused:T\u00e4pne heli \u2013 selged k\u00f5rged toonid, rikkalik bass ja s\u00fcgav heli \u00e4ratavad iga loo ellu. Puutejuhtimine \u2013 kiire ja mugav muusika ja k\u00f5nede haldamine ilma...","og_url":"https:\/\/sunfixmobile.ee\/toode\/hoco-juhtmevabad-korvaklapid-puutetundliku-ekraaniga-tws-eq14-mustad\/","og_site_name":"CompanySun","article_publisher":"https:\/\/www.facebook.com\/sunfixtallinn","article_modified_time":"2025-07-03T10:04:40+00:00","og_image":[{"width":2000,"height":1335,"url":"https:\/\/sunfixmobile.ee\/wp-content\/uploads\/2022\/05\/1.jpg","type":"image\/jpeg"}],"twitter_card":"summary_large_image","twitter_misc":{"\u0426\u0435\u043d\u0430":"35,90&nbsp;&euro;","\u0414\u043e\u0441\u0442\u0443\u043f\u043d\u043e\u0441\u0442\u044c":"\u0412 \u043d\u0430\u043b\u0438\u0447\u0438\u0438"},"schema":{"@context":"https:\/\/schema.org","@graph":[{"@type":"WebPage","@id":"https:\/\/sunfixmobile.ee\/toode\/hoco-juhtmevabad-korvaklapid-puutetundliku-ekraaniga-tws-eq14-mustad\/","url":"https:\/\/sunfixmobile.ee\/toode\/hoco-juhtmevabad-korvaklapid-puutetundliku-ekraaniga-tws-eq14-mustad\/","name":"HOCO juhtmevabad k\u00f5rvaklapid puutetundliku ekraaniga TWS EQ14 mustad - CompanySun","isPartOf":{"@id":"https:\/\/sunfixmobile.ee\/#website"},"primaryImageOfPage":{"@id":"https:\/\/sunfixmobile.ee\/toode\/hoco-juhtmevabad-korvaklapid-puutetundliku-ekraaniga-tws-eq14-mustad\/#primaryimage"},"image":{"@id":"https:\/\/sunfixmobile.ee\/toode\/hoco-juhtmevabad-korvaklapid-puutetundliku-ekraaniga-tws-eq14-mustad\/#primaryimage"},"thumbnailUrl":"https:\/\/sunfixmobile.ee\/wp-content\/uploads\/2025\/06\/a318ac57ae09f59a1f5d3705b269d9ae.webp","datePublished":"2025-06-03T13:35:54+00:00","dateModified":"2025-07-03T10:04:40+00:00","breadcrumb":{"@id":"https:\/\/sunfixmobile.ee\/toode\/hoco-juhtmevabad-korvaklapid-puutetundliku-ekraaniga-tws-eq14-mustad\/#breadcrumb"},"inLanguage":"ru-RU","potentialAction":[{"@type":"ReadAction","target":["https:\/\/sunfixmobile.ee\/toode\/hoco-juhtmevabad-korvaklapid-puutetundliku-ekraaniga-tws-eq14-mustad\/"]}]},{"@type":"ImageObject","inLanguage":"ru-RU","@id":"https:\/\/sunfixmobile.ee\/toode\/hoco-juhtmevabad-korvaklapid-puutetundliku-ekraaniga-tws-eq14-mustad\/#primaryimage","url":"https:\/\/sunfixmobile.ee\/wp-content\/uploads\/2025\/06\/a318ac57ae09f59a1f5d3705b269d9ae.webp","contentUrl":"https:\/\/sunfixmobile.ee\/wp-content\/uploads\/2025\/06\/a318ac57ae09f59a1f5d3705b269d9ae.webp","width":1000,"height":1000,"caption":"a318ac57ae09f59a1f5d3705b269d9ae."},{"@type":"BreadcrumbList","@id":"https:\/\/sunfixmobile.ee\/toode\/hoco-juhtmevabad-korvaklapid-puutetundliku-ekraaniga-tws-eq14-mustad\/#breadcrumb","itemListElement":[{"@type":"ListItem","position":1,"name":"Home","item":"https:\/\/sunfixmobile.ee\/ru\/"},{"@type":"ListItem","position":2,"name":"\u0412\u0441\u0435 \u0442\u043e\u0432\u0430\u0440\u044b","item":"https:\/\/sunfixmobile.ee\/ru\/magazin\/"},{"@type":"ListItem","position":3,"name":"HOCO juhtmevabad k\u00f5rvaklapid puutetundliku ekraaniga TWS EQ14 mustad"}]},{"@type":"WebSite","@id":"https:\/\/sunfixmobile.ee\/#website","url":"https:\/\/sunfixmobile.ee\/","name":"CompanySun","description":"","publisher":{"@id":"https:\/\/sunfixmobile.ee\/#organization"},"potentialAction":[{"@type":"SearchAction","target":{"@type":"EntryPoint","urlTemplate":"https:\/\/sunfixmobile.ee\/?s={search_term_string}"},"query-input":{"@type":"PropertyValueSpecification","valueRequired":true,"valueName":"search_term_string"}}],"inLanguage":"ru-RU"},{"@type":"Organization","@id":"https:\/\/sunfixmobile.ee\/#organization","name":"CompanySun O\u00dc","url":"https:\/\/sunfixmobile.ee\/","logo":{"@type":"ImageObject","inLanguage":"ru-RU","@id":"https:\/\/sunfixmobile.ee\/#\/schema\/logo\/image\/","url":"https:\/\/sunfixmobile.ee\/wp-content\/uploads\/2022\/05\/logo.png","contentUrl":"https:\/\/sunfixmobile.ee\/wp-content\/uploads\/2022\/05\/logo.png","width":257,"height":85,"caption":"CompanySun O\u00dc"},"image":{"@id":"https:\/\/sunfixmobile.ee\/#\/schema\/logo\/image\/"},"sameAs":["https:\/\/www.facebook.com\/sunfixtallinn","https:\/\/www.instagram.com\/sunfix_eesti\/"]}]},"product_price_amount":"35.90","product_price_currency":"EUR","og_availability":"instock","product_availability":"instock","product_retailer_item_id":"6942007644105","product_condition":"new"},"_links":{"self":[{"href":"https:\/\/sunfixmobile.ee\/ru\/wp-json\/wp\/v2\/product\/16038","targetHints":{"allow":["GET"]}}],"collection":[{"href":"https:\/\/sunfixmobile.ee\/ru\/wp-json\/wp\/v2\/product"}],"about":[{"href":"https:\/\/sunfixmobile.ee\/ru\/wp-json\/wp\/v2\/types\/product"}],"wp:featuredmedia":[{"embeddable":true,"href":"https:\/\/sunfixmobile.ee\/ru\/wp-json\/wp\/v2\/media\/16030"}],"wp:attachment":[{"href":"https:\/\/sunfixmobile.ee\/ru\/wp-json\/wp\/v2\/media?parent=16038"}],"wp:term":[{"taxonomy":"product_brand","embeddable":true,"href":"https:\/\/sunfixmobile.ee\/ru\/wp-json\/wp\/v2\/product_brand?post=16038"},{"taxonomy":"product_cat","embeddable":true,"href":"https:\/\/sunfixmobile.ee\/ru\/wp-json\/wp\/v2\/product_cat?post=16038"},{"taxonomy":"product_tag","embeddable":true,"href":"https:\/\/sunfixmobile.ee\/ru\/wp-json\/wp\/v2\/product_tag?post=16038"}],"curies":[{"name":"wp","href":"https:\/\/api.w.org\/{rel}","templated":true}]}}