{"id":15801,"date":"2025-05-16T07:51:38","date_gmt":"2025-05-16T07:51:38","guid":{"rendered":"https:\/\/sunfixmobile.ee\/toode\/borofone-juhtmevaba-induktsioonlaadija-nutikellale-bq31-kaasaskantav-25w-valge\/"},"modified":"2025-07-03T10:03:41","modified_gmt":"2025-07-03T10:03:41","slug":"borofone-juhtmevaba-induktsioonlaadija-nutikellale-bq31-kaasaskantav-25w-valge","status":"publish","type":"product","link":"https:\/\/sunfixmobile.ee\/ru\/tovar\/borofone-juhtmevaba-induktsioonlaadija-nutikellale-bq31-kaasaskantav-25w-valge\/","title":{"rendered":"Borofone juhtmevaba induktsioonlaadija nutikellale BQ31 kaasaskantav 2,5W valge"},"content":{"rendered":"<p>Borofone kaasaskantav induktiivne laadija nutikellale BQ31 Portable 2.5W valges v\u00e4rvitoonis on kompaktne ja praktiline juhtmevaba laadija, mis on loodud nutikelladele, mis \u00fchilduvad Apple Watchi (1-9, SE\/SE2, Ultra\/Ultra2) ja Samsung Watchi (1-7, Ultra) kelladega. See v\u00f5imaldab juhtmevaba laadimist 2,5 W v\u00e4ljundv\u00f5imsusega USB-C\/USB-A sisendi (5V\/1A) kaudu.<\/p>\n<p>Kvaliteetsest ABS-plastist valmistatud laadijal on kompaktsed m\u00f5\u00f5tmed (71,5 \u00d7 35 \u00d7 10,5 mm) ja kerge kaal 14 g, mist\u00f5ttu sobib see ideaalselt igap\u00e4evaseks kasutamiseks ja reisimiseks. Lisaks tagab magnetiline imemistugi nutikella kindla hoidmise laadimise ajal.<\/p>\n<p>Sisend: USB-C\/USB-A: 5V\/1A<br \/>V\u00e4ljund (kell): 2,5W (Apple Watch 1-9, SE\/SE2, Ultra\/Ultra2 jaoks; \u00fchildub ka Samsung Watch 1-7, Ultraga)<br \/>Materjal: ABS<br \/>Suurus: 71,5 \u00d7 35 \u00d7 10,5 mm<br \/>Kaal: 14 g<br \/>Omadus: Magnetiline iminappade tugi<\/p>\n","protected":false},"excerpt":{"rendered":"<p>Borofone kaasaskantav induktiivne laadija nutikellale BQ31 Portable 2.5W valges v\u00e4rvitoonis on kompaktne ja praktiline juhtmevaba laadija, mis on loodud nutikelladele, mis \u00fchilduvad Apple Watchi (1-9, SE\/SE2, Ultra\/Ultra2) ja Samsung Watchi (1-7, Ultra) kelladega. See v\u00f5imaldab juhtmevaba laadimist 2,5 W v\u00e4ljundv\u00f5imsusega USB-C\/USB-A sisendi (5V\/1A) kaudu. Kvaliteetsest ABS-plastist valmistatud laadijal on kompaktsed m\u00f5\u00f5tmed (71,5 \u00d7 35 \u00d7&#8230;<\/p>\n","protected":false},"featured_media":15795,"template":"","meta":[],"product_brand":[],"product_cat":[1250],"product_tag":[],"class_list":{"0":"post-15801","1":"product","2":"type-product","3":"status-publish","4":"has-post-thumbnail","6":"product_cat-laadijad","8":"first","9":"instock","10":"taxable","11":"shipping-taxable","12":"purchasable","13":"product-type-simple"},"yoast_head":"<!-- This site is optimized with the Yoast SEO plugin v27.2 - https:\/\/yoast.com\/product\/yoast-seo-wordpress\/ -->\n<title>Borofone juhtmevaba induktsioonlaadija nutikellale BQ31 kaasaskantav 2,5W valge - CompanySun<\/title>\n<meta name=\"robots\" content=\"index, follow, max-snippet:-1, max-image-preview:large, max-video-preview:-1\" \/>\n<link rel=\"canonical\" href=\"https:\/\/sunfixmobile.ee\/toode\/borofone-juhtmevaba-induktsioonlaadija-nutikellale-bq31-kaasaskantav-25w-valge\/\" \/>\n<meta property=\"og:locale\" content=\"ru_RU\" \/>\n<meta property=\"og:type\" content=\"article\" \/>\n<meta property=\"og:title\" content=\"Borofone juhtmevaba induktsioonlaadija nutikellale BQ31 kaasaskantav 2,5W valge - CompanySun\" \/>\n<meta property=\"og:description\" content=\"Borofone kaasaskantav induktiivne laadija nutikellale BQ31 Portable 2.5W valges v\u00e4rvitoonis on kompaktne ja praktiline juhtmevaba laadija, mis on loodud nutikelladele, mis \u00fchilduvad Apple Watchi (1-9, SE\/SE2, Ultra\/Ultra2) ja Samsung Watchi (1-7, Ultra) kelladega. See v\u00f5imaldab juhtmevaba laadimist 2,5 W v\u00e4ljundv\u00f5imsusega USB-C\/USB-A sisendi (5V\/1A) kaudu. Kvaliteetsest ABS-plastist valmistatud laadijal on kompaktsed m\u00f5\u00f5tmed (71,5 \u00d7 35 \u00d7...\" \/>\n<meta property=\"og:url\" content=\"https:\/\/sunfixmobile.ee\/toode\/borofone-juhtmevaba-induktsioonlaadija-nutikellale-bq31-kaasaskantav-25w-valge\/\" \/>\n<meta property=\"og:site_name\" content=\"CompanySun\" \/>\n<meta property=\"article:publisher\" content=\"https:\/\/www.facebook.com\/sunfixtallinn\" \/>\n<meta property=\"article:modified_time\" content=\"2025-07-03T10:03:41+00:00\" \/>\n<meta property=\"og:image\" content=\"https:\/\/sunfixmobile.ee\/wp-content\/uploads\/2022\/05\/1.jpg\" \/>\n\t<meta property=\"og:image:width\" content=\"2000\" \/>\n\t<meta property=\"og:image:height\" content=\"1335\" \/>\n\t<meta property=\"og:image:type\" content=\"image\/jpeg\" \/>\n<meta name=\"twitter:card\" content=\"summary_large_image\" \/>\n<meta name=\"twitter:label1\" content=\"\u0426\u0435\u043d\u0430\" \/>\n\t<meta name=\"twitter:data1\" content=\"18,90&nbsp;&euro;\" \/>\n\t<meta name=\"twitter:label2\" content=\"\u0414\u043e\u0441\u0442\u0443\u043f\u043d\u043e\u0441\u0442\u044c\" \/>\n\t<meta name=\"twitter:data2\" content=\"\u0412 \u043d\u0430\u043b\u0438\u0447\u0438\u0438\" \/>\n<script type=\"application\/ld+json\" class=\"yoast-schema-graph\">{\"@context\":\"https:\/\/schema.org\",\"@graph\":[{\"@type\":\"WebPage\",\"@id\":\"https:\/\/sunfixmobile.ee\/toode\/borofone-juhtmevaba-induktsioonlaadija-nutikellale-bq31-kaasaskantav-25w-valge\/\",\"url\":\"https:\/\/sunfixmobile.ee\/toode\/borofone-juhtmevaba-induktsioonlaadija-nutikellale-bq31-kaasaskantav-25w-valge\/\",\"name\":\"Borofone juhtmevaba induktsioonlaadija nutikellale BQ31 kaasaskantav 2,5W valge - CompanySun\",\"isPartOf\":{\"@id\":\"https:\/\/sunfixmobile.ee\/#website\"},\"primaryImageOfPage\":{\"@id\":\"https:\/\/sunfixmobile.ee\/toode\/borofone-juhtmevaba-induktsioonlaadija-nutikellale-bq31-kaasaskantav-25w-valge\/#primaryimage\"},\"image\":{\"@id\":\"https:\/\/sunfixmobile.ee\/toode\/borofone-juhtmevaba-induktsioonlaadija-nutikellale-bq31-kaasaskantav-25w-valge\/#primaryimage\"},\"thumbnailUrl\":\"https:\/\/sunfixmobile.ee\/wp-content\/uploads\/2025\/05\/toptel-photo-92-2.jpg\",\"datePublished\":\"2025-05-16T07:51:38+00:00\",\"dateModified\":\"2025-07-03T10:03:41+00:00\",\"breadcrumb\":{\"@id\":\"https:\/\/sunfixmobile.ee\/toode\/borofone-juhtmevaba-induktsioonlaadija-nutikellale-bq31-kaasaskantav-25w-valge\/#breadcrumb\"},\"inLanguage\":\"ru-RU\",\"potentialAction\":[{\"@type\":\"ReadAction\",\"target\":[\"https:\/\/sunfixmobile.ee\/toode\/borofone-juhtmevaba-induktsioonlaadija-nutikellale-bq31-kaasaskantav-25w-valge\/\"]}]},{\"@type\":\"ImageObject\",\"inLanguage\":\"ru-RU\",\"@id\":\"https:\/\/sunfixmobile.ee\/toode\/borofone-juhtmevaba-induktsioonlaadija-nutikellale-bq31-kaasaskantav-25w-valge\/#primaryimage\",\"url\":\"https:\/\/sunfixmobile.ee\/wp-content\/uploads\/2025\/05\/toptel-photo-92-2.jpg\",\"contentUrl\":\"https:\/\/sunfixmobile.ee\/wp-content\/uploads\/2025\/05\/toptel-photo-92-2.jpg\",\"width\":800,\"height\":800,\"caption\":\"toptel-photo-92-2\"},{\"@type\":\"BreadcrumbList\",\"@id\":\"https:\/\/sunfixmobile.ee\/toode\/borofone-juhtmevaba-induktsioonlaadija-nutikellale-bq31-kaasaskantav-25w-valge\/#breadcrumb\",\"itemListElement\":[{\"@type\":\"ListItem\",\"position\":1,\"name\":\"Home\",\"item\":\"https:\/\/sunfixmobile.ee\/ru\/\"},{\"@type\":\"ListItem\",\"position\":2,\"name\":\"\u0412\u0441\u0435 \u0442\u043e\u0432\u0430\u0440\u044b\",\"item\":\"https:\/\/sunfixmobile.ee\/ru\/magazin\/\"},{\"@type\":\"ListItem\",\"position\":3,\"name\":\"Borofone juhtmevaba induktsioonlaadija nutikellale BQ31 kaasaskantav 2,5W valge\"}]},{\"@type\":\"WebSite\",\"@id\":\"https:\/\/sunfixmobile.ee\/#website\",\"url\":\"https:\/\/sunfixmobile.ee\/\",\"name\":\"CompanySun\",\"description\":\"\",\"publisher\":{\"@id\":\"https:\/\/sunfixmobile.ee\/#organization\"},\"potentialAction\":[{\"@type\":\"SearchAction\",\"target\":{\"@type\":\"EntryPoint\",\"urlTemplate\":\"https:\/\/sunfixmobile.ee\/?s={search_term_string}\"},\"query-input\":{\"@type\":\"PropertyValueSpecification\",\"valueRequired\":true,\"valueName\":\"search_term_string\"}}],\"inLanguage\":\"ru-RU\"},{\"@type\":\"Organization\",\"@id\":\"https:\/\/sunfixmobile.ee\/#organization\",\"name\":\"CompanySun O\u00dc\",\"url\":\"https:\/\/sunfixmobile.ee\/\",\"logo\":{\"@type\":\"ImageObject\",\"inLanguage\":\"ru-RU\",\"@id\":\"https:\/\/sunfixmobile.ee\/#\/schema\/logo\/image\/\",\"url\":\"https:\/\/sunfixmobile.ee\/wp-content\/uploads\/2022\/05\/logo.png\",\"contentUrl\":\"https:\/\/sunfixmobile.ee\/wp-content\/uploads\/2022\/05\/logo.png\",\"width\":257,\"height\":85,\"caption\":\"CompanySun O\u00dc\"},\"image\":{\"@id\":\"https:\/\/sunfixmobile.ee\/#\/schema\/logo\/image\/\"},\"sameAs\":[\"https:\/\/www.facebook.com\/sunfixtallinn\",\"https:\/\/www.instagram.com\/sunfix_eesti\/\"]}]}<\/script>\n<meta property=\"product:price:amount\" content=\"18.90\" \/>\n<meta property=\"product:price:currency\" content=\"EUR\" \/>\n<meta property=\"og:availability\" content=\"instock\" \/>\n<meta property=\"product:availability\" content=\"instock\" \/>\n<meta property=\"product:retailer_item_id\" content=\"6941991112935\" \/>\n<meta property=\"product:condition\" content=\"new\" \/>\n<!-- \/ Yoast SEO plugin. -->","yoast_head_json":{"title":"Borofone juhtmevaba induktsioonlaadija nutikellale BQ31 kaasaskantav 2,5W valge - CompanySun","robots":{"index":"index","follow":"follow","max-snippet":"max-snippet:-1","max-image-preview":"max-image-preview:large","max-video-preview":"max-video-preview:-1"},"canonical":"https:\/\/sunfixmobile.ee\/toode\/borofone-juhtmevaba-induktsioonlaadija-nutikellale-bq31-kaasaskantav-25w-valge\/","og_locale":"ru_RU","og_type":"article","og_title":"Borofone juhtmevaba induktsioonlaadija nutikellale BQ31 kaasaskantav 2,5W valge - CompanySun","og_description":"Borofone kaasaskantav induktiivne laadija nutikellale BQ31 Portable 2.5W valges v\u00e4rvitoonis on kompaktne ja praktiline juhtmevaba laadija, mis on loodud nutikelladele, mis \u00fchilduvad Apple Watchi (1-9, SE\/SE2, Ultra\/Ultra2) ja Samsung Watchi (1-7, Ultra) kelladega. See v\u00f5imaldab juhtmevaba laadimist 2,5 W v\u00e4ljundv\u00f5imsusega USB-C\/USB-A sisendi (5V\/1A) kaudu. Kvaliteetsest ABS-plastist valmistatud laadijal on kompaktsed m\u00f5\u00f5tmed (71,5 \u00d7 35 \u00d7...","og_url":"https:\/\/sunfixmobile.ee\/toode\/borofone-juhtmevaba-induktsioonlaadija-nutikellale-bq31-kaasaskantav-25w-valge\/","og_site_name":"CompanySun","article_publisher":"https:\/\/www.facebook.com\/sunfixtallinn","article_modified_time":"2025-07-03T10:03:41+00:00","og_image":[{"width":2000,"height":1335,"url":"https:\/\/sunfixmobile.ee\/wp-content\/uploads\/2022\/05\/1.jpg","type":"image\/jpeg"}],"twitter_card":"summary_large_image","twitter_misc":{"\u0426\u0435\u043d\u0430":"18,90&nbsp;&euro;","\u0414\u043e\u0441\u0442\u0443\u043f\u043d\u043e\u0441\u0442\u044c":"\u0412 \u043d\u0430\u043b\u0438\u0447\u0438\u0438"},"schema":{"@context":"https:\/\/schema.org","@graph":[{"@type":"WebPage","@id":"https:\/\/sunfixmobile.ee\/toode\/borofone-juhtmevaba-induktsioonlaadija-nutikellale-bq31-kaasaskantav-25w-valge\/","url":"https:\/\/sunfixmobile.ee\/toode\/borofone-juhtmevaba-induktsioonlaadija-nutikellale-bq31-kaasaskantav-25w-valge\/","name":"Borofone juhtmevaba induktsioonlaadija nutikellale BQ31 kaasaskantav 2,5W valge - CompanySun","isPartOf":{"@id":"https:\/\/sunfixmobile.ee\/#website"},"primaryImageOfPage":{"@id":"https:\/\/sunfixmobile.ee\/toode\/borofone-juhtmevaba-induktsioonlaadija-nutikellale-bq31-kaasaskantav-25w-valge\/#primaryimage"},"image":{"@id":"https:\/\/sunfixmobile.ee\/toode\/borofone-juhtmevaba-induktsioonlaadija-nutikellale-bq31-kaasaskantav-25w-valge\/#primaryimage"},"thumbnailUrl":"https:\/\/sunfixmobile.ee\/wp-content\/uploads\/2025\/05\/toptel-photo-92-2.jpg","datePublished":"2025-05-16T07:51:38+00:00","dateModified":"2025-07-03T10:03:41+00:00","breadcrumb":{"@id":"https:\/\/sunfixmobile.ee\/toode\/borofone-juhtmevaba-induktsioonlaadija-nutikellale-bq31-kaasaskantav-25w-valge\/#breadcrumb"},"inLanguage":"ru-RU","potentialAction":[{"@type":"ReadAction","target":["https:\/\/sunfixmobile.ee\/toode\/borofone-juhtmevaba-induktsioonlaadija-nutikellale-bq31-kaasaskantav-25w-valge\/"]}]},{"@type":"ImageObject","inLanguage":"ru-RU","@id":"https:\/\/sunfixmobile.ee\/toode\/borofone-juhtmevaba-induktsioonlaadija-nutikellale-bq31-kaasaskantav-25w-valge\/#primaryimage","url":"https:\/\/sunfixmobile.ee\/wp-content\/uploads\/2025\/05\/toptel-photo-92-2.jpg","contentUrl":"https:\/\/sunfixmobile.ee\/wp-content\/uploads\/2025\/05\/toptel-photo-92-2.jpg","width":800,"height":800,"caption":"toptel-photo-92-2"},{"@type":"BreadcrumbList","@id":"https:\/\/sunfixmobile.ee\/toode\/borofone-juhtmevaba-induktsioonlaadija-nutikellale-bq31-kaasaskantav-25w-valge\/#breadcrumb","itemListElement":[{"@type":"ListItem","position":1,"name":"Home","item":"https:\/\/sunfixmobile.ee\/ru\/"},{"@type":"ListItem","position":2,"name":"\u0412\u0441\u0435 \u0442\u043e\u0432\u0430\u0440\u044b","item":"https:\/\/sunfixmobile.ee\/ru\/magazin\/"},{"@type":"ListItem","position":3,"name":"Borofone juhtmevaba induktsioonlaadija nutikellale BQ31 kaasaskantav 2,5W valge"}]},{"@type":"WebSite","@id":"https:\/\/sunfixmobile.ee\/#website","url":"https:\/\/sunfixmobile.ee\/","name":"CompanySun","description":"","publisher":{"@id":"https:\/\/sunfixmobile.ee\/#organization"},"potentialAction":[{"@type":"SearchAction","target":{"@type":"EntryPoint","urlTemplate":"https:\/\/sunfixmobile.ee\/?s={search_term_string}"},"query-input":{"@type":"PropertyValueSpecification","valueRequired":true,"valueName":"search_term_string"}}],"inLanguage":"ru-RU"},{"@type":"Organization","@id":"https:\/\/sunfixmobile.ee\/#organization","name":"CompanySun O\u00dc","url":"https:\/\/sunfixmobile.ee\/","logo":{"@type":"ImageObject","inLanguage":"ru-RU","@id":"https:\/\/sunfixmobile.ee\/#\/schema\/logo\/image\/","url":"https:\/\/sunfixmobile.ee\/wp-content\/uploads\/2022\/05\/logo.png","contentUrl":"https:\/\/sunfixmobile.ee\/wp-content\/uploads\/2022\/05\/logo.png","width":257,"height":85,"caption":"CompanySun O\u00dc"},"image":{"@id":"https:\/\/sunfixmobile.ee\/#\/schema\/logo\/image\/"},"sameAs":["https:\/\/www.facebook.com\/sunfixtallinn","https:\/\/www.instagram.com\/sunfix_eesti\/"]}]},"product_price_amount":"18.90","product_price_currency":"EUR","og_availability":"instock","product_availability":"instock","product_retailer_item_id":"6941991112935","product_condition":"new"},"_links":{"self":[{"href":"https:\/\/sunfixmobile.ee\/ru\/wp-json\/wp\/v2\/product\/15801","targetHints":{"allow":["GET"]}}],"collection":[{"href":"https:\/\/sunfixmobile.ee\/ru\/wp-json\/wp\/v2\/product"}],"about":[{"href":"https:\/\/sunfixmobile.ee\/ru\/wp-json\/wp\/v2\/types\/product"}],"wp:featuredmedia":[{"embeddable":true,"href":"https:\/\/sunfixmobile.ee\/ru\/wp-json\/wp\/v2\/media\/15795"}],"wp:attachment":[{"href":"https:\/\/sunfixmobile.ee\/ru\/wp-json\/wp\/v2\/media?parent=15801"}],"wp:term":[{"taxonomy":"product_brand","embeddable":true,"href":"https:\/\/sunfixmobile.ee\/ru\/wp-json\/wp\/v2\/product_brand?post=15801"},{"taxonomy":"product_cat","embeddable":true,"href":"https:\/\/sunfixmobile.ee\/ru\/wp-json\/wp\/v2\/product_cat?post=15801"},{"taxonomy":"product_tag","embeddable":true,"href":"https:\/\/sunfixmobile.ee\/ru\/wp-json\/wp\/v2\/product_tag?post=15801"}],"curies":[{"name":"wp","href":"https:\/\/api.w.org\/{rel}","templated":true}]}}