{"id":15785,"date":"2025-05-16T07:51:35","date_gmt":"2025-05-16T07:51:35","guid":{"rendered":"https:\/\/sunfixmobile.ee\/toode\/borofone-autohoidik-bh222-induktsioonlaadimisega-esiklaasile-kinnitatav-must\/"},"modified":"2025-08-13T00:00:07","modified_gmt":"2025-08-13T00:00:07","slug":"borofone-autohoidik-bh222-induktsioonlaadimisega-esiklaasile-kinnitatav-must","status":"publish","type":"product","link":"https:\/\/sunfixmobile.ee\/ru\/tovar\/borofone-autohoidik-bh222-induktsioonlaadimisega-esiklaasile-kinnitatav-must\/","title":{"rendered":"Borofone autohoidik BH222 induktsioonlaadimisega esiklaasile kinnitatav, must"},"content":{"rendered":"<p>Borofone BH222 Leading on praktiline autohoidik sisseehitatud juhtmevaba laadimisega. Selle saab kinnitada esiklaasile v\u00f5i keskkonsoolile, pakkudes turvalist hoidmist 4,5\u20137,0-tollistele nutitelefonidele, samal ajal neid laadides.<\/p>\n<p>Juhtmevaba laadimine ja universaalne \u00fchilduvus<br \/>Toetab 5W\/7,5W\/10W\/15W laadimisv\u00e4ljundeid, kohandudes erinevate nutitelefonimudelite vajadustega.<br \/>Sobib telefonidele laiusega 58\u201383 mm, ekraanidele l\u00e4bim\u00f5\u00f5duga 4,5\u20137 tolli.<br \/>Kompaktne konstruktsioon ja elegantne disain<br \/>Valmistatud vastupidavast ABS-materjalist, mis on vastupidav mehaanilistele kahjustustele ja k\u00f5rgetele temperatuuridele.<br \/>\u00d5lipihustusprotsessiga tekstureeritud pind annab elegantse v\u00e4limuse ja t\u00e4iendava kaitse kriimustuste eest.<br \/>Lihtne paigaldamine ja ohutus<br \/>Kinnitub esiklaasile v\u00f5i keskkonsoolile iminapa abil, tagades stabiilsuse isegi d\u00fcnaamilise s\u00f5idu ajal.<br \/>Reguleeritav vaatenurk v\u00f5imaldab teil ekraani vastavalt isiklikele eelistustele paigutada.<br \/>Spetsifikatsioon:<br \/>Mudel: BH222 Leading<br \/>Materjal: ABS<br \/>Pinnat\u00f6\u00f6tlus: Tekstureerimine + \u00f5li pihustamine<br \/>Suurus: 162 \u00d7 95 \u00d7 106 mm<br \/>Kaal: 187 g<br \/>Juhtmevaba laadimise v\u00e4ljund: 5W \/ 7,5W \/ 10W \/ 15W<br \/>Klambri laiuse vahemik: 58\u201383 mm (4,5\u20137,0 tolli)<br \/>Paigaldamine: Esiklaasile v\u00f5i auto keskkonsoolile<\/p>\n","protected":false},"excerpt":{"rendered":"<p>Borofone BH222 Leading on praktiline autohoidik sisseehitatud juhtmevaba laadimisega. Selle saab kinnitada esiklaasile v\u00f5i keskkonsoolile, pakkudes turvalist hoidmist 4,5\u20137,0-tollistele nutitelefonidele, samal ajal neid laadides. Juhtmevaba laadimine ja universaalne \u00fchilduvusToetab 5W\/7,5W\/10W\/15W laadimisv\u00e4ljundeid, kohandudes erinevate nutitelefonimudelite vajadustega.Sobib telefonidele laiusega 58\u201383 mm, ekraanidele l\u00e4bim\u00f5\u00f5duga 4,5\u20137 tolli.Kompaktne konstruktsioon ja elegantne disainValmistatud vastupidavast ABS-materjalist, mis on vastupidav mehaanilistele kahjustustele ja&#8230;<\/p>\n","protected":false},"featured_media":15777,"template":"","meta":[],"product_brand":[],"product_cat":[1244],"product_tag":[],"class_list":{"0":"post-15785","1":"product","2":"type-product","3":"status-publish","4":"has-post-thumbnail","6":"product_cat-hoidjad","8":"first","9":"instock","10":"taxable","11":"shipping-taxable","12":"purchasable","13":"product-type-simple"},"yoast_head":"<!-- This site is optimized with the Yoast SEO plugin v27.2 - https:\/\/yoast.com\/product\/yoast-seo-wordpress\/ -->\n<title>Borofone autohoidik BH222 induktsioonlaadimisega esiklaasile kinnitatav, must - CompanySun<\/title>\n<meta name=\"robots\" content=\"index, follow, max-snippet:-1, max-image-preview:large, max-video-preview:-1\" \/>\n<link rel=\"canonical\" href=\"https:\/\/sunfixmobile.ee\/toode\/borofone-autohoidik-bh222-induktsioonlaadimisega-esiklaasile-kinnitatav-must\/\" \/>\n<meta property=\"og:locale\" content=\"ru_RU\" \/>\n<meta property=\"og:type\" content=\"article\" \/>\n<meta property=\"og:title\" content=\"Borofone autohoidik BH222 induktsioonlaadimisega esiklaasile kinnitatav, must - CompanySun\" \/>\n<meta property=\"og:description\" content=\"Borofone BH222 Leading on praktiline autohoidik sisseehitatud juhtmevaba laadimisega. Selle saab kinnitada esiklaasile v\u00f5i keskkonsoolile, pakkudes turvalist hoidmist 4,5\u20137,0-tollistele nutitelefonidele, samal ajal neid laadides. Juhtmevaba laadimine ja universaalne \u00fchilduvusToetab 5W\/7,5W\/10W\/15W laadimisv\u00e4ljundeid, kohandudes erinevate nutitelefonimudelite vajadustega.Sobib telefonidele laiusega 58\u201383 mm, ekraanidele l\u00e4bim\u00f5\u00f5duga 4,5\u20137 tolli.Kompaktne konstruktsioon ja elegantne disainValmistatud vastupidavast ABS-materjalist, mis on vastupidav mehaanilistele kahjustustele ja...\" \/>\n<meta property=\"og:url\" content=\"https:\/\/sunfixmobile.ee\/toode\/borofone-autohoidik-bh222-induktsioonlaadimisega-esiklaasile-kinnitatav-must\/\" \/>\n<meta property=\"og:site_name\" content=\"CompanySun\" \/>\n<meta property=\"article:publisher\" content=\"https:\/\/www.facebook.com\/sunfixtallinn\" \/>\n<meta property=\"article:modified_time\" content=\"2025-08-13T00:00:07+00:00\" \/>\n<meta property=\"og:image\" content=\"https:\/\/sunfixmobile.ee\/wp-content\/uploads\/2022\/05\/1.jpg\" \/>\n\t<meta property=\"og:image:width\" content=\"2000\" \/>\n\t<meta property=\"og:image:height\" content=\"1335\" \/>\n\t<meta property=\"og:image:type\" content=\"image\/jpeg\" \/>\n<meta name=\"twitter:card\" content=\"summary_large_image\" \/>\n<meta name=\"twitter:label1\" content=\"\u0426\u0435\u043d\u0430\" \/>\n\t<meta name=\"twitter:data1\" content=\"24,90&nbsp;&euro;\" \/>\n\t<meta name=\"twitter:label2\" content=\"\u0414\u043e\u0441\u0442\u0443\u043f\u043d\u043e\u0441\u0442\u044c\" \/>\n\t<meta name=\"twitter:data2\" content=\"\u0412 \u043d\u0430\u043b\u0438\u0447\u0438\u0438\" \/>\n<script type=\"application\/ld+json\" class=\"yoast-schema-graph\">{\"@context\":\"https:\/\/schema.org\",\"@graph\":[{\"@type\":\"WebPage\",\"@id\":\"https:\/\/sunfixmobile.ee\/toode\/borofone-autohoidik-bh222-induktsioonlaadimisega-esiklaasile-kinnitatav-must\/\",\"url\":\"https:\/\/sunfixmobile.ee\/toode\/borofone-autohoidik-bh222-induktsioonlaadimisega-esiklaasile-kinnitatav-must\/\",\"name\":\"Borofone autohoidik BH222 induktsioonlaadimisega esiklaasile kinnitatav, must - CompanySun\",\"isPartOf\":{\"@id\":\"https:\/\/sunfixmobile.ee\/#website\"},\"primaryImageOfPage\":{\"@id\":\"https:\/\/sunfixmobile.ee\/toode\/borofone-autohoidik-bh222-induktsioonlaadimisega-esiklaasile-kinnitatav-must\/#primaryimage\"},\"image\":{\"@id\":\"https:\/\/sunfixmobile.ee\/toode\/borofone-autohoidik-bh222-induktsioonlaadimisega-esiklaasile-kinnitatav-must\/#primaryimage\"},\"thumbnailUrl\":\"https:\/\/sunfixmobile.ee\/wp-content\/uploads\/2025\/05\/toptel-photo-85-2.jpg\",\"datePublished\":\"2025-05-16T07:51:35+00:00\",\"dateModified\":\"2025-08-13T00:00:07+00:00\",\"breadcrumb\":{\"@id\":\"https:\/\/sunfixmobile.ee\/toode\/borofone-autohoidik-bh222-induktsioonlaadimisega-esiklaasile-kinnitatav-must\/#breadcrumb\"},\"inLanguage\":\"ru-RU\",\"potentialAction\":[{\"@type\":\"ReadAction\",\"target\":[\"https:\/\/sunfixmobile.ee\/toode\/borofone-autohoidik-bh222-induktsioonlaadimisega-esiklaasile-kinnitatav-must\/\"]}]},{\"@type\":\"ImageObject\",\"inLanguage\":\"ru-RU\",\"@id\":\"https:\/\/sunfixmobile.ee\/toode\/borofone-autohoidik-bh222-induktsioonlaadimisega-esiklaasile-kinnitatav-must\/#primaryimage\",\"url\":\"https:\/\/sunfixmobile.ee\/wp-content\/uploads\/2025\/05\/toptel-photo-85-2.jpg\",\"contentUrl\":\"https:\/\/sunfixmobile.ee\/wp-content\/uploads\/2025\/05\/toptel-photo-85-2.jpg\",\"width\":800,\"height\":800,\"caption\":\"toptel-photo-85-2\"},{\"@type\":\"BreadcrumbList\",\"@id\":\"https:\/\/sunfixmobile.ee\/toode\/borofone-autohoidik-bh222-induktsioonlaadimisega-esiklaasile-kinnitatav-must\/#breadcrumb\",\"itemListElement\":[{\"@type\":\"ListItem\",\"position\":1,\"name\":\"Home\",\"item\":\"https:\/\/sunfixmobile.ee\/ru\/\"},{\"@type\":\"ListItem\",\"position\":2,\"name\":\"\u0412\u0441\u0435 \u0442\u043e\u0432\u0430\u0440\u044b\",\"item\":\"https:\/\/sunfixmobile.ee\/ru\/magazin\/\"},{\"@type\":\"ListItem\",\"position\":3,\"name\":\"Borofone autohoidik BH222 induktsioonlaadimisega esiklaasile kinnitatav, must\"}]},{\"@type\":\"WebSite\",\"@id\":\"https:\/\/sunfixmobile.ee\/#website\",\"url\":\"https:\/\/sunfixmobile.ee\/\",\"name\":\"CompanySun\",\"description\":\"\",\"publisher\":{\"@id\":\"https:\/\/sunfixmobile.ee\/#organization\"},\"potentialAction\":[{\"@type\":\"SearchAction\",\"target\":{\"@type\":\"EntryPoint\",\"urlTemplate\":\"https:\/\/sunfixmobile.ee\/?s={search_term_string}\"},\"query-input\":{\"@type\":\"PropertyValueSpecification\",\"valueRequired\":true,\"valueName\":\"search_term_string\"}}],\"inLanguage\":\"ru-RU\"},{\"@type\":\"Organization\",\"@id\":\"https:\/\/sunfixmobile.ee\/#organization\",\"name\":\"CompanySun O\u00dc\",\"url\":\"https:\/\/sunfixmobile.ee\/\",\"logo\":{\"@type\":\"ImageObject\",\"inLanguage\":\"ru-RU\",\"@id\":\"https:\/\/sunfixmobile.ee\/#\/schema\/logo\/image\/\",\"url\":\"https:\/\/sunfixmobile.ee\/wp-content\/uploads\/2022\/05\/logo.png\",\"contentUrl\":\"https:\/\/sunfixmobile.ee\/wp-content\/uploads\/2022\/05\/logo.png\",\"width\":257,\"height\":85,\"caption\":\"CompanySun O\u00dc\"},\"image\":{\"@id\":\"https:\/\/sunfixmobile.ee\/#\/schema\/logo\/image\/\"},\"sameAs\":[\"https:\/\/www.facebook.com\/sunfixtallinn\",\"https:\/\/www.instagram.com\/sunfix_eesti\/\"]}]}<\/script>\n<meta property=\"product:price:amount\" content=\"24.90\" \/>\n<meta property=\"product:price:currency\" content=\"EUR\" \/>\n<meta property=\"og:availability\" content=\"instock\" \/>\n<meta property=\"product:availability\" content=\"instock\" \/>\n<meta property=\"product:retailer_item_id\" content=\"6941991119019\" \/>\n<meta property=\"product:condition\" content=\"new\" \/>\n<!-- \/ Yoast SEO plugin. -->","yoast_head_json":{"title":"Borofone autohoidik BH222 induktsioonlaadimisega esiklaasile kinnitatav, must - CompanySun","robots":{"index":"index","follow":"follow","max-snippet":"max-snippet:-1","max-image-preview":"max-image-preview:large","max-video-preview":"max-video-preview:-1"},"canonical":"https:\/\/sunfixmobile.ee\/toode\/borofone-autohoidik-bh222-induktsioonlaadimisega-esiklaasile-kinnitatav-must\/","og_locale":"ru_RU","og_type":"article","og_title":"Borofone autohoidik BH222 induktsioonlaadimisega esiklaasile kinnitatav, must - CompanySun","og_description":"Borofone BH222 Leading on praktiline autohoidik sisseehitatud juhtmevaba laadimisega. Selle saab kinnitada esiklaasile v\u00f5i keskkonsoolile, pakkudes turvalist hoidmist 4,5\u20137,0-tollistele nutitelefonidele, samal ajal neid laadides. Juhtmevaba laadimine ja universaalne \u00fchilduvusToetab 5W\/7,5W\/10W\/15W laadimisv\u00e4ljundeid, kohandudes erinevate nutitelefonimudelite vajadustega.Sobib telefonidele laiusega 58\u201383 mm, ekraanidele l\u00e4bim\u00f5\u00f5duga 4,5\u20137 tolli.Kompaktne konstruktsioon ja elegantne disainValmistatud vastupidavast ABS-materjalist, mis on vastupidav mehaanilistele kahjustustele ja...","og_url":"https:\/\/sunfixmobile.ee\/toode\/borofone-autohoidik-bh222-induktsioonlaadimisega-esiklaasile-kinnitatav-must\/","og_site_name":"CompanySun","article_publisher":"https:\/\/www.facebook.com\/sunfixtallinn","article_modified_time":"2025-08-13T00:00:07+00:00","og_image":[{"width":2000,"height":1335,"url":"https:\/\/sunfixmobile.ee\/wp-content\/uploads\/2022\/05\/1.jpg","type":"image\/jpeg"}],"twitter_card":"summary_large_image","twitter_misc":{"\u0426\u0435\u043d\u0430":"24,90&nbsp;&euro;","\u0414\u043e\u0441\u0442\u0443\u043f\u043d\u043e\u0441\u0442\u044c":"\u0412 \u043d\u0430\u043b\u0438\u0447\u0438\u0438"},"schema":{"@context":"https:\/\/schema.org","@graph":[{"@type":"WebPage","@id":"https:\/\/sunfixmobile.ee\/toode\/borofone-autohoidik-bh222-induktsioonlaadimisega-esiklaasile-kinnitatav-must\/","url":"https:\/\/sunfixmobile.ee\/toode\/borofone-autohoidik-bh222-induktsioonlaadimisega-esiklaasile-kinnitatav-must\/","name":"Borofone autohoidik BH222 induktsioonlaadimisega esiklaasile kinnitatav, must - CompanySun","isPartOf":{"@id":"https:\/\/sunfixmobile.ee\/#website"},"primaryImageOfPage":{"@id":"https:\/\/sunfixmobile.ee\/toode\/borofone-autohoidik-bh222-induktsioonlaadimisega-esiklaasile-kinnitatav-must\/#primaryimage"},"image":{"@id":"https:\/\/sunfixmobile.ee\/toode\/borofone-autohoidik-bh222-induktsioonlaadimisega-esiklaasile-kinnitatav-must\/#primaryimage"},"thumbnailUrl":"https:\/\/sunfixmobile.ee\/wp-content\/uploads\/2025\/05\/toptel-photo-85-2.jpg","datePublished":"2025-05-16T07:51:35+00:00","dateModified":"2025-08-13T00:00:07+00:00","breadcrumb":{"@id":"https:\/\/sunfixmobile.ee\/toode\/borofone-autohoidik-bh222-induktsioonlaadimisega-esiklaasile-kinnitatav-must\/#breadcrumb"},"inLanguage":"ru-RU","potentialAction":[{"@type":"ReadAction","target":["https:\/\/sunfixmobile.ee\/toode\/borofone-autohoidik-bh222-induktsioonlaadimisega-esiklaasile-kinnitatav-must\/"]}]},{"@type":"ImageObject","inLanguage":"ru-RU","@id":"https:\/\/sunfixmobile.ee\/toode\/borofone-autohoidik-bh222-induktsioonlaadimisega-esiklaasile-kinnitatav-must\/#primaryimage","url":"https:\/\/sunfixmobile.ee\/wp-content\/uploads\/2025\/05\/toptel-photo-85-2.jpg","contentUrl":"https:\/\/sunfixmobile.ee\/wp-content\/uploads\/2025\/05\/toptel-photo-85-2.jpg","width":800,"height":800,"caption":"toptel-photo-85-2"},{"@type":"BreadcrumbList","@id":"https:\/\/sunfixmobile.ee\/toode\/borofone-autohoidik-bh222-induktsioonlaadimisega-esiklaasile-kinnitatav-must\/#breadcrumb","itemListElement":[{"@type":"ListItem","position":1,"name":"Home","item":"https:\/\/sunfixmobile.ee\/ru\/"},{"@type":"ListItem","position":2,"name":"\u0412\u0441\u0435 \u0442\u043e\u0432\u0430\u0440\u044b","item":"https:\/\/sunfixmobile.ee\/ru\/magazin\/"},{"@type":"ListItem","position":3,"name":"Borofone autohoidik BH222 induktsioonlaadimisega esiklaasile kinnitatav, must"}]},{"@type":"WebSite","@id":"https:\/\/sunfixmobile.ee\/#website","url":"https:\/\/sunfixmobile.ee\/","name":"CompanySun","description":"","publisher":{"@id":"https:\/\/sunfixmobile.ee\/#organization"},"potentialAction":[{"@type":"SearchAction","target":{"@type":"EntryPoint","urlTemplate":"https:\/\/sunfixmobile.ee\/?s={search_term_string}"},"query-input":{"@type":"PropertyValueSpecification","valueRequired":true,"valueName":"search_term_string"}}],"inLanguage":"ru-RU"},{"@type":"Organization","@id":"https:\/\/sunfixmobile.ee\/#organization","name":"CompanySun O\u00dc","url":"https:\/\/sunfixmobile.ee\/","logo":{"@type":"ImageObject","inLanguage":"ru-RU","@id":"https:\/\/sunfixmobile.ee\/#\/schema\/logo\/image\/","url":"https:\/\/sunfixmobile.ee\/wp-content\/uploads\/2022\/05\/logo.png","contentUrl":"https:\/\/sunfixmobile.ee\/wp-content\/uploads\/2022\/05\/logo.png","width":257,"height":85,"caption":"CompanySun O\u00dc"},"image":{"@id":"https:\/\/sunfixmobile.ee\/#\/schema\/logo\/image\/"},"sameAs":["https:\/\/www.facebook.com\/sunfixtallinn","https:\/\/www.instagram.com\/sunfix_eesti\/"]}]},"product_price_amount":"24.90","product_price_currency":"EUR","og_availability":"instock","product_availability":"instock","product_retailer_item_id":"6941991119019","product_condition":"new"},"_links":{"self":[{"href":"https:\/\/sunfixmobile.ee\/ru\/wp-json\/wp\/v2\/product\/15785","targetHints":{"allow":["GET"]}}],"collection":[{"href":"https:\/\/sunfixmobile.ee\/ru\/wp-json\/wp\/v2\/product"}],"about":[{"href":"https:\/\/sunfixmobile.ee\/ru\/wp-json\/wp\/v2\/types\/product"}],"wp:featuredmedia":[{"embeddable":true,"href":"https:\/\/sunfixmobile.ee\/ru\/wp-json\/wp\/v2\/media\/15777"}],"wp:attachment":[{"href":"https:\/\/sunfixmobile.ee\/ru\/wp-json\/wp\/v2\/media?parent=15785"}],"wp:term":[{"taxonomy":"product_brand","embeddable":true,"href":"https:\/\/sunfixmobile.ee\/ru\/wp-json\/wp\/v2\/product_brand?post=15785"},{"taxonomy":"product_cat","embeddable":true,"href":"https:\/\/sunfixmobile.ee\/ru\/wp-json\/wp\/v2\/product_cat?post=15785"},{"taxonomy":"product_tag","embeddable":true,"href":"https:\/\/sunfixmobile.ee\/ru\/wp-json\/wp\/v2\/product_tag?post=15785"}],"curies":[{"name":"wp","href":"https:\/\/api.w.org\/{rel}","templated":true}]}}