{"id":15556,"date":"2025-04-07T13:06:49","date_gmt":"2025-04-07T13:06:49","guid":{"rendered":"https:\/\/sunfixmobile.ee\/toode\/hoco-seinalaadija-type-c-pd-qc-30w-n62-valge\/"},"modified":"2026-05-06T03:00:27","modified_gmt":"2026-05-06T00:00:27","slug":"hoco-seinalaadija-type-c-pd-qc-30w-n62-valge","status":"publish","type":"product","link":"https:\/\/sunfixmobile.ee\/ru\/tovar\/hoco-seinalaadija-type-c-pd-qc-30w-n62-valge\/","title":{"rendered":"HOCO seinalaadija Type C PD QC 30W N62 valge"},"content":{"rendered":"<p>Hoco N62 seinalaadija USB-C pordi ja 30 W kiirlaadimise toega.<\/p>\n<p>Laadija toetab PD 30W kiirlaadimisprotokolli, QC3.0, FCP, AFC \u2013 v\u00f5imaldab nutitelefonid t\u00f5eliselt kiiresti laadida.<\/p>\n<p>30W v\u00f5imsus v\u00f5imaldab palju kiiremat energia\u00fclekannet l\u00fchema ajaga, mis t\u00e4hendab, et seadme t\u00e4islaadimine v\u00f5tab palju v\u00e4hem aega. Laadijal on USB-C port.<\/p>\n<p>Valmistatud kvaliteetsetest tulekindlatest materjalidest. Sobib standardsetele EU pistikutele.<\/p>\n<p>Spetsifikatsioon:<br \/>Portid: USB-C<br \/>V\u00f5imsus: 30 W<br \/>Materjal: PC (tulekindel)<br \/>Kaabel: puudub<br \/>Pistik: EL<br \/>Suurus: 83 \u00d7 39,5 \u00d7 26,5 mm<br \/>Kaal: 58 g<br \/>Kiirlaadimistehnoloogia tugi: PD30W, QC3.0, FCP, AFC<\/p>\n","protected":false},"excerpt":{"rendered":"<p>Hoco N62 seinalaadija USB-C pordi ja 30 W kiirlaadimise toega. Laadija toetab PD 30W kiirlaadimisprotokolli, QC3.0, FCP, AFC \u2013 v\u00f5imaldab nutitelefonid t\u00f5eliselt kiiresti laadida. 30W v\u00f5imsus v\u00f5imaldab palju kiiremat energia\u00fclekannet l\u00fchema ajaga, mis t\u00e4hendab, et seadme t\u00e4islaadimine v\u00f5tab palju v\u00e4hem aega. Laadijal on USB-C port. Valmistatud kvaliteetsetest tulekindlatest materjalidest. Sobib standardsetele EU pistikutele. Spetsifikatsioon:Portid: USB-CV\u00f5imsus:&#8230;<\/p>\n","protected":false},"featured_media":15552,"template":"","meta":[],"product_brand":[],"product_cat":[1257],"product_tag":[],"class_list":{"0":"post-15556","1":"product","2":"type-product","3":"status-publish","4":"has-post-thumbnail","6":"product_cat-adapterid","8":"first","9":"instock","10":"taxable","11":"shipping-taxable","12":"purchasable","13":"product-type-simple"},"yoast_head":"<!-- This site is optimized with the Yoast SEO plugin v27.2 - https:\/\/yoast.com\/product\/yoast-seo-wordpress\/ -->\n<title>HOCO seinalaadija Type C PD QC 30W N62 valge - CompanySun<\/title>\n<meta name=\"robots\" content=\"index, follow, max-snippet:-1, max-image-preview:large, max-video-preview:-1\" \/>\n<link rel=\"canonical\" href=\"https:\/\/sunfixmobile.ee\/toode\/hoco-seinalaadija-type-c-pd-qc-30w-n62-valge\/\" \/>\n<meta property=\"og:locale\" content=\"ru_RU\" \/>\n<meta property=\"og:type\" content=\"article\" \/>\n<meta property=\"og:title\" content=\"HOCO seinalaadija Type C PD QC 30W N62 valge - CompanySun\" \/>\n<meta property=\"og:description\" content=\"Hoco N62 seinalaadija USB-C pordi ja 30 W kiirlaadimise toega. Laadija toetab PD 30W kiirlaadimisprotokolli, QC3.0, FCP, AFC \u2013 v\u00f5imaldab nutitelefonid t\u00f5eliselt kiiresti laadida. 30W v\u00f5imsus v\u00f5imaldab palju kiiremat energia\u00fclekannet l\u00fchema ajaga, mis t\u00e4hendab, et seadme t\u00e4islaadimine v\u00f5tab palju v\u00e4hem aega. Laadijal on USB-C port. Valmistatud kvaliteetsetest tulekindlatest materjalidest. Sobib standardsetele EU pistikutele. Spetsifikatsioon:Portid: USB-CV\u00f5imsus:...\" \/>\n<meta property=\"og:url\" content=\"https:\/\/sunfixmobile.ee\/toode\/hoco-seinalaadija-type-c-pd-qc-30w-n62-valge\/\" \/>\n<meta property=\"og:site_name\" content=\"CompanySun\" \/>\n<meta property=\"article:publisher\" content=\"https:\/\/www.facebook.com\/sunfixtallinn\" \/>\n<meta property=\"article:modified_time\" content=\"2026-05-06T00:00:27+00:00\" \/>\n<meta property=\"og:image\" content=\"https:\/\/sunfixmobile.ee\/wp-content\/uploads\/2022\/05\/1.jpg\" \/>\n\t<meta property=\"og:image:width\" content=\"2000\" \/>\n\t<meta property=\"og:image:height\" content=\"1335\" \/>\n\t<meta property=\"og:image:type\" content=\"image\/jpeg\" \/>\n<meta name=\"twitter:card\" content=\"summary_large_image\" \/>\n<meta name=\"twitter:label1\" content=\"\u0426\u0435\u043d\u0430\" \/>\n\t<meta name=\"twitter:data1\" content=\"22,90&nbsp;&euro;\" \/>\n\t<meta name=\"twitter:label2\" content=\"\u0414\u043e\u0441\u0442\u0443\u043f\u043d\u043e\u0441\u0442\u044c\" \/>\n\t<meta name=\"twitter:data2\" content=\"\u0412 \u043d\u0430\u043b\u0438\u0447\u0438\u0438\" \/>\n<script type=\"application\/ld+json\" class=\"yoast-schema-graph\">{\"@context\":\"https:\/\/schema.org\",\"@graph\":[{\"@type\":\"WebPage\",\"@id\":\"https:\/\/sunfixmobile.ee\/toode\/hoco-seinalaadija-type-c-pd-qc-30w-n62-valge\/\",\"url\":\"https:\/\/sunfixmobile.ee\/toode\/hoco-seinalaadija-type-c-pd-qc-30w-n62-valge\/\",\"name\":\"HOCO seinalaadija Type C PD QC 30W N62 valge - CompanySun\",\"isPartOf\":{\"@id\":\"https:\/\/sunfixmobile.ee\/#website\"},\"primaryImageOfPage\":{\"@id\":\"https:\/\/sunfixmobile.ee\/toode\/hoco-seinalaadija-type-c-pd-qc-30w-n62-valge\/#primaryimage\"},\"image\":{\"@id\":\"https:\/\/sunfixmobile.ee\/toode\/hoco-seinalaadija-type-c-pd-qc-30w-n62-valge\/#primaryimage\"},\"thumbnailUrl\":\"https:\/\/sunfixmobile.ee\/wp-content\/uploads\/2025\/04\/b7721c4f99bd0b95d4bde97e14d1b29a.webp\",\"datePublished\":\"2025-04-07T13:06:49+00:00\",\"dateModified\":\"2026-05-06T00:00:27+00:00\",\"breadcrumb\":{\"@id\":\"https:\/\/sunfixmobile.ee\/toode\/hoco-seinalaadija-type-c-pd-qc-30w-n62-valge\/#breadcrumb\"},\"inLanguage\":\"ru-RU\",\"potentialAction\":[{\"@type\":\"ReadAction\",\"target\":[\"https:\/\/sunfixmobile.ee\/toode\/hoco-seinalaadija-type-c-pd-qc-30w-n62-valge\/\"]}]},{\"@type\":\"ImageObject\",\"inLanguage\":\"ru-RU\",\"@id\":\"https:\/\/sunfixmobile.ee\/toode\/hoco-seinalaadija-type-c-pd-qc-30w-n62-valge\/#primaryimage\",\"url\":\"https:\/\/sunfixmobile.ee\/wp-content\/uploads\/2025\/04\/b7721c4f99bd0b95d4bde97e14d1b29a.webp\",\"contentUrl\":\"https:\/\/sunfixmobile.ee\/wp-content\/uploads\/2025\/04\/b7721c4f99bd0b95d4bde97e14d1b29a.webp\",\"width\":1000,\"height\":1000,\"caption\":\"b7721c4f99bd0b95d4bde97e14d1b29a.\"},{\"@type\":\"BreadcrumbList\",\"@id\":\"https:\/\/sunfixmobile.ee\/toode\/hoco-seinalaadija-type-c-pd-qc-30w-n62-valge\/#breadcrumb\",\"itemListElement\":[{\"@type\":\"ListItem\",\"position\":1,\"name\":\"Home\",\"item\":\"https:\/\/sunfixmobile.ee\/ru\/\"},{\"@type\":\"ListItem\",\"position\":2,\"name\":\"\u0412\u0441\u0435 \u0442\u043e\u0432\u0430\u0440\u044b\",\"item\":\"https:\/\/sunfixmobile.ee\/ru\/magazin\/\"},{\"@type\":\"ListItem\",\"position\":3,\"name\":\"HOCO seinalaadija Type C PD QC 30W N62 valge\"}]},{\"@type\":\"WebSite\",\"@id\":\"https:\/\/sunfixmobile.ee\/#website\",\"url\":\"https:\/\/sunfixmobile.ee\/\",\"name\":\"CompanySun\",\"description\":\"\",\"publisher\":{\"@id\":\"https:\/\/sunfixmobile.ee\/#organization\"},\"potentialAction\":[{\"@type\":\"SearchAction\",\"target\":{\"@type\":\"EntryPoint\",\"urlTemplate\":\"https:\/\/sunfixmobile.ee\/?s={search_term_string}\"},\"query-input\":{\"@type\":\"PropertyValueSpecification\",\"valueRequired\":true,\"valueName\":\"search_term_string\"}}],\"inLanguage\":\"ru-RU\"},{\"@type\":\"Organization\",\"@id\":\"https:\/\/sunfixmobile.ee\/#organization\",\"name\":\"CompanySun O\u00dc\",\"url\":\"https:\/\/sunfixmobile.ee\/\",\"logo\":{\"@type\":\"ImageObject\",\"inLanguage\":\"ru-RU\",\"@id\":\"https:\/\/sunfixmobile.ee\/#\/schema\/logo\/image\/\",\"url\":\"https:\/\/sunfixmobile.ee\/wp-content\/uploads\/2022\/05\/logo.png\",\"contentUrl\":\"https:\/\/sunfixmobile.ee\/wp-content\/uploads\/2022\/05\/logo.png\",\"width\":257,\"height\":85,\"caption\":\"CompanySun O\u00dc\"},\"image\":{\"@id\":\"https:\/\/sunfixmobile.ee\/#\/schema\/logo\/image\/\"},\"sameAs\":[\"https:\/\/www.facebook.com\/sunfixtallinn\",\"https:\/\/www.instagram.com\/sunfix_eesti\/\"]}]}<\/script>\n<meta property=\"product:price:amount\" content=\"22.90\" \/>\n<meta property=\"product:price:currency\" content=\"EUR\" \/>\n<meta property=\"og:availability\" content=\"instock\" \/>\n<meta property=\"product:availability\" content=\"instock\" \/>\n<meta property=\"product:retailer_item_id\" content=\"6942007648745\" \/>\n<meta property=\"product:condition\" content=\"new\" \/>\n<!-- \/ Yoast SEO plugin. -->","yoast_head_json":{"title":"HOCO seinalaadija Type C PD QC 30W N62 valge - CompanySun","robots":{"index":"index","follow":"follow","max-snippet":"max-snippet:-1","max-image-preview":"max-image-preview:large","max-video-preview":"max-video-preview:-1"},"canonical":"https:\/\/sunfixmobile.ee\/toode\/hoco-seinalaadija-type-c-pd-qc-30w-n62-valge\/","og_locale":"ru_RU","og_type":"article","og_title":"HOCO seinalaadija Type C PD QC 30W N62 valge - CompanySun","og_description":"Hoco N62 seinalaadija USB-C pordi ja 30 W kiirlaadimise toega. Laadija toetab PD 30W kiirlaadimisprotokolli, QC3.0, FCP, AFC \u2013 v\u00f5imaldab nutitelefonid t\u00f5eliselt kiiresti laadida. 30W v\u00f5imsus v\u00f5imaldab palju kiiremat energia\u00fclekannet l\u00fchema ajaga, mis t\u00e4hendab, et seadme t\u00e4islaadimine v\u00f5tab palju v\u00e4hem aega. Laadijal on USB-C port. Valmistatud kvaliteetsetest tulekindlatest materjalidest. Sobib standardsetele EU pistikutele. Spetsifikatsioon:Portid: USB-CV\u00f5imsus:...","og_url":"https:\/\/sunfixmobile.ee\/toode\/hoco-seinalaadija-type-c-pd-qc-30w-n62-valge\/","og_site_name":"CompanySun","article_publisher":"https:\/\/www.facebook.com\/sunfixtallinn","article_modified_time":"2026-05-06T00:00:27+00:00","og_image":[{"width":2000,"height":1335,"url":"https:\/\/sunfixmobile.ee\/wp-content\/uploads\/2022\/05\/1.jpg","type":"image\/jpeg"}],"twitter_card":"summary_large_image","twitter_misc":{"\u0426\u0435\u043d\u0430":"22,90&nbsp;&euro;","\u0414\u043e\u0441\u0442\u0443\u043f\u043d\u043e\u0441\u0442\u044c":"\u0412 \u043d\u0430\u043b\u0438\u0447\u0438\u0438"},"schema":{"@context":"https:\/\/schema.org","@graph":[{"@type":"WebPage","@id":"https:\/\/sunfixmobile.ee\/toode\/hoco-seinalaadija-type-c-pd-qc-30w-n62-valge\/","url":"https:\/\/sunfixmobile.ee\/toode\/hoco-seinalaadija-type-c-pd-qc-30w-n62-valge\/","name":"HOCO seinalaadija Type C PD QC 30W N62 valge - CompanySun","isPartOf":{"@id":"https:\/\/sunfixmobile.ee\/#website"},"primaryImageOfPage":{"@id":"https:\/\/sunfixmobile.ee\/toode\/hoco-seinalaadija-type-c-pd-qc-30w-n62-valge\/#primaryimage"},"image":{"@id":"https:\/\/sunfixmobile.ee\/toode\/hoco-seinalaadija-type-c-pd-qc-30w-n62-valge\/#primaryimage"},"thumbnailUrl":"https:\/\/sunfixmobile.ee\/wp-content\/uploads\/2025\/04\/b7721c4f99bd0b95d4bde97e14d1b29a.webp","datePublished":"2025-04-07T13:06:49+00:00","dateModified":"2026-05-06T00:00:27+00:00","breadcrumb":{"@id":"https:\/\/sunfixmobile.ee\/toode\/hoco-seinalaadija-type-c-pd-qc-30w-n62-valge\/#breadcrumb"},"inLanguage":"ru-RU","potentialAction":[{"@type":"ReadAction","target":["https:\/\/sunfixmobile.ee\/toode\/hoco-seinalaadija-type-c-pd-qc-30w-n62-valge\/"]}]},{"@type":"ImageObject","inLanguage":"ru-RU","@id":"https:\/\/sunfixmobile.ee\/toode\/hoco-seinalaadija-type-c-pd-qc-30w-n62-valge\/#primaryimage","url":"https:\/\/sunfixmobile.ee\/wp-content\/uploads\/2025\/04\/b7721c4f99bd0b95d4bde97e14d1b29a.webp","contentUrl":"https:\/\/sunfixmobile.ee\/wp-content\/uploads\/2025\/04\/b7721c4f99bd0b95d4bde97e14d1b29a.webp","width":1000,"height":1000,"caption":"b7721c4f99bd0b95d4bde97e14d1b29a."},{"@type":"BreadcrumbList","@id":"https:\/\/sunfixmobile.ee\/toode\/hoco-seinalaadija-type-c-pd-qc-30w-n62-valge\/#breadcrumb","itemListElement":[{"@type":"ListItem","position":1,"name":"Home","item":"https:\/\/sunfixmobile.ee\/ru\/"},{"@type":"ListItem","position":2,"name":"\u0412\u0441\u0435 \u0442\u043e\u0432\u0430\u0440\u044b","item":"https:\/\/sunfixmobile.ee\/ru\/magazin\/"},{"@type":"ListItem","position":3,"name":"HOCO seinalaadija Type C PD QC 30W N62 valge"}]},{"@type":"WebSite","@id":"https:\/\/sunfixmobile.ee\/#website","url":"https:\/\/sunfixmobile.ee\/","name":"CompanySun","description":"","publisher":{"@id":"https:\/\/sunfixmobile.ee\/#organization"},"potentialAction":[{"@type":"SearchAction","target":{"@type":"EntryPoint","urlTemplate":"https:\/\/sunfixmobile.ee\/?s={search_term_string}"},"query-input":{"@type":"PropertyValueSpecification","valueRequired":true,"valueName":"search_term_string"}}],"inLanguage":"ru-RU"},{"@type":"Organization","@id":"https:\/\/sunfixmobile.ee\/#organization","name":"CompanySun O\u00dc","url":"https:\/\/sunfixmobile.ee\/","logo":{"@type":"ImageObject","inLanguage":"ru-RU","@id":"https:\/\/sunfixmobile.ee\/#\/schema\/logo\/image\/","url":"https:\/\/sunfixmobile.ee\/wp-content\/uploads\/2022\/05\/logo.png","contentUrl":"https:\/\/sunfixmobile.ee\/wp-content\/uploads\/2022\/05\/logo.png","width":257,"height":85,"caption":"CompanySun O\u00dc"},"image":{"@id":"https:\/\/sunfixmobile.ee\/#\/schema\/logo\/image\/"},"sameAs":["https:\/\/www.facebook.com\/sunfixtallinn","https:\/\/www.instagram.com\/sunfix_eesti\/"]}]},"product_price_amount":"22.90","product_price_currency":"EUR","og_availability":"instock","product_availability":"instock","product_retailer_item_id":"6942007648745","product_condition":"new"},"_links":{"self":[{"href":"https:\/\/sunfixmobile.ee\/ru\/wp-json\/wp\/v2\/product\/15556","targetHints":{"allow":["GET"]}}],"collection":[{"href":"https:\/\/sunfixmobile.ee\/ru\/wp-json\/wp\/v2\/product"}],"about":[{"href":"https:\/\/sunfixmobile.ee\/ru\/wp-json\/wp\/v2\/types\/product"}],"wp:featuredmedia":[{"embeddable":true,"href":"https:\/\/sunfixmobile.ee\/ru\/wp-json\/wp\/v2\/media\/15552"}],"wp:attachment":[{"href":"https:\/\/sunfixmobile.ee\/ru\/wp-json\/wp\/v2\/media?parent=15556"}],"wp:term":[{"taxonomy":"product_brand","embeddable":true,"href":"https:\/\/sunfixmobile.ee\/ru\/wp-json\/wp\/v2\/product_brand?post=15556"},{"taxonomy":"product_cat","embeddable":true,"href":"https:\/\/sunfixmobile.ee\/ru\/wp-json\/wp\/v2\/product_cat?post=15556"},{"taxonomy":"product_tag","embeddable":true,"href":"https:\/\/sunfixmobile.ee\/ru\/wp-json\/wp\/v2\/product_tag?post=15556"}],"curies":[{"name":"wp","href":"https:\/\/api.w.org\/{rel}","templated":true}]}}