{"id":15542,"date":"2025-04-07T13:06:45","date_gmt":"2025-04-07T13:06:45","guid":{"rendered":"https:\/\/sunfixmobile.ee\/toode\/hoco-juhe-type-c-type-c-pd-5a-100w-x50-1m-must\/"},"modified":"2025-09-25T00:00:15","modified_gmt":"2025-09-25T00:00:15","slug":"hoco-juhe-type-c-type-c-pd-5a-100w-x50-1m-must","status":"publish","type":"product","link":"https:\/\/sunfixmobile.ee\/ru\/tovar\/hoco-juhe-type-c-type-c-pd-5a-100w-x50-1m-must\/","title":{"rendered":"HOCO juhe Type C &#8212; Type C PD 5A 100W X50 1m must"},"content":{"rendered":"<p>Exquisito X50 kiire kaabel. See v\u00f5imaldab teil kiiresti laadida seadmeid, sealhulgas suure v\u00f5imsusega tarvikuid. Vastupidav mitmekordsele paindumisele ja kahjustustele.<\/p>\n<p>Valmistatud alumiiniumist ja nailonist punutisest, on see vastupidav mitmekordsele paindumisele ja kahjustustele. Varustatud E-markeri kiibiga, suudab see l\u00e4bida 5A voolu. PD 100 W laadijaga v\u00f5ib see j\u00f5uda kuni 100 W (20 V \/ 5 A), andes toite isegi suure v\u00f5imsusega s\u00fclearvutitele.<\/p>\n<p>Toode on saadaval erinevates v\u00e4rvides.<\/p>\n<p>Spetsifikatsioon:<br \/>Pikkus: 1m<br \/>Kaal: 29g<\/p>\n","protected":false},"excerpt":{"rendered":"<p>Exquisito X50 kiire kaabel. See v\u00f5imaldab teil kiiresti laadida seadmeid, sealhulgas suure v\u00f5imsusega tarvikuid. Vastupidav mitmekordsele paindumisele ja kahjustustele. Valmistatud alumiiniumist ja nailonist punutisest, on see vastupidav mitmekordsele paindumisele ja kahjustustele. Varustatud E-markeri kiibiga, suudab see l\u00e4bida 5A voolu. PD 100 W laadijaga v\u00f5ib see j\u00f5uda kuni 100 W (20 V \/ 5 A), andes&#8230;<\/p>\n","protected":false},"featured_media":15534,"template":"","meta":[],"product_brand":[],"product_cat":[1260],"product_tag":[],"class_list":{"0":"post-15542","1":"product","2":"type-product","3":"status-publish","4":"has-post-thumbnail","6":"product_cat-juhtmed","8":"first","9":"instock","10":"taxable","11":"shipping-taxable","12":"purchasable","13":"product-type-simple"},"yoast_head":"<!-- This site is optimized with the Yoast SEO plugin v27.2 - https:\/\/yoast.com\/product\/yoast-seo-wordpress\/ -->\n<title>HOCO juhe Type C - Type C PD 5A 100W X50 1m must - CompanySun<\/title>\n<meta name=\"robots\" content=\"index, follow, max-snippet:-1, max-image-preview:large, max-video-preview:-1\" \/>\n<link rel=\"canonical\" href=\"https:\/\/sunfixmobile.ee\/toode\/hoco-juhe-type-c-type-c-pd-5a-100w-x50-1m-must\/\" \/>\n<meta property=\"og:locale\" content=\"ru_RU\" \/>\n<meta property=\"og:type\" content=\"article\" \/>\n<meta property=\"og:title\" content=\"HOCO juhe Type C - Type C PD 5A 100W X50 1m must - CompanySun\" \/>\n<meta property=\"og:description\" content=\"Exquisito X50 kiire kaabel. See v\u00f5imaldab teil kiiresti laadida seadmeid, sealhulgas suure v\u00f5imsusega tarvikuid. Vastupidav mitmekordsele paindumisele ja kahjustustele. Valmistatud alumiiniumist ja nailonist punutisest, on see vastupidav mitmekordsele paindumisele ja kahjustustele. Varustatud E-markeri kiibiga, suudab see l\u00e4bida 5A voolu. PD 100 W laadijaga v\u00f5ib see j\u00f5uda kuni 100 W (20 V \/ 5 A), andes...\" \/>\n<meta property=\"og:url\" content=\"https:\/\/sunfixmobile.ee\/toode\/hoco-juhe-type-c-type-c-pd-5a-100w-x50-1m-must\/\" \/>\n<meta property=\"og:site_name\" content=\"CompanySun\" \/>\n<meta property=\"article:publisher\" content=\"https:\/\/www.facebook.com\/sunfixtallinn\" \/>\n<meta property=\"article:modified_time\" content=\"2025-09-25T00:00:15+00:00\" \/>\n<meta property=\"og:image\" content=\"https:\/\/sunfixmobile.ee\/wp-content\/uploads\/2022\/05\/1.jpg\" \/>\n\t<meta property=\"og:image:width\" content=\"2000\" \/>\n\t<meta property=\"og:image:height\" content=\"1335\" \/>\n\t<meta property=\"og:image:type\" content=\"image\/jpeg\" \/>\n<meta name=\"twitter:card\" content=\"summary_large_image\" \/>\n<meta name=\"twitter:label1\" content=\"\u0426\u0435\u043d\u0430\" \/>\n\t<meta name=\"twitter:data1\" content=\"20,90&nbsp;&euro;\" \/>\n\t<meta name=\"twitter:label2\" content=\"\u0414\u043e\u0441\u0442\u0443\u043f\u043d\u043e\u0441\u0442\u044c\" \/>\n\t<meta name=\"twitter:data2\" content=\"\u0412 \u043d\u0430\u043b\u0438\u0447\u0438\u0438\" \/>\n<script type=\"application\/ld+json\" class=\"yoast-schema-graph\">{\"@context\":\"https:\/\/schema.org\",\"@graph\":[{\"@type\":\"WebPage\",\"@id\":\"https:\/\/sunfixmobile.ee\/toode\/hoco-juhe-type-c-type-c-pd-5a-100w-x50-1m-must\/\",\"url\":\"https:\/\/sunfixmobile.ee\/toode\/hoco-juhe-type-c-type-c-pd-5a-100w-x50-1m-must\/\",\"name\":\"HOCO juhe Type C - Type C PD 5A 100W X50 1m must - CompanySun\",\"isPartOf\":{\"@id\":\"https:\/\/sunfixmobile.ee\/#website\"},\"primaryImageOfPage\":{\"@id\":\"https:\/\/sunfixmobile.ee\/toode\/hoco-juhe-type-c-type-c-pd-5a-100w-x50-1m-must\/#primaryimage\"},\"image\":{\"@id\":\"https:\/\/sunfixmobile.ee\/toode\/hoco-juhe-type-c-type-c-pd-5a-100w-x50-1m-must\/#primaryimage\"},\"thumbnailUrl\":\"https:\/\/sunfixmobile.ee\/wp-content\/uploads\/2025\/04\/d61b994ab9ed7f86f9eb8d15c28841cc.webp\",\"datePublished\":\"2025-04-07T13:06:45+00:00\",\"dateModified\":\"2025-09-25T00:00:15+00:00\",\"breadcrumb\":{\"@id\":\"https:\/\/sunfixmobile.ee\/toode\/hoco-juhe-type-c-type-c-pd-5a-100w-x50-1m-must\/#breadcrumb\"},\"inLanguage\":\"ru-RU\",\"potentialAction\":[{\"@type\":\"ReadAction\",\"target\":[\"https:\/\/sunfixmobile.ee\/toode\/hoco-juhe-type-c-type-c-pd-5a-100w-x50-1m-must\/\"]}]},{\"@type\":\"ImageObject\",\"inLanguage\":\"ru-RU\",\"@id\":\"https:\/\/sunfixmobile.ee\/toode\/hoco-juhe-type-c-type-c-pd-5a-100w-x50-1m-must\/#primaryimage\",\"url\":\"https:\/\/sunfixmobile.ee\/wp-content\/uploads\/2025\/04\/d61b994ab9ed7f86f9eb8d15c28841cc.webp\",\"contentUrl\":\"https:\/\/sunfixmobile.ee\/wp-content\/uploads\/2025\/04\/d61b994ab9ed7f86f9eb8d15c28841cc.webp\",\"width\":1000,\"height\":1000,\"caption\":\"d61b994ab9ed7f86f9eb8d15c28841cc.\"},{\"@type\":\"BreadcrumbList\",\"@id\":\"https:\/\/sunfixmobile.ee\/toode\/hoco-juhe-type-c-type-c-pd-5a-100w-x50-1m-must\/#breadcrumb\",\"itemListElement\":[{\"@type\":\"ListItem\",\"position\":1,\"name\":\"Home\",\"item\":\"https:\/\/sunfixmobile.ee\/ru\/\"},{\"@type\":\"ListItem\",\"position\":2,\"name\":\"\u0412\u0441\u0435 \u0442\u043e\u0432\u0430\u0440\u044b\",\"item\":\"https:\/\/sunfixmobile.ee\/ru\/magazin\/\"},{\"@type\":\"ListItem\",\"position\":3,\"name\":\"HOCO juhe Type C &#8211; Type C PD 5A 100W X50 1m must\"}]},{\"@type\":\"WebSite\",\"@id\":\"https:\/\/sunfixmobile.ee\/#website\",\"url\":\"https:\/\/sunfixmobile.ee\/\",\"name\":\"CompanySun\",\"description\":\"\",\"publisher\":{\"@id\":\"https:\/\/sunfixmobile.ee\/#organization\"},\"potentialAction\":[{\"@type\":\"SearchAction\",\"target\":{\"@type\":\"EntryPoint\",\"urlTemplate\":\"https:\/\/sunfixmobile.ee\/?s={search_term_string}\"},\"query-input\":{\"@type\":\"PropertyValueSpecification\",\"valueRequired\":true,\"valueName\":\"search_term_string\"}}],\"inLanguage\":\"ru-RU\"},{\"@type\":\"Organization\",\"@id\":\"https:\/\/sunfixmobile.ee\/#organization\",\"name\":\"CompanySun O\u00dc\",\"url\":\"https:\/\/sunfixmobile.ee\/\",\"logo\":{\"@type\":\"ImageObject\",\"inLanguage\":\"ru-RU\",\"@id\":\"https:\/\/sunfixmobile.ee\/#\/schema\/logo\/image\/\",\"url\":\"https:\/\/sunfixmobile.ee\/wp-content\/uploads\/2022\/05\/logo.png\",\"contentUrl\":\"https:\/\/sunfixmobile.ee\/wp-content\/uploads\/2022\/05\/logo.png\",\"width\":257,\"height\":85,\"caption\":\"CompanySun O\u00dc\"},\"image\":{\"@id\":\"https:\/\/sunfixmobile.ee\/#\/schema\/logo\/image\/\"},\"sameAs\":[\"https:\/\/www.facebook.com\/sunfixtallinn\",\"https:\/\/www.instagram.com\/sunfix_eesti\/\"]}]}<\/script>\n<meta property=\"product:price:amount\" content=\"20.90\" \/>\n<meta property=\"product:price:currency\" content=\"EUR\" \/>\n<meta property=\"og:availability\" content=\"instock\" \/>\n<meta property=\"product:availability\" content=\"instock\" \/>\n<meta property=\"product:retailer_item_id\" content=\"6931474734259\" \/>\n<meta property=\"product:condition\" content=\"new\" \/>\n<!-- \/ Yoast SEO plugin. -->","yoast_head_json":{"title":"HOCO juhe Type C - Type C PD 5A 100W X50 1m must - CompanySun","robots":{"index":"index","follow":"follow","max-snippet":"max-snippet:-1","max-image-preview":"max-image-preview:large","max-video-preview":"max-video-preview:-1"},"canonical":"https:\/\/sunfixmobile.ee\/toode\/hoco-juhe-type-c-type-c-pd-5a-100w-x50-1m-must\/","og_locale":"ru_RU","og_type":"article","og_title":"HOCO juhe Type C - Type C PD 5A 100W X50 1m must - CompanySun","og_description":"Exquisito X50 kiire kaabel. See v\u00f5imaldab teil kiiresti laadida seadmeid, sealhulgas suure v\u00f5imsusega tarvikuid. Vastupidav mitmekordsele paindumisele ja kahjustustele. Valmistatud alumiiniumist ja nailonist punutisest, on see vastupidav mitmekordsele paindumisele ja kahjustustele. Varustatud E-markeri kiibiga, suudab see l\u00e4bida 5A voolu. PD 100 W laadijaga v\u00f5ib see j\u00f5uda kuni 100 W (20 V \/ 5 A), andes...","og_url":"https:\/\/sunfixmobile.ee\/toode\/hoco-juhe-type-c-type-c-pd-5a-100w-x50-1m-must\/","og_site_name":"CompanySun","article_publisher":"https:\/\/www.facebook.com\/sunfixtallinn","article_modified_time":"2025-09-25T00:00:15+00:00","og_image":[{"width":2000,"height":1335,"url":"https:\/\/sunfixmobile.ee\/wp-content\/uploads\/2022\/05\/1.jpg","type":"image\/jpeg"}],"twitter_card":"summary_large_image","twitter_misc":{"\u0426\u0435\u043d\u0430":"20,90&nbsp;&euro;","\u0414\u043e\u0441\u0442\u0443\u043f\u043d\u043e\u0441\u0442\u044c":"\u0412 \u043d\u0430\u043b\u0438\u0447\u0438\u0438"},"schema":{"@context":"https:\/\/schema.org","@graph":[{"@type":"WebPage","@id":"https:\/\/sunfixmobile.ee\/toode\/hoco-juhe-type-c-type-c-pd-5a-100w-x50-1m-must\/","url":"https:\/\/sunfixmobile.ee\/toode\/hoco-juhe-type-c-type-c-pd-5a-100w-x50-1m-must\/","name":"HOCO juhe Type C - Type C PD 5A 100W X50 1m must - CompanySun","isPartOf":{"@id":"https:\/\/sunfixmobile.ee\/#website"},"primaryImageOfPage":{"@id":"https:\/\/sunfixmobile.ee\/toode\/hoco-juhe-type-c-type-c-pd-5a-100w-x50-1m-must\/#primaryimage"},"image":{"@id":"https:\/\/sunfixmobile.ee\/toode\/hoco-juhe-type-c-type-c-pd-5a-100w-x50-1m-must\/#primaryimage"},"thumbnailUrl":"https:\/\/sunfixmobile.ee\/wp-content\/uploads\/2025\/04\/d61b994ab9ed7f86f9eb8d15c28841cc.webp","datePublished":"2025-04-07T13:06:45+00:00","dateModified":"2025-09-25T00:00:15+00:00","breadcrumb":{"@id":"https:\/\/sunfixmobile.ee\/toode\/hoco-juhe-type-c-type-c-pd-5a-100w-x50-1m-must\/#breadcrumb"},"inLanguage":"ru-RU","potentialAction":[{"@type":"ReadAction","target":["https:\/\/sunfixmobile.ee\/toode\/hoco-juhe-type-c-type-c-pd-5a-100w-x50-1m-must\/"]}]},{"@type":"ImageObject","inLanguage":"ru-RU","@id":"https:\/\/sunfixmobile.ee\/toode\/hoco-juhe-type-c-type-c-pd-5a-100w-x50-1m-must\/#primaryimage","url":"https:\/\/sunfixmobile.ee\/wp-content\/uploads\/2025\/04\/d61b994ab9ed7f86f9eb8d15c28841cc.webp","contentUrl":"https:\/\/sunfixmobile.ee\/wp-content\/uploads\/2025\/04\/d61b994ab9ed7f86f9eb8d15c28841cc.webp","width":1000,"height":1000,"caption":"d61b994ab9ed7f86f9eb8d15c28841cc."},{"@type":"BreadcrumbList","@id":"https:\/\/sunfixmobile.ee\/toode\/hoco-juhe-type-c-type-c-pd-5a-100w-x50-1m-must\/#breadcrumb","itemListElement":[{"@type":"ListItem","position":1,"name":"Home","item":"https:\/\/sunfixmobile.ee\/ru\/"},{"@type":"ListItem","position":2,"name":"\u0412\u0441\u0435 \u0442\u043e\u0432\u0430\u0440\u044b","item":"https:\/\/sunfixmobile.ee\/ru\/magazin\/"},{"@type":"ListItem","position":3,"name":"HOCO juhe Type C &#8211; Type C PD 5A 100W X50 1m must"}]},{"@type":"WebSite","@id":"https:\/\/sunfixmobile.ee\/#website","url":"https:\/\/sunfixmobile.ee\/","name":"CompanySun","description":"","publisher":{"@id":"https:\/\/sunfixmobile.ee\/#organization"},"potentialAction":[{"@type":"SearchAction","target":{"@type":"EntryPoint","urlTemplate":"https:\/\/sunfixmobile.ee\/?s={search_term_string}"},"query-input":{"@type":"PropertyValueSpecification","valueRequired":true,"valueName":"search_term_string"}}],"inLanguage":"ru-RU"},{"@type":"Organization","@id":"https:\/\/sunfixmobile.ee\/#organization","name":"CompanySun O\u00dc","url":"https:\/\/sunfixmobile.ee\/","logo":{"@type":"ImageObject","inLanguage":"ru-RU","@id":"https:\/\/sunfixmobile.ee\/#\/schema\/logo\/image\/","url":"https:\/\/sunfixmobile.ee\/wp-content\/uploads\/2022\/05\/logo.png","contentUrl":"https:\/\/sunfixmobile.ee\/wp-content\/uploads\/2022\/05\/logo.png","width":257,"height":85,"caption":"CompanySun O\u00dc"},"image":{"@id":"https:\/\/sunfixmobile.ee\/#\/schema\/logo\/image\/"},"sameAs":["https:\/\/www.facebook.com\/sunfixtallinn","https:\/\/www.instagram.com\/sunfix_eesti\/"]}]},"product_price_amount":"20.90","product_price_currency":"EUR","og_availability":"instock","product_availability":"instock","product_retailer_item_id":"6931474734259","product_condition":"new"},"_links":{"self":[{"href":"https:\/\/sunfixmobile.ee\/ru\/wp-json\/wp\/v2\/product\/15542","targetHints":{"allow":["GET"]}}],"collection":[{"href":"https:\/\/sunfixmobile.ee\/ru\/wp-json\/wp\/v2\/product"}],"about":[{"href":"https:\/\/sunfixmobile.ee\/ru\/wp-json\/wp\/v2\/types\/product"}],"wp:featuredmedia":[{"embeddable":true,"href":"https:\/\/sunfixmobile.ee\/ru\/wp-json\/wp\/v2\/media\/15534"}],"wp:attachment":[{"href":"https:\/\/sunfixmobile.ee\/ru\/wp-json\/wp\/v2\/media?parent=15542"}],"wp:term":[{"taxonomy":"product_brand","embeddable":true,"href":"https:\/\/sunfixmobile.ee\/ru\/wp-json\/wp\/v2\/product_brand?post=15542"},{"taxonomy":"product_cat","embeddable":true,"href":"https:\/\/sunfixmobile.ee\/ru\/wp-json\/wp\/v2\/product_cat?post=15542"},{"taxonomy":"product_tag","embeddable":true,"href":"https:\/\/sunfixmobile.ee\/ru\/wp-json\/wp\/v2\/product_tag?post=15542"}],"curies":[{"name":"wp","href":"https:\/\/api.w.org\/{rel}","templated":true}]}}