{"id":15533,"date":"2025-04-07T12:51:45","date_gmt":"2025-04-07T12:51:45","guid":{"rendered":"https:\/\/sunfixmobile.ee\/toode\/hoco-akupank-3000-mah-sisseehitatud-pistikuga-lightning-j147-valge\/"},"modified":"2025-07-03T10:05:23","modified_gmt":"2025-07-03T10:05:23","slug":"hoco-akupank-3000-mah-sisseehitatud-pistikuga-lightning-j147-valge","status":"publish","type":"product","link":"https:\/\/sunfixmobile.ee\/ru\/tovar\/hoco-akupank-3000-mah-sisseehitatud-pistikuga-lightning-j147-valge\/","title":{"rendered":"HOCO akupank 3000 mAh sisseehitatud pistikuga Lightning J147 valge"},"content":{"rendered":"<p>Kompaktne Hoco J147 toitepank, millel on sisseehitatud Lightning-pistik ja v\u00f5imsus 3000 mAh, tagab kiire laadimise k\u00f5ikjal ja igal ajal. \u00dchildub Apple&#8217;i seadmetega.<\/p>\n<p>Mugav laadimine: turul hinnatud liitiumpol\u00fcmeeraku kasutamine tagab j\u00f5upanga aeglasema t\u00fchjenemise. 3000 mAh mahutavus v\u00f5imaldab teil iPhone&#8217;i \/ iPadi \/ AirPodide energiat t\u00e4iendada, nii et see on kasulik maanteel, kui pistikupesadele pole pidevat juurdep\u00e4\u00e4su.<\/p>\n<p>Toitepangal on sisseehitatud Lightning pistik: see \u00fchendatakse otse seadmega, seega ei pea te lisakaablit kaasas olema<\/p>\n<p>V\u00f5tke see k\u00f5ikjale, kus seda vajate: minimalistlik, \u00f5huke disain ja v\u00e4ike kaal muudavad toitepanga sobivaks kasutamiseks reisil olles ning LED-dioodid teavitavad teid seadme laetuse tasemest.<\/p>\n<p>Spetsifikatsioon:<br \/>Mahutavus: 3000 mAh (11,1 Wh)<br \/>Maksimaalne pinge: 5 V \/ 2 A<br \/>Materjal: plastik<br \/>\u00dchendused: Lightning<br \/>Powerbanki laadimisport: USB-C<br \/>Toote m\u00f5\u00f5dud: 79 \u00d7 36 \u00d7 27 mm<br \/>Kaal: 88 g<\/p>\n","protected":false},"excerpt":{"rendered":"<p>Kompaktne Hoco J147 toitepank, millel on sisseehitatud Lightning-pistik ja v\u00f5imsus 3000 mAh, tagab kiire laadimise k\u00f5ikjal ja igal ajal. \u00dchildub Apple&#8217;i seadmetega. Mugav laadimine: turul hinnatud liitiumpol\u00fcmeeraku kasutamine tagab j\u00f5upanga aeglasema t\u00fchjenemise. 3000 mAh mahutavus v\u00f5imaldab teil iPhone&#8217;i \/ iPadi \/ AirPodide energiat t\u00e4iendada, nii et see on kasulik maanteel, kui pistikupesadele pole pidevat juurdep\u00e4\u00e4su&#8230;.<\/p>\n","protected":false},"featured_media":15531,"template":"","meta":[],"product_brand":[],"product_cat":[1242],"product_tag":[],"class_list":{"0":"post-15533","1":"product","2":"type-product","3":"status-publish","4":"has-post-thumbnail","6":"product_cat-akupangad","8":"first","9":"instock","10":"taxable","11":"shipping-taxable","12":"purchasable","13":"product-type-simple"},"yoast_head":"<!-- This site is optimized with the Yoast SEO plugin v27.2 - https:\/\/yoast.com\/product\/yoast-seo-wordpress\/ -->\n<title>HOCO akupank 3000 mAh sisseehitatud pistikuga Lightning J147 valge - CompanySun<\/title>\n<meta name=\"robots\" content=\"index, follow, max-snippet:-1, max-image-preview:large, max-video-preview:-1\" \/>\n<link rel=\"canonical\" href=\"https:\/\/sunfixmobile.ee\/toode\/hoco-akupank-3000-mah-sisseehitatud-pistikuga-lightning-j147-valge\/\" \/>\n<meta property=\"og:locale\" content=\"ru_RU\" \/>\n<meta property=\"og:type\" content=\"article\" \/>\n<meta property=\"og:title\" content=\"HOCO akupank 3000 mAh sisseehitatud pistikuga Lightning J147 valge - CompanySun\" \/>\n<meta property=\"og:description\" content=\"Kompaktne Hoco J147 toitepank, millel on sisseehitatud Lightning-pistik ja v\u00f5imsus 3000 mAh, tagab kiire laadimise k\u00f5ikjal ja igal ajal. \u00dchildub Apple&#8217;i seadmetega. Mugav laadimine: turul hinnatud liitiumpol\u00fcmeeraku kasutamine tagab j\u00f5upanga aeglasema t\u00fchjenemise. 3000 mAh mahutavus v\u00f5imaldab teil iPhone&#8217;i \/ iPadi \/ AirPodide energiat t\u00e4iendada, nii et see on kasulik maanteel, kui pistikupesadele pole pidevat juurdep\u00e4\u00e4su....\" \/>\n<meta property=\"og:url\" content=\"https:\/\/sunfixmobile.ee\/toode\/hoco-akupank-3000-mah-sisseehitatud-pistikuga-lightning-j147-valge\/\" \/>\n<meta property=\"og:site_name\" content=\"CompanySun\" \/>\n<meta property=\"article:publisher\" content=\"https:\/\/www.facebook.com\/sunfixtallinn\" \/>\n<meta property=\"article:modified_time\" content=\"2025-07-03T10:05:23+00:00\" \/>\n<meta property=\"og:image\" content=\"https:\/\/sunfixmobile.ee\/wp-content\/uploads\/2025\/04\/bb0803acc5cab89a91f2e44264ea9179.webp\" \/>\n\t<meta property=\"og:image:width\" content=\"1000\" \/>\n\t<meta property=\"og:image:height\" content=\"1000\" \/>\n\t<meta property=\"og:image:type\" content=\"image\/webp\" \/>\n<meta name=\"twitter:card\" content=\"summary_large_image\" \/>\n<meta name=\"twitter:label1\" content=\"\u0426\u0435\u043d\u0430\" \/>\n\t<meta name=\"twitter:data1\" content=\"16,90&nbsp;&euro;\" \/>\n\t<meta name=\"twitter:label2\" content=\"\u0414\u043e\u0441\u0442\u0443\u043f\u043d\u043e\u0441\u0442\u044c\" \/>\n\t<meta name=\"twitter:data2\" content=\"\u0412 \u043d\u0430\u043b\u0438\u0447\u0438\u0438\" \/>\n<script type=\"application\/ld+json\" class=\"yoast-schema-graph\">{\"@context\":\"https:\/\/schema.org\",\"@graph\":[{\"@type\":\"WebPage\",\"@id\":\"https:\/\/sunfixmobile.ee\/toode\/hoco-akupank-3000-mah-sisseehitatud-pistikuga-lightning-j147-valge\/\",\"url\":\"https:\/\/sunfixmobile.ee\/toode\/hoco-akupank-3000-mah-sisseehitatud-pistikuga-lightning-j147-valge\/\",\"name\":\"HOCO akupank 3000 mAh sisseehitatud pistikuga Lightning J147 valge - CompanySun\",\"isPartOf\":{\"@id\":\"https:\/\/sunfixmobile.ee\/#website\"},\"primaryImageOfPage\":{\"@id\":\"https:\/\/sunfixmobile.ee\/toode\/hoco-akupank-3000-mah-sisseehitatud-pistikuga-lightning-j147-valge\/#primaryimage\"},\"image\":{\"@id\":\"https:\/\/sunfixmobile.ee\/toode\/hoco-akupank-3000-mah-sisseehitatud-pistikuga-lightning-j147-valge\/#primaryimage\"},\"thumbnailUrl\":\"https:\/\/sunfixmobile.ee\/wp-content\/uploads\/2025\/04\/bb0803acc5cab89a91f2e44264ea9179.webp\",\"datePublished\":\"2025-04-07T12:51:45+00:00\",\"dateModified\":\"2025-07-03T10:05:23+00:00\",\"breadcrumb\":{\"@id\":\"https:\/\/sunfixmobile.ee\/toode\/hoco-akupank-3000-mah-sisseehitatud-pistikuga-lightning-j147-valge\/#breadcrumb\"},\"inLanguage\":\"ru-RU\",\"potentialAction\":[{\"@type\":\"ReadAction\",\"target\":[\"https:\/\/sunfixmobile.ee\/toode\/hoco-akupank-3000-mah-sisseehitatud-pistikuga-lightning-j147-valge\/\"]}]},{\"@type\":\"ImageObject\",\"inLanguage\":\"ru-RU\",\"@id\":\"https:\/\/sunfixmobile.ee\/toode\/hoco-akupank-3000-mah-sisseehitatud-pistikuga-lightning-j147-valge\/#primaryimage\",\"url\":\"https:\/\/sunfixmobile.ee\/wp-content\/uploads\/2025\/04\/bb0803acc5cab89a91f2e44264ea9179.webp\",\"contentUrl\":\"https:\/\/sunfixmobile.ee\/wp-content\/uploads\/2025\/04\/bb0803acc5cab89a91f2e44264ea9179.webp\",\"width\":1000,\"height\":1000,\"caption\":\"bb0803acc5cab89a91f2e44264ea9179.\"},{\"@type\":\"BreadcrumbList\",\"@id\":\"https:\/\/sunfixmobile.ee\/toode\/hoco-akupank-3000-mah-sisseehitatud-pistikuga-lightning-j147-valge\/#breadcrumb\",\"itemListElement\":[{\"@type\":\"ListItem\",\"position\":1,\"name\":\"Home\",\"item\":\"https:\/\/sunfixmobile.ee\/ru\/\"},{\"@type\":\"ListItem\",\"position\":2,\"name\":\"\u0412\u0441\u0435 \u0442\u043e\u0432\u0430\u0440\u044b\",\"item\":\"https:\/\/sunfixmobile.ee\/ru\/magazin\/\"},{\"@type\":\"ListItem\",\"position\":3,\"name\":\"HOCO akupank 3000 mAh sisseehitatud pistikuga Lightning J147 valge\"}]},{\"@type\":\"WebSite\",\"@id\":\"https:\/\/sunfixmobile.ee\/#website\",\"url\":\"https:\/\/sunfixmobile.ee\/\",\"name\":\"CompanySun\",\"description\":\"\",\"publisher\":{\"@id\":\"https:\/\/sunfixmobile.ee\/#organization\"},\"potentialAction\":[{\"@type\":\"SearchAction\",\"target\":{\"@type\":\"EntryPoint\",\"urlTemplate\":\"https:\/\/sunfixmobile.ee\/?s={search_term_string}\"},\"query-input\":{\"@type\":\"PropertyValueSpecification\",\"valueRequired\":true,\"valueName\":\"search_term_string\"}}],\"inLanguage\":\"ru-RU\"},{\"@type\":\"Organization\",\"@id\":\"https:\/\/sunfixmobile.ee\/#organization\",\"name\":\"CompanySun O\u00dc\",\"url\":\"https:\/\/sunfixmobile.ee\/\",\"logo\":{\"@type\":\"ImageObject\",\"inLanguage\":\"ru-RU\",\"@id\":\"https:\/\/sunfixmobile.ee\/#\/schema\/logo\/image\/\",\"url\":\"https:\/\/sunfixmobile.ee\/wp-content\/uploads\/2022\/05\/logo.png\",\"contentUrl\":\"https:\/\/sunfixmobile.ee\/wp-content\/uploads\/2022\/05\/logo.png\",\"width\":257,\"height\":85,\"caption\":\"CompanySun O\u00dc\"},\"image\":{\"@id\":\"https:\/\/sunfixmobile.ee\/#\/schema\/logo\/image\/\"},\"sameAs\":[\"https:\/\/www.facebook.com\/sunfixtallinn\",\"https:\/\/www.instagram.com\/sunfix_eesti\/\"]}]}<\/script>\n<meta property=\"product:price:amount\" content=\"16.90\" \/>\n<meta property=\"product:price:currency\" content=\"EUR\" \/>\n<meta property=\"og:availability\" content=\"instock\" \/>\n<meta property=\"product:availability\" content=\"instock\" \/>\n<meta property=\"product:retailer_item_id\" content=\"6942007646284\" \/>\n<meta property=\"product:condition\" content=\"new\" \/>\n<!-- \/ Yoast SEO plugin. -->","yoast_head_json":{"title":"HOCO akupank 3000 mAh sisseehitatud pistikuga Lightning J147 valge - CompanySun","robots":{"index":"index","follow":"follow","max-snippet":"max-snippet:-1","max-image-preview":"max-image-preview:large","max-video-preview":"max-video-preview:-1"},"canonical":"https:\/\/sunfixmobile.ee\/toode\/hoco-akupank-3000-mah-sisseehitatud-pistikuga-lightning-j147-valge\/","og_locale":"ru_RU","og_type":"article","og_title":"HOCO akupank 3000 mAh sisseehitatud pistikuga Lightning J147 valge - CompanySun","og_description":"Kompaktne Hoco J147 toitepank, millel on sisseehitatud Lightning-pistik ja v\u00f5imsus 3000 mAh, tagab kiire laadimise k\u00f5ikjal ja igal ajal. \u00dchildub Apple&#8217;i seadmetega. Mugav laadimine: turul hinnatud liitiumpol\u00fcmeeraku kasutamine tagab j\u00f5upanga aeglasema t\u00fchjenemise. 3000 mAh mahutavus v\u00f5imaldab teil iPhone&#8217;i \/ iPadi \/ AirPodide energiat t\u00e4iendada, nii et see on kasulik maanteel, kui pistikupesadele pole pidevat juurdep\u00e4\u00e4su....","og_url":"https:\/\/sunfixmobile.ee\/toode\/hoco-akupank-3000-mah-sisseehitatud-pistikuga-lightning-j147-valge\/","og_site_name":"CompanySun","article_publisher":"https:\/\/www.facebook.com\/sunfixtallinn","article_modified_time":"2025-07-03T10:05:23+00:00","og_image":[{"width":1000,"height":1000,"url":"https:\/\/sunfixmobile.ee\/wp-content\/uploads\/2025\/04\/bb0803acc5cab89a91f2e44264ea9179.webp","type":"image\/webp"}],"twitter_card":"summary_large_image","twitter_misc":{"\u0426\u0435\u043d\u0430":"16,90&nbsp;&euro;","\u0414\u043e\u0441\u0442\u0443\u043f\u043d\u043e\u0441\u0442\u044c":"\u0412 \u043d\u0430\u043b\u0438\u0447\u0438\u0438"},"schema":{"@context":"https:\/\/schema.org","@graph":[{"@type":"WebPage","@id":"https:\/\/sunfixmobile.ee\/toode\/hoco-akupank-3000-mah-sisseehitatud-pistikuga-lightning-j147-valge\/","url":"https:\/\/sunfixmobile.ee\/toode\/hoco-akupank-3000-mah-sisseehitatud-pistikuga-lightning-j147-valge\/","name":"HOCO akupank 3000 mAh sisseehitatud pistikuga Lightning J147 valge - CompanySun","isPartOf":{"@id":"https:\/\/sunfixmobile.ee\/#website"},"primaryImageOfPage":{"@id":"https:\/\/sunfixmobile.ee\/toode\/hoco-akupank-3000-mah-sisseehitatud-pistikuga-lightning-j147-valge\/#primaryimage"},"image":{"@id":"https:\/\/sunfixmobile.ee\/toode\/hoco-akupank-3000-mah-sisseehitatud-pistikuga-lightning-j147-valge\/#primaryimage"},"thumbnailUrl":"https:\/\/sunfixmobile.ee\/wp-content\/uploads\/2025\/04\/bb0803acc5cab89a91f2e44264ea9179.webp","datePublished":"2025-04-07T12:51:45+00:00","dateModified":"2025-07-03T10:05:23+00:00","breadcrumb":{"@id":"https:\/\/sunfixmobile.ee\/toode\/hoco-akupank-3000-mah-sisseehitatud-pistikuga-lightning-j147-valge\/#breadcrumb"},"inLanguage":"ru-RU","potentialAction":[{"@type":"ReadAction","target":["https:\/\/sunfixmobile.ee\/toode\/hoco-akupank-3000-mah-sisseehitatud-pistikuga-lightning-j147-valge\/"]}]},{"@type":"ImageObject","inLanguage":"ru-RU","@id":"https:\/\/sunfixmobile.ee\/toode\/hoco-akupank-3000-mah-sisseehitatud-pistikuga-lightning-j147-valge\/#primaryimage","url":"https:\/\/sunfixmobile.ee\/wp-content\/uploads\/2025\/04\/bb0803acc5cab89a91f2e44264ea9179.webp","contentUrl":"https:\/\/sunfixmobile.ee\/wp-content\/uploads\/2025\/04\/bb0803acc5cab89a91f2e44264ea9179.webp","width":1000,"height":1000,"caption":"bb0803acc5cab89a91f2e44264ea9179."},{"@type":"BreadcrumbList","@id":"https:\/\/sunfixmobile.ee\/toode\/hoco-akupank-3000-mah-sisseehitatud-pistikuga-lightning-j147-valge\/#breadcrumb","itemListElement":[{"@type":"ListItem","position":1,"name":"Home","item":"https:\/\/sunfixmobile.ee\/ru\/"},{"@type":"ListItem","position":2,"name":"\u0412\u0441\u0435 \u0442\u043e\u0432\u0430\u0440\u044b","item":"https:\/\/sunfixmobile.ee\/ru\/magazin\/"},{"@type":"ListItem","position":3,"name":"HOCO akupank 3000 mAh sisseehitatud pistikuga Lightning J147 valge"}]},{"@type":"WebSite","@id":"https:\/\/sunfixmobile.ee\/#website","url":"https:\/\/sunfixmobile.ee\/","name":"CompanySun","description":"","publisher":{"@id":"https:\/\/sunfixmobile.ee\/#organization"},"potentialAction":[{"@type":"SearchAction","target":{"@type":"EntryPoint","urlTemplate":"https:\/\/sunfixmobile.ee\/?s={search_term_string}"},"query-input":{"@type":"PropertyValueSpecification","valueRequired":true,"valueName":"search_term_string"}}],"inLanguage":"ru-RU"},{"@type":"Organization","@id":"https:\/\/sunfixmobile.ee\/#organization","name":"CompanySun O\u00dc","url":"https:\/\/sunfixmobile.ee\/","logo":{"@type":"ImageObject","inLanguage":"ru-RU","@id":"https:\/\/sunfixmobile.ee\/#\/schema\/logo\/image\/","url":"https:\/\/sunfixmobile.ee\/wp-content\/uploads\/2022\/05\/logo.png","contentUrl":"https:\/\/sunfixmobile.ee\/wp-content\/uploads\/2022\/05\/logo.png","width":257,"height":85,"caption":"CompanySun O\u00dc"},"image":{"@id":"https:\/\/sunfixmobile.ee\/#\/schema\/logo\/image\/"},"sameAs":["https:\/\/www.facebook.com\/sunfixtallinn","https:\/\/www.instagram.com\/sunfix_eesti\/"]}]},"product_price_amount":"16.90","product_price_currency":"EUR","og_availability":"instock","product_availability":"instock","product_retailer_item_id":"6942007646284","product_condition":"new"},"_links":{"self":[{"href":"https:\/\/sunfixmobile.ee\/ru\/wp-json\/wp\/v2\/product\/15533","targetHints":{"allow":["GET"]}}],"collection":[{"href":"https:\/\/sunfixmobile.ee\/ru\/wp-json\/wp\/v2\/product"}],"about":[{"href":"https:\/\/sunfixmobile.ee\/ru\/wp-json\/wp\/v2\/types\/product"}],"wp:featuredmedia":[{"embeddable":true,"href":"https:\/\/sunfixmobile.ee\/ru\/wp-json\/wp\/v2\/media\/15531"}],"wp:attachment":[{"href":"https:\/\/sunfixmobile.ee\/ru\/wp-json\/wp\/v2\/media?parent=15533"}],"wp:term":[{"taxonomy":"product_brand","embeddable":true,"href":"https:\/\/sunfixmobile.ee\/ru\/wp-json\/wp\/v2\/product_brand?post=15533"},{"taxonomy":"product_cat","embeddable":true,"href":"https:\/\/sunfixmobile.ee\/ru\/wp-json\/wp\/v2\/product_cat?post=15533"},{"taxonomy":"product_tag","embeddable":true,"href":"https:\/\/sunfixmobile.ee\/ru\/wp-json\/wp\/v2\/product_tag?post=15533"}],"curies":[{"name":"wp","href":"https:\/\/api.w.org\/{rel}","templated":true}]}}