{"id":15384,"date":"2025-03-14T10:45:31","date_gmt":"2025-03-14T10:45:31","guid":{"rendered":"https:\/\/sunfixmobile.ee\/toode\/iphone-16-pro-benks-magnetic-armor-air-aurora-kevlar-600d-umbris\/"},"modified":"2025-07-03T10:04:29","modified_gmt":"2025-07-03T10:04:29","slug":"iphone-16-pro-benks-magnetic-armor-air-aurora-kevlar-600d-umbris","status":"publish","type":"product","link":"https:\/\/sunfixmobile.ee\/ru\/tovar\/iphone-16-pro-benks-magnetic-armor-air-aurora-kevlar-600d-umbris\/","title":{"rendered":"IPhone 16 Pro Benks Magnetic Armor Air Aurora Kevlar 600D \u00dcmbris"},"content":{"rendered":"<p>Vabanege piirangutest \u2013 ujuvate kudumistehnikate valdamine<br \/>\u00dcletab kevlarkiudmaterjali piirangud v\u00e4rvi ja paigutuse osas<\/p>\n<p>Voolavad kunstilised jooned p\u00f5imuvad valguse ja varju m\u00e4nguga<br \/>Aurora eeterlike transformatsioonide esitlemine haruldaste materjalide ja h\u00f5ljuvate kudumistehnikate kaudu<\/p>\n<p>Rohkem kui \u00f5huke \u2013 suurep\u00e4rane kaitse teie uuele seadmele<br \/>Valmistatud \u00f5rnadest toorainetest ja keerukast kudumisest. Kumerad jooned k\u00fcljel muudavad paindliku disaini<\/p>\n<p>Parem 3D-mikroreljeeftekstuur<br \/>\u00d5rn h\u00f5ljuva koe tekstuurimuster. Puudutamisel sile nagu jade<\/p>\n<p>Unikaalne komposiitmaterjal \u2013 uus kogemus telefonikaitses<br \/>Kevlar\u00ae kiud (600D + 1500D) on vastupidavuse tagamiseks vormitud \u00fcheastmelises 3D-tehnikas<\/p>\n<p>Magnetiline laadimine \u2013 vahetu tuvastamine<br \/>Sisseehitatud v\u00f5imas magnets\u00fcdamiku moodul. Automaatne kalibreerimine kiireks toiteallikaks<\/p>\n<p>Uuenduslik disain \u2013 k\u00f5rgem objektiivikaitse<br \/>0,3 mm v\u00f5rra t\u00f5stetud velg, et kaitsta objektiivi v\u00e4lisr\u00f5ngast, v\u00e4ltides igap\u00e4evast kriimustamist ja h\u00f5\u00f5rdumist<\/p>\n<p>S\u00f5rmej\u00e4ljevastane ja \u00f5likindel<br \/>Ehtsa lootoselehtede \u00f5li t\u00f5rjuva kattega, tilgad kerkivad, ei l\u00e4bi s\u00f5rmej\u00e4lgi ega \u00f5liplekke<\/p>\n","protected":false},"excerpt":{"rendered":"<p>Vabanege piirangutest \u2013 ujuvate kudumistehnikate valdamine\u00dcletab kevlarkiudmaterjali piirangud v\u00e4rvi ja paigutuse osas Voolavad kunstilised jooned p\u00f5imuvad valguse ja varju m\u00e4ngugaAurora eeterlike transformatsioonide esitlemine haruldaste materjalide ja h\u00f5ljuvate kudumistehnikate kaudu Rohkem kui \u00f5huke \u2013 suurep\u00e4rane kaitse teie uuele seadmeleValmistatud \u00f5rnadest toorainetest ja keerukast kudumisest. Kumerad jooned k\u00fcljel muudavad paindliku disaini Parem 3D-mikroreljeeftekstuur\u00d5rn h\u00f5ljuva koe tekstuurimuster. Puudutamisel&#8230;<\/p>\n","protected":false},"featured_media":15374,"template":"","meta":[],"product_brand":[],"product_cat":[1258],"product_tag":[1554],"class_list":{"0":"post-15384","1":"product","2":"type-product","3":"status-publish","4":"has-post-thumbnail","6":"product_cat-umbrised","7":"product_tag-iphone-16-pro","9":"first","10":"instock","11":"taxable","12":"shipping-taxable","13":"purchasable","14":"product-type-simple"},"yoast_head":"<!-- This site is optimized with the Yoast SEO plugin v27.2 - https:\/\/yoast.com\/product\/yoast-seo-wordpress\/ -->\n<title>IPhone 16 Pro Benks Magnetic Armor Air Aurora Kevlar 600D \u00dcmbris - CompanySun<\/title>\n<meta name=\"robots\" content=\"index, follow, max-snippet:-1, max-image-preview:large, max-video-preview:-1\" \/>\n<link rel=\"canonical\" href=\"https:\/\/sunfixmobile.ee\/toode\/iphone-16-pro-benks-magnetic-armor-air-aurora-kevlar-600d-umbris\/\" \/>\n<meta property=\"og:locale\" content=\"ru_RU\" \/>\n<meta property=\"og:type\" content=\"article\" \/>\n<meta property=\"og:title\" content=\"IPhone 16 Pro Benks Magnetic Armor Air Aurora Kevlar 600D \u00dcmbris - CompanySun\" \/>\n<meta property=\"og:description\" content=\"Vabanege piirangutest \u2013 ujuvate kudumistehnikate valdamine\u00dcletab kevlarkiudmaterjali piirangud v\u00e4rvi ja paigutuse osas Voolavad kunstilised jooned p\u00f5imuvad valguse ja varju m\u00e4ngugaAurora eeterlike transformatsioonide esitlemine haruldaste materjalide ja h\u00f5ljuvate kudumistehnikate kaudu Rohkem kui \u00f5huke \u2013 suurep\u00e4rane kaitse teie uuele seadmeleValmistatud \u00f5rnadest toorainetest ja keerukast kudumisest. Kumerad jooned k\u00fcljel muudavad paindliku disaini Parem 3D-mikroreljeeftekstuur\u00d5rn h\u00f5ljuva koe tekstuurimuster. Puudutamisel...\" \/>\n<meta property=\"og:url\" content=\"https:\/\/sunfixmobile.ee\/toode\/iphone-16-pro-benks-magnetic-armor-air-aurora-kevlar-600d-umbris\/\" \/>\n<meta property=\"og:site_name\" content=\"CompanySun\" \/>\n<meta property=\"article:publisher\" content=\"https:\/\/www.facebook.com\/sunfixtallinn\" \/>\n<meta property=\"article:modified_time\" content=\"2025-07-03T10:04:29+00:00\" \/>\n<meta property=\"og:image\" content=\"https:\/\/sunfixmobile.ee\/wp-content\/uploads\/2022\/05\/1.jpg\" \/>\n\t<meta property=\"og:image:width\" content=\"2000\" \/>\n\t<meta property=\"og:image:height\" content=\"1335\" \/>\n\t<meta property=\"og:image:type\" content=\"image\/jpeg\" \/>\n<meta name=\"twitter:card\" content=\"summary_large_image\" \/>\n<meta name=\"twitter:label1\" content=\"\u0426\u0435\u043d\u0430\" \/>\n\t<meta name=\"twitter:data1\" content=\"54,90&nbsp;&euro;\" \/>\n\t<meta name=\"twitter:label2\" content=\"\u0414\u043e\u0441\u0442\u0443\u043f\u043d\u043e\u0441\u0442\u044c\" \/>\n\t<meta name=\"twitter:data2\" content=\"\u0412 \u043d\u0430\u043b\u0438\u0447\u0438\u0438\" \/>\n<script type=\"application\/ld+json\" class=\"yoast-schema-graph\">{\"@context\":\"https:\/\/schema.org\",\"@graph\":[{\"@type\":\"WebPage\",\"@id\":\"https:\/\/sunfixmobile.ee\/toode\/iphone-16-pro-benks-magnetic-armor-air-aurora-kevlar-600d-umbris\/\",\"url\":\"https:\/\/sunfixmobile.ee\/toode\/iphone-16-pro-benks-magnetic-armor-air-aurora-kevlar-600d-umbris\/\",\"name\":\"IPhone 16 Pro Benks Magnetic Armor Air Aurora Kevlar 600D \u00dcmbris - CompanySun\",\"isPartOf\":{\"@id\":\"https:\/\/sunfixmobile.ee\/#website\"},\"primaryImageOfPage\":{\"@id\":\"https:\/\/sunfixmobile.ee\/toode\/iphone-16-pro-benks-magnetic-armor-air-aurora-kevlar-600d-umbris\/#primaryimage\"},\"image\":{\"@id\":\"https:\/\/sunfixmobile.ee\/toode\/iphone-16-pro-benks-magnetic-armor-air-aurora-kevlar-600d-umbris\/#primaryimage\"},\"thumbnailUrl\":\"https:\/\/sunfixmobile.ee\/wp-content\/uploads\/2025\/03\/toptel-photo-41-2.jpg\",\"datePublished\":\"2025-03-14T10:45:31+00:00\",\"dateModified\":\"2025-07-03T10:04:29+00:00\",\"breadcrumb\":{\"@id\":\"https:\/\/sunfixmobile.ee\/toode\/iphone-16-pro-benks-magnetic-armor-air-aurora-kevlar-600d-umbris\/#breadcrumb\"},\"inLanguage\":\"ru-RU\",\"potentialAction\":[{\"@type\":\"ReadAction\",\"target\":[\"https:\/\/sunfixmobile.ee\/toode\/iphone-16-pro-benks-magnetic-armor-air-aurora-kevlar-600d-umbris\/\"]}]},{\"@type\":\"ImageObject\",\"inLanguage\":\"ru-RU\",\"@id\":\"https:\/\/sunfixmobile.ee\/toode\/iphone-16-pro-benks-magnetic-armor-air-aurora-kevlar-600d-umbris\/#primaryimage\",\"url\":\"https:\/\/sunfixmobile.ee\/wp-content\/uploads\/2025\/03\/toptel-photo-41-2.jpg\",\"contentUrl\":\"https:\/\/sunfixmobile.ee\/wp-content\/uploads\/2025\/03\/toptel-photo-41-2.jpg\",\"width\":1000,\"height\":1000,\"caption\":\"toptel-photo-41-2\"},{\"@type\":\"BreadcrumbList\",\"@id\":\"https:\/\/sunfixmobile.ee\/toode\/iphone-16-pro-benks-magnetic-armor-air-aurora-kevlar-600d-umbris\/#breadcrumb\",\"itemListElement\":[{\"@type\":\"ListItem\",\"position\":1,\"name\":\"Home\",\"item\":\"https:\/\/sunfixmobile.ee\/ru\/\"},{\"@type\":\"ListItem\",\"position\":2,\"name\":\"\u0412\u0441\u0435 \u0442\u043e\u0432\u0430\u0440\u044b\",\"item\":\"https:\/\/sunfixmobile.ee\/ru\/magazin\/\"},{\"@type\":\"ListItem\",\"position\":3,\"name\":\"IPhone 16 Pro Benks Magnetic Armor Air Aurora Kevlar 600D \u00dcmbris\"}]},{\"@type\":\"WebSite\",\"@id\":\"https:\/\/sunfixmobile.ee\/#website\",\"url\":\"https:\/\/sunfixmobile.ee\/\",\"name\":\"CompanySun\",\"description\":\"\",\"publisher\":{\"@id\":\"https:\/\/sunfixmobile.ee\/#organization\"},\"potentialAction\":[{\"@type\":\"SearchAction\",\"target\":{\"@type\":\"EntryPoint\",\"urlTemplate\":\"https:\/\/sunfixmobile.ee\/?s={search_term_string}\"},\"query-input\":{\"@type\":\"PropertyValueSpecification\",\"valueRequired\":true,\"valueName\":\"search_term_string\"}}],\"inLanguage\":\"ru-RU\"},{\"@type\":\"Organization\",\"@id\":\"https:\/\/sunfixmobile.ee\/#organization\",\"name\":\"CompanySun O\u00dc\",\"url\":\"https:\/\/sunfixmobile.ee\/\",\"logo\":{\"@type\":\"ImageObject\",\"inLanguage\":\"ru-RU\",\"@id\":\"https:\/\/sunfixmobile.ee\/#\/schema\/logo\/image\/\",\"url\":\"https:\/\/sunfixmobile.ee\/wp-content\/uploads\/2022\/05\/logo.png\",\"contentUrl\":\"https:\/\/sunfixmobile.ee\/wp-content\/uploads\/2022\/05\/logo.png\",\"width\":257,\"height\":85,\"caption\":\"CompanySun O\u00dc\"},\"image\":{\"@id\":\"https:\/\/sunfixmobile.ee\/#\/schema\/logo\/image\/\"},\"sameAs\":[\"https:\/\/www.facebook.com\/sunfixtallinn\",\"https:\/\/www.instagram.com\/sunfix_eesti\/\"]}]}<\/script>\n<meta property=\"product:price:amount\" content=\"54.90\" \/>\n<meta property=\"product:price:currency\" content=\"EUR\" \/>\n<meta property=\"og:availability\" content=\"instock\" \/>\n<meta property=\"product:availability\" content=\"instock\" \/>\n<meta property=\"product:retailer_item_id\" content=\"6948005965945\" \/>\n<meta property=\"product:condition\" content=\"new\" \/>\n<!-- \/ Yoast SEO plugin. -->","yoast_head_json":{"title":"IPhone 16 Pro Benks Magnetic Armor Air Aurora Kevlar 600D \u00dcmbris - CompanySun","robots":{"index":"index","follow":"follow","max-snippet":"max-snippet:-1","max-image-preview":"max-image-preview:large","max-video-preview":"max-video-preview:-1"},"canonical":"https:\/\/sunfixmobile.ee\/toode\/iphone-16-pro-benks-magnetic-armor-air-aurora-kevlar-600d-umbris\/","og_locale":"ru_RU","og_type":"article","og_title":"IPhone 16 Pro Benks Magnetic Armor Air Aurora Kevlar 600D \u00dcmbris - CompanySun","og_description":"Vabanege piirangutest \u2013 ujuvate kudumistehnikate valdamine\u00dcletab kevlarkiudmaterjali piirangud v\u00e4rvi ja paigutuse osas Voolavad kunstilised jooned p\u00f5imuvad valguse ja varju m\u00e4ngugaAurora eeterlike transformatsioonide esitlemine haruldaste materjalide ja h\u00f5ljuvate kudumistehnikate kaudu Rohkem kui \u00f5huke \u2013 suurep\u00e4rane kaitse teie uuele seadmeleValmistatud \u00f5rnadest toorainetest ja keerukast kudumisest. Kumerad jooned k\u00fcljel muudavad paindliku disaini Parem 3D-mikroreljeeftekstuur\u00d5rn h\u00f5ljuva koe tekstuurimuster. Puudutamisel...","og_url":"https:\/\/sunfixmobile.ee\/toode\/iphone-16-pro-benks-magnetic-armor-air-aurora-kevlar-600d-umbris\/","og_site_name":"CompanySun","article_publisher":"https:\/\/www.facebook.com\/sunfixtallinn","article_modified_time":"2025-07-03T10:04:29+00:00","og_image":[{"width":2000,"height":1335,"url":"https:\/\/sunfixmobile.ee\/wp-content\/uploads\/2022\/05\/1.jpg","type":"image\/jpeg"}],"twitter_card":"summary_large_image","twitter_misc":{"\u0426\u0435\u043d\u0430":"54,90&nbsp;&euro;","\u0414\u043e\u0441\u0442\u0443\u043f\u043d\u043e\u0441\u0442\u044c":"\u0412 \u043d\u0430\u043b\u0438\u0447\u0438\u0438"},"schema":{"@context":"https:\/\/schema.org","@graph":[{"@type":"WebPage","@id":"https:\/\/sunfixmobile.ee\/toode\/iphone-16-pro-benks-magnetic-armor-air-aurora-kevlar-600d-umbris\/","url":"https:\/\/sunfixmobile.ee\/toode\/iphone-16-pro-benks-magnetic-armor-air-aurora-kevlar-600d-umbris\/","name":"IPhone 16 Pro Benks Magnetic Armor Air Aurora Kevlar 600D \u00dcmbris - CompanySun","isPartOf":{"@id":"https:\/\/sunfixmobile.ee\/#website"},"primaryImageOfPage":{"@id":"https:\/\/sunfixmobile.ee\/toode\/iphone-16-pro-benks-magnetic-armor-air-aurora-kevlar-600d-umbris\/#primaryimage"},"image":{"@id":"https:\/\/sunfixmobile.ee\/toode\/iphone-16-pro-benks-magnetic-armor-air-aurora-kevlar-600d-umbris\/#primaryimage"},"thumbnailUrl":"https:\/\/sunfixmobile.ee\/wp-content\/uploads\/2025\/03\/toptel-photo-41-2.jpg","datePublished":"2025-03-14T10:45:31+00:00","dateModified":"2025-07-03T10:04:29+00:00","breadcrumb":{"@id":"https:\/\/sunfixmobile.ee\/toode\/iphone-16-pro-benks-magnetic-armor-air-aurora-kevlar-600d-umbris\/#breadcrumb"},"inLanguage":"ru-RU","potentialAction":[{"@type":"ReadAction","target":["https:\/\/sunfixmobile.ee\/toode\/iphone-16-pro-benks-magnetic-armor-air-aurora-kevlar-600d-umbris\/"]}]},{"@type":"ImageObject","inLanguage":"ru-RU","@id":"https:\/\/sunfixmobile.ee\/toode\/iphone-16-pro-benks-magnetic-armor-air-aurora-kevlar-600d-umbris\/#primaryimage","url":"https:\/\/sunfixmobile.ee\/wp-content\/uploads\/2025\/03\/toptel-photo-41-2.jpg","contentUrl":"https:\/\/sunfixmobile.ee\/wp-content\/uploads\/2025\/03\/toptel-photo-41-2.jpg","width":1000,"height":1000,"caption":"toptel-photo-41-2"},{"@type":"BreadcrumbList","@id":"https:\/\/sunfixmobile.ee\/toode\/iphone-16-pro-benks-magnetic-armor-air-aurora-kevlar-600d-umbris\/#breadcrumb","itemListElement":[{"@type":"ListItem","position":1,"name":"Home","item":"https:\/\/sunfixmobile.ee\/ru\/"},{"@type":"ListItem","position":2,"name":"\u0412\u0441\u0435 \u0442\u043e\u0432\u0430\u0440\u044b","item":"https:\/\/sunfixmobile.ee\/ru\/magazin\/"},{"@type":"ListItem","position":3,"name":"IPhone 16 Pro Benks Magnetic Armor Air Aurora Kevlar 600D \u00dcmbris"}]},{"@type":"WebSite","@id":"https:\/\/sunfixmobile.ee\/#website","url":"https:\/\/sunfixmobile.ee\/","name":"CompanySun","description":"","publisher":{"@id":"https:\/\/sunfixmobile.ee\/#organization"},"potentialAction":[{"@type":"SearchAction","target":{"@type":"EntryPoint","urlTemplate":"https:\/\/sunfixmobile.ee\/?s={search_term_string}"},"query-input":{"@type":"PropertyValueSpecification","valueRequired":true,"valueName":"search_term_string"}}],"inLanguage":"ru-RU"},{"@type":"Organization","@id":"https:\/\/sunfixmobile.ee\/#organization","name":"CompanySun O\u00dc","url":"https:\/\/sunfixmobile.ee\/","logo":{"@type":"ImageObject","inLanguage":"ru-RU","@id":"https:\/\/sunfixmobile.ee\/#\/schema\/logo\/image\/","url":"https:\/\/sunfixmobile.ee\/wp-content\/uploads\/2022\/05\/logo.png","contentUrl":"https:\/\/sunfixmobile.ee\/wp-content\/uploads\/2022\/05\/logo.png","width":257,"height":85,"caption":"CompanySun O\u00dc"},"image":{"@id":"https:\/\/sunfixmobile.ee\/#\/schema\/logo\/image\/"},"sameAs":["https:\/\/www.facebook.com\/sunfixtallinn","https:\/\/www.instagram.com\/sunfix_eesti\/"]}]},"product_price_amount":"54.90","product_price_currency":"EUR","og_availability":"instock","product_availability":"instock","product_retailer_item_id":"6948005965945","product_condition":"new"},"_links":{"self":[{"href":"https:\/\/sunfixmobile.ee\/ru\/wp-json\/wp\/v2\/product\/15384","targetHints":{"allow":["GET"]}}],"collection":[{"href":"https:\/\/sunfixmobile.ee\/ru\/wp-json\/wp\/v2\/product"}],"about":[{"href":"https:\/\/sunfixmobile.ee\/ru\/wp-json\/wp\/v2\/types\/product"}],"wp:featuredmedia":[{"embeddable":true,"href":"https:\/\/sunfixmobile.ee\/ru\/wp-json\/wp\/v2\/media\/15374"}],"wp:attachment":[{"href":"https:\/\/sunfixmobile.ee\/ru\/wp-json\/wp\/v2\/media?parent=15384"}],"wp:term":[{"taxonomy":"product_brand","embeddable":true,"href":"https:\/\/sunfixmobile.ee\/ru\/wp-json\/wp\/v2\/product_brand?post=15384"},{"taxonomy":"product_cat","embeddable":true,"href":"https:\/\/sunfixmobile.ee\/ru\/wp-json\/wp\/v2\/product_cat?post=15384"},{"taxonomy":"product_tag","embeddable":true,"href":"https:\/\/sunfixmobile.ee\/ru\/wp-json\/wp\/v2\/product_tag?post=15384"}],"curies":[{"name":"wp","href":"https:\/\/api.w.org\/{rel}","templated":true}]}}