{"id":15344,"date":"2025-03-14T10:30:27","date_gmt":"2025-03-14T10:30:27","guid":{"rendered":"https:\/\/sunfixmobile.ee\/toode\/borofone-bn29-seinalaadija-usb-type-c-qc-3-0-pd-30w-type-c-lightnibg-juhe-1m\/"},"modified":"2026-03-21T12:07:57","modified_gmt":"2026-03-21T12:07:57","slug":"borofone-bn29-seinalaadija-usb-type-c-qc-3-0-pd-30w-type-c-lightnibg-juhe-1m","status":"publish","type":"product","link":"https:\/\/sunfixmobile.ee\/ru\/tovar\/borofone-bn29-seinalaadija-usb-type-c-qc-3-0-pd-30w-type-c-lightnibg-juhe-1m\/","title":{"rendered":"Borofone BN29 Seinalaadija USB + Type C &#8212; QC 3.0 PD 30W + Type-C &#8212; Lightnibg juhe 1m"},"content":{"rendered":"<p>Materjal: PC leegiaeglustav materjal<br \/>Sisend: AC100-240V 50\/60Hz 0,9A Maks<br \/>V\u00e4ljund: USB-C: 5,0V=3,0A 9,0V=3,0A 12,0V=2,5A 15,0V=2,0A | PPS: 5,0-11,0 V = 3,0 A 30,0 W Maks<br \/>USB-A: 5,0 V = 3,0 A 9,0 V = 2,0 A 12,0 V = 1,5 A (max 18,0 W)<br \/>USB-C + USB-A: 5,0 V = 3,0 A 15,0 W Maks<br \/>V\u00e4ljund: USB-C: 30W (PD\/QC\/FCC\/AFC); USB-A: 18W (QC\/FCP\/AFC\uff09\uff1b USB-C+USB-A=5V\/3A<br \/>Maksimaalne v\u00e4ljundv\u00f5imsus: 30,0 W Max<br \/>M\u00f5\u00f5dud: 80,5\u00d740\u00d728mm<br \/>Kaal: 54g<br \/>Komplektis on 1m Type-C kuni Lightning kiirlaadimiskaabel<\/p>\n","protected":false},"excerpt":{"rendered":"<p>Materjal: PC leegiaeglustav materjalSisend: AC100-240V 50\/60Hz 0,9A MaksV\u00e4ljund: USB-C: 5,0V=3,0A 9,0V=3,0A 12,0V=2,5A 15,0V=2,0A | PPS: 5,0-11,0 V = 3,0 A 30,0 W MaksUSB-A: 5,0 V = 3,0 A 9,0 V = 2,0 A 12,0 V = 1,5 A (max 18,0 W)USB-C + USB-A: 5,0 V = 3,0 A 15,0 W MaksV\u00e4ljund: USB-C: 30W (PD\/QC\/FCC\/AFC); USB-A:&#8230;<\/p>\n","protected":false},"featured_media":15336,"template":"","meta":[],"product_brand":[],"product_cat":[1260],"product_tag":[],"class_list":{"0":"post-15344","1":"product","2":"type-product","3":"status-publish","4":"has-post-thumbnail","6":"product_cat-juhtmed","8":"first","9":"instock","10":"taxable","11":"shipping-taxable","12":"purchasable","13":"product-type-simple"},"yoast_head":"<!-- This site is optimized with the Yoast SEO plugin v27.2 - https:\/\/yoast.com\/product\/yoast-seo-wordpress\/ -->\n<title>Borofone BN29 Seinalaadija USB + Type C - QC 3.0 PD 30W + Type-C - Lightnibg juhe 1m - CompanySun<\/title>\n<meta name=\"robots\" content=\"index, follow, max-snippet:-1, max-image-preview:large, max-video-preview:-1\" \/>\n<link rel=\"canonical\" href=\"https:\/\/sunfixmobile.ee\/toode\/borofone-bn29-seinalaadija-usb-type-c-qc-3-0-pd-30w-type-c-lightnibg-juhe-1m\/\" \/>\n<meta property=\"og:locale\" content=\"ru_RU\" \/>\n<meta property=\"og:type\" content=\"article\" \/>\n<meta property=\"og:title\" content=\"Borofone BN29 Seinalaadija USB + Type C - QC 3.0 PD 30W + Type-C - Lightnibg juhe 1m - CompanySun\" \/>\n<meta property=\"og:description\" content=\"Materjal: PC leegiaeglustav materjalSisend: AC100-240V 50\/60Hz 0,9A MaksV\u00e4ljund: USB-C: 5,0V=3,0A 9,0V=3,0A 12,0V=2,5A 15,0V=2,0A | PPS: 5,0-11,0 V = 3,0 A 30,0 W MaksUSB-A: 5,0 V = 3,0 A 9,0 V = 2,0 A 12,0 V = 1,5 A (max 18,0 W)USB-C + USB-A: 5,0 V = 3,0 A 15,0 W MaksV\u00e4ljund: USB-C: 30W (PD\/QC\/FCC\/AFC); USB-A:...\" \/>\n<meta property=\"og:url\" content=\"https:\/\/sunfixmobile.ee\/toode\/borofone-bn29-seinalaadija-usb-type-c-qc-3-0-pd-30w-type-c-lightnibg-juhe-1m\/\" \/>\n<meta property=\"og:site_name\" content=\"CompanySun\" \/>\n<meta property=\"article:publisher\" content=\"https:\/\/www.facebook.com\/sunfixtallinn\" \/>\n<meta property=\"article:modified_time\" content=\"2026-03-21T12:07:57+00:00\" \/>\n<meta property=\"og:image\" content=\"https:\/\/sunfixmobile.ee\/wp-content\/uploads\/2022\/05\/1.jpg\" \/>\n\t<meta property=\"og:image:width\" content=\"2000\" \/>\n\t<meta property=\"og:image:height\" content=\"1335\" \/>\n\t<meta property=\"og:image:type\" content=\"image\/jpeg\" \/>\n<meta name=\"twitter:card\" content=\"summary_large_image\" \/>\n<meta name=\"twitter:label1\" content=\"\u0426\u0435\u043d\u0430\" \/>\n\t<meta name=\"twitter:data1\" content=\"27,90&nbsp;&euro;\" \/>\n\t<meta name=\"twitter:label2\" content=\"\u0414\u043e\u0441\u0442\u0443\u043f\u043d\u043e\u0441\u0442\u044c\" \/>\n\t<meta name=\"twitter:data2\" content=\"\u0412 \u043d\u0430\u043b\u0438\u0447\u0438\u0438\" \/>\n<script type=\"application\/ld+json\" class=\"yoast-schema-graph\">{\"@context\":\"https:\/\/schema.org\",\"@graph\":[{\"@type\":\"WebPage\",\"@id\":\"https:\/\/sunfixmobile.ee\/toode\/borofone-bn29-seinalaadija-usb-type-c-qc-3-0-pd-30w-type-c-lightnibg-juhe-1m\/\",\"url\":\"https:\/\/sunfixmobile.ee\/toode\/borofone-bn29-seinalaadija-usb-type-c-qc-3-0-pd-30w-type-c-lightnibg-juhe-1m\/\",\"name\":\"Borofone BN29 Seinalaadija USB + Type C - QC 3.0 PD 30W + Type-C - Lightnibg juhe 1m - CompanySun\",\"isPartOf\":{\"@id\":\"https:\/\/sunfixmobile.ee\/#website\"},\"primaryImageOfPage\":{\"@id\":\"https:\/\/sunfixmobile.ee\/toode\/borofone-bn29-seinalaadija-usb-type-c-qc-3-0-pd-30w-type-c-lightnibg-juhe-1m\/#primaryimage\"},\"image\":{\"@id\":\"https:\/\/sunfixmobile.ee\/toode\/borofone-bn29-seinalaadija-usb-type-c-qc-3-0-pd-30w-type-c-lightnibg-juhe-1m\/#primaryimage\"},\"thumbnailUrl\":\"https:\/\/sunfixmobile.ee\/wp-content\/uploads\/2025\/03\/toptel-photo-18-2.jpg\",\"datePublished\":\"2025-03-14T10:30:27+00:00\",\"dateModified\":\"2026-03-21T12:07:57+00:00\",\"breadcrumb\":{\"@id\":\"https:\/\/sunfixmobile.ee\/toode\/borofone-bn29-seinalaadija-usb-type-c-qc-3-0-pd-30w-type-c-lightnibg-juhe-1m\/#breadcrumb\"},\"inLanguage\":\"ru-RU\",\"potentialAction\":[{\"@type\":\"ReadAction\",\"target\":[\"https:\/\/sunfixmobile.ee\/toode\/borofone-bn29-seinalaadija-usb-type-c-qc-3-0-pd-30w-type-c-lightnibg-juhe-1m\/\"]}]},{\"@type\":\"ImageObject\",\"inLanguage\":\"ru-RU\",\"@id\":\"https:\/\/sunfixmobile.ee\/toode\/borofone-bn29-seinalaadija-usb-type-c-qc-3-0-pd-30w-type-c-lightnibg-juhe-1m\/#primaryimage\",\"url\":\"https:\/\/sunfixmobile.ee\/wp-content\/uploads\/2025\/03\/toptel-photo-18-2.jpg\",\"contentUrl\":\"https:\/\/sunfixmobile.ee\/wp-content\/uploads\/2025\/03\/toptel-photo-18-2.jpg\",\"width\":800,\"height\":800,\"caption\":\"toptel-photo-18-2\"},{\"@type\":\"BreadcrumbList\",\"@id\":\"https:\/\/sunfixmobile.ee\/toode\/borofone-bn29-seinalaadija-usb-type-c-qc-3-0-pd-30w-type-c-lightnibg-juhe-1m\/#breadcrumb\",\"itemListElement\":[{\"@type\":\"ListItem\",\"position\":1,\"name\":\"Home\",\"item\":\"https:\/\/sunfixmobile.ee\/ru\/\"},{\"@type\":\"ListItem\",\"position\":2,\"name\":\"\u0412\u0441\u0435 \u0442\u043e\u0432\u0430\u0440\u044b\",\"item\":\"https:\/\/sunfixmobile.ee\/ru\/magazin\/\"},{\"@type\":\"ListItem\",\"position\":3,\"name\":\"Borofone BN29 Seinalaadija USB + Type C &#8211; QC 3.0 PD 30W + Type-C &#8211; Lightnibg juhe 1m\"}]},{\"@type\":\"WebSite\",\"@id\":\"https:\/\/sunfixmobile.ee\/#website\",\"url\":\"https:\/\/sunfixmobile.ee\/\",\"name\":\"CompanySun\",\"description\":\"\",\"publisher\":{\"@id\":\"https:\/\/sunfixmobile.ee\/#organization\"},\"potentialAction\":[{\"@type\":\"SearchAction\",\"target\":{\"@type\":\"EntryPoint\",\"urlTemplate\":\"https:\/\/sunfixmobile.ee\/?s={search_term_string}\"},\"query-input\":{\"@type\":\"PropertyValueSpecification\",\"valueRequired\":true,\"valueName\":\"search_term_string\"}}],\"inLanguage\":\"ru-RU\"},{\"@type\":\"Organization\",\"@id\":\"https:\/\/sunfixmobile.ee\/#organization\",\"name\":\"CompanySun O\u00dc\",\"url\":\"https:\/\/sunfixmobile.ee\/\",\"logo\":{\"@type\":\"ImageObject\",\"inLanguage\":\"ru-RU\",\"@id\":\"https:\/\/sunfixmobile.ee\/#\/schema\/logo\/image\/\",\"url\":\"https:\/\/sunfixmobile.ee\/wp-content\/uploads\/2022\/05\/logo.png\",\"contentUrl\":\"https:\/\/sunfixmobile.ee\/wp-content\/uploads\/2022\/05\/logo.png\",\"width\":257,\"height\":85,\"caption\":\"CompanySun O\u00dc\"},\"image\":{\"@id\":\"https:\/\/sunfixmobile.ee\/#\/schema\/logo\/image\/\"},\"sameAs\":[\"https:\/\/www.facebook.com\/sunfixtallinn\",\"https:\/\/www.instagram.com\/sunfix_eesti\/\"]}]}<\/script>\n<meta property=\"product:price:amount\" content=\"27.90\" \/>\n<meta property=\"product:price:currency\" content=\"EUR\" \/>\n<meta property=\"og:availability\" content=\"instock\" \/>\n<meta property=\"product:availability\" content=\"instock\" \/>\n<meta property=\"product:retailer_item_id\" content=\"6941991120336\" \/>\n<meta property=\"product:condition\" content=\"new\" \/>\n<!-- \/ Yoast SEO plugin. -->","yoast_head_json":{"title":"Borofone BN29 Seinalaadija USB + Type C - QC 3.0 PD 30W + Type-C - Lightnibg juhe 1m - CompanySun","robots":{"index":"index","follow":"follow","max-snippet":"max-snippet:-1","max-image-preview":"max-image-preview:large","max-video-preview":"max-video-preview:-1"},"canonical":"https:\/\/sunfixmobile.ee\/toode\/borofone-bn29-seinalaadija-usb-type-c-qc-3-0-pd-30w-type-c-lightnibg-juhe-1m\/","og_locale":"ru_RU","og_type":"article","og_title":"Borofone BN29 Seinalaadija USB + Type C - QC 3.0 PD 30W + Type-C - Lightnibg juhe 1m - CompanySun","og_description":"Materjal: PC leegiaeglustav materjalSisend: AC100-240V 50\/60Hz 0,9A MaksV\u00e4ljund: USB-C: 5,0V=3,0A 9,0V=3,0A 12,0V=2,5A 15,0V=2,0A | PPS: 5,0-11,0 V = 3,0 A 30,0 W MaksUSB-A: 5,0 V = 3,0 A 9,0 V = 2,0 A 12,0 V = 1,5 A (max 18,0 W)USB-C + USB-A: 5,0 V = 3,0 A 15,0 W MaksV\u00e4ljund: USB-C: 30W (PD\/QC\/FCC\/AFC); USB-A:...","og_url":"https:\/\/sunfixmobile.ee\/toode\/borofone-bn29-seinalaadija-usb-type-c-qc-3-0-pd-30w-type-c-lightnibg-juhe-1m\/","og_site_name":"CompanySun","article_publisher":"https:\/\/www.facebook.com\/sunfixtallinn","article_modified_time":"2026-03-21T12:07:57+00:00","og_image":[{"width":2000,"height":1335,"url":"https:\/\/sunfixmobile.ee\/wp-content\/uploads\/2022\/05\/1.jpg","type":"image\/jpeg"}],"twitter_card":"summary_large_image","twitter_misc":{"\u0426\u0435\u043d\u0430":"27,90&nbsp;&euro;","\u0414\u043e\u0441\u0442\u0443\u043f\u043d\u043e\u0441\u0442\u044c":"\u0412 \u043d\u0430\u043b\u0438\u0447\u0438\u0438"},"schema":{"@context":"https:\/\/schema.org","@graph":[{"@type":"WebPage","@id":"https:\/\/sunfixmobile.ee\/toode\/borofone-bn29-seinalaadija-usb-type-c-qc-3-0-pd-30w-type-c-lightnibg-juhe-1m\/","url":"https:\/\/sunfixmobile.ee\/toode\/borofone-bn29-seinalaadija-usb-type-c-qc-3-0-pd-30w-type-c-lightnibg-juhe-1m\/","name":"Borofone BN29 Seinalaadija USB + Type C - QC 3.0 PD 30W + Type-C - Lightnibg juhe 1m - CompanySun","isPartOf":{"@id":"https:\/\/sunfixmobile.ee\/#website"},"primaryImageOfPage":{"@id":"https:\/\/sunfixmobile.ee\/toode\/borofone-bn29-seinalaadija-usb-type-c-qc-3-0-pd-30w-type-c-lightnibg-juhe-1m\/#primaryimage"},"image":{"@id":"https:\/\/sunfixmobile.ee\/toode\/borofone-bn29-seinalaadija-usb-type-c-qc-3-0-pd-30w-type-c-lightnibg-juhe-1m\/#primaryimage"},"thumbnailUrl":"https:\/\/sunfixmobile.ee\/wp-content\/uploads\/2025\/03\/toptel-photo-18-2.jpg","datePublished":"2025-03-14T10:30:27+00:00","dateModified":"2026-03-21T12:07:57+00:00","breadcrumb":{"@id":"https:\/\/sunfixmobile.ee\/toode\/borofone-bn29-seinalaadija-usb-type-c-qc-3-0-pd-30w-type-c-lightnibg-juhe-1m\/#breadcrumb"},"inLanguage":"ru-RU","potentialAction":[{"@type":"ReadAction","target":["https:\/\/sunfixmobile.ee\/toode\/borofone-bn29-seinalaadija-usb-type-c-qc-3-0-pd-30w-type-c-lightnibg-juhe-1m\/"]}]},{"@type":"ImageObject","inLanguage":"ru-RU","@id":"https:\/\/sunfixmobile.ee\/toode\/borofone-bn29-seinalaadija-usb-type-c-qc-3-0-pd-30w-type-c-lightnibg-juhe-1m\/#primaryimage","url":"https:\/\/sunfixmobile.ee\/wp-content\/uploads\/2025\/03\/toptel-photo-18-2.jpg","contentUrl":"https:\/\/sunfixmobile.ee\/wp-content\/uploads\/2025\/03\/toptel-photo-18-2.jpg","width":800,"height":800,"caption":"toptel-photo-18-2"},{"@type":"BreadcrumbList","@id":"https:\/\/sunfixmobile.ee\/toode\/borofone-bn29-seinalaadija-usb-type-c-qc-3-0-pd-30w-type-c-lightnibg-juhe-1m\/#breadcrumb","itemListElement":[{"@type":"ListItem","position":1,"name":"Home","item":"https:\/\/sunfixmobile.ee\/ru\/"},{"@type":"ListItem","position":2,"name":"\u0412\u0441\u0435 \u0442\u043e\u0432\u0430\u0440\u044b","item":"https:\/\/sunfixmobile.ee\/ru\/magazin\/"},{"@type":"ListItem","position":3,"name":"Borofone BN29 Seinalaadija USB + Type C &#8211; QC 3.0 PD 30W + Type-C &#8211; Lightnibg juhe 1m"}]},{"@type":"WebSite","@id":"https:\/\/sunfixmobile.ee\/#website","url":"https:\/\/sunfixmobile.ee\/","name":"CompanySun","description":"","publisher":{"@id":"https:\/\/sunfixmobile.ee\/#organization"},"potentialAction":[{"@type":"SearchAction","target":{"@type":"EntryPoint","urlTemplate":"https:\/\/sunfixmobile.ee\/?s={search_term_string}"},"query-input":{"@type":"PropertyValueSpecification","valueRequired":true,"valueName":"search_term_string"}}],"inLanguage":"ru-RU"},{"@type":"Organization","@id":"https:\/\/sunfixmobile.ee\/#organization","name":"CompanySun O\u00dc","url":"https:\/\/sunfixmobile.ee\/","logo":{"@type":"ImageObject","inLanguage":"ru-RU","@id":"https:\/\/sunfixmobile.ee\/#\/schema\/logo\/image\/","url":"https:\/\/sunfixmobile.ee\/wp-content\/uploads\/2022\/05\/logo.png","contentUrl":"https:\/\/sunfixmobile.ee\/wp-content\/uploads\/2022\/05\/logo.png","width":257,"height":85,"caption":"CompanySun O\u00dc"},"image":{"@id":"https:\/\/sunfixmobile.ee\/#\/schema\/logo\/image\/"},"sameAs":["https:\/\/www.facebook.com\/sunfixtallinn","https:\/\/www.instagram.com\/sunfix_eesti\/"]}]},"product_price_amount":"27.90","product_price_currency":"EUR","og_availability":"instock","product_availability":"instock","product_retailer_item_id":"6941991120336","product_condition":"new"},"_links":{"self":[{"href":"https:\/\/sunfixmobile.ee\/ru\/wp-json\/wp\/v2\/product\/15344","targetHints":{"allow":["GET"]}}],"collection":[{"href":"https:\/\/sunfixmobile.ee\/ru\/wp-json\/wp\/v2\/product"}],"about":[{"href":"https:\/\/sunfixmobile.ee\/ru\/wp-json\/wp\/v2\/types\/product"}],"wp:featuredmedia":[{"embeddable":true,"href":"https:\/\/sunfixmobile.ee\/ru\/wp-json\/wp\/v2\/media\/15336"}],"wp:attachment":[{"href":"https:\/\/sunfixmobile.ee\/ru\/wp-json\/wp\/v2\/media?parent=15344"}],"wp:term":[{"taxonomy":"product_brand","embeddable":true,"href":"https:\/\/sunfixmobile.ee\/ru\/wp-json\/wp\/v2\/product_brand?post=15344"},{"taxonomy":"product_cat","embeddable":true,"href":"https:\/\/sunfixmobile.ee\/ru\/wp-json\/wp\/v2\/product_cat?post=15344"},{"taxonomy":"product_tag","embeddable":true,"href":"https:\/\/sunfixmobile.ee\/ru\/wp-json\/wp\/v2\/product_tag?post=15344"}],"curies":[{"name":"wp","href":"https:\/\/api.w.org\/{rel}","templated":true}]}}