{"id":15330,"date":"2025-03-14T10:30:24","date_gmt":"2025-03-14T10:30:24","guid":{"rendered":"https:\/\/sunfixmobile.ee\/toode\/blavec-juhe-type-c-type-c-pd-60w-3a-025m-apple-carplay-android-auto\/"},"modified":"2025-07-03T10:04:16","modified_gmt":"2025-07-03T10:04:16","slug":"blavec-juhe-type-c-type-c-pd-60w-3a-025m-apple-carplay-android-auto","status":"publish","type":"product","link":"https:\/\/sunfixmobile.ee\/ru\/tovar\/blavec-juhe-type-c-type-c-pd-60w-3a-025m-apple-carplay-android-auto\/","title":{"rendered":"BLAVEC juhe Type C &#8212; Type C &#8212; PD 60W 3A 0,25m Apple CarPlay\/Android Auto"},"content":{"rendered":"<p>Blavec Raptor<br \/>Avastage Blavec Raptori kaabli t\u00f6\u00f6kindlus ja vastupidavus. Meie kaabel on m\u00f5eldud kasutajatele, kes otsivad igap\u00e4evases kasutuses suurep\u00e4rast kvaliteeti ja t\u00f6\u00f6kindlust.<\/p>\n<p>Nailonpunutis<br \/>Sellel on nailonpunutis, mis pakub lisakaitset kahjustuste eest ja hoiab \u00e4ra kaabli keerdumise.<\/p>\n<p>Kummist tugevdus<br \/>Sellel on kummist tugevdus, mis kaitseb kaabli k\u00f5ige haavatavamaid kohti purunemise eest, suurendades kaabli vastupidavust ja tugevust.<\/p>\n<p>Android Auto ja Car Play \u00fchilduvus<br \/>Kaabel \u00fchildub Android Auto ja Car Playga, v\u00f5imaldades sujuvat \u00fchendust telefoni ja auto vahel. See v\u00f5imaldab kasutajatel autos reisides kasutada nutitelefoni erinevaid funktsioone.<\/p>\n<p>Kiire laadimine ja andmeedastus<br \/>Suur ribalaius v\u00f5imaldab seadme kiiret laadimist ja kiiret andmeedastust telefoni ja teiste seadmete vahel.<\/p>\n<p>V\u00f5imsus 60W<br \/>T\u00e4nu 60 W Power Delivery funktsioonile v\u00f5imaldab kaabel ka k\u00f5ige n\u00f5udlikumaid seadmeid, nagu s\u00fclearvutid ja tahvelarvutid, kiiresti ja t\u00f5husalt laadida.<\/p>\n<p>Tehnilised andmed:<\/p>\n<p>Materjal: alumiinium + TPE + nailon<br \/>V\u00e4ljundvool: 60W | 3A<br \/>\u00dchildub s\u00fcsteemidega: Android ja iOS<\/p>\n","protected":false},"excerpt":{"rendered":"<p>Blavec RaptorAvastage Blavec Raptori kaabli t\u00f6\u00f6kindlus ja vastupidavus. Meie kaabel on m\u00f5eldud kasutajatele, kes otsivad igap\u00e4evases kasutuses suurep\u00e4rast kvaliteeti ja t\u00f6\u00f6kindlust. NailonpunutisSellel on nailonpunutis, mis pakub lisakaitset kahjustuste eest ja hoiab \u00e4ra kaabli keerdumise. Kummist tugevdusSellel on kummist tugevdus, mis kaitseb kaabli k\u00f5ige haavatavamaid kohti purunemise eest, suurendades kaabli vastupidavust ja tugevust. Android Auto ja&#8230;<\/p>\n","protected":false},"featured_media":15326,"template":"","meta":[],"product_brand":[],"product_cat":[1260],"product_tag":[],"class_list":{"0":"post-15330","1":"product","2":"type-product","3":"status-publish","4":"has-post-thumbnail","6":"product_cat-juhtmed","8":"first","9":"instock","10":"taxable","11":"shipping-taxable","12":"purchasable","13":"product-type-simple"},"yoast_head":"<!-- This site is optimized with the Yoast SEO plugin v27.2 - https:\/\/yoast.com\/product\/yoast-seo-wordpress\/ -->\n<title>BLAVEC juhe Type C - Type C - PD 60W 3A 0,25m Apple CarPlay\/Android Auto - CompanySun<\/title>\n<meta name=\"robots\" content=\"index, follow, max-snippet:-1, max-image-preview:large, max-video-preview:-1\" \/>\n<link rel=\"canonical\" href=\"https:\/\/sunfixmobile.ee\/toode\/blavec-juhe-type-c-type-c-pd-60w-3a-025m-apple-carplay-android-auto\/\" \/>\n<meta property=\"og:locale\" content=\"ru_RU\" \/>\n<meta property=\"og:type\" content=\"article\" \/>\n<meta property=\"og:title\" content=\"BLAVEC juhe Type C - Type C - PD 60W 3A 0,25m Apple CarPlay\/Android Auto - CompanySun\" \/>\n<meta property=\"og:description\" content=\"Blavec RaptorAvastage Blavec Raptori kaabli t\u00f6\u00f6kindlus ja vastupidavus. Meie kaabel on m\u00f5eldud kasutajatele, kes otsivad igap\u00e4evases kasutuses suurep\u00e4rast kvaliteeti ja t\u00f6\u00f6kindlust. NailonpunutisSellel on nailonpunutis, mis pakub lisakaitset kahjustuste eest ja hoiab \u00e4ra kaabli keerdumise. Kummist tugevdusSellel on kummist tugevdus, mis kaitseb kaabli k\u00f5ige haavatavamaid kohti purunemise eest, suurendades kaabli vastupidavust ja tugevust. Android Auto ja...\" \/>\n<meta property=\"og:url\" content=\"https:\/\/sunfixmobile.ee\/toode\/blavec-juhe-type-c-type-c-pd-60w-3a-025m-apple-carplay-android-auto\/\" \/>\n<meta property=\"og:site_name\" content=\"CompanySun\" \/>\n<meta property=\"article:publisher\" content=\"https:\/\/www.facebook.com\/sunfixtallinn\" \/>\n<meta property=\"article:modified_time\" content=\"2025-07-03T10:04:16+00:00\" \/>\n<meta property=\"og:image\" content=\"https:\/\/sunfixmobile.ee\/wp-content\/uploads\/2022\/05\/1.jpg\" \/>\n\t<meta property=\"og:image:width\" content=\"2000\" \/>\n\t<meta property=\"og:image:height\" content=\"1335\" \/>\n\t<meta property=\"og:image:type\" content=\"image\/jpeg\" \/>\n<meta name=\"twitter:card\" content=\"summary_large_image\" \/>\n<meta name=\"twitter:label1\" content=\"\u0426\u0435\u043d\u0430\" \/>\n\t<meta name=\"twitter:data1\" content=\"13,90&nbsp;&euro;\" \/>\n\t<meta name=\"twitter:label2\" content=\"\u0414\u043e\u0441\u0442\u0443\u043f\u043d\u043e\u0441\u0442\u044c\" \/>\n\t<meta name=\"twitter:data2\" content=\"\u0412 \u043d\u0430\u043b\u0438\u0447\u0438\u0438\" \/>\n<script type=\"application\/ld+json\" class=\"yoast-schema-graph\">{\"@context\":\"https:\/\/schema.org\",\"@graph\":[{\"@type\":\"WebPage\",\"@id\":\"https:\/\/sunfixmobile.ee\/toode\/blavec-juhe-type-c-type-c-pd-60w-3a-025m-apple-carplay-android-auto\/\",\"url\":\"https:\/\/sunfixmobile.ee\/toode\/blavec-juhe-type-c-type-c-pd-60w-3a-025m-apple-carplay-android-auto\/\",\"name\":\"BLAVEC juhe Type C - Type C - PD 60W 3A 0,25m Apple CarPlay\/Android Auto - CompanySun\",\"isPartOf\":{\"@id\":\"https:\/\/sunfixmobile.ee\/#website\"},\"primaryImageOfPage\":{\"@id\":\"https:\/\/sunfixmobile.ee\/toode\/blavec-juhe-type-c-type-c-pd-60w-3a-025m-apple-carplay-android-auto\/#primaryimage\"},\"image\":{\"@id\":\"https:\/\/sunfixmobile.ee\/toode\/blavec-juhe-type-c-type-c-pd-60w-3a-025m-apple-carplay-android-auto\/#primaryimage\"},\"thumbnailUrl\":\"https:\/\/sunfixmobile.ee\/wp-content\/uploads\/2025\/03\/toptel-photo-22-2.jpg\",\"datePublished\":\"2025-03-14T10:30:24+00:00\",\"dateModified\":\"2025-07-03T10:04:16+00:00\",\"breadcrumb\":{\"@id\":\"https:\/\/sunfixmobile.ee\/toode\/blavec-juhe-type-c-type-c-pd-60w-3a-025m-apple-carplay-android-auto\/#breadcrumb\"},\"inLanguage\":\"ru-RU\",\"potentialAction\":[{\"@type\":\"ReadAction\",\"target\":[\"https:\/\/sunfixmobile.ee\/toode\/blavec-juhe-type-c-type-c-pd-60w-3a-025m-apple-carplay-android-auto\/\"]}]},{\"@type\":\"ImageObject\",\"inLanguage\":\"ru-RU\",\"@id\":\"https:\/\/sunfixmobile.ee\/toode\/blavec-juhe-type-c-type-c-pd-60w-3a-025m-apple-carplay-android-auto\/#primaryimage\",\"url\":\"https:\/\/sunfixmobile.ee\/wp-content\/uploads\/2025\/03\/toptel-photo-22-2.jpg\",\"contentUrl\":\"https:\/\/sunfixmobile.ee\/wp-content\/uploads\/2025\/03\/toptel-photo-22-2.jpg\",\"width\":1000,\"height\":1000,\"caption\":\"toptel-photo-22-2\"},{\"@type\":\"BreadcrumbList\",\"@id\":\"https:\/\/sunfixmobile.ee\/toode\/blavec-juhe-type-c-type-c-pd-60w-3a-025m-apple-carplay-android-auto\/#breadcrumb\",\"itemListElement\":[{\"@type\":\"ListItem\",\"position\":1,\"name\":\"Home\",\"item\":\"https:\/\/sunfixmobile.ee\/ru\/\"},{\"@type\":\"ListItem\",\"position\":2,\"name\":\"\u0412\u0441\u0435 \u0442\u043e\u0432\u0430\u0440\u044b\",\"item\":\"https:\/\/sunfixmobile.ee\/ru\/magazin\/\"},{\"@type\":\"ListItem\",\"position\":3,\"name\":\"BLAVEC juhe Type C &#8211; Type C &#8211; PD 60W 3A 0,25m Apple CarPlay\/Android Auto\"}]},{\"@type\":\"WebSite\",\"@id\":\"https:\/\/sunfixmobile.ee\/#website\",\"url\":\"https:\/\/sunfixmobile.ee\/\",\"name\":\"CompanySun\",\"description\":\"\",\"publisher\":{\"@id\":\"https:\/\/sunfixmobile.ee\/#organization\"},\"potentialAction\":[{\"@type\":\"SearchAction\",\"target\":{\"@type\":\"EntryPoint\",\"urlTemplate\":\"https:\/\/sunfixmobile.ee\/?s={search_term_string}\"},\"query-input\":{\"@type\":\"PropertyValueSpecification\",\"valueRequired\":true,\"valueName\":\"search_term_string\"}}],\"inLanguage\":\"ru-RU\"},{\"@type\":\"Organization\",\"@id\":\"https:\/\/sunfixmobile.ee\/#organization\",\"name\":\"CompanySun O\u00dc\",\"url\":\"https:\/\/sunfixmobile.ee\/\",\"logo\":{\"@type\":\"ImageObject\",\"inLanguage\":\"ru-RU\",\"@id\":\"https:\/\/sunfixmobile.ee\/#\/schema\/logo\/image\/\",\"url\":\"https:\/\/sunfixmobile.ee\/wp-content\/uploads\/2022\/05\/logo.png\",\"contentUrl\":\"https:\/\/sunfixmobile.ee\/wp-content\/uploads\/2022\/05\/logo.png\",\"width\":257,\"height\":85,\"caption\":\"CompanySun O\u00dc\"},\"image\":{\"@id\":\"https:\/\/sunfixmobile.ee\/#\/schema\/logo\/image\/\"},\"sameAs\":[\"https:\/\/www.facebook.com\/sunfixtallinn\",\"https:\/\/www.instagram.com\/sunfix_eesti\/\"]}]}<\/script>\n<meta property=\"product:price:amount\" content=\"13.90\" \/>\n<meta property=\"product:price:currency\" content=\"EUR\" \/>\n<meta property=\"og:availability\" content=\"instock\" \/>\n<meta property=\"product:availability\" content=\"instock\" \/>\n<meta property=\"product:retailer_item_id\" content=\"5900217422419\" \/>\n<meta property=\"product:condition\" content=\"new\" \/>\n<!-- \/ Yoast SEO plugin. -->","yoast_head_json":{"title":"BLAVEC juhe Type C - Type C - PD 60W 3A 0,25m Apple CarPlay\/Android Auto - CompanySun","robots":{"index":"index","follow":"follow","max-snippet":"max-snippet:-1","max-image-preview":"max-image-preview:large","max-video-preview":"max-video-preview:-1"},"canonical":"https:\/\/sunfixmobile.ee\/toode\/blavec-juhe-type-c-type-c-pd-60w-3a-025m-apple-carplay-android-auto\/","og_locale":"ru_RU","og_type":"article","og_title":"BLAVEC juhe Type C - Type C - PD 60W 3A 0,25m Apple CarPlay\/Android Auto - CompanySun","og_description":"Blavec RaptorAvastage Blavec Raptori kaabli t\u00f6\u00f6kindlus ja vastupidavus. Meie kaabel on m\u00f5eldud kasutajatele, kes otsivad igap\u00e4evases kasutuses suurep\u00e4rast kvaliteeti ja t\u00f6\u00f6kindlust. NailonpunutisSellel on nailonpunutis, mis pakub lisakaitset kahjustuste eest ja hoiab \u00e4ra kaabli keerdumise. Kummist tugevdusSellel on kummist tugevdus, mis kaitseb kaabli k\u00f5ige haavatavamaid kohti purunemise eest, suurendades kaabli vastupidavust ja tugevust. Android Auto ja...","og_url":"https:\/\/sunfixmobile.ee\/toode\/blavec-juhe-type-c-type-c-pd-60w-3a-025m-apple-carplay-android-auto\/","og_site_name":"CompanySun","article_publisher":"https:\/\/www.facebook.com\/sunfixtallinn","article_modified_time":"2025-07-03T10:04:16+00:00","og_image":[{"width":2000,"height":1335,"url":"https:\/\/sunfixmobile.ee\/wp-content\/uploads\/2022\/05\/1.jpg","type":"image\/jpeg"}],"twitter_card":"summary_large_image","twitter_misc":{"\u0426\u0435\u043d\u0430":"13,90&nbsp;&euro;","\u0414\u043e\u0441\u0442\u0443\u043f\u043d\u043e\u0441\u0442\u044c":"\u0412 \u043d\u0430\u043b\u0438\u0447\u0438\u0438"},"schema":{"@context":"https:\/\/schema.org","@graph":[{"@type":"WebPage","@id":"https:\/\/sunfixmobile.ee\/toode\/blavec-juhe-type-c-type-c-pd-60w-3a-025m-apple-carplay-android-auto\/","url":"https:\/\/sunfixmobile.ee\/toode\/blavec-juhe-type-c-type-c-pd-60w-3a-025m-apple-carplay-android-auto\/","name":"BLAVEC juhe Type C - Type C - PD 60W 3A 0,25m Apple CarPlay\/Android Auto - CompanySun","isPartOf":{"@id":"https:\/\/sunfixmobile.ee\/#website"},"primaryImageOfPage":{"@id":"https:\/\/sunfixmobile.ee\/toode\/blavec-juhe-type-c-type-c-pd-60w-3a-025m-apple-carplay-android-auto\/#primaryimage"},"image":{"@id":"https:\/\/sunfixmobile.ee\/toode\/blavec-juhe-type-c-type-c-pd-60w-3a-025m-apple-carplay-android-auto\/#primaryimage"},"thumbnailUrl":"https:\/\/sunfixmobile.ee\/wp-content\/uploads\/2025\/03\/toptel-photo-22-2.jpg","datePublished":"2025-03-14T10:30:24+00:00","dateModified":"2025-07-03T10:04:16+00:00","breadcrumb":{"@id":"https:\/\/sunfixmobile.ee\/toode\/blavec-juhe-type-c-type-c-pd-60w-3a-025m-apple-carplay-android-auto\/#breadcrumb"},"inLanguage":"ru-RU","potentialAction":[{"@type":"ReadAction","target":["https:\/\/sunfixmobile.ee\/toode\/blavec-juhe-type-c-type-c-pd-60w-3a-025m-apple-carplay-android-auto\/"]}]},{"@type":"ImageObject","inLanguage":"ru-RU","@id":"https:\/\/sunfixmobile.ee\/toode\/blavec-juhe-type-c-type-c-pd-60w-3a-025m-apple-carplay-android-auto\/#primaryimage","url":"https:\/\/sunfixmobile.ee\/wp-content\/uploads\/2025\/03\/toptel-photo-22-2.jpg","contentUrl":"https:\/\/sunfixmobile.ee\/wp-content\/uploads\/2025\/03\/toptel-photo-22-2.jpg","width":1000,"height":1000,"caption":"toptel-photo-22-2"},{"@type":"BreadcrumbList","@id":"https:\/\/sunfixmobile.ee\/toode\/blavec-juhe-type-c-type-c-pd-60w-3a-025m-apple-carplay-android-auto\/#breadcrumb","itemListElement":[{"@type":"ListItem","position":1,"name":"Home","item":"https:\/\/sunfixmobile.ee\/ru\/"},{"@type":"ListItem","position":2,"name":"\u0412\u0441\u0435 \u0442\u043e\u0432\u0430\u0440\u044b","item":"https:\/\/sunfixmobile.ee\/ru\/magazin\/"},{"@type":"ListItem","position":3,"name":"BLAVEC juhe Type C &#8211; Type C &#8211; PD 60W 3A 0,25m Apple CarPlay\/Android Auto"}]},{"@type":"WebSite","@id":"https:\/\/sunfixmobile.ee\/#website","url":"https:\/\/sunfixmobile.ee\/","name":"CompanySun","description":"","publisher":{"@id":"https:\/\/sunfixmobile.ee\/#organization"},"potentialAction":[{"@type":"SearchAction","target":{"@type":"EntryPoint","urlTemplate":"https:\/\/sunfixmobile.ee\/?s={search_term_string}"},"query-input":{"@type":"PropertyValueSpecification","valueRequired":true,"valueName":"search_term_string"}}],"inLanguage":"ru-RU"},{"@type":"Organization","@id":"https:\/\/sunfixmobile.ee\/#organization","name":"CompanySun O\u00dc","url":"https:\/\/sunfixmobile.ee\/","logo":{"@type":"ImageObject","inLanguage":"ru-RU","@id":"https:\/\/sunfixmobile.ee\/#\/schema\/logo\/image\/","url":"https:\/\/sunfixmobile.ee\/wp-content\/uploads\/2022\/05\/logo.png","contentUrl":"https:\/\/sunfixmobile.ee\/wp-content\/uploads\/2022\/05\/logo.png","width":257,"height":85,"caption":"CompanySun O\u00dc"},"image":{"@id":"https:\/\/sunfixmobile.ee\/#\/schema\/logo\/image\/"},"sameAs":["https:\/\/www.facebook.com\/sunfixtallinn","https:\/\/www.instagram.com\/sunfix_eesti\/"]}]},"product_price_amount":"13.90","product_price_currency":"EUR","og_availability":"instock","product_availability":"instock","product_retailer_item_id":"5900217422419","product_condition":"new"},"_links":{"self":[{"href":"https:\/\/sunfixmobile.ee\/ru\/wp-json\/wp\/v2\/product\/15330","targetHints":{"allow":["GET"]}}],"collection":[{"href":"https:\/\/sunfixmobile.ee\/ru\/wp-json\/wp\/v2\/product"}],"about":[{"href":"https:\/\/sunfixmobile.ee\/ru\/wp-json\/wp\/v2\/types\/product"}],"wp:featuredmedia":[{"embeddable":true,"href":"https:\/\/sunfixmobile.ee\/ru\/wp-json\/wp\/v2\/media\/15326"}],"wp:attachment":[{"href":"https:\/\/sunfixmobile.ee\/ru\/wp-json\/wp\/v2\/media?parent=15330"}],"wp:term":[{"taxonomy":"product_brand","embeddable":true,"href":"https:\/\/sunfixmobile.ee\/ru\/wp-json\/wp\/v2\/product_brand?post=15330"},{"taxonomy":"product_cat","embeddable":true,"href":"https:\/\/sunfixmobile.ee\/ru\/wp-json\/wp\/v2\/product_cat?post=15330"},{"taxonomy":"product_tag","embeddable":true,"href":"https:\/\/sunfixmobile.ee\/ru\/wp-json\/wp\/v2\/product_tag?post=15330"}],"curies":[{"name":"wp","href":"https:\/\/api.w.org\/{rel}","templated":true}]}}