{"id":15157,"date":"2025-02-21T12:59:24","date_gmt":"2025-02-21T12:59:24","guid":{"rendered":"https:\/\/sunfixmobile.ee\/toode\/hoco-ua36c-adapter-usb-a-male-to-typ-c-female-must\/"},"modified":"2025-09-02T10:00:04","modified_gmt":"2025-09-02T10:00:04","slug":"hoco-ua36c-adapter-usb-a-male-to-typ-c-female-must","status":"publish","type":"product","link":"https:\/\/sunfixmobile.ee\/ru\/tovar\/hoco-ua36c-adapter-usb-a-male-to-typ-c-female-must\/","title":{"rendered":"Hoco UA36C adapter USB A (male) to Typ C (female) must"},"content":{"rendered":"<p>Hoco USB-C \u2013 USB-A 2.0 adapter. Toetab laadimist ja andmeedastust.<\/p>\n<p>Adapter on kahesuunaline, toetab laadimist (3A) ja andmeedastust (kuni 480 Mbs).<\/p>\n<p>T\u00e4nu USB OTG hostiga varustatud Adapterile on v\u00f5imalik seadet kasutada \u00fchendatud v\u00e4lisseadmetega.<\/p>\n<p>M\u00e4rkus! Funktsioon t\u00f6\u00f6tab ainult seadmetes, mis toetavad USB OTG hostire\u017eiimi.<\/p>\n","protected":false},"excerpt":{"rendered":"<p>Hoco USB-C \u2013 USB-A 2.0 adapter. Toetab laadimist ja andmeedastust. Adapter on kahesuunaline, toetab laadimist (3A) ja andmeedastust (kuni 480 Mbs). T\u00e4nu USB OTG hostiga varustatud Adapterile on v\u00f5imalik seadet kasutada \u00fchendatud v\u00e4lisseadmetega. M\u00e4rkus! Funktsioon t\u00f6\u00f6tab ainult seadmetes, mis toetavad USB OTG hostire\u017eiimi.<\/p>\n","protected":false},"featured_media":15151,"template":"","meta":[],"product_brand":[],"product_cat":[1243],"product_tag":[],"class_list":{"0":"post-15157","1":"product","2":"type-product","3":"status-publish","4":"has-post-thumbnail","6":"product_cat-muu-elektroonika","8":"first","9":"instock","10":"taxable","11":"shipping-taxable","12":"purchasable","13":"product-type-simple"},"yoast_head":"<!-- This site is optimized with the Yoast SEO plugin v27.2 - https:\/\/yoast.com\/product\/yoast-seo-wordpress\/ -->\n<title>Hoco UA36C adapter USB A (male) to Typ C (female) must - CompanySun<\/title>\n<meta name=\"robots\" content=\"index, follow, max-snippet:-1, max-image-preview:large, max-video-preview:-1\" \/>\n<link rel=\"canonical\" href=\"https:\/\/sunfixmobile.ee\/toode\/hoco-ua36c-adapter-usb-a-male-to-typ-c-female-must\/\" \/>\n<meta property=\"og:locale\" content=\"ru_RU\" \/>\n<meta property=\"og:type\" content=\"article\" \/>\n<meta property=\"og:title\" content=\"Hoco UA36C adapter USB A (male) to Typ C (female) must - CompanySun\" \/>\n<meta property=\"og:description\" content=\"Hoco USB-C \u2013 USB-A 2.0 adapter. Toetab laadimist ja andmeedastust. Adapter on kahesuunaline, toetab laadimist (3A) ja andmeedastust (kuni 480 Mbs). T\u00e4nu USB OTG hostiga varustatud Adapterile on v\u00f5imalik seadet kasutada \u00fchendatud v\u00e4lisseadmetega. M\u00e4rkus! Funktsioon t\u00f6\u00f6tab ainult seadmetes, mis toetavad USB OTG hostire\u017eiimi.\" \/>\n<meta property=\"og:url\" content=\"https:\/\/sunfixmobile.ee\/toode\/hoco-ua36c-adapter-usb-a-male-to-typ-c-female-must\/\" \/>\n<meta property=\"og:site_name\" content=\"CompanySun\" \/>\n<meta property=\"article:publisher\" content=\"https:\/\/www.facebook.com\/sunfixtallinn\" \/>\n<meta property=\"article:modified_time\" content=\"2025-09-02T10:00:04+00:00\" \/>\n<meta property=\"og:image\" content=\"https:\/\/sunfixmobile.ee\/wp-content\/uploads\/2022\/05\/1.jpg\" \/>\n\t<meta property=\"og:image:width\" content=\"2000\" \/>\n\t<meta property=\"og:image:height\" content=\"1335\" \/>\n\t<meta property=\"og:image:type\" content=\"image\/jpeg\" \/>\n<meta name=\"twitter:card\" content=\"summary_large_image\" \/>\n<meta name=\"twitter:label1\" content=\"\u0426\u0435\u043d\u0430\" \/>\n\t<meta name=\"twitter:data1\" content=\"12,90&nbsp;&euro;\" \/>\n\t<meta name=\"twitter:label2\" content=\"\u0414\u043e\u0441\u0442\u0443\u043f\u043d\u043e\u0441\u0442\u044c\" \/>\n\t<meta name=\"twitter:data2\" content=\"\u0412 \u043d\u0430\u043b\u0438\u0447\u0438\u0438\" \/>\n<script type=\"application\/ld+json\" class=\"yoast-schema-graph\">{\"@context\":\"https:\/\/schema.org\",\"@graph\":[{\"@type\":\"WebPage\",\"@id\":\"https:\/\/sunfixmobile.ee\/toode\/hoco-ua36c-adapter-usb-a-male-to-typ-c-female-must\/\",\"url\":\"https:\/\/sunfixmobile.ee\/toode\/hoco-ua36c-adapter-usb-a-male-to-typ-c-female-must\/\",\"name\":\"Hoco UA36C adapter USB A (male) to Typ C (female) must - CompanySun\",\"isPartOf\":{\"@id\":\"https:\/\/sunfixmobile.ee\/#website\"},\"primaryImageOfPage\":{\"@id\":\"https:\/\/sunfixmobile.ee\/toode\/hoco-ua36c-adapter-usb-a-male-to-typ-c-female-must\/#primaryimage\"},\"image\":{\"@id\":\"https:\/\/sunfixmobile.ee\/toode\/hoco-ua36c-adapter-usb-a-male-to-typ-c-female-must\/#primaryimage\"},\"thumbnailUrl\":\"https:\/\/sunfixmobile.ee\/wp-content\/uploads\/2025\/02\/c921688bca45f8a2897cc2d85b99b9ad.webp\",\"datePublished\":\"2025-02-21T12:59:24+00:00\",\"dateModified\":\"2025-09-02T10:00:04+00:00\",\"breadcrumb\":{\"@id\":\"https:\/\/sunfixmobile.ee\/toode\/hoco-ua36c-adapter-usb-a-male-to-typ-c-female-must\/#breadcrumb\"},\"inLanguage\":\"ru-RU\",\"potentialAction\":[{\"@type\":\"ReadAction\",\"target\":[\"https:\/\/sunfixmobile.ee\/toode\/hoco-ua36c-adapter-usb-a-male-to-typ-c-female-must\/\"]}]},{\"@type\":\"ImageObject\",\"inLanguage\":\"ru-RU\",\"@id\":\"https:\/\/sunfixmobile.ee\/toode\/hoco-ua36c-adapter-usb-a-male-to-typ-c-female-must\/#primaryimage\",\"url\":\"https:\/\/sunfixmobile.ee\/wp-content\/uploads\/2025\/02\/c921688bca45f8a2897cc2d85b99b9ad.webp\",\"contentUrl\":\"https:\/\/sunfixmobile.ee\/wp-content\/uploads\/2025\/02\/c921688bca45f8a2897cc2d85b99b9ad.webp\",\"width\":1000,\"height\":1000,\"caption\":\"c921688bca45f8a2897cc2d85b99b9ad.\"},{\"@type\":\"BreadcrumbList\",\"@id\":\"https:\/\/sunfixmobile.ee\/toode\/hoco-ua36c-adapter-usb-a-male-to-typ-c-female-must\/#breadcrumb\",\"itemListElement\":[{\"@type\":\"ListItem\",\"position\":1,\"name\":\"Home\",\"item\":\"https:\/\/sunfixmobile.ee\/ru\/\"},{\"@type\":\"ListItem\",\"position\":2,\"name\":\"\u0412\u0441\u0435 \u0442\u043e\u0432\u0430\u0440\u044b\",\"item\":\"https:\/\/sunfixmobile.ee\/ru\/magazin\/\"},{\"@type\":\"ListItem\",\"position\":3,\"name\":\"Hoco UA36C adapter USB A (male) to Typ C (female) must\"}]},{\"@type\":\"WebSite\",\"@id\":\"https:\/\/sunfixmobile.ee\/#website\",\"url\":\"https:\/\/sunfixmobile.ee\/\",\"name\":\"CompanySun\",\"description\":\"\",\"publisher\":{\"@id\":\"https:\/\/sunfixmobile.ee\/#organization\"},\"potentialAction\":[{\"@type\":\"SearchAction\",\"target\":{\"@type\":\"EntryPoint\",\"urlTemplate\":\"https:\/\/sunfixmobile.ee\/?s={search_term_string}\"},\"query-input\":{\"@type\":\"PropertyValueSpecification\",\"valueRequired\":true,\"valueName\":\"search_term_string\"}}],\"inLanguage\":\"ru-RU\"},{\"@type\":\"Organization\",\"@id\":\"https:\/\/sunfixmobile.ee\/#organization\",\"name\":\"CompanySun O\u00dc\",\"url\":\"https:\/\/sunfixmobile.ee\/\",\"logo\":{\"@type\":\"ImageObject\",\"inLanguage\":\"ru-RU\",\"@id\":\"https:\/\/sunfixmobile.ee\/#\/schema\/logo\/image\/\",\"url\":\"https:\/\/sunfixmobile.ee\/wp-content\/uploads\/2022\/05\/logo.png\",\"contentUrl\":\"https:\/\/sunfixmobile.ee\/wp-content\/uploads\/2022\/05\/logo.png\",\"width\":257,\"height\":85,\"caption\":\"CompanySun O\u00dc\"},\"image\":{\"@id\":\"https:\/\/sunfixmobile.ee\/#\/schema\/logo\/image\/\"},\"sameAs\":[\"https:\/\/www.facebook.com\/sunfixtallinn\",\"https:\/\/www.instagram.com\/sunfix_eesti\/\"]}]}<\/script>\n<meta property=\"product:price:amount\" content=\"12.90\" \/>\n<meta property=\"product:price:currency\" content=\"EUR\" \/>\n<meta property=\"og:availability\" content=\"instock\" \/>\n<meta property=\"product:availability\" content=\"instock\" \/>\n<meta property=\"product:retailer_item_id\" content=\"6942007647212\" \/>\n<meta property=\"product:condition\" content=\"new\" \/>\n<!-- \/ Yoast SEO plugin. -->","yoast_head_json":{"title":"Hoco UA36C adapter USB A (male) to Typ C (female) must - CompanySun","robots":{"index":"index","follow":"follow","max-snippet":"max-snippet:-1","max-image-preview":"max-image-preview:large","max-video-preview":"max-video-preview:-1"},"canonical":"https:\/\/sunfixmobile.ee\/toode\/hoco-ua36c-adapter-usb-a-male-to-typ-c-female-must\/","og_locale":"ru_RU","og_type":"article","og_title":"Hoco UA36C adapter USB A (male) to Typ C (female) must - CompanySun","og_description":"Hoco USB-C \u2013 USB-A 2.0 adapter. Toetab laadimist ja andmeedastust. Adapter on kahesuunaline, toetab laadimist (3A) ja andmeedastust (kuni 480 Mbs). T\u00e4nu USB OTG hostiga varustatud Adapterile on v\u00f5imalik seadet kasutada \u00fchendatud v\u00e4lisseadmetega. M\u00e4rkus! Funktsioon t\u00f6\u00f6tab ainult seadmetes, mis toetavad USB OTG hostire\u017eiimi.","og_url":"https:\/\/sunfixmobile.ee\/toode\/hoco-ua36c-adapter-usb-a-male-to-typ-c-female-must\/","og_site_name":"CompanySun","article_publisher":"https:\/\/www.facebook.com\/sunfixtallinn","article_modified_time":"2025-09-02T10:00:04+00:00","og_image":[{"width":2000,"height":1335,"url":"https:\/\/sunfixmobile.ee\/wp-content\/uploads\/2022\/05\/1.jpg","type":"image\/jpeg"}],"twitter_card":"summary_large_image","twitter_misc":{"\u0426\u0435\u043d\u0430":"12,90&nbsp;&euro;","\u0414\u043e\u0441\u0442\u0443\u043f\u043d\u043e\u0441\u0442\u044c":"\u0412 \u043d\u0430\u043b\u0438\u0447\u0438\u0438"},"schema":{"@context":"https:\/\/schema.org","@graph":[{"@type":"WebPage","@id":"https:\/\/sunfixmobile.ee\/toode\/hoco-ua36c-adapter-usb-a-male-to-typ-c-female-must\/","url":"https:\/\/sunfixmobile.ee\/toode\/hoco-ua36c-adapter-usb-a-male-to-typ-c-female-must\/","name":"Hoco UA36C adapter USB A (male) to Typ C (female) must - CompanySun","isPartOf":{"@id":"https:\/\/sunfixmobile.ee\/#website"},"primaryImageOfPage":{"@id":"https:\/\/sunfixmobile.ee\/toode\/hoco-ua36c-adapter-usb-a-male-to-typ-c-female-must\/#primaryimage"},"image":{"@id":"https:\/\/sunfixmobile.ee\/toode\/hoco-ua36c-adapter-usb-a-male-to-typ-c-female-must\/#primaryimage"},"thumbnailUrl":"https:\/\/sunfixmobile.ee\/wp-content\/uploads\/2025\/02\/c921688bca45f8a2897cc2d85b99b9ad.webp","datePublished":"2025-02-21T12:59:24+00:00","dateModified":"2025-09-02T10:00:04+00:00","breadcrumb":{"@id":"https:\/\/sunfixmobile.ee\/toode\/hoco-ua36c-adapter-usb-a-male-to-typ-c-female-must\/#breadcrumb"},"inLanguage":"ru-RU","potentialAction":[{"@type":"ReadAction","target":["https:\/\/sunfixmobile.ee\/toode\/hoco-ua36c-adapter-usb-a-male-to-typ-c-female-must\/"]}]},{"@type":"ImageObject","inLanguage":"ru-RU","@id":"https:\/\/sunfixmobile.ee\/toode\/hoco-ua36c-adapter-usb-a-male-to-typ-c-female-must\/#primaryimage","url":"https:\/\/sunfixmobile.ee\/wp-content\/uploads\/2025\/02\/c921688bca45f8a2897cc2d85b99b9ad.webp","contentUrl":"https:\/\/sunfixmobile.ee\/wp-content\/uploads\/2025\/02\/c921688bca45f8a2897cc2d85b99b9ad.webp","width":1000,"height":1000,"caption":"c921688bca45f8a2897cc2d85b99b9ad."},{"@type":"BreadcrumbList","@id":"https:\/\/sunfixmobile.ee\/toode\/hoco-ua36c-adapter-usb-a-male-to-typ-c-female-must\/#breadcrumb","itemListElement":[{"@type":"ListItem","position":1,"name":"Home","item":"https:\/\/sunfixmobile.ee\/ru\/"},{"@type":"ListItem","position":2,"name":"\u0412\u0441\u0435 \u0442\u043e\u0432\u0430\u0440\u044b","item":"https:\/\/sunfixmobile.ee\/ru\/magazin\/"},{"@type":"ListItem","position":3,"name":"Hoco UA36C adapter USB A (male) to Typ C (female) must"}]},{"@type":"WebSite","@id":"https:\/\/sunfixmobile.ee\/#website","url":"https:\/\/sunfixmobile.ee\/","name":"CompanySun","description":"","publisher":{"@id":"https:\/\/sunfixmobile.ee\/#organization"},"potentialAction":[{"@type":"SearchAction","target":{"@type":"EntryPoint","urlTemplate":"https:\/\/sunfixmobile.ee\/?s={search_term_string}"},"query-input":{"@type":"PropertyValueSpecification","valueRequired":true,"valueName":"search_term_string"}}],"inLanguage":"ru-RU"},{"@type":"Organization","@id":"https:\/\/sunfixmobile.ee\/#organization","name":"CompanySun O\u00dc","url":"https:\/\/sunfixmobile.ee\/","logo":{"@type":"ImageObject","inLanguage":"ru-RU","@id":"https:\/\/sunfixmobile.ee\/#\/schema\/logo\/image\/","url":"https:\/\/sunfixmobile.ee\/wp-content\/uploads\/2022\/05\/logo.png","contentUrl":"https:\/\/sunfixmobile.ee\/wp-content\/uploads\/2022\/05\/logo.png","width":257,"height":85,"caption":"CompanySun O\u00dc"},"image":{"@id":"https:\/\/sunfixmobile.ee\/#\/schema\/logo\/image\/"},"sameAs":["https:\/\/www.facebook.com\/sunfixtallinn","https:\/\/www.instagram.com\/sunfix_eesti\/"]}]},"product_price_amount":"12.90","product_price_currency":"EUR","og_availability":"instock","product_availability":"instock","product_retailer_item_id":"6942007647212","product_condition":"new"},"_links":{"self":[{"href":"https:\/\/sunfixmobile.ee\/ru\/wp-json\/wp\/v2\/product\/15157","targetHints":{"allow":["GET"]}}],"collection":[{"href":"https:\/\/sunfixmobile.ee\/ru\/wp-json\/wp\/v2\/product"}],"about":[{"href":"https:\/\/sunfixmobile.ee\/ru\/wp-json\/wp\/v2\/types\/product"}],"wp:featuredmedia":[{"embeddable":true,"href":"https:\/\/sunfixmobile.ee\/ru\/wp-json\/wp\/v2\/media\/15151"}],"wp:attachment":[{"href":"https:\/\/sunfixmobile.ee\/ru\/wp-json\/wp\/v2\/media?parent=15157"}],"wp:term":[{"taxonomy":"product_brand","embeddable":true,"href":"https:\/\/sunfixmobile.ee\/ru\/wp-json\/wp\/v2\/product_brand?post=15157"},{"taxonomy":"product_cat","embeddable":true,"href":"https:\/\/sunfixmobile.ee\/ru\/wp-json\/wp\/v2\/product_cat?post=15157"},{"taxonomy":"product_tag","embeddable":true,"href":"https:\/\/sunfixmobile.ee\/ru\/wp-json\/wp\/v2\/product_tag?post=15157"}],"curies":[{"name":"wp","href":"https:\/\/api.w.org\/{rel}","templated":true}]}}