{"id":14992,"date":"2025-02-03T09:22:59","date_gmt":"2025-02-03T09:22:59","guid":{"rendered":"https:\/\/sunfixmobile.ee\/toode\/hoco-n60-laadija-type-c-pd-qc-20w-valge\/"},"modified":"2026-02-02T10:33:39","modified_gmt":"2026-02-02T10:33:39","slug":"hoco-n60-laadija-type-c-pd-qc-20w-valge","status":"publish","type":"product","link":"https:\/\/sunfixmobile.ee\/ru\/tovar\/hoco-n60-laadija-type-c-pd-qc-20w-valge\/","title":{"rendered":"Hoco N60 laadija Type C PD QC 20W valge"},"content":{"rendered":"<p>Hoco N60 seinalaadija USB-C pordi ja 20 W kiirlaadimise toega.<\/p>\n<p>Laadija toetab PD 20W kiirlaadimisprotokolli, QC3.0, FCP, AFC \u2013 v\u00f5imaldab nutitelefonid t\u00f5eliselt kiiresti laadida.<\/p>\n<p>20W v\u00f5imsus v\u00f5imaldab palju kiiremat energia\u00fclekannet l\u00fchema ajaga, mis t\u00e4hendab, et seadme t\u00e4islaadimine v\u00f5tab palju v\u00e4hem aega. Laadijal on USB-C port.<\/p>\n<p>Valmistatud kvaliteetsetest tulekindlatest materjalidest. Sobib standardsetele EU pistikutele.<\/p>\n<p>Spetsifikatsioon:<br \/>Portid: USB-C<br \/>V\u00f5imsus: 20 W<br \/>Materjal: PC (tulekindel)<br \/>Kaabel: puudub<br \/>Pistik: EL<br \/>Suurus: 83 \u00d7 39,5 \u00d7 26,5 mm<br \/>Kaal: 48 g<br \/>Kiirlaadimistehnoloogia tugi: PD20W, QC3.0, FCP, AFC<\/p>\n","protected":false},"excerpt":{"rendered":"<p>Hoco N60 seinalaadija USB-C pordi ja 20 W kiirlaadimise toega. Laadija toetab PD 20W kiirlaadimisprotokolli, QC3.0, FCP, AFC \u2013 v\u00f5imaldab nutitelefonid t\u00f5eliselt kiiresti laadida. 20W v\u00f5imsus v\u00f5imaldab palju kiiremat energia\u00fclekannet l\u00fchema ajaga, mis t\u00e4hendab, et seadme t\u00e4islaadimine v\u00f5tab palju v\u00e4hem aega. Laadijal on USB-C port. Valmistatud kvaliteetsetest tulekindlatest materjalidest. Sobib standardsetele EU pistikutele. Spetsifikatsioon:Portid: USB-CV\u00f5imsus:&#8230;<\/p>\n","protected":false},"featured_media":14984,"template":"","meta":[],"product_brand":[],"product_cat":[1257],"product_tag":[],"class_list":{"0":"post-14992","1":"product","2":"type-product","3":"status-publish","4":"has-post-thumbnail","6":"product_cat-adapterid","8":"first","9":"instock","10":"taxable","11":"shipping-taxable","12":"purchasable","13":"product-type-simple"},"yoast_head":"<!-- This site is optimized with the Yoast SEO plugin v27.2 - https:\/\/yoast.com\/product\/yoast-seo-wordpress\/ -->\n<title>Hoco N60 laadija Type C PD QC 20W valge - CompanySun<\/title>\n<meta name=\"robots\" content=\"index, follow, max-snippet:-1, max-image-preview:large, max-video-preview:-1\" \/>\n<link rel=\"canonical\" href=\"https:\/\/sunfixmobile.ee\/toode\/hoco-n60-laadija-type-c-pd-qc-20w-valge\/\" \/>\n<meta property=\"og:locale\" content=\"ru_RU\" \/>\n<meta property=\"og:type\" content=\"article\" \/>\n<meta property=\"og:title\" content=\"Hoco N60 laadija Type C PD QC 20W valge - CompanySun\" \/>\n<meta property=\"og:description\" content=\"Hoco N60 seinalaadija USB-C pordi ja 20 W kiirlaadimise toega. Laadija toetab PD 20W kiirlaadimisprotokolli, QC3.0, FCP, AFC \u2013 v\u00f5imaldab nutitelefonid t\u00f5eliselt kiiresti laadida. 20W v\u00f5imsus v\u00f5imaldab palju kiiremat energia\u00fclekannet l\u00fchema ajaga, mis t\u00e4hendab, et seadme t\u00e4islaadimine v\u00f5tab palju v\u00e4hem aega. Laadijal on USB-C port. Valmistatud kvaliteetsetest tulekindlatest materjalidest. Sobib standardsetele EU pistikutele. Spetsifikatsioon:Portid: USB-CV\u00f5imsus:...\" \/>\n<meta property=\"og:url\" content=\"https:\/\/sunfixmobile.ee\/toode\/hoco-n60-laadija-type-c-pd-qc-20w-valge\/\" \/>\n<meta property=\"og:site_name\" content=\"CompanySun\" \/>\n<meta property=\"article:publisher\" content=\"https:\/\/www.facebook.com\/sunfixtallinn\" \/>\n<meta property=\"article:modified_time\" content=\"2026-02-02T10:33:39+00:00\" \/>\n<meta property=\"og:image\" content=\"https:\/\/sunfixmobile.ee\/wp-content\/uploads\/2022\/05\/1.jpg\" \/>\n\t<meta property=\"og:image:width\" content=\"2000\" \/>\n\t<meta property=\"og:image:height\" content=\"1335\" \/>\n\t<meta property=\"og:image:type\" content=\"image\/jpeg\" \/>\n<meta name=\"twitter:card\" content=\"summary_large_image\" \/>\n<meta name=\"twitter:label1\" content=\"\u0426\u0435\u043d\u0430\" \/>\n\t<meta name=\"twitter:data1\" content=\"20,90&nbsp;&euro;\" \/>\n\t<meta name=\"twitter:label2\" content=\"\u0414\u043e\u0441\u0442\u0443\u043f\u043d\u043e\u0441\u0442\u044c\" \/>\n\t<meta name=\"twitter:data2\" content=\"\u0412 \u043d\u0430\u043b\u0438\u0447\u0438\u0438\" \/>\n<script type=\"application\/ld+json\" class=\"yoast-schema-graph\">{\"@context\":\"https:\/\/schema.org\",\"@graph\":[{\"@type\":\"WebPage\",\"@id\":\"https:\/\/sunfixmobile.ee\/toode\/hoco-n60-laadija-type-c-pd-qc-20w-valge\/\",\"url\":\"https:\/\/sunfixmobile.ee\/toode\/hoco-n60-laadija-type-c-pd-qc-20w-valge\/\",\"name\":\"Hoco N60 laadija Type C PD QC 20W valge - CompanySun\",\"isPartOf\":{\"@id\":\"https:\/\/sunfixmobile.ee\/#website\"},\"primaryImageOfPage\":{\"@id\":\"https:\/\/sunfixmobile.ee\/toode\/hoco-n60-laadija-type-c-pd-qc-20w-valge\/#primaryimage\"},\"image\":{\"@id\":\"https:\/\/sunfixmobile.ee\/toode\/hoco-n60-laadija-type-c-pd-qc-20w-valge\/#primaryimage\"},\"thumbnailUrl\":\"https:\/\/sunfixmobile.ee\/wp-content\/uploads\/2025\/02\/9654c4e69faa1fe8e8617e8cf937f74c.webp\",\"datePublished\":\"2025-02-03T09:22:59+00:00\",\"dateModified\":\"2026-02-02T10:33:39+00:00\",\"breadcrumb\":{\"@id\":\"https:\/\/sunfixmobile.ee\/toode\/hoco-n60-laadija-type-c-pd-qc-20w-valge\/#breadcrumb\"},\"inLanguage\":\"ru-RU\",\"potentialAction\":[{\"@type\":\"ReadAction\",\"target\":[\"https:\/\/sunfixmobile.ee\/toode\/hoco-n60-laadija-type-c-pd-qc-20w-valge\/\"]}]},{\"@type\":\"ImageObject\",\"inLanguage\":\"ru-RU\",\"@id\":\"https:\/\/sunfixmobile.ee\/toode\/hoco-n60-laadija-type-c-pd-qc-20w-valge\/#primaryimage\",\"url\":\"https:\/\/sunfixmobile.ee\/wp-content\/uploads\/2025\/02\/9654c4e69faa1fe8e8617e8cf937f74c.webp\",\"contentUrl\":\"https:\/\/sunfixmobile.ee\/wp-content\/uploads\/2025\/02\/9654c4e69faa1fe8e8617e8cf937f74c.webp\",\"width\":1000,\"height\":1000,\"caption\":\"9654c4e69faa1fe8e8617e8cf937f74c.\"},{\"@type\":\"BreadcrumbList\",\"@id\":\"https:\/\/sunfixmobile.ee\/toode\/hoco-n60-laadija-type-c-pd-qc-20w-valge\/#breadcrumb\",\"itemListElement\":[{\"@type\":\"ListItem\",\"position\":1,\"name\":\"Home\",\"item\":\"https:\/\/sunfixmobile.ee\/ru\/\"},{\"@type\":\"ListItem\",\"position\":2,\"name\":\"\u0412\u0441\u0435 \u0442\u043e\u0432\u0430\u0440\u044b\",\"item\":\"https:\/\/sunfixmobile.ee\/ru\/magazin\/\"},{\"@type\":\"ListItem\",\"position\":3,\"name\":\"Hoco N60 laadija Type C PD QC 20W valge\"}]},{\"@type\":\"WebSite\",\"@id\":\"https:\/\/sunfixmobile.ee\/#website\",\"url\":\"https:\/\/sunfixmobile.ee\/\",\"name\":\"CompanySun\",\"description\":\"\",\"publisher\":{\"@id\":\"https:\/\/sunfixmobile.ee\/#organization\"},\"potentialAction\":[{\"@type\":\"SearchAction\",\"target\":{\"@type\":\"EntryPoint\",\"urlTemplate\":\"https:\/\/sunfixmobile.ee\/?s={search_term_string}\"},\"query-input\":{\"@type\":\"PropertyValueSpecification\",\"valueRequired\":true,\"valueName\":\"search_term_string\"}}],\"inLanguage\":\"ru-RU\"},{\"@type\":\"Organization\",\"@id\":\"https:\/\/sunfixmobile.ee\/#organization\",\"name\":\"CompanySun O\u00dc\",\"url\":\"https:\/\/sunfixmobile.ee\/\",\"logo\":{\"@type\":\"ImageObject\",\"inLanguage\":\"ru-RU\",\"@id\":\"https:\/\/sunfixmobile.ee\/#\/schema\/logo\/image\/\",\"url\":\"https:\/\/sunfixmobile.ee\/wp-content\/uploads\/2022\/05\/logo.png\",\"contentUrl\":\"https:\/\/sunfixmobile.ee\/wp-content\/uploads\/2022\/05\/logo.png\",\"width\":257,\"height\":85,\"caption\":\"CompanySun O\u00dc\"},\"image\":{\"@id\":\"https:\/\/sunfixmobile.ee\/#\/schema\/logo\/image\/\"},\"sameAs\":[\"https:\/\/www.facebook.com\/sunfixtallinn\",\"https:\/\/www.instagram.com\/sunfix_eesti\/\"]}]}<\/script>\n<meta property=\"product:price:amount\" content=\"20.90\" \/>\n<meta property=\"product:price:currency\" content=\"EUR\" \/>\n<meta property=\"og:availability\" content=\"instock\" \/>\n<meta property=\"product:availability\" content=\"instock\" \/>\n<meta property=\"product:retailer_item_id\" content=\"6942007648622\" \/>\n<meta property=\"product:condition\" content=\"new\" \/>\n<!-- \/ Yoast SEO plugin. -->","yoast_head_json":{"title":"Hoco N60 laadija Type C PD QC 20W valge - CompanySun","robots":{"index":"index","follow":"follow","max-snippet":"max-snippet:-1","max-image-preview":"max-image-preview:large","max-video-preview":"max-video-preview:-1"},"canonical":"https:\/\/sunfixmobile.ee\/toode\/hoco-n60-laadija-type-c-pd-qc-20w-valge\/","og_locale":"ru_RU","og_type":"article","og_title":"Hoco N60 laadija Type C PD QC 20W valge - CompanySun","og_description":"Hoco N60 seinalaadija USB-C pordi ja 20 W kiirlaadimise toega. Laadija toetab PD 20W kiirlaadimisprotokolli, QC3.0, FCP, AFC \u2013 v\u00f5imaldab nutitelefonid t\u00f5eliselt kiiresti laadida. 20W v\u00f5imsus v\u00f5imaldab palju kiiremat energia\u00fclekannet l\u00fchema ajaga, mis t\u00e4hendab, et seadme t\u00e4islaadimine v\u00f5tab palju v\u00e4hem aega. Laadijal on USB-C port. Valmistatud kvaliteetsetest tulekindlatest materjalidest. Sobib standardsetele EU pistikutele. Spetsifikatsioon:Portid: USB-CV\u00f5imsus:...","og_url":"https:\/\/sunfixmobile.ee\/toode\/hoco-n60-laadija-type-c-pd-qc-20w-valge\/","og_site_name":"CompanySun","article_publisher":"https:\/\/www.facebook.com\/sunfixtallinn","article_modified_time":"2026-02-02T10:33:39+00:00","og_image":[{"width":2000,"height":1335,"url":"https:\/\/sunfixmobile.ee\/wp-content\/uploads\/2022\/05\/1.jpg","type":"image\/jpeg"}],"twitter_card":"summary_large_image","twitter_misc":{"\u0426\u0435\u043d\u0430":"20,90&nbsp;&euro;","\u0414\u043e\u0441\u0442\u0443\u043f\u043d\u043e\u0441\u0442\u044c":"\u0412 \u043d\u0430\u043b\u0438\u0447\u0438\u0438"},"schema":{"@context":"https:\/\/schema.org","@graph":[{"@type":"WebPage","@id":"https:\/\/sunfixmobile.ee\/toode\/hoco-n60-laadija-type-c-pd-qc-20w-valge\/","url":"https:\/\/sunfixmobile.ee\/toode\/hoco-n60-laadija-type-c-pd-qc-20w-valge\/","name":"Hoco N60 laadija Type C PD QC 20W valge - CompanySun","isPartOf":{"@id":"https:\/\/sunfixmobile.ee\/#website"},"primaryImageOfPage":{"@id":"https:\/\/sunfixmobile.ee\/toode\/hoco-n60-laadija-type-c-pd-qc-20w-valge\/#primaryimage"},"image":{"@id":"https:\/\/sunfixmobile.ee\/toode\/hoco-n60-laadija-type-c-pd-qc-20w-valge\/#primaryimage"},"thumbnailUrl":"https:\/\/sunfixmobile.ee\/wp-content\/uploads\/2025\/02\/9654c4e69faa1fe8e8617e8cf937f74c.webp","datePublished":"2025-02-03T09:22:59+00:00","dateModified":"2026-02-02T10:33:39+00:00","breadcrumb":{"@id":"https:\/\/sunfixmobile.ee\/toode\/hoco-n60-laadija-type-c-pd-qc-20w-valge\/#breadcrumb"},"inLanguage":"ru-RU","potentialAction":[{"@type":"ReadAction","target":["https:\/\/sunfixmobile.ee\/toode\/hoco-n60-laadija-type-c-pd-qc-20w-valge\/"]}]},{"@type":"ImageObject","inLanguage":"ru-RU","@id":"https:\/\/sunfixmobile.ee\/toode\/hoco-n60-laadija-type-c-pd-qc-20w-valge\/#primaryimage","url":"https:\/\/sunfixmobile.ee\/wp-content\/uploads\/2025\/02\/9654c4e69faa1fe8e8617e8cf937f74c.webp","contentUrl":"https:\/\/sunfixmobile.ee\/wp-content\/uploads\/2025\/02\/9654c4e69faa1fe8e8617e8cf937f74c.webp","width":1000,"height":1000,"caption":"9654c4e69faa1fe8e8617e8cf937f74c."},{"@type":"BreadcrumbList","@id":"https:\/\/sunfixmobile.ee\/toode\/hoco-n60-laadija-type-c-pd-qc-20w-valge\/#breadcrumb","itemListElement":[{"@type":"ListItem","position":1,"name":"Home","item":"https:\/\/sunfixmobile.ee\/ru\/"},{"@type":"ListItem","position":2,"name":"\u0412\u0441\u0435 \u0442\u043e\u0432\u0430\u0440\u044b","item":"https:\/\/sunfixmobile.ee\/ru\/magazin\/"},{"@type":"ListItem","position":3,"name":"Hoco N60 laadija Type C PD QC 20W valge"}]},{"@type":"WebSite","@id":"https:\/\/sunfixmobile.ee\/#website","url":"https:\/\/sunfixmobile.ee\/","name":"CompanySun","description":"","publisher":{"@id":"https:\/\/sunfixmobile.ee\/#organization"},"potentialAction":[{"@type":"SearchAction","target":{"@type":"EntryPoint","urlTemplate":"https:\/\/sunfixmobile.ee\/?s={search_term_string}"},"query-input":{"@type":"PropertyValueSpecification","valueRequired":true,"valueName":"search_term_string"}}],"inLanguage":"ru-RU"},{"@type":"Organization","@id":"https:\/\/sunfixmobile.ee\/#organization","name":"CompanySun O\u00dc","url":"https:\/\/sunfixmobile.ee\/","logo":{"@type":"ImageObject","inLanguage":"ru-RU","@id":"https:\/\/sunfixmobile.ee\/#\/schema\/logo\/image\/","url":"https:\/\/sunfixmobile.ee\/wp-content\/uploads\/2022\/05\/logo.png","contentUrl":"https:\/\/sunfixmobile.ee\/wp-content\/uploads\/2022\/05\/logo.png","width":257,"height":85,"caption":"CompanySun O\u00dc"},"image":{"@id":"https:\/\/sunfixmobile.ee\/#\/schema\/logo\/image\/"},"sameAs":["https:\/\/www.facebook.com\/sunfixtallinn","https:\/\/www.instagram.com\/sunfix_eesti\/"]}]},"product_price_amount":"20.90","product_price_currency":"EUR","og_availability":"instock","product_availability":"instock","product_retailer_item_id":"6942007648622","product_condition":"new"},"_links":{"self":[{"href":"https:\/\/sunfixmobile.ee\/ru\/wp-json\/wp\/v2\/product\/14992","targetHints":{"allow":["GET"]}}],"collection":[{"href":"https:\/\/sunfixmobile.ee\/ru\/wp-json\/wp\/v2\/product"}],"about":[{"href":"https:\/\/sunfixmobile.ee\/ru\/wp-json\/wp\/v2\/types\/product"}],"wp:featuredmedia":[{"embeddable":true,"href":"https:\/\/sunfixmobile.ee\/ru\/wp-json\/wp\/v2\/media\/14984"}],"wp:attachment":[{"href":"https:\/\/sunfixmobile.ee\/ru\/wp-json\/wp\/v2\/media?parent=14992"}],"wp:term":[{"taxonomy":"product_brand","embeddable":true,"href":"https:\/\/sunfixmobile.ee\/ru\/wp-json\/wp\/v2\/product_brand?post=14992"},{"taxonomy":"product_cat","embeddable":true,"href":"https:\/\/sunfixmobile.ee\/ru\/wp-json\/wp\/v2\/product_cat?post=14992"},{"taxonomy":"product_tag","embeddable":true,"href":"https:\/\/sunfixmobile.ee\/ru\/wp-json\/wp\/v2\/product_tag?post=14992"}],"curies":[{"name":"wp","href":"https:\/\/api.w.org\/{rel}","templated":true}]}}