{"id":14764,"date":"2025-01-22T09:59:00","date_gmt":"2025-01-22T09:59:00","guid":{"rendered":"https:\/\/sunfixmobile.ee\/toode\/borofone-bp12-kaasaskantav-bluetoothi-kolar\/"},"modified":"2025-07-03T10:04:55","modified_gmt":"2025-07-03T10:04:55","slug":"borofone-bp12-kaasaskantav-bluetoothi-kolar","status":"publish","type":"product","link":"https:\/\/sunfixmobile.ee\/ru\/tovar\/borofone-bp12-kaasaskantav-bluetoothi-kolar\/","title":{"rendered":"Borofone BP12 Kaasaskantav Bluetoothi \u200b\u200bk\u00f5lar"},"content":{"rendered":"<p>Suurus: (82*73mm)*2; kogukaal: 412g (kaks kasti + traatjuhtimine)<br \/>Bluetooth 5.2; kiip: sinine trum AB5602B<br \/>K\u00f5lari\u00fcksus: 52mm*2; V\u00f5imsus: 5W*2<br \/>USB-liidese toiteallikas, kaabli pikkus: 1,36m<br \/>Toetage Bluetoothi, AUX taasesitust<br \/>\u00dcmbritsevad 12 erinevat v\u00e4rvilist valgusefekti, r\u00fctm muusikaga<\/p>\n","protected":false},"excerpt":{"rendered":"<p>Suurus: (82*73mm)*2; kogukaal: 412g (kaks kasti + traatjuhtimine)Bluetooth 5.2; kiip: sinine trum AB5602BK\u00f5lari\u00fcksus: 52mm*2; V\u00f5imsus: 5W*2USB-liidese toiteallikas, kaabli pikkus: 1,36mToetage Bluetoothi, AUX taasesitust\u00dcmbritsevad 12 erinevat v\u00e4rvilist valgusefekti, r\u00fctm muusikaga<\/p>\n","protected":false},"featured_media":14756,"template":"","meta":[],"product_brand":[],"product_cat":[1247],"product_tag":[],"class_list":{"0":"post-14764","1":"product","2":"type-product","3":"status-publish","4":"has-post-thumbnail","6":"product_cat-arvutitarvikud","8":"first","9":"instock","10":"taxable","11":"shipping-taxable","12":"purchasable","13":"product-type-simple"},"yoast_head":"<!-- This site is optimized with the Yoast SEO plugin v27.2 - https:\/\/yoast.com\/product\/yoast-seo-wordpress\/ -->\n<title>Borofone BP12 Kaasaskantav Bluetoothi \u200b\u200bk\u00f5lar - CompanySun<\/title>\n<meta name=\"robots\" content=\"index, follow, max-snippet:-1, max-image-preview:large, max-video-preview:-1\" \/>\n<link rel=\"canonical\" href=\"https:\/\/sunfixmobile.ee\/toode\/borofone-bp12-kaasaskantav-bluetoothi-kolar\/\" \/>\n<meta property=\"og:locale\" content=\"ru_RU\" \/>\n<meta property=\"og:type\" content=\"article\" \/>\n<meta property=\"og:title\" content=\"Borofone BP12 Kaasaskantav Bluetoothi \u200b\u200bk\u00f5lar - CompanySun\" \/>\n<meta property=\"og:description\" content=\"Suurus: (82*73mm)*2; kogukaal: 412g (kaks kasti + traatjuhtimine)Bluetooth 5.2; kiip: sinine trum AB5602BK\u00f5lari\u00fcksus: 52mm*2; V\u00f5imsus: 5W*2USB-liidese toiteallikas, kaabli pikkus: 1,36mToetage Bluetoothi, AUX taasesitust\u00dcmbritsevad 12 erinevat v\u00e4rvilist valgusefekti, r\u00fctm muusikaga\" \/>\n<meta property=\"og:url\" content=\"https:\/\/sunfixmobile.ee\/toode\/borofone-bp12-kaasaskantav-bluetoothi-kolar\/\" \/>\n<meta property=\"og:site_name\" content=\"CompanySun\" \/>\n<meta property=\"article:publisher\" content=\"https:\/\/www.facebook.com\/sunfixtallinn\" \/>\n<meta property=\"article:modified_time\" content=\"2025-07-03T10:04:55+00:00\" \/>\n<meta property=\"og:image\" content=\"https:\/\/sunfixmobile.ee\/wp-content\/uploads\/2022\/05\/1.jpg\" \/>\n\t<meta property=\"og:image:width\" content=\"2000\" \/>\n\t<meta property=\"og:image:height\" content=\"1335\" \/>\n\t<meta property=\"og:image:type\" content=\"image\/jpeg\" \/>\n<meta name=\"twitter:card\" content=\"summary_large_image\" \/>\n<meta name=\"twitter:label1\" content=\"\u0426\u0435\u043d\u0430\" \/>\n\t<meta name=\"twitter:data1\" content=\"36,90&nbsp;&euro;\" \/>\n\t<meta name=\"twitter:label2\" content=\"\u0414\u043e\u0441\u0442\u0443\u043f\u043d\u043e\u0441\u0442\u044c\" \/>\n\t<meta name=\"twitter:data2\" content=\"\u0412 \u043d\u0430\u043b\u0438\u0447\u0438\u0438\" \/>\n<script type=\"application\/ld+json\" class=\"yoast-schema-graph\">{\"@context\":\"https:\/\/schema.org\",\"@graph\":[{\"@type\":\"WebPage\",\"@id\":\"https:\/\/sunfixmobile.ee\/toode\/borofone-bp12-kaasaskantav-bluetoothi-kolar\/\",\"url\":\"https:\/\/sunfixmobile.ee\/toode\/borofone-bp12-kaasaskantav-bluetoothi-kolar\/\",\"name\":\"Borofone BP12 Kaasaskantav Bluetoothi \u200b\u200bk\u00f5lar - CompanySun\",\"isPartOf\":{\"@id\":\"https:\/\/sunfixmobile.ee\/#website\"},\"primaryImageOfPage\":{\"@id\":\"https:\/\/sunfixmobile.ee\/toode\/borofone-bp12-kaasaskantav-bluetoothi-kolar\/#primaryimage\"},\"image\":{\"@id\":\"https:\/\/sunfixmobile.ee\/toode\/borofone-bp12-kaasaskantav-bluetoothi-kolar\/#primaryimage\"},\"thumbnailUrl\":\"https:\/\/sunfixmobile.ee\/wp-content\/uploads\/2025\/01\/toptel-photo-77.jpg\",\"datePublished\":\"2025-01-22T09:59:00+00:00\",\"dateModified\":\"2025-07-03T10:04:55+00:00\",\"breadcrumb\":{\"@id\":\"https:\/\/sunfixmobile.ee\/toode\/borofone-bp12-kaasaskantav-bluetoothi-kolar\/#breadcrumb\"},\"inLanguage\":\"ru-RU\",\"potentialAction\":[{\"@type\":\"ReadAction\",\"target\":[\"https:\/\/sunfixmobile.ee\/toode\/borofone-bp12-kaasaskantav-bluetoothi-kolar\/\"]}]},{\"@type\":\"ImageObject\",\"inLanguage\":\"ru-RU\",\"@id\":\"https:\/\/sunfixmobile.ee\/toode\/borofone-bp12-kaasaskantav-bluetoothi-kolar\/#primaryimage\",\"url\":\"https:\/\/sunfixmobile.ee\/wp-content\/uploads\/2025\/01\/toptel-photo-77.jpg\",\"contentUrl\":\"https:\/\/sunfixmobile.ee\/wp-content\/uploads\/2025\/01\/toptel-photo-77.jpg\",\"width\":800,\"height\":800,\"caption\":\"toptel-photo-77\"},{\"@type\":\"BreadcrumbList\",\"@id\":\"https:\/\/sunfixmobile.ee\/toode\/borofone-bp12-kaasaskantav-bluetoothi-kolar\/#breadcrumb\",\"itemListElement\":[{\"@type\":\"ListItem\",\"position\":1,\"name\":\"Home\",\"item\":\"https:\/\/sunfixmobile.ee\/ru\/\"},{\"@type\":\"ListItem\",\"position\":2,\"name\":\"\u0412\u0441\u0435 \u0442\u043e\u0432\u0430\u0440\u044b\",\"item\":\"https:\/\/sunfixmobile.ee\/ru\/magazin\/\"},{\"@type\":\"ListItem\",\"position\":3,\"name\":\"Borofone BP12 Kaasaskantav Bluetoothi \u200b\u200bk\u00f5lar\"}]},{\"@type\":\"WebSite\",\"@id\":\"https:\/\/sunfixmobile.ee\/#website\",\"url\":\"https:\/\/sunfixmobile.ee\/\",\"name\":\"CompanySun\",\"description\":\"\",\"publisher\":{\"@id\":\"https:\/\/sunfixmobile.ee\/#organization\"},\"potentialAction\":[{\"@type\":\"SearchAction\",\"target\":{\"@type\":\"EntryPoint\",\"urlTemplate\":\"https:\/\/sunfixmobile.ee\/?s={search_term_string}\"},\"query-input\":{\"@type\":\"PropertyValueSpecification\",\"valueRequired\":true,\"valueName\":\"search_term_string\"}}],\"inLanguage\":\"ru-RU\"},{\"@type\":\"Organization\",\"@id\":\"https:\/\/sunfixmobile.ee\/#organization\",\"name\":\"CompanySun O\u00dc\",\"url\":\"https:\/\/sunfixmobile.ee\/\",\"logo\":{\"@type\":\"ImageObject\",\"inLanguage\":\"ru-RU\",\"@id\":\"https:\/\/sunfixmobile.ee\/#\/schema\/logo\/image\/\",\"url\":\"https:\/\/sunfixmobile.ee\/wp-content\/uploads\/2022\/05\/logo.png\",\"contentUrl\":\"https:\/\/sunfixmobile.ee\/wp-content\/uploads\/2022\/05\/logo.png\",\"width\":257,\"height\":85,\"caption\":\"CompanySun O\u00dc\"},\"image\":{\"@id\":\"https:\/\/sunfixmobile.ee\/#\/schema\/logo\/image\/\"},\"sameAs\":[\"https:\/\/www.facebook.com\/sunfixtallinn\",\"https:\/\/www.instagram.com\/sunfix_eesti\/\"]}]}<\/script>\n<meta property=\"product:price:amount\" content=\"36.90\" \/>\n<meta property=\"product:price:currency\" content=\"EUR\" \/>\n<meta property=\"og:availability\" content=\"instock\" \/>\n<meta property=\"product:availability\" content=\"instock\" \/>\n<meta property=\"product:retailer_item_id\" content=\"6974443387179\" \/>\n<meta property=\"product:condition\" content=\"new\" \/>\n<!-- \/ Yoast SEO plugin. -->","yoast_head_json":{"title":"Borofone BP12 Kaasaskantav Bluetoothi \u200b\u200bk\u00f5lar - CompanySun","robots":{"index":"index","follow":"follow","max-snippet":"max-snippet:-1","max-image-preview":"max-image-preview:large","max-video-preview":"max-video-preview:-1"},"canonical":"https:\/\/sunfixmobile.ee\/toode\/borofone-bp12-kaasaskantav-bluetoothi-kolar\/","og_locale":"ru_RU","og_type":"article","og_title":"Borofone BP12 Kaasaskantav Bluetoothi \u200b\u200bk\u00f5lar - CompanySun","og_description":"Suurus: (82*73mm)*2; kogukaal: 412g (kaks kasti + traatjuhtimine)Bluetooth 5.2; kiip: sinine trum AB5602BK\u00f5lari\u00fcksus: 52mm*2; V\u00f5imsus: 5W*2USB-liidese toiteallikas, kaabli pikkus: 1,36mToetage Bluetoothi, AUX taasesitust\u00dcmbritsevad 12 erinevat v\u00e4rvilist valgusefekti, r\u00fctm muusikaga","og_url":"https:\/\/sunfixmobile.ee\/toode\/borofone-bp12-kaasaskantav-bluetoothi-kolar\/","og_site_name":"CompanySun","article_publisher":"https:\/\/www.facebook.com\/sunfixtallinn","article_modified_time":"2025-07-03T10:04:55+00:00","og_image":[{"width":2000,"height":1335,"url":"https:\/\/sunfixmobile.ee\/wp-content\/uploads\/2022\/05\/1.jpg","type":"image\/jpeg"}],"twitter_card":"summary_large_image","twitter_misc":{"\u0426\u0435\u043d\u0430":"36,90&nbsp;&euro;","\u0414\u043e\u0441\u0442\u0443\u043f\u043d\u043e\u0441\u0442\u044c":"\u0412 \u043d\u0430\u043b\u0438\u0447\u0438\u0438"},"schema":{"@context":"https:\/\/schema.org","@graph":[{"@type":"WebPage","@id":"https:\/\/sunfixmobile.ee\/toode\/borofone-bp12-kaasaskantav-bluetoothi-kolar\/","url":"https:\/\/sunfixmobile.ee\/toode\/borofone-bp12-kaasaskantav-bluetoothi-kolar\/","name":"Borofone BP12 Kaasaskantav Bluetoothi \u200b\u200bk\u00f5lar - CompanySun","isPartOf":{"@id":"https:\/\/sunfixmobile.ee\/#website"},"primaryImageOfPage":{"@id":"https:\/\/sunfixmobile.ee\/toode\/borofone-bp12-kaasaskantav-bluetoothi-kolar\/#primaryimage"},"image":{"@id":"https:\/\/sunfixmobile.ee\/toode\/borofone-bp12-kaasaskantav-bluetoothi-kolar\/#primaryimage"},"thumbnailUrl":"https:\/\/sunfixmobile.ee\/wp-content\/uploads\/2025\/01\/toptel-photo-77.jpg","datePublished":"2025-01-22T09:59:00+00:00","dateModified":"2025-07-03T10:04:55+00:00","breadcrumb":{"@id":"https:\/\/sunfixmobile.ee\/toode\/borofone-bp12-kaasaskantav-bluetoothi-kolar\/#breadcrumb"},"inLanguage":"ru-RU","potentialAction":[{"@type":"ReadAction","target":["https:\/\/sunfixmobile.ee\/toode\/borofone-bp12-kaasaskantav-bluetoothi-kolar\/"]}]},{"@type":"ImageObject","inLanguage":"ru-RU","@id":"https:\/\/sunfixmobile.ee\/toode\/borofone-bp12-kaasaskantav-bluetoothi-kolar\/#primaryimage","url":"https:\/\/sunfixmobile.ee\/wp-content\/uploads\/2025\/01\/toptel-photo-77.jpg","contentUrl":"https:\/\/sunfixmobile.ee\/wp-content\/uploads\/2025\/01\/toptel-photo-77.jpg","width":800,"height":800,"caption":"toptel-photo-77"},{"@type":"BreadcrumbList","@id":"https:\/\/sunfixmobile.ee\/toode\/borofone-bp12-kaasaskantav-bluetoothi-kolar\/#breadcrumb","itemListElement":[{"@type":"ListItem","position":1,"name":"Home","item":"https:\/\/sunfixmobile.ee\/ru\/"},{"@type":"ListItem","position":2,"name":"\u0412\u0441\u0435 \u0442\u043e\u0432\u0430\u0440\u044b","item":"https:\/\/sunfixmobile.ee\/ru\/magazin\/"},{"@type":"ListItem","position":3,"name":"Borofone BP12 Kaasaskantav Bluetoothi \u200b\u200bk\u00f5lar"}]},{"@type":"WebSite","@id":"https:\/\/sunfixmobile.ee\/#website","url":"https:\/\/sunfixmobile.ee\/","name":"CompanySun","description":"","publisher":{"@id":"https:\/\/sunfixmobile.ee\/#organization"},"potentialAction":[{"@type":"SearchAction","target":{"@type":"EntryPoint","urlTemplate":"https:\/\/sunfixmobile.ee\/?s={search_term_string}"},"query-input":{"@type":"PropertyValueSpecification","valueRequired":true,"valueName":"search_term_string"}}],"inLanguage":"ru-RU"},{"@type":"Organization","@id":"https:\/\/sunfixmobile.ee\/#organization","name":"CompanySun O\u00dc","url":"https:\/\/sunfixmobile.ee\/","logo":{"@type":"ImageObject","inLanguage":"ru-RU","@id":"https:\/\/sunfixmobile.ee\/#\/schema\/logo\/image\/","url":"https:\/\/sunfixmobile.ee\/wp-content\/uploads\/2022\/05\/logo.png","contentUrl":"https:\/\/sunfixmobile.ee\/wp-content\/uploads\/2022\/05\/logo.png","width":257,"height":85,"caption":"CompanySun O\u00dc"},"image":{"@id":"https:\/\/sunfixmobile.ee\/#\/schema\/logo\/image\/"},"sameAs":["https:\/\/www.facebook.com\/sunfixtallinn","https:\/\/www.instagram.com\/sunfix_eesti\/"]}]},"product_price_amount":"36.90","product_price_currency":"EUR","og_availability":"instock","product_availability":"instock","product_retailer_item_id":"6974443387179","product_condition":"new"},"_links":{"self":[{"href":"https:\/\/sunfixmobile.ee\/ru\/wp-json\/wp\/v2\/product\/14764","targetHints":{"allow":["GET"]}}],"collection":[{"href":"https:\/\/sunfixmobile.ee\/ru\/wp-json\/wp\/v2\/product"}],"about":[{"href":"https:\/\/sunfixmobile.ee\/ru\/wp-json\/wp\/v2\/types\/product"}],"wp:featuredmedia":[{"embeddable":true,"href":"https:\/\/sunfixmobile.ee\/ru\/wp-json\/wp\/v2\/media\/14756"}],"wp:attachment":[{"href":"https:\/\/sunfixmobile.ee\/ru\/wp-json\/wp\/v2\/media?parent=14764"}],"wp:term":[{"taxonomy":"product_brand","embeddable":true,"href":"https:\/\/sunfixmobile.ee\/ru\/wp-json\/wp\/v2\/product_brand?post=14764"},{"taxonomy":"product_cat","embeddable":true,"href":"https:\/\/sunfixmobile.ee\/ru\/wp-json\/wp\/v2\/product_cat?post=14764"},{"taxonomy":"product_tag","embeddable":true,"href":"https:\/\/sunfixmobile.ee\/ru\/wp-json\/wp\/v2\/product_tag?post=14764"}],"curies":[{"name":"wp","href":"https:\/\/api.w.org\/{rel}","templated":true}]}}