{"id":14711,"date":"2025-01-15T10:05:17","date_gmt":"2025-01-15T10:05:17","guid":{"rendered":"https:\/\/sunfixmobile.ee\/toode\/goodram-microsd-16gb-100-mb-s-class-10-uhs-i\/"},"modified":"2025-07-03T10:05:32","modified_gmt":"2025-07-03T10:05:32","slug":"goodram-microsd-16gb-100-mb-s-class-10-uhs-i","status":"publish","type":"product","link":"https:\/\/sunfixmobile.ee\/ru\/tovar\/goodram-microsd-16gb-100-mb-s-class-10-uhs-i\/","title":{"rendered":"GOODRAM microSD 16GB 100 MB\/s class 10 UHS I"},"content":{"rendered":"<p>GOODRAM UHS-I kaart on m\u00f5eldud kasutajatele, kes soovivad t\u00e4ielikult kasutada oma kaamera v\u00f5i videokaamera v\u00f5imalusi. UHS-I liides tagab nii k\u00f5rgeimad parameetrid kui ka seadme stabiilse ja usaldusv\u00e4\u00e4rse t\u00f6\u00f6.<\/p>\n<p>Kaasaegne UHS -I liides suurendab t\u00f6\u00f6parameetreid. Sellel on otsene m\u00f5ju toimingute kvaliteedile ja usaldusv\u00e4\u00e4rsusele, nagu sariv\u00f5te, aegluubis, aeglustatud filmide loomine v\u00f5i HD otsesaade.<\/p>\n<p>\u00dchilduvus \u2013 UHS-I liides on tagurpidi \u00fchilduv SD 2.0 standardit toetavate seadmetega. Sel juhul t\u00f6\u00f6tab kaart 10. kiirusklassile vastavate minimaalsete t\u00f6\u00f6parameetritega (min 10 MB\/s).<\/p>\n<p>M\u00c4RKUS! UHS-I-ga (8, 16, 32 GB) m\u00e4lukaart GOODRAM S1A0 \u00fchildub seadmetega, millel on m\u00e4rgistus High Capacity (HC) ja eXtended Capacity (XC). UHS-I-ga (64, 128 GB) GOODRAM S1A0 kaart \u00fchildub ainult seadmetega, mis on t\u00e4histatud XC (eXtended Capacity) s\u00fcmboliga.<\/p>\n<p>Lai t\u00f6\u00f6temperatuuride vahemik t\u00e4hendab, et kaart t\u00f6\u00f6tab usaldusv\u00e4\u00e4rselt ka rasketes tingimustes.<\/p>\n<p>GOODRAM CARD UHS-I \u2013 omadused:<\/p>\n<p>&#8212; UHS-I liides<br \/>&#8212; saadaolevad mahud: 8, 16, 32, 64, 128 GB<br \/>&#8212; kaubam\u00e4rgiga komponendid<br \/>&#8212; eluaegne garantii<\/p>\n","protected":false},"excerpt":{"rendered":"<p>GOODRAM UHS-I kaart on m\u00f5eldud kasutajatele, kes soovivad t\u00e4ielikult kasutada oma kaamera v\u00f5i videokaamera v\u00f5imalusi. UHS-I liides tagab nii k\u00f5rgeimad parameetrid kui ka seadme stabiilse ja usaldusv\u00e4\u00e4rse t\u00f6\u00f6. Kaasaegne UHS -I liides suurendab t\u00f6\u00f6parameetreid. Sellel on otsene m\u00f5ju toimingute kvaliteedile ja usaldusv\u00e4\u00e4rsusele, nagu sariv\u00f5te, aegluubis, aeglustatud filmide loomine v\u00f5i HD otsesaade. \u00dchilduvus \u2013 UHS-I liides&#8230;<\/p>\n","protected":false},"featured_media":14709,"template":"","meta":[],"product_brand":[],"product_cat":[1243],"product_tag":[],"class_list":{"0":"post-14711","1":"product","2":"type-product","3":"status-publish","4":"has-post-thumbnail","6":"product_cat-muu-elektroonika","8":"first","9":"instock","10":"taxable","11":"shipping-taxable","12":"purchasable","13":"product-type-simple"},"yoast_head":"<!-- This site is optimized with the Yoast SEO plugin v27.2 - https:\/\/yoast.com\/product\/yoast-seo-wordpress\/ -->\n<title>GOODRAM microSD 16GB 100 MB\/s class 10 UHS I - CompanySun<\/title>\n<meta name=\"robots\" content=\"index, follow, max-snippet:-1, max-image-preview:large, max-video-preview:-1\" \/>\n<link rel=\"canonical\" href=\"https:\/\/sunfixmobile.ee\/toode\/goodram-microsd-16gb-100-mb-s-class-10-uhs-i\/\" \/>\n<meta property=\"og:locale\" content=\"ru_RU\" \/>\n<meta property=\"og:type\" content=\"article\" \/>\n<meta property=\"og:title\" content=\"GOODRAM microSD 16GB 100 MB\/s class 10 UHS I - CompanySun\" \/>\n<meta property=\"og:description\" content=\"GOODRAM UHS-I kaart on m\u00f5eldud kasutajatele, kes soovivad t\u00e4ielikult kasutada oma kaamera v\u00f5i videokaamera v\u00f5imalusi. UHS-I liides tagab nii k\u00f5rgeimad parameetrid kui ka seadme stabiilse ja usaldusv\u00e4\u00e4rse t\u00f6\u00f6. Kaasaegne UHS -I liides suurendab t\u00f6\u00f6parameetreid. Sellel on otsene m\u00f5ju toimingute kvaliteedile ja usaldusv\u00e4\u00e4rsusele, nagu sariv\u00f5te, aegluubis, aeglustatud filmide loomine v\u00f5i HD otsesaade. \u00dchilduvus \u2013 UHS-I liides...\" \/>\n<meta property=\"og:url\" content=\"https:\/\/sunfixmobile.ee\/toode\/goodram-microsd-16gb-100-mb-s-class-10-uhs-i\/\" \/>\n<meta property=\"og:site_name\" content=\"CompanySun\" \/>\n<meta property=\"article:publisher\" content=\"https:\/\/www.facebook.com\/sunfixtallinn\" \/>\n<meta property=\"article:modified_time\" content=\"2025-07-03T10:05:32+00:00\" \/>\n<meta property=\"og:image\" content=\"https:\/\/sunfixmobile.ee\/wp-content\/uploads\/2022\/05\/1.jpg\" \/>\n\t<meta property=\"og:image:width\" content=\"2000\" \/>\n\t<meta property=\"og:image:height\" content=\"1335\" \/>\n\t<meta property=\"og:image:type\" content=\"image\/jpeg\" \/>\n<meta name=\"twitter:card\" content=\"summary_large_image\" \/>\n<meta name=\"twitter:label1\" content=\"\u0426\u0435\u043d\u0430\" \/>\n\t<meta name=\"twitter:data1\" content=\"14,90&nbsp;&euro;\" \/>\n\t<meta name=\"twitter:label2\" content=\"\u0414\u043e\u0441\u0442\u0443\u043f\u043d\u043e\u0441\u0442\u044c\" \/>\n\t<meta name=\"twitter:data2\" content=\"\u0412 \u043d\u0430\u043b\u0438\u0447\u0438\u0438\" \/>\n<script type=\"application\/ld+json\" class=\"yoast-schema-graph\">{\"@context\":\"https:\/\/schema.org\",\"@graph\":[{\"@type\":\"WebPage\",\"@id\":\"https:\/\/sunfixmobile.ee\/toode\/goodram-microsd-16gb-100-mb-s-class-10-uhs-i\/\",\"url\":\"https:\/\/sunfixmobile.ee\/toode\/goodram-microsd-16gb-100-mb-s-class-10-uhs-i\/\",\"name\":\"GOODRAM microSD 16GB 100 MB\/s class 10 UHS I - CompanySun\",\"isPartOf\":{\"@id\":\"https:\/\/sunfixmobile.ee\/#website\"},\"primaryImageOfPage\":{\"@id\":\"https:\/\/sunfixmobile.ee\/toode\/goodram-microsd-16gb-100-mb-s-class-10-uhs-i\/#primaryimage\"},\"image\":{\"@id\":\"https:\/\/sunfixmobile.ee\/toode\/goodram-microsd-16gb-100-mb-s-class-10-uhs-i\/#primaryimage\"},\"thumbnailUrl\":\"https:\/\/sunfixmobile.ee\/wp-content\/uploads\/2025\/01\/495a7da3ae114f796bb144d917432258.webp\",\"datePublished\":\"2025-01-15T10:05:17+00:00\",\"dateModified\":\"2025-07-03T10:05:32+00:00\",\"breadcrumb\":{\"@id\":\"https:\/\/sunfixmobile.ee\/toode\/goodram-microsd-16gb-100-mb-s-class-10-uhs-i\/#breadcrumb\"},\"inLanguage\":\"ru-RU\",\"potentialAction\":[{\"@type\":\"ReadAction\",\"target\":[\"https:\/\/sunfixmobile.ee\/toode\/goodram-microsd-16gb-100-mb-s-class-10-uhs-i\/\"]}]},{\"@type\":\"ImageObject\",\"inLanguage\":\"ru-RU\",\"@id\":\"https:\/\/sunfixmobile.ee\/toode\/goodram-microsd-16gb-100-mb-s-class-10-uhs-i\/#primaryimage\",\"url\":\"https:\/\/sunfixmobile.ee\/wp-content\/uploads\/2025\/01\/495a7da3ae114f796bb144d917432258.webp\",\"contentUrl\":\"https:\/\/sunfixmobile.ee\/wp-content\/uploads\/2025\/01\/495a7da3ae114f796bb144d917432258.webp\",\"width\":1000,\"height\":1000,\"caption\":\"495a7da3ae114f796bb144d917432258.\"},{\"@type\":\"BreadcrumbList\",\"@id\":\"https:\/\/sunfixmobile.ee\/toode\/goodram-microsd-16gb-100-mb-s-class-10-uhs-i\/#breadcrumb\",\"itemListElement\":[{\"@type\":\"ListItem\",\"position\":1,\"name\":\"Home\",\"item\":\"https:\/\/sunfixmobile.ee\/ru\/\"},{\"@type\":\"ListItem\",\"position\":2,\"name\":\"\u0412\u0441\u0435 \u0442\u043e\u0432\u0430\u0440\u044b\",\"item\":\"https:\/\/sunfixmobile.ee\/ru\/magazin\/\"},{\"@type\":\"ListItem\",\"position\":3,\"name\":\"GOODRAM microSD 16GB 100 MB\/s class 10 UHS I\"}]},{\"@type\":\"WebSite\",\"@id\":\"https:\/\/sunfixmobile.ee\/#website\",\"url\":\"https:\/\/sunfixmobile.ee\/\",\"name\":\"CompanySun\",\"description\":\"\",\"publisher\":{\"@id\":\"https:\/\/sunfixmobile.ee\/#organization\"},\"potentialAction\":[{\"@type\":\"SearchAction\",\"target\":{\"@type\":\"EntryPoint\",\"urlTemplate\":\"https:\/\/sunfixmobile.ee\/?s={search_term_string}\"},\"query-input\":{\"@type\":\"PropertyValueSpecification\",\"valueRequired\":true,\"valueName\":\"search_term_string\"}}],\"inLanguage\":\"ru-RU\"},{\"@type\":\"Organization\",\"@id\":\"https:\/\/sunfixmobile.ee\/#organization\",\"name\":\"CompanySun O\u00dc\",\"url\":\"https:\/\/sunfixmobile.ee\/\",\"logo\":{\"@type\":\"ImageObject\",\"inLanguage\":\"ru-RU\",\"@id\":\"https:\/\/sunfixmobile.ee\/#\/schema\/logo\/image\/\",\"url\":\"https:\/\/sunfixmobile.ee\/wp-content\/uploads\/2022\/05\/logo.png\",\"contentUrl\":\"https:\/\/sunfixmobile.ee\/wp-content\/uploads\/2022\/05\/logo.png\",\"width\":257,\"height\":85,\"caption\":\"CompanySun O\u00dc\"},\"image\":{\"@id\":\"https:\/\/sunfixmobile.ee\/#\/schema\/logo\/image\/\"},\"sameAs\":[\"https:\/\/www.facebook.com\/sunfixtallinn\",\"https:\/\/www.instagram.com\/sunfix_eesti\/\"]}]}<\/script>\n<meta property=\"product:price:amount\" content=\"14.90\" \/>\n<meta property=\"product:price:currency\" content=\"EUR\" \/>\n<meta property=\"og:availability\" content=\"instock\" \/>\n<meta property=\"product:availability\" content=\"instock\" \/>\n<meta property=\"product:retailer_item_id\" content=\"5908267930137\" \/>\n<meta property=\"product:condition\" content=\"new\" \/>\n<!-- \/ Yoast SEO plugin. -->","yoast_head_json":{"title":"GOODRAM microSD 16GB 100 MB\/s class 10 UHS I - CompanySun","robots":{"index":"index","follow":"follow","max-snippet":"max-snippet:-1","max-image-preview":"max-image-preview:large","max-video-preview":"max-video-preview:-1"},"canonical":"https:\/\/sunfixmobile.ee\/toode\/goodram-microsd-16gb-100-mb-s-class-10-uhs-i\/","og_locale":"ru_RU","og_type":"article","og_title":"GOODRAM microSD 16GB 100 MB\/s class 10 UHS I - CompanySun","og_description":"GOODRAM UHS-I kaart on m\u00f5eldud kasutajatele, kes soovivad t\u00e4ielikult kasutada oma kaamera v\u00f5i videokaamera v\u00f5imalusi. UHS-I liides tagab nii k\u00f5rgeimad parameetrid kui ka seadme stabiilse ja usaldusv\u00e4\u00e4rse t\u00f6\u00f6. Kaasaegne UHS -I liides suurendab t\u00f6\u00f6parameetreid. Sellel on otsene m\u00f5ju toimingute kvaliteedile ja usaldusv\u00e4\u00e4rsusele, nagu sariv\u00f5te, aegluubis, aeglustatud filmide loomine v\u00f5i HD otsesaade. \u00dchilduvus \u2013 UHS-I liides...","og_url":"https:\/\/sunfixmobile.ee\/toode\/goodram-microsd-16gb-100-mb-s-class-10-uhs-i\/","og_site_name":"CompanySun","article_publisher":"https:\/\/www.facebook.com\/sunfixtallinn","article_modified_time":"2025-07-03T10:05:32+00:00","og_image":[{"width":2000,"height":1335,"url":"https:\/\/sunfixmobile.ee\/wp-content\/uploads\/2022\/05\/1.jpg","type":"image\/jpeg"}],"twitter_card":"summary_large_image","twitter_misc":{"\u0426\u0435\u043d\u0430":"14,90&nbsp;&euro;","\u0414\u043e\u0441\u0442\u0443\u043f\u043d\u043e\u0441\u0442\u044c":"\u0412 \u043d\u0430\u043b\u0438\u0447\u0438\u0438"},"schema":{"@context":"https:\/\/schema.org","@graph":[{"@type":"WebPage","@id":"https:\/\/sunfixmobile.ee\/toode\/goodram-microsd-16gb-100-mb-s-class-10-uhs-i\/","url":"https:\/\/sunfixmobile.ee\/toode\/goodram-microsd-16gb-100-mb-s-class-10-uhs-i\/","name":"GOODRAM microSD 16GB 100 MB\/s class 10 UHS I - CompanySun","isPartOf":{"@id":"https:\/\/sunfixmobile.ee\/#website"},"primaryImageOfPage":{"@id":"https:\/\/sunfixmobile.ee\/toode\/goodram-microsd-16gb-100-mb-s-class-10-uhs-i\/#primaryimage"},"image":{"@id":"https:\/\/sunfixmobile.ee\/toode\/goodram-microsd-16gb-100-mb-s-class-10-uhs-i\/#primaryimage"},"thumbnailUrl":"https:\/\/sunfixmobile.ee\/wp-content\/uploads\/2025\/01\/495a7da3ae114f796bb144d917432258.webp","datePublished":"2025-01-15T10:05:17+00:00","dateModified":"2025-07-03T10:05:32+00:00","breadcrumb":{"@id":"https:\/\/sunfixmobile.ee\/toode\/goodram-microsd-16gb-100-mb-s-class-10-uhs-i\/#breadcrumb"},"inLanguage":"ru-RU","potentialAction":[{"@type":"ReadAction","target":["https:\/\/sunfixmobile.ee\/toode\/goodram-microsd-16gb-100-mb-s-class-10-uhs-i\/"]}]},{"@type":"ImageObject","inLanguage":"ru-RU","@id":"https:\/\/sunfixmobile.ee\/toode\/goodram-microsd-16gb-100-mb-s-class-10-uhs-i\/#primaryimage","url":"https:\/\/sunfixmobile.ee\/wp-content\/uploads\/2025\/01\/495a7da3ae114f796bb144d917432258.webp","contentUrl":"https:\/\/sunfixmobile.ee\/wp-content\/uploads\/2025\/01\/495a7da3ae114f796bb144d917432258.webp","width":1000,"height":1000,"caption":"495a7da3ae114f796bb144d917432258."},{"@type":"BreadcrumbList","@id":"https:\/\/sunfixmobile.ee\/toode\/goodram-microsd-16gb-100-mb-s-class-10-uhs-i\/#breadcrumb","itemListElement":[{"@type":"ListItem","position":1,"name":"Home","item":"https:\/\/sunfixmobile.ee\/ru\/"},{"@type":"ListItem","position":2,"name":"\u0412\u0441\u0435 \u0442\u043e\u0432\u0430\u0440\u044b","item":"https:\/\/sunfixmobile.ee\/ru\/magazin\/"},{"@type":"ListItem","position":3,"name":"GOODRAM microSD 16GB 100 MB\/s class 10 UHS I"}]},{"@type":"WebSite","@id":"https:\/\/sunfixmobile.ee\/#website","url":"https:\/\/sunfixmobile.ee\/","name":"CompanySun","description":"","publisher":{"@id":"https:\/\/sunfixmobile.ee\/#organization"},"potentialAction":[{"@type":"SearchAction","target":{"@type":"EntryPoint","urlTemplate":"https:\/\/sunfixmobile.ee\/?s={search_term_string}"},"query-input":{"@type":"PropertyValueSpecification","valueRequired":true,"valueName":"search_term_string"}}],"inLanguage":"ru-RU"},{"@type":"Organization","@id":"https:\/\/sunfixmobile.ee\/#organization","name":"CompanySun O\u00dc","url":"https:\/\/sunfixmobile.ee\/","logo":{"@type":"ImageObject","inLanguage":"ru-RU","@id":"https:\/\/sunfixmobile.ee\/#\/schema\/logo\/image\/","url":"https:\/\/sunfixmobile.ee\/wp-content\/uploads\/2022\/05\/logo.png","contentUrl":"https:\/\/sunfixmobile.ee\/wp-content\/uploads\/2022\/05\/logo.png","width":257,"height":85,"caption":"CompanySun O\u00dc"},"image":{"@id":"https:\/\/sunfixmobile.ee\/#\/schema\/logo\/image\/"},"sameAs":["https:\/\/www.facebook.com\/sunfixtallinn","https:\/\/www.instagram.com\/sunfix_eesti\/"]}]},"product_price_amount":"14.90","product_price_currency":"EUR","og_availability":"instock","product_availability":"instock","product_retailer_item_id":"5908267930137","product_condition":"new"},"_links":{"self":[{"href":"https:\/\/sunfixmobile.ee\/ru\/wp-json\/wp\/v2\/product\/14711","targetHints":{"allow":["GET"]}}],"collection":[{"href":"https:\/\/sunfixmobile.ee\/ru\/wp-json\/wp\/v2\/product"}],"about":[{"href":"https:\/\/sunfixmobile.ee\/ru\/wp-json\/wp\/v2\/types\/product"}],"wp:featuredmedia":[{"embeddable":true,"href":"https:\/\/sunfixmobile.ee\/ru\/wp-json\/wp\/v2\/media\/14709"}],"wp:attachment":[{"href":"https:\/\/sunfixmobile.ee\/ru\/wp-json\/wp\/v2\/media?parent=14711"}],"wp:term":[{"taxonomy":"product_brand","embeddable":true,"href":"https:\/\/sunfixmobile.ee\/ru\/wp-json\/wp\/v2\/product_brand?post=14711"},{"taxonomy":"product_cat","embeddable":true,"href":"https:\/\/sunfixmobile.ee\/ru\/wp-json\/wp\/v2\/product_cat?post=14711"},{"taxonomy":"product_tag","embeddable":true,"href":"https:\/\/sunfixmobile.ee\/ru\/wp-json\/wp\/v2\/product_tag?post=14711"}],"curies":[{"name":"wp","href":"https:\/\/api.w.org\/{rel}","templated":true}]}}