{"id":14681,"date":"2025-01-15T09:50:17","date_gmt":"2025-01-15T09:50:17","guid":{"rendered":"https:\/\/sunfixmobile.ee\/toode\/rebel-universaalne-reisilaadija-120w-12-195v-automaatne-11-pistikut-must\/"},"modified":"2025-07-03T10:04:16","modified_gmt":"2025-07-03T10:04:16","slug":"rebel-universaalne-reisilaadija-120w-12-195v-automaatne-11-pistikut-must","status":"publish","type":"product","link":"https:\/\/sunfixmobile.ee\/ru\/tovar\/rebel-universaalne-reisilaadija-120w-12-195v-automaatne-11-pistikut-must\/","title":{"rendered":"REBEL universaalne reisilaadija 120W 12-19,5V automaatne 11 pistikut must"},"content":{"rendered":"<p>Universaalne REBEL toiteplokk 11 otsaga ja v\u00f5imsusega 120 W. Sobib enamikule populaarseimatele s\u00fclearvutimudelitele.<\/p>\n<p>Universaalset toiteallikat iseloomustab parim kvaliteet ja t\u00f6\u00f6tlus kvaliteetsetest materjalidest. See sobib ideaalselt koju ja t\u00f6\u00f6le, p\u00f5hi- v\u00f5i varutoiteallikana.<\/p>\n<p>120 W toiteallikal on 11 mudelit otsikuid, t\u00e4nu millele saab seda kohandada mitme s\u00fclearvuti mudeliga.<\/p>\n<p>Kaasaegne \u00fclit\u00f5hus toiteallikas laadib teie s\u00fclearvuti kiiresti ja turvaliselt t\u00e4nu laadimisparameetrite t\u00e4psele reguleerimisele. Varustatud t\u00e4iustatud tehnoloogiatega (kaitsed): liigpinge, \u00fclekoormus, l\u00fchis ja termiline, mis m\u00f5jutavad kasutusohutust. Toiteallikat iseloomustab madal energiatarve ja k\u00f5rge efektiivsus.<\/p>\n<p>Spetsifikatsioon:<br \/>V\u00f5imsus: 120 W<br \/>Sisendpinge: 100 \u2013 240 V<br \/>V\u00e4ljundpinge: 12 \u2013 19,5 V<br \/>V\u00e4ljundvool: 10 A<br \/>Funktsioonid: automaatne pinge valik<br \/>Kaitse: \u00fclelaadimise, \u00fclepinge ja \u00fclekuumenemise eest<\/p>\n<p>Sisaldab:<\/p>\n<p>Toiteallikas<br \/>Toitekaabel,<br \/>11 n\u00e4pun\u00e4idet<\/p>\n<p>Kaasas n\u00e4pun\u00e4ited:<\/p>\n<p>M1 \u2013 15 V \u2013 6,3\u00d73\u00d713,5 mm \u2013 Toshiba<br \/>M3 \u2013 16 V \u2013 6,5\u00d74,3\u00d712,5 mm \u2013 Fujitsu, Sony<br \/>M4 \u2013 18,5 V \u2013 4,8 \u00d7 1,7 \u00d7 12,5 mm \u2013 Compaq, HP, LG<br \/>M5 \u2013 19 V \u2013 5,5\u00d72,5\u00d712,5 mm \u2013 Dell, Delta, Toshiba, LS, Liteon, NEC, Gateway<br \/>M8 \u2013 19,5V \u2013 6,5\u00d74,3\u00d712,5 mm \u2013 Sony<br \/>M9 \u2013 19,5 V \u2013 7,4\u00d75\u00d713,5 mm \u2013 Dell<br \/>M21 \u2013 19,5 V \u2013 4,5\u00d72,8\u00d711,5 mm \u2013 HP<br \/>M13 \u2013 19 V \u2013 5,5\u00d71,7x, 12,5 mm \u2013 Acer<br \/>M12 \u2013 18,5 V \u2013 7,4\u00d75\u00d712,5 mm \u2013 HP<br \/>M25 \u2013 20 V \u2013 Lenovo<br \/>M26 \u2013 19 V \u2013 4\u00d71,35\u00d712,5 mm \u2013 Asus, Acer<\/p>\n","protected":false},"excerpt":{"rendered":"<p>Universaalne REBEL toiteplokk 11 otsaga ja v\u00f5imsusega 120 W. Sobib enamikule populaarseimatele s\u00fclearvutimudelitele. Universaalset toiteallikat iseloomustab parim kvaliteet ja t\u00f6\u00f6tlus kvaliteetsetest materjalidest. See sobib ideaalselt koju ja t\u00f6\u00f6le, p\u00f5hi- v\u00f5i varutoiteallikana. 120 W toiteallikal on 11 mudelit otsikuid, t\u00e4nu millele saab seda kohandada mitme s\u00fclearvuti mudeliga. Kaasaegne \u00fclit\u00f5hus toiteallikas laadib teie s\u00fclearvuti kiiresti ja turvaliselt&#8230;<\/p>\n","protected":false},"featured_media":14673,"template":"","meta":[],"product_brand":[],"product_cat":[1250],"product_tag":[],"class_list":{"0":"post-14681","1":"product","2":"type-product","3":"status-publish","4":"has-post-thumbnail","6":"product_cat-laadijad","8":"first","9":"instock","10":"taxable","11":"shipping-taxable","12":"purchasable","13":"product-type-simple"},"yoast_head":"<!-- This site is optimized with the Yoast SEO plugin v27.2 - https:\/\/yoast.com\/product\/yoast-seo-wordpress\/ -->\n<title>REBEL universaalne reisilaadija 120W 12-19,5V automaatne 11 pistikut must - CompanySun<\/title>\n<meta name=\"robots\" content=\"index, follow, max-snippet:-1, max-image-preview:large, max-video-preview:-1\" \/>\n<link rel=\"canonical\" href=\"https:\/\/sunfixmobile.ee\/toode\/rebel-universaalne-reisilaadija-120w-12-195v-automaatne-11-pistikut-must\/\" \/>\n<meta property=\"og:locale\" content=\"ru_RU\" \/>\n<meta property=\"og:type\" content=\"article\" \/>\n<meta property=\"og:title\" content=\"REBEL universaalne reisilaadija 120W 12-19,5V automaatne 11 pistikut must - CompanySun\" \/>\n<meta property=\"og:description\" content=\"Universaalne REBEL toiteplokk 11 otsaga ja v\u00f5imsusega 120 W. Sobib enamikule populaarseimatele s\u00fclearvutimudelitele. Universaalset toiteallikat iseloomustab parim kvaliteet ja t\u00f6\u00f6tlus kvaliteetsetest materjalidest. See sobib ideaalselt koju ja t\u00f6\u00f6le, p\u00f5hi- v\u00f5i varutoiteallikana. 120 W toiteallikal on 11 mudelit otsikuid, t\u00e4nu millele saab seda kohandada mitme s\u00fclearvuti mudeliga. Kaasaegne \u00fclit\u00f5hus toiteallikas laadib teie s\u00fclearvuti kiiresti ja turvaliselt...\" \/>\n<meta property=\"og:url\" content=\"https:\/\/sunfixmobile.ee\/toode\/rebel-universaalne-reisilaadija-120w-12-195v-automaatne-11-pistikut-must\/\" \/>\n<meta property=\"og:site_name\" content=\"CompanySun\" \/>\n<meta property=\"article:publisher\" content=\"https:\/\/www.facebook.com\/sunfixtallinn\" \/>\n<meta property=\"article:modified_time\" content=\"2025-07-03T10:04:16+00:00\" \/>\n<meta property=\"og:image\" content=\"https:\/\/sunfixmobile.ee\/wp-content\/uploads\/2022\/05\/1.jpg\" \/>\n\t<meta property=\"og:image:width\" content=\"2000\" \/>\n\t<meta property=\"og:image:height\" content=\"1335\" \/>\n\t<meta property=\"og:image:type\" content=\"image\/jpeg\" \/>\n<meta name=\"twitter:card\" content=\"summary_large_image\" \/>\n<meta name=\"twitter:label1\" content=\"\u0426\u0435\u043d\u0430\" \/>\n\t<meta name=\"twitter:data1\" content=\"59,90&nbsp;&euro;\" \/>\n\t<meta name=\"twitter:label2\" content=\"\u0414\u043e\u0441\u0442\u0443\u043f\u043d\u043e\u0441\u0442\u044c\" \/>\n\t<meta name=\"twitter:data2\" content=\"\u0412 \u043d\u0430\u043b\u0438\u0447\u0438\u0438\" \/>\n<script type=\"application\/ld+json\" class=\"yoast-schema-graph\">{\"@context\":\"https:\/\/schema.org\",\"@graph\":[{\"@type\":\"WebPage\",\"@id\":\"https:\/\/sunfixmobile.ee\/toode\/rebel-universaalne-reisilaadija-120w-12-195v-automaatne-11-pistikut-must\/\",\"url\":\"https:\/\/sunfixmobile.ee\/toode\/rebel-universaalne-reisilaadija-120w-12-195v-automaatne-11-pistikut-must\/\",\"name\":\"REBEL universaalne reisilaadija 120W 12-19,5V automaatne 11 pistikut must - CompanySun\",\"isPartOf\":{\"@id\":\"https:\/\/sunfixmobile.ee\/#website\"},\"primaryImageOfPage\":{\"@id\":\"https:\/\/sunfixmobile.ee\/toode\/rebel-universaalne-reisilaadija-120w-12-195v-automaatne-11-pistikut-must\/#primaryimage\"},\"image\":{\"@id\":\"https:\/\/sunfixmobile.ee\/toode\/rebel-universaalne-reisilaadija-120w-12-195v-automaatne-11-pistikut-must\/#primaryimage\"},\"thumbnailUrl\":\"https:\/\/sunfixmobile.ee\/wp-content\/uploads\/2025\/01\/bfdf9da0913e7b224cb2bc00a5fb5348.webp\",\"datePublished\":\"2025-01-15T09:50:17+00:00\",\"dateModified\":\"2025-07-03T10:04:16+00:00\",\"breadcrumb\":{\"@id\":\"https:\/\/sunfixmobile.ee\/toode\/rebel-universaalne-reisilaadija-120w-12-195v-automaatne-11-pistikut-must\/#breadcrumb\"},\"inLanguage\":\"ru-RU\",\"potentialAction\":[{\"@type\":\"ReadAction\",\"target\":[\"https:\/\/sunfixmobile.ee\/toode\/rebel-universaalne-reisilaadija-120w-12-195v-automaatne-11-pistikut-must\/\"]}]},{\"@type\":\"ImageObject\",\"inLanguage\":\"ru-RU\",\"@id\":\"https:\/\/sunfixmobile.ee\/toode\/rebel-universaalne-reisilaadija-120w-12-195v-automaatne-11-pistikut-must\/#primaryimage\",\"url\":\"https:\/\/sunfixmobile.ee\/wp-content\/uploads\/2025\/01\/bfdf9da0913e7b224cb2bc00a5fb5348.webp\",\"contentUrl\":\"https:\/\/sunfixmobile.ee\/wp-content\/uploads\/2025\/01\/bfdf9da0913e7b224cb2bc00a5fb5348.webp\",\"width\":1000,\"height\":1000,\"caption\":\"bfdf9da0913e7b224cb2bc00a5fb5348.\"},{\"@type\":\"BreadcrumbList\",\"@id\":\"https:\/\/sunfixmobile.ee\/toode\/rebel-universaalne-reisilaadija-120w-12-195v-automaatne-11-pistikut-must\/#breadcrumb\",\"itemListElement\":[{\"@type\":\"ListItem\",\"position\":1,\"name\":\"Home\",\"item\":\"https:\/\/sunfixmobile.ee\/ru\/\"},{\"@type\":\"ListItem\",\"position\":2,\"name\":\"\u0412\u0441\u0435 \u0442\u043e\u0432\u0430\u0440\u044b\",\"item\":\"https:\/\/sunfixmobile.ee\/ru\/magazin\/\"},{\"@type\":\"ListItem\",\"position\":3,\"name\":\"REBEL universaalne reisilaadija 120W 12-19,5V automaatne 11 pistikut must\"}]},{\"@type\":\"WebSite\",\"@id\":\"https:\/\/sunfixmobile.ee\/#website\",\"url\":\"https:\/\/sunfixmobile.ee\/\",\"name\":\"CompanySun\",\"description\":\"\",\"publisher\":{\"@id\":\"https:\/\/sunfixmobile.ee\/#organization\"},\"potentialAction\":[{\"@type\":\"SearchAction\",\"target\":{\"@type\":\"EntryPoint\",\"urlTemplate\":\"https:\/\/sunfixmobile.ee\/?s={search_term_string}\"},\"query-input\":{\"@type\":\"PropertyValueSpecification\",\"valueRequired\":true,\"valueName\":\"search_term_string\"}}],\"inLanguage\":\"ru-RU\"},{\"@type\":\"Organization\",\"@id\":\"https:\/\/sunfixmobile.ee\/#organization\",\"name\":\"CompanySun O\u00dc\",\"url\":\"https:\/\/sunfixmobile.ee\/\",\"logo\":{\"@type\":\"ImageObject\",\"inLanguage\":\"ru-RU\",\"@id\":\"https:\/\/sunfixmobile.ee\/#\/schema\/logo\/image\/\",\"url\":\"https:\/\/sunfixmobile.ee\/wp-content\/uploads\/2022\/05\/logo.png\",\"contentUrl\":\"https:\/\/sunfixmobile.ee\/wp-content\/uploads\/2022\/05\/logo.png\",\"width\":257,\"height\":85,\"caption\":\"CompanySun O\u00dc\"},\"image\":{\"@id\":\"https:\/\/sunfixmobile.ee\/#\/schema\/logo\/image\/\"},\"sameAs\":[\"https:\/\/www.facebook.com\/sunfixtallinn\",\"https:\/\/www.instagram.com\/sunfix_eesti\/\"]}]}<\/script>\n<meta property=\"product:price:amount\" content=\"59.90\" \/>\n<meta property=\"product:price:currency\" content=\"EUR\" \/>\n<meta property=\"og:availability\" content=\"instock\" \/>\n<meta property=\"product:availability\" content=\"instock\" \/>\n<meta property=\"product:retailer_item_id\" content=\"5901890110150\" \/>\n<meta property=\"product:condition\" content=\"new\" \/>\n<!-- \/ Yoast SEO plugin. -->","yoast_head_json":{"title":"REBEL universaalne reisilaadija 120W 12-19,5V automaatne 11 pistikut must - CompanySun","robots":{"index":"index","follow":"follow","max-snippet":"max-snippet:-1","max-image-preview":"max-image-preview:large","max-video-preview":"max-video-preview:-1"},"canonical":"https:\/\/sunfixmobile.ee\/toode\/rebel-universaalne-reisilaadija-120w-12-195v-automaatne-11-pistikut-must\/","og_locale":"ru_RU","og_type":"article","og_title":"REBEL universaalne reisilaadija 120W 12-19,5V automaatne 11 pistikut must - CompanySun","og_description":"Universaalne REBEL toiteplokk 11 otsaga ja v\u00f5imsusega 120 W. Sobib enamikule populaarseimatele s\u00fclearvutimudelitele. Universaalset toiteallikat iseloomustab parim kvaliteet ja t\u00f6\u00f6tlus kvaliteetsetest materjalidest. See sobib ideaalselt koju ja t\u00f6\u00f6le, p\u00f5hi- v\u00f5i varutoiteallikana. 120 W toiteallikal on 11 mudelit otsikuid, t\u00e4nu millele saab seda kohandada mitme s\u00fclearvuti mudeliga. Kaasaegne \u00fclit\u00f5hus toiteallikas laadib teie s\u00fclearvuti kiiresti ja turvaliselt...","og_url":"https:\/\/sunfixmobile.ee\/toode\/rebel-universaalne-reisilaadija-120w-12-195v-automaatne-11-pistikut-must\/","og_site_name":"CompanySun","article_publisher":"https:\/\/www.facebook.com\/sunfixtallinn","article_modified_time":"2025-07-03T10:04:16+00:00","og_image":[{"width":2000,"height":1335,"url":"https:\/\/sunfixmobile.ee\/wp-content\/uploads\/2022\/05\/1.jpg","type":"image\/jpeg"}],"twitter_card":"summary_large_image","twitter_misc":{"\u0426\u0435\u043d\u0430":"59,90&nbsp;&euro;","\u0414\u043e\u0441\u0442\u0443\u043f\u043d\u043e\u0441\u0442\u044c":"\u0412 \u043d\u0430\u043b\u0438\u0447\u0438\u0438"},"schema":{"@context":"https:\/\/schema.org","@graph":[{"@type":"WebPage","@id":"https:\/\/sunfixmobile.ee\/toode\/rebel-universaalne-reisilaadija-120w-12-195v-automaatne-11-pistikut-must\/","url":"https:\/\/sunfixmobile.ee\/toode\/rebel-universaalne-reisilaadija-120w-12-195v-automaatne-11-pistikut-must\/","name":"REBEL universaalne reisilaadija 120W 12-19,5V automaatne 11 pistikut must - CompanySun","isPartOf":{"@id":"https:\/\/sunfixmobile.ee\/#website"},"primaryImageOfPage":{"@id":"https:\/\/sunfixmobile.ee\/toode\/rebel-universaalne-reisilaadija-120w-12-195v-automaatne-11-pistikut-must\/#primaryimage"},"image":{"@id":"https:\/\/sunfixmobile.ee\/toode\/rebel-universaalne-reisilaadija-120w-12-195v-automaatne-11-pistikut-must\/#primaryimage"},"thumbnailUrl":"https:\/\/sunfixmobile.ee\/wp-content\/uploads\/2025\/01\/bfdf9da0913e7b224cb2bc00a5fb5348.webp","datePublished":"2025-01-15T09:50:17+00:00","dateModified":"2025-07-03T10:04:16+00:00","breadcrumb":{"@id":"https:\/\/sunfixmobile.ee\/toode\/rebel-universaalne-reisilaadija-120w-12-195v-automaatne-11-pistikut-must\/#breadcrumb"},"inLanguage":"ru-RU","potentialAction":[{"@type":"ReadAction","target":["https:\/\/sunfixmobile.ee\/toode\/rebel-universaalne-reisilaadija-120w-12-195v-automaatne-11-pistikut-must\/"]}]},{"@type":"ImageObject","inLanguage":"ru-RU","@id":"https:\/\/sunfixmobile.ee\/toode\/rebel-universaalne-reisilaadija-120w-12-195v-automaatne-11-pistikut-must\/#primaryimage","url":"https:\/\/sunfixmobile.ee\/wp-content\/uploads\/2025\/01\/bfdf9da0913e7b224cb2bc00a5fb5348.webp","contentUrl":"https:\/\/sunfixmobile.ee\/wp-content\/uploads\/2025\/01\/bfdf9da0913e7b224cb2bc00a5fb5348.webp","width":1000,"height":1000,"caption":"bfdf9da0913e7b224cb2bc00a5fb5348."},{"@type":"BreadcrumbList","@id":"https:\/\/sunfixmobile.ee\/toode\/rebel-universaalne-reisilaadija-120w-12-195v-automaatne-11-pistikut-must\/#breadcrumb","itemListElement":[{"@type":"ListItem","position":1,"name":"Home","item":"https:\/\/sunfixmobile.ee\/ru\/"},{"@type":"ListItem","position":2,"name":"\u0412\u0441\u0435 \u0442\u043e\u0432\u0430\u0440\u044b","item":"https:\/\/sunfixmobile.ee\/ru\/magazin\/"},{"@type":"ListItem","position":3,"name":"REBEL universaalne reisilaadija 120W 12-19,5V automaatne 11 pistikut must"}]},{"@type":"WebSite","@id":"https:\/\/sunfixmobile.ee\/#website","url":"https:\/\/sunfixmobile.ee\/","name":"CompanySun","description":"","publisher":{"@id":"https:\/\/sunfixmobile.ee\/#organization"},"potentialAction":[{"@type":"SearchAction","target":{"@type":"EntryPoint","urlTemplate":"https:\/\/sunfixmobile.ee\/?s={search_term_string}"},"query-input":{"@type":"PropertyValueSpecification","valueRequired":true,"valueName":"search_term_string"}}],"inLanguage":"ru-RU"},{"@type":"Organization","@id":"https:\/\/sunfixmobile.ee\/#organization","name":"CompanySun O\u00dc","url":"https:\/\/sunfixmobile.ee\/","logo":{"@type":"ImageObject","inLanguage":"ru-RU","@id":"https:\/\/sunfixmobile.ee\/#\/schema\/logo\/image\/","url":"https:\/\/sunfixmobile.ee\/wp-content\/uploads\/2022\/05\/logo.png","contentUrl":"https:\/\/sunfixmobile.ee\/wp-content\/uploads\/2022\/05\/logo.png","width":257,"height":85,"caption":"CompanySun O\u00dc"},"image":{"@id":"https:\/\/sunfixmobile.ee\/#\/schema\/logo\/image\/"},"sameAs":["https:\/\/www.facebook.com\/sunfixtallinn","https:\/\/www.instagram.com\/sunfix_eesti\/"]}]},"product_price_amount":"59.90","product_price_currency":"EUR","og_availability":"instock","product_availability":"instock","product_retailer_item_id":"5901890110150","product_condition":"new"},"_links":{"self":[{"href":"https:\/\/sunfixmobile.ee\/ru\/wp-json\/wp\/v2\/product\/14681","targetHints":{"allow":["GET"]}}],"collection":[{"href":"https:\/\/sunfixmobile.ee\/ru\/wp-json\/wp\/v2\/product"}],"about":[{"href":"https:\/\/sunfixmobile.ee\/ru\/wp-json\/wp\/v2\/types\/product"}],"wp:featuredmedia":[{"embeddable":true,"href":"https:\/\/sunfixmobile.ee\/ru\/wp-json\/wp\/v2\/media\/14673"}],"wp:attachment":[{"href":"https:\/\/sunfixmobile.ee\/ru\/wp-json\/wp\/v2\/media?parent=14681"}],"wp:term":[{"taxonomy":"product_brand","embeddable":true,"href":"https:\/\/sunfixmobile.ee\/ru\/wp-json\/wp\/v2\/product_brand?post=14681"},{"taxonomy":"product_cat","embeddable":true,"href":"https:\/\/sunfixmobile.ee\/ru\/wp-json\/wp\/v2\/product_cat?post=14681"},{"taxonomy":"product_tag","embeddable":true,"href":"https:\/\/sunfixmobile.ee\/ru\/wp-json\/wp\/v2\/product_tag?post=14681"}],"curies":[{"name":"wp","href":"https:\/\/api.w.org\/{rel}","templated":true}]}}