{"id":14646,"date":"2025-01-15T09:35:12","date_gmt":"2025-01-15T09:35:12","guid":{"rendered":"https:\/\/sunfixmobile.ee\/toode\/varta-lithium-aku-cr2032-3v-bios-1tk\/"},"modified":"2026-04-09T03:00:07","modified_gmt":"2026-04-09T00:00:07","slug":"varta-lithium-aku-cr2032-3v-bios-1tk","status":"publish","type":"product","link":"https:\/\/sunfixmobile.ee\/ru\/tovar\/varta-lithium-aku-cr2032-3v-bios-1tk\/","title":{"rendered":"VARTA lithium aku CR2032 3V Bios 1tk"},"content":{"rendered":"<p>Kvaliteetne liitiumaku elektroonikaseadmetele. Spetsiaalne pakend kaitseb volitamata juurdep\u00e4\u00e4su eest.<\/p>\n<p>Akut saab kasutada v\u00e4ikeste elektroonikaseadmete jaoks. Ideaalne mitmesuguste p\u00f5hi- ja nutikate rakenduste jaoks, nagu autov\u00f5tmed, kaugjuhtimispuldid, kaalud, meditsiiniseadmed, nutikodu s\u00fcsteemiseadmed ja palju muud.<\/p>\n<p>Neil on spetsiaalselt disainitud pakend, mida saab avada ainult k\u00e4\u00e4ridega. See kaitseb volitamata juurdep\u00e4\u00e4su eest, n\u00e4iteks laste eest.<\/p>\n<p>Tehniline spetsifikatsioon:<\/p>\n<p>T\u00fc\u00fcp: 6032<br \/>L\u00e4bim\u00f5\u00f5t: 20,0 mm<br \/>K\u00f5rgus: 3,2 mm<br \/>Kaal: 3,0 g<br \/>Elektrokeemiline s\u00fcsteem: liitiumaku<br \/>Pinge: 3V<\/p>\n","protected":false},"excerpt":{"rendered":"<p>Kvaliteetne liitiumaku elektroonikaseadmetele. Spetsiaalne pakend kaitseb volitamata juurdep\u00e4\u00e4su eest. Akut saab kasutada v\u00e4ikeste elektroonikaseadmete jaoks. Ideaalne mitmesuguste p\u00f5hi- ja nutikate rakenduste jaoks, nagu autov\u00f5tmed, kaugjuhtimispuldid, kaalud, meditsiiniseadmed, nutikodu s\u00fcsteemiseadmed ja palju muud. Neil on spetsiaalselt disainitud pakend, mida saab avada ainult k\u00e4\u00e4ridega. See kaitseb volitamata juurdep\u00e4\u00e4su eest, n\u00e4iteks laste eest. Tehniline spetsifikatsioon: T\u00fc\u00fcp: 6032L\u00e4bim\u00f5\u00f5t: 20,0&#8230;<\/p>\n","protected":false},"featured_media":14644,"template":"","meta":[],"product_brand":[],"product_cat":[1243],"product_tag":[],"class_list":{"0":"post-14646","1":"product","2":"type-product","3":"status-publish","4":"has-post-thumbnail","6":"product_cat-muu-elektroonika","8":"first","9":"instock","10":"taxable","11":"shipping-taxable","12":"purchasable","13":"product-type-simple"},"yoast_head":"<!-- This site is optimized with the Yoast SEO plugin v27.2 - https:\/\/yoast.com\/product\/yoast-seo-wordpress\/ -->\n<title>VARTA lithium aku CR2032 3V Bios 1tk - CompanySun<\/title>\n<meta name=\"robots\" content=\"index, follow, max-snippet:-1, max-image-preview:large, max-video-preview:-1\" \/>\n<link rel=\"canonical\" href=\"https:\/\/sunfixmobile.ee\/toode\/varta-lithium-aku-cr2032-3v-bios-1tk\/\" \/>\n<meta property=\"og:locale\" content=\"ru_RU\" \/>\n<meta property=\"og:type\" content=\"article\" \/>\n<meta property=\"og:title\" content=\"VARTA lithium aku CR2032 3V Bios 1tk - CompanySun\" \/>\n<meta property=\"og:description\" content=\"Kvaliteetne liitiumaku elektroonikaseadmetele. Spetsiaalne pakend kaitseb volitamata juurdep\u00e4\u00e4su eest. Akut saab kasutada v\u00e4ikeste elektroonikaseadmete jaoks. Ideaalne mitmesuguste p\u00f5hi- ja nutikate rakenduste jaoks, nagu autov\u00f5tmed, kaugjuhtimispuldid, kaalud, meditsiiniseadmed, nutikodu s\u00fcsteemiseadmed ja palju muud. Neil on spetsiaalselt disainitud pakend, mida saab avada ainult k\u00e4\u00e4ridega. See kaitseb volitamata juurdep\u00e4\u00e4su eest, n\u00e4iteks laste eest. Tehniline spetsifikatsioon: T\u00fc\u00fcp: 6032L\u00e4bim\u00f5\u00f5t: 20,0...\" \/>\n<meta property=\"og:url\" content=\"https:\/\/sunfixmobile.ee\/toode\/varta-lithium-aku-cr2032-3v-bios-1tk\/\" \/>\n<meta property=\"og:site_name\" content=\"CompanySun\" \/>\n<meta property=\"article:publisher\" content=\"https:\/\/www.facebook.com\/sunfixtallinn\" \/>\n<meta property=\"article:modified_time\" content=\"2026-04-09T00:00:07+00:00\" \/>\n<meta property=\"og:image\" content=\"https:\/\/sunfixmobile.ee\/wp-content\/uploads\/2022\/05\/1.jpg\" \/>\n\t<meta property=\"og:image:width\" content=\"2000\" \/>\n\t<meta property=\"og:image:height\" content=\"1335\" \/>\n\t<meta property=\"og:image:type\" content=\"image\/jpeg\" \/>\n<meta name=\"twitter:card\" content=\"summary_large_image\" \/>\n<meta name=\"twitter:label1\" content=\"\u0426\u0435\u043d\u0430\" \/>\n\t<meta name=\"twitter:data1\" content=\"3,00&nbsp;&euro;\" \/>\n\t<meta name=\"twitter:label2\" content=\"\u0414\u043e\u0441\u0442\u0443\u043f\u043d\u043e\u0441\u0442\u044c\" \/>\n\t<meta name=\"twitter:data2\" content=\"\u0412 \u043d\u0430\u043b\u0438\u0447\u0438\u0438\" \/>\n<script type=\"application\/ld+json\" class=\"yoast-schema-graph\">{\"@context\":\"https:\/\/schema.org\",\"@graph\":[{\"@type\":\"WebPage\",\"@id\":\"https:\/\/sunfixmobile.ee\/toode\/varta-lithium-aku-cr2032-3v-bios-1tk\/\",\"url\":\"https:\/\/sunfixmobile.ee\/toode\/varta-lithium-aku-cr2032-3v-bios-1tk\/\",\"name\":\"VARTA lithium aku CR2032 3V Bios 1tk - CompanySun\",\"isPartOf\":{\"@id\":\"https:\/\/sunfixmobile.ee\/#website\"},\"primaryImageOfPage\":{\"@id\":\"https:\/\/sunfixmobile.ee\/toode\/varta-lithium-aku-cr2032-3v-bios-1tk\/#primaryimage\"},\"image\":{\"@id\":\"https:\/\/sunfixmobile.ee\/toode\/varta-lithium-aku-cr2032-3v-bios-1tk\/#primaryimage\"},\"thumbnailUrl\":\"https:\/\/sunfixmobile.ee\/wp-content\/uploads\/2025\/01\/25f8f4b0eb28bf896c142b102dd57b98.webp\",\"datePublished\":\"2025-01-15T09:35:12+00:00\",\"dateModified\":\"2026-04-09T00:00:07+00:00\",\"breadcrumb\":{\"@id\":\"https:\/\/sunfixmobile.ee\/toode\/varta-lithium-aku-cr2032-3v-bios-1tk\/#breadcrumb\"},\"inLanguage\":\"ru-RU\",\"potentialAction\":[{\"@type\":\"ReadAction\",\"target\":[\"https:\/\/sunfixmobile.ee\/toode\/varta-lithium-aku-cr2032-3v-bios-1tk\/\"]}]},{\"@type\":\"ImageObject\",\"inLanguage\":\"ru-RU\",\"@id\":\"https:\/\/sunfixmobile.ee\/toode\/varta-lithium-aku-cr2032-3v-bios-1tk\/#primaryimage\",\"url\":\"https:\/\/sunfixmobile.ee\/wp-content\/uploads\/2025\/01\/25f8f4b0eb28bf896c142b102dd57b98.webp\",\"contentUrl\":\"https:\/\/sunfixmobile.ee\/wp-content\/uploads\/2025\/01\/25f8f4b0eb28bf896c142b102dd57b98.webp\",\"width\":1000,\"height\":1000,\"caption\":\"25f8f4b0eb28bf896c142b102dd57b98.\"},{\"@type\":\"BreadcrumbList\",\"@id\":\"https:\/\/sunfixmobile.ee\/toode\/varta-lithium-aku-cr2032-3v-bios-1tk\/#breadcrumb\",\"itemListElement\":[{\"@type\":\"ListItem\",\"position\":1,\"name\":\"Home\",\"item\":\"https:\/\/sunfixmobile.ee\/ru\/\"},{\"@type\":\"ListItem\",\"position\":2,\"name\":\"\u0412\u0441\u0435 \u0442\u043e\u0432\u0430\u0440\u044b\",\"item\":\"https:\/\/sunfixmobile.ee\/ru\/magazin\/\"},{\"@type\":\"ListItem\",\"position\":3,\"name\":\"VARTA lithium aku CR2032 3V Bios 1tk\"}]},{\"@type\":\"WebSite\",\"@id\":\"https:\/\/sunfixmobile.ee\/#website\",\"url\":\"https:\/\/sunfixmobile.ee\/\",\"name\":\"CompanySun\",\"description\":\"\",\"publisher\":{\"@id\":\"https:\/\/sunfixmobile.ee\/#organization\"},\"potentialAction\":[{\"@type\":\"SearchAction\",\"target\":{\"@type\":\"EntryPoint\",\"urlTemplate\":\"https:\/\/sunfixmobile.ee\/?s={search_term_string}\"},\"query-input\":{\"@type\":\"PropertyValueSpecification\",\"valueRequired\":true,\"valueName\":\"search_term_string\"}}],\"inLanguage\":\"ru-RU\"},{\"@type\":\"Organization\",\"@id\":\"https:\/\/sunfixmobile.ee\/#organization\",\"name\":\"CompanySun O\u00dc\",\"url\":\"https:\/\/sunfixmobile.ee\/\",\"logo\":{\"@type\":\"ImageObject\",\"inLanguage\":\"ru-RU\",\"@id\":\"https:\/\/sunfixmobile.ee\/#\/schema\/logo\/image\/\",\"url\":\"https:\/\/sunfixmobile.ee\/wp-content\/uploads\/2022\/05\/logo.png\",\"contentUrl\":\"https:\/\/sunfixmobile.ee\/wp-content\/uploads\/2022\/05\/logo.png\",\"width\":257,\"height\":85,\"caption\":\"CompanySun O\u00dc\"},\"image\":{\"@id\":\"https:\/\/sunfixmobile.ee\/#\/schema\/logo\/image\/\"},\"sameAs\":[\"https:\/\/www.facebook.com\/sunfixtallinn\",\"https:\/\/www.instagram.com\/sunfix_eesti\/\"]}]}<\/script>\n<meta property=\"product:price:amount\" content=\"3.00\" \/>\n<meta property=\"product:price:currency\" content=\"EUR\" \/>\n<meta property=\"og:availability\" content=\"instock\" \/>\n<meta property=\"product:availability\" content=\"instock\" \/>\n<meta property=\"product:retailer_item_id\" content=\"4008496276882\" \/>\n<meta property=\"product:condition\" content=\"new\" \/>\n<!-- \/ Yoast SEO plugin. -->","yoast_head_json":{"title":"VARTA lithium aku CR2032 3V Bios 1tk - CompanySun","robots":{"index":"index","follow":"follow","max-snippet":"max-snippet:-1","max-image-preview":"max-image-preview:large","max-video-preview":"max-video-preview:-1"},"canonical":"https:\/\/sunfixmobile.ee\/toode\/varta-lithium-aku-cr2032-3v-bios-1tk\/","og_locale":"ru_RU","og_type":"article","og_title":"VARTA lithium aku CR2032 3V Bios 1tk - CompanySun","og_description":"Kvaliteetne liitiumaku elektroonikaseadmetele. Spetsiaalne pakend kaitseb volitamata juurdep\u00e4\u00e4su eest. Akut saab kasutada v\u00e4ikeste elektroonikaseadmete jaoks. Ideaalne mitmesuguste p\u00f5hi- ja nutikate rakenduste jaoks, nagu autov\u00f5tmed, kaugjuhtimispuldid, kaalud, meditsiiniseadmed, nutikodu s\u00fcsteemiseadmed ja palju muud. Neil on spetsiaalselt disainitud pakend, mida saab avada ainult k\u00e4\u00e4ridega. See kaitseb volitamata juurdep\u00e4\u00e4su eest, n\u00e4iteks laste eest. Tehniline spetsifikatsioon: T\u00fc\u00fcp: 6032L\u00e4bim\u00f5\u00f5t: 20,0...","og_url":"https:\/\/sunfixmobile.ee\/toode\/varta-lithium-aku-cr2032-3v-bios-1tk\/","og_site_name":"CompanySun","article_publisher":"https:\/\/www.facebook.com\/sunfixtallinn","article_modified_time":"2026-04-09T00:00:07+00:00","og_image":[{"width":2000,"height":1335,"url":"https:\/\/sunfixmobile.ee\/wp-content\/uploads\/2022\/05\/1.jpg","type":"image\/jpeg"}],"twitter_card":"summary_large_image","twitter_misc":{"\u0426\u0435\u043d\u0430":"3,00&nbsp;&euro;","\u0414\u043e\u0441\u0442\u0443\u043f\u043d\u043e\u0441\u0442\u044c":"\u0412 \u043d\u0430\u043b\u0438\u0447\u0438\u0438"},"schema":{"@context":"https:\/\/schema.org","@graph":[{"@type":"WebPage","@id":"https:\/\/sunfixmobile.ee\/toode\/varta-lithium-aku-cr2032-3v-bios-1tk\/","url":"https:\/\/sunfixmobile.ee\/toode\/varta-lithium-aku-cr2032-3v-bios-1tk\/","name":"VARTA lithium aku CR2032 3V Bios 1tk - CompanySun","isPartOf":{"@id":"https:\/\/sunfixmobile.ee\/#website"},"primaryImageOfPage":{"@id":"https:\/\/sunfixmobile.ee\/toode\/varta-lithium-aku-cr2032-3v-bios-1tk\/#primaryimage"},"image":{"@id":"https:\/\/sunfixmobile.ee\/toode\/varta-lithium-aku-cr2032-3v-bios-1tk\/#primaryimage"},"thumbnailUrl":"https:\/\/sunfixmobile.ee\/wp-content\/uploads\/2025\/01\/25f8f4b0eb28bf896c142b102dd57b98.webp","datePublished":"2025-01-15T09:35:12+00:00","dateModified":"2026-04-09T00:00:07+00:00","breadcrumb":{"@id":"https:\/\/sunfixmobile.ee\/toode\/varta-lithium-aku-cr2032-3v-bios-1tk\/#breadcrumb"},"inLanguage":"ru-RU","potentialAction":[{"@type":"ReadAction","target":["https:\/\/sunfixmobile.ee\/toode\/varta-lithium-aku-cr2032-3v-bios-1tk\/"]}]},{"@type":"ImageObject","inLanguage":"ru-RU","@id":"https:\/\/sunfixmobile.ee\/toode\/varta-lithium-aku-cr2032-3v-bios-1tk\/#primaryimage","url":"https:\/\/sunfixmobile.ee\/wp-content\/uploads\/2025\/01\/25f8f4b0eb28bf896c142b102dd57b98.webp","contentUrl":"https:\/\/sunfixmobile.ee\/wp-content\/uploads\/2025\/01\/25f8f4b0eb28bf896c142b102dd57b98.webp","width":1000,"height":1000,"caption":"25f8f4b0eb28bf896c142b102dd57b98."},{"@type":"BreadcrumbList","@id":"https:\/\/sunfixmobile.ee\/toode\/varta-lithium-aku-cr2032-3v-bios-1tk\/#breadcrumb","itemListElement":[{"@type":"ListItem","position":1,"name":"Home","item":"https:\/\/sunfixmobile.ee\/ru\/"},{"@type":"ListItem","position":2,"name":"\u0412\u0441\u0435 \u0442\u043e\u0432\u0430\u0440\u044b","item":"https:\/\/sunfixmobile.ee\/ru\/magazin\/"},{"@type":"ListItem","position":3,"name":"VARTA lithium aku CR2032 3V Bios 1tk"}]},{"@type":"WebSite","@id":"https:\/\/sunfixmobile.ee\/#website","url":"https:\/\/sunfixmobile.ee\/","name":"CompanySun","description":"","publisher":{"@id":"https:\/\/sunfixmobile.ee\/#organization"},"potentialAction":[{"@type":"SearchAction","target":{"@type":"EntryPoint","urlTemplate":"https:\/\/sunfixmobile.ee\/?s={search_term_string}"},"query-input":{"@type":"PropertyValueSpecification","valueRequired":true,"valueName":"search_term_string"}}],"inLanguage":"ru-RU"},{"@type":"Organization","@id":"https:\/\/sunfixmobile.ee\/#organization","name":"CompanySun O\u00dc","url":"https:\/\/sunfixmobile.ee\/","logo":{"@type":"ImageObject","inLanguage":"ru-RU","@id":"https:\/\/sunfixmobile.ee\/#\/schema\/logo\/image\/","url":"https:\/\/sunfixmobile.ee\/wp-content\/uploads\/2022\/05\/logo.png","contentUrl":"https:\/\/sunfixmobile.ee\/wp-content\/uploads\/2022\/05\/logo.png","width":257,"height":85,"caption":"CompanySun O\u00dc"},"image":{"@id":"https:\/\/sunfixmobile.ee\/#\/schema\/logo\/image\/"},"sameAs":["https:\/\/www.facebook.com\/sunfixtallinn","https:\/\/www.instagram.com\/sunfix_eesti\/"]}]},"product_price_amount":"3.00","product_price_currency":"EUR","og_availability":"instock","product_availability":"instock","product_retailer_item_id":"4008496276882","product_condition":"new"},"_links":{"self":[{"href":"https:\/\/sunfixmobile.ee\/ru\/wp-json\/wp\/v2\/product\/14646","targetHints":{"allow":["GET"]}}],"collection":[{"href":"https:\/\/sunfixmobile.ee\/ru\/wp-json\/wp\/v2\/product"}],"about":[{"href":"https:\/\/sunfixmobile.ee\/ru\/wp-json\/wp\/v2\/types\/product"}],"wp:featuredmedia":[{"embeddable":true,"href":"https:\/\/sunfixmobile.ee\/ru\/wp-json\/wp\/v2\/media\/14644"}],"wp:attachment":[{"href":"https:\/\/sunfixmobile.ee\/ru\/wp-json\/wp\/v2\/media?parent=14646"}],"wp:term":[{"taxonomy":"product_brand","embeddable":true,"href":"https:\/\/sunfixmobile.ee\/ru\/wp-json\/wp\/v2\/product_brand?post=14646"},{"taxonomy":"product_cat","embeddable":true,"href":"https:\/\/sunfixmobile.ee\/ru\/wp-json\/wp\/v2\/product_cat?post=14646"},{"taxonomy":"product_tag","embeddable":true,"href":"https:\/\/sunfixmobile.ee\/ru\/wp-json\/wp\/v2\/product_tag?post=14646"}],"curies":[{"name":"wp","href":"https:\/\/api.w.org\/{rel}","templated":true}]}}