{"id":14466,"date":"2024-12-11T14:48:46","date_gmt":"2024-12-11T14:48:46","guid":{"rendered":"https:\/\/sunfixmobile.ee\/toode\/maxcom-mm828-must\/"},"modified":"2025-07-03T10:04:16","modified_gmt":"2025-07-03T10:04:16","slug":"maxcom-mm828-must","status":"publish","type":"product","link":"https:\/\/sunfixmobile.ee\/ru\/tovar\/maxcom-mm828-must\/","title":{"rendered":"Maxcom MM828 must"},"content":{"rendered":"<p>Keeled: poola, inglise, prantsuse, ungari, portugali, vene, hispaania, itaalia, saksa, kreeka, t\u0161ehhi, sloveenia, rumeenia, bulgaaria, horvaadi, taani, hollandi, eesti, l\u00e4ti, leedu, slovaki<br \/>Sagedus: GSM 900\/1800<br \/>WCDMA 900\/2100 LTE B1\/3\/7\/8\/20<br \/>Ekraan: 2,4&#8243; 240 \u00d7 320 px<br \/>MicroSD-kaardi tugi: kuni 16 GB<br \/>Kaks SIM-kaarti<br \/>Kaamera: 0,08 Mpx<br \/>Aku: 1200 mAh<br \/>M\u00f5\u00f5dud: 105,2\u00d755,1\u00d717,9 mm<br \/>USB-C<br \/>SOS ja ICE abinupp<br \/>Suur font ja lihtne men\u00fc\u00fc<br \/>K\u00e4ed-vabad re\u017eiim<br \/>Valju helin<br \/>FM raadio<br \/>Muusika- ja videopleier, diktofon<br \/>\u00c4ratuskell, kalkulaator, kalender, taskulamp<br \/>Heli pesa: 3,5 mm<\/p>\n","protected":false},"excerpt":{"rendered":"<p>Keeled: poola, inglise, prantsuse, ungari, portugali, vene, hispaania, itaalia, saksa, kreeka, t\u0161ehhi, sloveenia, rumeenia, bulgaaria, horvaadi, taani, hollandi, eesti, l\u00e4ti, leedu, slovakiSagedus: GSM 900\/1800WCDMA 900\/2100 LTE B1\/3\/7\/8\/20Ekraan: 2,4&#8243; 240 \u00d7 320 pxMicroSD-kaardi tugi: kuni 16 GBKaks SIM-kaartiKaamera: 0,08 MpxAku: 1200 mAhM\u00f5\u00f5dud: 105,2\u00d755,1\u00d717,9 mmUSB-CSOS ja ICE abinuppSuur font ja lihtne men\u00fc\u00fcK\u00e4ed-vabad re\u017eiimValju helinFM raadioMuusika- ja videopleier,&#8230;<\/p>\n","protected":false},"featured_media":14458,"template":"","meta":[],"product_brand":[],"product_cat":[1259],"product_tag":[],"class_list":{"0":"post-14466","1":"product","2":"type-product","3":"status-publish","4":"has-post-thumbnail","6":"product_cat-telefonid-tahvelarvutid","8":"first","9":"instock","10":"taxable","11":"shipping-taxable","12":"purchasable","13":"product-type-simple"},"yoast_head":"<!-- This site is optimized with the Yoast SEO plugin v27.2 - https:\/\/yoast.com\/product\/yoast-seo-wordpress\/ -->\n<title>Maxcom MM828 must - CompanySun<\/title>\n<meta name=\"robots\" content=\"index, follow, max-snippet:-1, max-image-preview:large, max-video-preview:-1\" \/>\n<link rel=\"canonical\" href=\"https:\/\/sunfixmobile.ee\/toode\/maxcom-mm828-must\/\" \/>\n<meta property=\"og:locale\" content=\"ru_RU\" \/>\n<meta property=\"og:type\" content=\"article\" \/>\n<meta property=\"og:title\" content=\"Maxcom MM828 must - CompanySun\" \/>\n<meta property=\"og:description\" content=\"Keeled: poola, inglise, prantsuse, ungari, portugali, vene, hispaania, itaalia, saksa, kreeka, t\u0161ehhi, sloveenia, rumeenia, bulgaaria, horvaadi, taani, hollandi, eesti, l\u00e4ti, leedu, slovakiSagedus: GSM 900\/1800WCDMA 900\/2100 LTE B1\/3\/7\/8\/20Ekraan: 2,4&#8243; 240 \u00d7 320 pxMicroSD-kaardi tugi: kuni 16 GBKaks SIM-kaartiKaamera: 0,08 MpxAku: 1200 mAhM\u00f5\u00f5dud: 105,2\u00d755,1\u00d717,9 mmUSB-CSOS ja ICE abinuppSuur font ja lihtne men\u00fc\u00fcK\u00e4ed-vabad re\u017eiimValju helinFM raadioMuusika- ja videopleier,...\" \/>\n<meta property=\"og:url\" content=\"https:\/\/sunfixmobile.ee\/toode\/maxcom-mm828-must\/\" \/>\n<meta property=\"og:site_name\" content=\"CompanySun\" \/>\n<meta property=\"article:publisher\" content=\"https:\/\/www.facebook.com\/sunfixtallinn\" \/>\n<meta property=\"article:modified_time\" content=\"2025-07-03T10:04:16+00:00\" \/>\n<meta property=\"og:image\" content=\"https:\/\/sunfixmobile.ee\/wp-content\/uploads\/2024\/12\/toptel-photo-58.jpg\" \/>\n\t<meta property=\"og:image:width\" content=\"800\" \/>\n\t<meta property=\"og:image:height\" content=\"800\" \/>\n\t<meta property=\"og:image:type\" content=\"image\/jpeg\" \/>\n<meta name=\"twitter:card\" content=\"summary_large_image\" \/>\n<meta name=\"twitter:label1\" content=\"\u0426\u0435\u043d\u0430\" \/>\n\t<meta name=\"twitter:data1\" content=\"79,90&nbsp;&euro;\" \/>\n\t<meta name=\"twitter:label2\" content=\"\u0414\u043e\u0441\u0442\u0443\u043f\u043d\u043e\u0441\u0442\u044c\" \/>\n\t<meta name=\"twitter:data2\" content=\"\u0412 \u043d\u0430\u043b\u0438\u0447\u0438\u0438\" \/>\n<script type=\"application\/ld+json\" class=\"yoast-schema-graph\">{\"@context\":\"https:\/\/schema.org\",\"@graph\":[{\"@type\":\"WebPage\",\"@id\":\"https:\/\/sunfixmobile.ee\/toode\/maxcom-mm828-must\/\",\"url\":\"https:\/\/sunfixmobile.ee\/toode\/maxcom-mm828-must\/\",\"name\":\"Maxcom MM828 must - CompanySun\",\"isPartOf\":{\"@id\":\"https:\/\/sunfixmobile.ee\/#website\"},\"primaryImageOfPage\":{\"@id\":\"https:\/\/sunfixmobile.ee\/toode\/maxcom-mm828-must\/#primaryimage\"},\"image\":{\"@id\":\"https:\/\/sunfixmobile.ee\/toode\/maxcom-mm828-must\/#primaryimage\"},\"thumbnailUrl\":\"https:\/\/sunfixmobile.ee\/wp-content\/uploads\/2024\/12\/toptel-photo-58.jpg\",\"datePublished\":\"2024-12-11T14:48:46+00:00\",\"dateModified\":\"2025-07-03T10:04:16+00:00\",\"breadcrumb\":{\"@id\":\"https:\/\/sunfixmobile.ee\/toode\/maxcom-mm828-must\/#breadcrumb\"},\"inLanguage\":\"ru-RU\",\"potentialAction\":[{\"@type\":\"ReadAction\",\"target\":[\"https:\/\/sunfixmobile.ee\/toode\/maxcom-mm828-must\/\"]}]},{\"@type\":\"ImageObject\",\"inLanguage\":\"ru-RU\",\"@id\":\"https:\/\/sunfixmobile.ee\/toode\/maxcom-mm828-must\/#primaryimage\",\"url\":\"https:\/\/sunfixmobile.ee\/wp-content\/uploads\/2024\/12\/toptel-photo-58.jpg\",\"contentUrl\":\"https:\/\/sunfixmobile.ee\/wp-content\/uploads\/2024\/12\/toptel-photo-58.jpg\",\"width\":800,\"height\":800,\"caption\":\"toptel-photo-58\"},{\"@type\":\"BreadcrumbList\",\"@id\":\"https:\/\/sunfixmobile.ee\/toode\/maxcom-mm828-must\/#breadcrumb\",\"itemListElement\":[{\"@type\":\"ListItem\",\"position\":1,\"name\":\"Home\",\"item\":\"https:\/\/sunfixmobile.ee\/ru\/\"},{\"@type\":\"ListItem\",\"position\":2,\"name\":\"\u0412\u0441\u0435 \u0442\u043e\u0432\u0430\u0440\u044b\",\"item\":\"https:\/\/sunfixmobile.ee\/ru\/magazin\/\"},{\"@type\":\"ListItem\",\"position\":3,\"name\":\"Maxcom MM828 must\"}]},{\"@type\":\"WebSite\",\"@id\":\"https:\/\/sunfixmobile.ee\/#website\",\"url\":\"https:\/\/sunfixmobile.ee\/\",\"name\":\"CompanySun\",\"description\":\"\",\"publisher\":{\"@id\":\"https:\/\/sunfixmobile.ee\/#organization\"},\"potentialAction\":[{\"@type\":\"SearchAction\",\"target\":{\"@type\":\"EntryPoint\",\"urlTemplate\":\"https:\/\/sunfixmobile.ee\/?s={search_term_string}\"},\"query-input\":{\"@type\":\"PropertyValueSpecification\",\"valueRequired\":true,\"valueName\":\"search_term_string\"}}],\"inLanguage\":\"ru-RU\"},{\"@type\":\"Organization\",\"@id\":\"https:\/\/sunfixmobile.ee\/#organization\",\"name\":\"CompanySun O\u00dc\",\"url\":\"https:\/\/sunfixmobile.ee\/\",\"logo\":{\"@type\":\"ImageObject\",\"inLanguage\":\"ru-RU\",\"@id\":\"https:\/\/sunfixmobile.ee\/#\/schema\/logo\/image\/\",\"url\":\"https:\/\/sunfixmobile.ee\/wp-content\/uploads\/2022\/05\/logo.png\",\"contentUrl\":\"https:\/\/sunfixmobile.ee\/wp-content\/uploads\/2022\/05\/logo.png\",\"width\":257,\"height\":85,\"caption\":\"CompanySun O\u00dc\"},\"image\":{\"@id\":\"https:\/\/sunfixmobile.ee\/#\/schema\/logo\/image\/\"},\"sameAs\":[\"https:\/\/www.facebook.com\/sunfixtallinn\",\"https:\/\/www.instagram.com\/sunfix_eesti\/\"]}]}<\/script>\n<meta property=\"product:price:amount\" content=\"79.90\" \/>\n<meta property=\"product:price:currency\" content=\"EUR\" \/>\n<meta property=\"og:availability\" content=\"instock\" \/>\n<meta property=\"product:availability\" content=\"instock\" \/>\n<meta property=\"product:retailer_item_id\" content=\"5908235977584\" \/>\n<meta property=\"product:condition\" content=\"new\" \/>\n<!-- \/ Yoast SEO plugin. -->","yoast_head_json":{"title":"Maxcom MM828 must - CompanySun","robots":{"index":"index","follow":"follow","max-snippet":"max-snippet:-1","max-image-preview":"max-image-preview:large","max-video-preview":"max-video-preview:-1"},"canonical":"https:\/\/sunfixmobile.ee\/toode\/maxcom-mm828-must\/","og_locale":"ru_RU","og_type":"article","og_title":"Maxcom MM828 must - CompanySun","og_description":"Keeled: poola, inglise, prantsuse, ungari, portugali, vene, hispaania, itaalia, saksa, kreeka, t\u0161ehhi, sloveenia, rumeenia, bulgaaria, horvaadi, taani, hollandi, eesti, l\u00e4ti, leedu, slovakiSagedus: GSM 900\/1800WCDMA 900\/2100 LTE B1\/3\/7\/8\/20Ekraan: 2,4&#8243; 240 \u00d7 320 pxMicroSD-kaardi tugi: kuni 16 GBKaks SIM-kaartiKaamera: 0,08 MpxAku: 1200 mAhM\u00f5\u00f5dud: 105,2\u00d755,1\u00d717,9 mmUSB-CSOS ja ICE abinuppSuur font ja lihtne men\u00fc\u00fcK\u00e4ed-vabad re\u017eiimValju helinFM raadioMuusika- ja videopleier,...","og_url":"https:\/\/sunfixmobile.ee\/toode\/maxcom-mm828-must\/","og_site_name":"CompanySun","article_publisher":"https:\/\/www.facebook.com\/sunfixtallinn","article_modified_time":"2025-07-03T10:04:16+00:00","og_image":[{"width":800,"height":800,"url":"https:\/\/sunfixmobile.ee\/wp-content\/uploads\/2024\/12\/toptel-photo-58.jpg","type":"image\/jpeg"}],"twitter_card":"summary_large_image","twitter_misc":{"\u0426\u0435\u043d\u0430":"79,90&nbsp;&euro;","\u0414\u043e\u0441\u0442\u0443\u043f\u043d\u043e\u0441\u0442\u044c":"\u0412 \u043d\u0430\u043b\u0438\u0447\u0438\u0438"},"schema":{"@context":"https:\/\/schema.org","@graph":[{"@type":"WebPage","@id":"https:\/\/sunfixmobile.ee\/toode\/maxcom-mm828-must\/","url":"https:\/\/sunfixmobile.ee\/toode\/maxcom-mm828-must\/","name":"Maxcom MM828 must - CompanySun","isPartOf":{"@id":"https:\/\/sunfixmobile.ee\/#website"},"primaryImageOfPage":{"@id":"https:\/\/sunfixmobile.ee\/toode\/maxcom-mm828-must\/#primaryimage"},"image":{"@id":"https:\/\/sunfixmobile.ee\/toode\/maxcom-mm828-must\/#primaryimage"},"thumbnailUrl":"https:\/\/sunfixmobile.ee\/wp-content\/uploads\/2024\/12\/toptel-photo-58.jpg","datePublished":"2024-12-11T14:48:46+00:00","dateModified":"2025-07-03T10:04:16+00:00","breadcrumb":{"@id":"https:\/\/sunfixmobile.ee\/toode\/maxcom-mm828-must\/#breadcrumb"},"inLanguage":"ru-RU","potentialAction":[{"@type":"ReadAction","target":["https:\/\/sunfixmobile.ee\/toode\/maxcom-mm828-must\/"]}]},{"@type":"ImageObject","inLanguage":"ru-RU","@id":"https:\/\/sunfixmobile.ee\/toode\/maxcom-mm828-must\/#primaryimage","url":"https:\/\/sunfixmobile.ee\/wp-content\/uploads\/2024\/12\/toptel-photo-58.jpg","contentUrl":"https:\/\/sunfixmobile.ee\/wp-content\/uploads\/2024\/12\/toptel-photo-58.jpg","width":800,"height":800,"caption":"toptel-photo-58"},{"@type":"BreadcrumbList","@id":"https:\/\/sunfixmobile.ee\/toode\/maxcom-mm828-must\/#breadcrumb","itemListElement":[{"@type":"ListItem","position":1,"name":"Home","item":"https:\/\/sunfixmobile.ee\/ru\/"},{"@type":"ListItem","position":2,"name":"\u0412\u0441\u0435 \u0442\u043e\u0432\u0430\u0440\u044b","item":"https:\/\/sunfixmobile.ee\/ru\/magazin\/"},{"@type":"ListItem","position":3,"name":"Maxcom MM828 must"}]},{"@type":"WebSite","@id":"https:\/\/sunfixmobile.ee\/#website","url":"https:\/\/sunfixmobile.ee\/","name":"CompanySun","description":"","publisher":{"@id":"https:\/\/sunfixmobile.ee\/#organization"},"potentialAction":[{"@type":"SearchAction","target":{"@type":"EntryPoint","urlTemplate":"https:\/\/sunfixmobile.ee\/?s={search_term_string}"},"query-input":{"@type":"PropertyValueSpecification","valueRequired":true,"valueName":"search_term_string"}}],"inLanguage":"ru-RU"},{"@type":"Organization","@id":"https:\/\/sunfixmobile.ee\/#organization","name":"CompanySun O\u00dc","url":"https:\/\/sunfixmobile.ee\/","logo":{"@type":"ImageObject","inLanguage":"ru-RU","@id":"https:\/\/sunfixmobile.ee\/#\/schema\/logo\/image\/","url":"https:\/\/sunfixmobile.ee\/wp-content\/uploads\/2022\/05\/logo.png","contentUrl":"https:\/\/sunfixmobile.ee\/wp-content\/uploads\/2022\/05\/logo.png","width":257,"height":85,"caption":"CompanySun O\u00dc"},"image":{"@id":"https:\/\/sunfixmobile.ee\/#\/schema\/logo\/image\/"},"sameAs":["https:\/\/www.facebook.com\/sunfixtallinn","https:\/\/www.instagram.com\/sunfix_eesti\/"]}]},"product_price_amount":"79.90","product_price_currency":"EUR","og_availability":"instock","product_availability":"instock","product_retailer_item_id":"5908235977584","product_condition":"new"},"_links":{"self":[{"href":"https:\/\/sunfixmobile.ee\/ru\/wp-json\/wp\/v2\/product\/14466","targetHints":{"allow":["GET"]}}],"collection":[{"href":"https:\/\/sunfixmobile.ee\/ru\/wp-json\/wp\/v2\/product"}],"about":[{"href":"https:\/\/sunfixmobile.ee\/ru\/wp-json\/wp\/v2\/types\/product"}],"wp:featuredmedia":[{"embeddable":true,"href":"https:\/\/sunfixmobile.ee\/ru\/wp-json\/wp\/v2\/media\/14458"}],"wp:attachment":[{"href":"https:\/\/sunfixmobile.ee\/ru\/wp-json\/wp\/v2\/media?parent=14466"}],"wp:term":[{"taxonomy":"product_brand","embeddable":true,"href":"https:\/\/sunfixmobile.ee\/ru\/wp-json\/wp\/v2\/product_brand?post=14466"},{"taxonomy":"product_cat","embeddable":true,"href":"https:\/\/sunfixmobile.ee\/ru\/wp-json\/wp\/v2\/product_cat?post=14466"},{"taxonomy":"product_tag","embeddable":true,"href":"https:\/\/sunfixmobile.ee\/ru\/wp-json\/wp\/v2\/product_tag?post=14466"}],"curies":[{"name":"wp","href":"https:\/\/api.w.org\/{rel}","templated":true}]}}