{"id":14258,"date":"2024-12-04T12:18:47","date_gmt":"2024-12-04T12:18:47","guid":{"rendered":"https:\/\/sunfixmobile.ee\/toode\/samsung-ic-100bwe-usb-c-korvaklapid-valge\/"},"modified":"2026-03-06T00:00:14","modified_gmt":"2026-03-06T00:00:14","slug":"samsung-ic-100bwe-usb-c-korvaklapid-valge","status":"publish","type":"product","link":"https:\/\/sunfixmobile.ee\/ru\/tovar\/samsung-ic-100bwe-usb-c-korvaklapid-valge\/","title":{"rendered":"Samsung IC-100BWE USB-C k\u00f5rvaklapid valge"},"content":{"rendered":"<p>Algsed stereofoonilised AKG k\u00f5rvaklapid, mis \u00fchilduvad Galaxy S10\/S10+ nutitelefonidega. See on erakordse mustri ja stiili kombinatsioon.<\/p>\n<p>Komplektil on profileeritud kaasaegsed k\u00f5rvaklapid koos In-ear Fit katetega, mis isoleerivad \u00fcmbritsevast m\u00fcrast ning tagavad k\u00f5rgeima kvaliteediga ja puhta heli.<\/p>\n<p>K\u00f5rvaklappidel on mikrofon, mis v\u00f5imaldab vestlust pidada ja v\u00e4hendada h\u00e4ireid, n\u00e4iteks tuule kohinat. Sisseehitatud stereopeakomplekti nupp v\u00f5imaldab valida lugusid ja reguleerida helitugevust. K\u00f5rvaklapid on v\u00e4ga kerged ja mugavad kasutada.<\/p>\n<p>Tootel on standardne k\u00f5rvaklappide pesa: 3,5 mm.<\/p>\n","protected":false},"excerpt":{"rendered":"<p>Algsed stereofoonilised AKG k\u00f5rvaklapid, mis \u00fchilduvad Galaxy S10\/S10+ nutitelefonidega. See on erakordse mustri ja stiili kombinatsioon. Komplektil on profileeritud kaasaegsed k\u00f5rvaklapid koos In-ear Fit katetega, mis isoleerivad \u00fcmbritsevast m\u00fcrast ning tagavad k\u00f5rgeima kvaliteediga ja puhta heli. K\u00f5rvaklappidel on mikrofon, mis v\u00f5imaldab vestlust pidada ja v\u00e4hendada h\u00e4ireid, n\u00e4iteks tuule kohinat. Sisseehitatud stereopeakomplekti nupp v\u00f5imaldab valida lugusid&#8230;<\/p>\n","protected":false},"featured_media":14250,"template":"","meta":[],"product_brand":[],"product_cat":[1254],"product_tag":[],"class_list":{"0":"post-14258","1":"product","2":"type-product","3":"status-publish","4":"has-post-thumbnail","6":"product_cat-korvaklapid","8":"first","9":"instock","10":"taxable","11":"shipping-taxable","12":"purchasable","13":"product-type-simple"},"yoast_head":"<!-- This site is optimized with the Yoast SEO plugin v27.2 - https:\/\/yoast.com\/product\/yoast-seo-wordpress\/ -->\n<title>Samsung IC-100BWE USB-C k\u00f5rvaklapid valge - CompanySun<\/title>\n<meta name=\"robots\" content=\"index, follow, max-snippet:-1, max-image-preview:large, max-video-preview:-1\" \/>\n<link rel=\"canonical\" href=\"https:\/\/sunfixmobile.ee\/toode\/samsung-ic-100bwe-usb-c-korvaklapid-valge\/\" \/>\n<meta property=\"og:locale\" content=\"ru_RU\" \/>\n<meta property=\"og:type\" content=\"article\" \/>\n<meta property=\"og:title\" content=\"Samsung IC-100BWE USB-C k\u00f5rvaklapid valge - CompanySun\" \/>\n<meta property=\"og:description\" content=\"Algsed stereofoonilised AKG k\u00f5rvaklapid, mis \u00fchilduvad Galaxy S10\/S10+ nutitelefonidega. See on erakordse mustri ja stiili kombinatsioon. Komplektil on profileeritud kaasaegsed k\u00f5rvaklapid koos In-ear Fit katetega, mis isoleerivad \u00fcmbritsevast m\u00fcrast ning tagavad k\u00f5rgeima kvaliteediga ja puhta heli. K\u00f5rvaklappidel on mikrofon, mis v\u00f5imaldab vestlust pidada ja v\u00e4hendada h\u00e4ireid, n\u00e4iteks tuule kohinat. Sisseehitatud stereopeakomplekti nupp v\u00f5imaldab valida lugusid...\" \/>\n<meta property=\"og:url\" content=\"https:\/\/sunfixmobile.ee\/toode\/samsung-ic-100bwe-usb-c-korvaklapid-valge\/\" \/>\n<meta property=\"og:site_name\" content=\"CompanySun\" \/>\n<meta property=\"article:publisher\" content=\"https:\/\/www.facebook.com\/sunfixtallinn\" \/>\n<meta property=\"article:modified_time\" content=\"2026-03-06T00:00:14+00:00\" \/>\n<meta property=\"og:image\" content=\"https:\/\/sunfixmobile.ee\/wp-content\/uploads\/2022\/05\/1.jpg\" \/>\n\t<meta property=\"og:image:width\" content=\"2000\" \/>\n\t<meta property=\"og:image:height\" content=\"1335\" \/>\n\t<meta property=\"og:image:type\" content=\"image\/jpeg\" \/>\n<meta name=\"twitter:card\" content=\"summary_large_image\" \/>\n<meta name=\"twitter:label1\" content=\"\u0426\u0435\u043d\u0430\" \/>\n\t<meta name=\"twitter:data1\" content=\"34,90&nbsp;&euro;\" \/>\n\t<meta name=\"twitter:label2\" content=\"\u0414\u043e\u0441\u0442\u0443\u043f\u043d\u043e\u0441\u0442\u044c\" \/>\n\t<meta name=\"twitter:data2\" content=\"\u0412 \u043d\u0430\u043b\u0438\u0447\u0438\u0438\" \/>\n<script type=\"application\/ld+json\" class=\"yoast-schema-graph\">{\"@context\":\"https:\/\/schema.org\",\"@graph\":[{\"@type\":\"WebPage\",\"@id\":\"https:\/\/sunfixmobile.ee\/toode\/samsung-ic-100bwe-usb-c-korvaklapid-valge\/\",\"url\":\"https:\/\/sunfixmobile.ee\/toode\/samsung-ic-100bwe-usb-c-korvaklapid-valge\/\",\"name\":\"Samsung IC-100BWE USB-C k\u00f5rvaklapid valge - CompanySun\",\"isPartOf\":{\"@id\":\"https:\/\/sunfixmobile.ee\/#website\"},\"primaryImageOfPage\":{\"@id\":\"https:\/\/sunfixmobile.ee\/toode\/samsung-ic-100bwe-usb-c-korvaklapid-valge\/#primaryimage\"},\"image\":{\"@id\":\"https:\/\/sunfixmobile.ee\/toode\/samsung-ic-100bwe-usb-c-korvaklapid-valge\/#primaryimage\"},\"thumbnailUrl\":\"https:\/\/sunfixmobile.ee\/wp-content\/uploads\/2024\/12\/2abab9a1563ccd0f5c47fa4446f91037.webp\",\"datePublished\":\"2024-12-04T12:18:47+00:00\",\"dateModified\":\"2026-03-06T00:00:14+00:00\",\"breadcrumb\":{\"@id\":\"https:\/\/sunfixmobile.ee\/toode\/samsung-ic-100bwe-usb-c-korvaklapid-valge\/#breadcrumb\"},\"inLanguage\":\"ru-RU\",\"potentialAction\":[{\"@type\":\"ReadAction\",\"target\":[\"https:\/\/sunfixmobile.ee\/toode\/samsung-ic-100bwe-usb-c-korvaklapid-valge\/\"]}]},{\"@type\":\"ImageObject\",\"inLanguage\":\"ru-RU\",\"@id\":\"https:\/\/sunfixmobile.ee\/toode\/samsung-ic-100bwe-usb-c-korvaklapid-valge\/#primaryimage\",\"url\":\"https:\/\/sunfixmobile.ee\/wp-content\/uploads\/2024\/12\/2abab9a1563ccd0f5c47fa4446f91037.webp\",\"contentUrl\":\"https:\/\/sunfixmobile.ee\/wp-content\/uploads\/2024\/12\/2abab9a1563ccd0f5c47fa4446f91037.webp\",\"width\":1000,\"height\":1000,\"caption\":\"2abab9a1563ccd0f5c47fa4446f91037.\"},{\"@type\":\"BreadcrumbList\",\"@id\":\"https:\/\/sunfixmobile.ee\/toode\/samsung-ic-100bwe-usb-c-korvaklapid-valge\/#breadcrumb\",\"itemListElement\":[{\"@type\":\"ListItem\",\"position\":1,\"name\":\"Home\",\"item\":\"https:\/\/sunfixmobile.ee\/ru\/\"},{\"@type\":\"ListItem\",\"position\":2,\"name\":\"\u0412\u0441\u0435 \u0442\u043e\u0432\u0430\u0440\u044b\",\"item\":\"https:\/\/sunfixmobile.ee\/ru\/magazin\/\"},{\"@type\":\"ListItem\",\"position\":3,\"name\":\"Samsung IC-100BWE USB-C k\u00f5rvaklapid valge\"}]},{\"@type\":\"WebSite\",\"@id\":\"https:\/\/sunfixmobile.ee\/#website\",\"url\":\"https:\/\/sunfixmobile.ee\/\",\"name\":\"CompanySun\",\"description\":\"\",\"publisher\":{\"@id\":\"https:\/\/sunfixmobile.ee\/#organization\"},\"potentialAction\":[{\"@type\":\"SearchAction\",\"target\":{\"@type\":\"EntryPoint\",\"urlTemplate\":\"https:\/\/sunfixmobile.ee\/?s={search_term_string}\"},\"query-input\":{\"@type\":\"PropertyValueSpecification\",\"valueRequired\":true,\"valueName\":\"search_term_string\"}}],\"inLanguage\":\"ru-RU\"},{\"@type\":\"Organization\",\"@id\":\"https:\/\/sunfixmobile.ee\/#organization\",\"name\":\"CompanySun O\u00dc\",\"url\":\"https:\/\/sunfixmobile.ee\/\",\"logo\":{\"@type\":\"ImageObject\",\"inLanguage\":\"ru-RU\",\"@id\":\"https:\/\/sunfixmobile.ee\/#\/schema\/logo\/image\/\",\"url\":\"https:\/\/sunfixmobile.ee\/wp-content\/uploads\/2022\/05\/logo.png\",\"contentUrl\":\"https:\/\/sunfixmobile.ee\/wp-content\/uploads\/2022\/05\/logo.png\",\"width\":257,\"height\":85,\"caption\":\"CompanySun O\u00dc\"},\"image\":{\"@id\":\"https:\/\/sunfixmobile.ee\/#\/schema\/logo\/image\/\"},\"sameAs\":[\"https:\/\/www.facebook.com\/sunfixtallinn\",\"https:\/\/www.instagram.com\/sunfix_eesti\/\"]}]}<\/script>\n<meta property=\"product:price:amount\" content=\"34.90\" \/>\n<meta property=\"product:price:currency\" content=\"EUR\" \/>\n<meta property=\"og:availability\" content=\"instock\" \/>\n<meta property=\"product:availability\" content=\"instock\" \/>\n<meta property=\"product:retailer_item_id\" content=\"8806090270062\" \/>\n<meta property=\"product:condition\" content=\"new\" \/>\n<!-- \/ Yoast SEO plugin. -->","yoast_head_json":{"title":"Samsung IC-100BWE USB-C k\u00f5rvaklapid valge - CompanySun","robots":{"index":"index","follow":"follow","max-snippet":"max-snippet:-1","max-image-preview":"max-image-preview:large","max-video-preview":"max-video-preview:-1"},"canonical":"https:\/\/sunfixmobile.ee\/toode\/samsung-ic-100bwe-usb-c-korvaklapid-valge\/","og_locale":"ru_RU","og_type":"article","og_title":"Samsung IC-100BWE USB-C k\u00f5rvaklapid valge - CompanySun","og_description":"Algsed stereofoonilised AKG k\u00f5rvaklapid, mis \u00fchilduvad Galaxy S10\/S10+ nutitelefonidega. See on erakordse mustri ja stiili kombinatsioon. Komplektil on profileeritud kaasaegsed k\u00f5rvaklapid koos In-ear Fit katetega, mis isoleerivad \u00fcmbritsevast m\u00fcrast ning tagavad k\u00f5rgeima kvaliteediga ja puhta heli. K\u00f5rvaklappidel on mikrofon, mis v\u00f5imaldab vestlust pidada ja v\u00e4hendada h\u00e4ireid, n\u00e4iteks tuule kohinat. Sisseehitatud stereopeakomplekti nupp v\u00f5imaldab valida lugusid...","og_url":"https:\/\/sunfixmobile.ee\/toode\/samsung-ic-100bwe-usb-c-korvaklapid-valge\/","og_site_name":"CompanySun","article_publisher":"https:\/\/www.facebook.com\/sunfixtallinn","article_modified_time":"2026-03-06T00:00:14+00:00","og_image":[{"width":2000,"height":1335,"url":"https:\/\/sunfixmobile.ee\/wp-content\/uploads\/2022\/05\/1.jpg","type":"image\/jpeg"}],"twitter_card":"summary_large_image","twitter_misc":{"\u0426\u0435\u043d\u0430":"34,90&nbsp;&euro;","\u0414\u043e\u0441\u0442\u0443\u043f\u043d\u043e\u0441\u0442\u044c":"\u0412 \u043d\u0430\u043b\u0438\u0447\u0438\u0438"},"schema":{"@context":"https:\/\/schema.org","@graph":[{"@type":"WebPage","@id":"https:\/\/sunfixmobile.ee\/toode\/samsung-ic-100bwe-usb-c-korvaklapid-valge\/","url":"https:\/\/sunfixmobile.ee\/toode\/samsung-ic-100bwe-usb-c-korvaklapid-valge\/","name":"Samsung IC-100BWE USB-C k\u00f5rvaklapid valge - CompanySun","isPartOf":{"@id":"https:\/\/sunfixmobile.ee\/#website"},"primaryImageOfPage":{"@id":"https:\/\/sunfixmobile.ee\/toode\/samsung-ic-100bwe-usb-c-korvaklapid-valge\/#primaryimage"},"image":{"@id":"https:\/\/sunfixmobile.ee\/toode\/samsung-ic-100bwe-usb-c-korvaklapid-valge\/#primaryimage"},"thumbnailUrl":"https:\/\/sunfixmobile.ee\/wp-content\/uploads\/2024\/12\/2abab9a1563ccd0f5c47fa4446f91037.webp","datePublished":"2024-12-04T12:18:47+00:00","dateModified":"2026-03-06T00:00:14+00:00","breadcrumb":{"@id":"https:\/\/sunfixmobile.ee\/toode\/samsung-ic-100bwe-usb-c-korvaklapid-valge\/#breadcrumb"},"inLanguage":"ru-RU","potentialAction":[{"@type":"ReadAction","target":["https:\/\/sunfixmobile.ee\/toode\/samsung-ic-100bwe-usb-c-korvaklapid-valge\/"]}]},{"@type":"ImageObject","inLanguage":"ru-RU","@id":"https:\/\/sunfixmobile.ee\/toode\/samsung-ic-100bwe-usb-c-korvaklapid-valge\/#primaryimage","url":"https:\/\/sunfixmobile.ee\/wp-content\/uploads\/2024\/12\/2abab9a1563ccd0f5c47fa4446f91037.webp","contentUrl":"https:\/\/sunfixmobile.ee\/wp-content\/uploads\/2024\/12\/2abab9a1563ccd0f5c47fa4446f91037.webp","width":1000,"height":1000,"caption":"2abab9a1563ccd0f5c47fa4446f91037."},{"@type":"BreadcrumbList","@id":"https:\/\/sunfixmobile.ee\/toode\/samsung-ic-100bwe-usb-c-korvaklapid-valge\/#breadcrumb","itemListElement":[{"@type":"ListItem","position":1,"name":"Home","item":"https:\/\/sunfixmobile.ee\/ru\/"},{"@type":"ListItem","position":2,"name":"\u0412\u0441\u0435 \u0442\u043e\u0432\u0430\u0440\u044b","item":"https:\/\/sunfixmobile.ee\/ru\/magazin\/"},{"@type":"ListItem","position":3,"name":"Samsung IC-100BWE USB-C k\u00f5rvaklapid valge"}]},{"@type":"WebSite","@id":"https:\/\/sunfixmobile.ee\/#website","url":"https:\/\/sunfixmobile.ee\/","name":"CompanySun","description":"","publisher":{"@id":"https:\/\/sunfixmobile.ee\/#organization"},"potentialAction":[{"@type":"SearchAction","target":{"@type":"EntryPoint","urlTemplate":"https:\/\/sunfixmobile.ee\/?s={search_term_string}"},"query-input":{"@type":"PropertyValueSpecification","valueRequired":true,"valueName":"search_term_string"}}],"inLanguage":"ru-RU"},{"@type":"Organization","@id":"https:\/\/sunfixmobile.ee\/#organization","name":"CompanySun O\u00dc","url":"https:\/\/sunfixmobile.ee\/","logo":{"@type":"ImageObject","inLanguage":"ru-RU","@id":"https:\/\/sunfixmobile.ee\/#\/schema\/logo\/image\/","url":"https:\/\/sunfixmobile.ee\/wp-content\/uploads\/2022\/05\/logo.png","contentUrl":"https:\/\/sunfixmobile.ee\/wp-content\/uploads\/2022\/05\/logo.png","width":257,"height":85,"caption":"CompanySun O\u00dc"},"image":{"@id":"https:\/\/sunfixmobile.ee\/#\/schema\/logo\/image\/"},"sameAs":["https:\/\/www.facebook.com\/sunfixtallinn","https:\/\/www.instagram.com\/sunfix_eesti\/"]}]},"product_price_amount":"34.90","product_price_currency":"EUR","og_availability":"instock","product_availability":"instock","product_retailer_item_id":"8806090270062","product_condition":"new"},"_links":{"self":[{"href":"https:\/\/sunfixmobile.ee\/ru\/wp-json\/wp\/v2\/product\/14258","targetHints":{"allow":["GET"]}}],"collection":[{"href":"https:\/\/sunfixmobile.ee\/ru\/wp-json\/wp\/v2\/product"}],"about":[{"href":"https:\/\/sunfixmobile.ee\/ru\/wp-json\/wp\/v2\/types\/product"}],"wp:featuredmedia":[{"embeddable":true,"href":"https:\/\/sunfixmobile.ee\/ru\/wp-json\/wp\/v2\/media\/14250"}],"wp:attachment":[{"href":"https:\/\/sunfixmobile.ee\/ru\/wp-json\/wp\/v2\/media?parent=14258"}],"wp:term":[{"taxonomy":"product_brand","embeddable":true,"href":"https:\/\/sunfixmobile.ee\/ru\/wp-json\/wp\/v2\/product_brand?post=14258"},{"taxonomy":"product_cat","embeddable":true,"href":"https:\/\/sunfixmobile.ee\/ru\/wp-json\/wp\/v2\/product_cat?post=14258"},{"taxonomy":"product_tag","embeddable":true,"href":"https:\/\/sunfixmobile.ee\/ru\/wp-json\/wp\/v2\/product_tag?post=14258"}],"curies":[{"name":"wp","href":"https:\/\/api.w.org\/{rel}","templated":true}]}}