{"id":14129,"date":"2024-11-13T13:39:34","date_gmt":"2024-11-13T13:39:34","guid":{"rendered":"https:\/\/sunfixmobile.ee\/toode\/ipad-pro-13-2024-dux-ducis-kaitseklaas\/"},"modified":"2025-07-03T10:04:09","modified_gmt":"2025-07-03T10:04:09","slug":"ipad-pro-13-2024-dux-ducis-kaitseklaas","status":"publish","type":"product","link":"https:\/\/sunfixmobile.ee\/ru\/tovar\/ipad-pro-13-2024-dux-ducis-kaitseklaas\/","title":{"rendered":"IPad Pro 13 (2024) DUX DUCIS kaitseklaas"},"content":{"rendered":"<p>Dux Ducis Naad on uuenduslik LCD-ekraani kaitsekate, mis muudab teie tahvelarvuti ekraaniga suhtlemise p\u00f6\u00f6rde. Selle ainulaadne paberitaoline struktuur annab kasutajatele ainulaadse kogemuse, mis sarnaneb p\u00e4ris paberile kirjutamisele v\u00f5i joonistamisele. T\u00e4nu kergelt matile pinnale ja spetsiaalsele kattele ei kaitse kaitse mitte ainult ekraani, vaid ei kahjusta pliiatsi k\u00e4epidet, tagades sujuva ja t\u00e4pse liikumise.<\/p>\n<p>Dux Ducis Naad kaitsme must raam ei kleepu ega t\u00f5mba magnetiliselt k\u00fclge, mis koos uuendusliku nano-vaakum-adsorptsioonitehnoloogiaga garanteerib stabiilse ja turvalise kinnituse tahvelarvuti ekraanile. Paigaldamine on \u00fclilihtne ja mullivaba ning kaasas on &#171;v\u00e4ikeste k\u00f5rvade&#187; kleebised. h\u00f5lbustada fooliumi t\u00e4pset asetamist ja v\u00f5imalikku eemaldamist.<\/p>\n<p>Veelgi enam, Dux Ducis Naad on korduvkasutatav \u2013 kaitset on lihtne eemaldada, puhastada ja uuesti peale panna, mis teeb sellest \u00e4\u00e4rmiselt praktilise lahenduse. Kui eelistate vaadata filme k\u00f5rge eraldusv\u00f5imega, saab kaitsjat kergesti eemaldada ja hoida kindlas kohas, n\u00e4iteks klambris. Kuigi kaitset on v\u00f5imalik kasutada otse karastatud klaaskile peal, on soovitatav kanda see otse tahvelarvuti originaalekraanile, et selle kaitse- ja kasutuspotentsiaal t\u00e4ielikult \u00e4ra kasutada. Dux Ducis Naad on ideaalne lahendus k\u00f5igile, kes hindavad kaitset, funktsionaalsust ja loomulikku kogemust oma seadmele kirjutamisel v\u00f5i joonistamisel.<\/p>\n<p>Spetsifikatsioon:<br \/>Mudel: Dux Ducis Naad<br \/>Materjal: ainulaadne paberitaoline struktuur<br \/>Omadused: korduvkasutatav<\/p>\n","protected":false},"excerpt":{"rendered":"<p>Dux Ducis Naad on uuenduslik LCD-ekraani kaitsekate, mis muudab teie tahvelarvuti ekraaniga suhtlemise p\u00f6\u00f6rde. Selle ainulaadne paberitaoline struktuur annab kasutajatele ainulaadse kogemuse, mis sarnaneb p\u00e4ris paberile kirjutamisele v\u00f5i joonistamisele. T\u00e4nu kergelt matile pinnale ja spetsiaalsele kattele ei kaitse kaitse mitte ainult ekraani, vaid ei kahjusta pliiatsi k\u00e4epidet, tagades sujuva ja t\u00e4pse liikumise. Dux Ducis Naad&#8230;<\/p>\n","protected":false},"featured_media":14125,"template":"","meta":[],"product_brand":[],"product_cat":[1255],"product_tag":[],"class_list":{"0":"post-14129","1":"product","2":"type-product","3":"status-publish","4":"has-post-thumbnail","6":"product_cat-kaitseklaasid","8":"first","9":"instock","10":"taxable","11":"shipping-taxable","12":"purchasable","13":"product-type-simple"},"yoast_head":"<!-- This site is optimized with the Yoast SEO plugin v27.2 - https:\/\/yoast.com\/product\/yoast-seo-wordpress\/ -->\n<title>IPad Pro 13 (2024) DUX DUCIS kaitseklaas - CompanySun<\/title>\n<meta name=\"robots\" content=\"index, follow, max-snippet:-1, max-image-preview:large, max-video-preview:-1\" \/>\n<link rel=\"canonical\" href=\"https:\/\/sunfixmobile.ee\/toode\/ipad-pro-13-2024-dux-ducis-kaitseklaas\/\" \/>\n<meta property=\"og:locale\" content=\"ru_RU\" \/>\n<meta property=\"og:type\" content=\"article\" \/>\n<meta property=\"og:title\" content=\"IPad Pro 13 (2024) DUX DUCIS kaitseklaas - CompanySun\" \/>\n<meta property=\"og:description\" content=\"Dux Ducis Naad on uuenduslik LCD-ekraani kaitsekate, mis muudab teie tahvelarvuti ekraaniga suhtlemise p\u00f6\u00f6rde. Selle ainulaadne paberitaoline struktuur annab kasutajatele ainulaadse kogemuse, mis sarnaneb p\u00e4ris paberile kirjutamisele v\u00f5i joonistamisele. T\u00e4nu kergelt matile pinnale ja spetsiaalsele kattele ei kaitse kaitse mitte ainult ekraani, vaid ei kahjusta pliiatsi k\u00e4epidet, tagades sujuva ja t\u00e4pse liikumise. Dux Ducis Naad...\" \/>\n<meta property=\"og:url\" content=\"https:\/\/sunfixmobile.ee\/toode\/ipad-pro-13-2024-dux-ducis-kaitseklaas\/\" \/>\n<meta property=\"og:site_name\" content=\"CompanySun\" \/>\n<meta property=\"article:publisher\" content=\"https:\/\/www.facebook.com\/sunfixtallinn\" \/>\n<meta property=\"article:modified_time\" content=\"2025-07-03T10:04:09+00:00\" \/>\n<meta property=\"og:image\" content=\"https:\/\/sunfixmobile.ee\/wp-content\/uploads\/2024\/11\/ae5bf0ae5f619b5a76ca7c0ad2bb9509.webp\" \/>\n\t<meta property=\"og:image:width\" content=\"1000\" \/>\n\t<meta property=\"og:image:height\" content=\"1000\" \/>\n\t<meta property=\"og:image:type\" content=\"image\/webp\" \/>\n<meta name=\"twitter:card\" content=\"summary_large_image\" \/>\n<meta name=\"twitter:label1\" content=\"\u0426\u0435\u043d\u0430\" \/>\n\t<meta name=\"twitter:data1\" content=\"24,90&nbsp;&euro;\" \/>\n\t<meta name=\"twitter:label2\" content=\"\u0414\u043e\u0441\u0442\u0443\u043f\u043d\u043e\u0441\u0442\u044c\" \/>\n\t<meta name=\"twitter:data2\" content=\"\u0412 \u043d\u0430\u043b\u0438\u0447\u0438\u0438\" \/>\n<script type=\"application\/ld+json\" class=\"yoast-schema-graph\">{\"@context\":\"https:\/\/schema.org\",\"@graph\":[{\"@type\":\"WebPage\",\"@id\":\"https:\/\/sunfixmobile.ee\/toode\/ipad-pro-13-2024-dux-ducis-kaitseklaas\/\",\"url\":\"https:\/\/sunfixmobile.ee\/toode\/ipad-pro-13-2024-dux-ducis-kaitseklaas\/\",\"name\":\"IPad Pro 13 (2024) DUX DUCIS kaitseklaas - CompanySun\",\"isPartOf\":{\"@id\":\"https:\/\/sunfixmobile.ee\/#website\"},\"primaryImageOfPage\":{\"@id\":\"https:\/\/sunfixmobile.ee\/toode\/ipad-pro-13-2024-dux-ducis-kaitseklaas\/#primaryimage\"},\"image\":{\"@id\":\"https:\/\/sunfixmobile.ee\/toode\/ipad-pro-13-2024-dux-ducis-kaitseklaas\/#primaryimage\"},\"thumbnailUrl\":\"https:\/\/sunfixmobile.ee\/wp-content\/uploads\/2024\/11\/ae5bf0ae5f619b5a76ca7c0ad2bb9509.webp\",\"datePublished\":\"2024-11-13T13:39:34+00:00\",\"dateModified\":\"2025-07-03T10:04:09+00:00\",\"breadcrumb\":{\"@id\":\"https:\/\/sunfixmobile.ee\/toode\/ipad-pro-13-2024-dux-ducis-kaitseklaas\/#breadcrumb\"},\"inLanguage\":\"ru-RU\",\"potentialAction\":[{\"@type\":\"ReadAction\",\"target\":[\"https:\/\/sunfixmobile.ee\/toode\/ipad-pro-13-2024-dux-ducis-kaitseklaas\/\"]}]},{\"@type\":\"ImageObject\",\"inLanguage\":\"ru-RU\",\"@id\":\"https:\/\/sunfixmobile.ee\/toode\/ipad-pro-13-2024-dux-ducis-kaitseklaas\/#primaryimage\",\"url\":\"https:\/\/sunfixmobile.ee\/wp-content\/uploads\/2024\/11\/ae5bf0ae5f619b5a76ca7c0ad2bb9509.webp\",\"contentUrl\":\"https:\/\/sunfixmobile.ee\/wp-content\/uploads\/2024\/11\/ae5bf0ae5f619b5a76ca7c0ad2bb9509.webp\",\"width\":1000,\"height\":1000,\"caption\":\"ae5bf0ae5f619b5a76ca7c0ad2bb9509.\"},{\"@type\":\"BreadcrumbList\",\"@id\":\"https:\/\/sunfixmobile.ee\/toode\/ipad-pro-13-2024-dux-ducis-kaitseklaas\/#breadcrumb\",\"itemListElement\":[{\"@type\":\"ListItem\",\"position\":1,\"name\":\"Home\",\"item\":\"https:\/\/sunfixmobile.ee\/ru\/\"},{\"@type\":\"ListItem\",\"position\":2,\"name\":\"\u0412\u0441\u0435 \u0442\u043e\u0432\u0430\u0440\u044b\",\"item\":\"https:\/\/sunfixmobile.ee\/ru\/magazin\/\"},{\"@type\":\"ListItem\",\"position\":3,\"name\":\"IPad Pro 13 (2024) DUX DUCIS kaitseklaas\"}]},{\"@type\":\"WebSite\",\"@id\":\"https:\/\/sunfixmobile.ee\/#website\",\"url\":\"https:\/\/sunfixmobile.ee\/\",\"name\":\"CompanySun\",\"description\":\"\",\"publisher\":{\"@id\":\"https:\/\/sunfixmobile.ee\/#organization\"},\"potentialAction\":[{\"@type\":\"SearchAction\",\"target\":{\"@type\":\"EntryPoint\",\"urlTemplate\":\"https:\/\/sunfixmobile.ee\/?s={search_term_string}\"},\"query-input\":{\"@type\":\"PropertyValueSpecification\",\"valueRequired\":true,\"valueName\":\"search_term_string\"}}],\"inLanguage\":\"ru-RU\"},{\"@type\":\"Organization\",\"@id\":\"https:\/\/sunfixmobile.ee\/#organization\",\"name\":\"CompanySun O\u00dc\",\"url\":\"https:\/\/sunfixmobile.ee\/\",\"logo\":{\"@type\":\"ImageObject\",\"inLanguage\":\"ru-RU\",\"@id\":\"https:\/\/sunfixmobile.ee\/#\/schema\/logo\/image\/\",\"url\":\"https:\/\/sunfixmobile.ee\/wp-content\/uploads\/2022\/05\/logo.png\",\"contentUrl\":\"https:\/\/sunfixmobile.ee\/wp-content\/uploads\/2022\/05\/logo.png\",\"width\":257,\"height\":85,\"caption\":\"CompanySun O\u00dc\"},\"image\":{\"@id\":\"https:\/\/sunfixmobile.ee\/#\/schema\/logo\/image\/\"},\"sameAs\":[\"https:\/\/www.facebook.com\/sunfixtallinn\",\"https:\/\/www.instagram.com\/sunfix_eesti\/\"]}]}<\/script>\n<meta property=\"product:price:amount\" content=\"24.90\" \/>\n<meta property=\"product:price:currency\" content=\"EUR\" \/>\n<meta property=\"og:availability\" content=\"instock\" \/>\n<meta property=\"product:availability\" content=\"instock\" \/>\n<meta property=\"product:retailer_item_id\" content=\"6934913005170\" \/>\n<meta property=\"product:condition\" content=\"new\" \/>\n<!-- \/ Yoast SEO plugin. -->","yoast_head_json":{"title":"IPad Pro 13 (2024) DUX DUCIS kaitseklaas - CompanySun","robots":{"index":"index","follow":"follow","max-snippet":"max-snippet:-1","max-image-preview":"max-image-preview:large","max-video-preview":"max-video-preview:-1"},"canonical":"https:\/\/sunfixmobile.ee\/toode\/ipad-pro-13-2024-dux-ducis-kaitseklaas\/","og_locale":"ru_RU","og_type":"article","og_title":"IPad Pro 13 (2024) DUX DUCIS kaitseklaas - CompanySun","og_description":"Dux Ducis Naad on uuenduslik LCD-ekraani kaitsekate, mis muudab teie tahvelarvuti ekraaniga suhtlemise p\u00f6\u00f6rde. Selle ainulaadne paberitaoline struktuur annab kasutajatele ainulaadse kogemuse, mis sarnaneb p\u00e4ris paberile kirjutamisele v\u00f5i joonistamisele. T\u00e4nu kergelt matile pinnale ja spetsiaalsele kattele ei kaitse kaitse mitte ainult ekraani, vaid ei kahjusta pliiatsi k\u00e4epidet, tagades sujuva ja t\u00e4pse liikumise. Dux Ducis Naad...","og_url":"https:\/\/sunfixmobile.ee\/toode\/ipad-pro-13-2024-dux-ducis-kaitseklaas\/","og_site_name":"CompanySun","article_publisher":"https:\/\/www.facebook.com\/sunfixtallinn","article_modified_time":"2025-07-03T10:04:09+00:00","og_image":[{"width":1000,"height":1000,"url":"https:\/\/sunfixmobile.ee\/wp-content\/uploads\/2024\/11\/ae5bf0ae5f619b5a76ca7c0ad2bb9509.webp","type":"image\/webp"}],"twitter_card":"summary_large_image","twitter_misc":{"\u0426\u0435\u043d\u0430":"24,90&nbsp;&euro;","\u0414\u043e\u0441\u0442\u0443\u043f\u043d\u043e\u0441\u0442\u044c":"\u0412 \u043d\u0430\u043b\u0438\u0447\u0438\u0438"},"schema":{"@context":"https:\/\/schema.org","@graph":[{"@type":"WebPage","@id":"https:\/\/sunfixmobile.ee\/toode\/ipad-pro-13-2024-dux-ducis-kaitseklaas\/","url":"https:\/\/sunfixmobile.ee\/toode\/ipad-pro-13-2024-dux-ducis-kaitseklaas\/","name":"IPad Pro 13 (2024) DUX DUCIS kaitseklaas - CompanySun","isPartOf":{"@id":"https:\/\/sunfixmobile.ee\/#website"},"primaryImageOfPage":{"@id":"https:\/\/sunfixmobile.ee\/toode\/ipad-pro-13-2024-dux-ducis-kaitseklaas\/#primaryimage"},"image":{"@id":"https:\/\/sunfixmobile.ee\/toode\/ipad-pro-13-2024-dux-ducis-kaitseklaas\/#primaryimage"},"thumbnailUrl":"https:\/\/sunfixmobile.ee\/wp-content\/uploads\/2024\/11\/ae5bf0ae5f619b5a76ca7c0ad2bb9509.webp","datePublished":"2024-11-13T13:39:34+00:00","dateModified":"2025-07-03T10:04:09+00:00","breadcrumb":{"@id":"https:\/\/sunfixmobile.ee\/toode\/ipad-pro-13-2024-dux-ducis-kaitseklaas\/#breadcrumb"},"inLanguage":"ru-RU","potentialAction":[{"@type":"ReadAction","target":["https:\/\/sunfixmobile.ee\/toode\/ipad-pro-13-2024-dux-ducis-kaitseklaas\/"]}]},{"@type":"ImageObject","inLanguage":"ru-RU","@id":"https:\/\/sunfixmobile.ee\/toode\/ipad-pro-13-2024-dux-ducis-kaitseklaas\/#primaryimage","url":"https:\/\/sunfixmobile.ee\/wp-content\/uploads\/2024\/11\/ae5bf0ae5f619b5a76ca7c0ad2bb9509.webp","contentUrl":"https:\/\/sunfixmobile.ee\/wp-content\/uploads\/2024\/11\/ae5bf0ae5f619b5a76ca7c0ad2bb9509.webp","width":1000,"height":1000,"caption":"ae5bf0ae5f619b5a76ca7c0ad2bb9509."},{"@type":"BreadcrumbList","@id":"https:\/\/sunfixmobile.ee\/toode\/ipad-pro-13-2024-dux-ducis-kaitseklaas\/#breadcrumb","itemListElement":[{"@type":"ListItem","position":1,"name":"Home","item":"https:\/\/sunfixmobile.ee\/ru\/"},{"@type":"ListItem","position":2,"name":"\u0412\u0441\u0435 \u0442\u043e\u0432\u0430\u0440\u044b","item":"https:\/\/sunfixmobile.ee\/ru\/magazin\/"},{"@type":"ListItem","position":3,"name":"IPad Pro 13 (2024) DUX DUCIS kaitseklaas"}]},{"@type":"WebSite","@id":"https:\/\/sunfixmobile.ee\/#website","url":"https:\/\/sunfixmobile.ee\/","name":"CompanySun","description":"","publisher":{"@id":"https:\/\/sunfixmobile.ee\/#organization"},"potentialAction":[{"@type":"SearchAction","target":{"@type":"EntryPoint","urlTemplate":"https:\/\/sunfixmobile.ee\/?s={search_term_string}"},"query-input":{"@type":"PropertyValueSpecification","valueRequired":true,"valueName":"search_term_string"}}],"inLanguage":"ru-RU"},{"@type":"Organization","@id":"https:\/\/sunfixmobile.ee\/#organization","name":"CompanySun O\u00dc","url":"https:\/\/sunfixmobile.ee\/","logo":{"@type":"ImageObject","inLanguage":"ru-RU","@id":"https:\/\/sunfixmobile.ee\/#\/schema\/logo\/image\/","url":"https:\/\/sunfixmobile.ee\/wp-content\/uploads\/2022\/05\/logo.png","contentUrl":"https:\/\/sunfixmobile.ee\/wp-content\/uploads\/2022\/05\/logo.png","width":257,"height":85,"caption":"CompanySun O\u00dc"},"image":{"@id":"https:\/\/sunfixmobile.ee\/#\/schema\/logo\/image\/"},"sameAs":["https:\/\/www.facebook.com\/sunfixtallinn","https:\/\/www.instagram.com\/sunfix_eesti\/"]}]},"product_price_amount":"24.90","product_price_currency":"EUR","og_availability":"instock","product_availability":"instock","product_retailer_item_id":"6934913005170","product_condition":"new"},"_links":{"self":[{"href":"https:\/\/sunfixmobile.ee\/ru\/wp-json\/wp\/v2\/product\/14129","targetHints":{"allow":["GET"]}}],"collection":[{"href":"https:\/\/sunfixmobile.ee\/ru\/wp-json\/wp\/v2\/product"}],"about":[{"href":"https:\/\/sunfixmobile.ee\/ru\/wp-json\/wp\/v2\/types\/product"}],"wp:featuredmedia":[{"embeddable":true,"href":"https:\/\/sunfixmobile.ee\/ru\/wp-json\/wp\/v2\/media\/14125"}],"wp:attachment":[{"href":"https:\/\/sunfixmobile.ee\/ru\/wp-json\/wp\/v2\/media?parent=14129"}],"wp:term":[{"taxonomy":"product_brand","embeddable":true,"href":"https:\/\/sunfixmobile.ee\/ru\/wp-json\/wp\/v2\/product_brand?post=14129"},{"taxonomy":"product_cat","embeddable":true,"href":"https:\/\/sunfixmobile.ee\/ru\/wp-json\/wp\/v2\/product_cat?post=14129"},{"taxonomy":"product_tag","embeddable":true,"href":"https:\/\/sunfixmobile.ee\/ru\/wp-json\/wp\/v2\/product_tag?post=14129"}],"curies":[{"name":"wp","href":"https:\/\/api.w.org\/{rel}","templated":true}]}}