{"id":14115,"date":"2024-11-13T13:39:30","date_gmt":"2024-11-13T13:39:30","guid":{"rendered":"https:\/\/sunfixmobile.ee\/toode\/hoco-upa26-aux-jack-35-mm-jack-35-mm-1m-must\/"},"modified":"2025-07-03T10:04:32","modified_gmt":"2025-07-03T10:04:32","slug":"hoco-upa26-aux-jack-35-mm-jack-35-mm-1m-must","status":"publish","type":"product","link":"https:\/\/sunfixmobile.ee\/ru\/tovar\/hoco-upa26-aux-jack-35-mm-jack-35-mm-1m-must\/","title":{"rendered":"HOCO UPA26 AUX Jack 3,5 mm &#8212; Jack 3,5 mm 1m must"},"content":{"rendered":"<p>Moodne helikaabel HOCO UPA26. See on ideaalne lahendus kaasaskantavate heliseadmete nagu nutitelefonid, tahvelarvutid, MP3- ja MP4-m\u00e4ngijad, autostereod, kaasaskantavad k\u00f5larid \u00fchendamiseks.<\/p>\n<p>Vastupidavast materjalist valmistatud AUX-kaabel on kahjustuste suhtes vastupidav ja tagab pikaajalise kasutamise. Optimaalne kaabli pikkus (1 m) tagab mugavuse ja mugavuse toote kasutamisel.<\/p>\n<p>Toode \u00fchildub seadmetega, mis on varustatud Mini Jack 3,5 mm pistikupesaga.<\/p>\n<p>Spetsifikatsioon:<br \/>\u00dchendused: Mini Jack 3,5 mm \u2013 Mini Jack 3,5 mm<br \/>Materjal: metallist nailonpunutis<br \/>Pikkus: 1 m<br \/>Kaal: 18 g<\/p>\n","protected":false},"excerpt":{"rendered":"<p>Moodne helikaabel HOCO UPA26. See on ideaalne lahendus kaasaskantavate heliseadmete nagu nutitelefonid, tahvelarvutid, MP3- ja MP4-m\u00e4ngijad, autostereod, kaasaskantavad k\u00f5larid \u00fchendamiseks. Vastupidavast materjalist valmistatud AUX-kaabel on kahjustuste suhtes vastupidav ja tagab pikaajalise kasutamise. Optimaalne kaabli pikkus (1 m) tagab mugavuse ja mugavuse toote kasutamisel. Toode \u00fchildub seadmetega, mis on varustatud Mini Jack 3,5 mm pistikupesaga. Spetsifikatsioon:\u00dchendused:&#8230;<\/p>\n","protected":false},"featured_media":14111,"template":"","meta":[],"product_brand":[],"product_cat":[1264],"product_tag":[],"class_list":{"0":"post-14115","1":"product","2":"type-product","3":"status-publish","4":"has-post-thumbnail","6":"product_cat-audio-ja-video-juhtmed","8":"first","9":"instock","10":"taxable","11":"shipping-taxable","12":"purchasable","13":"product-type-simple"},"yoast_head":"<!-- This site is optimized with the Yoast SEO plugin v27.2 - https:\/\/yoast.com\/product\/yoast-seo-wordpress\/ -->\n<title>HOCO UPA26 AUX Jack 3,5 mm - Jack 3,5 mm 1m must - CompanySun<\/title>\n<meta name=\"robots\" content=\"index, follow, max-snippet:-1, max-image-preview:large, max-video-preview:-1\" \/>\n<link rel=\"canonical\" href=\"https:\/\/sunfixmobile.ee\/toode\/hoco-upa26-aux-jack-35-mm-jack-35-mm-1m-must\/\" \/>\n<meta property=\"og:locale\" content=\"ru_RU\" \/>\n<meta property=\"og:type\" content=\"article\" \/>\n<meta property=\"og:title\" content=\"HOCO UPA26 AUX Jack 3,5 mm - Jack 3,5 mm 1m must - CompanySun\" \/>\n<meta property=\"og:description\" content=\"Moodne helikaabel HOCO UPA26. See on ideaalne lahendus kaasaskantavate heliseadmete nagu nutitelefonid, tahvelarvutid, MP3- ja MP4-m\u00e4ngijad, autostereod, kaasaskantavad k\u00f5larid \u00fchendamiseks. Vastupidavast materjalist valmistatud AUX-kaabel on kahjustuste suhtes vastupidav ja tagab pikaajalise kasutamise. Optimaalne kaabli pikkus (1 m) tagab mugavuse ja mugavuse toote kasutamisel. Toode \u00fchildub seadmetega, mis on varustatud Mini Jack 3,5 mm pistikupesaga. Spetsifikatsioon:\u00dchendused:...\" \/>\n<meta property=\"og:url\" content=\"https:\/\/sunfixmobile.ee\/toode\/hoco-upa26-aux-jack-35-mm-jack-35-mm-1m-must\/\" \/>\n<meta property=\"og:site_name\" content=\"CompanySun\" \/>\n<meta property=\"article:publisher\" content=\"https:\/\/www.facebook.com\/sunfixtallinn\" \/>\n<meta property=\"article:modified_time\" content=\"2025-07-03T10:04:32+00:00\" \/>\n<meta property=\"og:image\" content=\"https:\/\/sunfixmobile.ee\/wp-content\/uploads\/2022\/05\/1.jpg\" \/>\n\t<meta property=\"og:image:width\" content=\"2000\" \/>\n\t<meta property=\"og:image:height\" content=\"1335\" \/>\n\t<meta property=\"og:image:type\" content=\"image\/jpeg\" \/>\n<meta name=\"twitter:card\" content=\"summary_large_image\" \/>\n<meta name=\"twitter:label1\" content=\"\u0426\u0435\u043d\u0430\" \/>\n\t<meta name=\"twitter:data1\" content=\"10,90&nbsp;&euro;\" \/>\n\t<meta name=\"twitter:label2\" content=\"\u0414\u043e\u0441\u0442\u0443\u043f\u043d\u043e\u0441\u0442\u044c\" \/>\n\t<meta name=\"twitter:data2\" content=\"\u0412 \u043d\u0430\u043b\u0438\u0447\u0438\u0438\" \/>\n<script type=\"application\/ld+json\" class=\"yoast-schema-graph\">{\"@context\":\"https:\/\/schema.org\",\"@graph\":[{\"@type\":\"WebPage\",\"@id\":\"https:\/\/sunfixmobile.ee\/toode\/hoco-upa26-aux-jack-35-mm-jack-35-mm-1m-must\/\",\"url\":\"https:\/\/sunfixmobile.ee\/toode\/hoco-upa26-aux-jack-35-mm-jack-35-mm-1m-must\/\",\"name\":\"HOCO UPA26 AUX Jack 3,5 mm - Jack 3,5 mm 1m must - CompanySun\",\"isPartOf\":{\"@id\":\"https:\/\/sunfixmobile.ee\/#website\"},\"primaryImageOfPage\":{\"@id\":\"https:\/\/sunfixmobile.ee\/toode\/hoco-upa26-aux-jack-35-mm-jack-35-mm-1m-must\/#primaryimage\"},\"image\":{\"@id\":\"https:\/\/sunfixmobile.ee\/toode\/hoco-upa26-aux-jack-35-mm-jack-35-mm-1m-must\/#primaryimage\"},\"thumbnailUrl\":\"https:\/\/sunfixmobile.ee\/wp-content\/uploads\/2024\/11\/959d846ef957bd06261d2d2ba9739c98.webp\",\"datePublished\":\"2024-11-13T13:39:30+00:00\",\"dateModified\":\"2025-07-03T10:04:32+00:00\",\"breadcrumb\":{\"@id\":\"https:\/\/sunfixmobile.ee\/toode\/hoco-upa26-aux-jack-35-mm-jack-35-mm-1m-must\/#breadcrumb\"},\"inLanguage\":\"ru-RU\",\"potentialAction\":[{\"@type\":\"ReadAction\",\"target\":[\"https:\/\/sunfixmobile.ee\/toode\/hoco-upa26-aux-jack-35-mm-jack-35-mm-1m-must\/\"]}]},{\"@type\":\"ImageObject\",\"inLanguage\":\"ru-RU\",\"@id\":\"https:\/\/sunfixmobile.ee\/toode\/hoco-upa26-aux-jack-35-mm-jack-35-mm-1m-must\/#primaryimage\",\"url\":\"https:\/\/sunfixmobile.ee\/wp-content\/uploads\/2024\/11\/959d846ef957bd06261d2d2ba9739c98.webp\",\"contentUrl\":\"https:\/\/sunfixmobile.ee\/wp-content\/uploads\/2024\/11\/959d846ef957bd06261d2d2ba9739c98.webp\",\"width\":1000,\"height\":1000,\"caption\":\"959d846ef957bd06261d2d2ba9739c98.\"},{\"@type\":\"BreadcrumbList\",\"@id\":\"https:\/\/sunfixmobile.ee\/toode\/hoco-upa26-aux-jack-35-mm-jack-35-mm-1m-must\/#breadcrumb\",\"itemListElement\":[{\"@type\":\"ListItem\",\"position\":1,\"name\":\"Home\",\"item\":\"https:\/\/sunfixmobile.ee\/ru\/\"},{\"@type\":\"ListItem\",\"position\":2,\"name\":\"\u0412\u0441\u0435 \u0442\u043e\u0432\u0430\u0440\u044b\",\"item\":\"https:\/\/sunfixmobile.ee\/ru\/magazin\/\"},{\"@type\":\"ListItem\",\"position\":3,\"name\":\"HOCO UPA26 AUX Jack 3,5 mm &#8211; Jack 3,5 mm 1m must\"}]},{\"@type\":\"WebSite\",\"@id\":\"https:\/\/sunfixmobile.ee\/#website\",\"url\":\"https:\/\/sunfixmobile.ee\/\",\"name\":\"CompanySun\",\"description\":\"\",\"publisher\":{\"@id\":\"https:\/\/sunfixmobile.ee\/#organization\"},\"potentialAction\":[{\"@type\":\"SearchAction\",\"target\":{\"@type\":\"EntryPoint\",\"urlTemplate\":\"https:\/\/sunfixmobile.ee\/?s={search_term_string}\"},\"query-input\":{\"@type\":\"PropertyValueSpecification\",\"valueRequired\":true,\"valueName\":\"search_term_string\"}}],\"inLanguage\":\"ru-RU\"},{\"@type\":\"Organization\",\"@id\":\"https:\/\/sunfixmobile.ee\/#organization\",\"name\":\"CompanySun O\u00dc\",\"url\":\"https:\/\/sunfixmobile.ee\/\",\"logo\":{\"@type\":\"ImageObject\",\"inLanguage\":\"ru-RU\",\"@id\":\"https:\/\/sunfixmobile.ee\/#\/schema\/logo\/image\/\",\"url\":\"https:\/\/sunfixmobile.ee\/wp-content\/uploads\/2022\/05\/logo.png\",\"contentUrl\":\"https:\/\/sunfixmobile.ee\/wp-content\/uploads\/2022\/05\/logo.png\",\"width\":257,\"height\":85,\"caption\":\"CompanySun O\u00dc\"},\"image\":{\"@id\":\"https:\/\/sunfixmobile.ee\/#\/schema\/logo\/image\/\"},\"sameAs\":[\"https:\/\/www.facebook.com\/sunfixtallinn\",\"https:\/\/www.instagram.com\/sunfix_eesti\/\"]}]}<\/script>\n<meta property=\"product:price:amount\" content=\"10.90\" \/>\n<meta property=\"product:price:currency\" content=\"EUR\" \/>\n<meta property=\"og:availability\" content=\"instock\" \/>\n<meta property=\"product:availability\" content=\"instock\" \/>\n<meta property=\"product:retailer_item_id\" content=\"6942007608800\" \/>\n<meta property=\"product:condition\" content=\"new\" \/>\n<!-- \/ Yoast SEO plugin. -->","yoast_head_json":{"title":"HOCO UPA26 AUX Jack 3,5 mm - Jack 3,5 mm 1m must - CompanySun","robots":{"index":"index","follow":"follow","max-snippet":"max-snippet:-1","max-image-preview":"max-image-preview:large","max-video-preview":"max-video-preview:-1"},"canonical":"https:\/\/sunfixmobile.ee\/toode\/hoco-upa26-aux-jack-35-mm-jack-35-mm-1m-must\/","og_locale":"ru_RU","og_type":"article","og_title":"HOCO UPA26 AUX Jack 3,5 mm - Jack 3,5 mm 1m must - CompanySun","og_description":"Moodne helikaabel HOCO UPA26. See on ideaalne lahendus kaasaskantavate heliseadmete nagu nutitelefonid, tahvelarvutid, MP3- ja MP4-m\u00e4ngijad, autostereod, kaasaskantavad k\u00f5larid \u00fchendamiseks. Vastupidavast materjalist valmistatud AUX-kaabel on kahjustuste suhtes vastupidav ja tagab pikaajalise kasutamise. Optimaalne kaabli pikkus (1 m) tagab mugavuse ja mugavuse toote kasutamisel. Toode \u00fchildub seadmetega, mis on varustatud Mini Jack 3,5 mm pistikupesaga. Spetsifikatsioon:\u00dchendused:...","og_url":"https:\/\/sunfixmobile.ee\/toode\/hoco-upa26-aux-jack-35-mm-jack-35-mm-1m-must\/","og_site_name":"CompanySun","article_publisher":"https:\/\/www.facebook.com\/sunfixtallinn","article_modified_time":"2025-07-03T10:04:32+00:00","og_image":[{"width":2000,"height":1335,"url":"https:\/\/sunfixmobile.ee\/wp-content\/uploads\/2022\/05\/1.jpg","type":"image\/jpeg"}],"twitter_card":"summary_large_image","twitter_misc":{"\u0426\u0435\u043d\u0430":"10,90&nbsp;&euro;","\u0414\u043e\u0441\u0442\u0443\u043f\u043d\u043e\u0441\u0442\u044c":"\u0412 \u043d\u0430\u043b\u0438\u0447\u0438\u0438"},"schema":{"@context":"https:\/\/schema.org","@graph":[{"@type":"WebPage","@id":"https:\/\/sunfixmobile.ee\/toode\/hoco-upa26-aux-jack-35-mm-jack-35-mm-1m-must\/","url":"https:\/\/sunfixmobile.ee\/toode\/hoco-upa26-aux-jack-35-mm-jack-35-mm-1m-must\/","name":"HOCO UPA26 AUX Jack 3,5 mm - Jack 3,5 mm 1m must - CompanySun","isPartOf":{"@id":"https:\/\/sunfixmobile.ee\/#website"},"primaryImageOfPage":{"@id":"https:\/\/sunfixmobile.ee\/toode\/hoco-upa26-aux-jack-35-mm-jack-35-mm-1m-must\/#primaryimage"},"image":{"@id":"https:\/\/sunfixmobile.ee\/toode\/hoco-upa26-aux-jack-35-mm-jack-35-mm-1m-must\/#primaryimage"},"thumbnailUrl":"https:\/\/sunfixmobile.ee\/wp-content\/uploads\/2024\/11\/959d846ef957bd06261d2d2ba9739c98.webp","datePublished":"2024-11-13T13:39:30+00:00","dateModified":"2025-07-03T10:04:32+00:00","breadcrumb":{"@id":"https:\/\/sunfixmobile.ee\/toode\/hoco-upa26-aux-jack-35-mm-jack-35-mm-1m-must\/#breadcrumb"},"inLanguage":"ru-RU","potentialAction":[{"@type":"ReadAction","target":["https:\/\/sunfixmobile.ee\/toode\/hoco-upa26-aux-jack-35-mm-jack-35-mm-1m-must\/"]}]},{"@type":"ImageObject","inLanguage":"ru-RU","@id":"https:\/\/sunfixmobile.ee\/toode\/hoco-upa26-aux-jack-35-mm-jack-35-mm-1m-must\/#primaryimage","url":"https:\/\/sunfixmobile.ee\/wp-content\/uploads\/2024\/11\/959d846ef957bd06261d2d2ba9739c98.webp","contentUrl":"https:\/\/sunfixmobile.ee\/wp-content\/uploads\/2024\/11\/959d846ef957bd06261d2d2ba9739c98.webp","width":1000,"height":1000,"caption":"959d846ef957bd06261d2d2ba9739c98."},{"@type":"BreadcrumbList","@id":"https:\/\/sunfixmobile.ee\/toode\/hoco-upa26-aux-jack-35-mm-jack-35-mm-1m-must\/#breadcrumb","itemListElement":[{"@type":"ListItem","position":1,"name":"Home","item":"https:\/\/sunfixmobile.ee\/ru\/"},{"@type":"ListItem","position":2,"name":"\u0412\u0441\u0435 \u0442\u043e\u0432\u0430\u0440\u044b","item":"https:\/\/sunfixmobile.ee\/ru\/magazin\/"},{"@type":"ListItem","position":3,"name":"HOCO UPA26 AUX Jack 3,5 mm &#8211; Jack 3,5 mm 1m must"}]},{"@type":"WebSite","@id":"https:\/\/sunfixmobile.ee\/#website","url":"https:\/\/sunfixmobile.ee\/","name":"CompanySun","description":"","publisher":{"@id":"https:\/\/sunfixmobile.ee\/#organization"},"potentialAction":[{"@type":"SearchAction","target":{"@type":"EntryPoint","urlTemplate":"https:\/\/sunfixmobile.ee\/?s={search_term_string}"},"query-input":{"@type":"PropertyValueSpecification","valueRequired":true,"valueName":"search_term_string"}}],"inLanguage":"ru-RU"},{"@type":"Organization","@id":"https:\/\/sunfixmobile.ee\/#organization","name":"CompanySun O\u00dc","url":"https:\/\/sunfixmobile.ee\/","logo":{"@type":"ImageObject","inLanguage":"ru-RU","@id":"https:\/\/sunfixmobile.ee\/#\/schema\/logo\/image\/","url":"https:\/\/sunfixmobile.ee\/wp-content\/uploads\/2022\/05\/logo.png","contentUrl":"https:\/\/sunfixmobile.ee\/wp-content\/uploads\/2022\/05\/logo.png","width":257,"height":85,"caption":"CompanySun O\u00dc"},"image":{"@id":"https:\/\/sunfixmobile.ee\/#\/schema\/logo\/image\/"},"sameAs":["https:\/\/www.facebook.com\/sunfixtallinn","https:\/\/www.instagram.com\/sunfix_eesti\/"]}]},"product_price_amount":"10.90","product_price_currency":"EUR","og_availability":"instock","product_availability":"instock","product_retailer_item_id":"6942007608800","product_condition":"new"},"_links":{"self":[{"href":"https:\/\/sunfixmobile.ee\/ru\/wp-json\/wp\/v2\/product\/14115","targetHints":{"allow":["GET"]}}],"collection":[{"href":"https:\/\/sunfixmobile.ee\/ru\/wp-json\/wp\/v2\/product"}],"about":[{"href":"https:\/\/sunfixmobile.ee\/ru\/wp-json\/wp\/v2\/types\/product"}],"wp:featuredmedia":[{"embeddable":true,"href":"https:\/\/sunfixmobile.ee\/ru\/wp-json\/wp\/v2\/media\/14111"}],"wp:attachment":[{"href":"https:\/\/sunfixmobile.ee\/ru\/wp-json\/wp\/v2\/media?parent=14115"}],"wp:term":[{"taxonomy":"product_brand","embeddable":true,"href":"https:\/\/sunfixmobile.ee\/ru\/wp-json\/wp\/v2\/product_brand?post=14115"},{"taxonomy":"product_cat","embeddable":true,"href":"https:\/\/sunfixmobile.ee\/ru\/wp-json\/wp\/v2\/product_cat?post=14115"},{"taxonomy":"product_tag","embeddable":true,"href":"https:\/\/sunfixmobile.ee\/ru\/wp-json\/wp\/v2\/product_tag?post=14115"}],"curies":[{"name":"wp","href":"https:\/\/api.w.org\/{rel}","templated":true}]}}